{"id":6188,"date":"2024-04-11T23:14:39","date_gmt":"2024-04-11T21:14:39","guid":{"rendered":"https:\/\/malinacosmetics.com\/?post_type=product&#038;p=6188"},"modified":"2026-02-19T17:17:07","modified_gmt":"2026-02-19T16:17:07","slug":"medi-peel-mooltox-hyaluron-layer-wrapping-mask","status":"publish","type":"product","link":"https:\/\/malinacosmetics.com\/sr\/\u043f\u0440\u043e\u0438\u0437\u0432\u043e\u0434\/medi-peel-mooltox-hyaluron-layer-wrapping-mask\/","title":{"rendered":"Medi-Peel Mooltox Hyaluron Layer Wrapping Mask"},"content":{"rendered":"<p class=\"translation-block\">Hidratantna film maska za lice Medi-Peel Mooltox Hyaluron Layer Wrapping Mask je dodatni proizvod za ekspresnu negu koji ima za cilj podizanje, hidrataciju i sjaj bez traumatizacije ko\u017ee. Zahvaljujuc\u0301i komponenti dobijenoj od crvenih morskih algi, maska se plastifikuje i stvrdnjava na ko\u017ei. Premaz promovi\u0161e bolju apsorpciju aktivnih komponenti. Hidratantna formula pobolj\u0161ava turgor, izgla\u0111uje bore, daje ko\u017ei zdrav sjaj, ujedna\u010dava teksturu i ton, ne\u017eno zagla\u0111uje grubu ko\u017eu, dajuc\u0301i joj glatkoc\u0301u i svilenkastost. Vidno su\u017eava pore, povec\u0301ava \u010dvrstoc\u0301u i elasti\u010dnost ko\u017ee, obnavlja i \u0161titi ko\u017eu od spolja\u0161njih o\u0161tec\u0301enja, smanjuje znake umora i stresa na licu.<br>\nMaska je pogodna \u010dak i za osetljivu ko\u017eu sklonu iritaciji i crvenilu. Sa sposobno\u0161c\u0301u da snizi temperaturu ko\u017ee lica do 7\u2103, klini\u010dki je dokazano da aktivni sastojci maske smanjuju eritem i nadutost.<br>\nGlavni sastojci:<br>\nCircle Hyaluronic Acid\u2122 je patentirani pobolj\u0161ani oblik hijaluronske kiseline niske molekularne te\u017eine, koja u kombinaciji sa ektoinom i kompleksom ulja (jojoba, suncokret, pirina\u010d) obezbe\u0111uje produ\u017eenu hidrataciju bez rizika od transepidermalnog gubitka vlage. Omek\u0161ava, deluje antioksidativno, ja\u010da i odr\u017eava ko\u017eu elasti\u010dnom.<br>\nPantenol je sna\u017ean antioksidans i antiinflamatorno dejstvo, odli\u010dan hidratant. \u0160titi ko\u017eu od eritema, crvenila i iritacija uzrokovanih UV zra\u010denjem. Pantenol poja\u010dava proizvodnju kolagena, elastina, glikozaminoglikana i glutationa u ko\u017ei.<br>\nKolagen ja\u010da matricu ko\u017ee i izgla\u0111uje bore. Spre\u010dava dehidraciju, odr\u017eavajuc\u0301i ko\u017eu \u010dvrstom i elasti\u010dnom. Pru\u017ea antioksidativnu podr\u0161ku, spre\u010dava oksidativni stres i spre\u010dava fotostarenje.<br>\nNP ceramidi obnavljaju i odr\u017eavaju integritet ko\u017enih barijera, \u0161titec\u0301i epidermis od dehidracije.<br>\nEkstrakt korena Centella asiatica smanjuje aktivnost patogenih bakterija, deluje antiinflamatorno, vla\u017ei i umiruje ko\u017eu. Ja\u010da vaskularni zid, \u0161to ga \u010dini odli\u010dnim za osobe sa rozacejom.<br>\nVolu\ufb01line\u2122 je patentirani aktivni sastojak biljnog porekla koji, zahvaljujuc\u0301i svojoj sposobnosti da akumulira lipide i povec\u0301a zapreminu masnog tkiva u ko\u017ei, vrac\u0301a unutra\u0161nju elasti\u010dnost ko\u017ee i zagla\u0111uje matriks ko\u017ee.<\/p>\n<p><strong><br>Na\u010din upotrebe:<\/strong> Nanesite masku na suvo, o\u010di\u0161c\u0301eno lice. Dr\u017eite 20-30 minuta, a zatim uklonite film sa lica ili isperite toplom vodom.<\/p>\n<p><em><br>Originalna Medi-Peel korejska kozmetika u Srbiji i Crnoj Gori. Visokokvalitetna kuc\u0301na nega lica i tela.<\/em><\/p>\n<hr \/>\n<p><strong><em>Sastojci:<\/em> <\/strong><em>Carbonated Water, Water, Simmondsia Chinensis (Jojoba) Seed Oil, Polyvinyl Alcohol, Methylpropanediol, Butylene Glycol, Caprylic\/Cap Triglyceride, Niacinamid Algin, 1,2-Hexanediol, Polyglyceryl-10 Oleate, Polysorbate 80, Pullulan, Sphingomonas Ferment Extract, Garden Florida Fruit Extract, Centella Asiaca Root Extract, Enana Chlorantha Bark Extract, Anemarrhena Asphodeloides Root Extract, Helianth Annuus (Sun\ufb02ower) Seed Oil, Sodium Hyaluronate, Hydrogenated Lecithin, Oryza Sava (Rice) Bran Oil, Glyceryl Stearate, PEG-100 Stearate, Panthenol, Disteardimonium Hectorite, Sodium Polystyrene Sulfonate, Microcrystalline Cellulose, Ethylhexylglycerin, Tocopher Acetate, Allantoin, Methyl Diisopropyl Propionamide, Adenosine, Dextrin, Cellulose Gum, Sodium Phytate, Glycerin, Sucros Palmitate, Glyceryl Linoleate, Tocopherol, Xylitol, 7-Dehydrocholesterol, Menthyl Lactate, Citric Acid, Ectoin, Polyglutamic Acid, Propanediol, Hydrogenated Polyisobutene, Glyceryl Glucoside, Xylitylglucoside, Collagen, Anhydroxylitol, Glycine, Leuconostoc\/Radish Root Ferment Filtrate, Glutamic Acid, Silica, Arginine, Kaolin, Ceramide NP, Phytosphingosine, Hydroxypropyl Cyclodextrin, Caprylyl Glycol, Acetyl Hexapepde-1, Hydrolyzed Hyaluronic Acid, Hyaluronic Acid, Oleanolic Acid, Ascorbic Acid, Sucrose Distearate, Fragrance<\/em><\/p>","protected":false},"excerpt":{"rendered":"<p>Hidratantna film maska za lice. 70g<\/p>","protected":false},"featured_media":6189,"template":"","meta":{"_acf_changed":false},"product_brand":[],"product_cat":[400,461,462,224,86,231,437,444,353,480,499,296],"product_tag":[514],"class_list":{"0":"post-6188","1":"product","2":"type-product","3":"status-publish","4":"has-post-thumbnail","6":"product_cat-lifting","7":"product_cat-pore","8":"product_cat-dryness","9":"product_cat-antiage","10":"product_cat-moisturizing","11":"product_cat-calming","12":"product_cat-alltypesofskin","13":"product_cat-sensitiveskin","14":"product_cat-masks","15":"product_cat-liftingmask","16":"product_cat-filmmask","17":"product_cat-medi-peel","18":"product_tag-mooltox","20":"first","21":"outofstock","22":"shipping-taxable","23":"purchasable","24":"product-type-simple"},"acf":[],"yoast_head":"<!-- This site is optimized with the Yoast SEO Premium plugin v19.6 (Yoast SEO v20.11) - https:\/\/yoast.com\/wordpress\/plugins\/seo\/ -->\n<title>Medi-Peel Mooltox Hyaluron Layer Wrapping Mask - Malina Beauty Store<\/title>\n<meta name=\"robots\" content=\"index, follow, max-snippet:-1, max-image-preview:large, max-video-preview:-1\" \/>\n<link rel=\"canonical\" href=\"https:\/\/malinacosmetics.com\/sr\/\u043f\u0440\u043e\u0438\u0437\u0432\u043e\u0434\/medi-peel-mooltox-hyaluron-layer-wrapping-mask\/\" \/>\n<meta property=\"og:locale\" content=\"sr_RS\" \/>\n<meta property=\"og:type\" content=\"article\" \/>\n<meta property=\"og:title\" content=\"Medi-Peel Mooltox Hyaluron Layer Wrapping Mask\" \/>\n<meta property=\"og:description\" content=\"\u0423\u0432\u043b\u0430\u0436\u043d\u044f\u044e\u0449\u0430\u044f \u043c\u0430\u0441\u043a\u0430-\u043f\u043b\u0451\u043d\u043a\u0430 \u0434\u043b\u044f \u043b\u0438\u0446\u0430. 70g\" \/>\n<meta property=\"og:url\" content=\"https:\/\/malinacosmetics.com\/sr\/\u043f\u0440\u043e\u0438\u0437\u0432\u043e\u0434\/medi-peel-mooltox-hyaluron-layer-wrapping-mask\/\" \/>\n<meta property=\"og:site_name\" content=\"Malina Beauty Store\" \/>\n<meta property=\"article:publisher\" content=\"https:\/\/www.facebook.com\/MalinaBeautyShopMe\/\" \/>\n<meta property=\"article:modified_time\" content=\"2026-02-19T16:17:07+00:00\" \/>\n<meta property=\"og:image\" content=\"https:\/\/malinacosmetics.com\/wp-content\/uploads\/2024\/04\/Medi-Peel-Mooltox-Hyaluron-Layer-Wrapping-Mask2.jpg\" \/>\n\t<meta property=\"og:image:width\" content=\"1200\" \/>\n\t<meta property=\"og:image:height\" content=\"1200\" \/>\n\t<meta property=\"og:image:type\" content=\"image\/jpeg\" \/>\n<meta name=\"twitter:card\" content=\"summary_large_image\" \/>\n<script type=\"application\/ld+json\" class=\"yoast-schema-graph\">{\"@context\":\"https:\/\/schema.org\",\"@graph\":[{\"@type\":[\"WebPage\",\"ItemPage\"],\"@id\":\"https:\/\/malinacosmetics.com\/product\/medi-peel-mooltox-hyaluron-layer-wrapping-mask\/\",\"url\":\"https:\/\/malinacosmetics.com\/product\/medi-peel-mooltox-hyaluron-layer-wrapping-mask\/\",\"name\":\"Medi-Peel Mooltox Hyaluron Layer Wrapping Mask - Malina Beauty Store\",\"isPartOf\":{\"@id\":\"https:\/\/malinacosmetics.com\/#website\"},\"datePublished\":\"2024-04-11T21:14:39+00:00\",\"dateModified\":\"2026-02-19T16:17:07+00:00\",\"breadcrumb\":{\"@id\":\"https:\/\/malinacosmetics.com\/product\/medi-peel-mooltox-hyaluron-layer-wrapping-mask\/#breadcrumb\"},\"inLanguage\":\"sr-RS\",\"potentialAction\":[{\"@type\":\"ReadAction\",\"target\":[\"https:\/\/malinacosmetics.com\/product\/medi-peel-mooltox-hyaluron-layer-wrapping-mask\/\"]}]},{\"@type\":\"BreadcrumbList\",\"@id\":\"https:\/\/malinacosmetics.com\/product\/medi-peel-mooltox-hyaluron-layer-wrapping-mask\/#breadcrumb\",\"itemListElement\":[{\"@type\":\"ListItem\",\"position\":1,\"name\":\"\u0413\u043b\u0430\u0432\u043d\u0430\u044f \u0441\u0442\u0440\u0430\u043d\u0438\u0446\u0430\",\"item\":\"https:\/\/malinacosmetics.com\/\"},{\"@type\":\"ListItem\",\"position\":2,\"name\":\"\u041a\u0430\u0442\u0430\u043b\u043e\u0433\",\"item\":\"https:\/\/malinacosmetics.com\/sr\/shop\/\"},{\"@type\":\"ListItem\",\"position\":3,\"name\":\"Medi-Peel Mooltox Hyaluron Layer Wrapping Mask\"}]},{\"@type\":\"WebSite\",\"@id\":\"https:\/\/malinacosmetics.com\/#website\",\"url\":\"https:\/\/malinacosmetics.com\/\",\"name\":\"Malina Beauty Store\",\"description\":\"Prodaja korejske kozmetike za Crnu Goru\",\"publisher\":{\"@id\":\"https:\/\/malinacosmetics.com\/#organization\"},\"potentialAction\":[{\"@type\":\"SearchAction\",\"target\":{\"@type\":\"EntryPoint\",\"urlTemplate\":\"https:\/\/malinacosmetics.com\/?s={search_term_string}\"},\"query-input\":\"required name=search_term_string\"}],\"inLanguage\":\"sr-RS\"},{\"@type\":\"Organization\",\"@id\":\"https:\/\/malinacosmetics.com\/#organization\",\"name\":\"malinacosmetics\",\"url\":\"https:\/\/malinacosmetics.com\/\",\"logo\":{\"@type\":\"ImageObject\",\"inLanguage\":\"sr-RS\",\"@id\":\"https:\/\/malinacosmetics.com\/#\/schema\/logo\/image\/\",\"url\":\"https:\/\/malinacosmetics.com\/wp-content\/uploads\/2021\/07\/logo.png\",\"contentUrl\":\"https:\/\/malinacosmetics.com\/wp-content\/uploads\/2021\/07\/logo.png\",\"width\":500,\"height\":353,\"caption\":\"malinacosmetics\"},\"image\":{\"@id\":\"https:\/\/malinacosmetics.com\/#\/schema\/logo\/image\/\"},\"sameAs\":[\"https:\/\/www.facebook.com\/MalinaBeautyShopMe\/\"]}]}<\/script>\n<meta property=\"product:brand\" content=\"simple\" \/>\n<meta property=\"product:price:amount\" content=\"35.00\" \/>\n<meta property=\"product:price:currency\" content=\"EUR\" \/>\n<meta property=\"og:availability\" content=\"out of stock\" \/>\n<meta property=\"product:availability\" content=\"out of stock\" \/>\n<meta property=\"product:condition\" content=\"new\" \/>\n<!-- \/ Yoast SEO Premium plugin. -->","yoast_head_json":{"title":"Medi-Peel Mooltox Hyaluron Layer Wrapping Mask - Malina Beauty Store","robots":{"index":"index","follow":"follow","max-snippet":"max-snippet:-1","max-image-preview":"max-image-preview:large","max-video-preview":"max-video-preview:-1"},"canonical":"https:\/\/malinacosmetics.com\/sr\/\u043f\u0440\u043e\u0438\u0437\u0432\u043e\u0434\/medi-peel-mooltox-hyaluron-layer-wrapping-mask\/","og_locale":"sr_RS","og_type":"article","og_title":"Medi-Peel Mooltox Hyaluron Layer Wrapping Mask","og_description":"\u0423\u0432\u043b\u0430\u0436\u043d\u044f\u044e\u0449\u0430\u044f \u043c\u0430\u0441\u043a\u0430-\u043f\u043b\u0451\u043d\u043a\u0430 \u0434\u043b\u044f \u043b\u0438\u0446\u0430. 70g","og_url":"https:\/\/malinacosmetics.com\/sr\/\u043f\u0440\u043e\u0438\u0437\u0432\u043e\u0434\/medi-peel-mooltox-hyaluron-layer-wrapping-mask\/","og_site_name":"Malina Beauty Store","article_publisher":"https:\/\/www.facebook.com\/MalinaBeautyShopMe\/","article_modified_time":"2026-02-19T16:17:07+00:00","og_image":[{"width":1200,"height":1200,"url":"https:\/\/malinacosmetics.com\/wp-content\/uploads\/2024\/04\/Medi-Peel-Mooltox-Hyaluron-Layer-Wrapping-Mask2.jpg","type":"image\/jpeg"}],"twitter_card":"summary_large_image","schema":{"@context":"https:\/\/schema.org","@graph":[{"@type":["WebPage","ItemPage"],"@id":"https:\/\/malinacosmetics.com\/product\/medi-peel-mooltox-hyaluron-layer-wrapping-mask\/","url":"https:\/\/malinacosmetics.com\/product\/medi-peel-mooltox-hyaluron-layer-wrapping-mask\/","name":"Medi-Peel Mooltox Hyaluron Layer Wrapping Mask - Malina Beauty Store","isPartOf":{"@id":"https:\/\/malinacosmetics.com\/#website"},"datePublished":"2024-04-11T21:14:39+00:00","dateModified":"2026-02-19T16:17:07+00:00","breadcrumb":{"@id":"https:\/\/malinacosmetics.com\/product\/medi-peel-mooltox-hyaluron-layer-wrapping-mask\/#breadcrumb"},"inLanguage":"sr-RS","potentialAction":[{"@type":"ReadAction","target":["https:\/\/malinacosmetics.com\/product\/medi-peel-mooltox-hyaluron-layer-wrapping-mask\/"]}]},{"@type":"BreadcrumbList","@id":"https:\/\/malinacosmetics.com\/product\/medi-peel-mooltox-hyaluron-layer-wrapping-mask\/#breadcrumb","itemListElement":[{"@type":"ListItem","position":1,"name":"\u0413\u043b\u0430\u0432\u043d\u0430\u044f \u0441\u0442\u0440\u0430\u043d\u0438\u0446\u0430","item":"https:\/\/malinacosmetics.com\/"},{"@type":"ListItem","position":2,"name":"\u041a\u0430\u0442\u0430\u043b\u043e\u0433","item":"https:\/\/malinacosmetics.com\/sr\/shop\/"},{"@type":"ListItem","position":3,"name":"Medi-Peel Mooltox Hyaluron Layer Wrapping Mask"}]},{"@type":"WebSite","@id":"https:\/\/malinacosmetics.com\/#website","url":"https:\/\/malinacosmetics.com\/","name":"Malina Beauty Store","description":"Prodaja korejske kozmetike za Crnu Goru","publisher":{"@id":"https:\/\/malinacosmetics.com\/#organization"},"potentialAction":[{"@type":"SearchAction","target":{"@type":"EntryPoint","urlTemplate":"https:\/\/malinacosmetics.com\/?s={search_term_string}"},"query-input":"required name=search_term_string"}],"inLanguage":"sr-RS"},{"@type":"Organization","@id":"https:\/\/malinacosmetics.com\/#organization","name":"malinacosmetics","url":"https:\/\/malinacosmetics.com\/","logo":{"@type":"ImageObject","inLanguage":"sr-RS","@id":"https:\/\/malinacosmetics.com\/#\/schema\/logo\/image\/","url":"https:\/\/malinacosmetics.com\/wp-content\/uploads\/2021\/07\/logo.png","contentUrl":"https:\/\/malinacosmetics.com\/wp-content\/uploads\/2021\/07\/logo.png","width":500,"height":353,"caption":"malinacosmetics"},"image":{"@id":"https:\/\/malinacosmetics.com\/#\/schema\/logo\/image\/"},"sameAs":["https:\/\/www.facebook.com\/MalinaBeautyShopMe\/"]}]},"product_brand":"simple","product_price_amount":"35.00","product_price_currency":"EUR","og_availability":"out of stock","product_availability":"out of stock","product_condition":"new"},"jetpack_sharing_enabled":true,"_links":{"self":[{"href":"https:\/\/malinacosmetics.com\/sr\/wp-json\/wp\/v2\/product\/6188","targetHints":{"allow":["GET"]}}],"collection":[{"href":"https:\/\/malinacosmetics.com\/sr\/wp-json\/wp\/v2\/product"}],"about":[{"href":"https:\/\/malinacosmetics.com\/sr\/wp-json\/wp\/v2\/types\/product"}],"wp:featuredmedia":[{"embeddable":true,"href":"https:\/\/malinacosmetics.com\/sr\/wp-json\/wp\/v2\/media\/6189"}],"wp:attachment":[{"href":"https:\/\/malinacosmetics.com\/sr\/wp-json\/wp\/v2\/media?parent=6188"}],"wp:term":[{"taxonomy":"product_brand","embeddable":true,"href":"https:\/\/malinacosmetics.com\/sr\/wp-json\/wp\/v2\/product_brand?post=6188"},{"taxonomy":"product_cat","embeddable":true,"href":"https:\/\/malinacosmetics.com\/sr\/wp-json\/wp\/v2\/product_cat?post=6188"},{"taxonomy":"product_tag","embeddable":true,"href":"https:\/\/malinacosmetics.com\/sr\/wp-json\/wp\/v2\/product_tag?post=6188"}],"curies":[{"name":"wp","href":"https:\/\/api.w.org\/{rel}","templated":true}]}}