{"id":6133,"date":"2024-03-07T22:43:56","date_gmt":"2024-03-07T21:43:56","guid":{"rendered":"https:\/\/malinacosmetics.com\/?post_type=product&#038;p=6133"},"modified":"2025-09-28T09:07:34","modified_gmt":"2025-09-28T07:07:34","slug":"medi-peel-hyaluron-layer-mooltox-cream","status":"publish","type":"product","link":"https:\/\/malinacosmetics.com\/sr\/\u043f\u0440\u043e\u0438\u0437\u0432\u043e\u0434\/medi-peel-hyaluron-layer-mooltox-cream\/","title":{"rendered":"Medi-Peel Hyaluron Layer Mooltox Cream"},"content":{"rendered":"<p class=\"translation-block\">Ultra hidratantna akva krema Medi-Peel Hyaluronic Acid Layer Mooltox Cream pru\u017ea duboku i dugotrajnu hidrataciju do 100 sati, omek\u0161ava i obnavlja ko\u017eu, spre\u010dava iritaciju i lju\u0161tenje. Zagla\u0111uje teksturu ko\u017ee, spre\u010dava pojavu masnog sjaja izazvanog dehidracijom. Ja\u010da barijeru vlage, ubla\u017eava iritaciju, odr\u017eava \u010dvrstinu i elasti\u010dnost i smanjuje transepidermalni gubitak vlage.<br>\nPosebna kremasta tekstura proizvoda omoguc\u0301ava lako i duboko prodiranje u ko\u017eu, tako da mo\u017eete zaboraviti na problem suvoc\u0301e. Krema je idealna za svakodnevnu upotrebu jer ne za\u010depljuje pore (nekomedogena) i pro\u0161la je testove iritacije ko\u017ee, \u0161to je \u010dini pogodnom \u010dak i za osetljivu ko\u017eu.<br>\nProizvod je kreiran kori\u0161c\u0301enjem lamelarne MLE tehnologije, koja je po strukturi sli\u010dna lipidima ro\u017enatog sloja: ja\u010da hidrolipidni sloj i spre\u010dava isparavanje vlage, a tako\u0111e poma\u017ee aktivnim komponentama da prodire dublje u epidermis.<br>\nFormula sadr\u017ei Circle Hyaluronic Acid\u2122 tehnologiju, koja se sastoji od hijaluronske kiseline zatvorene u posebne kapsule koje imaju malu molekulsku te\u017einu, zbog \u010dega lako prodiru u pore. Dakle, Circle Hyaluronic Acid\u2122 omoguc\u0301ava da se hiluronska kiselina bolje upije u ko\u017ei, radec\u0301i br\u017ee i efikasnije.<\/p>\n<p class=\"translation-block\"><strong>Glavni sastojci:<\/strong><br>\nSkvalan umiruje, vla\u017ei i spre\u010dava isparavanje vlage, hrani i usporava proces starenja.<br>\nEkstrakt listova i cvetova drveta nima le\u010di, ima antiinflamatorno i antisepti\u010dko dejstvo, \u010dini ko\u017eu glatkom i svilenkastom, reguli\u0161e proizvodnju sebuma.<br>\nNiacinamid (vitamin B3) ujedna\u010dava ukupan tonus, pobolj\u0161ava ten, stimuli\u0161e proizvodnju kolagena, posvetljuje, usporava transport melanina u epidermu i ja\u010da hidrolipidni omota\u010d.<br>\nKolagen intenzivno hidrira, poma\u017ee c\u0301elijama da zadr\u017ee vlagu, pobolj\u0161ava teksturu ko\u017ee, stimuli\u0161e procese oporavka i poma\u017ee u izgla\u0111ivanju bora.<br>\nCeramidi su sli\u010dni epidermalnim lipidima: ja\u010daju za\u0161titni hidrolipidni sloj, elimini\u0161u lju\u0161tenje i suvoc\u0301u, spre\u010davaju gubitak vlage i smanjuju osetljivost na spolja\u0161nje iritanse.<br>\nPantenol (vitamin B5) ubla\u017eava crvenilo i svrab, ja\u010da hidrolipidnu barijeru, spre\u010dava isparavanje vlage i podsti\u010de oporavak.<br>\nEkstrakt azijske centele ja\u010da krvne sudove, suzbija upale, poma\u017ee u borbi protiv ekcema i rozacee, spre\u010dava pojavu pau\u010dinastih vena, smanjuje osetljivost.<br>\nSuncokretovo ulje hrani, ja\u010da za\u0161titnu barijeru i ne izaziva za\u010depljenje pora.<br>\nHidrolizovani ekstrakt gardenije je tradicionalni lek orijentalne medicine protiv starenja koji osve\u017eava i pobolj\u0161ava ten. Ima za\u0161titni, regenerativni i antisepti\u010dki efekat.<br>\nUlje pirin\u010danih mekinja zasic\u0301uje esencijalne nutritivne komponente, obnavlja hidro-lipidnu ravnote\u017eu, podmla\u0111uje, omek\u0161ava, vla\u017ei i zasic\u0301uje antioksidansima.<br>\nEktoin je organska aminokiselina koja efikasno \u0161titi od spolja\u0161njih faktora i UV zraka i ima dezinfekciono dejstvo. Kontroli\u0161e proizvodnju melanina i poma\u017ee u osvetljavanju pigmentacije.<\/p>\n<p><strong><br>Na\u010din upotrebe:<\/strong>\u00a0Naneti potrebnu koli\u010dinu kreme kao zavr\u0161ni korak nege.<br><\/p>\n<hr \/>\n<p><strong><em>Sastojci:<\/em> <\/strong><em>Purified water, squalane, glycerin, 1,2-hexanediol, niacinamide, betaine, glyceryl glucoside, panthenol, polyglycerin-3, polymethyl silsesquioxane, neem leaf extract, neem flower Extract, hydrolyzed gardenia extract, centella asiatica root extract, Enantia chlorantha bark extract, thyme root extract, wheat peptide, sodium hyaluronate (200 ppm), rice bran oil, hydrogenated lecithin, sunflower seed oil, ammonium Acryloyl dimethyl taurate\/V picopolymer, arginine, acrylate\/C10-30 alkyl acrylate crosspolymer, glucose, adenosine, maltodextrin, xylitol, butylene glycol, allantoin, ectoin, polyglutamic Acid, hydrogenated polyisobutene, xylityl glucoside, anhydroxylitol, sucrose palmitate, propanediol, glyceryl linoleate, collagen, ceramide NP, tocopherol, leuconostoc\/non-fermented filtrate, hydroxypropylcyclo Dextrin, oleanolic acid, oat peptide, caprylic\/capric triglyceride, soy polypeptide, glycine, glutamic acid, sucrose distearate, phytosphingosine, ethylhexylglycerin.<\/em><\/p>","protected":false},"excerpt":{"rendered":"<p>Ultra hidratantna akva krema protiv suvoc\u0301e. 50g<\/p>","protected":false},"featured_media":6134,"template":"","meta":{"_acf_changed":false},"product_brand":[],"product_cat":[470,461,462,224,86,437,518,443,296],"product_tag":[514],"class_list":{"0":"post-6133","1":"product","2":"type-product","3":"status-publish","4":"has-post-thumbnail","6":"product_cat-facecream","7":"product_cat-pore","8":"product_cat-dryness","9":"product_cat-antiage","10":"product_cat-moisturizing","11":"product_cat-alltypesofskin","12":"product_cat-dehydratedskin","13":"product_cat-dryskin","14":"product_cat-medi-peel","15":"product_tag-mooltox","17":"first","18":"outofstock","19":"shipping-taxable","20":"purchasable","21":"product-type-simple"},"acf":[],"yoast_head":"<!-- This site is optimized with the Yoast SEO Premium plugin v19.6 (Yoast SEO v20.11) - https:\/\/yoast.com\/wordpress\/plugins\/seo\/ -->\n<title>Medi-Peel Hyaluron Layer Mooltox Cream - Malina Beauty Store<\/title>\n<meta name=\"robots\" content=\"index, follow, max-snippet:-1, max-image-preview:large, max-video-preview:-1\" \/>\n<link rel=\"canonical\" href=\"https:\/\/malinacosmetics.com\/sr\/\u043f\u0440\u043e\u0438\u0437\u0432\u043e\u0434\/medi-peel-hyaluron-layer-mooltox-cream\/\" \/>\n<meta property=\"og:locale\" content=\"sr_RS\" \/>\n<meta property=\"og:type\" content=\"article\" \/>\n<meta property=\"og:title\" content=\"Medi-Peel Hyaluron Layer Mooltox Cream\" \/>\n<meta property=\"og:description\" content=\"\u0423\u043b\u044c\u0442\u0440\u0430 \u0443\u0432\u043b\u0430\u0436\u043d\u044f\u044e\u0449\u0438\u0439 \u0430\u043a\u0432\u0430-\u043a\u0440\u0435\u043c \u043f\u0440\u043e\u0442\u0438\u0432 \u0441\u0443\u0445\u043e\u0441\u0442\u0438. 50g\" \/>\n<meta property=\"og:url\" content=\"https:\/\/malinacosmetics.com\/sr\/\u043f\u0440\u043e\u0438\u0437\u0432\u043e\u0434\/medi-peel-hyaluron-layer-mooltox-cream\/\" \/>\n<meta property=\"og:site_name\" content=\"Malina Beauty Store\" \/>\n<meta property=\"article:publisher\" content=\"https:\/\/www.facebook.com\/MalinaBeautyShopMe\/\" \/>\n<meta property=\"article:modified_time\" content=\"2025-09-28T07:07:34+00:00\" \/>\n<meta property=\"og:image\" content=\"https:\/\/malinacosmetics.com\/wp-content\/uploads\/2024\/03\/Medi-Peel-Hyaluron-Layer-Mooltox-Cream.jpg\" \/>\n\t<meta property=\"og:image:width\" content=\"1200\" \/>\n\t<meta property=\"og:image:height\" content=\"1200\" \/>\n\t<meta property=\"og:image:type\" content=\"image\/jpeg\" \/>\n<meta name=\"twitter:card\" content=\"summary_large_image\" \/>\n<script type=\"application\/ld+json\" class=\"yoast-schema-graph\">{\"@context\":\"https:\/\/schema.org\",\"@graph\":[{\"@type\":[\"WebPage\",\"ItemPage\"],\"@id\":\"https:\/\/malinacosmetics.com\/product\/medi-peel-hyaluron-layer-mooltox-cream\/\",\"url\":\"https:\/\/malinacosmetics.com\/product\/medi-peel-hyaluron-layer-mooltox-cream\/\",\"name\":\"Medi-Peel Hyaluron Layer Mooltox Cream - Malina Beauty Store\",\"isPartOf\":{\"@id\":\"https:\/\/malinacosmetics.com\/#website\"},\"datePublished\":\"2024-03-07T21:43:56+00:00\",\"dateModified\":\"2025-09-28T07:07:34+00:00\",\"breadcrumb\":{\"@id\":\"https:\/\/malinacosmetics.com\/product\/medi-peel-hyaluron-layer-mooltox-cream\/#breadcrumb\"},\"inLanguage\":\"sr-RS\",\"potentialAction\":[{\"@type\":\"ReadAction\",\"target\":[\"https:\/\/malinacosmetics.com\/product\/medi-peel-hyaluron-layer-mooltox-cream\/\"]}]},{\"@type\":\"BreadcrumbList\",\"@id\":\"https:\/\/malinacosmetics.com\/product\/medi-peel-hyaluron-layer-mooltox-cream\/#breadcrumb\",\"itemListElement\":[{\"@type\":\"ListItem\",\"position\":1,\"name\":\"\u0413\u043b\u0430\u0432\u043d\u0430\u044f \u0441\u0442\u0440\u0430\u043d\u0438\u0446\u0430\",\"item\":\"https:\/\/malinacosmetics.com\/\"},{\"@type\":\"ListItem\",\"position\":2,\"name\":\"\u041a\u0430\u0442\u0430\u043b\u043e\u0433\",\"item\":\"https:\/\/malinacosmetics.com\/sr\/shop\/\"},{\"@type\":\"ListItem\",\"position\":3,\"name\":\"Medi-Peel Hyaluron Layer Mooltox Cream\"}]},{\"@type\":\"WebSite\",\"@id\":\"https:\/\/malinacosmetics.com\/#website\",\"url\":\"https:\/\/malinacosmetics.com\/\",\"name\":\"Malina Beauty Store\",\"description\":\"Prodaja korejske kozmetike za Crnu Goru\",\"publisher\":{\"@id\":\"https:\/\/malinacosmetics.com\/#organization\"},\"potentialAction\":[{\"@type\":\"SearchAction\",\"target\":{\"@type\":\"EntryPoint\",\"urlTemplate\":\"https:\/\/malinacosmetics.com\/?s={search_term_string}\"},\"query-input\":\"required name=search_term_string\"}],\"inLanguage\":\"sr-RS\"},{\"@type\":\"Organization\",\"@id\":\"https:\/\/malinacosmetics.com\/#organization\",\"name\":\"malinacosmetics\",\"url\":\"https:\/\/malinacosmetics.com\/\",\"logo\":{\"@type\":\"ImageObject\",\"inLanguage\":\"sr-RS\",\"@id\":\"https:\/\/malinacosmetics.com\/#\/schema\/logo\/image\/\",\"url\":\"https:\/\/malinacosmetics.com\/wp-content\/uploads\/2021\/07\/logo.png\",\"contentUrl\":\"https:\/\/malinacosmetics.com\/wp-content\/uploads\/2021\/07\/logo.png\",\"width\":500,\"height\":353,\"caption\":\"malinacosmetics\"},\"image\":{\"@id\":\"https:\/\/malinacosmetics.com\/#\/schema\/logo\/image\/\"},\"sameAs\":[\"https:\/\/www.facebook.com\/MalinaBeautyShopMe\/\"]}]}<\/script>\n<meta property=\"product:brand\" content=\"simple\" \/>\n<meta property=\"product:price:amount\" content=\"26.00\" \/>\n<meta property=\"product:price:currency\" content=\"EUR\" \/>\n<meta property=\"og:availability\" content=\"out of stock\" \/>\n<meta property=\"product:availability\" content=\"out of stock\" \/>\n<meta property=\"product:condition\" content=\"new\" \/>\n<!-- \/ Yoast SEO Premium plugin. -->","yoast_head_json":{"title":"Medi-Peel Hyaluron Layer Mooltox Cream - Malina Beauty Store","robots":{"index":"index","follow":"follow","max-snippet":"max-snippet:-1","max-image-preview":"max-image-preview:large","max-video-preview":"max-video-preview:-1"},"canonical":"https:\/\/malinacosmetics.com\/sr\/\u043f\u0440\u043e\u0438\u0437\u0432\u043e\u0434\/medi-peel-hyaluron-layer-mooltox-cream\/","og_locale":"sr_RS","og_type":"article","og_title":"Medi-Peel Hyaluron Layer Mooltox Cream","og_description":"\u0423\u043b\u044c\u0442\u0440\u0430 \u0443\u0432\u043b\u0430\u0436\u043d\u044f\u044e\u0449\u0438\u0439 \u0430\u043a\u0432\u0430-\u043a\u0440\u0435\u043c \u043f\u0440\u043e\u0442\u0438\u0432 \u0441\u0443\u0445\u043e\u0441\u0442\u0438. 50g","og_url":"https:\/\/malinacosmetics.com\/sr\/\u043f\u0440\u043e\u0438\u0437\u0432\u043e\u0434\/medi-peel-hyaluron-layer-mooltox-cream\/","og_site_name":"Malina Beauty Store","article_publisher":"https:\/\/www.facebook.com\/MalinaBeautyShopMe\/","article_modified_time":"2025-09-28T07:07:34+00:00","og_image":[{"width":1200,"height":1200,"url":"https:\/\/malinacosmetics.com\/wp-content\/uploads\/2024\/03\/Medi-Peel-Hyaluron-Layer-Mooltox-Cream.jpg","type":"image\/jpeg"}],"twitter_card":"summary_large_image","schema":{"@context":"https:\/\/schema.org","@graph":[{"@type":["WebPage","ItemPage"],"@id":"https:\/\/malinacosmetics.com\/product\/medi-peel-hyaluron-layer-mooltox-cream\/","url":"https:\/\/malinacosmetics.com\/product\/medi-peel-hyaluron-layer-mooltox-cream\/","name":"Medi-Peel Hyaluron Layer Mooltox Cream - Malina Beauty Store","isPartOf":{"@id":"https:\/\/malinacosmetics.com\/#website"},"datePublished":"2024-03-07T21:43:56+00:00","dateModified":"2025-09-28T07:07:34+00:00","breadcrumb":{"@id":"https:\/\/malinacosmetics.com\/product\/medi-peel-hyaluron-layer-mooltox-cream\/#breadcrumb"},"inLanguage":"sr-RS","potentialAction":[{"@type":"ReadAction","target":["https:\/\/malinacosmetics.com\/product\/medi-peel-hyaluron-layer-mooltox-cream\/"]}]},{"@type":"BreadcrumbList","@id":"https:\/\/malinacosmetics.com\/product\/medi-peel-hyaluron-layer-mooltox-cream\/#breadcrumb","itemListElement":[{"@type":"ListItem","position":1,"name":"\u0413\u043b\u0430\u0432\u043d\u0430\u044f \u0441\u0442\u0440\u0430\u043d\u0438\u0446\u0430","item":"https:\/\/malinacosmetics.com\/"},{"@type":"ListItem","position":2,"name":"\u041a\u0430\u0442\u0430\u043b\u043e\u0433","item":"https:\/\/malinacosmetics.com\/sr\/shop\/"},{"@type":"ListItem","position":3,"name":"Medi-Peel Hyaluron Layer Mooltox Cream"}]},{"@type":"WebSite","@id":"https:\/\/malinacosmetics.com\/#website","url":"https:\/\/malinacosmetics.com\/","name":"Malina Beauty Store","description":"Prodaja korejske kozmetike za Crnu Goru","publisher":{"@id":"https:\/\/malinacosmetics.com\/#organization"},"potentialAction":[{"@type":"SearchAction","target":{"@type":"EntryPoint","urlTemplate":"https:\/\/malinacosmetics.com\/?s={search_term_string}"},"query-input":"required name=search_term_string"}],"inLanguage":"sr-RS"},{"@type":"Organization","@id":"https:\/\/malinacosmetics.com\/#organization","name":"malinacosmetics","url":"https:\/\/malinacosmetics.com\/","logo":{"@type":"ImageObject","inLanguage":"sr-RS","@id":"https:\/\/malinacosmetics.com\/#\/schema\/logo\/image\/","url":"https:\/\/malinacosmetics.com\/wp-content\/uploads\/2021\/07\/logo.png","contentUrl":"https:\/\/malinacosmetics.com\/wp-content\/uploads\/2021\/07\/logo.png","width":500,"height":353,"caption":"malinacosmetics"},"image":{"@id":"https:\/\/malinacosmetics.com\/#\/schema\/logo\/image\/"},"sameAs":["https:\/\/www.facebook.com\/MalinaBeautyShopMe\/"]}]},"product_brand":"simple","product_price_amount":"26.00","product_price_currency":"EUR","og_availability":"out of stock","product_availability":"out of stock","product_condition":"new"},"jetpack_sharing_enabled":true,"_links":{"self":[{"href":"https:\/\/malinacosmetics.com\/sr\/wp-json\/wp\/v2\/product\/6133","targetHints":{"allow":["GET"]}}],"collection":[{"href":"https:\/\/malinacosmetics.com\/sr\/wp-json\/wp\/v2\/product"}],"about":[{"href":"https:\/\/malinacosmetics.com\/sr\/wp-json\/wp\/v2\/types\/product"}],"wp:featuredmedia":[{"embeddable":true,"href":"https:\/\/malinacosmetics.com\/sr\/wp-json\/wp\/v2\/media\/6134"}],"wp:attachment":[{"href":"https:\/\/malinacosmetics.com\/sr\/wp-json\/wp\/v2\/media?parent=6133"}],"wp:term":[{"taxonomy":"product_brand","embeddable":true,"href":"https:\/\/malinacosmetics.com\/sr\/wp-json\/wp\/v2\/product_brand?post=6133"},{"taxonomy":"product_cat","embeddable":true,"href":"https:\/\/malinacosmetics.com\/sr\/wp-json\/wp\/v2\/product_cat?post=6133"},{"taxonomy":"product_tag","embeddable":true,"href":"https:\/\/malinacosmetics.com\/sr\/wp-json\/wp\/v2\/product_tag?post=6133"}],"curies":[{"name":"wp","href":"https:\/\/api.w.org\/{rel}","templated":true}]}}