{"id":6127,"date":"2024-03-07T23:19:28","date_gmt":"2024-03-07T22:19:28","guid":{"rendered":"https:\/\/malinacosmetics.com\/?post_type=product&#038;p=6127"},"modified":"2026-03-17T12:17:57","modified_gmt":"2026-03-17T11:17:57","slug":"medi-peel-peptide-tox-bor-ampoule-oil","status":"publish","type":"product","link":"https:\/\/malinacosmetics.com\/sr\/\u043f\u0440\u043e\u0438\u0437\u0432\u043e\u0434\/medi-peel-peptide-tox-bor-ampoule-oil\/","title":{"rendered":"Medi-Peel Peptide-Tox Bor Ampoule Oil"},"content":{"rendered":"<p class=\"translation-block\">Visoko koncentrisano hranljivo ampulno ulje za lice Medi-Peel Peptide-Tox Bor Ampoule Oil intenzivno hidrira i ima mo\u0107no anti-age dejstvo: smanjuje dubinu bora, pove\u0107ava gustinu i elasti\u010dnost, pobolj\u0161ava stanje ko\u017ee sa znakovima starenja. Zagla\u0111uje, stimuli\u0161e regeneraciju, pove\u0107ava sintezu kolagena, elastina i hijaluronske kiseline. \nKo\u017eu \u010dini glatkom, ne\u017enom i bar\u0161unastom, uklanja perutanje i omek\u0161ava zadebljale delove, ja\u010da barijeru za zadr\u017eavanje vlage. \n<br>Ampulno ulje mo\u017ee se koristiti posebno ili kao poja\u010diva\u010d dejstva omiljenih proizvoda - tonera, seruma, kreme, emulzije (potrebno je samo nekoliko kapi ulja). Proizvod sadr\u017ei kofein, pa uklju\u010divanje ulja u masa\u017eu ili svakodnevnu rutinu nege mo\u017ee pobolj\u0161ati limfnu drena\u017eu i smanjiti oticanje. \n<br>Proizvod je pro\u0161ao testove na iritaciju ko\u017ee, \u0161to ga \u010dini bezbednim za upotrebu \u010dak i na osetljivoj ko\u017ei.<br>\n\nUlje sadr\u017ei kompleks od 5 peptida:<br>\nArgirelin (Acetyl Hexapeptide-8) - peptid s botulopodobnim dejstvom, opu\u0161ta mi\u0161i\u0107e lica i spre\u010dava pojavu mimi\u010dnih bora i nabora na ko\u017ei.<br>\nBakarni tripeptid-1 (Copper Tripeptide-1) pobolj\u0161ava sintezu kolagena i elastina, daje elasti\u010dnost, ima ja\u010daju\u0107e, protivupalno i antioksidativno dejstvo, smanjuje dubinu bora i ubrzava regeneraciju.<br>\nDipeptid-2 pobolj\u0161ava limfnu cirkulaciju, smanjuje oticanje, elimini\u0161e otoke.<br>\nPalmitoil pentapeptid-4 - dobro prou\u010deni anti-age peptid, sastoji se od 5 aminokiselina.\nPredstavlja podfragment proteina kolagena 1, smanjuje dubinu bora i nabora, pobolj\u0161ava teksturu ko\u017ee. Po efikasnosti ne zaostaje za retinolom, ali ne izaziva iritaciju.<br>\nPalmitoil tripeptid-1 - niskomolekularni peptid, spre\u010dava razgradnju kolagenskih vlakana, ja\u010da van\u0107elijsku matricu i zagla\u0111uje teksturu ko\u017ee.<br>\n\nDodatni aktivni sastojci:<br>\nVolufilin je supstanca ekstrahovana iz anemarene. Povec\u0301ava gustinu i zapreminu tkiva, pru\u017eajuc\u0301i efekat sli\u010dan lipofilingu, zate\u017ee ko\u017eu i smanjuje vidljivost bora.<br>\nKolagen intenzivno vla\u017ei, poma\u017ee c\u0301elijama da zadr\u017ee vlagu, pobolj\u0161ava teksturu ko\u017ee, stimuli\u0161e procese oporavka i bori se protiv bora.<br>\nElastin ja\u010da i odr\u017eava kolagena vlakna, povec\u0301ava elasti\u010dnost tkiva, \u010dini ko\u017eu elasti\u010dnom i glatkom.<br>\nMati\u010dne c\u0301elije Edelveiss-a imaju moc\u0301an potencijal koji u velikoj meri povec\u0301ava stopu formiranja novih c\u0301elija ko\u017ee. Probude spavajuc\u0301e c\u0301elije tela, ubrzavaju metabolizam i mikrocirkulaciju, usporavajuc\u0301i proces uvenuc\u0301a.<br>\nSuncokretovo ulje bogato je vitaminima A, D i E. Osloba\u0111a od suvo\u0107e, omek\u0161ava i pokre\u0107e proces obnavljanja, poma\u017ee u odr\u017eavanju glatko\u0107e ko\u017ee.<br>\nKofein se bori protiv otoka, pobolj\u0161ava mikrocirkulaciju, ubrzava proces regeneracije i ima sna\u017eno antioksidativno dejstvo, \u0161tite\u0107i \u0107elije od oksidacije.<br>\nAdenozin - jedan od najnaprednijih sastojaka nove generacije. Efikasno se bori protiv bora, ima sna\u017eno citoprotektivno dejstvo i \u0161titi \u0107elije od oksidacije, uti\u010de na sintezu prokolagena 1, odgovornog za elasti\u010dnost i tonus.<br>\nUlje jojoba bogato je vitaminima A i E, bori se protiv suvo\u0107e i perutanja, hrani, \u010dini ko\u017eu gu\u0161\u0107om i elasti\u010dnijom.<br>\nEkstrakt brokolija sadr\u017ei vitamine A i C. Sprje\u010dava pojavu pigmentacije i bora, blago posvjetljuje, ima anti-aging efekat.<br>\nMaslinovo ulje duboko hrani, zasi\u0107uje \u0107elije korisnim mikroelementima, daje ko\u017ei bar\u0161unastost i meko\u0107u.<br>\nEkstrakt jerihonske ru\u017ee duboko hrani, hidrira i obnavlja. Ima antioksidativno dejstvo koje spre\u010dava razgradnju \u0107elija i usporava procese starenja.<br>\nUlje divlje nane sadr\u017ei vrijedne masne kiseline, ima antioksidativno dejstvo, omek\u0161ava i zagla\u0111uje, ne ostavlja ljepljivi ose\u0107aj.<br>\nEkstrakt lista i cveta drveta Nima zacjeljuje, ima protivupalno i antisepti\u010dko dejstvo, \u010dini ko\u017eu glatkom i svilenkastom, reguli\u0161e lu\u010denje sebuma.<br>\nUlje makadamije hrani, spre\u010dava prevremeno starenje, zasi\u0107uje vitaminima i masnim kiselinama, kondicionira, savr\u0161eno se upija.<br>\nPogodno za normalnu i suvu ko\u017eu.<\/p>\n<p><strong><br>Na\u010din upotrebe:<\/strong> Ampulno ulje mo\u017eete koristiti posebno ili kao poja\u010diva\u010d delovanja va\u0161ih omiljenih proizvoda - tonera, seruma, kreme, emulzije (potrebno vam je samo nekoliko kapi ulja). Dobro promu\u0107kajte bo\u010dicu da biste sjedinili sloj ulja i te\u010dnosti. Pipetom izmerite potrebnu koli\u010dinu ulja i nanesite na o\u010di\u0161\u0107eno i tonizirano lice, pa\u017eljivo razma\u017eite prstima po licu. Ako radite masa\u017eu, obogatite svoje sredstvo za masa\u017eu kako biste postigli trostruki efekat.<\/p>\n<hr \/>\n<p><strong><em>Sastojci:<\/em> <\/strong><em>Sunflower seed oil, purified water, hydrogenated polydecene, jojoba seed oil, 1,2-hexanediol, propanediol, glycerin, sweet almond oil, olive oil, meadowfoam seed oil, macadamia seed oil, hydrogenated polya Isobutene, Zymo root extract, acetyl hexapeptide-8 (1,000 ppb), copper tripeptide-1 (1,000 ppb), dipeptide-2 (1,000 ppb), palmitoyl pentapeptide-4 (1,000 ppb), palmitoyl tripeptide Peptide-1 (10 ppm), dipropylene glycol, sodium hyaluronate, broccoli extract, beech sprout extract, true rose of Jericho extract, arnica montana flower extract, pumpkin extract, lemon balm leaf extract, yeast\/rice Fermentation filtrate, butylene glycol, edelweiss callus culture extract, silybin, hydrolyzed collagen, mate leaf extract, stevia extract, hydrolyzed elastin, neem leaf extract, neem flower extract, Nasturtium extract, ivygod fruit extract, drumstick seed oil, eggplant fruit extract, pumpkin powder, turmeric root extract, holy basil leaf extract, Coral horse extract, allantoin, caffeine, sorbic acid, lecithin, adenosine, disodium DTA, dipotassium glycyrrhizate, ethylhexylglycerin, sodium chloride, hydroxyacetophenone, caprylyl glycol, fragrance<\/em><\/p>","protected":false},"excerpt":{"rendered":"<p>Visoko koncentrisano hranljivo ampulno ulje za lice. 15ml<br \/>\n\u0421\u0440\u043e\u043a \u0433\u043e\u0434\u043d\u043e\u0441\u0442\u0438 \u0434\u043e 05.06.2026<br \/>\nRok trajanja: 05.06.2026<\/p>","protected":false},"featured_media":6128,"template":"","meta":{"_acf_changed":false},"product_brand":[],"product_cat":[396,400,462,224,350,86,439,518,443,352,296],"product_tag":[405],"class_list":{"0":"post-6127","1":"product","2":"type-product","3":"status-publish","4":"has-post-thumbnail","6":"product_cat-promo","7":"product_cat-lifting","8":"product_cat-dryness","9":"product_cat-antiage","10":"product_cat-nourishing","11":"product_cat-moisturizing","12":"product_cat-matureskin","13":"product_cat-dehydratedskin","14":"product_cat-dryskin","15":"product_cat-serum","16":"product_cat-medi-peel","17":"product_tag-bor-tox","19":"first","20":"instock","21":"sale","22":"shipping-taxable","23":"purchasable","24":"product-type-simple"},"acf":[],"yoast_head":"<!-- This site is optimized with the Yoast SEO Premium plugin v19.6 (Yoast SEO v20.11) - https:\/\/yoast.com\/wordpress\/plugins\/seo\/ -->\n<title>Medi-Peel Peptide-Tox Bor Ampoule Oil - Malina Beauty Store<\/title>\n<meta name=\"robots\" content=\"index, follow, max-snippet:-1, max-image-preview:large, max-video-preview:-1\" \/>\n<link rel=\"canonical\" href=\"https:\/\/malinacosmetics.com\/sr\/\u043f\u0440\u043e\u0438\u0437\u0432\u043e\u0434\/medi-peel-peptide-tox-bor-ampoule-oil\/\" \/>\n<meta property=\"og:locale\" content=\"sr_RS\" \/>\n<meta property=\"og:type\" content=\"article\" \/>\n<meta property=\"og:title\" content=\"Medi-Peel Peptide-Tox Bor Ampoule Oil\" \/>\n<meta property=\"og:description\" content=\"\u0412\u044b\u0441\u043e\u043a\u043e\u043a\u043e\u043d\u0446\u0435\u043d\u0442\u0440\u0438\u0440\u043e\u0432\u0430\u043d\u043d\u043e\u0435 \u043f\u0438\u0442\u0430\u0442\u0435\u043b\u044c\u043d\u043e\u0435 \u0430\u043c\u043f\u0443\u043b\u044c\u043d\u043e\u0435 \u043c\u0430\u0441\u043b\u043e \u0434\u043b\u044f \u043b\u0438\u0446\u0430. 15ml \u0421\u0440\u043e\u043a \u0433\u043e\u0434\u043d\u043e\u0441\u0442\u0438 \u0434\u043e 05.06.2026 Rok trajanja: 05.06.2026\" \/>\n<meta property=\"og:url\" content=\"https:\/\/malinacosmetics.com\/sr\/\u043f\u0440\u043e\u0438\u0437\u0432\u043e\u0434\/medi-peel-peptide-tox-bor-ampoule-oil\/\" \/>\n<meta property=\"og:site_name\" content=\"Malina Beauty Store\" \/>\n<meta property=\"article:publisher\" content=\"https:\/\/www.facebook.com\/MalinaBeautyShopMe\/\" \/>\n<meta property=\"article:modified_time\" content=\"2026-03-17T11:17:57+00:00\" \/>\n<meta property=\"og:image\" content=\"https:\/\/malinacosmetics.com\/wp-content\/uploads\/2024\/03\/MEDI-PEEL-PEPTIDE-TOX-BOR-AMPOULE-OIL.jpg\" \/>\n\t<meta property=\"og:image:width\" content=\"1200\" \/>\n\t<meta property=\"og:image:height\" content=\"1200\" \/>\n\t<meta property=\"og:image:type\" content=\"image\/jpeg\" \/>\n<meta name=\"twitter:card\" content=\"summary_large_image\" \/>\n<script type=\"application\/ld+json\" class=\"yoast-schema-graph\">{\"@context\":\"https:\/\/schema.org\",\"@graph\":[{\"@type\":[\"WebPage\",\"ItemPage\"],\"@id\":\"https:\/\/malinacosmetics.com\/product\/medi-peel-peptide-tox-bor-ampoule-oil\/\",\"url\":\"https:\/\/malinacosmetics.com\/product\/medi-peel-peptide-tox-bor-ampoule-oil\/\",\"name\":\"Medi-Peel Peptide-Tox Bor Ampoule Oil - Malina Beauty Store\",\"isPartOf\":{\"@id\":\"https:\/\/malinacosmetics.com\/#website\"},\"datePublished\":\"2024-03-07T22:19:28+00:00\",\"dateModified\":\"2026-03-17T11:17:57+00:00\",\"breadcrumb\":{\"@id\":\"https:\/\/malinacosmetics.com\/product\/medi-peel-peptide-tox-bor-ampoule-oil\/#breadcrumb\"},\"inLanguage\":\"sr-RS\",\"potentialAction\":[{\"@type\":\"ReadAction\",\"target\":[\"https:\/\/malinacosmetics.com\/product\/medi-peel-peptide-tox-bor-ampoule-oil\/\"]}]},{\"@type\":\"BreadcrumbList\",\"@id\":\"https:\/\/malinacosmetics.com\/product\/medi-peel-peptide-tox-bor-ampoule-oil\/#breadcrumb\",\"itemListElement\":[{\"@type\":\"ListItem\",\"position\":1,\"name\":\"\u0413\u043b\u0430\u0432\u043d\u0430\u044f \u0441\u0442\u0440\u0430\u043d\u0438\u0446\u0430\",\"item\":\"https:\/\/malinacosmetics.com\/\"},{\"@type\":\"ListItem\",\"position\":2,\"name\":\"\u041a\u0430\u0442\u0430\u043b\u043e\u0433\",\"item\":\"https:\/\/malinacosmetics.com\/sr\/shop\/\"},{\"@type\":\"ListItem\",\"position\":3,\"name\":\"Medi-Peel Peptide-Tox Bor Ampoule Oil\"}]},{\"@type\":\"WebSite\",\"@id\":\"https:\/\/malinacosmetics.com\/#website\",\"url\":\"https:\/\/malinacosmetics.com\/\",\"name\":\"Malina Beauty Store\",\"description\":\"Prodaja korejske kozmetike za Crnu Goru\",\"publisher\":{\"@id\":\"https:\/\/malinacosmetics.com\/#organization\"},\"potentialAction\":[{\"@type\":\"SearchAction\",\"target\":{\"@type\":\"EntryPoint\",\"urlTemplate\":\"https:\/\/malinacosmetics.com\/?s={search_term_string}\"},\"query-input\":\"required name=search_term_string\"}],\"inLanguage\":\"sr-RS\"},{\"@type\":\"Organization\",\"@id\":\"https:\/\/malinacosmetics.com\/#organization\",\"name\":\"malinacosmetics\",\"url\":\"https:\/\/malinacosmetics.com\/\",\"logo\":{\"@type\":\"ImageObject\",\"inLanguage\":\"sr-RS\",\"@id\":\"https:\/\/malinacosmetics.com\/#\/schema\/logo\/image\/\",\"url\":\"https:\/\/malinacosmetics.com\/wp-content\/uploads\/2021\/07\/logo.png\",\"contentUrl\":\"https:\/\/malinacosmetics.com\/wp-content\/uploads\/2021\/07\/logo.png\",\"width\":500,\"height\":353,\"caption\":\"malinacosmetics\"},\"image\":{\"@id\":\"https:\/\/malinacosmetics.com\/#\/schema\/logo\/image\/\"},\"sameAs\":[\"https:\/\/www.facebook.com\/MalinaBeautyShopMe\/\"]}]}<\/script>\n<meta property=\"product:brand\" content=\"simple\" \/>\n<meta property=\"product:price:amount\" content=\"12.00\" \/>\n<meta property=\"product:price:currency\" content=\"EUR\" \/>\n<meta property=\"og:availability\" content=\"instock\" \/>\n<meta property=\"product:availability\" content=\"instock\" \/>\n<meta property=\"product:condition\" content=\"new\" \/>\n<!-- \/ Yoast SEO Premium plugin. -->","yoast_head_json":{"title":"Medi-Peel Peptide-Tox Bor Ampoule Oil - Malina Beauty Store","robots":{"index":"index","follow":"follow","max-snippet":"max-snippet:-1","max-image-preview":"max-image-preview:large","max-video-preview":"max-video-preview:-1"},"canonical":"https:\/\/malinacosmetics.com\/sr\/\u043f\u0440\u043e\u0438\u0437\u0432\u043e\u0434\/medi-peel-peptide-tox-bor-ampoule-oil\/","og_locale":"sr_RS","og_type":"article","og_title":"Medi-Peel Peptide-Tox Bor Ampoule Oil","og_description":"\u0412\u044b\u0441\u043e\u043a\u043e\u043a\u043e\u043d\u0446\u0435\u043d\u0442\u0440\u0438\u0440\u043e\u0432\u0430\u043d\u043d\u043e\u0435 \u043f\u0438\u0442\u0430\u0442\u0435\u043b\u044c\u043d\u043e\u0435 \u0430\u043c\u043f\u0443\u043b\u044c\u043d\u043e\u0435 \u043c\u0430\u0441\u043b\u043e \u0434\u043b\u044f \u043b\u0438\u0446\u0430. 15ml \u0421\u0440\u043e\u043a \u0433\u043e\u0434\u043d\u043e\u0441\u0442\u0438 \u0434\u043e 05.06.2026 Rok trajanja: 05.06.2026","og_url":"https:\/\/malinacosmetics.com\/sr\/\u043f\u0440\u043e\u0438\u0437\u0432\u043e\u0434\/medi-peel-peptide-tox-bor-ampoule-oil\/","og_site_name":"Malina Beauty Store","article_publisher":"https:\/\/www.facebook.com\/MalinaBeautyShopMe\/","article_modified_time":"2026-03-17T11:17:57+00:00","og_image":[{"width":1200,"height":1200,"url":"https:\/\/malinacosmetics.com\/wp-content\/uploads\/2024\/03\/MEDI-PEEL-PEPTIDE-TOX-BOR-AMPOULE-OIL.jpg","type":"image\/jpeg"}],"twitter_card":"summary_large_image","schema":{"@context":"https:\/\/schema.org","@graph":[{"@type":["WebPage","ItemPage"],"@id":"https:\/\/malinacosmetics.com\/product\/medi-peel-peptide-tox-bor-ampoule-oil\/","url":"https:\/\/malinacosmetics.com\/product\/medi-peel-peptide-tox-bor-ampoule-oil\/","name":"Medi-Peel Peptide-Tox Bor Ampoule Oil - Malina Beauty Store","isPartOf":{"@id":"https:\/\/malinacosmetics.com\/#website"},"datePublished":"2024-03-07T22:19:28+00:00","dateModified":"2026-03-17T11:17:57+00:00","breadcrumb":{"@id":"https:\/\/malinacosmetics.com\/product\/medi-peel-peptide-tox-bor-ampoule-oil\/#breadcrumb"},"inLanguage":"sr-RS","potentialAction":[{"@type":"ReadAction","target":["https:\/\/malinacosmetics.com\/product\/medi-peel-peptide-tox-bor-ampoule-oil\/"]}]},{"@type":"BreadcrumbList","@id":"https:\/\/malinacosmetics.com\/product\/medi-peel-peptide-tox-bor-ampoule-oil\/#breadcrumb","itemListElement":[{"@type":"ListItem","position":1,"name":"\u0413\u043b\u0430\u0432\u043d\u0430\u044f \u0441\u0442\u0440\u0430\u043d\u0438\u0446\u0430","item":"https:\/\/malinacosmetics.com\/"},{"@type":"ListItem","position":2,"name":"\u041a\u0430\u0442\u0430\u043b\u043e\u0433","item":"https:\/\/malinacosmetics.com\/sr\/shop\/"},{"@type":"ListItem","position":3,"name":"Medi-Peel Peptide-Tox Bor Ampoule Oil"}]},{"@type":"WebSite","@id":"https:\/\/malinacosmetics.com\/#website","url":"https:\/\/malinacosmetics.com\/","name":"Malina Beauty Store","description":"Prodaja korejske kozmetike za Crnu Goru","publisher":{"@id":"https:\/\/malinacosmetics.com\/#organization"},"potentialAction":[{"@type":"SearchAction","target":{"@type":"EntryPoint","urlTemplate":"https:\/\/malinacosmetics.com\/?s={search_term_string}"},"query-input":"required name=search_term_string"}],"inLanguage":"sr-RS"},{"@type":"Organization","@id":"https:\/\/malinacosmetics.com\/#organization","name":"malinacosmetics","url":"https:\/\/malinacosmetics.com\/","logo":{"@type":"ImageObject","inLanguage":"sr-RS","@id":"https:\/\/malinacosmetics.com\/#\/schema\/logo\/image\/","url":"https:\/\/malinacosmetics.com\/wp-content\/uploads\/2021\/07\/logo.png","contentUrl":"https:\/\/malinacosmetics.com\/wp-content\/uploads\/2021\/07\/logo.png","width":500,"height":353,"caption":"malinacosmetics"},"image":{"@id":"https:\/\/malinacosmetics.com\/#\/schema\/logo\/image\/"},"sameAs":["https:\/\/www.facebook.com\/MalinaBeautyShopMe\/"]}]},"product_brand":"simple","product_price_amount":"12.00","product_price_currency":"EUR","og_availability":"instock","product_availability":"instock","product_condition":"new"},"jetpack_sharing_enabled":true,"_links":{"self":[{"href":"https:\/\/malinacosmetics.com\/sr\/wp-json\/wp\/v2\/product\/6127","targetHints":{"allow":["GET"]}}],"collection":[{"href":"https:\/\/malinacosmetics.com\/sr\/wp-json\/wp\/v2\/product"}],"about":[{"href":"https:\/\/malinacosmetics.com\/sr\/wp-json\/wp\/v2\/types\/product"}],"wp:featuredmedia":[{"embeddable":true,"href":"https:\/\/malinacosmetics.com\/sr\/wp-json\/wp\/v2\/media\/6128"}],"wp:attachment":[{"href":"https:\/\/malinacosmetics.com\/sr\/wp-json\/wp\/v2\/media?parent=6127"}],"wp:term":[{"taxonomy":"product_brand","embeddable":true,"href":"https:\/\/malinacosmetics.com\/sr\/wp-json\/wp\/v2\/product_brand?post=6127"},{"taxonomy":"product_cat","embeddable":true,"href":"https:\/\/malinacosmetics.com\/sr\/wp-json\/wp\/v2\/product_cat?post=6127"},{"taxonomy":"product_tag","embeddable":true,"href":"https:\/\/malinacosmetics.com\/sr\/wp-json\/wp\/v2\/product_tag?post=6127"}],"curies":[{"name":"wp","href":"https:\/\/api.w.org\/{rel}","templated":true}]}}