{"id":6117,"date":"2024-03-08T00:26:25","date_gmt":"2024-03-07T23:26:25","guid":{"rendered":"https:\/\/malinacosmetics.com\/?post_type=product&#038;p=6117"},"modified":"2025-03-08T18:35:42","modified_gmt":"2025-03-08T17:35:42","slug":"medi-peel-peptide-9-volume-lifting-all-in-one-essence","status":"publish","type":"product","link":"https:\/\/malinacosmetics.com\/sr\/\u043f\u0440\u043e\u0438\u0437\u0432\u043e\u0434\/medi-peel-peptide-9-volume-lifting-all-in-one-essence\/","title":{"rendered":"Medi-Peel Peptide 9 Volume Lifting All In One Essence"},"content":{"rendered":"<p class=\"translation-block\">Kiseoni\u010dna esencija lifting-esencija za lice sa peptidima i polimle\u010dnom kiselinom predstavlja vrhunac inovacija u svetu profesionalne nege ko\u017ee. Ova jedinstvena esencija kombinuje visokoefikasne sastojke kako bi pru\u017eila besprekorno hidrataciju, hranjenje i obnavljanje. Vra\u0107a izgubljeni volumen, intenzivno deluje na ko\u017eni omota\u010d, pobolj\u0161ava njegovu \u010dvrstinu i elasti\u010dnost, zagla\u0111uje bore i zate\u017ee ko\u017eu. Ja\u010da konture lica, usporava procese starenja, smanjuje vidljivost mimi\u010dkih bora i smanjuje njihovu dubinu. Esencija odr\u017eava optimalan nivo hidratacije, pobolj\u0161ava tonus i \u0161titi ko\u017eu od agresivnih uticaja spolja\u0161njih faktora, osvetljava op\u0161ti ten ko\u017ee i vra\u0107a joj zdravi sjaj.\nOsnova formule su inovativni mehuri\u0107i kiseonika koji garantuju brzo prodiranje aktivnih sastojaka u duboke slojeve ko\u017ee, pru\u017eaju\u0107i joj neuporedivu meko\u0107u i elasti\u010dnost.\nProizvod se mo\u017ee koristiti kao mo\u0107an serum ili kao multifunkcionalno sredstvo koje mo\u017ee zameniti i serum i lagani krem.<\/p>\n<p class=\"translation-block\"><strong>Glavni sastojci:<\/strong><br>\nPLA (polimle\u010dna kiselina) - biostimulator koji pokre\u0107e prirodnu proizvodnju kolagena i obnavljanje ko\u017ee, zna\u010dajno pove\u0107ava \u010dvrsto\u0107u i elasti\u010dnost, poma\u017ee u zagla\u0111ivanju bora i bori se protiv pigmentacije. PLA deluje na dubokom nivou ko\u017ee, poma\u017eu\u0107i u zgu\u0161njavanju mekih tkiva aktiviranjem sinteze kolagena. Vremenom, kolagen koji se proizvodi pod njenim uticajem, regeneri\u0161e ko\u017ene strukture, obnavlja izgubljeni volumen i izravnava duboke bore i nabori (efekat filera). Polimle\u010dna kiselina je hidrofobni aktiv, koji ne privla\u010di vlagu, pa samim tim ne izaziva oticanje. U kombinaciji sa kolagenom spre\u010dava dehidrataciju, hrono- i foto-starenje, ima antioksidativno dejstvo.<br>\nHidrolizovani kolagen, podvrgnut procesu hidrolize, zbog \u010dega njegove molekule postaju manje i lak\u0161e prodire u ko\u017eu, hidrira, pobolj\u0161ava njenu strukturu i gustinu, doprinose\u0107i smanjenju finih linija i bora, i daje ko\u017ei mla\u0111i i zdraviji izgled.<br>\nEkskluzivni peptidni kompleks od 9 vrsta peptida, koji dvostruko poja\u010dava efekat kolagena i aktivira procese obnavljanja i ja\u010danja ko\u017ee. Signalni peptidi aktiviraju sintezu strukturnih proteina ko\u017ee (kolagen, elastin), \u010dime spre\u010davaju razvoj hrono-starenja, ja\u010daju oval lica, zagla\u0111uju nabori:<br>\n- SYN-AKE\u2122 (Tripeptid-3, Dipeptid Diaminobutyroyl Benzylamide Diacetate) - sinteti\u010dka supstanca koja imitira funkcije zmijinog otrova, ve\u0107 dugo poznata kao izuzetno sredstvo u borbi protiv starenja. Ima efekat sli\u010dan dejstvu botulinskog toksina-A (Botox), opu\u0161ta mi\u0161i\u0107e lica, \u0161to omogu\u0107ava smanjenje pokretne aktivnosti lica i spre\u010dava pojavu bora.<br>\n- Argirelin (Acetyl Hexapeptide-8) - neuropeptid s dejstvom sli\u010dnim botoksu (blokatoru mi\u0161i\u0107nog skra\u0107ivanja). Ima sposobnost blagog smanjenja aktivnosti mi\u0161i\u0107a lica, \u010dime spre\u010dava njihovu pojavu. Deluje bla\u017ee bezbednije od klasi\u010dnog Botoxa, ne blokira mi\u0161i\u0107no skra\u0107ivanje, ve\u0107 se, kao da se usmerava izme\u0111u izraslina mi\u0161i\u0107a, blokira prenos nervnog impulsa. To ima mio-relaksiraju\u0107e dejstvo, omogu\u0107ava opu\u0161tanje svih mi\u0161i\u0107a lica. Zagla\u0111uje bore, pobolj\u0161ava op\u0161ti tonus ko\u017ee, ja\u010da kolagenove vlakna.<br>\n- Nonapeptid-1 sastavljen od 7 aminokiselina, spre\u010dava sintezu tirozinaze - enzima koji stimuli\u0161e prenos melanina u \u0107elije, \u010dime spre\u010dava formiranje pigmentnih fleka.<br>\n- Bakar tripeptid-1 (Copper Tripeptide-1) pove\u0107ava sintezu kolagena i elastina, daje \u010dvrsto\u0107u, ima ja\u010danje, protivupalno i antioksidativno dejstvo, smanjuje vidljivost bora i ubrzava regeneraciju.<br>\n- Tripeptid-1 spre\u010dava znakove foto-starenja, pove\u0107ava proizvodnju sopstvenog kolagena i potiskuje degradaciju kolagenih vlakana, bori se protiv slobodnih radikala.<br>\n- Heksapeptid-9  stimuli\u0161e fibroblaste i pobolj\u0161ava proizvodnju kolagena, zagla\u0111uje ko\u017eu i smanjuje dubinu bora i nabora.<br>\n- Palmitoil pentapeptid-4 je dobro prou\u010den anti-age peptid, sastavljen od 5 aminokiselina. On je subfragment kolagena tipa 1, smanjuje dubinu bora i nabora, pobolj\u0161ava teksturu ko\u017ee. Po efikasnosti ne zaostaje za retinolom, pri \u010demu ne izaziva iritaciju.<br>\nU sastavu esencije tako\u0111e ima visok sadr\u017eaj Volufilina - aktivnog sastojka dobijenog iz korena anemarrene, koji ima stimuliraju\u0107e dejstvo na adipocite - \u0107elije koje \u010dine masno tkivo. Deluju\u0107i na duboke slojeve ko\u017enog omota\u010da, sarsapogenin (fitosterol, koji nema hormonsku aktivnost) privla\u010di i zadr\u017eava masne \u0107elije, time doprinose\u0107i pobolj\u0161anju elasti\u010dnosti ko\u017ee, pove\u0107anju njenog volumena i gustine. Mikrocirkulacija krvi se aktivira, reguli\u0161e se lipidni proces. Stvara se efekat lipofiliranja.<br>\nNiacinamid, ili vitamin B3, ima \u0161irok spektar delovanja za pobolj\u0161anje stanja ko\u017ee: efikasno se bori protiv pigmentacije, smanjuje upale, doprinosi ja\u010danju ko\u017ene barijere i pobolj\u0161anju teksture ko\u017ee, kao i regulisanju proizvodnje sebuma.<br>\nEkstrakt korena remannia, koji sadr\u017ei veliku koli\u010dinu karotina, spre\u010dava prevremeno starenje ko\u017ee, uklju\u010duju\u0107i foto-starenje.<\/p>\n<p><strong><br>Na\u010din upotrebe:<\/strong> Nanesite potrebnu koli\u010dinu esencije na ko\u017eu i sa\u010dekajte dok se ne pojave mehuric\u0301i. Nakon \u0161to proizvod po\u010dne da se peni laganim pokretima tapkanja, pomozite da se esencija upije.<\/p>\n<hr \/>\n<div>\n<p><em><strong><em>Sastojci:<\/em><\/strong> Purified water, glycerin, methyl perfluoroisobutyl ether, hydrogenated polyisobutene, methyl propanediol, caprylic\/capric triglyceride, cyclopentasiloxane, niacinamide, butylene glycol dicapryl lactate\/dicaprate, methyl perfluorobutyl ether, cyclohexasiloxane, sodium myristoyl glutamate, cetearyl alcohol, oil palm kernel oil, arginine, oil palm oil, decyl glucoside, glyceryl stearate, Hydroxyethyl Urea, Betaine, PEG-100 Stearate, Dimethicone, Myristic Acid, Carbomer, Ammonium Acryloyldimethyltaurate\/VP Copolymer, Decylene Glycol, Ethylhexylglycerin, Hex Silene Glycol, Butylene Glycol, Dimethicone\/Vinyl Dimethicone Crosspolymer, Propanediol, 1,2-Hexanediol, Glyceryl Acrylate\/Acrylic Acid Copolymer, Totarol, Sodium Hyaluronate Crosspolymer, Allantoin,Polylactic Acid ( 499ppm), adenosine, sodium hyaluronate, ethanol, hydrolyzed glycosaminoglycan, laureth-23, disodium EDTA, bean sprout fruit extract, eucalyptus leaf extract, argan kernel oil, benzyl glycol , Dandelion rhizome\/root extract, decyl alcohol, caprylyl glycol, trideceth-6, sodium polyacrylate, pentylene glycol, hydr ogenated polydecene, hydrolyzed hyaluronic acid, Glucose, thyme extract, rosemary extract,Oregano Flower\/Leaf\/Stem Extract, Lavender Extract, Green Tea Extract, Oleracea Acmela Extract, Fructan, Jimmo Root Extract, Snow White Tea Leaf Extract, Silica, Kelp Extract, Vitamin Tree Extract, Collagen Extract (1ppm), Tocopherol, Hyaluronic Acid Ronic acid, chamomile flower water, raspberry ketone, polysorbate 80, lactobacillus fermented product, hydrolyzed elastin, astaxanthin, Rehmannia root extract, panthenol, inositol, hydrolyzed collagen, glutathione, polyacid, biotin , Ascorbic Acid, Palmitoyl Tetrapeptide-7 (5ppb), Acetyl Octapeptide-3 (5ppb), Tripeptide-1 (1ppb), Palmitoyl Tripeptide-1 (1ppb), Palmitoylpentapeptide-4 (1ppb) ), Copper Tripeptide-1 (1ppb), Acetyl Hexapeptide-8 (1ppb), Hexapeptide-9 (0.5ppb), Nonapeptide-1 (0.1ppb), Fragrance<\/em><\/p>\n<\/div>","protected":false},"excerpt":{"rendered":"<p>Kiseoni\u010dna esencija sa peptidnim kompleksom i polimle\u010dnom kiselinom za obnavljanje volumena i kontura lica. 100ml<\/p>","protected":false},"featured_media":6118,"template":"","meta":{"_acf_changed":false},"product_brand":[],"product_cat":[472,400,462,224,349,86,439,440,441,443,296],"product_tag":[410,564],"class_list":{"0":"post-6117","1":"product","2":"type-product","3":"status-publish","4":"has-post-thumbnail","6":"product_cat-essence","7":"product_cat-lifting","8":"product_cat-dryness","9":"product_cat-antiage","10":"product_cat-brightening","11":"product_cat-moisturizing","12":"product_cat-matureskin","13":"product_cat-combinationskin","14":"product_cat-normalskin","15":"product_cat-dryskin","16":"product_cat-medi-peel","17":"product_tag-peptide-9","18":"product_tag-peptide-9-volume","20":"first","21":"outofstock","22":"shipping-taxable","23":"purchasable","24":"product-type-simple"},"acf":[],"yoast_head":"<!-- This site is optimized with the Yoast SEO Premium plugin v19.6 (Yoast SEO v20.11) - https:\/\/yoast.com\/wordpress\/plugins\/seo\/ -->\n<title>Medi-Peel Peptide 9 Volume Lifting All In One Essence - Malina Beauty Store<\/title>\n<meta name=\"robots\" content=\"index, follow, max-snippet:-1, max-image-preview:large, max-video-preview:-1\" \/>\n<link rel=\"canonical\" href=\"https:\/\/malinacosmetics.com\/sr\/\u043f\u0440\u043e\u0438\u0437\u0432\u043e\u0434\/medi-peel-peptide-9-volume-lifting-all-in-one-essence\/\" \/>\n<meta property=\"og:locale\" content=\"sr_RS\" \/>\n<meta property=\"og:type\" content=\"article\" \/>\n<meta property=\"og:title\" content=\"Medi-Peel Peptide 9 Volume Lifting All In One Essence\" \/>\n<meta property=\"og:description\" content=\"\u041a\u0438\u0441\u043b\u043e\u0440\u043e\u0434\u043d\u0430\u044f \u043b\u0438\u0444\u0442\u0438\u043d\u0433-\u044d\u0441\u0441\u0435\u043d\u0446\u0438\u044f \u0441 \u043f\u0435\u043f\u0442\u0438\u0434\u043d\u044b\u043c \u043a\u043e\u043c\u043f\u043b\u0435\u043a\u0441\u043e\u043c \u0438 \u043f\u043e\u043b\u0438\u043c\u043e\u043b\u043e\u0447\u043d\u043e\u0439 \u043a\u0438\u0441\u043b\u043e\u0442\u043e\u0439 \u0434\u043b\u044f \u0432\u043e\u0441\u0441\u0442\u0430\u043d\u043e\u0432\u043b\u0435\u043d\u0438\u044f \u043e\u0431\u044a\u0435\u043c\u0430 \u0438 \u043a\u043e\u043d\u0442\u0443\u0440\u0430 \u043b\u0438\u0446\u0430. 100ml\" \/>\n<meta property=\"og:url\" content=\"https:\/\/malinacosmetics.com\/sr\/\u043f\u0440\u043e\u0438\u0437\u0432\u043e\u0434\/medi-peel-peptide-9-volume-lifting-all-in-one-essence\/\" \/>\n<meta property=\"og:site_name\" content=\"Malina Beauty Store\" \/>\n<meta property=\"article:publisher\" content=\"https:\/\/www.facebook.com\/MalinaBeautyShopMe\/\" \/>\n<meta property=\"article:modified_time\" content=\"2025-03-08T17:35:42+00:00\" \/>\n<meta property=\"og:image\" content=\"https:\/\/malinacosmetics.com\/wp-content\/uploads\/2024\/03\/Medi-Peel-Peptide-9-Volume-Lifting-Essence.jpg\" \/>\n\t<meta property=\"og:image:width\" content=\"1200\" \/>\n\t<meta property=\"og:image:height\" content=\"1200\" \/>\n\t<meta property=\"og:image:type\" content=\"image\/jpeg\" \/>\n<meta name=\"twitter:card\" content=\"summary_large_image\" \/>\n<script type=\"application\/ld+json\" class=\"yoast-schema-graph\">{\"@context\":\"https:\/\/schema.org\",\"@graph\":[{\"@type\":[\"WebPage\",\"ItemPage\"],\"@id\":\"https:\/\/malinacosmetics.com\/product\/medi-peel-peptide-9-volume-lifting-all-in-one-essence\/\",\"url\":\"https:\/\/malinacosmetics.com\/product\/medi-peel-peptide-9-volume-lifting-all-in-one-essence\/\",\"name\":\"Medi-Peel Peptide 9 Volume Lifting All In One Essence - Malina Beauty Store\",\"isPartOf\":{\"@id\":\"https:\/\/malinacosmetics.com\/#website\"},\"datePublished\":\"2024-03-07T23:26:25+00:00\",\"dateModified\":\"2025-03-08T17:35:42+00:00\",\"breadcrumb\":{\"@id\":\"https:\/\/malinacosmetics.com\/product\/medi-peel-peptide-9-volume-lifting-all-in-one-essence\/#breadcrumb\"},\"inLanguage\":\"sr-RS\",\"potentialAction\":[{\"@type\":\"ReadAction\",\"target\":[\"https:\/\/malinacosmetics.com\/product\/medi-peel-peptide-9-volume-lifting-all-in-one-essence\/\"]}]},{\"@type\":\"BreadcrumbList\",\"@id\":\"https:\/\/malinacosmetics.com\/product\/medi-peel-peptide-9-volume-lifting-all-in-one-essence\/#breadcrumb\",\"itemListElement\":[{\"@type\":\"ListItem\",\"position\":1,\"name\":\"\u0413\u043b\u0430\u0432\u043d\u0430\u044f \u0441\u0442\u0440\u0430\u043d\u0438\u0446\u0430\",\"item\":\"https:\/\/malinacosmetics.com\/\"},{\"@type\":\"ListItem\",\"position\":2,\"name\":\"\u041a\u0430\u0442\u0430\u043b\u043e\u0433\",\"item\":\"https:\/\/malinacosmetics.com\/sr\/shop\/\"},{\"@type\":\"ListItem\",\"position\":3,\"name\":\"Medi-Peel Peptide 9 Volume Lifting All In One Essence\"}]},{\"@type\":\"WebSite\",\"@id\":\"https:\/\/malinacosmetics.com\/#website\",\"url\":\"https:\/\/malinacosmetics.com\/\",\"name\":\"Malina Beauty Store\",\"description\":\"Prodaja korejske kozmetike za Crnu Goru\",\"publisher\":{\"@id\":\"https:\/\/malinacosmetics.com\/#organization\"},\"potentialAction\":[{\"@type\":\"SearchAction\",\"target\":{\"@type\":\"EntryPoint\",\"urlTemplate\":\"https:\/\/malinacosmetics.com\/?s={search_term_string}\"},\"query-input\":\"required name=search_term_string\"}],\"inLanguage\":\"sr-RS\"},{\"@type\":\"Organization\",\"@id\":\"https:\/\/malinacosmetics.com\/#organization\",\"name\":\"malinacosmetics\",\"url\":\"https:\/\/malinacosmetics.com\/\",\"logo\":{\"@type\":\"ImageObject\",\"inLanguage\":\"sr-RS\",\"@id\":\"https:\/\/malinacosmetics.com\/#\/schema\/logo\/image\/\",\"url\":\"https:\/\/malinacosmetics.com\/wp-content\/uploads\/2021\/07\/logo.png\",\"contentUrl\":\"https:\/\/malinacosmetics.com\/wp-content\/uploads\/2021\/07\/logo.png\",\"width\":500,\"height\":353,\"caption\":\"malinacosmetics\"},\"image\":{\"@id\":\"https:\/\/malinacosmetics.com\/#\/schema\/logo\/image\/\"},\"sameAs\":[\"https:\/\/www.facebook.com\/MalinaBeautyShopMe\/\"]}]}<\/script>\n<meta property=\"product:brand\" content=\"simple\" \/>\n<meta property=\"product:price:amount\" content=\"45.00\" \/>\n<meta property=\"product:price:currency\" content=\"EUR\" \/>\n<meta property=\"og:availability\" content=\"out of stock\" \/>\n<meta property=\"product:availability\" content=\"out of stock\" \/>\n<meta property=\"product:condition\" content=\"new\" \/>\n<!-- \/ Yoast SEO Premium plugin. -->","yoast_head_json":{"title":"Medi-Peel Peptide 9 Volume Lifting All In One Essence - Malina Beauty Store","robots":{"index":"index","follow":"follow","max-snippet":"max-snippet:-1","max-image-preview":"max-image-preview:large","max-video-preview":"max-video-preview:-1"},"canonical":"https:\/\/malinacosmetics.com\/sr\/\u043f\u0440\u043e\u0438\u0437\u0432\u043e\u0434\/medi-peel-peptide-9-volume-lifting-all-in-one-essence\/","og_locale":"sr_RS","og_type":"article","og_title":"Medi-Peel Peptide 9 Volume Lifting All In One Essence","og_description":"\u041a\u0438\u0441\u043b\u043e\u0440\u043e\u0434\u043d\u0430\u044f \u043b\u0438\u0444\u0442\u0438\u043d\u0433-\u044d\u0441\u0441\u0435\u043d\u0446\u0438\u044f \u0441 \u043f\u0435\u043f\u0442\u0438\u0434\u043d\u044b\u043c \u043a\u043e\u043c\u043f\u043b\u0435\u043a\u0441\u043e\u043c \u0438 \u043f\u043e\u043b\u0438\u043c\u043e\u043b\u043e\u0447\u043d\u043e\u0439 \u043a\u0438\u0441\u043b\u043e\u0442\u043e\u0439 \u0434\u043b\u044f \u0432\u043e\u0441\u0441\u0442\u0430\u043d\u043e\u0432\u043b\u0435\u043d\u0438\u044f \u043e\u0431\u044a\u0435\u043c\u0430 \u0438 \u043a\u043e\u043d\u0442\u0443\u0440\u0430 \u043b\u0438\u0446\u0430. 100ml","og_url":"https:\/\/malinacosmetics.com\/sr\/\u043f\u0440\u043e\u0438\u0437\u0432\u043e\u0434\/medi-peel-peptide-9-volume-lifting-all-in-one-essence\/","og_site_name":"Malina Beauty Store","article_publisher":"https:\/\/www.facebook.com\/MalinaBeautyShopMe\/","article_modified_time":"2025-03-08T17:35:42+00:00","og_image":[{"width":1200,"height":1200,"url":"https:\/\/malinacosmetics.com\/wp-content\/uploads\/2024\/03\/Medi-Peel-Peptide-9-Volume-Lifting-Essence.jpg","type":"image\/jpeg"}],"twitter_card":"summary_large_image","schema":{"@context":"https:\/\/schema.org","@graph":[{"@type":["WebPage","ItemPage"],"@id":"https:\/\/malinacosmetics.com\/product\/medi-peel-peptide-9-volume-lifting-all-in-one-essence\/","url":"https:\/\/malinacosmetics.com\/product\/medi-peel-peptide-9-volume-lifting-all-in-one-essence\/","name":"Medi-Peel Peptide 9 Volume Lifting All In One Essence - Malina Beauty Store","isPartOf":{"@id":"https:\/\/malinacosmetics.com\/#website"},"datePublished":"2024-03-07T23:26:25+00:00","dateModified":"2025-03-08T17:35:42+00:00","breadcrumb":{"@id":"https:\/\/malinacosmetics.com\/product\/medi-peel-peptide-9-volume-lifting-all-in-one-essence\/#breadcrumb"},"inLanguage":"sr-RS","potentialAction":[{"@type":"ReadAction","target":["https:\/\/malinacosmetics.com\/product\/medi-peel-peptide-9-volume-lifting-all-in-one-essence\/"]}]},{"@type":"BreadcrumbList","@id":"https:\/\/malinacosmetics.com\/product\/medi-peel-peptide-9-volume-lifting-all-in-one-essence\/#breadcrumb","itemListElement":[{"@type":"ListItem","position":1,"name":"\u0413\u043b\u0430\u0432\u043d\u0430\u044f \u0441\u0442\u0440\u0430\u043d\u0438\u0446\u0430","item":"https:\/\/malinacosmetics.com\/"},{"@type":"ListItem","position":2,"name":"\u041a\u0430\u0442\u0430\u043b\u043e\u0433","item":"https:\/\/malinacosmetics.com\/sr\/shop\/"},{"@type":"ListItem","position":3,"name":"Medi-Peel Peptide 9 Volume Lifting All In One Essence"}]},{"@type":"WebSite","@id":"https:\/\/malinacosmetics.com\/#website","url":"https:\/\/malinacosmetics.com\/","name":"Malina Beauty Store","description":"Prodaja korejske kozmetike za Crnu Goru","publisher":{"@id":"https:\/\/malinacosmetics.com\/#organization"},"potentialAction":[{"@type":"SearchAction","target":{"@type":"EntryPoint","urlTemplate":"https:\/\/malinacosmetics.com\/?s={search_term_string}"},"query-input":"required name=search_term_string"}],"inLanguage":"sr-RS"},{"@type":"Organization","@id":"https:\/\/malinacosmetics.com\/#organization","name":"malinacosmetics","url":"https:\/\/malinacosmetics.com\/","logo":{"@type":"ImageObject","inLanguage":"sr-RS","@id":"https:\/\/malinacosmetics.com\/#\/schema\/logo\/image\/","url":"https:\/\/malinacosmetics.com\/wp-content\/uploads\/2021\/07\/logo.png","contentUrl":"https:\/\/malinacosmetics.com\/wp-content\/uploads\/2021\/07\/logo.png","width":500,"height":353,"caption":"malinacosmetics"},"image":{"@id":"https:\/\/malinacosmetics.com\/#\/schema\/logo\/image\/"},"sameAs":["https:\/\/www.facebook.com\/MalinaBeautyShopMe\/"]}]},"product_brand":"simple","product_price_amount":"45.00","product_price_currency":"EUR","og_availability":"out of stock","product_availability":"out of stock","product_condition":"new"},"jetpack_sharing_enabled":true,"_links":{"self":[{"href":"https:\/\/malinacosmetics.com\/sr\/wp-json\/wp\/v2\/product\/6117","targetHints":{"allow":["GET"]}}],"collection":[{"href":"https:\/\/malinacosmetics.com\/sr\/wp-json\/wp\/v2\/product"}],"about":[{"href":"https:\/\/malinacosmetics.com\/sr\/wp-json\/wp\/v2\/types\/product"}],"wp:featuredmedia":[{"embeddable":true,"href":"https:\/\/malinacosmetics.com\/sr\/wp-json\/wp\/v2\/media\/6118"}],"wp:attachment":[{"href":"https:\/\/malinacosmetics.com\/sr\/wp-json\/wp\/v2\/media?parent=6117"}],"wp:term":[{"taxonomy":"product_brand","embeddable":true,"href":"https:\/\/malinacosmetics.com\/sr\/wp-json\/wp\/v2\/product_brand?post=6117"},{"taxonomy":"product_cat","embeddable":true,"href":"https:\/\/malinacosmetics.com\/sr\/wp-json\/wp\/v2\/product_cat?post=6117"},{"taxonomy":"product_tag","embeddable":true,"href":"https:\/\/malinacosmetics.com\/sr\/wp-json\/wp\/v2\/product_tag?post=6117"}],"curies":[{"name":"wp","href":"https:\/\/api.w.org\/{rel}","templated":true}]}}