{"id":6002,"date":"2024-01-14T19:06:42","date_gmt":"2024-01-14T18:06:42","guid":{"rendered":"https:\/\/malinacosmetics.com\/?post_type=product&#038;p=6002"},"modified":"2025-10-30T15:27:46","modified_gmt":"2025-10-30T14:27:46","slug":"medi-peel-retinol-collagen-lifting-trial-kit","status":"publish","type":"product","link":"https:\/\/malinacosmetics.com\/sr\/\u043f\u0440\u043e\u0438\u0437\u0432\u043e\u0434\/medi-peel-retinol-collagen-lifting-trial-kit\/","title":{"rendered":"Medi-Peel Retinol Collagen Lifting Trial Kit"},"content":{"rendered":"<p class=\"translation-block\">Proizvodi probnog seta Medi-Peel Retinol Collagen Lifting Trial Kit imaju sna\u017ean efekat protiv starenja, izgla\u0111uju bore, smanjuju pojavu pora i zate\u017eu, povec\u0301avajuc\u0301i elasti\u010dnost i \u010dvrstinu. Izjedna\u010dava ton i daje zdrav sjaj ko\u017ei.<br>\nSvi proizvodi u setu sadr\u017ee Retinolgen\u2122 - kombinaciju 6 vrsta inkapsuliranog retinola i kolagena koji deluju duboko u ko\u017ei. 6 tipova retinola uklju\u010duju retinil palmitat, retinol, retinal, retinil retinoat granaktivni retinoid (hidroksipinakolon retinoat) - moderan, stabilan oblik koji nije toliko iritantan kao drugi derivati vitamina A. Kompleks tako\u0111e sadr\u017ei silibin, aktivni sastojak izolovan iz mle\u010dnog \u010di\u010dka (Silibum marianum), koji je sna\u017ean antioksidans: ima antiinflamatorno dejstvo i potiskuje destruktivni proces izazvan UV zra\u010denjem. Retinoidni kompleks pokrec\u0301e c\u0301elijsku obnovu, stimuli\u0161e sintezu kolagena i hijaluronske kiseline, \u010dime se pobolj\u0161ava tekstura ko\u017ee: zagla\u0111uje bore, smanjuje vidljivost pora, daje glatkoc\u0301u i ujedna\u010den ton, normalizuje proizvodnju sebuma i deluje antioksidativno.<br>\nHidrolizovani kolagen savr\u0161eno vla\u017ei, spre\u010dava suvoc\u0301u i iritaciju i omek\u0161ava dejstvo retinoida.<br>\nSet uklju\u010duje:<br>\n1. Sredstvo za umivanje Medi-Peel Retinol Collagen Facial Cleanser (15ml) sadr\u017ei prirodne probioti\u010dke sastojke kolagena koji prodiru duboko u stratum corneum kako bi hidratizirali i sprije\u010dili zatezanje ko\u017ee. Duboko \u010disti pore i uklanja sebum i ne\u010disto\u0107e, poma\u017ee u spre\u010davanju stvaranja akni i odr\u017eava ko\u017eu zdravom i \u010distom.<br>\n2. Tonik protiv starenja Medi-Peel Retinol Collagen Lifting Toner (20ml) \u010dini ko\u017eu elasti\u010dnom i \u010dvrstom, zagla\u0111uje i zate\u017ee, su\u017eava pro\u0161irene pore i ujedna\u010dava mikroreljef. Proizvod vla\u017ei i omek\u0161ava, spre\u010dava isu\u0161ivanje, osve\u017eava nakon nano\u0161enja i savr\u0161eno se upija. Ujedna\u010dava ton i daje zdrav sjaj. Smanjuje ja\u010dinu bora i pobolj\u0161ava stanje ko\u017ee u nazolabijalnim naborima, oko o\u010diju i usta.<br>\n3. Lifting ampula Medi-Peel Retinol Collagen Lifting Ampoule (15ml) - intenzivni koncentrat sredstava sa dokazanom efikasno\u0161c\u0301u koja zate\u017ee i zagla\u0111uje ko\u017eu, smanjuje dubinu bora, su\u017eava pro\u0161irene pore i ujedna\u010dava mikroreljef. Proizvod odr\u017eava konture lica, vla\u017ei, pokrec\u0301e proizvodnju kolagena i produ\u017eava mladost. Smanjuje bore nakon spavanja, ujedna\u010dava tonus, smanjuje vidljivost pigmentacije, daje zdrav sjaj, spre\u010dava isu\u0161ivanje, bori se protiv bora u uglovima usana, oko o\u010diju i u nazolabijalnim borama.<br>\n4. Dvostruka lifting krema sa retinolom Medi-Peel Retinol Collagen Lifting Cream (15g) ima sna\u017ean podmla\u0111ujuc\u0301i efekat, zagla\u0111uje bore, smanjuje vidljivost pora i zate\u017ee, povec\u0301ava elasti\u010dnost i \u010dvrstinu. Proizvod smanjuje dubinu bora oko o\u010diju i usta, kao i u predelu nasolabijalnih nabora, ja\u010da oval lica i izgla\u0111uje bore nakon spavanja. Vla\u017ei i omek\u0161ava, spre\u010dava isu\u0161ivanje, ujedna\u010dava ton i pobolj\u0161ava ten.<\/p>\n<p><strong><br>Na\u010din upotrebe:<\/strong> Operite lice sredstvom za \u010di\u0161c\u0301enje, a zatim postepeno nanesite tonik, serum i kremu na o\u010di\u0161c\u0301enu ko\u017eu.<\/p>\n<p><em><br>Originalna Medi-Peel korejska kozmetika u Srbiji i Crnoj Gori. Visokokvalitetna kuc\u0301na nega lica i tela.<\/em><\/p>\n<hr \/>\n<div><em><em><strong><em>Sastojci:<\/em><\/strong><br \/>\n<\/em><\/em><\/div>\n<div>\n<div><em><span data-sheets-root=\"1\" data-sheets-value=\"{&quot;1&quot;:2,&quot;2&quot;:&quot;[Retinol Collagen Facial Cleanser]\\r\\nTrue Rose of Jericho Extract (31%), Palmitic Acid, Glycerin, Purified Water, Lauric Acid, Myristic Acid, Potassium Hydroxide, Stearic Acid, Yellow Lotus Root Extract, Camellia Flower Extract, Tomato extract, niacinamide, butylene glycol, propanediol, 1,2-hexanediol, pentylene glycol, lecithin, retinol (461 ppb), RetinAl (50 ppb), retinyl palmitate (555 ppb) ), peanut oil, silybin, cetearyl olivate, glycol distearate, isopropyl lauroyl sarcosinate, caprylic\/capric triglyceride, retinyl retinoate (30 ppb), tocopherol, Madecassoside, decyl glucoside, SH-polypeptide-121 (19.8 ppb), soluble collagen (0.01 ppb), caprylyl glycol, ethylhexyl glycerin, polyethylene, diisopropyl adipate, hydroxypropyl starch phosphate, Hydroxypinacolone retinoate (10 ppb), diethylhexylsyringylidene malonate, benzotriazolyldodecyl p-cresol, pPG-13-decyltetradeceth-24, sorbitan olivate, sodium benzoate Eight, Potassium Sorbate, Polysorbate 20, BHA, BHT, Polyquaternium-7, Disodium EDTA, Fragrance\\r\\n\\r\\n[Retinol Collagen Lifting Toner]\\r\\nTrue Rose of Jericho Extract (81%), Glycerin, 1, 2-hexanediol, niacinamide, butylene glycol, dipropylene glycol, propanediol, pentylene glycol, panthenol, purified water, camellia flower extract, tomato extract, anhydroxylitol, xylityl glucoside, xylitol , retinol (461 ppb), RetinAl (50 ppb), retinyl palmitate (555 ppb), hydroxypinacolone retinoate (10 ppb), retinyl retinoate (30 ppb), silybin, SH-polypeptide -121 (9,900 ppb), soluble collagen (0.01 ppb), madecassoside, glucose, allantoin, adenosine, dipotassium glycyrrhizate, diisopropyl adipate, lecithin, peanut oil, caprylic\/capric triglyceride Lyde, isopropyl lauroyl sarcosinate, diethylhexylsyringylidene malonate, benzotriazolyldodecyl p-cresol, glycereth-25PCA isostearate, decyl glucoside, tocopherol, potassium sorbate, BHT, BHA, PPG-13-decyltetradeceth-24, polysorbate 20, caramel, carbomer, tromethamine, disodium EDTA, caprylyl glycol, ethylhexylglycerin, hydroxyl Acetophenone, fragrance\\r\\n\\r\\n[Retinol Collagen Lifting Ampoule]\\r\\nPurified water, butylene glycol, glycerin, cetyl ethylhexanoate, niacinamide, cetearyl alcohol, meadowfoam seed oil, propanediol, true rose of Jericho extract, camellia tree Flower extract, tomato extract, 1,2-hexanediol, caprylic\/capric triglyceride, argan kernel oil, macadamia seed oil, sunflower seed oil, dipropylene glycol, hydrogenated polydecene, sodium high Aluronate, glucose, dipotassium glycyrrhizate, retinyl palmitate (10,000 IU\/g), SH-polypeptide-121 (9,900 ppb), retinol (461 ppb), RetinAl (50 ppb), retinyl Retinoate (30 ppb), hydroxypinacolone retinoate (10 ppb), soluble collagen (0.01 ppb), silybin, cetearyl glucoside, caprylyl glycol, sodium polyacrylate, arginine, lecithin, xanthan Gum, tocopherol, yellow lotus root extract, tocopheryl acetate, diisopropyl adipate, C14-22 alcohol, cetyl palmitate, sorbitan olivate, sorbitan palmitate, C12-20 alkyl glucoside, isopropyl lauroyl sarcosinate, Pentylene glycol, madecassoside, decyl glucoside, benzotriazolyldodecyl p-cresol, diethylhexylsyringylidenemalonate, simethicone, cetearylethylhexanoate, acrylate\/C10-30 Alkyl acrylate crosspolymer, hydroxyacetophenone, carbomer, peanut oil, ethylhexylglycerin, potassium sorbate, PPG-13-decyltetradeceth-24, polysorbate 20, BHT, BHA, disodium EDTA, Fragrance\\r\\n\\r\\n[Retinol Collagen Lifting Cream]\\r\\nPurified water, glycerin, ethylhexyl palmitate, cetyl ethylhexanoate, Glycereth-26, dipropylene glycol, niacinamide, butylene glycol, palmitic acid, C14 -22 alcohol, caprylic\/capric triglyceride, C12-20 alkyl glucoside, 1,2-hexanediol, propanediol, retinyl palmitate (10,000 IU\/g), retinyl retinoate (30 ppb) ), hydroxypinacolone retinoate (10 ppb), madecassoside, camellia flower extract, tomato extract, diethylhexylsyringylidene malonate, benzotriazolyldodecyl p-cresol, glucose, panthenol, Dipotassium glycyrrhizate, SH-polypeptide-121 (9,900 ppb), diisopropyl adipate, true rose of Jericho extract, lecithin, pPG-13-decyltetradeceth-24, peanut oil, silybin, Retinol (50 ppb), Retinol (461 ppb), BHT, soluble collagen (0.01 ppb), polyglyceryl-10 behenate\/eicosadioate, isopropylauroyl sarcosinate, cyanocobalamin, caramel , Tocopherol, Pentylene Glycol, BHA, Decyl Glucoside, Polysorbate 60, Polysorbate 20, Sorbitan Stearate, Glycereth-25PCA Isostearate, Sorbitan Isostearate, Xanthan Gum, Acrylate \/C10-30 Alkyl acrylate crosspolymer, hydroxyethyl acrylate\/sodium acryloyl dimethyl taurate copolymer, glyceryl acrylate\/acrylic acid copolymer, ammonium acryloyl dimethyl taurate\/V picopolymer, Tromethamine, stearic acid, potassium sorbate, pentaerythrityl tetraethylhexanoate, disodium EDTA, hydroxyacetophenone, caprylyl glycol, ethylhexylglycerin, fragrance&quot;}\" data-sheets-userformat=\"{&quot;2&quot;:15039,&quot;3&quot;:{&quot;1&quot;:0},&quot;4&quot;:{&quot;1&quot;:3,&quot;3&quot;:2},&quot;5&quot;:{&quot;1&quot;:[{&quot;1&quot;:2,&quot;2&quot;:0,&quot;5&quot;:{&quot;1&quot;:2,&quot;2&quot;:0}},{&quot;1&quot;:0,&quot;2&quot;:0,&quot;3&quot;:3},{&quot;1&quot;:1,&quot;2&quot;:0,&quot;4&quot;:1}]},&quot;6&quot;:{&quot;1&quot;:[{&quot;1&quot;:2,&quot;2&quot;:0,&quot;5&quot;:{&quot;1&quot;:2,&quot;2&quot;:0}},{&quot;1&quot;:0,&quot;2&quot;:0,&quot;3&quot;:3},{&quot;1&quot;:1,&quot;2&quot;:0,&quot;4&quot;:1}]},&quot;7&quot;:{&quot;1&quot;:[{&quot;1&quot;:2,&quot;2&quot;:0,&quot;5&quot;:{&quot;1&quot;:2,&quot;2&quot;:0}},{&quot;1&quot;:0,&quot;2&quot;:0,&quot;3&quot;:3},{&quot;1&quot;:1,&quot;2&quot;:0,&quot;4&quot;:1}]},&quot;8&quot;:{&quot;1&quot;:[{&quot;1&quot;:2,&quot;2&quot;:0,&quot;5&quot;:{&quot;1&quot;:2,&quot;2&quot;:0}},{&quot;1&quot;:0,&quot;2&quot;:0,&quot;3&quot;:3},{&quot;1&quot;:1,&quot;2&quot;:0,&quot;4&quot;:1}]},&quot;10&quot;:1,&quot;12&quot;:0,&quot;14&quot;:{&quot;1&quot;:3,&quot;3&quot;:1},&quot;15&quot;:&quot;Calibri&quot;,&quot;16&quot;:9}\">[Retinol Collagen Facial Cleanser]<br \/>\nTrue Rose of Jericho Extract (31%), Palmitic Acid, Glycerin, Purified Water, Lauric Acid, Myristic Acid, Potassium Hydroxide, Stearic Acid, Yellow Lotus Root Extract, Camellia Flower Extract, Tomato extract, niacinamide, butylene glycol, propanediol, 1,2-hexanediol, pentylene glycol, lecithin, retinol (461 ppb), RetinAl (50 ppb), retinyl palmitate (555 ppb) ), peanut oil, silybin, cetearyl olivate, glycol distearate, isopropyl lauroyl sarcosinate, caprylic\/capric triglyceride, retinyl retinoate (30 ppb), tocopherol, Madecassoside, decyl glucoside, SH-polypeptide-121 (19.8 ppb), soluble collagen (0.01 ppb), caprylyl glycol, ethylhexyl glycerin, polyethylene, diisopropyl adipate, hydroxypropyl starch phosphate, Hydroxypinacolone retinoate (10 ppb), diethylhexylsyringylidene malonate, benzotriazolyldodecyl p-cresol, pPG-13-decyltetradeceth-24, sorbitan olivate, sodium benzoate Eight, Potassium Sorbate, Polysorbate 20, BHA, BHT, Polyquaternium-7, Disodium EDTA, Fragrance<\/span><\/em><\/div>\n<div><\/div>\n<div><em>[Retinol Collagen Lifting Toner]<\/em><br \/>\n<em>True Rose of Jericho Extract (81%), Glycerin, 1, 2-hexanediol, niacinamide, butylene glycol, dipropylene glycol, propanediol, pentylene glycol, panthenol, purified water, camellia flower extract, tomato extract, anhydroxylitol, xylityl glucoside, xylitol , retinol (461 ppb), RetinAl (50 ppb), retinyl palmitate (555 ppb), hydroxypinacolone retinoate (10 ppb), retinyl retinoate (30 ppb), silybin, SH-polypeptide -121 (9,900 ppb), soluble collagen (0.01 ppb), madecassoside, glucose, allantoin, adenosine, dipotassium glycyrrhizate, diisopropyl adipate, lecithin, peanut oil, caprylic\/capric triglyceride Lyde, isopropyl lauroyl sarcosinate, diethylhexylsyringylidene malonate, benzotriazolyldodecyl p-cresol, glycereth-25PCA isostearate, decyl glucoside, tocopherol, potassium sorbate, BHT, BHA, PPG-13-decyltetradeceth-24, polysorbate 20, caramel, carbomer, tromethamine, disodium EDTA, caprylyl glycol, ethylhexylglycerin, hydroxyl Acetophenone, fragrance<\/em><\/div>\n<div><\/div>\n<div><em>[Retinol Collagen Lifting Ampoule]<\/em><br \/>\n<em>Purified water, butylene glycol, glycerin, cetyl ethylhexanoate, niacinamide, cetearyl alcohol, meadowfoam seed oil, propanediol, true rose of Jericho extract, camellia tree Flower extract, tomato extract, 1,2-hexanediol, caprylic\/capric triglyceride, argan kernel oil, macadamia seed oil, sunflower seed oil, dipropylene glycol, hydrogenated polydecene, sodium high Aluronate, glucose, dipotassium glycyrrhizate, retinyl palmitate (10,000 IU\/g), SH-polypeptide-121 (9,900 ppb), retinol (461 ppb), RetinAl (50 ppb), retinyl Retinoate (30 ppb), hydroxypinacolone retinoate (10 ppb), soluble collagen (0.01 ppb), silybin, cetearyl glucoside, caprylyl glycol, sodium polyacrylate, arginine, lecithin, xanthan Gum, tocopherol, yellow lotus root extract, tocopheryl acetate, diisopropyl adipate, C14-22 alcohol, cetyl palmitate, sorbitan olivate, sorbitan palmitate, C12-20 alkyl glucoside, isopropyl lauroyl sarcosinate, Pentylene glycol, madecassoside, decyl glucoside, benzotriazolyldodecyl p-cresol, diethylhexylsyringylidenemalonate, simethicone, cetearylethylhexanoate, acrylate\/C10-30 Alkyl acrylate crosspolymer, hydroxyacetophenone, carbomer, peanut oil, ethylhexylglycerin, potassium sorbate, PPG-13-decyltetradeceth-24, polysorbate 20, BHT, BHA, disodium EDTA, Fragrance<\/em><\/div>\n<div><\/div>\n<div><em>[Retinol Collagen Lifting Cream]<\/em><br \/>\n<em>Purified water, glycerin, ethylhexyl palmitate, cetyl ethylhexanoate, Glycereth-26, dipropylene glycol, niacinamide, butylene glycol, palmitic acid, C14 -22 alcohol, caprylic\/capric triglyceride, C12-20 alkyl glucoside, 1,2-hexanediol, propanediol, retinyl palmitate (10,000 IU\/g), retinyl retinoate (30 ppb) ), hydroxypinacolone retinoate (10 ppb), madecassoside, camellia flower extract, tomato extract, diethylhexylsyringylidene malonate, benzotriazolyldodecyl p-cresol, glucose, panthenol, Dipotassium glycyrrhizate, SH-polypeptide-121 (9,900 ppb), diisopropyl adipate, true rose of Jericho extract, lecithin, pPG-13-decyltetradeceth-24, peanut oil, silybin, Retinol (50 ppb), Retinol (461 ppb), BHT, soluble collagen (0.01 ppb), polyglyceryl-10 behenate\/eicosadioate, isopropylauroyl sarcosinate, cyanocobalamin, caramel , Tocopherol, Pentylene Glycol, BHA, Decyl Glucoside, Polysorbate 60, Polysorbate 20, Sorbitan Stearate, Glycereth-25PCA Isostearate, Sorbitan Isostearate, Xanthan Gum, Acrylate \/C10-30 Alkyl acrylate crosspolymer, hydroxyethyl acrylate\/sodium acryloyl dimethyl taurate copolymer, glyceryl acrylate\/acrylic acid copolymer, ammonium acryloyl dimethyl taurate\/V picopolymer, Tromethamine, stearic acid, potassium sorbate, pentaerythrityl tetraethylhexanoate, disodium EDTA, hydroxyacetophenone, caprylyl glycol, ethylhexylglycerin, fragrance<\/em><\/div>\n<\/div>","protected":false},"excerpt":{"rendered":"<p>Probni set sa retinolom i kolagenom sa efektom podmla\u0111ivanja. 1 komplet<\/p>","protected":false},"featured_media":6003,"template":"","meta":{"_acf_changed":false},"product_brand":[],"product_cat":[400,461,462,224,350,263,86,437,476,388,296],"product_tag":[515],"class_list":{"0":"post-6002","1":"product","2":"type-product","3":"status-publish","4":"has-post-thumbnail","6":"product_cat-lifting","7":"product_cat-pore","8":"product_cat-dryness","9":"product_cat-antiage","10":"product_cat-nourishing","11":"product_cat-revitalizing","12":"product_cat-moisturizing","13":"product_cat-alltypesofskin","14":"product_cat-cleansingfoam","15":"product_cat-sets","16":"product_cat-medi-peel","17":"product_tag-retinol-collagen","19":"first","20":"instock","21":"shipping-taxable","22":"purchasable","23":"product-type-simple"},"acf":[],"yoast_head":"<!-- This site is optimized with the Yoast SEO Premium plugin v19.6 (Yoast SEO v20.11) - https:\/\/yoast.com\/wordpress\/plugins\/seo\/ -->\n<title>Medi-Peel Retinol Collagen Lifting Trial Kit - Malina Beauty Store<\/title>\n<meta name=\"robots\" content=\"index, follow, max-snippet:-1, max-image-preview:large, max-video-preview:-1\" \/>\n<link rel=\"canonical\" href=\"https:\/\/malinacosmetics.com\/sr\/\u043f\u0440\u043e\u0438\u0437\u0432\u043e\u0434\/medi-peel-retinol-collagen-lifting-trial-kit\/\" \/>\n<meta property=\"og:locale\" content=\"sr_RS\" \/>\n<meta property=\"og:type\" content=\"article\" \/>\n<meta property=\"og:title\" content=\"Medi-Peel Retinol Collagen Lifting Trial Kit\" \/>\n<meta property=\"og:description\" content=\"\u041f\u0440\u043e\u0431\u043d\u044b\u0439 \u043d\u0430\u0431\u043e\u0440 \u0441 \u0440\u0435\u0442\u0438\u043d\u043e\u043b\u043e\u043c \u0438 \u043a\u043e\u043b\u043b\u0430\u0433\u0435\u043d\u043e\u043c \u0441 \u043e\u043c\u043e\u043b\u0430\u0436\u0438\u0432\u0430\u044e\u0449\u0438\u043c \u044d\u0444\u0444\u0435\u043a\u0442\u043e\u043c. 1 \u043a\u043e\u043c\u043f\u043b\u0435\u043a\u0442\" \/>\n<meta property=\"og:url\" content=\"https:\/\/malinacosmetics.com\/sr\/\u043f\u0440\u043e\u0438\u0437\u0432\u043e\u0434\/medi-peel-retinol-collagen-lifting-trial-kit\/\" \/>\n<meta property=\"og:site_name\" content=\"Malina Beauty Store\" \/>\n<meta property=\"article:publisher\" content=\"https:\/\/www.facebook.com\/MalinaBeautyShopMe\/\" \/>\n<meta property=\"article:modified_time\" content=\"2025-10-30T14:27:46+00:00\" \/>\n<meta property=\"og:image\" content=\"https:\/\/malinacosmetics.com\/wp-content\/uploads\/2024\/01\/Medi_Peel-Retinol-Collagen-Lifting-Trial-Kit.jpg\" \/>\n\t<meta property=\"og:image:width\" content=\"1200\" \/>\n\t<meta property=\"og:image:height\" content=\"1200\" \/>\n\t<meta property=\"og:image:type\" content=\"image\/jpeg\" \/>\n<meta name=\"twitter:card\" content=\"summary_large_image\" \/>\n<script type=\"application\/ld+json\" class=\"yoast-schema-graph\">{\"@context\":\"https:\/\/schema.org\",\"@graph\":[{\"@type\":[\"WebPage\",\"ItemPage\"],\"@id\":\"https:\/\/malinacosmetics.com\/product\/medi-peel-retinol-collagen-lifting-trial-kit\/\",\"url\":\"https:\/\/malinacosmetics.com\/product\/medi-peel-retinol-collagen-lifting-trial-kit\/\",\"name\":\"Medi-Peel Retinol Collagen Lifting Trial Kit - Malina Beauty Store\",\"isPartOf\":{\"@id\":\"https:\/\/malinacosmetics.com\/#website\"},\"datePublished\":\"2024-01-14T18:06:42+00:00\",\"dateModified\":\"2025-10-30T14:27:46+00:00\",\"breadcrumb\":{\"@id\":\"https:\/\/malinacosmetics.com\/product\/medi-peel-retinol-collagen-lifting-trial-kit\/#breadcrumb\"},\"inLanguage\":\"sr-RS\",\"potentialAction\":[{\"@type\":\"ReadAction\",\"target\":[\"https:\/\/malinacosmetics.com\/product\/medi-peel-retinol-collagen-lifting-trial-kit\/\"]}]},{\"@type\":\"BreadcrumbList\",\"@id\":\"https:\/\/malinacosmetics.com\/product\/medi-peel-retinol-collagen-lifting-trial-kit\/#breadcrumb\",\"itemListElement\":[{\"@type\":\"ListItem\",\"position\":1,\"name\":\"\u0413\u043b\u0430\u0432\u043d\u0430\u044f \u0441\u0442\u0440\u0430\u043d\u0438\u0446\u0430\",\"item\":\"https:\/\/malinacosmetics.com\/\"},{\"@type\":\"ListItem\",\"position\":2,\"name\":\"\u041a\u0430\u0442\u0430\u043b\u043e\u0433\",\"item\":\"https:\/\/malinacosmetics.com\/sr\/shop\/\"},{\"@type\":\"ListItem\",\"position\":3,\"name\":\"Medi-Peel Retinol Collagen Lifting Trial Kit\"}]},{\"@type\":\"WebSite\",\"@id\":\"https:\/\/malinacosmetics.com\/#website\",\"url\":\"https:\/\/malinacosmetics.com\/\",\"name\":\"Malina Beauty Store\",\"description\":\"Prodaja korejske kozmetike za Crnu Goru\",\"publisher\":{\"@id\":\"https:\/\/malinacosmetics.com\/#organization\"},\"potentialAction\":[{\"@type\":\"SearchAction\",\"target\":{\"@type\":\"EntryPoint\",\"urlTemplate\":\"https:\/\/malinacosmetics.com\/?s={search_term_string}\"},\"query-input\":\"required name=search_term_string\"}],\"inLanguage\":\"sr-RS\"},{\"@type\":\"Organization\",\"@id\":\"https:\/\/malinacosmetics.com\/#organization\",\"name\":\"malinacosmetics\",\"url\":\"https:\/\/malinacosmetics.com\/\",\"logo\":{\"@type\":\"ImageObject\",\"inLanguage\":\"sr-RS\",\"@id\":\"https:\/\/malinacosmetics.com\/#\/schema\/logo\/image\/\",\"url\":\"https:\/\/malinacosmetics.com\/wp-content\/uploads\/2021\/07\/logo.png\",\"contentUrl\":\"https:\/\/malinacosmetics.com\/wp-content\/uploads\/2021\/07\/logo.png\",\"width\":500,\"height\":353,\"caption\":\"malinacosmetics\"},\"image\":{\"@id\":\"https:\/\/malinacosmetics.com\/#\/schema\/logo\/image\/\"},\"sameAs\":[\"https:\/\/www.facebook.com\/MalinaBeautyShopMe\/\"]}]}<\/script>\n<meta property=\"product:brand\" content=\"simple\" \/>\n<meta property=\"product:price:amount\" content=\"28.00\" \/>\n<meta property=\"product:price:currency\" content=\"EUR\" \/>\n<meta property=\"og:availability\" content=\"instock\" \/>\n<meta property=\"product:availability\" content=\"instock\" \/>\n<meta property=\"product:condition\" content=\"new\" \/>\n<!-- \/ Yoast SEO Premium plugin. -->","yoast_head_json":{"title":"Medi-Peel Retinol Collagen Lifting Trial Kit - Malina Beauty Store","robots":{"index":"index","follow":"follow","max-snippet":"max-snippet:-1","max-image-preview":"max-image-preview:large","max-video-preview":"max-video-preview:-1"},"canonical":"https:\/\/malinacosmetics.com\/sr\/\u043f\u0440\u043e\u0438\u0437\u0432\u043e\u0434\/medi-peel-retinol-collagen-lifting-trial-kit\/","og_locale":"sr_RS","og_type":"article","og_title":"Medi-Peel Retinol Collagen Lifting Trial Kit","og_description":"\u041f\u0440\u043e\u0431\u043d\u044b\u0439 \u043d\u0430\u0431\u043e\u0440 \u0441 \u0440\u0435\u0442\u0438\u043d\u043e\u043b\u043e\u043c \u0438 \u043a\u043e\u043b\u043b\u0430\u0433\u0435\u043d\u043e\u043c \u0441 \u043e\u043c\u043e\u043b\u0430\u0436\u0438\u0432\u0430\u044e\u0449\u0438\u043c \u044d\u0444\u0444\u0435\u043a\u0442\u043e\u043c. 1 \u043a\u043e\u043c\u043f\u043b\u0435\u043a\u0442","og_url":"https:\/\/malinacosmetics.com\/sr\/\u043f\u0440\u043e\u0438\u0437\u0432\u043e\u0434\/medi-peel-retinol-collagen-lifting-trial-kit\/","og_site_name":"Malina Beauty Store","article_publisher":"https:\/\/www.facebook.com\/MalinaBeautyShopMe\/","article_modified_time":"2025-10-30T14:27:46+00:00","og_image":[{"width":1200,"height":1200,"url":"https:\/\/malinacosmetics.com\/wp-content\/uploads\/2024\/01\/Medi_Peel-Retinol-Collagen-Lifting-Trial-Kit.jpg","type":"image\/jpeg"}],"twitter_card":"summary_large_image","schema":{"@context":"https:\/\/schema.org","@graph":[{"@type":["WebPage","ItemPage"],"@id":"https:\/\/malinacosmetics.com\/product\/medi-peel-retinol-collagen-lifting-trial-kit\/","url":"https:\/\/malinacosmetics.com\/product\/medi-peel-retinol-collagen-lifting-trial-kit\/","name":"Medi-Peel Retinol Collagen Lifting Trial Kit - Malina Beauty Store","isPartOf":{"@id":"https:\/\/malinacosmetics.com\/#website"},"datePublished":"2024-01-14T18:06:42+00:00","dateModified":"2025-10-30T14:27:46+00:00","breadcrumb":{"@id":"https:\/\/malinacosmetics.com\/product\/medi-peel-retinol-collagen-lifting-trial-kit\/#breadcrumb"},"inLanguage":"sr-RS","potentialAction":[{"@type":"ReadAction","target":["https:\/\/malinacosmetics.com\/product\/medi-peel-retinol-collagen-lifting-trial-kit\/"]}]},{"@type":"BreadcrumbList","@id":"https:\/\/malinacosmetics.com\/product\/medi-peel-retinol-collagen-lifting-trial-kit\/#breadcrumb","itemListElement":[{"@type":"ListItem","position":1,"name":"\u0413\u043b\u0430\u0432\u043d\u0430\u044f \u0441\u0442\u0440\u0430\u043d\u0438\u0446\u0430","item":"https:\/\/malinacosmetics.com\/"},{"@type":"ListItem","position":2,"name":"\u041a\u0430\u0442\u0430\u043b\u043e\u0433","item":"https:\/\/malinacosmetics.com\/sr\/shop\/"},{"@type":"ListItem","position":3,"name":"Medi-Peel Retinol Collagen Lifting Trial Kit"}]},{"@type":"WebSite","@id":"https:\/\/malinacosmetics.com\/#website","url":"https:\/\/malinacosmetics.com\/","name":"Malina Beauty Store","description":"Prodaja korejske kozmetike za Crnu Goru","publisher":{"@id":"https:\/\/malinacosmetics.com\/#organization"},"potentialAction":[{"@type":"SearchAction","target":{"@type":"EntryPoint","urlTemplate":"https:\/\/malinacosmetics.com\/?s={search_term_string}"},"query-input":"required name=search_term_string"}],"inLanguage":"sr-RS"},{"@type":"Organization","@id":"https:\/\/malinacosmetics.com\/#organization","name":"malinacosmetics","url":"https:\/\/malinacosmetics.com\/","logo":{"@type":"ImageObject","inLanguage":"sr-RS","@id":"https:\/\/malinacosmetics.com\/#\/schema\/logo\/image\/","url":"https:\/\/malinacosmetics.com\/wp-content\/uploads\/2021\/07\/logo.png","contentUrl":"https:\/\/malinacosmetics.com\/wp-content\/uploads\/2021\/07\/logo.png","width":500,"height":353,"caption":"malinacosmetics"},"image":{"@id":"https:\/\/malinacosmetics.com\/#\/schema\/logo\/image\/"},"sameAs":["https:\/\/www.facebook.com\/MalinaBeautyShopMe\/"]}]},"product_brand":"simple","product_price_amount":"28.00","product_price_currency":"EUR","og_availability":"instock","product_availability":"instock","product_condition":"new"},"jetpack_sharing_enabled":true,"_links":{"self":[{"href":"https:\/\/malinacosmetics.com\/sr\/wp-json\/wp\/v2\/product\/6002","targetHints":{"allow":["GET"]}}],"collection":[{"href":"https:\/\/malinacosmetics.com\/sr\/wp-json\/wp\/v2\/product"}],"about":[{"href":"https:\/\/malinacosmetics.com\/sr\/wp-json\/wp\/v2\/types\/product"}],"wp:featuredmedia":[{"embeddable":true,"href":"https:\/\/malinacosmetics.com\/sr\/wp-json\/wp\/v2\/media\/6003"}],"wp:attachment":[{"href":"https:\/\/malinacosmetics.com\/sr\/wp-json\/wp\/v2\/media?parent=6002"}],"wp:term":[{"taxonomy":"product_brand","embeddable":true,"href":"https:\/\/malinacosmetics.com\/sr\/wp-json\/wp\/v2\/product_brand?post=6002"},{"taxonomy":"product_cat","embeddable":true,"href":"https:\/\/malinacosmetics.com\/sr\/wp-json\/wp\/v2\/product_cat?post=6002"},{"taxonomy":"product_tag","embeddable":true,"href":"https:\/\/malinacosmetics.com\/sr\/wp-json\/wp\/v2\/product_tag?post=6002"}],"curies":[{"name":"wp","href":"https:\/\/api.w.org\/{rel}","templated":true}]}}