{"id":5845,"date":"2023-11-23T01:57:37","date_gmt":"2023-11-22T22:57:37","guid":{"rendered":"https:\/\/malinacosmetics.com\/?post_type=product&#038;p=5845"},"modified":"2025-10-24T21:23:33","modified_gmt":"2025-10-24T19:23:33","slug":"medi-peel-herbal-peel-tox-pro2-2","status":"publish","type":"product","link":"https:\/\/malinacosmetics.com\/sr\/\u043f\u0440\u043e\u0438\u0437\u0432\u043e\u0434\/medi-peel-herbal-peel-tox-pro2-2\/","title":{"rendered":"Medi-Peel Herbal Peel Tox PRO"},"content":{"rendered":"<p class=\"translation-block\">A\u017eurirana verzija piling maske sa spikulama Medi-Peel Herbal Peel Tox PRO, zahvaljuju\u0107i pobolj\u0161anoj formuli glavnih sastojaka, ima odli\u010dan efekat pilinga i \u010di\u0161c\u0301enja, ima izra\u017een antioksidativni efekat, le\u010di ko\u017eu, pobolj\u0161ava njen ten i tonizira. Maska efikasno rastvara masne \u010depove i ne\u010distoc\u0301e u porama, reguli\u0161e proizvodnju sebuma, podsti\u0107e smanjenje upala i akni. Umiruje iritiranu ko\u017eu, ubla\u017eava svrab i crvenilo. Pilinguje i polira ko\u017eu uklanjaju\u0107i odumrle c\u0301elije sa iste. Ja\u010da za\u0161titnu funkciju epidermisa i obnavlja lipidnu barijeru ko\u017ee, poma\u017ee u borbi protiv nesavr\u0161enosti ko\u017ee, ubrzava smanjenje upala i vidljivost post-akni.<br>\nKlju\u010dna komponenta maske je prah od spikula morskog sun\u0111era. Sastav spikule uklju\u010duje vi\u0161e od 60 korisnih morskih mikroorganizama, 21 vrstu aminokiselina i 14 vrsta minerala. Spikule su u stanju da prodiru duboko u sloj dermisa, gde stimuli\u0161u proizvodnju kolagenskih i elastinskih vlakana, koji su odgovorni za elasti\u010dnost ko\u017ee. Intenzivno hidriraju i stimuli\u0161u procese deobe c\u0301elija i regeneraciju ko\u017ee.<br>\nGlavni sastojci:<br>\nEktoin i kompleks od 8 hijaluronskih kiselina razli\u010dite molekularne te\u017eine u duetu dubinski vla\u017ee i obnavlja ravnote\u017eu vode u \u0107elijskim sistemima. Ektoin je sna\u017ean antioksidans koji, osim \u0161to zadr\u017eava vlagu, \u0161titi ko\u017eu od fotostarenja.<br>\nMultiEx BSASM\u00ae Plus je patentirani biljni kompleks koji se sastoji od ruzmarina, kamilice, kamelije, centele, sladi\u0107a, polygonuma i bajkalske kapice. Ubla\u017eava inflamatorni proces, djeluje antisepti\u010dki i bori se protiv razmno\u017eavanja bakterija. Odli\u010dan za ko\u017eu s rozaceom, pro\u0161irenim porama i neujedna\u010denim tonom ko\u017ee.<br>\nKompleks od 9 vrsta peptida pove\u0107ava \u010dvrsto\u0107u i elasti\u010dnost ko\u017ee, ubrzava proizvodnju vlastitih kolagenih i elastinskih vlakana u tijelu. Smanjuje dubinu bora i spre\u010dava opu\u0161tanje ko\u017ee. Ja\u010da za\u0161titnu barijeru ko\u017ee.<br>\nHerb Complex od 41 vrste biljaka sa visokim antioksidativnim delovanjem stimuli\u0161e obnavljanje ko\u017ee, pobolj\u0161ava cirkulaciju, \u010dini ko\u017eu zdravom, sjajnom i blistavom.<br>\nBentonit blago su\u0161i, aktivira obnavljanje \u0107elija, upija toksine, omek\u0161ava i zasi\u0107uje korisnim mineralima.<br>\nProizvod se preporu\u010duje za njegu upaljene, nadra\u017eene ko\u017ee, za preventivnu i za\u0161titnu njegu.<\/p>\n<p><strong><br>Na\u010din upotrebe:<\/strong>\u00a0Pripremite ko\u017eu tonikom nakon \u010di\u0161c\u0301enja. Rasporedite po cijelom licu i nje\u017eno masirajte 30 sekundi. Isperite mlakom vodom nakon 15 minuta.<\/p>\n<hr \/>\n<div><em><strong><em>Sastojci:<\/em><\/strong>\u00a0<span data-sheets-value=\"{&quot;1&quot;:2,&quot;2&quot;:&quot;Glycerin, Purified Water, Dipropylene Glycol, Green Tea Powder, Bentonite, Cetyl Ethylhexanoate, Black Sesame Extract, Tea Tree Extract, Black Bean Extract, Polysorbate 60, Mugwort Powder, Sorbitan Stearate, Stearic Acid, Sodium. Acrylate\/sodium Acryloyl Dimethyl Taurate Copolymer, Isohexadecane, 1,2-hexanediol, Mugwort Extract, Mulberry Root Extract, Medicinal Buckwheat Extract, Lobule Leaf Extract, Virginia Wildflower Leaf Extract, Salvia Leaf Extract, Goji Berry Extract, Centella Asiatica Leaf Extract, Caprylyl Glycol, Ethylhexyl Glycerin, Clophenesin, Butylene Glycol, Xanthan Gum, Chromium Oxide Green, Polysorbate 80, Centella Asiatica Extract, Asiaticoside, Golden Extract, Asiatic Acid, Madecassic Acid, Tropolone, Grape Callus Culture Extract, Lotus Callus Culture Extract, Green Tea Callus Culture Extract, Matricaria Flower Extract, Dandelion Leaf Extract, Port Marigold Flower Extract, Ginkgo Leaf Extract, Spanish Licorice Root Extract , Japanese Knotweed Root Extract, Eucalyptus Leaf Extract, Matricaria Extract, White Willow Bark Extract, Port Marigold Extract, Licorice Root Extract, Common Jasmine Extract, Lavender Extract, Rosemary Extract, Lachemosa Riding Root Extract, Sorghum Root Extract, Mud Mushroom Extract, Angelica Root Extract, Mulberry Bark Extract, Peony Root Extract, Thief's Cane Root Extract, Green Tea Extract, Ectoin, Hydrolyzed Sponge, Reed Extract, Bokryeong Extract, Rosemary Leaf Extract, Borage Extract, Corn Mint Leaf Extract, Thyme Extract, Virginia Wildflower Extract, Ginseng Callus Culture Extract, Palmitoyl Tetrapeptide-7, Acetyloctapeptide-3, Sodium Hyaluronate, Copper Tripeptide-1, Acetylhexapeptide-8, Palmitoyl Pentapeptide Peptide-4, Tripeptide-1, Palmitoyl Tripeptide-1, Hexapeptide-9, Myristoylpentapeptide-17, Nonapeptide-1, Hydroxypropyl Trimonium Hyaluronate, Allantoin, Rh-oligo Peptide-1, Rh-polypeptide-11, Sodium Acetylated Hyaluronate, Hydrolyzed Hyaluronic Acid, Hyaluronic Acid, Sodium Hyaluronate Crosspolymer, Hydrolyzed Sodium Hyaluronate, Potassium Hyaluronate, Fragrance&quot;}\" data-sheets-userformat=\"{&quot;2&quot;:15039,&quot;3&quot;:{&quot;1&quot;:0},&quot;4&quot;:{&quot;1&quot;:3,&quot;3&quot;:2},&quot;5&quot;:{&quot;1&quot;:[{&quot;1&quot;:2,&quot;2&quot;:0,&quot;5&quot;:{&quot;1&quot;:2,&quot;2&quot;:0}},{&quot;1&quot;:0,&quot;2&quot;:0,&quot;3&quot;:3},{&quot;1&quot;:1,&quot;2&quot;:0,&quot;4&quot;:1}]},&quot;6&quot;:{&quot;1&quot;:[{&quot;1&quot;:2,&quot;2&quot;:0,&quot;5&quot;:{&quot;1&quot;:2,&quot;2&quot;:0}},{&quot;1&quot;:0,&quot;2&quot;:0,&quot;3&quot;:3},{&quot;1&quot;:1,&quot;2&quot;:0,&quot;4&quot;:1}]},&quot;7&quot;:{&quot;1&quot;:[{&quot;1&quot;:2,&quot;2&quot;:0,&quot;5&quot;:{&quot;1&quot;:2,&quot;2&quot;:0}},{&quot;1&quot;:0,&quot;2&quot;:0,&quot;3&quot;:3},{&quot;1&quot;:1,&quot;2&quot;:0,&quot;4&quot;:1}]},&quot;8&quot;:{&quot;1&quot;:[{&quot;1&quot;:2,&quot;2&quot;:0,&quot;5&quot;:{&quot;1&quot;:2,&quot;2&quot;:0}},{&quot;1&quot;:0,&quot;2&quot;:0,&quot;3&quot;:3},{&quot;1&quot;:1,&quot;2&quot;:0,&quot;4&quot;:1}]},&quot;10&quot;:1,&quot;12&quot;:0,&quot;14&quot;:{&quot;1&quot;:3,&quot;3&quot;:1},&quot;15&quot;:&quot;Calibri&quot;,&quot;16&quot;:9}\">Glycerin, Purified Water, Dipropylene Glycol, Green Tea Powder, Bentonite, Cetyl Ethylhexanoate, Black Sesame Extract, Tea Tree Extract, Black Bean Extract, Polysorbate 60, Mugwort Powder, Sorbitan Stearate, Stearic Acid, Sodium. Acrylate\/sodium Acryloyl Dimethyl Taurate Copolymer, Isohexadecane, 1,2-hexanediol, Mugwort Extract, Mulberry Root Extract, Medicinal Buckwheat Extract, Lobule Leaf Extract, Virginia Wildflower Leaf Extract, Salvia Leaf Extract, Goji Berry Extract, Centella Asiatica Leaf Extract, Caprylyl Glycol, Ethylhexyl Glycerin, Clophenesin, Butylene Glycol, Xanthan Gum, Chromium Oxide Green, Polysorbate 80, Centella Asiatica Extract, Asiaticoside, Golden Extract, Asiatic Acid, Madecassic Acid, Tropolone, Grape Callus Culture Extract, Lotus Callus Culture Extract, Green Tea Callus Culture Extract, Matricaria Flower Extract, Dandelion Leaf Extract, Port Marigold Flower Extract, Ginkgo Leaf Extract, Spanish Licorice Root Extract , Japanese Knotweed Root Extract, Eucalyptus Leaf Extract, Matricaria Extract, White Willow Bark Extract, Port Marigold Extract, Licorice Root Extract, Common Jasmine Extract, Lavender Extract, Rosemary Extract, Lachemosa Riding Root Extract, Sorghum Root Extract, Mud Mushroom Extract, Angelica Root Extract, Mulberry Bark Extract, Peony Root Extract, Thief\u2019s Cane Root Extract, Green Tea Extract, Ectoin, Hydrolyzed Sponge, Reed Extract, Bokryeong Extract, Rosemary Leaf Extract, Borage Extract, Corn Mint Leaf Extract, Thyme Extract, Virginia Wildflower Extract, Ginseng Callus Culture Extract, Palmitoyl Tetrapeptide-7, Acetyloctapeptide-3, Sodium Hyaluronate, Copper Tripeptide-1, Acetylhexapeptide-8, Palmitoyl Pentapeptide Peptide-4, Tripeptide-1, Palmitoyl Tripeptide-1, Hexapeptide-9, Myristoylpentapeptide-17, Nonapeptide-1, Hydroxypropyl Trimonium Hyaluronate, Allantoin, Rh-oligo Peptide-1, Rh-polypeptide-11, Sodium Acetylated Hyaluronate, Hydrolyzed Hyaluronic Acid, Hyaluronic Acid, Sodium Hyaluronate Crosspolymer, Hydrolyzed Sodium Hyaluronate, Potassium Hyaluronate, Fragrance<\/span><\/em><\/div>","protected":false},"excerpt":{"rendered":"<p>Biljna piling maska \u200b\u200bsa detoks efektom. 120 gr<\/p>","protected":false},"featured_media":5782,"template":"","meta":{"_acf_changed":false},"product_brand":[],"product_cat":[457,456,460,462,224,86,437,63,447,353,452,453,296],"product_tag":[],"class_list":{"0":"post-5845","1":"product","2":"type-product","3":"status-publish","4":"has-post-thumbnail","6":"product_cat-acne","7":"product_cat-rozacea","8":"product_cat-blackheads","9":"product_cat-dryness","10":"product_cat-antiage","11":"product_cat-moisturizing","12":"product_cat-alltypesofskin","13":"product_cat-cleansing","14":"product_cat-peelingmask","15":"product_cat-masks","16":"product_cat-purifyingmask","17":"product_cat-rinse-off-mask","18":"product_cat-medi-peel","20":"first","21":"outofstock","22":"shipping-taxable","23":"purchasable","24":"product-type-simple"},"acf":[],"yoast_head":"<!-- This site is optimized with the Yoast SEO Premium plugin v19.6 (Yoast SEO v20.11) - https:\/\/yoast.com\/wordpress\/plugins\/seo\/ -->\n<title>Medi-Peel Herbal Peel Tox PRO - Malina Beauty Store<\/title>\n<meta name=\"robots\" content=\"index, follow, max-snippet:-1, max-image-preview:large, max-video-preview:-1\" \/>\n<link rel=\"canonical\" href=\"https:\/\/malinacosmetics.com\/sr\/\u043f\u0440\u043e\u0438\u0437\u0432\u043e\u0434\/medi-peel-herbal-peel-tox-pro2-2\/\" \/>\n<meta property=\"og:locale\" content=\"sr_RS\" \/>\n<meta property=\"og:type\" content=\"article\" \/>\n<meta property=\"og:title\" content=\"Medi-Peel Herbal Peel Tox PRO\" \/>\n<meta property=\"og:description\" content=\"\u041e\u0447\u0438\u0449\u0430\u044e\u0449\u0430\u044f \u0440\u0430\u0441\u0442\u0438\u0442\u0435\u043b\u044c\u043d\u0430\u044f \u043f\u0438\u043b\u0438\u043d\u0433-\u043c\u0430\u0441\u043a\u0430 \u0441 \u044d\u0444\u0444\u0435\u043a\u0442\u043e\u043c \u0434\u0435\u0442\u043e\u043a\u0441\u0430. 120 gr\" \/>\n<meta property=\"og:url\" content=\"https:\/\/malinacosmetics.com\/sr\/\u043f\u0440\u043e\u0438\u0437\u0432\u043e\u0434\/medi-peel-herbal-peel-tox-pro2-2\/\" \/>\n<meta property=\"og:site_name\" content=\"Malina Beauty Store\" \/>\n<meta property=\"article:publisher\" content=\"https:\/\/www.facebook.com\/MalinaBeautyShopMe\/\" \/>\n<meta property=\"article:modified_time\" content=\"2025-10-24T19:23:33+00:00\" \/>\n<meta property=\"og:image\" content=\"https:\/\/malinacosmetics.com\/wp-content\/uploads\/2023\/10\/Medi-Peel-Herbal-Peel-Tox-Pro.jpg\" \/>\n\t<meta property=\"og:image:width\" content=\"1200\" \/>\n\t<meta property=\"og:image:height\" content=\"1200\" \/>\n\t<meta property=\"og:image:type\" content=\"image\/jpeg\" \/>\n<meta name=\"twitter:card\" content=\"summary_large_image\" \/>\n<script type=\"application\/ld+json\" class=\"yoast-schema-graph\">{\"@context\":\"https:\/\/schema.org\",\"@graph\":[{\"@type\":[\"WebPage\",\"ItemPage\"],\"@id\":\"https:\/\/malinacosmetics.com\/product\/medi-peel-herbal-peel-tox-pro2-2\/\",\"url\":\"https:\/\/malinacosmetics.com\/product\/medi-peel-herbal-peel-tox-pro2-2\/\",\"name\":\"Medi-Peel Herbal Peel Tox PRO - Malina Beauty Store\",\"isPartOf\":{\"@id\":\"https:\/\/malinacosmetics.com\/#website\"},\"datePublished\":\"2023-11-22T22:57:37+00:00\",\"dateModified\":\"2025-10-24T19:23:33+00:00\",\"breadcrumb\":{\"@id\":\"https:\/\/malinacosmetics.com\/product\/medi-peel-herbal-peel-tox-pro2-2\/#breadcrumb\"},\"inLanguage\":\"sr-RS\",\"potentialAction\":[{\"@type\":\"ReadAction\",\"target\":[\"https:\/\/malinacosmetics.com\/product\/medi-peel-herbal-peel-tox-pro2-2\/\"]}]},{\"@type\":\"BreadcrumbList\",\"@id\":\"https:\/\/malinacosmetics.com\/product\/medi-peel-herbal-peel-tox-pro2-2\/#breadcrumb\",\"itemListElement\":[{\"@type\":\"ListItem\",\"position\":1,\"name\":\"\u0413\u043b\u0430\u0432\u043d\u0430\u044f \u0441\u0442\u0440\u0430\u043d\u0438\u0446\u0430\",\"item\":\"https:\/\/malinacosmetics.com\/\"},{\"@type\":\"ListItem\",\"position\":2,\"name\":\"\u041a\u0430\u0442\u0430\u043b\u043e\u0433\",\"item\":\"https:\/\/malinacosmetics.com\/sr\/shop\/\"},{\"@type\":\"ListItem\",\"position\":3,\"name\":\"Medi-Peel Herbal Peel Tox PRO\"}]},{\"@type\":\"WebSite\",\"@id\":\"https:\/\/malinacosmetics.com\/#website\",\"url\":\"https:\/\/malinacosmetics.com\/\",\"name\":\"Malina Beauty Store\",\"description\":\"Prodaja korejske kozmetike za Crnu Goru\",\"publisher\":{\"@id\":\"https:\/\/malinacosmetics.com\/#organization\"},\"potentialAction\":[{\"@type\":\"SearchAction\",\"target\":{\"@type\":\"EntryPoint\",\"urlTemplate\":\"https:\/\/malinacosmetics.com\/?s={search_term_string}\"},\"query-input\":\"required name=search_term_string\"}],\"inLanguage\":\"sr-RS\"},{\"@type\":\"Organization\",\"@id\":\"https:\/\/malinacosmetics.com\/#organization\",\"name\":\"malinacosmetics\",\"url\":\"https:\/\/malinacosmetics.com\/\",\"logo\":{\"@type\":\"ImageObject\",\"inLanguage\":\"sr-RS\",\"@id\":\"https:\/\/malinacosmetics.com\/#\/schema\/logo\/image\/\",\"url\":\"https:\/\/malinacosmetics.com\/wp-content\/uploads\/2021\/07\/logo.png\",\"contentUrl\":\"https:\/\/malinacosmetics.com\/wp-content\/uploads\/2021\/07\/logo.png\",\"width\":500,\"height\":353,\"caption\":\"malinacosmetics\"},\"image\":{\"@id\":\"https:\/\/malinacosmetics.com\/#\/schema\/logo\/image\/\"},\"sameAs\":[\"https:\/\/www.facebook.com\/MalinaBeautyShopMe\/\"]}]}<\/script>\n<meta property=\"product:brand\" content=\"simple\" \/>\n<meta property=\"product:price:amount\" content=\"30.00\" \/>\n<meta property=\"product:price:currency\" content=\"EUR\" \/>\n<meta property=\"og:availability\" content=\"out of stock\" \/>\n<meta property=\"product:availability\" content=\"out of stock\" \/>\n<meta property=\"product:condition\" content=\"new\" \/>\n<!-- \/ Yoast SEO Premium plugin. -->","yoast_head_json":{"title":"Medi-Peel Herbal Peel Tox PRO - Malina Beauty Store","robots":{"index":"index","follow":"follow","max-snippet":"max-snippet:-1","max-image-preview":"max-image-preview:large","max-video-preview":"max-video-preview:-1"},"canonical":"https:\/\/malinacosmetics.com\/sr\/\u043f\u0440\u043e\u0438\u0437\u0432\u043e\u0434\/medi-peel-herbal-peel-tox-pro2-2\/","og_locale":"sr_RS","og_type":"article","og_title":"Medi-Peel Herbal Peel Tox PRO","og_description":"\u041e\u0447\u0438\u0449\u0430\u044e\u0449\u0430\u044f \u0440\u0430\u0441\u0442\u0438\u0442\u0435\u043b\u044c\u043d\u0430\u044f \u043f\u0438\u043b\u0438\u043d\u0433-\u043c\u0430\u0441\u043a\u0430 \u0441 \u044d\u0444\u0444\u0435\u043a\u0442\u043e\u043c \u0434\u0435\u0442\u043e\u043a\u0441\u0430. 120 gr","og_url":"https:\/\/malinacosmetics.com\/sr\/\u043f\u0440\u043e\u0438\u0437\u0432\u043e\u0434\/medi-peel-herbal-peel-tox-pro2-2\/","og_site_name":"Malina Beauty Store","article_publisher":"https:\/\/www.facebook.com\/MalinaBeautyShopMe\/","article_modified_time":"2025-10-24T19:23:33+00:00","og_image":[{"width":1200,"height":1200,"url":"https:\/\/malinacosmetics.com\/wp-content\/uploads\/2023\/10\/Medi-Peel-Herbal-Peel-Tox-Pro.jpg","type":"image\/jpeg"}],"twitter_card":"summary_large_image","schema":{"@context":"https:\/\/schema.org","@graph":[{"@type":["WebPage","ItemPage"],"@id":"https:\/\/malinacosmetics.com\/product\/medi-peel-herbal-peel-tox-pro2-2\/","url":"https:\/\/malinacosmetics.com\/product\/medi-peel-herbal-peel-tox-pro2-2\/","name":"Medi-Peel Herbal Peel Tox PRO - Malina Beauty Store","isPartOf":{"@id":"https:\/\/malinacosmetics.com\/#website"},"datePublished":"2023-11-22T22:57:37+00:00","dateModified":"2025-10-24T19:23:33+00:00","breadcrumb":{"@id":"https:\/\/malinacosmetics.com\/product\/medi-peel-herbal-peel-tox-pro2-2\/#breadcrumb"},"inLanguage":"sr-RS","potentialAction":[{"@type":"ReadAction","target":["https:\/\/malinacosmetics.com\/product\/medi-peel-herbal-peel-tox-pro2-2\/"]}]},{"@type":"BreadcrumbList","@id":"https:\/\/malinacosmetics.com\/product\/medi-peel-herbal-peel-tox-pro2-2\/#breadcrumb","itemListElement":[{"@type":"ListItem","position":1,"name":"\u0413\u043b\u0430\u0432\u043d\u0430\u044f \u0441\u0442\u0440\u0430\u043d\u0438\u0446\u0430","item":"https:\/\/malinacosmetics.com\/"},{"@type":"ListItem","position":2,"name":"\u041a\u0430\u0442\u0430\u043b\u043e\u0433","item":"https:\/\/malinacosmetics.com\/sr\/shop\/"},{"@type":"ListItem","position":3,"name":"Medi-Peel Herbal Peel Tox PRO"}]},{"@type":"WebSite","@id":"https:\/\/malinacosmetics.com\/#website","url":"https:\/\/malinacosmetics.com\/","name":"Malina Beauty Store","description":"Prodaja korejske kozmetike za Crnu Goru","publisher":{"@id":"https:\/\/malinacosmetics.com\/#organization"},"potentialAction":[{"@type":"SearchAction","target":{"@type":"EntryPoint","urlTemplate":"https:\/\/malinacosmetics.com\/?s={search_term_string}"},"query-input":"required name=search_term_string"}],"inLanguage":"sr-RS"},{"@type":"Organization","@id":"https:\/\/malinacosmetics.com\/#organization","name":"malinacosmetics","url":"https:\/\/malinacosmetics.com\/","logo":{"@type":"ImageObject","inLanguage":"sr-RS","@id":"https:\/\/malinacosmetics.com\/#\/schema\/logo\/image\/","url":"https:\/\/malinacosmetics.com\/wp-content\/uploads\/2021\/07\/logo.png","contentUrl":"https:\/\/malinacosmetics.com\/wp-content\/uploads\/2021\/07\/logo.png","width":500,"height":353,"caption":"malinacosmetics"},"image":{"@id":"https:\/\/malinacosmetics.com\/#\/schema\/logo\/image\/"},"sameAs":["https:\/\/www.facebook.com\/MalinaBeautyShopMe\/"]}]},"product_brand":"simple","product_price_amount":"30.00","product_price_currency":"EUR","og_availability":"out of stock","product_availability":"out of stock","product_condition":"new"},"jetpack_sharing_enabled":true,"_links":{"self":[{"href":"https:\/\/malinacosmetics.com\/sr\/wp-json\/wp\/v2\/product\/5845","targetHints":{"allow":["GET"]}}],"collection":[{"href":"https:\/\/malinacosmetics.com\/sr\/wp-json\/wp\/v2\/product"}],"about":[{"href":"https:\/\/malinacosmetics.com\/sr\/wp-json\/wp\/v2\/types\/product"}],"wp:featuredmedia":[{"embeddable":true,"href":"https:\/\/malinacosmetics.com\/sr\/wp-json\/wp\/v2\/media\/5782"}],"wp:attachment":[{"href":"https:\/\/malinacosmetics.com\/sr\/wp-json\/wp\/v2\/media?parent=5845"}],"wp:term":[{"taxonomy":"product_brand","embeddable":true,"href":"https:\/\/malinacosmetics.com\/sr\/wp-json\/wp\/v2\/product_brand?post=5845"},{"taxonomy":"product_cat","embeddable":true,"href":"https:\/\/malinacosmetics.com\/sr\/wp-json\/wp\/v2\/product_cat?post=5845"},{"taxonomy":"product_tag","embeddable":true,"href":"https:\/\/malinacosmetics.com\/sr\/wp-json\/wp\/v2\/product_tag?post=5845"}],"curies":[{"name":"wp","href":"https:\/\/api.w.org\/{rel}","templated":true}]}}