{"id":5746,"date":"2023-09-16T20:57:14","date_gmt":"2023-09-16T17:57:14","guid":{"rendered":"https:\/\/malinacosmetics.com\/?post_type=product&#038;p=5746"},"modified":"2026-04-11T15:55:40","modified_gmt":"2026-04-11T13:55:40","slug":"medi-peel-peptide-9-volume-tension-tox-cream-pro","status":"publish","type":"product","link":"https:\/\/malinacosmetics.com\/sr\/\u043f\u0440\u043e\u0438\u0437\u0432\u043e\u0434\/medi-peel-peptide-9-volume-tension-tox-cream-pro\/","title":{"rendered":"Medi-Peel Peptide 9 Volume &#038; Tension Tox Cream Pro"},"content":{"rendered":"<p class=\"translation-block\">A\u017eurirana verzija popularne inovativne kreme Volume&amp;Tension Tox sa Matrixyl\u00ae3000 Pro, zahvaljujuc\u0301i pobolj\u0161anoj formuli, zasic\u0301uje ko\u017eu korisnim komponentama 2 puta br\u017ee i pru\u017ea efekat podizanja. Krema hrani, omek\u0161ava i vla\u017ei ko\u017eu. Uravnote\u017een tandem sredstava protiv starenja vrac\u0301a elasti\u010dnost, povec\u0301ava \u010dvrstinu, izgla\u0111uje bore i ja\u010da oval lica. Krema je razvijena za sve tipove zrele ko\u017ee sa izra\u017eenim promenama tipa deformacija u vezi sa uzrastom: plutajuc\u0301i oval, ptoza, duboki nabori u nazolabijalnom podru\u010dju.<br>\nGlavni aktivni sastojci:<br>\nPeptidni kompleks Matrixyl\u00ae3000 Pro \u2013  dvostruko poja\u010dana kombinacija peptida-matrikina koji pokre\u0107u proizvodnju sopstvenog kolagena, \u010dime se izgla\u0111uju bore, daju ujedna\u010dena tekstura, pobolj\u0161avaju tonus lica i usporavaju starenje. <br>Formula je bogata bakarnim peptidom (Copper Tripeptide -1), koji ne samo da ima efekat protiv starenja, pove\u0107avaju\u0107i \u010dvrstinu i zagla\u0111uju\u0107i povr\u0161inu ko\u017ee, ve\u0107 pru\u017ea i antiinflamatorni efekat, a tako\u0111e le\u010di i doprinosi zdravlju \u0107elija. <br>\nPatentirani aktivni Volufilin na biljnoj bazi, u kombinaciji sa hidrolizovanim kompleksom elastina i kolagena, vrac\u0301a elasti\u010dnost i u\u010dvr\u0161c\u0301uje ko\u017eu. Ja\u010da oval lica, izgla\u0111uje bore i nabore.<br>\nKompleks od 8 hijaluronskih kiselina obnavlja i odr\u017eava optimalan nivo vlage u epidermu.\nEktoin je aminokiselina, formira za\u0161titnu ljusku oko c\u0301elija, spre\u010dava dehidraciju, ima produ\u017eeno hidratantno dejstvo i pobolj\u0161ava imunolo\u0161ke funkcije ko\u017ee.<br>\nEkstrakt kavijara je efikasno sredstvo za podmla\u0111ivanje koje zasi\u0107uje ko\u017eu mikro i makro elementima, polinezasic\u0301enim masnim kiselinama, vitaminima i aminokiselinama. Normalizuje mikrocirkulaciju, vla\u017ei, \u0161titi od fotostarenja, spre\u010dava dehidraciju, ujedna\u010dava ton ko\u017ee i aktivira sintezu strukturnih proteina, ja\u010dajuc\u0301i matriks ko\u017ee.<br>\nMulti Ex BSASM Plus je patentirani kompleks koji se sastoji od ekstrakta zelenog \u010daja, azijske centele, sladic\u0301a, \u0161panskog korena sladic\u0301a, listova ruzmarina, cvetova kamilice i korena japanske rineutrije. Ima antiinflamatorno, umirujuc\u0301e, imunomodulatorno i zarastanje rana. Brzo povec\u0301ava efikasnost ko\u017ene barijere. Pru\u017ea sveobuhvatnu i uravnote\u017eenu obnovu homeostaze epidermisa i dermisa. Preporu\u010duje se za negu upaljene, iritirane ko\u017ee, za preventivnu i za\u0161titnu negu.<br><\/p>\n<p><strong><br>Na\u010din upotrebe:<\/strong> Nanesite kremu na o\u010di\u0161c\u0301enu ko\u017eu nakon upotrebe tonika.<\/p>\n<hr \/>\n<div><em><em><strong><em>Sastojci:<\/em><\/strong> <\/em>Purified water, Butylene glycol, Caprylic\/Capric Triglyceride, Cetyl Ethylhexanoate, Glycerin, Cetearyl alcohol, Glyceryl stearate, Niacinamide, Stearic acid, Dimethicone, 1,2-Hexanediol, Sorbitan stearate, Polysorbate 20, Sorbitan sesquioleate, Beeswax, Microcrystalline wax, PEG-100 stearate, Arginine, Carbomer, Dipropylene glycol, Hydroxyacetophenone, Panthenol, Caprylyl glycol, Dipotassium glycyrrhizate, Hydrogenated lecithin, Adenosine, Disodium EDTA, Melia azadirachta flower extract, Ectoin, Hydrogenated polyisobutene, Melia azadirachta leaf extract, Holy basil leaf extract, Propylene glycol, Edelweiss callus culture extract, Turmeric root extract, Corallina officinalis extract, Betaine, Sodium hyaluronate, Centella asiatica extract, Fructan, Pentylene glycol, Ivy gourd fruit extract, Green tea extract, Glycine, Irish moss extract, Polygonum cuspidatum root extract, Scutellaria baicalensis root extract, Chamomile flower extract, Serine, Glutamic acid, Hydroxypropyltrimonium hyaluronate, Caviar extract, Okamuraea extract, Ginkgo biloba leaf extract, Licorice root extract, Hydrolyzed elastin, Royal jelly extract, Aspartic acid, Leucine, Rosemary leaf extract, Aloe vera leaf extract, Lavender flower extract, Alanine, Lysine, Tyrosine, Phenylalanine, Proline, Threonine, Valine, Isoleucine, Histidine, Cysteine, Methionine, Collagen, Collagen amino acids, Collagen extract, Ethylhexylglycerin, Gold, Hydrolyzed collagen, Hydrolyzed hyaluronic acid, Sodium acetylated hyaluronate, Water-soluble collagen, Copper tripeptide-1, Tripeptide-1, Anemarrhena root extract, Acetyl hexapeptide-8, Acetyl octapeptide-3, Hexapeptide-9, Nonapeptide-1, Palmitoyl pentapeptide-4, Hyaluronic acid, Palmitoyl tetrapeptide-7, Palmitoyl tripeptide-1, Hydrolyzed sodium hyaluronate, Sodium hyaluronate crosspolymer, Tocopherol, Potassium hyaluronate, Astaxanthin, Fragrance.<\/em><\/div>","protected":false},"excerpt":{"rendered":"<p>Hranljiva peptidna krema sa lifting efektom. 50ml<\/p>","protected":false},"featured_media":5747,"template":"","meta":{"_acf_changed":false},"product_brand":[],"product_cat":[470,400,224,349,350,437,439,443,365,296],"product_tag":[410],"class_list":{"0":"post-5746","1":"product","2":"type-product","3":"status-publish","4":"has-post-thumbnail","6":"product_cat-facecream","7":"product_cat-lifting","8":"product_cat-antiage","9":"product_cat-brightening","10":"product_cat-nourishing","11":"product_cat-alltypesofskin","12":"product_cat-matureskin","13":"product_cat-dryskin","14":"product_cat-bestsellers","15":"product_cat-medi-peel","16":"product_tag-peptide-9","18":"first","19":"instock","20":"shipping-taxable","21":"purchasable","22":"product-type-simple"},"acf":[],"yoast_head":"<!-- This site is optimized with the Yoast SEO Premium plugin v19.6 (Yoast SEO v20.11) - https:\/\/yoast.com\/wordpress\/plugins\/seo\/ -->\n<title>Medi-Peel Peptide 9 Volume &amp; Tension Tox Cream Pro - Malina Beauty Store<\/title>\n<meta name=\"robots\" content=\"index, follow, max-snippet:-1, max-image-preview:large, max-video-preview:-1\" \/>\n<link rel=\"canonical\" href=\"https:\/\/malinacosmetics.com\/sr\/\u043f\u0440\u043e\u0438\u0437\u0432\u043e\u0434\/medi-peel-peptide-9-volume-tension-tox-cream-pro\/\" \/>\n<meta property=\"og:locale\" content=\"sr_RS\" \/>\n<meta property=\"og:type\" content=\"article\" \/>\n<meta property=\"og:title\" content=\"Medi-Peel Peptide 9 Volume &amp; Tension Tox Cream Pro\" \/>\n<meta property=\"og:description\" content=\"\u041f\u0438\u0442\u0430\u0442\u0435\u043b\u044c\u043d\u044b\u0439 \u043f\u0435\u043f\u0442\u0438\u0434\u043d\u044b\u0439 \u043a\u0440\u0435\u043c \u0441 \u044d\u0444\u0444\u0435\u043a\u0442\u043e\u043c \u043b\u0438\u0444\u0442\u0438\u043d\u0433\u0430. 50ml\" \/>\n<meta property=\"og:url\" content=\"https:\/\/malinacosmetics.com\/sr\/\u043f\u0440\u043e\u0438\u0437\u0432\u043e\u0434\/medi-peel-peptide-9-volume-tension-tox-cream-pro\/\" \/>\n<meta property=\"og:site_name\" content=\"Malina Beauty Store\" \/>\n<meta property=\"article:publisher\" content=\"https:\/\/www.facebook.com\/MalinaBeautyShopMe\/\" \/>\n<meta property=\"article:modified_time\" content=\"2026-04-11T13:55:40+00:00\" \/>\n<meta property=\"og:image\" content=\"https:\/\/malinacosmetics.com\/wp-content\/uploads\/2023\/09\/Medi-Peel-Peptide-9-Volume-Tension-Tox-Cream-Pro1.jpg\" \/>\n\t<meta property=\"og:image:width\" content=\"1200\" \/>\n\t<meta property=\"og:image:height\" content=\"1200\" \/>\n\t<meta property=\"og:image:type\" content=\"image\/jpeg\" \/>\n<meta name=\"twitter:card\" content=\"summary_large_image\" \/>\n<script type=\"application\/ld+json\" class=\"yoast-schema-graph\">{\"@context\":\"https:\/\/schema.org\",\"@graph\":[{\"@type\":[\"WebPage\",\"ItemPage\"],\"@id\":\"https:\/\/malinacosmetics.com\/product\/medi-peel-peptide-9-volume-tension-tox-cream-pro\/\",\"url\":\"https:\/\/malinacosmetics.com\/product\/medi-peel-peptide-9-volume-tension-tox-cream-pro\/\",\"name\":\"Medi-Peel Peptide 9 Volume & Tension Tox Cream Pro - Malina Beauty Store\",\"isPartOf\":{\"@id\":\"https:\/\/malinacosmetics.com\/#website\"},\"datePublished\":\"2023-09-16T17:57:14+00:00\",\"dateModified\":\"2026-04-11T13:55:40+00:00\",\"breadcrumb\":{\"@id\":\"https:\/\/malinacosmetics.com\/product\/medi-peel-peptide-9-volume-tension-tox-cream-pro\/#breadcrumb\"},\"inLanguage\":\"sr-RS\",\"potentialAction\":[{\"@type\":\"ReadAction\",\"target\":[\"https:\/\/malinacosmetics.com\/product\/medi-peel-peptide-9-volume-tension-tox-cream-pro\/\"]}]},{\"@type\":\"BreadcrumbList\",\"@id\":\"https:\/\/malinacosmetics.com\/product\/medi-peel-peptide-9-volume-tension-tox-cream-pro\/#breadcrumb\",\"itemListElement\":[{\"@type\":\"ListItem\",\"position\":1,\"name\":\"\u0413\u043b\u0430\u0432\u043d\u0430\u044f \u0441\u0442\u0440\u0430\u043d\u0438\u0446\u0430\",\"item\":\"https:\/\/malinacosmetics.com\/\"},{\"@type\":\"ListItem\",\"position\":2,\"name\":\"\u041a\u0430\u0442\u0430\u043b\u043e\u0433\",\"item\":\"https:\/\/malinacosmetics.com\/sr\/shop\/\"},{\"@type\":\"ListItem\",\"position\":3,\"name\":\"Medi-Peel Peptide 9 Volume &#038; Tension Tox Cream Pro\"}]},{\"@type\":\"WebSite\",\"@id\":\"https:\/\/malinacosmetics.com\/#website\",\"url\":\"https:\/\/malinacosmetics.com\/\",\"name\":\"Malina Beauty Store\",\"description\":\"Prodaja korejske kozmetike za Crnu Goru\",\"publisher\":{\"@id\":\"https:\/\/malinacosmetics.com\/#organization\"},\"potentialAction\":[{\"@type\":\"SearchAction\",\"target\":{\"@type\":\"EntryPoint\",\"urlTemplate\":\"https:\/\/malinacosmetics.com\/?s={search_term_string}\"},\"query-input\":\"required name=search_term_string\"}],\"inLanguage\":\"sr-RS\"},{\"@type\":\"Organization\",\"@id\":\"https:\/\/malinacosmetics.com\/#organization\",\"name\":\"malinacosmetics\",\"url\":\"https:\/\/malinacosmetics.com\/\",\"logo\":{\"@type\":\"ImageObject\",\"inLanguage\":\"sr-RS\",\"@id\":\"https:\/\/malinacosmetics.com\/#\/schema\/logo\/image\/\",\"url\":\"https:\/\/malinacosmetics.com\/wp-content\/uploads\/2021\/07\/logo.png\",\"contentUrl\":\"https:\/\/malinacosmetics.com\/wp-content\/uploads\/2021\/07\/logo.png\",\"width\":500,\"height\":353,\"caption\":\"malinacosmetics\"},\"image\":{\"@id\":\"https:\/\/malinacosmetics.com\/#\/schema\/logo\/image\/\"},\"sameAs\":[\"https:\/\/www.facebook.com\/MalinaBeautyShopMe\/\"]}]}<\/script>\n<meta property=\"product:brand\" content=\"simple\" \/>\n<meta property=\"product:price:amount\" content=\"42.00\" \/>\n<meta property=\"product:price:currency\" content=\"EUR\" \/>\n<meta property=\"og:availability\" content=\"instock\" \/>\n<meta property=\"product:availability\" content=\"instock\" \/>\n<meta property=\"product:condition\" content=\"new\" \/>\n<!-- \/ Yoast SEO Premium plugin. -->","yoast_head_json":{"title":"Medi-Peel Peptide 9 Volume & Tension Tox Cream Pro - Malina Beauty Store","robots":{"index":"index","follow":"follow","max-snippet":"max-snippet:-1","max-image-preview":"max-image-preview:large","max-video-preview":"max-video-preview:-1"},"canonical":"https:\/\/malinacosmetics.com\/sr\/\u043f\u0440\u043e\u0438\u0437\u0432\u043e\u0434\/medi-peel-peptide-9-volume-tension-tox-cream-pro\/","og_locale":"sr_RS","og_type":"article","og_title":"Medi-Peel Peptide 9 Volume & Tension Tox Cream Pro","og_description":"\u041f\u0438\u0442\u0430\u0442\u0435\u043b\u044c\u043d\u044b\u0439 \u043f\u0435\u043f\u0442\u0438\u0434\u043d\u044b\u0439 \u043a\u0440\u0435\u043c \u0441 \u044d\u0444\u0444\u0435\u043a\u0442\u043e\u043c \u043b\u0438\u0444\u0442\u0438\u043d\u0433\u0430. 50ml","og_url":"https:\/\/malinacosmetics.com\/sr\/\u043f\u0440\u043e\u0438\u0437\u0432\u043e\u0434\/medi-peel-peptide-9-volume-tension-tox-cream-pro\/","og_site_name":"Malina Beauty Store","article_publisher":"https:\/\/www.facebook.com\/MalinaBeautyShopMe\/","article_modified_time":"2026-04-11T13:55:40+00:00","og_image":[{"width":1200,"height":1200,"url":"https:\/\/malinacosmetics.com\/wp-content\/uploads\/2023\/09\/Medi-Peel-Peptide-9-Volume-Tension-Tox-Cream-Pro1.jpg","type":"image\/jpeg"}],"twitter_card":"summary_large_image","schema":{"@context":"https:\/\/schema.org","@graph":[{"@type":["WebPage","ItemPage"],"@id":"https:\/\/malinacosmetics.com\/product\/medi-peel-peptide-9-volume-tension-tox-cream-pro\/","url":"https:\/\/malinacosmetics.com\/product\/medi-peel-peptide-9-volume-tension-tox-cream-pro\/","name":"Medi-Peel Peptide 9 Volume & Tension Tox Cream Pro - Malina Beauty Store","isPartOf":{"@id":"https:\/\/malinacosmetics.com\/#website"},"datePublished":"2023-09-16T17:57:14+00:00","dateModified":"2026-04-11T13:55:40+00:00","breadcrumb":{"@id":"https:\/\/malinacosmetics.com\/product\/medi-peel-peptide-9-volume-tension-tox-cream-pro\/#breadcrumb"},"inLanguage":"sr-RS","potentialAction":[{"@type":"ReadAction","target":["https:\/\/malinacosmetics.com\/product\/medi-peel-peptide-9-volume-tension-tox-cream-pro\/"]}]},{"@type":"BreadcrumbList","@id":"https:\/\/malinacosmetics.com\/product\/medi-peel-peptide-9-volume-tension-tox-cream-pro\/#breadcrumb","itemListElement":[{"@type":"ListItem","position":1,"name":"\u0413\u043b\u0430\u0432\u043d\u0430\u044f \u0441\u0442\u0440\u0430\u043d\u0438\u0446\u0430","item":"https:\/\/malinacosmetics.com\/"},{"@type":"ListItem","position":2,"name":"\u041a\u0430\u0442\u0430\u043b\u043e\u0433","item":"https:\/\/malinacosmetics.com\/sr\/shop\/"},{"@type":"ListItem","position":3,"name":"Medi-Peel Peptide 9 Volume &#038; Tension Tox Cream Pro"}]},{"@type":"WebSite","@id":"https:\/\/malinacosmetics.com\/#website","url":"https:\/\/malinacosmetics.com\/","name":"Malina Beauty Store","description":"Prodaja korejske kozmetike za Crnu Goru","publisher":{"@id":"https:\/\/malinacosmetics.com\/#organization"},"potentialAction":[{"@type":"SearchAction","target":{"@type":"EntryPoint","urlTemplate":"https:\/\/malinacosmetics.com\/?s={search_term_string}"},"query-input":"required name=search_term_string"}],"inLanguage":"sr-RS"},{"@type":"Organization","@id":"https:\/\/malinacosmetics.com\/#organization","name":"malinacosmetics","url":"https:\/\/malinacosmetics.com\/","logo":{"@type":"ImageObject","inLanguage":"sr-RS","@id":"https:\/\/malinacosmetics.com\/#\/schema\/logo\/image\/","url":"https:\/\/malinacosmetics.com\/wp-content\/uploads\/2021\/07\/logo.png","contentUrl":"https:\/\/malinacosmetics.com\/wp-content\/uploads\/2021\/07\/logo.png","width":500,"height":353,"caption":"malinacosmetics"},"image":{"@id":"https:\/\/malinacosmetics.com\/#\/schema\/logo\/image\/"},"sameAs":["https:\/\/www.facebook.com\/MalinaBeautyShopMe\/"]}]},"product_brand":"simple","product_price_amount":"42.00","product_price_currency":"EUR","og_availability":"instock","product_availability":"instock","product_condition":"new"},"jetpack_sharing_enabled":true,"_links":{"self":[{"href":"https:\/\/malinacosmetics.com\/sr\/wp-json\/wp\/v2\/product\/5746","targetHints":{"allow":["GET"]}}],"collection":[{"href":"https:\/\/malinacosmetics.com\/sr\/wp-json\/wp\/v2\/product"}],"about":[{"href":"https:\/\/malinacosmetics.com\/sr\/wp-json\/wp\/v2\/types\/product"}],"wp:featuredmedia":[{"embeddable":true,"href":"https:\/\/malinacosmetics.com\/sr\/wp-json\/wp\/v2\/media\/5747"}],"wp:attachment":[{"href":"https:\/\/malinacosmetics.com\/sr\/wp-json\/wp\/v2\/media?parent=5746"}],"wp:term":[{"taxonomy":"product_brand","embeddable":true,"href":"https:\/\/malinacosmetics.com\/sr\/wp-json\/wp\/v2\/product_brand?post=5746"},{"taxonomy":"product_cat","embeddable":true,"href":"https:\/\/malinacosmetics.com\/sr\/wp-json\/wp\/v2\/product_cat?post=5746"},{"taxonomy":"product_tag","embeddable":true,"href":"https:\/\/malinacosmetics.com\/sr\/wp-json\/wp\/v2\/product_tag?post=5746"}],"curies":[{"name":"wp","href":"https:\/\/api.w.org\/{rel}","templated":true}]}}