{"id":5744,"date":"2023-09-16T21:01:41","date_gmt":"2023-09-16T18:01:41","guid":{"rendered":"https:\/\/malinacosmetics.com\/?post_type=product&#038;p=5744"},"modified":"2025-10-30T15:05:22","modified_gmt":"2025-10-30T14:05:22","slug":"medi-peel-peptide-9-volume-bio-tox-ampoule-pro","status":"publish","type":"product","link":"https:\/\/malinacosmetics.com\/sr\/\u043f\u0440\u043e\u0438\u0437\u0432\u043e\u0434\/medi-peel-peptide-9-volume-bio-tox-ampoule-pro\/","title":{"rendered":"Medi-Peel Peptide 9 Volume Bio Tox Ampoule Pro"},"content":{"rendered":"<p class=\"translation-block\">A\u017eurirana verzija seruma u \u200b\u200bampulama Volume Bio Tox sadr\u017ei dvostruku koncentraciju svih aktivnih komponenti. Zahvaljujuc\u0301i tome, serum ima jo\u0161 bolji efekat protiv starenja. Efikasnije osvetljava pigmentaciju i ujedna\u010dava ton. Zasic\u0301uje ko\u017eu vlagom i daje joj primetnu gustinu i elasti\u010dnost.<br>\nGlavni sastojci:<br>\nDvostruko poja\u010dan peptidni kompleks od 9 peptida i adenozina ima jo\u0161 sna\u017eniji efekat na smanjenje dubine bora i nabora. Vrac\u0301a ko\u017ei gustinu i elasti\u010dnost, zate\u017ee oval lica i \u010dini njegove konture detaljnijim.<br>\nVolufilin, koji je jedna od najintenzivnijih komponenti protiv starenja ko\u017ee, deluje poput filera, \u010dime zate\u017ee ko\u017eu, ugla\u0111uje izrazne bore i ja\u010da oval lica.<br>\nHidrolizovani kolagen i elastin obnavljaju konture lica, odr\u017eavaju elasti\u010dnost i tonus ko\u017ee, podsti\u010du njenu regeneraciju i zadr\u017eavanje vlage.<br>\nPro\u0161ireni kompleks od 9 vrsta hijaluronske kiseline razli\u010dite molekularne te\u017eine u kombinaciji sa ektoinom obezbe\u0111uju produ\u017eenu, duboku hidrataciju, spre\u010davaju gubitak vlage i ja\u010daju barijeru ko\u017ee lica.<br>\nNajmoc\u0301niji antioksidans - astaksantin, uparen sa niacinamidom, neutrali\u0161e \u0161tetne efekte UV zra\u010denja na ko\u017eu, spre\u010davajuc\u0301i pojavu stara\u010dkih pega i daje ko\u017ei zdrav sjaj.<br>\nPatentirani kompleks Multi Ex BSASM Plus\u2122\ufe0f ima antioksidativno, umirujuc\u0301e i imunomodulatorno dejstvo. Pru\u017ea sveobuhvatnu restauraciju svih c\u0301elijskih sistema ko\u017ee.<br>\nHidrolizovani elastin povec\u0301ava elasti\u010dnost i glatkoc\u0301u ko\u017ee, ujedna\u010dava konture lica. Vezuje vlagu u epidermu i spre\u010dava njeno isparavanje.<\/p>\n<p><strong><br>Na\u010din upotrebe:<\/strong> Nakon upotrebe tonera, uzmite odgovarajuc\u0301u koli\u010dinu i ne\u017eno se \u0161iri po celom licu od unutra\u0161njosti prema spolja\u0161njosti teksture ko\u017ee.<\/p>\n<hr \/>\n<p><em><strong><em>Sastojci:<\/em><\/strong> Water, Glycerin, Butylene Glycol, Niacinamide, Sodium Lactate, 1,2-Hexanediol, Gellan Gum, PEG-60 Hydrogenated Castor Oil, Ethylhexylglycerin, Adenosine, Disodium EDTA, Juniperus Communis Fruit Extract, Eucalyptus Globulus Leaf Extract, Centella Asiatica Extract, Scutellaria Baicalensis Root Extract, Polygonum Cuspidatum Root Extract, Propanediol, Glycyrrhiza Glabra (Licorice) Root Extract, Camellia Sinensis Leaf Extract, Sodium Hyaluronate Crosspolymer, Rosmarinus Officinalis (Rosemary) Leaf Extract, Fructan, Chamomilla Recutita (Matricaria) Flower Extract, Sodium Hyaluronate, Hydrolyzed Glycosaminoglycans, Glycine, Caprylyl Glycol, Polysorbate 80, Serine, Glutamic acid, Hydrolyzed Elastin, Ectoin, Hydrogenated Polyisobutene, Benzyl Glycol, Aspartic acid, Leucine, CynanchumAtratum Extract, Astaxanthin, Hydrolyzed Hyaluronic Acid, Alanine, Lysine, Arginine, Tyrosine, Phenylalanine, Valine, Threonine, Proline, Isoleucine, Histidine, Methionine, Cysteine, Palmitoyl Tetrapeptide-7(100 ppb), Hydrolyzed Sodium Hyaluronate, Hydrolyzed Collagen, Acetyl Octapeptide-3(100 ppb), Tripeptide-1(40 ppb), Palmitoyl Tripeptide-1(40 ppb), Palmitoyl Pentapeptide-4(40 ppb), Copper Tripeptide-1(40 ppb), Acetyl Hexapeptide-8(40 ppb), Sodium Benzoate, Sodium Acetylated Hyaluronate, Hexapeptide-9(20 ppb), Hydroxypropyltrimonium Hyaluronate, Hyaluronic Acid, Dimethylsilanol Hyaluronate, Nonapeptide-1(4ppb), Pentylene Glycol, Anemarrhena Asphodeloides Root Extract, Potassium Hyaluronate, Tocopherol, Alcohol, Fragrance<\/em><\/p>","protected":false},"excerpt":{"rendered":"<p>Serum za podmla\u0111ivanje ko\u017ee lica sa peptidima. 100ml<\/p>","protected":false},"featured_media":5745,"template":"","meta":{"_acf_changed":false},"product_brand":[],"product_cat":[400,462,224,349,86,437,439,352,365,296],"product_tag":[410],"class_list":{"0":"post-5744","1":"product","2":"type-product","3":"status-publish","4":"has-post-thumbnail","6":"product_cat-lifting","7":"product_cat-dryness","8":"product_cat-antiage","9":"product_cat-brightening","10":"product_cat-moisturizing","11":"product_cat-alltypesofskin","12":"product_cat-matureskin","13":"product_cat-serum","14":"product_cat-bestsellers","15":"product_cat-medi-peel","16":"product_tag-peptide-9","18":"first","19":"instock","20":"shipping-taxable","21":"purchasable","22":"product-type-simple"},"acf":[],"yoast_head":"<!-- This site is optimized with the Yoast SEO Premium plugin v19.6 (Yoast SEO v20.11) - https:\/\/yoast.com\/wordpress\/plugins\/seo\/ -->\n<title>Medi-Peel Peptide 9 Volume Bio Tox Ampoule Pro - Malina Beauty Store<\/title>\n<meta name=\"robots\" content=\"index, follow, max-snippet:-1, max-image-preview:large, max-video-preview:-1\" \/>\n<link rel=\"canonical\" href=\"https:\/\/malinacosmetics.com\/sr\/\u043f\u0440\u043e\u0438\u0437\u0432\u043e\u0434\/medi-peel-peptide-9-volume-bio-tox-ampoule-pro\/\" \/>\n<meta property=\"og:locale\" content=\"sr_RS\" \/>\n<meta property=\"og:type\" content=\"article\" \/>\n<meta property=\"og:title\" content=\"Medi-Peel Peptide 9 Volume Bio Tox Ampoule Pro\" \/>\n<meta property=\"og:description\" content=\"\u041e\u043c\u043e\u043b\u0430\u0436\u0438\u0432\u0430\u044e\u0449\u0430\u044f \u0430\u043c\u043f\u0443\u043b\u044c\u043d\u0430\u044f \u0441\u044b\u0432\u043e\u0440\u043e\u0442\u043a\u0430 \u0441 \u043f\u0435\u043f\u0442\u0438\u0434\u0430\u043c\u0438. 100 ml\" \/>\n<meta property=\"og:url\" content=\"https:\/\/malinacosmetics.com\/sr\/\u043f\u0440\u043e\u0438\u0437\u0432\u043e\u0434\/medi-peel-peptide-9-volume-bio-tox-ampoule-pro\/\" \/>\n<meta property=\"og:site_name\" content=\"Malina Beauty Store\" \/>\n<meta property=\"article:publisher\" content=\"https:\/\/www.facebook.com\/MalinaBeautyShopMe\/\" \/>\n<meta property=\"article:modified_time\" content=\"2025-10-30T14:05:22+00:00\" \/>\n<meta property=\"og:image\" content=\"https:\/\/malinacosmetics.com\/wp-content\/uploads\/2023\/09\/Medi-Peel-Peptide-9-Volume-Bio-Tox-Ampoule-Pro1.jpg\" \/>\n\t<meta property=\"og:image:width\" content=\"1200\" \/>\n\t<meta property=\"og:image:height\" content=\"1200\" \/>\n\t<meta property=\"og:image:type\" content=\"image\/jpeg\" \/>\n<meta name=\"twitter:card\" content=\"summary_large_image\" \/>\n<script type=\"application\/ld+json\" class=\"yoast-schema-graph\">{\"@context\":\"https:\/\/schema.org\",\"@graph\":[{\"@type\":[\"WebPage\",\"ItemPage\"],\"@id\":\"https:\/\/malinacosmetics.com\/product\/medi-peel-peptide-9-volume-bio-tox-ampoule-pro\/\",\"url\":\"https:\/\/malinacosmetics.com\/product\/medi-peel-peptide-9-volume-bio-tox-ampoule-pro\/\",\"name\":\"Medi-Peel Peptide 9 Volume Bio Tox Ampoule Pro - Malina Beauty Store\",\"isPartOf\":{\"@id\":\"https:\/\/malinacosmetics.com\/#website\"},\"datePublished\":\"2023-09-16T18:01:41+00:00\",\"dateModified\":\"2025-10-30T14:05:22+00:00\",\"breadcrumb\":{\"@id\":\"https:\/\/malinacosmetics.com\/product\/medi-peel-peptide-9-volume-bio-tox-ampoule-pro\/#breadcrumb\"},\"inLanguage\":\"sr-RS\",\"potentialAction\":[{\"@type\":\"ReadAction\",\"target\":[\"https:\/\/malinacosmetics.com\/product\/medi-peel-peptide-9-volume-bio-tox-ampoule-pro\/\"]}]},{\"@type\":\"BreadcrumbList\",\"@id\":\"https:\/\/malinacosmetics.com\/product\/medi-peel-peptide-9-volume-bio-tox-ampoule-pro\/#breadcrumb\",\"itemListElement\":[{\"@type\":\"ListItem\",\"position\":1,\"name\":\"\u0413\u043b\u0430\u0432\u043d\u0430\u044f \u0441\u0442\u0440\u0430\u043d\u0438\u0446\u0430\",\"item\":\"https:\/\/malinacosmetics.com\/\"},{\"@type\":\"ListItem\",\"position\":2,\"name\":\"\u041a\u0430\u0442\u0430\u043b\u043e\u0433\",\"item\":\"https:\/\/malinacosmetics.com\/sr\/shop\/\"},{\"@type\":\"ListItem\",\"position\":3,\"name\":\"Medi-Peel Peptide 9 Volume Bio Tox Ampoule Pro\"}]},{\"@type\":\"WebSite\",\"@id\":\"https:\/\/malinacosmetics.com\/#website\",\"url\":\"https:\/\/malinacosmetics.com\/\",\"name\":\"Malina Beauty Store\",\"description\":\"Prodaja korejske kozmetike za Crnu Goru\",\"publisher\":{\"@id\":\"https:\/\/malinacosmetics.com\/#organization\"},\"potentialAction\":[{\"@type\":\"SearchAction\",\"target\":{\"@type\":\"EntryPoint\",\"urlTemplate\":\"https:\/\/malinacosmetics.com\/?s={search_term_string}\"},\"query-input\":\"required name=search_term_string\"}],\"inLanguage\":\"sr-RS\"},{\"@type\":\"Organization\",\"@id\":\"https:\/\/malinacosmetics.com\/#organization\",\"name\":\"malinacosmetics\",\"url\":\"https:\/\/malinacosmetics.com\/\",\"logo\":{\"@type\":\"ImageObject\",\"inLanguage\":\"sr-RS\",\"@id\":\"https:\/\/malinacosmetics.com\/#\/schema\/logo\/image\/\",\"url\":\"https:\/\/malinacosmetics.com\/wp-content\/uploads\/2021\/07\/logo.png\",\"contentUrl\":\"https:\/\/malinacosmetics.com\/wp-content\/uploads\/2021\/07\/logo.png\",\"width\":500,\"height\":353,\"caption\":\"malinacosmetics\"},\"image\":{\"@id\":\"https:\/\/malinacosmetics.com\/#\/schema\/logo\/image\/\"},\"sameAs\":[\"https:\/\/www.facebook.com\/MalinaBeautyShopMe\/\"]}]}<\/script>\n<meta property=\"product:brand\" content=\"simple\" \/>\n<meta property=\"product:price:amount\" content=\"40.00\" \/>\n<meta property=\"product:price:currency\" content=\"EUR\" \/>\n<meta property=\"og:availability\" content=\"instock\" \/>\n<meta property=\"product:availability\" content=\"instock\" \/>\n<meta property=\"product:condition\" content=\"new\" \/>\n<!-- \/ Yoast SEO Premium plugin. -->","yoast_head_json":{"title":"Medi-Peel Peptide 9 Volume Bio Tox Ampoule Pro - Malina Beauty Store","robots":{"index":"index","follow":"follow","max-snippet":"max-snippet:-1","max-image-preview":"max-image-preview:large","max-video-preview":"max-video-preview:-1"},"canonical":"https:\/\/malinacosmetics.com\/sr\/\u043f\u0440\u043e\u0438\u0437\u0432\u043e\u0434\/medi-peel-peptide-9-volume-bio-tox-ampoule-pro\/","og_locale":"sr_RS","og_type":"article","og_title":"Medi-Peel Peptide 9 Volume Bio Tox Ampoule Pro","og_description":"\u041e\u043c\u043e\u043b\u0430\u0436\u0438\u0432\u0430\u044e\u0449\u0430\u044f \u0430\u043c\u043f\u0443\u043b\u044c\u043d\u0430\u044f \u0441\u044b\u0432\u043e\u0440\u043e\u0442\u043a\u0430 \u0441 \u043f\u0435\u043f\u0442\u0438\u0434\u0430\u043c\u0438. 100 ml","og_url":"https:\/\/malinacosmetics.com\/sr\/\u043f\u0440\u043e\u0438\u0437\u0432\u043e\u0434\/medi-peel-peptide-9-volume-bio-tox-ampoule-pro\/","og_site_name":"Malina Beauty Store","article_publisher":"https:\/\/www.facebook.com\/MalinaBeautyShopMe\/","article_modified_time":"2025-10-30T14:05:22+00:00","og_image":[{"width":1200,"height":1200,"url":"https:\/\/malinacosmetics.com\/wp-content\/uploads\/2023\/09\/Medi-Peel-Peptide-9-Volume-Bio-Tox-Ampoule-Pro1.jpg","type":"image\/jpeg"}],"twitter_card":"summary_large_image","schema":{"@context":"https:\/\/schema.org","@graph":[{"@type":["WebPage","ItemPage"],"@id":"https:\/\/malinacosmetics.com\/product\/medi-peel-peptide-9-volume-bio-tox-ampoule-pro\/","url":"https:\/\/malinacosmetics.com\/product\/medi-peel-peptide-9-volume-bio-tox-ampoule-pro\/","name":"Medi-Peel Peptide 9 Volume Bio Tox Ampoule Pro - Malina Beauty Store","isPartOf":{"@id":"https:\/\/malinacosmetics.com\/#website"},"datePublished":"2023-09-16T18:01:41+00:00","dateModified":"2025-10-30T14:05:22+00:00","breadcrumb":{"@id":"https:\/\/malinacosmetics.com\/product\/medi-peel-peptide-9-volume-bio-tox-ampoule-pro\/#breadcrumb"},"inLanguage":"sr-RS","potentialAction":[{"@type":"ReadAction","target":["https:\/\/malinacosmetics.com\/product\/medi-peel-peptide-9-volume-bio-tox-ampoule-pro\/"]}]},{"@type":"BreadcrumbList","@id":"https:\/\/malinacosmetics.com\/product\/medi-peel-peptide-9-volume-bio-tox-ampoule-pro\/#breadcrumb","itemListElement":[{"@type":"ListItem","position":1,"name":"\u0413\u043b\u0430\u0432\u043d\u0430\u044f \u0441\u0442\u0440\u0430\u043d\u0438\u0446\u0430","item":"https:\/\/malinacosmetics.com\/"},{"@type":"ListItem","position":2,"name":"\u041a\u0430\u0442\u0430\u043b\u043e\u0433","item":"https:\/\/malinacosmetics.com\/sr\/shop\/"},{"@type":"ListItem","position":3,"name":"Medi-Peel Peptide 9 Volume Bio Tox Ampoule Pro"}]},{"@type":"WebSite","@id":"https:\/\/malinacosmetics.com\/#website","url":"https:\/\/malinacosmetics.com\/","name":"Malina Beauty Store","description":"Prodaja korejske kozmetike za Crnu Goru","publisher":{"@id":"https:\/\/malinacosmetics.com\/#organization"},"potentialAction":[{"@type":"SearchAction","target":{"@type":"EntryPoint","urlTemplate":"https:\/\/malinacosmetics.com\/?s={search_term_string}"},"query-input":"required name=search_term_string"}],"inLanguage":"sr-RS"},{"@type":"Organization","@id":"https:\/\/malinacosmetics.com\/#organization","name":"malinacosmetics","url":"https:\/\/malinacosmetics.com\/","logo":{"@type":"ImageObject","inLanguage":"sr-RS","@id":"https:\/\/malinacosmetics.com\/#\/schema\/logo\/image\/","url":"https:\/\/malinacosmetics.com\/wp-content\/uploads\/2021\/07\/logo.png","contentUrl":"https:\/\/malinacosmetics.com\/wp-content\/uploads\/2021\/07\/logo.png","width":500,"height":353,"caption":"malinacosmetics"},"image":{"@id":"https:\/\/malinacosmetics.com\/#\/schema\/logo\/image\/"},"sameAs":["https:\/\/www.facebook.com\/MalinaBeautyShopMe\/"]}]},"product_brand":"simple","product_price_amount":"40.00","product_price_currency":"EUR","og_availability":"instock","product_availability":"instock","product_condition":"new"},"jetpack_sharing_enabled":true,"_links":{"self":[{"href":"https:\/\/malinacosmetics.com\/sr\/wp-json\/wp\/v2\/product\/5744","targetHints":{"allow":["GET"]}}],"collection":[{"href":"https:\/\/malinacosmetics.com\/sr\/wp-json\/wp\/v2\/product"}],"about":[{"href":"https:\/\/malinacosmetics.com\/sr\/wp-json\/wp\/v2\/types\/product"}],"wp:featuredmedia":[{"embeddable":true,"href":"https:\/\/malinacosmetics.com\/sr\/wp-json\/wp\/v2\/media\/5745"}],"wp:attachment":[{"href":"https:\/\/malinacosmetics.com\/sr\/wp-json\/wp\/v2\/media?parent=5744"}],"wp:term":[{"taxonomy":"product_brand","embeddable":true,"href":"https:\/\/malinacosmetics.com\/sr\/wp-json\/wp\/v2\/product_brand?post=5744"},{"taxonomy":"product_cat","embeddable":true,"href":"https:\/\/malinacosmetics.com\/sr\/wp-json\/wp\/v2\/product_cat?post=5744"},{"taxonomy":"product_tag","embeddable":true,"href":"https:\/\/malinacosmetics.com\/sr\/wp-json\/wp\/v2\/product_tag?post=5744"}],"curies":[{"name":"wp","href":"https:\/\/api.w.org\/{rel}","templated":true}]}}