{"id":5723,"date":"2023-08-17T22:29:55","date_gmt":"2023-08-17T19:29:55","guid":{"rendered":"https:\/\/malinacosmetics.com\/?post_type=product&#038;p=5723"},"modified":"2026-04-11T15:43:20","modified_gmt":"2026-04-11T13:43:20","slug":"medi-peel-premium-collagen-naite-thread-neck-cream2","status":"publish","type":"product","link":"https:\/\/malinacosmetics.com\/sr\/\u043f\u0440\u043e\u0438\u0437\u0432\u043e\u0434\/medi-peel-premium-collagen-naite-thread-neck-cream2\/","title":{"rendered":"Medi-Peel Premium Collagen Naite Thread Neck Cream 2.0"},"content":{"rendered":"<p class=\"translation-block\">Medi-Peel Premium Collagen Naite Thread Neck Cream 2.0 - pobolj\u0161ana verzija \u010duvene kreme za vrat kompanije Medi-Peel koji sadr\u017ee dvostruku koncentraciju peptida i kolagena,  ima izra\u017een lifting efekat, zagla\u0111uje i smanjuje dubinu bora, poma\u017ee u borbi protiv bora ko\u017ee i prstenova Venera. Krema sadr\u017ei moc\u0301an peptidni kompleks koji ima za cilj dubinsko podmla\u0111ivanje i ja\u010danje ko\u017ee. Zagla\u0111uje i smanjuje dubinu bora, usporava starenje ko\u017ee i daje efekat liftinga. Intenzivno vla\u017ei i zadr\u017eava vlagu u epidermisu, elimini\u0161e suvoc\u0301u, \u010dini ko\u017eu mekom i glatkom. Peptidi aktiviraju proces regeneracije i obnavljanja c\u0301elija epiderme, aktiviraju metabolizam i povec\u0301avaju imunitet. Obnavlja strukturu kolagenih i elastinskih vlakana i stimuli\u0161e njihovu sintezu. Deluju na mi\u0161ic\u0301e lica, pru\u017eajuc\u0301i umirujuc\u0301i efekat, zbog \u010dega se bore izgla\u0111uju.<br>\nGlavni aktivni sastojci:<br>\nHidrolizovani kolagen zagla\u0111uje i ujedna\u010dava ko\u017eu, \u010dini je gipkom i elasti\u010dnom, uklanja fine bore i osve\u017eava. Ima zaceljivanje rana i umirujuc\u0301e dejstvo, zadr\u017eava vlagu u dubokim slojevima ko\u017ee. Ima efekat regeneracije.<br>\nUlje slatkog badema ima antimikrobno i antioksidativno dejstvo, elimini\u0161e lju\u0161tenje, suvoc\u0301u i iritaciju. Poma\u017ee u izgla\u0111ivanju malih bora, zagla\u0111ivanju mikroreljefa ko\u017ee, pobolj\u0161anju turgora, pobolj\u0161anju sinteze kolagena.<br>\nNiacinamid podsti\u010de sna\u017enu c\u0301elijsku obnovu ko\u017ee, pobolj\u0161ava elasti\u010dnost ko\u017ee, ja\u010da funkciju barijere, poma\u017ee u uklanjanju stara\u010dkih pega i osvetljavanju pega.<br>\nAdenozin je moc\u0301na komponenta protiv starenja koja ubrzava regeneraciju c\u0301elija ko\u017ee, \u010dime povec\u0301ava njenu \u010dvrstoc\u0301u i elasti\u010dnost i izgla\u0111uje bore.<br>\nKompleks od 5 vrsta peptida povec\u0301ava \u010dvrstoc\u0301u i elasti\u010dnost ko\u017ee, ubrzava proizvodnju sopstvenih kolagenih i elastinskih vlakana u telu. Smanjite dubinu bora i spre\u010dite opu\u0161tanje ko\u017ee. Oja\u010dati za\u0161titnu barijeru ko\u017ee.<\/p>\n<p><strong><br>Na\u010din upotrebe:<\/strong> Krema se nanosi ujutru i uve\u010de na o\u010di\u0161c\u0301enu toniranu ko\u017eu tankim slojem masa\u017enih pokreta. Treba ga nanositi od brade do klju\u010dne kosti i dekoltea.<\/p>\n<hr \/>\n<div><em><strong><em>Sastojci:<\/em><\/strong> Purified water, hydrolyzed collagen (97,500 ppm), glycerin, C12-15 alkyl benzoate, cetearyl alcohol, cetyl ethylhexanoate, cyclohexasiloxane, 1,2-hexanediol, sweet almond oil, butylene glycol, arginine, carbomer, dimethicone, glyceryl stearate, olive oil, polysorbate 60, beeswax, PEG-100 stearate, sodium polyacrylate, palmitic acid, stearic acid, fragrance, yeast\/rice ferment filtrate, hydrogenated lecithin, ethylhexylglycerin, adenosine, chamomile flower extract, disodium EDTA, polyglyceryl-10 laurate, malt extract, pentylene glycol, panthenol, Hexyldecanol, Ceramide NP, Hydrolyzed Elastin, Palmitoyl Tripeptide-5, Dipeptide Diaminobutyroyl Benzylamide Diacetate, Centella Asiatica Extract, Lavender Extract<\/em><\/div>","protected":false},"excerpt":{"rendered":"<p>U\u010dvr\u0161c\u0301ujuc\u0301a krema za vrat sa peptidnim kompleksom i kolagenom. 100ml<\/p>","protected":false},"featured_media":5724,"template":"","meta":{"_acf_changed":false},"product_brand":[],"product_cat":[470,400,224,86,437,296,214],"product_tag":[],"class_list":{"0":"post-5723","1":"product","2":"type-product","3":"status-publish","4":"has-post-thumbnail","6":"product_cat-facecream","7":"product_cat-lifting","8":"product_cat-antiage","9":"product_cat-moisturizing","10":"product_cat-alltypesofskin","11":"product_cat-medi-peel","12":"product_cat-neckcream","14":"first","15":"outofstock","16":"shipping-taxable","17":"purchasable","18":"product-type-simple"},"acf":[],"yoast_head":"<!-- This site is optimized with the Yoast SEO Premium plugin v19.6 (Yoast SEO v20.11) - https:\/\/yoast.com\/wordpress\/plugins\/seo\/ -->\n<title>Medi-Peel Premium Collagen Naite Thread Neck Cream 2.0 - Malina Beauty Store<\/title>\n<meta name=\"robots\" content=\"index, follow, max-snippet:-1, max-image-preview:large, max-video-preview:-1\" \/>\n<link rel=\"canonical\" href=\"https:\/\/malinacosmetics.com\/sr\/\u043f\u0440\u043e\u0438\u0437\u0432\u043e\u0434\/medi-peel-premium-collagen-naite-thread-neck-cream2\/\" \/>\n<meta property=\"og:locale\" content=\"sr_RS\" \/>\n<meta property=\"og:type\" content=\"article\" \/>\n<meta property=\"og:title\" content=\"Medi-Peel Premium Collagen Naite Thread Neck Cream 2.0\" \/>\n<meta property=\"og:description\" content=\"\u041f\u043e\u0434\u0442\u044f\u0433\u0438\u0432\u0430\u044e\u0449\u0438\u0439 \u043a\u0440\u0435\u043c \u0434\u043b\u044f \u0448\u0435\u0438 \u0441 \u043f\u0435\u043f\u0442\u0438\u0434\u043d\u044b\u043c \u043a\u043e\u043c\u043f\u043b\u0435\u043a\u0441\u043e\u043c \u0438 \u043a\u043e\u043b\u043b\u0430\u0433\u0435\u043d\u043e\u043c. 100ml\" \/>\n<meta property=\"og:url\" content=\"https:\/\/malinacosmetics.com\/sr\/\u043f\u0440\u043e\u0438\u0437\u0432\u043e\u0434\/medi-peel-premium-collagen-naite-thread-neck-cream2\/\" \/>\n<meta property=\"og:site_name\" content=\"Malina Beauty Store\" \/>\n<meta property=\"article:publisher\" content=\"https:\/\/www.facebook.com\/MalinaBeautyShopMe\/\" \/>\n<meta property=\"article:modified_time\" content=\"2026-04-11T13:43:20+00:00\" \/>\n<meta property=\"og:image\" content=\"https:\/\/malinacosmetics.com\/wp-content\/uploads\/2023\/08\/Medi-Peel-Premium-Collagen-Naite-Thread-Neck-Cream-2.0.jpg\" \/>\n\t<meta property=\"og:image:width\" content=\"1200\" \/>\n\t<meta property=\"og:image:height\" content=\"1200\" \/>\n\t<meta property=\"og:image:type\" content=\"image\/jpeg\" \/>\n<meta name=\"twitter:card\" content=\"summary_large_image\" \/>\n<script type=\"application\/ld+json\" class=\"yoast-schema-graph\">{\"@context\":\"https:\/\/schema.org\",\"@graph\":[{\"@type\":[\"WebPage\",\"ItemPage\"],\"@id\":\"https:\/\/malinacosmetics.com\/product\/medi-peel-premium-collagen-naite-thread-neck-cream2\/\",\"url\":\"https:\/\/malinacosmetics.com\/product\/medi-peel-premium-collagen-naite-thread-neck-cream2\/\",\"name\":\"Medi-Peel Premium Collagen Naite Thread Neck Cream 2.0 - Malina Beauty Store\",\"isPartOf\":{\"@id\":\"https:\/\/malinacosmetics.com\/#website\"},\"datePublished\":\"2023-08-17T19:29:55+00:00\",\"dateModified\":\"2026-04-11T13:43:20+00:00\",\"breadcrumb\":{\"@id\":\"https:\/\/malinacosmetics.com\/product\/medi-peel-premium-collagen-naite-thread-neck-cream2\/#breadcrumb\"},\"inLanguage\":\"sr-RS\",\"potentialAction\":[{\"@type\":\"ReadAction\",\"target\":[\"https:\/\/malinacosmetics.com\/product\/medi-peel-premium-collagen-naite-thread-neck-cream2\/\"]}]},{\"@type\":\"BreadcrumbList\",\"@id\":\"https:\/\/malinacosmetics.com\/product\/medi-peel-premium-collagen-naite-thread-neck-cream2\/#breadcrumb\",\"itemListElement\":[{\"@type\":\"ListItem\",\"position\":1,\"name\":\"\u0413\u043b\u0430\u0432\u043d\u0430\u044f \u0441\u0442\u0440\u0430\u043d\u0438\u0446\u0430\",\"item\":\"https:\/\/malinacosmetics.com\/\"},{\"@type\":\"ListItem\",\"position\":2,\"name\":\"\u041a\u0430\u0442\u0430\u043b\u043e\u0433\",\"item\":\"https:\/\/malinacosmetics.com\/sr\/shop\/\"},{\"@type\":\"ListItem\",\"position\":3,\"name\":\"Medi-Peel Premium Collagen Naite Thread Neck Cream 2.0\"}]},{\"@type\":\"WebSite\",\"@id\":\"https:\/\/malinacosmetics.com\/#website\",\"url\":\"https:\/\/malinacosmetics.com\/\",\"name\":\"Malina Beauty Store\",\"description\":\"Prodaja korejske kozmetike za Crnu Goru\",\"publisher\":{\"@id\":\"https:\/\/malinacosmetics.com\/#organization\"},\"potentialAction\":[{\"@type\":\"SearchAction\",\"target\":{\"@type\":\"EntryPoint\",\"urlTemplate\":\"https:\/\/malinacosmetics.com\/?s={search_term_string}\"},\"query-input\":\"required name=search_term_string\"}],\"inLanguage\":\"sr-RS\"},{\"@type\":\"Organization\",\"@id\":\"https:\/\/malinacosmetics.com\/#organization\",\"name\":\"malinacosmetics\",\"url\":\"https:\/\/malinacosmetics.com\/\",\"logo\":{\"@type\":\"ImageObject\",\"inLanguage\":\"sr-RS\",\"@id\":\"https:\/\/malinacosmetics.com\/#\/schema\/logo\/image\/\",\"url\":\"https:\/\/malinacosmetics.com\/wp-content\/uploads\/2021\/07\/logo.png\",\"contentUrl\":\"https:\/\/malinacosmetics.com\/wp-content\/uploads\/2021\/07\/logo.png\",\"width\":500,\"height\":353,\"caption\":\"malinacosmetics\"},\"image\":{\"@id\":\"https:\/\/malinacosmetics.com\/#\/schema\/logo\/image\/\"},\"sameAs\":[\"https:\/\/www.facebook.com\/MalinaBeautyShopMe\/\"]}]}<\/script>\n<meta property=\"product:brand\" content=\"simple\" \/>\n<meta property=\"product:price:amount\" content=\"30.00\" \/>\n<meta property=\"product:price:currency\" content=\"EUR\" \/>\n<meta property=\"og:availability\" content=\"out of stock\" \/>\n<meta property=\"product:availability\" content=\"out of stock\" \/>\n<meta property=\"product:condition\" content=\"new\" \/>\n<!-- \/ Yoast SEO Premium plugin. -->","yoast_head_json":{"title":"Medi-Peel Premium Collagen Naite Thread Neck Cream 2.0 - Malina Beauty Store","robots":{"index":"index","follow":"follow","max-snippet":"max-snippet:-1","max-image-preview":"max-image-preview:large","max-video-preview":"max-video-preview:-1"},"canonical":"https:\/\/malinacosmetics.com\/sr\/\u043f\u0440\u043e\u0438\u0437\u0432\u043e\u0434\/medi-peel-premium-collagen-naite-thread-neck-cream2\/","og_locale":"sr_RS","og_type":"article","og_title":"Medi-Peel Premium Collagen Naite Thread Neck Cream 2.0","og_description":"\u041f\u043e\u0434\u0442\u044f\u0433\u0438\u0432\u0430\u044e\u0449\u0438\u0439 \u043a\u0440\u0435\u043c \u0434\u043b\u044f \u0448\u0435\u0438 \u0441 \u043f\u0435\u043f\u0442\u0438\u0434\u043d\u044b\u043c \u043a\u043e\u043c\u043f\u043b\u0435\u043a\u0441\u043e\u043c \u0438 \u043a\u043e\u043b\u043b\u0430\u0433\u0435\u043d\u043e\u043c. 100ml","og_url":"https:\/\/malinacosmetics.com\/sr\/\u043f\u0440\u043e\u0438\u0437\u0432\u043e\u0434\/medi-peel-premium-collagen-naite-thread-neck-cream2\/","og_site_name":"Malina Beauty Store","article_publisher":"https:\/\/www.facebook.com\/MalinaBeautyShopMe\/","article_modified_time":"2026-04-11T13:43:20+00:00","og_image":[{"width":1200,"height":1200,"url":"https:\/\/malinacosmetics.com\/wp-content\/uploads\/2023\/08\/Medi-Peel-Premium-Collagen-Naite-Thread-Neck-Cream-2.0.jpg","type":"image\/jpeg"}],"twitter_card":"summary_large_image","schema":{"@context":"https:\/\/schema.org","@graph":[{"@type":["WebPage","ItemPage"],"@id":"https:\/\/malinacosmetics.com\/product\/medi-peel-premium-collagen-naite-thread-neck-cream2\/","url":"https:\/\/malinacosmetics.com\/product\/medi-peel-premium-collagen-naite-thread-neck-cream2\/","name":"Medi-Peel Premium Collagen Naite Thread Neck Cream 2.0 - Malina Beauty Store","isPartOf":{"@id":"https:\/\/malinacosmetics.com\/#website"},"datePublished":"2023-08-17T19:29:55+00:00","dateModified":"2026-04-11T13:43:20+00:00","breadcrumb":{"@id":"https:\/\/malinacosmetics.com\/product\/medi-peel-premium-collagen-naite-thread-neck-cream2\/#breadcrumb"},"inLanguage":"sr-RS","potentialAction":[{"@type":"ReadAction","target":["https:\/\/malinacosmetics.com\/product\/medi-peel-premium-collagen-naite-thread-neck-cream2\/"]}]},{"@type":"BreadcrumbList","@id":"https:\/\/malinacosmetics.com\/product\/medi-peel-premium-collagen-naite-thread-neck-cream2\/#breadcrumb","itemListElement":[{"@type":"ListItem","position":1,"name":"\u0413\u043b\u0430\u0432\u043d\u0430\u044f \u0441\u0442\u0440\u0430\u043d\u0438\u0446\u0430","item":"https:\/\/malinacosmetics.com\/"},{"@type":"ListItem","position":2,"name":"\u041a\u0430\u0442\u0430\u043b\u043e\u0433","item":"https:\/\/malinacosmetics.com\/sr\/shop\/"},{"@type":"ListItem","position":3,"name":"Medi-Peel Premium Collagen Naite Thread Neck Cream 2.0"}]},{"@type":"WebSite","@id":"https:\/\/malinacosmetics.com\/#website","url":"https:\/\/malinacosmetics.com\/","name":"Malina Beauty Store","description":"Prodaja korejske kozmetike za Crnu Goru","publisher":{"@id":"https:\/\/malinacosmetics.com\/#organization"},"potentialAction":[{"@type":"SearchAction","target":{"@type":"EntryPoint","urlTemplate":"https:\/\/malinacosmetics.com\/?s={search_term_string}"},"query-input":"required name=search_term_string"}],"inLanguage":"sr-RS"},{"@type":"Organization","@id":"https:\/\/malinacosmetics.com\/#organization","name":"malinacosmetics","url":"https:\/\/malinacosmetics.com\/","logo":{"@type":"ImageObject","inLanguage":"sr-RS","@id":"https:\/\/malinacosmetics.com\/#\/schema\/logo\/image\/","url":"https:\/\/malinacosmetics.com\/wp-content\/uploads\/2021\/07\/logo.png","contentUrl":"https:\/\/malinacosmetics.com\/wp-content\/uploads\/2021\/07\/logo.png","width":500,"height":353,"caption":"malinacosmetics"},"image":{"@id":"https:\/\/malinacosmetics.com\/#\/schema\/logo\/image\/"},"sameAs":["https:\/\/www.facebook.com\/MalinaBeautyShopMe\/"]}]},"product_brand":"simple","product_price_amount":"30.00","product_price_currency":"EUR","og_availability":"out of stock","product_availability":"out of stock","product_condition":"new"},"jetpack_sharing_enabled":true,"_links":{"self":[{"href":"https:\/\/malinacosmetics.com\/sr\/wp-json\/wp\/v2\/product\/5723","targetHints":{"allow":["GET"]}}],"collection":[{"href":"https:\/\/malinacosmetics.com\/sr\/wp-json\/wp\/v2\/product"}],"about":[{"href":"https:\/\/malinacosmetics.com\/sr\/wp-json\/wp\/v2\/types\/product"}],"wp:featuredmedia":[{"embeddable":true,"href":"https:\/\/malinacosmetics.com\/sr\/wp-json\/wp\/v2\/media\/5724"}],"wp:attachment":[{"href":"https:\/\/malinacosmetics.com\/sr\/wp-json\/wp\/v2\/media?parent=5723"}],"wp:term":[{"taxonomy":"product_brand","embeddable":true,"href":"https:\/\/malinacosmetics.com\/sr\/wp-json\/wp\/v2\/product_brand?post=5723"},{"taxonomy":"product_cat","embeddable":true,"href":"https:\/\/malinacosmetics.com\/sr\/wp-json\/wp\/v2\/product_cat?post=5723"},{"taxonomy":"product_tag","embeddable":true,"href":"https:\/\/malinacosmetics.com\/sr\/wp-json\/wp\/v2\/product_tag?post=5723"}],"curies":[{"name":"wp","href":"https:\/\/api.w.org\/{rel}","templated":true}]}}