{"id":5719,"date":"2023-08-17T23:50:45","date_gmt":"2023-08-17T20:50:45","guid":{"rendered":"https:\/\/malinacosmetics.com\/?post_type=product&#038;p=5719"},"modified":"2026-02-25T19:22:13","modified_gmt":"2026-02-25T18:22:13","slug":"medi-peel-glutathione-hyal-aqua-foaming-gel2","status":"publish","type":"product","link":"https:\/\/malinacosmetics.com\/sr\/\u043f\u0440\u043e\u0438\u0437\u0432\u043e\u0434\/medi-peel-glutathione-hyal-aqua-foaming-gel2\/","title":{"rendered":"Medi-Peel Glutathione Hyal Aqua Foaming Gel"},"content":{"rendered":"<p class=\"translation-block\">Hidratantna pena za pranje lica sadr\u017ei 99% \u010distog glutationa i 4 vrste vitamina (B2, B3, B6, B12) koji osvetljavaju ko\u017eu, izjedna\u010davaju njen ton i daju prirodan sjaj bez ose\u0107aja suvo\u0107e i neprijatne zategnutosti. Slabokiselinska formula koja sadr\u017ei povr\u0161inski aktivne supstance prirodnog porekla, ne\u017eno i efikasno \u010disti ko\u017eu od ne\u010disto\u0107a, stabilizuje hidrolipidnu ravnote\u017eu ko\u017ee, odr\u017eavaju\u0107i zdrav pH 5.5.<br>\nMetoda Deep GlutaSOME stabilizuje glutation visoke \u010disto\u0107e kako bi se smanjili gubici hranljivih materija i bezbedno i brzo isporu\u010dili aktivni sastojci u ko\u017eu. Ovaj sna\u017eni antioksidans poma\u017ee u borbi protiv oksidativnog stresa i smanjuje spoljne znakove starenja. Glutation je tako\u0111e poznat po svojim svojstvima izbeljivanja, poma\u017ee u izjedna\u010davanju tonusa ko\u017ee i smanjenju pigmentacije. <br>\nAkvaporini su specifi\u010dni proteini koji formiraju pore u membranama \u0107elija. Drugim re\u010dima, oni ispunjavaju ulogu \"vodene kapije\" kroz koju voda ulazi u \u0107eliju i tamo se zadr\u017eava. Akvaporini trenutno zasi\u0107uju vlagom, vra\u0107aju hidro ravnote\u017eu, pove\u0107avaju elasti\u010dnost ko\u017ee i izgla\u0111uju fine bore. <br>\n8 vrsta hijaluronske kiseline hidriraju, nadokna\u0111uju nedostatak vlage i zadr\u017eavaju je u epidermisu, odr\u017eavaju glatkoc\u0301u i elasti\u010dnost, spre\u010davaju isu\u0161ivanje i lju\u0161tenje.<br>\nKompleks od 5 vrsta peptida povec\u0301ava \u010dvrstinu i elasti\u010dnost ko\u017ee, ubrzava proizvodnju sopstvenih kolagenih i elastinskih vlakana u telu. Smanjuje dubinu bora i spre\u010dava opu\u0161tanje ko\u017ee. Ja\u010da za\u0161titnu barijeru ko\u017ee.<br>\nAdenozin aktivno stimuli\u0161e sintezu kolagena, povec\u0301avajuc\u0301i ton i turgor ko\u017ee, ima antiinflamatorno i regenerativno dejstvo, izgla\u0111ujuc\u0301i matriks ko\u017ee.<br>\nNiacinamid poma\u017ee u stimulaciji sinteze kolagena i pobolj\u0161anju za\u0161titnih funkcija ko\u017ee, poma\u017ee u smanjenju transepidermalnog gubitka vlage iz ko\u017ee i smanjenju pigmentacije, omek\u0161ava, pobolj\u0161ava elasti\u010dnost ko\u017ee, vla\u017ei, su\u017eava pore, umiruje, posvjetljuje.<br>\nEkstrakt \u010di\u010dka (mle\u010dni \u010di\u010dak) ima mo\u0107na antioksidativna svojstva, aktivira poja\u010danu sintezu kolagena,pobolj\u0161ava \u010dvrstinu i elasti\u010dnost ko\u017ee, a tako\u0111e poma\u017ee u osvetljavanju ko\u017ee i osloba\u0111anju od stara\u010dkih pega. <br>\nHidrolizovani ekstrakt gardenije \u010disti, obnavlja i hidrira , a tako\u0111e pobolj\u0161ava elasti\u010dnost tkiva.<br>\nPreporu\u010duje se za ko\u017eu bez sjaja, ko\u017eu sa pegama i flekama i suvu, dehidriranu ko\u017eu.<\/p>\n<p><strong><br>Na\u010din upotrebe:<\/strong> pome\u0161ati malu koli\u010dinu proizvoda sa vodom i napraviti obolnu penu. Ne\u017enim masa\u017enim pokretima naneti penu na lice, umasirati i isprati sa toplom vodom.<\/p>\n<hr \/>\n<div><em><strong><em>Sastojci:<\/em> <\/strong>Purified water, ammonium lauryl sulfate, glycerin, 1,2-hexanediol, lauryl glucoside, cocamidopropyl betaine, acrylate\/C10-30 alkyl acrylate crosspolymer, hydrolyzed sodium hyaluronate (9,740 ppm), tromethamine, sodium chloride, citric acid, sodium benzoate, glutathione (300 ppm), disodium EDTA, hydrogenated lecithin, maltodextrin, polyglyceryl-10 stearate, polyglyceryl-4 Caprate, hydrolyzed gardenia extract, butylene glycol, niacinamide, glyceryl glucoside, white thistle extract, dimethylsilanol hyaluronate (300ppb), sodium hyaluronate (200ppb), polyglyceride Lil-10 Laurate, Hyaluronic Acid (50ppb), Hydrolyzed Hyaluronic Acid (50ppb), Hydroxypropyltrimonium Hyaluronate (50ppb), Potassium Hyaluronate (35ppb), Copper Tripeptide-1, Sodium Acetylated Hyaluronate (15ppb), Acetyl Hexapeptide-8, Cyanocobalamin, Pyridoxine HCL, Palmitoyl Pentapeptide-4, Palmitoyl Tetrapeptide-7, Palmitoyl Tri Peptide-1, Riboflavin, Flavouring, Hexylcinnamal.<\/em><\/div>","protected":false},"excerpt":{"rendered":"<p>Hidratantna pena za \u010di\u0161\u0107enje lica sa glutationom. 150ml<\/p>","protected":false},"featured_media":5720,"template":"","meta":{"_acf_changed":false},"product_brand":[],"product_cat":[458,224,349,86,437,518,443,63,476,296],"product_tag":[538],"class_list":{"0":"post-5719","1":"product","2":"type-product","3":"status-publish","4":"has-post-thumbnail","6":"product_cat-pigmentation","7":"product_cat-antiage","8":"product_cat-brightening","9":"product_cat-moisturizing","10":"product_cat-alltypesofskin","11":"product_cat-dehydratedskin","12":"product_cat-dryskin","13":"product_cat-cleansing","14":"product_cat-cleansingfoam","15":"product_cat-medi-peel","16":"product_tag-glutathione-hyal-aqua","18":"first","19":"instock","20":"shipping-taxable","21":"purchasable","22":"product-type-simple"},"acf":[],"yoast_head":"<!-- This site is optimized with the Yoast SEO Premium plugin v19.6 (Yoast SEO v20.11) - https:\/\/yoast.com\/wordpress\/plugins\/seo\/ -->\n<title>Medi-Peel Glutathione Hyal Aqua Foaming Gel - Malina Beauty Store<\/title>\n<meta name=\"robots\" content=\"index, follow, max-snippet:-1, max-image-preview:large, max-video-preview:-1\" \/>\n<link rel=\"canonical\" href=\"https:\/\/malinacosmetics.com\/sr\/\u043f\u0440\u043e\u0438\u0437\u0432\u043e\u0434\/medi-peel-glutathione-hyal-aqua-foaming-gel2\/\" \/>\n<meta property=\"og:locale\" content=\"sr_RS\" \/>\n<meta property=\"og:type\" content=\"article\" \/>\n<meta property=\"og:title\" content=\"Medi-Peel Glutathione Hyal Aqua Foaming Gel\" \/>\n<meta property=\"og:description\" content=\"\u0423\u0432\u043b\u0430\u0436\u043d\u044f\u044e\u0449\u0430\u044f \u043e\u0441\u0432\u0435\u0442\u043b\u044f\u044e\u0449\u0430\u044f \u043f\u0435\u043d\u043a\u0430 \u0434\u043b\u044f \u0443\u043c\u044b\u0432\u0430\u043d\u0438\u044f \u0441 \u0433\u043b\u0443\u0442\u0430\u0442\u0438\u043e\u043d\u043e\u043c. 150ml\" \/>\n<meta property=\"og:url\" content=\"https:\/\/malinacosmetics.com\/sr\/\u043f\u0440\u043e\u0438\u0437\u0432\u043e\u0434\/medi-peel-glutathione-hyal-aqua-foaming-gel2\/\" \/>\n<meta property=\"og:site_name\" content=\"Malina Beauty Store\" \/>\n<meta property=\"article:publisher\" content=\"https:\/\/www.facebook.com\/MalinaBeautyShopMe\/\" \/>\n<meta property=\"article:modified_time\" content=\"2026-02-25T18:22:13+00:00\" \/>\n<meta property=\"og:image\" content=\"https:\/\/malinacosmetics.com\/wp-content\/uploads\/2023\/08\/Medi-Peel-Glutathione-Hyal-Aqua-Foaming-Gel.jpg\" \/>\n\t<meta property=\"og:image:width\" content=\"1200\" \/>\n\t<meta property=\"og:image:height\" content=\"1200\" \/>\n\t<meta property=\"og:image:type\" content=\"image\/jpeg\" \/>\n<meta name=\"twitter:card\" content=\"summary_large_image\" \/>\n<script type=\"application\/ld+json\" class=\"yoast-schema-graph\">{\"@context\":\"https:\/\/schema.org\",\"@graph\":[{\"@type\":[\"WebPage\",\"ItemPage\"],\"@id\":\"https:\/\/malinacosmetics.com\/product\/medi-peel-glutathione-hyal-aqua-foaming-gel2\/\",\"url\":\"https:\/\/malinacosmetics.com\/product\/medi-peel-glutathione-hyal-aqua-foaming-gel2\/\",\"name\":\"Medi-Peel Glutathione Hyal Aqua Foaming Gel - Malina Beauty Store\",\"isPartOf\":{\"@id\":\"https:\/\/malinacosmetics.com\/#website\"},\"datePublished\":\"2023-08-17T20:50:45+00:00\",\"dateModified\":\"2026-02-25T18:22:13+00:00\",\"breadcrumb\":{\"@id\":\"https:\/\/malinacosmetics.com\/product\/medi-peel-glutathione-hyal-aqua-foaming-gel2\/#breadcrumb\"},\"inLanguage\":\"sr-RS\",\"potentialAction\":[{\"@type\":\"ReadAction\",\"target\":[\"https:\/\/malinacosmetics.com\/product\/medi-peel-glutathione-hyal-aqua-foaming-gel2\/\"]}]},{\"@type\":\"BreadcrumbList\",\"@id\":\"https:\/\/malinacosmetics.com\/product\/medi-peel-glutathione-hyal-aqua-foaming-gel2\/#breadcrumb\",\"itemListElement\":[{\"@type\":\"ListItem\",\"position\":1,\"name\":\"\u0413\u043b\u0430\u0432\u043d\u0430\u044f \u0441\u0442\u0440\u0430\u043d\u0438\u0446\u0430\",\"item\":\"https:\/\/malinacosmetics.com\/\"},{\"@type\":\"ListItem\",\"position\":2,\"name\":\"\u041a\u0430\u0442\u0430\u043b\u043e\u0433\",\"item\":\"https:\/\/malinacosmetics.com\/sr\/shop\/\"},{\"@type\":\"ListItem\",\"position\":3,\"name\":\"Medi-Peel Glutathione Hyal Aqua Foaming Gel\"}]},{\"@type\":\"WebSite\",\"@id\":\"https:\/\/malinacosmetics.com\/#website\",\"url\":\"https:\/\/malinacosmetics.com\/\",\"name\":\"Malina Beauty Store\",\"description\":\"Prodaja korejske kozmetike za Crnu Goru\",\"publisher\":{\"@id\":\"https:\/\/malinacosmetics.com\/#organization\"},\"potentialAction\":[{\"@type\":\"SearchAction\",\"target\":{\"@type\":\"EntryPoint\",\"urlTemplate\":\"https:\/\/malinacosmetics.com\/?s={search_term_string}\"},\"query-input\":\"required name=search_term_string\"}],\"inLanguage\":\"sr-RS\"},{\"@type\":\"Organization\",\"@id\":\"https:\/\/malinacosmetics.com\/#organization\",\"name\":\"malinacosmetics\",\"url\":\"https:\/\/malinacosmetics.com\/\",\"logo\":{\"@type\":\"ImageObject\",\"inLanguage\":\"sr-RS\",\"@id\":\"https:\/\/malinacosmetics.com\/#\/schema\/logo\/image\/\",\"url\":\"https:\/\/malinacosmetics.com\/wp-content\/uploads\/2021\/07\/logo.png\",\"contentUrl\":\"https:\/\/malinacosmetics.com\/wp-content\/uploads\/2021\/07\/logo.png\",\"width\":500,\"height\":353,\"caption\":\"malinacosmetics\"},\"image\":{\"@id\":\"https:\/\/malinacosmetics.com\/#\/schema\/logo\/image\/\"},\"sameAs\":[\"https:\/\/www.facebook.com\/MalinaBeautyShopMe\/\"]}]}<\/script>\n<meta property=\"product:brand\" content=\"simple\" \/>\n<meta property=\"product:price:amount\" content=\"25.00\" \/>\n<meta property=\"product:price:currency\" content=\"EUR\" \/>\n<meta property=\"og:availability\" content=\"instock\" \/>\n<meta property=\"product:availability\" content=\"instock\" \/>\n<meta property=\"product:condition\" content=\"new\" \/>\n<!-- \/ Yoast SEO Premium plugin. -->","yoast_head_json":{"title":"Medi-Peel Glutathione Hyal Aqua Foaming Gel - Malina Beauty Store","robots":{"index":"index","follow":"follow","max-snippet":"max-snippet:-1","max-image-preview":"max-image-preview:large","max-video-preview":"max-video-preview:-1"},"canonical":"https:\/\/malinacosmetics.com\/sr\/\u043f\u0440\u043e\u0438\u0437\u0432\u043e\u0434\/medi-peel-glutathione-hyal-aqua-foaming-gel2\/","og_locale":"sr_RS","og_type":"article","og_title":"Medi-Peel Glutathione Hyal Aqua Foaming Gel","og_description":"\u0423\u0432\u043b\u0430\u0436\u043d\u044f\u044e\u0449\u0430\u044f \u043e\u0441\u0432\u0435\u0442\u043b\u044f\u044e\u0449\u0430\u044f \u043f\u0435\u043d\u043a\u0430 \u0434\u043b\u044f \u0443\u043c\u044b\u0432\u0430\u043d\u0438\u044f \u0441 \u0433\u043b\u0443\u0442\u0430\u0442\u0438\u043e\u043d\u043e\u043c. 150ml","og_url":"https:\/\/malinacosmetics.com\/sr\/\u043f\u0440\u043e\u0438\u0437\u0432\u043e\u0434\/medi-peel-glutathione-hyal-aqua-foaming-gel2\/","og_site_name":"Malina Beauty Store","article_publisher":"https:\/\/www.facebook.com\/MalinaBeautyShopMe\/","article_modified_time":"2026-02-25T18:22:13+00:00","og_image":[{"width":1200,"height":1200,"url":"https:\/\/malinacosmetics.com\/wp-content\/uploads\/2023\/08\/Medi-Peel-Glutathione-Hyal-Aqua-Foaming-Gel.jpg","type":"image\/jpeg"}],"twitter_card":"summary_large_image","schema":{"@context":"https:\/\/schema.org","@graph":[{"@type":["WebPage","ItemPage"],"@id":"https:\/\/malinacosmetics.com\/product\/medi-peel-glutathione-hyal-aqua-foaming-gel2\/","url":"https:\/\/malinacosmetics.com\/product\/medi-peel-glutathione-hyal-aqua-foaming-gel2\/","name":"Medi-Peel Glutathione Hyal Aqua Foaming Gel - Malina Beauty Store","isPartOf":{"@id":"https:\/\/malinacosmetics.com\/#website"},"datePublished":"2023-08-17T20:50:45+00:00","dateModified":"2026-02-25T18:22:13+00:00","breadcrumb":{"@id":"https:\/\/malinacosmetics.com\/product\/medi-peel-glutathione-hyal-aqua-foaming-gel2\/#breadcrumb"},"inLanguage":"sr-RS","potentialAction":[{"@type":"ReadAction","target":["https:\/\/malinacosmetics.com\/product\/medi-peel-glutathione-hyal-aqua-foaming-gel2\/"]}]},{"@type":"BreadcrumbList","@id":"https:\/\/malinacosmetics.com\/product\/medi-peel-glutathione-hyal-aqua-foaming-gel2\/#breadcrumb","itemListElement":[{"@type":"ListItem","position":1,"name":"\u0413\u043b\u0430\u0432\u043d\u0430\u044f \u0441\u0442\u0440\u0430\u043d\u0438\u0446\u0430","item":"https:\/\/malinacosmetics.com\/"},{"@type":"ListItem","position":2,"name":"\u041a\u0430\u0442\u0430\u043b\u043e\u0433","item":"https:\/\/malinacosmetics.com\/sr\/shop\/"},{"@type":"ListItem","position":3,"name":"Medi-Peel Glutathione Hyal Aqua Foaming Gel"}]},{"@type":"WebSite","@id":"https:\/\/malinacosmetics.com\/#website","url":"https:\/\/malinacosmetics.com\/","name":"Malina Beauty Store","description":"Prodaja korejske kozmetike za Crnu Goru","publisher":{"@id":"https:\/\/malinacosmetics.com\/#organization"},"potentialAction":[{"@type":"SearchAction","target":{"@type":"EntryPoint","urlTemplate":"https:\/\/malinacosmetics.com\/?s={search_term_string}"},"query-input":"required name=search_term_string"}],"inLanguage":"sr-RS"},{"@type":"Organization","@id":"https:\/\/malinacosmetics.com\/#organization","name":"malinacosmetics","url":"https:\/\/malinacosmetics.com\/","logo":{"@type":"ImageObject","inLanguage":"sr-RS","@id":"https:\/\/malinacosmetics.com\/#\/schema\/logo\/image\/","url":"https:\/\/malinacosmetics.com\/wp-content\/uploads\/2021\/07\/logo.png","contentUrl":"https:\/\/malinacosmetics.com\/wp-content\/uploads\/2021\/07\/logo.png","width":500,"height":353,"caption":"malinacosmetics"},"image":{"@id":"https:\/\/malinacosmetics.com\/#\/schema\/logo\/image\/"},"sameAs":["https:\/\/www.facebook.com\/MalinaBeautyShopMe\/"]}]},"product_brand":"simple","product_price_amount":"25.00","product_price_currency":"EUR","og_availability":"instock","product_availability":"instock","product_condition":"new"},"jetpack_sharing_enabled":true,"_links":{"self":[{"href":"https:\/\/malinacosmetics.com\/sr\/wp-json\/wp\/v2\/product\/5719","targetHints":{"allow":["GET"]}}],"collection":[{"href":"https:\/\/malinacosmetics.com\/sr\/wp-json\/wp\/v2\/product"}],"about":[{"href":"https:\/\/malinacosmetics.com\/sr\/wp-json\/wp\/v2\/types\/product"}],"wp:featuredmedia":[{"embeddable":true,"href":"https:\/\/malinacosmetics.com\/sr\/wp-json\/wp\/v2\/media\/5720"}],"wp:attachment":[{"href":"https:\/\/malinacosmetics.com\/sr\/wp-json\/wp\/v2\/media?parent=5719"}],"wp:term":[{"taxonomy":"product_brand","embeddable":true,"href":"https:\/\/malinacosmetics.com\/sr\/wp-json\/wp\/v2\/product_brand?post=5719"},{"taxonomy":"product_cat","embeddable":true,"href":"https:\/\/malinacosmetics.com\/sr\/wp-json\/wp\/v2\/product_cat?post=5719"},{"taxonomy":"product_tag","embeddable":true,"href":"https:\/\/malinacosmetics.com\/sr\/wp-json\/wp\/v2\/product_tag?post=5719"}],"curies":[{"name":"wp","href":"https:\/\/api.w.org\/{rel}","templated":true}]}}