{"id":5701,"date":"2023-07-31T18:49:03","date_gmt":"2023-07-31T15:49:03","guid":{"rendered":"https:\/\/malinacosmetics.com\/?post_type=product&#038;p=5701"},"modified":"2026-04-11T16:03:24","modified_gmt":"2026-04-11T14:03:24","slug":"medi-peel-peptide-9-bio-sun-stick-pro2","status":"publish","type":"product","link":"https:\/\/malinacosmetics.com\/sr\/\u043f\u0440\u043e\u0438\u0437\u0432\u043e\u0434\/medi-peel-peptide-9-bio-sun-stick-pro2\/","title":{"rendered":"Medi-Peel Peptide 9 Bio Sun Stick Pro"},"content":{"rendered":"<p class=\"translation-block\">Hidratantna krema u obliku stika za sun\u010danje sa ektoinom i hidrolizovanim kolagenom efikasno \u0161titi ko\u017eu od \u0161tetnih efekata ultraljubi\u010dastog zra\u010denja i pojave stara\u010dkih pega. Pru\u017ea dodatno izra\u017eeni podmla\u0111uju\u0107i efekat: pove\u0107ava elasti\u010dnost tkiva, ja\u010da turgor, poma\u017ee u izgla\u0111ivanju bora i ko\u017enih nabora. Inhibira proizvodnju melanina, efikasno \u0161titi od sun\u010devih UVA i UVB zraka, stimuli\u0161e proizvodnju kolagena i elastinskih vlakana, usporava proces starenja, duboko hidrira.<br>\nSadr\u017ei prah koji smanjuje znojenje i bori se protiv sebuma bez izazivanja ose\u0107aja zategnutosti. Osve\u017eava ko\u017eu i daje joj prirodan tone-up efekat.<br>\nProizvod upravo ovakvog formata pogodan je za nano\u0161enje nekoliko puta tokom dana i lako se koristi u pokretu bez zama\u0161\u0107ivanja ruku. Zahvaljuju\u0107i masa\u017ei prilikom nano\u0161enja, mikrocirkulacija se pobolj\u0161ava , oblik lica se formira i akcentuje i uklanja se nadutost.\nStik ima lepu balzam-teksturu, ne ostavlja za sobom lepljivost. Pogodan je za kori\u0161\u0107enje, ne samo na ko\u017ei lica, ve\u0107 i na telu.<br>\nOsnovni sastojci:<br>\nEktoin koji je niskomolekularna proizvodnja amino kiseline, slu\u017ei kao efikasan protektor pri smanjenju i pove\u0107anju temperature, UV-zra\u010denju, dehidraciji, dejstvu nadra\u017euju\u0107ih hemikalija. Pod dejstvom ektoina zna\u010dajno se smanjuje broj \u0107elija sun\u010devih opekotina - keratinocita, koji se pojavljuju pod uticajem ultraljubi\u010dastog svetla. \u0160titi od vidljivog, infra-crvenog i ultraljubi\u010dastog zra\u010denja, aktivno se bori protiv fotostarenja. Efikasan je za dugotrajnu hidrataciju i za\u0161titu suve, osetljive, kao i zrele ko\u017ee, jer poma\u017ee u obnavljanju o\u0161te\u0107enih \u0107elija, usporava starenje povezano sa negativnim uticajima okoline, u\u010destvuje u metabolizmu \u0107elija, stabilizuje imuni sistem ko\u017ee, aktivno spre\u010dava dehidraciju tkiva. Umiruje nadra\u017eenu i o\u0161te\u0107enu ko\u017eu, poma\u017ee u pobolj\u0161anju stanja ko\u017ee kod psorijaze i atopijskog dermatitisa.<br>\nHidrolizovani kolagen pobolj\u0161ava celokupno zdravlje ko\u017ee: zagla\u0111uje je i ravna, \u010dini je \u010dvrstom i urednom, uklanja bore smejalice i osve\u017eava. Zaceljuje i umiruje iziritiranu ko\u017eu, zadr\u017eava vlagu u dubokim slojevima.<br>\nPatentirani Soothing Cooler kompleks (ekstrakt lista aloe vere, ekstrakt mrke alge, ekstrakt korena jama, ekstrakt korena bresta i ekstrakt ljubi\u010dice) hladi povr\u0161inu ko\u017ee i poma\u017ee u spre\u010davanju starenja izazvanog sun\u010danjem.<br>\nAdenozin aktivno uti\u010de na proizvodnju kolagena, stimuli\u0161e proizvodnju elastina u \u0107elijama epidermisa, smanjuje broj bora koje se pojavljuju sa godinama, smanjuje njihovu dubinu.<br>\nNiacinamid pove\u0107ava sintezu ceramida, elimini\u0161e suvo\u0107u, zategnutost i perutanje. Usporava isporuku melanina epidermisu, spre\u010dava stvaranje pigmentnih mrlja. Smanjuje osetljivost ko\u017ee na spoljne stimuluse, pospe\u0161uje proizvodnju kolagena i pove\u0107ava gustinu.<br>\nOLIGO HA-hijaluronska kiselina male molekulske te\u017eine, dizajnirana da duboko prodre u epidermu, maksimalno hidrira ko\u017eu, pobolj\u0161ava njenu \u010dvrstinu i elasti\u010dnost, smanjuje duboke bore.<br>\nKoenzim Q10 ima podmla\u0111uju\u0107e i antioksidativno dejstvo, poma\u017ee u izgla\u0111ivanju bora, ubrzava regeneraciju i sintezu kolagenskih vlakana u \u0107elijama. Stimuli\u0161e rast vezivnog tkiva, \u0161titi \u0107elije od uni\u0161tenja.<br>\nKompleks od 9 vrsta peptida odgovoran je za trajnu regeneraciju i obnavljanje \u0107elija, ima duboko anti-age uticaj, smanjuje vidljivost bora i spre\u010dava stvaranje novih, stimuli\u0161e procese obnove i regeneracije, usporava starenje \u0107elija.<br>\nPreporu\u010duje se za suvu, osetljivu, zrelu ko\u017eu.<\/p>\n<p><strong><br>Na\u010din upotrebe:<\/strong> Nanesite proizvod ravnomerno kao poslednji korak nege 15-20 minuta pre izlaska napolje. Kada ste na direktnom suncu, ponovo nanosite svaka 2 sata.<\/p>\n<hr \/>\n<div>\n<p><em><b><em>Sastojci:<\/em> <\/b><\/em><em>Cetylethylhexanoate, dimethicone, methyl methacrylate crosspolymer, octocrylene, ethylhexylmethoxycinnamate, ozokerite, synthetic wax, diethylaminohydroxybenzoylhexylbenzoate, butylene glycol die Caprylate\/Dicaprate, Vinyldimethicone\/Methiconesilsesquioxane Crosspolymer, Ethylhexyl Salicylate, Dipropylene Glycol, Bis-Ethylhexyloxyphenol Methoxyphenyltriazine, Microcrystalline Wax , Fragrance, 1,2-Hexanediol, Caprylic\/Capric Glycerase, Oil-soluble Licorice Extract, Pentylene Glycol, Adenosine, Niacinamide, Tocopheryl Acetate, Purified Water, Glycerin, Hydrolyzed Hyaluronic Acid, ectoin, butylene glycol, caprylic\/capric triglyceride, drumstick seed extract, collagen, hydrogenated lecithin, leuconostoc\/unfermented filtrate, kelp extract, elm root extract, Aloe Vera Leaf Extract, Ubiquinone, Violet Flower Extract, Yam Root Extract, Polyglyceryl-10 Laurate, Sodium Hyaluronate, Sunflower Flower Extract, Ethylhexylglycerin, Sodium Soy Hydrolyzed Collagen, Collagen Amino Acid, Hydrate Lolized collagen, tripeptide-1 (0.0064 ppb), citric acid, sodium hyaluronate crosspolymer, potassium hyaluronate, hydroxypropyltrimonium hyaluronate, hydrolyzed sodium hyaluronate nate, hyaluronic acid, acetyl hexapeptide-8 (0.0005 ppb), alanine\/histidine\/lysine polypeptide copper HCL (0.0005 ppb), copper tripeptide-1 (0.0005 ppb), palmitoyl tripeptide-1 ( 0.0005 ppb), palmitoylpentapeptide-4 (0.0005 ppb), hexapeptide-11 (0.0005 ppb), hexapeptide-9 (0.0005 ppb), sodium hydroxide, glycine, glutamic acid, nonapeptide-1 ( 0.0001 ppb), leucine, methionine, valine, serine, sodium acetylated hyaluronate, aspartic acid, isoleucine, alanine, arginine, ornithine, taurine, phenylalanine, proline, histidine.<\/em><\/p>\n<p>&nbsp;<\/p>\n<p>&nbsp;<\/p>\n<\/div>","protected":false},"excerpt":{"rendered":"<p>Hidratantni stik za sun\u010danje sa ektoinom i hidrolizovanim kolagenom SPF50+ PA++++. 20g<\/p>","protected":false},"featured_media":5702,"template":"","meta":{"_acf_changed":false},"product_brand":[],"product_cat":[477,458,224,86,231,437,439,518,443,444,340,469,296],"product_tag":[410],"class_list":{"0":"post-5701","1":"product","2":"type-product","3":"status-publish","4":"has-post-thumbnail","6":"product_cat-stick","7":"product_cat-pigmentation","8":"product_cat-antiage","9":"product_cat-moisturizing","10":"product_cat-calming","11":"product_cat-alltypesofskin","12":"product_cat-matureskin","13":"product_cat-dehydratedskin","14":"product_cat-dryskin","15":"product_cat-sensitiveskin","16":"product_cat-sunprotection","17":"product_cat-sunstick","18":"product_cat-medi-peel","19":"product_tag-peptide-9","21":"first","22":"instock","23":"shipping-taxable","24":"purchasable","25":"product-type-simple"},"acf":[],"yoast_head":"<!-- This site is optimized with the Yoast SEO Premium plugin v19.6 (Yoast SEO v20.11) - https:\/\/yoast.com\/wordpress\/plugins\/seo\/ -->\n<title>Medi-Peel Peptide 9 Bio Sun Stick Pro<\/title>\n<meta name=\"robots\" content=\"index, follow, max-snippet:-1, max-image-preview:large, max-video-preview:-1\" \/>\n<link rel=\"canonical\" href=\"https:\/\/malinacosmetics.com\/sr\/\u043f\u0440\u043e\u0438\u0437\u0432\u043e\u0434\/medi-peel-peptide-9-bio-sun-stick-pro2\/\" \/>\n<meta property=\"og:locale\" content=\"sr_RS\" \/>\n<meta property=\"og:type\" content=\"article\" \/>\n<meta property=\"og:title\" content=\"Medi-Peel Peptide 9 Bio Sun Stick Pro\" \/>\n<meta property=\"og:url\" content=\"https:\/\/malinacosmetics.com\/sr\/\u043f\u0440\u043e\u0438\u0437\u0432\u043e\u0434\/medi-peel-peptide-9-bio-sun-stick-pro2\/\" \/>\n<meta property=\"og:site_name\" content=\"Malina Beauty Store\" \/>\n<meta property=\"article:publisher\" content=\"https:\/\/www.facebook.com\/MalinaBeautyShopMe\/\" \/>\n<meta property=\"article:modified_time\" content=\"2026-04-11T14:03:24+00:00\" \/>\n<meta property=\"og:image\" content=\"https:\/\/malinacosmetics.com\/wp-content\/uploads\/2023\/07\/MEDI-PEEL-Peptide-9-Bio-Sun-Stick-Pro.jpg\" \/>\n\t<meta property=\"og:image:width\" content=\"1200\" \/>\n\t<meta property=\"og:image:height\" content=\"1200\" \/>\n\t<meta property=\"og:image:type\" content=\"image\/jpeg\" \/>\n<meta name=\"twitter:card\" content=\"summary_large_image\" \/>\n<script type=\"application\/ld+json\" class=\"yoast-schema-graph\">{\"@context\":\"https:\/\/schema.org\",\"@graph\":[{\"@type\":[\"WebPage\",\"ItemPage\"],\"@id\":\"https:\/\/malinacosmetics.com\/product\/medi-peel-peptide-9-bio-sun-stick-pro2\/\",\"url\":\"https:\/\/malinacosmetics.com\/product\/medi-peel-peptide-9-bio-sun-stick-pro2\/\",\"name\":\"Medi-Peel Peptide 9 Bio Sun Stick Pro\",\"isPartOf\":{\"@id\":\"https:\/\/malinacosmetics.com\/#website\"},\"datePublished\":\"2023-07-31T15:49:03+00:00\",\"dateModified\":\"2026-04-11T14:03:24+00:00\",\"breadcrumb\":{\"@id\":\"https:\/\/malinacosmetics.com\/product\/medi-peel-peptide-9-bio-sun-stick-pro2\/#breadcrumb\"},\"inLanguage\":\"sr-RS\",\"potentialAction\":[{\"@type\":\"ReadAction\",\"target\":[\"https:\/\/malinacosmetics.com\/product\/medi-peel-peptide-9-bio-sun-stick-pro2\/\"]}]},{\"@type\":\"BreadcrumbList\",\"@id\":\"https:\/\/malinacosmetics.com\/product\/medi-peel-peptide-9-bio-sun-stick-pro2\/#breadcrumb\",\"itemListElement\":[{\"@type\":\"ListItem\",\"position\":1,\"name\":\"\u0413\u043b\u0430\u0432\u043d\u0430\u044f \u0441\u0442\u0440\u0430\u043d\u0438\u0446\u0430\",\"item\":\"https:\/\/malinacosmetics.com\/\"},{\"@type\":\"ListItem\",\"position\":2,\"name\":\"\u041a\u0430\u0442\u0430\u043b\u043e\u0433\",\"item\":\"https:\/\/malinacosmetics.com\/sr\/shop\/\"},{\"@type\":\"ListItem\",\"position\":3,\"name\":\"Medi-Peel Peptide 9 Bio Sun Stick Pro\"}]},{\"@type\":\"WebSite\",\"@id\":\"https:\/\/malinacosmetics.com\/#website\",\"url\":\"https:\/\/malinacosmetics.com\/\",\"name\":\"Malina Beauty Store\",\"description\":\"Prodaja korejske kozmetike za Crnu Goru\",\"publisher\":{\"@id\":\"https:\/\/malinacosmetics.com\/#organization\"},\"potentialAction\":[{\"@type\":\"SearchAction\",\"target\":{\"@type\":\"EntryPoint\",\"urlTemplate\":\"https:\/\/malinacosmetics.com\/?s={search_term_string}\"},\"query-input\":\"required name=search_term_string\"}],\"inLanguage\":\"sr-RS\"},{\"@type\":\"Organization\",\"@id\":\"https:\/\/malinacosmetics.com\/#organization\",\"name\":\"malinacosmetics\",\"url\":\"https:\/\/malinacosmetics.com\/\",\"logo\":{\"@type\":\"ImageObject\",\"inLanguage\":\"sr-RS\",\"@id\":\"https:\/\/malinacosmetics.com\/#\/schema\/logo\/image\/\",\"url\":\"https:\/\/malinacosmetics.com\/wp-content\/uploads\/2021\/07\/logo.png\",\"contentUrl\":\"https:\/\/malinacosmetics.com\/wp-content\/uploads\/2021\/07\/logo.png\",\"width\":500,\"height\":353,\"caption\":\"malinacosmetics\"},\"image\":{\"@id\":\"https:\/\/malinacosmetics.com\/#\/schema\/logo\/image\/\"},\"sameAs\":[\"https:\/\/www.facebook.com\/MalinaBeautyShopMe\/\"]}]}<\/script>\n<meta property=\"product:brand\" content=\"simple\" \/>\n<meta property=\"product:price:amount\" content=\"34.00\" \/>\n<meta property=\"product:price:currency\" content=\"EUR\" \/>\n<meta property=\"og:availability\" content=\"instock\" \/>\n<meta property=\"product:availability\" content=\"instock\" \/>\n<meta property=\"product:condition\" content=\"new\" \/>\n<!-- \/ Yoast SEO Premium plugin. -->","yoast_head_json":{"title":"Medi-Peel Peptide 9 Bio Sun Stick Pro","robots":{"index":"index","follow":"follow","max-snippet":"max-snippet:-1","max-image-preview":"max-image-preview:large","max-video-preview":"max-video-preview:-1"},"canonical":"https:\/\/malinacosmetics.com\/sr\/\u043f\u0440\u043e\u0438\u0437\u0432\u043e\u0434\/medi-peel-peptide-9-bio-sun-stick-pro2\/","og_locale":"sr_RS","og_type":"article","og_title":"Medi-Peel Peptide 9 Bio Sun Stick Pro","og_url":"https:\/\/malinacosmetics.com\/sr\/\u043f\u0440\u043e\u0438\u0437\u0432\u043e\u0434\/medi-peel-peptide-9-bio-sun-stick-pro2\/","og_site_name":"Malina Beauty Store","article_publisher":"https:\/\/www.facebook.com\/MalinaBeautyShopMe\/","article_modified_time":"2026-04-11T14:03:24+00:00","og_image":[{"width":1200,"height":1200,"url":"https:\/\/malinacosmetics.com\/wp-content\/uploads\/2023\/07\/MEDI-PEEL-Peptide-9-Bio-Sun-Stick-Pro.jpg","type":"image\/jpeg"}],"twitter_card":"summary_large_image","schema":{"@context":"https:\/\/schema.org","@graph":[{"@type":["WebPage","ItemPage"],"@id":"https:\/\/malinacosmetics.com\/product\/medi-peel-peptide-9-bio-sun-stick-pro2\/","url":"https:\/\/malinacosmetics.com\/product\/medi-peel-peptide-9-bio-sun-stick-pro2\/","name":"Medi-Peel Peptide 9 Bio Sun Stick Pro","isPartOf":{"@id":"https:\/\/malinacosmetics.com\/#website"},"datePublished":"2023-07-31T15:49:03+00:00","dateModified":"2026-04-11T14:03:24+00:00","breadcrumb":{"@id":"https:\/\/malinacosmetics.com\/product\/medi-peel-peptide-9-bio-sun-stick-pro2\/#breadcrumb"},"inLanguage":"sr-RS","potentialAction":[{"@type":"ReadAction","target":["https:\/\/malinacosmetics.com\/product\/medi-peel-peptide-9-bio-sun-stick-pro2\/"]}]},{"@type":"BreadcrumbList","@id":"https:\/\/malinacosmetics.com\/product\/medi-peel-peptide-9-bio-sun-stick-pro2\/#breadcrumb","itemListElement":[{"@type":"ListItem","position":1,"name":"\u0413\u043b\u0430\u0432\u043d\u0430\u044f \u0441\u0442\u0440\u0430\u043d\u0438\u0446\u0430","item":"https:\/\/malinacosmetics.com\/"},{"@type":"ListItem","position":2,"name":"\u041a\u0430\u0442\u0430\u043b\u043e\u0433","item":"https:\/\/malinacosmetics.com\/sr\/shop\/"},{"@type":"ListItem","position":3,"name":"Medi-Peel Peptide 9 Bio Sun Stick Pro"}]},{"@type":"WebSite","@id":"https:\/\/malinacosmetics.com\/#website","url":"https:\/\/malinacosmetics.com\/","name":"Malina Beauty Store","description":"Prodaja korejske kozmetike za Crnu Goru","publisher":{"@id":"https:\/\/malinacosmetics.com\/#organization"},"potentialAction":[{"@type":"SearchAction","target":{"@type":"EntryPoint","urlTemplate":"https:\/\/malinacosmetics.com\/?s={search_term_string}"},"query-input":"required name=search_term_string"}],"inLanguage":"sr-RS"},{"@type":"Organization","@id":"https:\/\/malinacosmetics.com\/#organization","name":"malinacosmetics","url":"https:\/\/malinacosmetics.com\/","logo":{"@type":"ImageObject","inLanguage":"sr-RS","@id":"https:\/\/malinacosmetics.com\/#\/schema\/logo\/image\/","url":"https:\/\/malinacosmetics.com\/wp-content\/uploads\/2021\/07\/logo.png","contentUrl":"https:\/\/malinacosmetics.com\/wp-content\/uploads\/2021\/07\/logo.png","width":500,"height":353,"caption":"malinacosmetics"},"image":{"@id":"https:\/\/malinacosmetics.com\/#\/schema\/logo\/image\/"},"sameAs":["https:\/\/www.facebook.com\/MalinaBeautyShopMe\/"]}]},"product_brand":"simple","product_price_amount":"34.00","product_price_currency":"EUR","og_availability":"instock","product_availability":"instock","product_condition":"new"},"jetpack_sharing_enabled":true,"_links":{"self":[{"href":"https:\/\/malinacosmetics.com\/sr\/wp-json\/wp\/v2\/product\/5701","targetHints":{"allow":["GET"]}}],"collection":[{"href":"https:\/\/malinacosmetics.com\/sr\/wp-json\/wp\/v2\/product"}],"about":[{"href":"https:\/\/malinacosmetics.com\/sr\/wp-json\/wp\/v2\/types\/product"}],"wp:featuredmedia":[{"embeddable":true,"href":"https:\/\/malinacosmetics.com\/sr\/wp-json\/wp\/v2\/media\/5702"}],"wp:attachment":[{"href":"https:\/\/malinacosmetics.com\/sr\/wp-json\/wp\/v2\/media?parent=5701"}],"wp:term":[{"taxonomy":"product_brand","embeddable":true,"href":"https:\/\/malinacosmetics.com\/sr\/wp-json\/wp\/v2\/product_brand?post=5701"},{"taxonomy":"product_cat","embeddable":true,"href":"https:\/\/malinacosmetics.com\/sr\/wp-json\/wp\/v2\/product_cat?post=5701"},{"taxonomy":"product_tag","embeddable":true,"href":"https:\/\/malinacosmetics.com\/sr\/wp-json\/wp\/v2\/product_tag?post=5701"}],"curies":[{"name":"wp","href":"https:\/\/api.w.org\/{rel}","templated":true}]}}