{"id":5589,"date":"2023-07-23T15:38:34","date_gmt":"2023-07-23T12:38:34","guid":{"rendered":"https:\/\/malinacosmetics.com\/?post_type=product&#038;p=5589"},"modified":"2024-12-10T14:24:15","modified_gmt":"2024-12-10T13:24:15","slug":"giftvoucher","status":"publish","type":"product","link":"https:\/\/malinacosmetics.com\/sr\/\u043f\u0440\u043e\u0438\u0437\u0432\u043e\u0434\/giftvoucher\/","title":{"rendered":"Gift voucher"},"content":{"rendered":"<p class=\"translation-block\">Poklon vau\u010der koji daje pravo na kupovinu proizvoda u vrednosti navedene na sertifikatu u na\u0161im zvani\u010dnim prodavnicama u Crnoj Gori:<br>\n\n- Medi-Peel Korejska kozmetika, Tivat, Njego\u0161eva 12<br>\n- O my cream! Korean cosmetics, Budva, Jadranski put bb<br>\nPA\u017dNJA! Molimo vas da u komentaru porud\u017ebine navedete na \u010dije ime da se izda poklon vau\u010der.<\/p>","protected":false},"excerpt":{"rendered":"<p>Poklon vau\u010der<\/p>","protected":false},"featured_media":5599,"template":"","meta":{"_acf_changed":false},"product_brand":[],"product_cat":[451],"product_tag":[],"class_list":{"0":"post-5589","1":"product","2":"type-product","3":"status-publish","4":"has-post-thumbnail","6":"product_cat-giftvoucher","8":"first","9":"instock","10":"shipping-taxable","11":"purchasable","12":"product-type-variable","13":"has-default-attributes"},"acf":[],"yoast_head":"<!-- This site is optimized with the Yoast SEO Premium plugin v19.6 (Yoast SEO v20.11) - https:\/\/yoast.com\/wordpress\/plugins\/seo\/ -->\n<title>Gift voucher - Malina Beauty Store<\/title>\n<meta name=\"robots\" content=\"index, follow, max-snippet:-1, max-image-preview:large, max-video-preview:-1\" \/>\n<link rel=\"canonical\" href=\"https:\/\/malinacosmetics.com\/sr\/\u043f\u0440\u043e\u0438\u0437\u0432\u043e\u0434\/giftvoucher\/\" \/>\n<meta property=\"og:locale\" content=\"sr_RS\" \/>\n<meta property=\"og:type\" content=\"article\" \/>\n<meta property=\"og:title\" content=\"Gift voucher\" \/>\n<meta property=\"og:description\" content=\"\u041f\u043e\u0434\u0430\u0440\u043e\u0447\u043d\u044b\u0439 \u0441\u0435\u0440\u0442\u0438\u0444\u0438\u043a\u0430\u0442\" \/>\n<meta property=\"og:url\" content=\"https:\/\/malinacosmetics.com\/sr\/\u043f\u0440\u043e\u0438\u0437\u0432\u043e\u0434\/giftvoucher\/\" \/>\n<meta property=\"og:site_name\" content=\"Malina Beauty Store\" \/>\n<meta property=\"article:publisher\" content=\"https:\/\/www.facebook.com\/MalinaBeautyShopMe\/\" \/>\n<meta property=\"article:modified_time\" content=\"2024-12-10T13:24:15+00:00\" \/>\n<meta property=\"og:image\" content=\"https:\/\/malinacosmetics.com\/wp-content\/uploads\/2023\/07\/gift-voucher3-1200x1200-1.jpg\" \/>\n\t<meta property=\"og:image:width\" content=\"1200\" \/>\n\t<meta property=\"og:image:height\" content=\"1200\" \/>\n\t<meta property=\"og:image:type\" content=\"image\/jpeg\" \/>\n<meta name=\"twitter:card\" content=\"summary_large_image\" \/>\n<script type=\"application\/ld+json\" class=\"yoast-schema-graph\">{\"@context\":\"https:\/\/schema.org\",\"@graph\":[{\"@type\":[\"WebPage\",\"ItemPage\"],\"@id\":\"https:\/\/malinacosmetics.com\/product\/giftvoucher\/\",\"url\":\"https:\/\/malinacosmetics.com\/product\/giftvoucher\/\",\"name\":\"Gift voucher - Malina Beauty Store\",\"isPartOf\":{\"@id\":\"https:\/\/malinacosmetics.com\/#website\"},\"datePublished\":\"2023-07-23T12:38:34+00:00\",\"dateModified\":\"2024-12-10T13:24:15+00:00\",\"breadcrumb\":{\"@id\":\"https:\/\/malinacosmetics.com\/product\/giftvoucher\/#breadcrumb\"},\"inLanguage\":\"sr-RS\",\"potentialAction\":[{\"@type\":\"ReadAction\",\"target\":[\"https:\/\/malinacosmetics.com\/product\/giftvoucher\/\"]}]},{\"@type\":\"BreadcrumbList\",\"@id\":\"https:\/\/malinacosmetics.com\/product\/giftvoucher\/#breadcrumb\",\"itemListElement\":[{\"@type\":\"ListItem\",\"position\":1,\"name\":\"\u0413\u043b\u0430\u0432\u043d\u0430\u044f \u0441\u0442\u0440\u0430\u043d\u0438\u0446\u0430\",\"item\":\"https:\/\/malinacosmetics.com\/\"},{\"@type\":\"ListItem\",\"position\":2,\"name\":\"\u041a\u0430\u0442\u0430\u043b\u043e\u0433\",\"item\":\"https:\/\/malinacosmetics.com\/sr\/shop\/\"},{\"@type\":\"ListItem\",\"position\":3,\"name\":\"Gift voucher\"}]},{\"@type\":\"WebSite\",\"@id\":\"https:\/\/malinacosmetics.com\/#website\",\"url\":\"https:\/\/malinacosmetics.com\/\",\"name\":\"Malina Beauty Store\",\"description\":\"Prodaja korejske kozmetike za Crnu Goru\",\"publisher\":{\"@id\":\"https:\/\/malinacosmetics.com\/#organization\"},\"potentialAction\":[{\"@type\":\"SearchAction\",\"target\":{\"@type\":\"EntryPoint\",\"urlTemplate\":\"https:\/\/malinacosmetics.com\/?s={search_term_string}\"},\"query-input\":\"required name=search_term_string\"}],\"inLanguage\":\"sr-RS\"},{\"@type\":\"Organization\",\"@id\":\"https:\/\/malinacosmetics.com\/#organization\",\"name\":\"malinacosmetics\",\"url\":\"https:\/\/malinacosmetics.com\/\",\"logo\":{\"@type\":\"ImageObject\",\"inLanguage\":\"sr-RS\",\"@id\":\"https:\/\/malinacosmetics.com\/#\/schema\/logo\/image\/\",\"url\":\"https:\/\/malinacosmetics.com\/wp-content\/uploads\/2021\/07\/logo.png\",\"contentUrl\":\"https:\/\/malinacosmetics.com\/wp-content\/uploads\/2021\/07\/logo.png\",\"width\":500,\"height\":353,\"caption\":\"malinacosmetics\"},\"image\":{\"@id\":\"https:\/\/malinacosmetics.com\/#\/schema\/logo\/image\/\"},\"sameAs\":[\"https:\/\/www.facebook.com\/MalinaBeautyShopMe\/\"]}]}<\/script>\n<meta property=\"product:brand\" content=\"variable\" \/>\n<meta property=\"og:availability\" content=\"instock\" \/>\n<meta property=\"product:availability\" content=\"instock\" \/>\n<meta property=\"product:condition\" content=\"new\" \/>\n<!-- \/ Yoast SEO Premium plugin. -->","yoast_head_json":{"title":"Gift voucher - Malina Beauty Store","robots":{"index":"index","follow":"follow","max-snippet":"max-snippet:-1","max-image-preview":"max-image-preview:large","max-video-preview":"max-video-preview:-1"},"canonical":"https:\/\/malinacosmetics.com\/sr\/\u043f\u0440\u043e\u0438\u0437\u0432\u043e\u0434\/giftvoucher\/","og_locale":"sr_RS","og_type":"article","og_title":"Gift voucher","og_description":"\u041f\u043e\u0434\u0430\u0440\u043e\u0447\u043d\u044b\u0439 \u0441\u0435\u0440\u0442\u0438\u0444\u0438\u043a\u0430\u0442","og_url":"https:\/\/malinacosmetics.com\/sr\/\u043f\u0440\u043e\u0438\u0437\u0432\u043e\u0434\/giftvoucher\/","og_site_name":"Malina Beauty Store","article_publisher":"https:\/\/www.facebook.com\/MalinaBeautyShopMe\/","article_modified_time":"2024-12-10T13:24:15+00:00","og_image":[{"width":1200,"height":1200,"url":"https:\/\/malinacosmetics.com\/wp-content\/uploads\/2023\/07\/gift-voucher3-1200x1200-1.jpg","type":"image\/jpeg"}],"twitter_card":"summary_large_image","schema":{"@context":"https:\/\/schema.org","@graph":[{"@type":["WebPage","ItemPage"],"@id":"https:\/\/malinacosmetics.com\/product\/giftvoucher\/","url":"https:\/\/malinacosmetics.com\/product\/giftvoucher\/","name":"Gift voucher - Malina Beauty Store","isPartOf":{"@id":"https:\/\/malinacosmetics.com\/#website"},"datePublished":"2023-07-23T12:38:34+00:00","dateModified":"2024-12-10T13:24:15+00:00","breadcrumb":{"@id":"https:\/\/malinacosmetics.com\/product\/giftvoucher\/#breadcrumb"},"inLanguage":"sr-RS","potentialAction":[{"@type":"ReadAction","target":["https:\/\/malinacosmetics.com\/product\/giftvoucher\/"]}]},{"@type":"BreadcrumbList","@id":"https:\/\/malinacosmetics.com\/product\/giftvoucher\/#breadcrumb","itemListElement":[{"@type":"ListItem","position":1,"name":"\u0413\u043b\u0430\u0432\u043d\u0430\u044f \u0441\u0442\u0440\u0430\u043d\u0438\u0446\u0430","item":"https:\/\/malinacosmetics.com\/"},{"@type":"ListItem","position":2,"name":"\u041a\u0430\u0442\u0430\u043b\u043e\u0433","item":"https:\/\/malinacosmetics.com\/sr\/shop\/"},{"@type":"ListItem","position":3,"name":"Gift voucher"}]},{"@type":"WebSite","@id":"https:\/\/malinacosmetics.com\/#website","url":"https:\/\/malinacosmetics.com\/","name":"Malina Beauty Store","description":"Prodaja korejske kozmetike za Crnu Goru","publisher":{"@id":"https:\/\/malinacosmetics.com\/#organization"},"potentialAction":[{"@type":"SearchAction","target":{"@type":"EntryPoint","urlTemplate":"https:\/\/malinacosmetics.com\/?s={search_term_string}"},"query-input":"required name=search_term_string"}],"inLanguage":"sr-RS"},{"@type":"Organization","@id":"https:\/\/malinacosmetics.com\/#organization","name":"malinacosmetics","url":"https:\/\/malinacosmetics.com\/","logo":{"@type":"ImageObject","inLanguage":"sr-RS","@id":"https:\/\/malinacosmetics.com\/#\/schema\/logo\/image\/","url":"https:\/\/malinacosmetics.com\/wp-content\/uploads\/2021\/07\/logo.png","contentUrl":"https:\/\/malinacosmetics.com\/wp-content\/uploads\/2021\/07\/logo.png","width":500,"height":353,"caption":"malinacosmetics"},"image":{"@id":"https:\/\/malinacosmetics.com\/#\/schema\/logo\/image\/"},"sameAs":["https:\/\/www.facebook.com\/MalinaBeautyShopMe\/"]}]},"product_brand":"variable","og_availability":"instock","product_availability":"instock","product_condition":"new"},"jetpack_sharing_enabled":true,"_links":{"self":[{"href":"https:\/\/malinacosmetics.com\/sr\/wp-json\/wp\/v2\/product\/5589","targetHints":{"allow":["GET"]}}],"collection":[{"href":"https:\/\/malinacosmetics.com\/sr\/wp-json\/wp\/v2\/product"}],"about":[{"href":"https:\/\/malinacosmetics.com\/sr\/wp-json\/wp\/v2\/types\/product"}],"wp:featuredmedia":[{"embeddable":true,"href":"https:\/\/malinacosmetics.com\/sr\/wp-json\/wp\/v2\/media\/5599"}],"wp:attachment":[{"href":"https:\/\/malinacosmetics.com\/sr\/wp-json\/wp\/v2\/media?parent=5589"}],"wp:term":[{"taxonomy":"product_brand","embeddable":true,"href":"https:\/\/malinacosmetics.com\/sr\/wp-json\/wp\/v2\/product_brand?post=5589"},{"taxonomy":"product_cat","embeddable":true,"href":"https:\/\/malinacosmetics.com\/sr\/wp-json\/wp\/v2\/product_cat?post=5589"},{"taxonomy":"product_tag","embeddable":true,"href":"https:\/\/malinacosmetics.com\/sr\/wp-json\/wp\/v2\/product_tag?post=5589"}],"curies":[{"name":"wp","href":"https:\/\/api.w.org\/{rel}","templated":true}]}}