{"id":5512,"date":"2023-06-18T21:42:37","date_gmt":"2023-06-18T18:42:37","guid":{"rendered":"https:\/\/malinacosmetics.com\/?post_type=product&#038;p=5512"},"modified":"2026-02-25T17:02:21","modified_gmt":"2026-02-25T16:02:21","slug":"medi-pemedi-peel-aqua-mooltox-water-fit-sun-serum2","status":"publish","type":"product","link":"https:\/\/malinacosmetics.com\/sr\/\u043f\u0440\u043e\u0438\u0437\u0432\u043e\u0434\/medi-pemedi-peel-aqua-mooltox-water-fit-sun-serum2\/","title":{"rendered":"Medi-Peel Aqua Mooltox Water-Fit Sun Serum SPF50+ PA++++"},"content":{"rendered":"<p class=\"translation-block\">Medi-Peel Aqua Mooltox Water-Fit Sun Serum za za\u0161titu od sunca SPF 50 + PA + + + +  na bazi stabilnih hemijskih filtera nove generacije ima laganu beste\u017einsku teksturu i potpuno je neprimetan na ko\u017ei. Odmah se hidrira, osloba\u0111a se suvo\u0107e i zategnutosti. Proizvod efikasno \u0161titi od izlaganja ultraljubi\u010dastim zracima tipa A (UVA) , koji stimuli\u0161u sintezu melanocita i izazivaju pojavu pigmentacije, a zraci tipa B (UVB ), koji uni\u0161tavaju kolagenska i elastinska vlakna, izazivaju gubitak elasti\u010dnosti i pojavu promena povezanih sa starenjem. <br>Sadr\u017ei hemijske filtere za za\u0161titu od Sunca nove generacije koji ne zahtevaju ponovno nano\u0161enje do 8 sati u gradskom okru\u017eenju: <br>Uvinul A Plus (Diethylamino Hydroxybenzoyl Hexyl Benzoate) \u0161titi od UVA spektralnih zraka. \n<br>Uvinul T 150 (Ethylhexyl Triazone) \u0161titi od UVB zra\u010denja. \n<br>Tinosorb S (Bis-Ethylhexyloxyphenol Methoxyphenyl Triazine) filter \u0161irokog spektra dejstva, \u0161titi od UVA i UVB \u2014 zraka. \n<br>Parsol SLKS (Polysilicone-15) pru\u017ea za\u0161titu od UVB zraka, daje proizvodu udoban zavr\u0161etak bez masnog sjaja. \n<br>Ecamsule \/ Mexoryl SX (Terephthalylidene Dicamphor Sulfonic Acid) ima teksturu emulzije, \u0161titi od UVA - i UVB-zraka, pove\u0107ava ukupni faktor za\u0161tite. \n<br>Klju\u010dna komponenta seruma je 63,1% kompleksa Blue Waterlock, koji se sastoji od 5 vrsta hijaluronske kiseline, akvaporina, 17 vrsta aminokiselina, ektoina i mineralne vode. Ovaj sastav mo\u017ee prodreti duboko u \u0107elije epidermisa, nadoknaditi nedostatak vla\u017enosti u tkivima i imati produ\u017eeni hidratantni efekat. \u0160titi od dehidracije i transepidermalnog gubitka  vla\u017enosti, deluje kao provodnik za druge proizvode. Serum trenutno hidrira, ne ostavlja lepljivost i daje ko\u017ei prirodan sjaj. \n<br>Dodatne aktivne komponente: <br>\nNP ceramidi pove\u0107avaju za\u0161titne funkcije epidermisa, spre\u010davaju gubitak vla\u017enosti i poma\u017eu u obnavljanju ko\u017ee. Oslobodite se suvo\u0107e, perutanja, korisni su u le\u010denju alergijskih osipa, ekcema, psorijaze. <br>AQUALICIA stimuli\u0161e aktivnost i proizvodnju posebnih proteina akvaporina koji rade poput vodenih kanala: akvaporini poma\u017eu u transportu vla\u017enosti u duboke slojeve epidermisa. \n<br>Pantenol ubrzava zarastanje, smiruje i ubla\u017eava iritaciju, vra\u0107a integritet epidermisa. <br>Patentirani ultra-B PROTECTOR kompleks ima fotoprotektivno dejstvo i efikasno \u0161titi ko\u017eu od agresivnih efekata okolnih faktora. <br>Kompleks FILMEXEL ima izra\u017een antibakterijski efekat, le\u010di zapaljenja i ja\u010da barijerna svojstva epidermisa. \n<br>Pogodno za suvu, normalnu i kombinovanu ko\u017eu.<\/p>\n<p><strong><br>Na\u010din upotrebe:<\/strong> nakon svih koraka dnevne nege, nanesite pribli\u017eno 1,2 ml proizvoda na lice i druga izlo\u017eena podru\u010dja ko\u017ee (u\u0161i, vrat) 15-20 minuta pre izlaska. Kada ste na direktnoj sun\u010devoj svetlosti (poput pla\u017ee), ponovno nanesite za\u0161titni sloj svaka 2 sata.<\/p>\n<hr \/>\n<div><em><em><strong><em>Sastojci:<\/em> <\/strong>Purified water, propanediol, butyloctyl salicylate, dibutyl adipate, ethylhexyltriazone, terephthalylidene dicamphorsulfonic acid, niacinamide, tromethamine, polyglyceryl-3distearate, octyldodecanol , cetearyl alcohol, 1,2-hexanediol, pentylene glycol, diethylaminohydroxybenzoylhexylbenzoate, caprylylmethicone, polysilicone-15, chickweed extract, sunflower extract, cowberry extract, tara Fruit extract, Kotoni extract, Bogum cactus fruit extract, evening primrose oil, sodium hyaluronate, hydrogenated lecithin, polymethylsilsesquioxane, butylene glycol, glyceryl stearate, bis-ethylhexyloxyphenol methane Toxyphenyltriazine, potassium cetyl phosphate, methyl propanediol, poly C10-30 alkyl acrylate, carbomer, glyceryl stearate citrate, acrylate\/C10-30 alkyl acrylate crosspolymer, ethylhexyl glycerin, ammonium acrylate Royl dimethyl taurate\/Vpicopolymer, adenosine, polyether-1, biosaccharide gum-1, panthenol, tocopherol, ectoin, glycerin, glyceryl glucoside, maltodextrin, hydrolyzed vegetable protein, sodium Hyaluronate Crosspolymer, Ceramide NP, Phytosphingosine, Hydrolyzed Glycosaminoglycan, Benzyl Glycol, Hydrolyzed Hyaluronic Acid, Dimethylsilanol Hyaluronate, Hydrate Lolized sodium hyaluronate, hyaluronic acid, potassium hyaluronate, hydroxypropyltrimonium hyaluronate, sodium hyaluronate dimethylsilanol, sodium acetylated hyaluronate, perfume<\/em><\/em><\/div>","protected":false},"excerpt":{"rendered":"<p>Ultra-hidratantni serum za za\u0161titu od sunca SPF 50+ PA++++. 50ml<\/p>","protected":false},"featured_media":5515,"template":"","meta":{"_acf_changed":false},"product_brand":[],"product_cat":[462,86,231,440,441,443,352,340,517,296],"product_tag":[514],"class_list":{"0":"post-5512","1":"product","2":"type-product","3":"status-publish","4":"has-post-thumbnail","6":"product_cat-dryness","7":"product_cat-moisturizing","8":"product_cat-calming","9":"product_cat-combinationskin","10":"product_cat-normalskin","11":"product_cat-dryskin","12":"product_cat-serum","13":"product_cat-sunprotection","14":"product_cat-spfserum","15":"product_cat-medi-peel","16":"product_tag-mooltox","18":"first","19":"instock","20":"shipping-taxable","21":"purchasable","22":"product-type-simple"},"acf":[],"yoast_head":"<!-- This site is optimized with the Yoast SEO Premium plugin v19.6 (Yoast SEO v20.11) - https:\/\/yoast.com\/wordpress\/plugins\/seo\/ -->\n<title>Medi-Peel Aqua Mooltox Water-Fit Sun Serum SPF50+ PA++++ - Malina Beauty Store<\/title>\n<meta name=\"robots\" content=\"index, follow, max-snippet:-1, max-image-preview:large, max-video-preview:-1\" \/>\n<link rel=\"canonical\" href=\"https:\/\/malinacosmetics.com\/sr\/\u043f\u0440\u043e\u0438\u0437\u0432\u043e\u0434\/medi-pemedi-peel-aqua-mooltox-water-fit-sun-serum2\/\" \/>\n<meta property=\"og:locale\" content=\"sr_RS\" \/>\n<meta property=\"og:type\" content=\"article\" \/>\n<meta property=\"og:title\" content=\"Medi-Peel Aqua Mooltox Water-Fit Sun Serum SPF50+ PA++++\" \/>\n<meta property=\"og:description\" content=\"\u0423\u043b\u044c\u0442\u0440\u0430\u0443\u0432\u043b\u0430\u0436\u043d\u044f\u044e\u0449\u0430\u044f \u0441\u043e\u043b\u043d\u0446\u0435\u0437\u0430\u0449\u0438\u0442\u043d\u0430\u044f \u0441\u044b\u0432\u043e\u0440\u043e\u0442\u043a\u0430 SPF 50+ PA++++. 50ml\" \/>\n<meta property=\"og:url\" content=\"https:\/\/malinacosmetics.com\/sr\/\u043f\u0440\u043e\u0438\u0437\u0432\u043e\u0434\/medi-pemedi-peel-aqua-mooltox-water-fit-sun-serum2\/\" \/>\n<meta property=\"og:site_name\" content=\"Malina Beauty Store\" \/>\n<meta property=\"article:publisher\" content=\"https:\/\/www.facebook.com\/MalinaBeautyShopMe\/\" \/>\n<meta property=\"article:modified_time\" content=\"2026-02-25T16:02:21+00:00\" \/>\n<meta property=\"og:image\" content=\"https:\/\/malinacosmetics.com\/wp-content\/uploads\/2023\/06\/Medi-Peel-Aqua-Mooltox-Water-Fit-Sun-Serum.jpg\" \/>\n\t<meta property=\"og:image:width\" content=\"1200\" \/>\n\t<meta property=\"og:image:height\" content=\"1200\" \/>\n\t<meta property=\"og:image:type\" content=\"image\/jpeg\" \/>\n<meta name=\"twitter:card\" content=\"summary_large_image\" \/>\n<script type=\"application\/ld+json\" class=\"yoast-schema-graph\">{\"@context\":\"https:\/\/schema.org\",\"@graph\":[{\"@type\":[\"WebPage\",\"ItemPage\"],\"@id\":\"https:\/\/malinacosmetics.com\/product\/medi-pemedi-peel-aqua-mooltox-water-fit-sun-serum2\/\",\"url\":\"https:\/\/malinacosmetics.com\/product\/medi-pemedi-peel-aqua-mooltox-water-fit-sun-serum2\/\",\"name\":\"Medi-Peel Aqua Mooltox Water-Fit Sun Serum SPF50+ PA++++ - Malina Beauty Store\",\"isPartOf\":{\"@id\":\"https:\/\/malinacosmetics.com\/#website\"},\"datePublished\":\"2023-06-18T18:42:37+00:00\",\"dateModified\":\"2026-02-25T16:02:21+00:00\",\"breadcrumb\":{\"@id\":\"https:\/\/malinacosmetics.com\/product\/medi-pemedi-peel-aqua-mooltox-water-fit-sun-serum2\/#breadcrumb\"},\"inLanguage\":\"sr-RS\",\"potentialAction\":[{\"@type\":\"ReadAction\",\"target\":[\"https:\/\/malinacosmetics.com\/product\/medi-pemedi-peel-aqua-mooltox-water-fit-sun-serum2\/\"]}]},{\"@type\":\"BreadcrumbList\",\"@id\":\"https:\/\/malinacosmetics.com\/product\/medi-pemedi-peel-aqua-mooltox-water-fit-sun-serum2\/#breadcrumb\",\"itemListElement\":[{\"@type\":\"ListItem\",\"position\":1,\"name\":\"\u0413\u043b\u0430\u0432\u043d\u0430\u044f \u0441\u0442\u0440\u0430\u043d\u0438\u0446\u0430\",\"item\":\"https:\/\/malinacosmetics.com\/\"},{\"@type\":\"ListItem\",\"position\":2,\"name\":\"\u041a\u0430\u0442\u0430\u043b\u043e\u0433\",\"item\":\"https:\/\/malinacosmetics.com\/sr\/shop\/\"},{\"@type\":\"ListItem\",\"position\":3,\"name\":\"Medi-Peel Aqua Mooltox Water-Fit Sun Serum SPF50+ PA++++\"}]},{\"@type\":\"WebSite\",\"@id\":\"https:\/\/malinacosmetics.com\/#website\",\"url\":\"https:\/\/malinacosmetics.com\/\",\"name\":\"Malina Beauty Store\",\"description\":\"Prodaja korejske kozmetike za Crnu Goru\",\"publisher\":{\"@id\":\"https:\/\/malinacosmetics.com\/#organization\"},\"potentialAction\":[{\"@type\":\"SearchAction\",\"target\":{\"@type\":\"EntryPoint\",\"urlTemplate\":\"https:\/\/malinacosmetics.com\/?s={search_term_string}\"},\"query-input\":\"required name=search_term_string\"}],\"inLanguage\":\"sr-RS\"},{\"@type\":\"Organization\",\"@id\":\"https:\/\/malinacosmetics.com\/#organization\",\"name\":\"malinacosmetics\",\"url\":\"https:\/\/malinacosmetics.com\/\",\"logo\":{\"@type\":\"ImageObject\",\"inLanguage\":\"sr-RS\",\"@id\":\"https:\/\/malinacosmetics.com\/#\/schema\/logo\/image\/\",\"url\":\"https:\/\/malinacosmetics.com\/wp-content\/uploads\/2021\/07\/logo.png\",\"contentUrl\":\"https:\/\/malinacosmetics.com\/wp-content\/uploads\/2021\/07\/logo.png\",\"width\":500,\"height\":353,\"caption\":\"malinacosmetics\"},\"image\":{\"@id\":\"https:\/\/malinacosmetics.com\/#\/schema\/logo\/image\/\"},\"sameAs\":[\"https:\/\/www.facebook.com\/MalinaBeautyShopMe\/\"]}]}<\/script>\n<meta property=\"product:brand\" content=\"simple\" \/>\n<meta property=\"product:price:amount\" content=\"29.00\" \/>\n<meta property=\"product:price:currency\" content=\"EUR\" \/>\n<meta property=\"og:availability\" content=\"instock\" \/>\n<meta property=\"product:availability\" content=\"instock\" \/>\n<meta property=\"product:condition\" content=\"new\" \/>\n<!-- \/ Yoast SEO Premium plugin. -->","yoast_head_json":{"title":"Medi-Peel Aqua Mooltox Water-Fit Sun Serum SPF50+ PA++++ - Malina Beauty Store","robots":{"index":"index","follow":"follow","max-snippet":"max-snippet:-1","max-image-preview":"max-image-preview:large","max-video-preview":"max-video-preview:-1"},"canonical":"https:\/\/malinacosmetics.com\/sr\/\u043f\u0440\u043e\u0438\u0437\u0432\u043e\u0434\/medi-pemedi-peel-aqua-mooltox-water-fit-sun-serum2\/","og_locale":"sr_RS","og_type":"article","og_title":"Medi-Peel Aqua Mooltox Water-Fit Sun Serum SPF50+ PA++++","og_description":"\u0423\u043b\u044c\u0442\u0440\u0430\u0443\u0432\u043b\u0430\u0436\u043d\u044f\u044e\u0449\u0430\u044f \u0441\u043e\u043b\u043d\u0446\u0435\u0437\u0430\u0449\u0438\u0442\u043d\u0430\u044f \u0441\u044b\u0432\u043e\u0440\u043e\u0442\u043a\u0430 SPF 50+ PA++++. 50ml","og_url":"https:\/\/malinacosmetics.com\/sr\/\u043f\u0440\u043e\u0438\u0437\u0432\u043e\u0434\/medi-pemedi-peel-aqua-mooltox-water-fit-sun-serum2\/","og_site_name":"Malina Beauty Store","article_publisher":"https:\/\/www.facebook.com\/MalinaBeautyShopMe\/","article_modified_time":"2026-02-25T16:02:21+00:00","og_image":[{"width":1200,"height":1200,"url":"https:\/\/malinacosmetics.com\/wp-content\/uploads\/2023\/06\/Medi-Peel-Aqua-Mooltox-Water-Fit-Sun-Serum.jpg","type":"image\/jpeg"}],"twitter_card":"summary_large_image","schema":{"@context":"https:\/\/schema.org","@graph":[{"@type":["WebPage","ItemPage"],"@id":"https:\/\/malinacosmetics.com\/product\/medi-pemedi-peel-aqua-mooltox-water-fit-sun-serum2\/","url":"https:\/\/malinacosmetics.com\/product\/medi-pemedi-peel-aqua-mooltox-water-fit-sun-serum2\/","name":"Medi-Peel Aqua Mooltox Water-Fit Sun Serum SPF50+ PA++++ - Malina Beauty Store","isPartOf":{"@id":"https:\/\/malinacosmetics.com\/#website"},"datePublished":"2023-06-18T18:42:37+00:00","dateModified":"2026-02-25T16:02:21+00:00","breadcrumb":{"@id":"https:\/\/malinacosmetics.com\/product\/medi-pemedi-peel-aqua-mooltox-water-fit-sun-serum2\/#breadcrumb"},"inLanguage":"sr-RS","potentialAction":[{"@type":"ReadAction","target":["https:\/\/malinacosmetics.com\/product\/medi-pemedi-peel-aqua-mooltox-water-fit-sun-serum2\/"]}]},{"@type":"BreadcrumbList","@id":"https:\/\/malinacosmetics.com\/product\/medi-pemedi-peel-aqua-mooltox-water-fit-sun-serum2\/#breadcrumb","itemListElement":[{"@type":"ListItem","position":1,"name":"\u0413\u043b\u0430\u0432\u043d\u0430\u044f \u0441\u0442\u0440\u0430\u043d\u0438\u0446\u0430","item":"https:\/\/malinacosmetics.com\/"},{"@type":"ListItem","position":2,"name":"\u041a\u0430\u0442\u0430\u043b\u043e\u0433","item":"https:\/\/malinacosmetics.com\/sr\/shop\/"},{"@type":"ListItem","position":3,"name":"Medi-Peel Aqua Mooltox Water-Fit Sun Serum SPF50+ PA++++"}]},{"@type":"WebSite","@id":"https:\/\/malinacosmetics.com\/#website","url":"https:\/\/malinacosmetics.com\/","name":"Malina Beauty Store","description":"Prodaja korejske kozmetike za Crnu Goru","publisher":{"@id":"https:\/\/malinacosmetics.com\/#organization"},"potentialAction":[{"@type":"SearchAction","target":{"@type":"EntryPoint","urlTemplate":"https:\/\/malinacosmetics.com\/?s={search_term_string}"},"query-input":"required name=search_term_string"}],"inLanguage":"sr-RS"},{"@type":"Organization","@id":"https:\/\/malinacosmetics.com\/#organization","name":"malinacosmetics","url":"https:\/\/malinacosmetics.com\/","logo":{"@type":"ImageObject","inLanguage":"sr-RS","@id":"https:\/\/malinacosmetics.com\/#\/schema\/logo\/image\/","url":"https:\/\/malinacosmetics.com\/wp-content\/uploads\/2021\/07\/logo.png","contentUrl":"https:\/\/malinacosmetics.com\/wp-content\/uploads\/2021\/07\/logo.png","width":500,"height":353,"caption":"malinacosmetics"},"image":{"@id":"https:\/\/malinacosmetics.com\/#\/schema\/logo\/image\/"},"sameAs":["https:\/\/www.facebook.com\/MalinaBeautyShopMe\/"]}]},"product_brand":"simple","product_price_amount":"29.00","product_price_currency":"EUR","og_availability":"instock","product_availability":"instock","product_condition":"new"},"jetpack_sharing_enabled":true,"_links":{"self":[{"href":"https:\/\/malinacosmetics.com\/sr\/wp-json\/wp\/v2\/product\/5512","targetHints":{"allow":["GET"]}}],"collection":[{"href":"https:\/\/malinacosmetics.com\/sr\/wp-json\/wp\/v2\/product"}],"about":[{"href":"https:\/\/malinacosmetics.com\/sr\/wp-json\/wp\/v2\/types\/product"}],"wp:featuredmedia":[{"embeddable":true,"href":"https:\/\/malinacosmetics.com\/sr\/wp-json\/wp\/v2\/media\/5515"}],"wp:attachment":[{"href":"https:\/\/malinacosmetics.com\/sr\/wp-json\/wp\/v2\/media?parent=5512"}],"wp:term":[{"taxonomy":"product_brand","embeddable":true,"href":"https:\/\/malinacosmetics.com\/sr\/wp-json\/wp\/v2\/product_brand?post=5512"},{"taxonomy":"product_cat","embeddable":true,"href":"https:\/\/malinacosmetics.com\/sr\/wp-json\/wp\/v2\/product_cat?post=5512"},{"taxonomy":"product_tag","embeddable":true,"href":"https:\/\/malinacosmetics.com\/sr\/wp-json\/wp\/v2\/product_tag?post=5512"}],"curies":[{"name":"wp","href":"https:\/\/api.w.org\/{rel}","templated":true}]}}