{"id":5478,"date":"2023-06-16T19:25:34","date_gmt":"2023-06-16T16:25:34","guid":{"rendered":"https:\/\/malinacosmetics.com\/?post_type=product&#038;p=5478"},"modified":"2026-03-14T16:36:24","modified_gmt":"2026-03-14T15:36:24","slug":"medi-peel-peptide-9-aqua-essence-lifting-ampoule2","status":"publish","type":"product","link":"https:\/\/malinacosmetics.com\/sr\/\u043f\u0440\u043e\u0438\u0437\u0432\u043e\u0434\/medi-peel-peptide-9-aqua-essence-lifting-ampoule2\/","title":{"rendered":"Medi-Peel Peptide 9 Aqua Essence Lifting Ampoule"},"content":{"rendered":"<p class=\"translation-block\">Antioksidativni lifting serum Medi-Peel Peptide 9 Aqua Essence Lifting Ampoule sa peptidima ima \u0161iroki spektar mogu\u0107nosti: pobolj\u0161ava ten, ne\u017eno osvetljava ne\u017eeljenu pigmentaciju i ujedna\u010dava ton, pobolj\u0161ava \u010dvrstinu, ja\u010da turgor, ugla\u0111uje bore i smanjuje njihovu primetnost. <br>\n\nBlokira destruktivno dejstvo slobodnih radikala, suzbijaju\u0107i \u0107elije i znatno pove\u0107avaju\u010di barijerne funkcije ko\u017ee. Ima umiruju\u0107i efekat, bori se protiv bezizraznosti tona ko\u017ee, tonira i vra\u0107a zdrav sjaj. Intenzivno hidrira, obezbe\u0111uje vitaminima i elimini\u0161e perutanje. <br>\n\nGlavne aktivne komponente: <br>\nKompleks peptida 9 vrsta zaslu\u017ean je za trajnu regeneraciju i obnavljanje \u0107elija, ima anti-age efekat, smanjuje vidljivost bora i spre\u010dava stvaranje novih, stimuli\u0161e proces obnove i regeneracije, usporava starenje \u0107elija. <br>\n\n7 vrsta hijaluronske kiseline prodiru duboko u slojeve epidermisa, i staju na put dehidrataciji, nadokna\u0111uju nedostatak vla\u017enosti, elimini\u0161u suvo\u0107u i \u0161tite od starenja ko\u017ee. <br>\nVolufilin (Anemarrhena Asphodeloides Root Extract) je supstanca koja je ekstrahovana iz anemarrene, doprinosi gustini i pobolj\u0161ava kvalitet ko\u017ee, stvaraju\u0107i efekat sli\u010dan lipofilingu. \n<br>\nAstaksantin je mo\u0107ni antioksidant koji nosi i ime \u201eglavni antioksidant mladosti\u201c. Astaksantin ima aktivnu funkciju u svim slojevima ko\u017ee, pru\u017ea za\u0161titu od UV zra\u010denja, smanjuje bore i osvetljava starosne fleke. \n<br>\nGlutation inhibira destruktivne efekte ultraljubi\u010dastog zra\u010denja, slobodnih radikala i drugih faktora \u017eivotne sredine, aktivno popravlja o\u0161te\u0107ene \u0107elije. Ja\u010da imunitet ko\u017ee, \u010dine\u0107i je manje reaktivnom, pobolj\u0161ava barijerne funkcije, usporava proces starenja. \n<br>\nKoenzim Q10 ima podmla\u0111uju\u0107e i antioksidativno dejstvo, poma\u017ee u zagla\u0111ivanju  bora, ubrzava regeneraciju i sintezu kolagenskih vlakana u \u0107elijama. Stimuli\u0161e rast vezivnog tkiva, \u0161titi \u0107elije od uni\u0161tenja. \n<br>Hidrolizovani kolagen i elastin pove\u0107avaju elasti\u010dnost i glatko\u0107u, izjedna\u010davaju reljefnu povr\u0161inu lica. Skupljaju vla\u017enost u epidermisu, spre\u010davaju\u0107i joj da ispari. \n<br>\nAdenozin aktivno u\u010destvuje u proizvodnji kolagena, stimuli\u0161e proizvodnju elastina u \u0107elijama epidermisa, smanjuje broj bora koje se pojavljuju sa godinama i smanjuje njihovu dubinu. \n<br>\nPogodno za negu zrele ko\u017ee.<\/p>\n<p><strong><br>Na\u010din upotrebe:<\/strong> masa\u017enim pokretima nanesite potrebnu koli\u010dinu seruma na prethodno toniranu ko\u017eu.<\/p>\n<hr \/>\n<div><em><strong><em>Sastojci:<\/em><\/strong> Water, Butylene Glycol, Isopentyldiol, Glycerin, Niacinamide, Panthenol, 1,2-Hexanediol, Propanediol, Dipropylene Glycol, Xylitylglucoside, Anhydroxylitol, Xylitol, Betaine, Allantoin, Hydrolyzed Elastin, Hydrolyzed Collagen, Solanum Lycopersicum (Tomato) Fruit Extract, Anemarrhena Asphodeloides Root Extract, Dipotassium Glycyrrhizate, Sodium Hyaluronate, Hyaluronic Acid, Sodium Hyaluronate Crosspolymer, Hydrolyzed Hyaluronic Acid, Hydroxypropyltrimonium Hyaluronate, Sodium Acetylated Hyaluronate, Hydrolyzed Glycosaminoglycans, Sodium Polyacryloyldimethyl Taurate, Arginine, Glucose, Hydrogenated Polydecene, Trideceth-10, Macadamia Ternifolia Seed Oil, Hydrogenated Polyisobutene, Caprylic\/Capric Triglyceride, Caprylyl Glycol, Glycereth-25 PCA Isostearate, Xanthan Gum, Palmitoyl Tripeptide-5, Acetyl Hexapeptide-8, Alanine\/Histidine\/Lysine Polypeptide Copper HCl, Copper Tripeptide-1, Dipeptide-2, Palmitoyl Pentapeptide-4, Palmitoyl Tripeptide-1, Tripeptide-1, Acetyl Octapeptide-3, Glutathione, Thioctic Acid, Ubiquinone, Astaxanthin, Cholesterol, Brassica Campestris (Rapeseed) Sterols, Tocopheryl Acetate, Ceteth-3, Ceteth-5, Hydrogenated Lecithin, Potassium Cetyl Phosphate, Sodium Ascorbyl Phosphate, PEG-5 Rapeseed Sterol, Carbomer, Benzyl Glycol, Hydroxyacetophenone, Ethylhexylglycerin, Adenosine, Disodium EDTA, Fragrance<\/em><\/div>","protected":false},"excerpt":{"rendered":"<p>Antioksidativna lifting ampula sa peptidima. 50ml<\/p>","protected":false},"featured_media":5472,"template":"","meta":{"_acf_changed":false},"product_brand":[],"product_cat":[400,458,462,224,349,350,263,86,437,439,352,296],"product_tag":[510,410],"class_list":{"0":"post-5478","1":"product","2":"type-product","3":"status-publish","4":"has-post-thumbnail","6":"product_cat-lifting","7":"product_cat-pigmentation","8":"product_cat-dryness","9":"product_cat-antiage","10":"product_cat-brightening","11":"product_cat-nourishing","12":"product_cat-revitalizing","13":"product_cat-moisturizing","14":"product_cat-alltypesofskin","15":"product_cat-matureskin","16":"product_cat-serum","17":"product_cat-medi-peel","18":"product_tag-aqua-essence","19":"product_tag-peptide-9","21":"first","22":"instock","23":"shipping-taxable","24":"purchasable","25":"product-type-simple"},"acf":[],"yoast_head":"<!-- This site is optimized with the Yoast SEO Premium plugin v19.6 (Yoast SEO v20.11) - https:\/\/yoast.com\/wordpress\/plugins\/seo\/ -->\n<title>Medi-Peel Peptide 9 Aqua Essence Lifting Ampoule - Malina Beauty Store<\/title>\n<meta name=\"robots\" content=\"index, follow, max-snippet:-1, max-image-preview:large, max-video-preview:-1\" \/>\n<link rel=\"canonical\" href=\"https:\/\/malinacosmetics.com\/sr\/\u043f\u0440\u043e\u0438\u0437\u0432\u043e\u0434\/medi-peel-peptide-9-aqua-essence-lifting-ampoule2\/\" \/>\n<meta property=\"og:locale\" content=\"sr_RS\" \/>\n<meta property=\"og:type\" content=\"article\" \/>\n<meta property=\"og:title\" content=\"Medi-Peel Peptide 9 Aqua Essence Lifting Ampoule\" \/>\n<meta property=\"og:description\" content=\"\u0410\u043d\u0442\u0438\u043e\u043a\u0441\u0438\u0434\u0430\u043d\u0442\u043d\u0430\u044f \u043b\u0438\u0444\u0442\u0438\u043d\u0433-\u0441\u044b\u0432\u043e\u0440\u043e\u0442\u043a\u0430 \u0441 \u043f\u0435\u043f\u0442\u0438\u0434\u0430\u043c\u0438. 50ml\" \/>\n<meta property=\"og:url\" content=\"https:\/\/malinacosmetics.com\/sr\/\u043f\u0440\u043e\u0438\u0437\u0432\u043e\u0434\/medi-peel-peptide-9-aqua-essence-lifting-ampoule2\/\" \/>\n<meta property=\"og:site_name\" content=\"Malina Beauty Store\" \/>\n<meta property=\"article:publisher\" content=\"https:\/\/www.facebook.com\/MalinaBeautyShopMe\/\" \/>\n<meta property=\"article:modified_time\" content=\"2026-03-14T15:36:24+00:00\" \/>\n<meta property=\"og:image\" content=\"https:\/\/malinacosmetics.com\/wp-content\/uploads\/2023\/06\/Medi-Peel-Peptide-9-Aqua-Essence-Lifting-Ampoule.jpg\" \/>\n\t<meta property=\"og:image:width\" content=\"1000\" \/>\n\t<meta property=\"og:image:height\" content=\"1000\" \/>\n\t<meta property=\"og:image:type\" content=\"image\/jpeg\" \/>\n<meta name=\"twitter:card\" content=\"summary_large_image\" \/>\n<script type=\"application\/ld+json\" class=\"yoast-schema-graph\">{\"@context\":\"https:\/\/schema.org\",\"@graph\":[{\"@type\":[\"WebPage\",\"ItemPage\"],\"@id\":\"https:\/\/malinacosmetics.com\/product\/medi-peel-peptide-9-aqua-essence-lifting-ampoule2\/\",\"url\":\"https:\/\/malinacosmetics.com\/product\/medi-peel-peptide-9-aqua-essence-lifting-ampoule2\/\",\"name\":\"Medi-Peel Peptide 9 Aqua Essence Lifting Ampoule - Malina Beauty Store\",\"isPartOf\":{\"@id\":\"https:\/\/malinacosmetics.com\/#website\"},\"datePublished\":\"2023-06-16T16:25:34+00:00\",\"dateModified\":\"2026-03-14T15:36:24+00:00\",\"breadcrumb\":{\"@id\":\"https:\/\/malinacosmetics.com\/product\/medi-peel-peptide-9-aqua-essence-lifting-ampoule2\/#breadcrumb\"},\"inLanguage\":\"sr-RS\",\"potentialAction\":[{\"@type\":\"ReadAction\",\"target\":[\"https:\/\/malinacosmetics.com\/product\/medi-peel-peptide-9-aqua-essence-lifting-ampoule2\/\"]}]},{\"@type\":\"BreadcrumbList\",\"@id\":\"https:\/\/malinacosmetics.com\/product\/medi-peel-peptide-9-aqua-essence-lifting-ampoule2\/#breadcrumb\",\"itemListElement\":[{\"@type\":\"ListItem\",\"position\":1,\"name\":\"\u0413\u043b\u0430\u0432\u043d\u0430\u044f \u0441\u0442\u0440\u0430\u043d\u0438\u0446\u0430\",\"item\":\"https:\/\/malinacosmetics.com\/\"},{\"@type\":\"ListItem\",\"position\":2,\"name\":\"\u041a\u0430\u0442\u0430\u043b\u043e\u0433\",\"item\":\"https:\/\/malinacosmetics.com\/sr\/shop\/\"},{\"@type\":\"ListItem\",\"position\":3,\"name\":\"Medi-Peel Peptide 9 Aqua Essence Lifting Ampoule\"}]},{\"@type\":\"WebSite\",\"@id\":\"https:\/\/malinacosmetics.com\/#website\",\"url\":\"https:\/\/malinacosmetics.com\/\",\"name\":\"Malina Beauty Store\",\"description\":\"Prodaja korejske kozmetike za Crnu Goru\",\"publisher\":{\"@id\":\"https:\/\/malinacosmetics.com\/#organization\"},\"potentialAction\":[{\"@type\":\"SearchAction\",\"target\":{\"@type\":\"EntryPoint\",\"urlTemplate\":\"https:\/\/malinacosmetics.com\/?s={search_term_string}\"},\"query-input\":\"required name=search_term_string\"}],\"inLanguage\":\"sr-RS\"},{\"@type\":\"Organization\",\"@id\":\"https:\/\/malinacosmetics.com\/#organization\",\"name\":\"malinacosmetics\",\"url\":\"https:\/\/malinacosmetics.com\/\",\"logo\":{\"@type\":\"ImageObject\",\"inLanguage\":\"sr-RS\",\"@id\":\"https:\/\/malinacosmetics.com\/#\/schema\/logo\/image\/\",\"url\":\"https:\/\/malinacosmetics.com\/wp-content\/uploads\/2021\/07\/logo.png\",\"contentUrl\":\"https:\/\/malinacosmetics.com\/wp-content\/uploads\/2021\/07\/logo.png\",\"width\":500,\"height\":353,\"caption\":\"malinacosmetics\"},\"image\":{\"@id\":\"https:\/\/malinacosmetics.com\/#\/schema\/logo\/image\/\"},\"sameAs\":[\"https:\/\/www.facebook.com\/MalinaBeautyShopMe\/\"]}]}<\/script>\n<meta property=\"product:brand\" content=\"simple\" \/>\n<meta property=\"product:price:amount\" content=\"32.00\" \/>\n<meta property=\"product:price:currency\" content=\"EUR\" \/>\n<meta property=\"og:availability\" content=\"instock\" \/>\n<meta property=\"product:availability\" content=\"instock\" \/>\n<meta property=\"product:condition\" content=\"new\" \/>\n<!-- \/ Yoast SEO Premium plugin. -->","yoast_head_json":{"title":"Medi-Peel Peptide 9 Aqua Essence Lifting Ampoule - Malina Beauty Store","robots":{"index":"index","follow":"follow","max-snippet":"max-snippet:-1","max-image-preview":"max-image-preview:large","max-video-preview":"max-video-preview:-1"},"canonical":"https:\/\/malinacosmetics.com\/sr\/\u043f\u0440\u043e\u0438\u0437\u0432\u043e\u0434\/medi-peel-peptide-9-aqua-essence-lifting-ampoule2\/","og_locale":"sr_RS","og_type":"article","og_title":"Medi-Peel Peptide 9 Aqua Essence Lifting Ampoule","og_description":"\u0410\u043d\u0442\u0438\u043e\u043a\u0441\u0438\u0434\u0430\u043d\u0442\u043d\u0430\u044f \u043b\u0438\u0444\u0442\u0438\u043d\u0433-\u0441\u044b\u0432\u043e\u0440\u043e\u0442\u043a\u0430 \u0441 \u043f\u0435\u043f\u0442\u0438\u0434\u0430\u043c\u0438. 50ml","og_url":"https:\/\/malinacosmetics.com\/sr\/\u043f\u0440\u043e\u0438\u0437\u0432\u043e\u0434\/medi-peel-peptide-9-aqua-essence-lifting-ampoule2\/","og_site_name":"Malina Beauty Store","article_publisher":"https:\/\/www.facebook.com\/MalinaBeautyShopMe\/","article_modified_time":"2026-03-14T15:36:24+00:00","og_image":[{"width":1000,"height":1000,"url":"https:\/\/malinacosmetics.com\/wp-content\/uploads\/2023\/06\/Medi-Peel-Peptide-9-Aqua-Essence-Lifting-Ampoule.jpg","type":"image\/jpeg"}],"twitter_card":"summary_large_image","schema":{"@context":"https:\/\/schema.org","@graph":[{"@type":["WebPage","ItemPage"],"@id":"https:\/\/malinacosmetics.com\/product\/medi-peel-peptide-9-aqua-essence-lifting-ampoule2\/","url":"https:\/\/malinacosmetics.com\/product\/medi-peel-peptide-9-aqua-essence-lifting-ampoule2\/","name":"Medi-Peel Peptide 9 Aqua Essence Lifting Ampoule - Malina Beauty Store","isPartOf":{"@id":"https:\/\/malinacosmetics.com\/#website"},"datePublished":"2023-06-16T16:25:34+00:00","dateModified":"2026-03-14T15:36:24+00:00","breadcrumb":{"@id":"https:\/\/malinacosmetics.com\/product\/medi-peel-peptide-9-aqua-essence-lifting-ampoule2\/#breadcrumb"},"inLanguage":"sr-RS","potentialAction":[{"@type":"ReadAction","target":["https:\/\/malinacosmetics.com\/product\/medi-peel-peptide-9-aqua-essence-lifting-ampoule2\/"]}]},{"@type":"BreadcrumbList","@id":"https:\/\/malinacosmetics.com\/product\/medi-peel-peptide-9-aqua-essence-lifting-ampoule2\/#breadcrumb","itemListElement":[{"@type":"ListItem","position":1,"name":"\u0413\u043b\u0430\u0432\u043d\u0430\u044f \u0441\u0442\u0440\u0430\u043d\u0438\u0446\u0430","item":"https:\/\/malinacosmetics.com\/"},{"@type":"ListItem","position":2,"name":"\u041a\u0430\u0442\u0430\u043b\u043e\u0433","item":"https:\/\/malinacosmetics.com\/sr\/shop\/"},{"@type":"ListItem","position":3,"name":"Medi-Peel Peptide 9 Aqua Essence Lifting Ampoule"}]},{"@type":"WebSite","@id":"https:\/\/malinacosmetics.com\/#website","url":"https:\/\/malinacosmetics.com\/","name":"Malina Beauty Store","description":"Prodaja korejske kozmetike za Crnu Goru","publisher":{"@id":"https:\/\/malinacosmetics.com\/#organization"},"potentialAction":[{"@type":"SearchAction","target":{"@type":"EntryPoint","urlTemplate":"https:\/\/malinacosmetics.com\/?s={search_term_string}"},"query-input":"required name=search_term_string"}],"inLanguage":"sr-RS"},{"@type":"Organization","@id":"https:\/\/malinacosmetics.com\/#organization","name":"malinacosmetics","url":"https:\/\/malinacosmetics.com\/","logo":{"@type":"ImageObject","inLanguage":"sr-RS","@id":"https:\/\/malinacosmetics.com\/#\/schema\/logo\/image\/","url":"https:\/\/malinacosmetics.com\/wp-content\/uploads\/2021\/07\/logo.png","contentUrl":"https:\/\/malinacosmetics.com\/wp-content\/uploads\/2021\/07\/logo.png","width":500,"height":353,"caption":"malinacosmetics"},"image":{"@id":"https:\/\/malinacosmetics.com\/#\/schema\/logo\/image\/"},"sameAs":["https:\/\/www.facebook.com\/MalinaBeautyShopMe\/"]}]},"product_brand":"simple","product_price_amount":"32.00","product_price_currency":"EUR","og_availability":"instock","product_availability":"instock","product_condition":"new"},"jetpack_sharing_enabled":true,"_links":{"self":[{"href":"https:\/\/malinacosmetics.com\/sr\/wp-json\/wp\/v2\/product\/5478","targetHints":{"allow":["GET"]}}],"collection":[{"href":"https:\/\/malinacosmetics.com\/sr\/wp-json\/wp\/v2\/product"}],"about":[{"href":"https:\/\/malinacosmetics.com\/sr\/wp-json\/wp\/v2\/types\/product"}],"wp:featuredmedia":[{"embeddable":true,"href":"https:\/\/malinacosmetics.com\/sr\/wp-json\/wp\/v2\/media\/5472"}],"wp:attachment":[{"href":"https:\/\/malinacosmetics.com\/sr\/wp-json\/wp\/v2\/media?parent=5478"}],"wp:term":[{"taxonomy":"product_brand","embeddable":true,"href":"https:\/\/malinacosmetics.com\/sr\/wp-json\/wp\/v2\/product_brand?post=5478"},{"taxonomy":"product_cat","embeddable":true,"href":"https:\/\/malinacosmetics.com\/sr\/wp-json\/wp\/v2\/product_cat?post=5478"},{"taxonomy":"product_tag","embeddable":true,"href":"https:\/\/malinacosmetics.com\/sr\/wp-json\/wp\/v2\/product_tag?post=5478"}],"curies":[{"name":"wp","href":"https:\/\/api.w.org\/{rel}","templated":true}]}}