{"id":5476,"date":"2023-06-16T18:01:49","date_gmt":"2023-06-16T15:01:49","guid":{"rendered":"https:\/\/malinacosmetics.com\/?post_type=product&#038;p=5476"},"modified":"2025-09-28T09:10:44","modified_gmt":"2025-09-28T07:10:44","slug":"medi-peel-phyto-cica-nol-b5-aha-bha-vitamin-calming-o2-deep-cleanser2","status":"publish","type":"product","link":"https:\/\/malinacosmetics.com\/sr\/\u043f\u0440\u043e\u0438\u0437\u0432\u043e\u0434\/medi-peel-phyto-cica-nol-b5-aha-bha-vitamin-calming-o2-deep-cleanser2\/","title":{"rendered":"Medi-Peel Phyto Cica-Nol B5 AHA BHA Vitamin Calming O2 Deep Cleanser"},"content":{"rendered":"<p class=\"translation-block\">Kiseoni\u010dka pena za \u010di\u0161\u0107enje lica sa kiselinama Medi-Peel Phyto Cica-Nol B5 AHA BHA Vitamin Calming O2 Deep Cleanser prodire duboko u pore, uklanja sve vrste ne\u010disto\u0107a, uspe\u0161no uklanja vodootpornu \u0161minku, puder i kremu za sun\u010danje. Efikasno uklanja komedone, masne \u010depove i sebume, reguli\u0161e rad lojnih \u017elezda. Kada se nanese, gel ima laganu konzistenciju gela, a  nakon interakcije sa kiseonikom, formira finu i mekanu penu. <br>\n\nKlju\u010dna komponenta ovog proizvoda  je 5% kompleksa \"Cica-Nol-a\", \u010diji se  sastav sastoji iz 5 vrsta ekstrakta od centele (ekstrakt centella asiatica, madekasosid, aziatikosid, azijska i madekasna kiselina)  i pantenola. Ovaj kompleks ima umiruju\u0107i i revitaliziruju\u0107i  efekat, intenzivno hidrira i doprinosi \u010duvanju vla\u017enosti u \u0107elijama, zna\u010dajno pobolj\u0161ava ten i ujedna\u010dava ton, smanjuje crvenilo, aktivno hrani i bori se protiv suve ko\u017ee. <br>\n\nSinergija AHA i BHA kiselina i ekstrakt kore bele vrbe i enzima, temeljno eksfoliraju keratinizovani sloj epidermisa, omek\u0161avaju grube povr\u0161ine. Stimuli\u0161u procese regeneracije i obnove, ne\u017eno osvetljavaju i ujedna\u010davaju sveukupni ton ko\u017ee. Pospe\u0161uju umirenje zapaljenosti ko\u017ee bez tragova o\u017eiljaka. <br>\n\nDodatne aktivne komponente: <br>\nNiacinamid posvetljuje, spre\u010dava stvaranje pigmentacije, elimini\u0161e masni sjaj i normalizuje rad lojnih \u017elezdi. <br>\nKompleks ceramida pove\u0107ava za\u0161titne funkcije epidermisa, spre\u010dava gubitak vla\u017enosti ko\u017ee i aktivno u\u010destvuje  u obnavljanju optimalnog nivoa hidratacije. <br>\n\nEnzim kvasca reguli\u0161e osloba\u0111anje sebuma, umiruje ko\u017eu, odr\u017eava elasti\u010dnost, pobolj\u0161ava metabolizam. \n<br>\nHijaluronska kiselina prodire duboko u  slojeve epidermisa, aktivno hidrira \u0107elije, poma\u017ee u zadr\u017eavanju vla\u017enosti, formira za\u0161titni sloj koji spre\u010dava njeno isparavanje. <br>\n\nHolesterol je lipid koji ulazi u sastav za\u0161titnog sloja epidermisa, fiziolo\u0161ka i bezopasna komponenta. Pove\u0107ava za\u0161titnu funkciju, odr\u017eava hidrataciju, spre\u010dava suvo\u0107u. <br>\n\nPogodno za normalnu, kombinovanu i masnu ko\u017eu.<\/p>\n<p><strong><br>Na\u010din upotrebe:<\/strong>\u00a0Nanesite po suvoj ko\u017ei lica izbegavaju\u0107i podru\u010dje o\u010diju i usana. Sa\u010dekajte 30 sekundi i nakon stvaranja pene masirajte ko\u017eu. Nakon 30 sekundi temeljno isperite ostatke proizvoda. Pogodno za svakodnevnu upotrebu.<\/p>\n<hr \/>\n<div><em><strong><em>Sastojci:<\/em><\/strong> Purified water, ammonium laureth sulfate, cocamidopropyl betaine, methyl perfluoroisobutyl ether, methyl perfluorobutyl ether, acrylate copolymer, ammonium lauryl sulfate, decyl glucoside, 1,2-hexanediol , Niacinamide (1,000 ppb), Sodium Hyaluronate, Centella Asiatica Extract (500 ppm), Madecassoside (5,000 ppb), Madecassic Acid (500 ppb), Asiaticoside (500 ppb), Asiatic Acid (500 ppb), panthenol (500 ppb), papaya fruit extract, apple extract, plum extract, grape extract, camellia flower extract, ceramide EP, ceramide NS, ceramide NP, ceramide AS, ceramide AP, yeast\/rice fermented filtrate, Glycolic Acid (700 ppb), Salicylic Acid (1,000 ppb), Disodium Cocoamphodiacetate, Dipropylene Glycol, Butylene Glycol, PEG-6 Caprylic\/Capric Glycerase, Propanedi Ol, Potassium Hydroxide, Hydroxyacetophenone, Sodium Chloride, Caprylyl Glycol, Hexylene Glycol, Caramel, Pentylene Glycol, Hydrogenated Lecithin, Cetearyl Alcohol, Stearic Acid, Phytos Phingosine, Cholesterol, Dipotassium Glycyrrhizate, Ethylhexylglycerin, Disodium EDTA, Yellow No. 4, Blue No. 1, Fragrance<\/em><\/div>","protected":false},"excerpt":{"rendered":"<p>Kiseoni\u010dka pena za \u010di\u0161\u0107enje lica sa kiselinama. 150ml<\/p>","protected":false},"featured_media":6631,"template":"","meta":{"_acf_changed":false},"product_brand":[],"product_cat":[457,461,349,86,319,231,438,440,441,63,473,475,476,73,501,466,365,296],"product_tag":[504],"class_list":{"0":"post-5476","1":"product","2":"type-product","3":"status-publish","4":"has-post-thumbnail","6":"product_cat-acne","7":"product_cat-pore","8":"product_cat-brightening","9":"product_cat-moisturizing","10":"product_cat-matting","11":"product_cat-calming","12":"product_cat-oilyskin","13":"product_cat-combinationskin","14":"product_cat-normalskin","15":"product_cat-cleansing","16":"product_cat-cleansinggel","17":"product_cat-oxygenproduct","18":"product_cat-cleansingfoam","19":"product_cat-peeling","20":"product_cat-gelpiling","21":"product_cat-enzymepeeling","22":"product_cat-bestsellers","23":"product_cat-medi-peel","24":"product_tag-cica-nol-b5","26":"first","27":"outofstock","28":"shipping-taxable","29":"purchasable","30":"product-type-simple"},"acf":[],"yoast_head":"<!-- This site is optimized with the Yoast SEO Premium plugin v19.6 (Yoast SEO v20.11) - https:\/\/yoast.com\/wordpress\/plugins\/seo\/ -->\n<title>Medi-Peel Phyto Cica-Nol B5 AHA BHA Vitamin Calming O2 Deep Cleanser - Malina Beauty Store<\/title>\n<meta name=\"robots\" content=\"index, follow, max-snippet:-1, max-image-preview:large, max-video-preview:-1\" \/>\n<link rel=\"canonical\" href=\"https:\/\/malinacosmetics.com\/sr\/\u043f\u0440\u043e\u0438\u0437\u0432\u043e\u0434\/medi-peel-phyto-cica-nol-b5-aha-bha-vitamin-calming-o2-deep-cleanser2\/\" \/>\n<meta property=\"og:locale\" content=\"sr_RS\" \/>\n<meta property=\"og:type\" content=\"article\" \/>\n<meta property=\"og:title\" content=\"Medi-Peel Phyto Cica-Nol B5 AHA BHA Vitamin Calming O2 Deep Cleanser\" \/>\n<meta property=\"og:description\" content=\"\u041e\u0447\u0438\u0449\u0430\u044e\u0449\u0430\u044f \u043a\u0438\u0441\u043b\u043e\u0440\u043e\u0434\u043d\u0430\u044f \u0433\u0435\u043b\u044c-\u043f\u0435\u043d\u043a\u0430 \u0441 \u043a\u0438\u0441\u043b\u043e\u0442\u0430\u043c\u0438. 150ml\" \/>\n<meta property=\"og:url\" content=\"https:\/\/malinacosmetics.com\/sr\/\u043f\u0440\u043e\u0438\u0437\u0432\u043e\u0434\/medi-peel-phyto-cica-nol-b5-aha-bha-vitamin-calming-o2-deep-cleanser2\/\" \/>\n<meta property=\"og:site_name\" content=\"Malina Beauty Store\" \/>\n<meta property=\"article:publisher\" content=\"https:\/\/www.facebook.com\/MalinaBeautyShopMe\/\" \/>\n<meta property=\"article:modified_time\" content=\"2025-09-28T07:10:44+00:00\" \/>\n<meta property=\"og:image\" content=\"https:\/\/malinacosmetics.com\/wp-content\/uploads\/2024\/12\/Medi-Peel-Phyto-Cica-Nol-B5-AHA-BHA-Vitamin-Calming-O2-Deep-Cleanser.webp\" \/>\n\t<meta property=\"og:image:width\" content=\"1400\" \/>\n\t<meta property=\"og:image:height\" content=\"1400\" \/>\n\t<meta property=\"og:image:type\" content=\"image\/webp\" \/>\n<meta name=\"twitter:card\" content=\"summary_large_image\" \/>\n<script type=\"application\/ld+json\" class=\"yoast-schema-graph\">{\"@context\":\"https:\/\/schema.org\",\"@graph\":[{\"@type\":[\"WebPage\",\"ItemPage\"],\"@id\":\"https:\/\/malinacosmetics.com\/product\/medi-peel-phyto-cica-nol-b5-aha-bha-vitamin-calming-o2-deep-cleanser2\/\",\"url\":\"https:\/\/malinacosmetics.com\/product\/medi-peel-phyto-cica-nol-b5-aha-bha-vitamin-calming-o2-deep-cleanser2\/\",\"name\":\"Medi-Peel Phyto Cica-Nol B5 AHA BHA Vitamin Calming O2 Deep Cleanser - Malina Beauty Store\",\"isPartOf\":{\"@id\":\"https:\/\/malinacosmetics.com\/#website\"},\"datePublished\":\"2023-06-16T15:01:49+00:00\",\"dateModified\":\"2025-09-28T07:10:44+00:00\",\"breadcrumb\":{\"@id\":\"https:\/\/malinacosmetics.com\/product\/medi-peel-phyto-cica-nol-b5-aha-bha-vitamin-calming-o2-deep-cleanser2\/#breadcrumb\"},\"inLanguage\":\"sr-RS\",\"potentialAction\":[{\"@type\":\"ReadAction\",\"target\":[\"https:\/\/malinacosmetics.com\/product\/medi-peel-phyto-cica-nol-b5-aha-bha-vitamin-calming-o2-deep-cleanser2\/\"]}]},{\"@type\":\"BreadcrumbList\",\"@id\":\"https:\/\/malinacosmetics.com\/product\/medi-peel-phyto-cica-nol-b5-aha-bha-vitamin-calming-o2-deep-cleanser2\/#breadcrumb\",\"itemListElement\":[{\"@type\":\"ListItem\",\"position\":1,\"name\":\"\u0413\u043b\u0430\u0432\u043d\u0430\u044f \u0441\u0442\u0440\u0430\u043d\u0438\u0446\u0430\",\"item\":\"https:\/\/malinacosmetics.com\/\"},{\"@type\":\"ListItem\",\"position\":2,\"name\":\"\u041a\u0430\u0442\u0430\u043b\u043e\u0433\",\"item\":\"https:\/\/malinacosmetics.com\/sr\/shop\/\"},{\"@type\":\"ListItem\",\"position\":3,\"name\":\"Medi-Peel Phyto Cica-Nol B5 AHA BHA Vitamin Calming O2 Deep Cleanser\"}]},{\"@type\":\"WebSite\",\"@id\":\"https:\/\/malinacosmetics.com\/#website\",\"url\":\"https:\/\/malinacosmetics.com\/\",\"name\":\"Malina Beauty Store\",\"description\":\"Prodaja korejske kozmetike za Crnu Goru\",\"publisher\":{\"@id\":\"https:\/\/malinacosmetics.com\/#organization\"},\"potentialAction\":[{\"@type\":\"SearchAction\",\"target\":{\"@type\":\"EntryPoint\",\"urlTemplate\":\"https:\/\/malinacosmetics.com\/?s={search_term_string}\"},\"query-input\":\"required name=search_term_string\"}],\"inLanguage\":\"sr-RS\"},{\"@type\":\"Organization\",\"@id\":\"https:\/\/malinacosmetics.com\/#organization\",\"name\":\"malinacosmetics\",\"url\":\"https:\/\/malinacosmetics.com\/\",\"logo\":{\"@type\":\"ImageObject\",\"inLanguage\":\"sr-RS\",\"@id\":\"https:\/\/malinacosmetics.com\/#\/schema\/logo\/image\/\",\"url\":\"https:\/\/malinacosmetics.com\/wp-content\/uploads\/2021\/07\/logo.png\",\"contentUrl\":\"https:\/\/malinacosmetics.com\/wp-content\/uploads\/2021\/07\/logo.png\",\"width\":500,\"height\":353,\"caption\":\"malinacosmetics\"},\"image\":{\"@id\":\"https:\/\/malinacosmetics.com\/#\/schema\/logo\/image\/\"},\"sameAs\":[\"https:\/\/www.facebook.com\/MalinaBeautyShopMe\/\"]}]}<\/script>\n<meta property=\"product:brand\" content=\"simple\" \/>\n<meta property=\"product:price:amount\" content=\"27.00\" \/>\n<meta property=\"product:price:currency\" content=\"EUR\" \/>\n<meta property=\"og:availability\" content=\"out of stock\" \/>\n<meta property=\"product:availability\" content=\"out of stock\" \/>\n<meta property=\"product:condition\" content=\"new\" \/>\n<!-- \/ Yoast SEO Premium plugin. -->","yoast_head_json":{"title":"Medi-Peel Phyto Cica-Nol B5 AHA BHA Vitamin Calming O2 Deep Cleanser - Malina Beauty Store","robots":{"index":"index","follow":"follow","max-snippet":"max-snippet:-1","max-image-preview":"max-image-preview:large","max-video-preview":"max-video-preview:-1"},"canonical":"https:\/\/malinacosmetics.com\/sr\/\u043f\u0440\u043e\u0438\u0437\u0432\u043e\u0434\/medi-peel-phyto-cica-nol-b5-aha-bha-vitamin-calming-o2-deep-cleanser2\/","og_locale":"sr_RS","og_type":"article","og_title":"Medi-Peel Phyto Cica-Nol B5 AHA BHA Vitamin Calming O2 Deep Cleanser","og_description":"\u041e\u0447\u0438\u0449\u0430\u044e\u0449\u0430\u044f \u043a\u0438\u0441\u043b\u043e\u0440\u043e\u0434\u043d\u0430\u044f \u0433\u0435\u043b\u044c-\u043f\u0435\u043d\u043a\u0430 \u0441 \u043a\u0438\u0441\u043b\u043e\u0442\u0430\u043c\u0438. 150ml","og_url":"https:\/\/malinacosmetics.com\/sr\/\u043f\u0440\u043e\u0438\u0437\u0432\u043e\u0434\/medi-peel-phyto-cica-nol-b5-aha-bha-vitamin-calming-o2-deep-cleanser2\/","og_site_name":"Malina Beauty Store","article_publisher":"https:\/\/www.facebook.com\/MalinaBeautyShopMe\/","article_modified_time":"2025-09-28T07:10:44+00:00","og_image":[{"width":1400,"height":1400,"url":"https:\/\/malinacosmetics.com\/wp-content\/uploads\/2024\/12\/Medi-Peel-Phyto-Cica-Nol-B5-AHA-BHA-Vitamin-Calming-O2-Deep-Cleanser.webp","type":"image\/webp"}],"twitter_card":"summary_large_image","schema":{"@context":"https:\/\/schema.org","@graph":[{"@type":["WebPage","ItemPage"],"@id":"https:\/\/malinacosmetics.com\/product\/medi-peel-phyto-cica-nol-b5-aha-bha-vitamin-calming-o2-deep-cleanser2\/","url":"https:\/\/malinacosmetics.com\/product\/medi-peel-phyto-cica-nol-b5-aha-bha-vitamin-calming-o2-deep-cleanser2\/","name":"Medi-Peel Phyto Cica-Nol B5 AHA BHA Vitamin Calming O2 Deep Cleanser - Malina Beauty Store","isPartOf":{"@id":"https:\/\/malinacosmetics.com\/#website"},"datePublished":"2023-06-16T15:01:49+00:00","dateModified":"2025-09-28T07:10:44+00:00","breadcrumb":{"@id":"https:\/\/malinacosmetics.com\/product\/medi-peel-phyto-cica-nol-b5-aha-bha-vitamin-calming-o2-deep-cleanser2\/#breadcrumb"},"inLanguage":"sr-RS","potentialAction":[{"@type":"ReadAction","target":["https:\/\/malinacosmetics.com\/product\/medi-peel-phyto-cica-nol-b5-aha-bha-vitamin-calming-o2-deep-cleanser2\/"]}]},{"@type":"BreadcrumbList","@id":"https:\/\/malinacosmetics.com\/product\/medi-peel-phyto-cica-nol-b5-aha-bha-vitamin-calming-o2-deep-cleanser2\/#breadcrumb","itemListElement":[{"@type":"ListItem","position":1,"name":"\u0413\u043b\u0430\u0432\u043d\u0430\u044f \u0441\u0442\u0440\u0430\u043d\u0438\u0446\u0430","item":"https:\/\/malinacosmetics.com\/"},{"@type":"ListItem","position":2,"name":"\u041a\u0430\u0442\u0430\u043b\u043e\u0433","item":"https:\/\/malinacosmetics.com\/sr\/shop\/"},{"@type":"ListItem","position":3,"name":"Medi-Peel Phyto Cica-Nol B5 AHA BHA Vitamin Calming O2 Deep Cleanser"}]},{"@type":"WebSite","@id":"https:\/\/malinacosmetics.com\/#website","url":"https:\/\/malinacosmetics.com\/","name":"Malina Beauty Store","description":"Prodaja korejske kozmetike za Crnu Goru","publisher":{"@id":"https:\/\/malinacosmetics.com\/#organization"},"potentialAction":[{"@type":"SearchAction","target":{"@type":"EntryPoint","urlTemplate":"https:\/\/malinacosmetics.com\/?s={search_term_string}"},"query-input":"required name=search_term_string"}],"inLanguage":"sr-RS"},{"@type":"Organization","@id":"https:\/\/malinacosmetics.com\/#organization","name":"malinacosmetics","url":"https:\/\/malinacosmetics.com\/","logo":{"@type":"ImageObject","inLanguage":"sr-RS","@id":"https:\/\/malinacosmetics.com\/#\/schema\/logo\/image\/","url":"https:\/\/malinacosmetics.com\/wp-content\/uploads\/2021\/07\/logo.png","contentUrl":"https:\/\/malinacosmetics.com\/wp-content\/uploads\/2021\/07\/logo.png","width":500,"height":353,"caption":"malinacosmetics"},"image":{"@id":"https:\/\/malinacosmetics.com\/#\/schema\/logo\/image\/"},"sameAs":["https:\/\/www.facebook.com\/MalinaBeautyShopMe\/"]}]},"product_brand":"simple","product_price_amount":"27.00","product_price_currency":"EUR","og_availability":"out of stock","product_availability":"out of stock","product_condition":"new"},"jetpack_sharing_enabled":true,"_links":{"self":[{"href":"https:\/\/malinacosmetics.com\/sr\/wp-json\/wp\/v2\/product\/5476","targetHints":{"allow":["GET"]}}],"collection":[{"href":"https:\/\/malinacosmetics.com\/sr\/wp-json\/wp\/v2\/product"}],"about":[{"href":"https:\/\/malinacosmetics.com\/sr\/wp-json\/wp\/v2\/types\/product"}],"wp:featuredmedia":[{"embeddable":true,"href":"https:\/\/malinacosmetics.com\/sr\/wp-json\/wp\/v2\/media\/6631"}],"wp:attachment":[{"href":"https:\/\/malinacosmetics.com\/sr\/wp-json\/wp\/v2\/media?parent=5476"}],"wp:term":[{"taxonomy":"product_brand","embeddable":true,"href":"https:\/\/malinacosmetics.com\/sr\/wp-json\/wp\/v2\/product_brand?post=5476"},{"taxonomy":"product_cat","embeddable":true,"href":"https:\/\/malinacosmetics.com\/sr\/wp-json\/wp\/v2\/product_cat?post=5476"},{"taxonomy":"product_tag","embeddable":true,"href":"https:\/\/malinacosmetics.com\/sr\/wp-json\/wp\/v2\/product_tag?post=5476"}],"curies":[{"name":"wp","href":"https:\/\/api.w.org\/{rel}","templated":true}]}}