{"id":5305,"date":"2023-04-25T19:13:12","date_gmt":"2023-04-25T16:13:12","guid":{"rendered":"https:\/\/malinacosmetics.com\/?post_type=product&#038;p=5305"},"modified":"2025-12-26T21:25:42","modified_gmt":"2025-12-26T20:25:42","slug":"medi-peel-peptide-9-aqua-essence-lifting-eye-cream2","status":"publish","type":"product","link":"https:\/\/malinacosmetics.com\/sr\/\u043f\u0440\u043e\u0438\u0437\u0432\u043e\u0434\/medi-peel-peptide-9-aqua-essence-lifting-eye-cream2\/","title":{"rendered":"Medi-Peel Peptide 9 Aqua Essence Lifting Eye Cream"},"content":{"rendered":"<p class=\"translation-block\">Antioksidativna krema za podru\u010dje oko o\u010diju sa efektom liftinga ima op\u0161ti efekat le\u010denja, poma\u017ee u uklanjanju tamnih krugova u predelu ispod o\u010diju. Ja\u010da elasti\u010dnost i \u010dvrstinu ko\u017ee, obnavlja o\u0161tec\u0301eni c\u0301elijski matriks i smanjuje ja\u010dinu mimi\u010dnih bora.\nIma sna\u017eno regenerativno i obnavljajuc\u0301e dejstvo, blokira destruktivno delovanje slobodnih radikala, uklanja toksine i usporava proces starenja. Intenzivno vla\u017ei, elimini\u0161e suvoc\u0301u i promovi\u0161e zbijanje tanke ko\u017ee o\u010dnih kapaka.<br>\nGlavni aktivni sastojci:<br>\nKompleks od 9 peptida je odgovoran za stalnu regeneraciju i obnavljanje c\u0301elija, ima dubok anti-age efekat, smanjuje vidljivost bora i spre\u010dava nastanak novih, stimuli\u0161e procese obnove i regeneracije, usporava starenje c\u0301elija. <br>\nVolufilin (Anemarrhena Asphodeloides Root Ektract) - supstanca ekstrahovana iz anemarrene, povec\u0301ava gustinu i zapreminu ko\u017ee, pru\u017eajuc\u0301i efekat sli\u010dan lipofilingu.<br>\nAstaksantin je moc\u0301an antioksidans, koji se naziva glavnim \"antioksidansom mladosti\". Astaksantin je aktivan u svim slojevima epidermisa, pru\u017eajuc\u0301i za\u0161titu od UV o\u0161tec\u0301enja, smanjujuc\u0301i bore i osvetljavajuc\u0301i stara\u010dke pege.<br>\nKoenzim Q10 deluje podmla\u0111ujuc\u0301e i antioksidativno, poma\u017ee zagla\u0111ivanju bora, ubrzava regeneraciju i sintezu kolagenih vlakana u c\u0301elijama. Stimuli\u0161e rast vezivnog tkiva, \u0161titi c\u0301elije od uni\u0161tenja.<br>\nAdenozin aktivno uti\u010de na proizvodnju kolagena, stimuli\u0161e proizvodnju elastina u c\u0301elijama epidermisa, smanjuje broj bora koje se pojavljuju sa godinama, smanjuje njihovu dubinu.<br>\nPantenol stimuli\u0161e obnavljanje integriteta ko\u017ee, ubla\u017eava crvenilo i iritaciju, ima svojstva zaceljivanja o\u017eiljaka.<br>\nPogodno za zrelu ko\u017eu.<\/p>\n<p><strong><br>Na\u010din upotrebe:<\/strong> Nanesite potrebnu koli\u010dinu proizvoda laganim tapkajuc\u0301im pokretima na podru\u010dje oko o\u010diju i nazolabijalne bore. Preporu\u010duje se upotreba nakon seruma.<\/p>\n<hr \/>\n<div><em><strong><em>Sastojci:<\/em><\/strong> <span data-sheets-value=\"{&quot;1&quot;:2,&quot;2&quot;:&quot;Water, Glycerin, Triethylhexanoin, Dipropylene Glycol, Caprylic\/Capric Triglyceride, Cetearyl Alcohol, Polysorbate 60, 1,2-Hexanediol, Niacinamide, Glyceryl Stearate, Stearic Acid, Glyceryl Stearate SE, Palmitic Acid, Sorbitan Sesquioleate, Dimethicone, Fragrance, Xanthan Gum, Lecithin, Hydroxyethyl Ethylcellulose, Ethylhexylglycerin, Disodium EDTA, Adenosine, Tocopherol, Allantoin, Hydrogenated Polyisobutene, Butylene Glycol, Panthenol, Disodium Phosphate, Chondrus Crispus Extract, Hydrolyzed Elastin, Sodium Phosphate, Anemarrhena Asphodeloides Root Extract, Tripeptide-1, Copper Tripeptide-1, Hexapeptide-9, Palmitoyl Pentapeptide-4, Acetyl Hexapeptide-8, Acetyl Octapeptide-3, Nonapeptide-1, Palmitoyl Tripeptide-1, Palmitoyl Tetrapeptide-7, Collagen Extract, Astaxanthin&quot;}\" data-sheets-userformat=\"{&quot;2&quot;:573,&quot;3&quot;:{&quot;1&quot;:0},&quot;5&quot;:{&quot;1&quot;:[{&quot;1&quot;:2,&quot;2&quot;:0,&quot;5&quot;:{&quot;1&quot;:2,&quot;2&quot;:0}},{&quot;1&quot;:0,&quot;2&quot;:0,&quot;3&quot;:3},{&quot;1&quot;:1,&quot;2&quot;:0,&quot;4&quot;:1}]},&quot;6&quot;:{&quot;1&quot;:[{&quot;1&quot;:2,&quot;2&quot;:0,&quot;5&quot;:{&quot;1&quot;:2,&quot;2&quot;:0}},{&quot;1&quot;:0,&quot;2&quot;:0,&quot;3&quot;:3},{&quot;1&quot;:1,&quot;2&quot;:0,&quot;4&quot;:1}]},&quot;7&quot;:{&quot;1&quot;:[{&quot;1&quot;:2,&quot;2&quot;:0,&quot;5&quot;:{&quot;1&quot;:2,&quot;2&quot;:0}},{&quot;1&quot;:0,&quot;2&quot;:0,&quot;3&quot;:3},{&quot;1&quot;:1,&quot;2&quot;:0,&quot;4&quot;:1}]},&quot;8&quot;:{&quot;1&quot;:[{&quot;1&quot;:2,&quot;2&quot;:0,&quot;5&quot;:{&quot;1&quot;:2,&quot;2&quot;:0}},{&quot;1&quot;:0,&quot;2&quot;:0,&quot;3&quot;:3},{&quot;1&quot;:1,&quot;2&quot;:0,&quot;4&quot;:1}]},&quot;12&quot;:0}\">Water, Glycerin, Triethylhexanoin, Dipropylene Glycol, Caprylic\/Capric Triglyceride, Cetearyl Alcohol, Polysorbate 60, 1,2-Hexanediol, Niacinamide, Glyceryl Stearate, Stearic Acid, Glyceryl Stearate SE, Palmitic Acid, Sorbitan Sesquioleate, Dimethicone, Fragrance, Xanthan Gum, Lecithin, Hydroxyethyl Ethylcellulose, Ethylhexylglycerin, Disodium EDTA, Adenosine, Tocopherol, Allantoin, Hydrogenated Polyisobutene, Butylene Glycol, Panthenol, Disodium Phosphate, Chondrus Crispus Extract, Hydrolyzed Elastin, Sodium Phosphate, Anemarrhena Asphodeloides Root Extract, Tripeptide-1, Copper Tripeptide-1, Hexapeptide-9, Palmitoyl Pentapeptide-4, Acetyl Hexapeptide-8, Acetyl Octapeptide-3, Nonapeptide-1, Palmitoyl Tripeptide-1, Palmitoyl Tetrapeptide-7, Collagen Extract, Astaxanthin<\/span><\/em><\/div>","protected":false},"excerpt":{"rendered":"<p>Antioksidativna krema za podru\u010dje oko o\u010diju sa efektom liftinga. 40ml<\/p>","protected":false},"featured_media":5290,"template":"","meta":{"_acf_changed":false},"product_brand":[],"product_cat":[400,224,349,86,439,296,213,95],"product_tag":[510,410],"class_list":{"0":"post-5305","1":"product","2":"type-product","3":"status-publish","4":"has-post-thumbnail","6":"product_cat-lifting","7":"product_cat-antiage","8":"product_cat-brightening","9":"product_cat-moisturizing","10":"product_cat-matureskin","11":"product_cat-medi-peel","12":"product_cat-eyecare","13":"product_cat-eyecream","14":"product_tag-aqua-essence","15":"product_tag-peptide-9","17":"first","18":"outofstock","19":"shipping-taxable","20":"purchasable","21":"product-type-simple"},"acf":[],"yoast_head":"<!-- This site is optimized with the Yoast SEO Premium plugin v19.6 (Yoast SEO v20.11) - https:\/\/yoast.com\/wordpress\/plugins\/seo\/ -->\n<title>Medi-Peel Peptide 9 Aqua Essence Lifting Eye Cream - Malina Beauty Store<\/title>\n<meta name=\"robots\" content=\"index, follow, max-snippet:-1, max-image-preview:large, max-video-preview:-1\" \/>\n<link rel=\"canonical\" href=\"https:\/\/malinacosmetics.com\/sr\/\u043f\u0440\u043e\u0438\u0437\u0432\u043e\u0434\/medi-peel-peptide-9-aqua-essence-lifting-eye-cream2\/\" \/>\n<meta property=\"og:locale\" content=\"sr_RS\" \/>\n<meta property=\"og:type\" content=\"article\" \/>\n<meta property=\"og:title\" content=\"Medi-Peel Peptide 9 Aqua Essence Lifting Eye Cream\" \/>\n<meta property=\"og:description\" content=\"\u0410\u043d\u0442\u0438\u043e\u043a\u0441\u0438\u0434\u0430\u043d\u0442\u043d\u044b\u0439 \u043f\u0435\u043f\u0442\u0438\u0434\u043d\u044b\u0439 \u043a\u0440\u0435\u043c \u0434\u043b\u044f \u0432\u0435\u043a \u0441 \u044d\u0444\u0444\u0435\u043a\u0442\u043e\u043c \u043b\u0438\u0444\u0442\u0438\u043d\u0433\u0430. 40ml\" \/>\n<meta property=\"og:url\" content=\"https:\/\/malinacosmetics.com\/sr\/\u043f\u0440\u043e\u0438\u0437\u0432\u043e\u0434\/medi-peel-peptide-9-aqua-essence-lifting-eye-cream2\/\" \/>\n<meta property=\"og:site_name\" content=\"Malina Beauty Store\" \/>\n<meta property=\"article:publisher\" content=\"https:\/\/www.facebook.com\/MalinaBeautyShopMe\/\" \/>\n<meta property=\"article:modified_time\" content=\"2025-12-26T20:25:42+00:00\" \/>\n<meta property=\"og:image\" content=\"https:\/\/malinacosmetics.com\/wp-content\/uploads\/2023\/04\/Medi-Peel-Peptide-9-Aqua-Essence-Lifting-Eye-Cream.jpg\" \/>\n\t<meta property=\"og:image:width\" content=\"1200\" \/>\n\t<meta property=\"og:image:height\" content=\"1200\" \/>\n\t<meta property=\"og:image:type\" content=\"image\/jpeg\" \/>\n<meta name=\"twitter:card\" content=\"summary_large_image\" \/>\n<script type=\"application\/ld+json\" class=\"yoast-schema-graph\">{\"@context\":\"https:\/\/schema.org\",\"@graph\":[{\"@type\":[\"WebPage\",\"ItemPage\"],\"@id\":\"https:\/\/malinacosmetics.com\/product\/medi-peel-peptide-9-aqua-essence-lifting-eye-cream2\/\",\"url\":\"https:\/\/malinacosmetics.com\/product\/medi-peel-peptide-9-aqua-essence-lifting-eye-cream2\/\",\"name\":\"Medi-Peel Peptide 9 Aqua Essence Lifting Eye Cream - Malina Beauty Store\",\"isPartOf\":{\"@id\":\"https:\/\/malinacosmetics.com\/#website\"},\"datePublished\":\"2023-04-25T16:13:12+00:00\",\"dateModified\":\"2025-12-26T20:25:42+00:00\",\"breadcrumb\":{\"@id\":\"https:\/\/malinacosmetics.com\/product\/medi-peel-peptide-9-aqua-essence-lifting-eye-cream2\/#breadcrumb\"},\"inLanguage\":\"sr-RS\",\"potentialAction\":[{\"@type\":\"ReadAction\",\"target\":[\"https:\/\/malinacosmetics.com\/product\/medi-peel-peptide-9-aqua-essence-lifting-eye-cream2\/\"]}]},{\"@type\":\"BreadcrumbList\",\"@id\":\"https:\/\/malinacosmetics.com\/product\/medi-peel-peptide-9-aqua-essence-lifting-eye-cream2\/#breadcrumb\",\"itemListElement\":[{\"@type\":\"ListItem\",\"position\":1,\"name\":\"\u0413\u043b\u0430\u0432\u043d\u0430\u044f \u0441\u0442\u0440\u0430\u043d\u0438\u0446\u0430\",\"item\":\"https:\/\/malinacosmetics.com\/\"},{\"@type\":\"ListItem\",\"position\":2,\"name\":\"\u041a\u0430\u0442\u0430\u043b\u043e\u0433\",\"item\":\"https:\/\/malinacosmetics.com\/sr\/shop\/\"},{\"@type\":\"ListItem\",\"position\":3,\"name\":\"Medi-Peel Peptide 9 Aqua Essence Lifting Eye Cream\"}]},{\"@type\":\"WebSite\",\"@id\":\"https:\/\/malinacosmetics.com\/#website\",\"url\":\"https:\/\/malinacosmetics.com\/\",\"name\":\"Malina Beauty Store\",\"description\":\"Prodaja korejske kozmetike za Crnu Goru\",\"publisher\":{\"@id\":\"https:\/\/malinacosmetics.com\/#organization\"},\"potentialAction\":[{\"@type\":\"SearchAction\",\"target\":{\"@type\":\"EntryPoint\",\"urlTemplate\":\"https:\/\/malinacosmetics.com\/?s={search_term_string}\"},\"query-input\":\"required name=search_term_string\"}],\"inLanguage\":\"sr-RS\"},{\"@type\":\"Organization\",\"@id\":\"https:\/\/malinacosmetics.com\/#organization\",\"name\":\"malinacosmetics\",\"url\":\"https:\/\/malinacosmetics.com\/\",\"logo\":{\"@type\":\"ImageObject\",\"inLanguage\":\"sr-RS\",\"@id\":\"https:\/\/malinacosmetics.com\/#\/schema\/logo\/image\/\",\"url\":\"https:\/\/malinacosmetics.com\/wp-content\/uploads\/2021\/07\/logo.png\",\"contentUrl\":\"https:\/\/malinacosmetics.com\/wp-content\/uploads\/2021\/07\/logo.png\",\"width\":500,\"height\":353,\"caption\":\"malinacosmetics\"},\"image\":{\"@id\":\"https:\/\/malinacosmetics.com\/#\/schema\/logo\/image\/\"},\"sameAs\":[\"https:\/\/www.facebook.com\/MalinaBeautyShopMe\/\"]}]}<\/script>\n<meta property=\"product:brand\" content=\"simple\" \/>\n<meta property=\"product:price:amount\" content=\"32.00\" \/>\n<meta property=\"product:price:currency\" content=\"EUR\" \/>\n<meta property=\"og:availability\" content=\"out of stock\" \/>\n<meta property=\"product:availability\" content=\"out of stock\" \/>\n<meta property=\"product:condition\" content=\"new\" \/>\n<!-- \/ Yoast SEO Premium plugin. -->","yoast_head_json":{"title":"Medi-Peel Peptide 9 Aqua Essence Lifting Eye Cream - Malina Beauty Store","robots":{"index":"index","follow":"follow","max-snippet":"max-snippet:-1","max-image-preview":"max-image-preview:large","max-video-preview":"max-video-preview:-1"},"canonical":"https:\/\/malinacosmetics.com\/sr\/\u043f\u0440\u043e\u0438\u0437\u0432\u043e\u0434\/medi-peel-peptide-9-aqua-essence-lifting-eye-cream2\/","og_locale":"sr_RS","og_type":"article","og_title":"Medi-Peel Peptide 9 Aqua Essence Lifting Eye Cream","og_description":"\u0410\u043d\u0442\u0438\u043e\u043a\u0441\u0438\u0434\u0430\u043d\u0442\u043d\u044b\u0439 \u043f\u0435\u043f\u0442\u0438\u0434\u043d\u044b\u0439 \u043a\u0440\u0435\u043c \u0434\u043b\u044f \u0432\u0435\u043a \u0441 \u044d\u0444\u0444\u0435\u043a\u0442\u043e\u043c \u043b\u0438\u0444\u0442\u0438\u043d\u0433\u0430. 40ml","og_url":"https:\/\/malinacosmetics.com\/sr\/\u043f\u0440\u043e\u0438\u0437\u0432\u043e\u0434\/medi-peel-peptide-9-aqua-essence-lifting-eye-cream2\/","og_site_name":"Malina Beauty Store","article_publisher":"https:\/\/www.facebook.com\/MalinaBeautyShopMe\/","article_modified_time":"2025-12-26T20:25:42+00:00","og_image":[{"width":1200,"height":1200,"url":"https:\/\/malinacosmetics.com\/wp-content\/uploads\/2023\/04\/Medi-Peel-Peptide-9-Aqua-Essence-Lifting-Eye-Cream.jpg","type":"image\/jpeg"}],"twitter_card":"summary_large_image","schema":{"@context":"https:\/\/schema.org","@graph":[{"@type":["WebPage","ItemPage"],"@id":"https:\/\/malinacosmetics.com\/product\/medi-peel-peptide-9-aqua-essence-lifting-eye-cream2\/","url":"https:\/\/malinacosmetics.com\/product\/medi-peel-peptide-9-aqua-essence-lifting-eye-cream2\/","name":"Medi-Peel Peptide 9 Aqua Essence Lifting Eye Cream - Malina Beauty Store","isPartOf":{"@id":"https:\/\/malinacosmetics.com\/#website"},"datePublished":"2023-04-25T16:13:12+00:00","dateModified":"2025-12-26T20:25:42+00:00","breadcrumb":{"@id":"https:\/\/malinacosmetics.com\/product\/medi-peel-peptide-9-aqua-essence-lifting-eye-cream2\/#breadcrumb"},"inLanguage":"sr-RS","potentialAction":[{"@type":"ReadAction","target":["https:\/\/malinacosmetics.com\/product\/medi-peel-peptide-9-aqua-essence-lifting-eye-cream2\/"]}]},{"@type":"BreadcrumbList","@id":"https:\/\/malinacosmetics.com\/product\/medi-peel-peptide-9-aqua-essence-lifting-eye-cream2\/#breadcrumb","itemListElement":[{"@type":"ListItem","position":1,"name":"\u0413\u043b\u0430\u0432\u043d\u0430\u044f \u0441\u0442\u0440\u0430\u043d\u0438\u0446\u0430","item":"https:\/\/malinacosmetics.com\/"},{"@type":"ListItem","position":2,"name":"\u041a\u0430\u0442\u0430\u043b\u043e\u0433","item":"https:\/\/malinacosmetics.com\/sr\/shop\/"},{"@type":"ListItem","position":3,"name":"Medi-Peel Peptide 9 Aqua Essence Lifting Eye Cream"}]},{"@type":"WebSite","@id":"https:\/\/malinacosmetics.com\/#website","url":"https:\/\/malinacosmetics.com\/","name":"Malina Beauty Store","description":"Prodaja korejske kozmetike za Crnu Goru","publisher":{"@id":"https:\/\/malinacosmetics.com\/#organization"},"potentialAction":[{"@type":"SearchAction","target":{"@type":"EntryPoint","urlTemplate":"https:\/\/malinacosmetics.com\/?s={search_term_string}"},"query-input":"required name=search_term_string"}],"inLanguage":"sr-RS"},{"@type":"Organization","@id":"https:\/\/malinacosmetics.com\/#organization","name":"malinacosmetics","url":"https:\/\/malinacosmetics.com\/","logo":{"@type":"ImageObject","inLanguage":"sr-RS","@id":"https:\/\/malinacosmetics.com\/#\/schema\/logo\/image\/","url":"https:\/\/malinacosmetics.com\/wp-content\/uploads\/2021\/07\/logo.png","contentUrl":"https:\/\/malinacosmetics.com\/wp-content\/uploads\/2021\/07\/logo.png","width":500,"height":353,"caption":"malinacosmetics"},"image":{"@id":"https:\/\/malinacosmetics.com\/#\/schema\/logo\/image\/"},"sameAs":["https:\/\/www.facebook.com\/MalinaBeautyShopMe\/"]}]},"product_brand":"simple","product_price_amount":"32.00","product_price_currency":"EUR","og_availability":"out of stock","product_availability":"out of stock","product_condition":"new"},"jetpack_sharing_enabled":true,"_links":{"self":[{"href":"https:\/\/malinacosmetics.com\/sr\/wp-json\/wp\/v2\/product\/5305","targetHints":{"allow":["GET"]}}],"collection":[{"href":"https:\/\/malinacosmetics.com\/sr\/wp-json\/wp\/v2\/product"}],"about":[{"href":"https:\/\/malinacosmetics.com\/sr\/wp-json\/wp\/v2\/types\/product"}],"wp:featuredmedia":[{"embeddable":true,"href":"https:\/\/malinacosmetics.com\/sr\/wp-json\/wp\/v2\/media\/5290"}],"wp:attachment":[{"href":"https:\/\/malinacosmetics.com\/sr\/wp-json\/wp\/v2\/media?parent=5305"}],"wp:term":[{"taxonomy":"product_brand","embeddable":true,"href":"https:\/\/malinacosmetics.com\/sr\/wp-json\/wp\/v2\/product_brand?post=5305"},{"taxonomy":"product_cat","embeddable":true,"href":"https:\/\/malinacosmetics.com\/sr\/wp-json\/wp\/v2\/product_cat?post=5305"},{"taxonomy":"product_tag","embeddable":true,"href":"https:\/\/malinacosmetics.com\/sr\/wp-json\/wp\/v2\/product_tag?post=5305"}],"curies":[{"name":"wp","href":"https:\/\/api.w.org\/{rel}","templated":true}]}}