{"id":5304,"date":"2023-05-09T19:39:17","date_gmt":"2023-05-09T16:39:17","guid":{"rendered":"https:\/\/malinacosmetics.com\/?post_type=product&#038;p=5304"},"modified":"2025-10-06T11:43:57","modified_gmt":"2025-10-06T09:43:57","slug":"medi-peel-peptide-9-shrink-lif-tox-eye-cream2","status":"publish","type":"product","link":"https:\/\/malinacosmetics.com\/sr\/\u043f\u0440\u043e\u0438\u0437\u0432\u043e\u0434\/medi-peel-peptide-9-shrink-lif-tox-eye-cream2\/","title":{"rendered":"Medi-Peel Peptide 9 Shrink Lif-Tox Eye Cream"},"content":{"rendered":"<p class=\"translation-block\">Intenzivna masa\u017ena krema za o\u010di sa efektom liftinga koja ima trenutni efekat zatezanja, zagla\u0111uje nabore ko\u017ee i poma\u017ee u smanjenju ja\u010dine \u010dak i dubokih bora.\nProizvod je uglavnom usmeren na otklanjanje otoka  u predelu ispod o\u010diju, vidljivo zate\u017ee i pobolj\u0161ava elasti\u010dnost ko\u017ee i ovog podru\u010dja. Smanjuje izra\u017eene linije i bore smijalice. Intenzivno vla\u017ei, ubla\u017eava suvoc\u0301u i zatezanje.\nKrema je multifunkcionalna i pogodna za upotrebu na \u010delu, bradi, izme\u0111u obrva i nazolabijalnih bora. Proizvod je pogodan za nano\u0161enje zahvaljujuc\u0301i specijalnom metalnom aplikatoru i masa\u017ei. Lagani efekat hla\u0111enja poma\u017ee da se oslobodite nadutosti i podo\u010dnjaka.<br>\nGlavni aktivni sastojci:<br>\nKompleks od 9 peptida je odgovoran za stalnu regeneraciju i obnavljanje c\u0301elija, ima dubok anti-age efekat, smanjuje vidljivost bora i spre\u010dava nastanak novih, stimuli\u0161e procese obnove i regeneracije, usporava starenje c\u0301elija. <br>\nVolufilin (Anemarrhena Asphodeloides Root Extract) - supstanca ekstrahovana iz anemarrene, povec\u0301ava gustinu i zapreminu ko\u017ee, pru\u017eajuc\u0301i efekat sli\u010dan lipofilingu.\nKavijar lososa aktivira proizvodnju kolagena, \u010dija se koli\u010dina smanjuje sa godinama, vrac\u0301ajuc\u0301i elasti\u010dnost i \u010dvrstinu. Pru\u017ea aktivnu ishranu i podmla\u0111ivanje, zagla\u0111uje mimi\u010dke i stara\u010dke bore i nabore ko\u017ee, zate\u017ee oval lica.<br>\nMati\u010dne c\u0301elije Edelveiss stimuli\u0161u metaboli\u010dke procese i aktiviraju uspavane c\u0301elije tela, ubrzavaju mikrocirkulaciju u tkivima. Vratite o\u0161tec\u0301enu lipidnu membranu i barijerne funkcije epidermisa.<br>\nEkstrakt kovrd\u017eavog sparasisa je sna\u017ean antioksidans koji neutrali\u0161e negativne efekte UV zra\u010denja, intenzivno vla\u017ei, ja\u010da za\u0161titne funkcije i smanjuje osetljivost tkiva.<br>\nFini ekstrakt Andrografisa ima sna\u017eno umirujuc\u0301e i antibakterijsko dejstvo, obnavlja o\u0161tec\u0301enu ko\u017eu. Povec\u0301ava imunitet ko\u017ee i njenu otpornost na spolja\u0161nje iritacije.<br>\nEkstrakt Busena je poznat po svojim antisepti\u010dkim svojstvima, savr\u0161eno hidrira i stimuli\u0161e c\u0301elijski metabolizam. Stabilizuje proces vitalne aktivnosti c\u0301elija u epidermisu. Ima izra\u017eeno toni\u010dko svojstvo.<br>\nKompleks Multi Ex BSASM\u2122 efikasno \u0161titi ko\u017eu od agresivnog delovanja spolja\u0161njih iritirajuc\u0301ih faktora, zgu\u0161njava i pobolj\u0161ava barijerne funkcije.<br>\nKompleks Natural Protector\u2122 ima izra\u017een umirujuc\u0301i efekat, ubla\u017eava svrab i otok.<br>\nPogodno za zrelu ko\u017eu.<\/p>\n<p><strong><br>Na\u010din upotrebe:<\/strong> Nanesite potrebnu koli\u010dinu proizvoda laganim tapkajuc\u0301im pokretima na podru\u010dje oko o\u010diju i nazolabijalne bore. Preporu\u010duje se upotreba nakon seruma.<\/p>\n<hr \/>\n<div><em><strong><em>Sastojci:<\/em><\/strong> <span data-sheets-value=\"{&quot;1&quot;:2,&quot;2&quot;:&quot;Water, Cetyl Ethylhexanoate, Salvia Officinalis (Sage) Extract, Glycerin, Niacinamide, Dipropylene Glycol, Polyglyceryl-3 Methylglucose Distearate, Cyclohexasiloxane, Cetearyl Alcohol, Stearic acid, 1,2-Hexanediol, Olea Europaea (Olive) Fruit Oil, Butyrospermum Parkii (Shea) Butter, Panthenol, Sparassis Crispa Extract, Coix Lacryma-Jobi Ma-yuen Seed Extract, Salmon Egg Extract, Butylene Glycol, Andrographis Paniculata Extract, Carnosine, Hydrolyzed Soy Protein, Acetyl Hexapeptide-8(10 ppb), Copper Tripeptide-1(10 ppb), Palmitoyl Pentapeptide-4(10 ppb), Tripeptide-1(10 ppb), Palmitoyl Tripeptide-1(10 ppb), Hexapeptide-9(5 ppb), Nonapeptide-1(1 ppb), Palmitoyl Tetrapeptide-7(50 ppb), Palmitoyl Tripeptide-5(11 ppb), Leontopodium Alpinum Callus Culture Extract, Camellia Sinensis Leaf Extract, Centella Asiatica Extract, Glycyrrhiza Glabra (Licorice) Root Extract, Scutellaria Baicalensis Root Extract, Polygonum Cuspidatum Root Extract, Chamomilla Recutita (Matricaria) Flower Extract, Rosmarinus Officinalis (Rosemary) Leaf Extract, Lactobacillus\/Soybean Ferment Extract, Salix Alba (Willow) Bark Extract, Cinnamomum Cassia Bark Extract, Origanum Vulgare Leaf Extract, Chamaecyparis Obtusa Leaf Extract, Portulaca Oleracea Extract, Hydrogenated Polyisobutene, Anemarrhena Asphodeloides Root Extract, Hydroxypropyltrimonium Hyaluronate, Sodium Acetylated Hyaluronate, Hydrolyzed Hyaluronic Acid, Hyaluronic Acid, Sodium Hyaluronate Crosspolymer, Hydrolyzed Sodium Hyaluronate, Potassium Hyaluronate, Hydrolyzed Collagen, Royal Jelly Extract, Argania Spinosa Kernel Oil, Squalane, Ceramide NP, Tocopheryl Acetate, Adenosine, Disodium EDTA, Betaine, Sodium Hyaluronate, Carbomer, Ethylhexylglycerin, Glyceryl Stearate, Tromethamine, Sodium Polyacrylate, Ethylhexyl Stearate, Trideceth-6, Pentylene Glycol, Caprylyl Glycol, Hydroxyacetophenone, Dipotassium Glycyrrhizate, Fragrance&quot;}\" data-sheets-userformat=\"{&quot;2&quot;:573,&quot;3&quot;:{&quot;1&quot;:0},&quot;5&quot;:{&quot;1&quot;:[{&quot;1&quot;:2,&quot;2&quot;:0,&quot;5&quot;:{&quot;1&quot;:2,&quot;2&quot;:0}},{&quot;1&quot;:0,&quot;2&quot;:0,&quot;3&quot;:3},{&quot;1&quot;:1,&quot;2&quot;:0,&quot;4&quot;:1}]},&quot;6&quot;:{&quot;1&quot;:[{&quot;1&quot;:2,&quot;2&quot;:0,&quot;5&quot;:{&quot;1&quot;:2,&quot;2&quot;:0}},{&quot;1&quot;:0,&quot;2&quot;:0,&quot;3&quot;:3},{&quot;1&quot;:1,&quot;2&quot;:0,&quot;4&quot;:1}]},&quot;7&quot;:{&quot;1&quot;:[{&quot;1&quot;:2,&quot;2&quot;:0,&quot;5&quot;:{&quot;1&quot;:2,&quot;2&quot;:0}},{&quot;1&quot;:0,&quot;2&quot;:0,&quot;3&quot;:3},{&quot;1&quot;:1,&quot;2&quot;:0,&quot;4&quot;:1}]},&quot;8&quot;:{&quot;1&quot;:[{&quot;1&quot;:2,&quot;2&quot;:0,&quot;5&quot;:{&quot;1&quot;:2,&quot;2&quot;:0}},{&quot;1&quot;:0,&quot;2&quot;:0,&quot;3&quot;:3},{&quot;1&quot;:1,&quot;2&quot;:0,&quot;4&quot;:1}]},&quot;12&quot;:0}\">Water, Cetyl Ethylhexanoate, Salvia Officinalis (Sage) Extract, Glycerin, Niacinamide, Dipropylene Glycol, Polyglyceryl-3 Methylglucose Distearate, Cyclohexasiloxane, Cetearyl Alcohol, Stearic acid, 1,2-Hexanediol, Olea Europaea (Olive) Fruit Oil, Butyrospermum Parkii (Shea) Butter, Panthenol, Sparassis Crispa Extract, Coix Lacryma-Jobi Ma-yuen Seed Extract, Salmon Egg Extract, Butylene Glycol, Andrographis Paniculata Extract, Carnosine, Hydrolyzed Soy Protein, Acetyl Hexapeptide-8(10 ppb), Copper Tripeptide-1(10 ppb), Palmitoyl Pentapeptide-4(10 ppb), Tripeptide-1(10 ppb), Palmitoyl Tripeptide-1(10 ppb), Hexapeptide-9(5 ppb), Nonapeptide-1(1 ppb), Palmitoyl Tetrapeptide-7(50 ppb), Palmitoyl Tripeptide-5(11 ppb), Leontopodium Alpinum Callus Culture Extract, Camellia Sinensis Leaf Extract, Centella Asiatica Extract, Glycyrrhiza Glabra (Licorice) Root Extract, Scutellaria Baicalensis Root Extract, Polygonum Cuspidatum Root Extract, Chamomilla Recutita (Matricaria) Flower Extract, Rosmarinus Officinalis (Rosemary) Leaf Extract, Lactobacillus\/Soybean Ferment Extract, Salix Alba (Willow) Bark Extract, Cinnamomum Cassia Bark Extract, Origanum Vulgare Leaf Extract, Chamaecyparis Obtusa Leaf Extract, Portulaca Oleracea Extract, Hydrogenated Polyisobutene, Anemarrhena Asphodeloides Root Extract, Hydroxypropyltrimonium Hyaluronate, Sodium Acetylated Hyaluronate, Hydrolyzed Hyaluronic Acid, Hyaluronic Acid, Sodium Hyaluronate Crosspolymer, Hydrolyzed Sodium Hyaluronate, Potassium Hyaluronate, Hydrolyzed Collagen, Royal Jelly Extract, Argania Spinosa Kernel Oil, Squalane, Ceramide NP, Tocopheryl Acetate, Adenosine, Disodium EDTA, Betaine, Sodium Hyaluronate, Carbomer, Ethylhexylglycerin, Glyceryl Stearate, Tromethamine, Sodium Polyacrylate, Ethylhexyl Stearate, Trideceth-6, Pentylene Glycol, Caprylyl Glycol, Hydroxyacetophenone, Dipotassium Glycyrrhizate, Fragrance<\/span><\/em><\/div>","protected":false},"excerpt":{"rendered":"<p>Intenzivna masa\u017ena krema za o\u010di sa efektom liftinga. 20ml<\/p>","protected":false},"featured_media":5295,"template":"","meta":{"_acf_changed":false},"product_brand":[],"product_cat":[400,459,224,349,86,439,296,213,95],"product_tag":[410],"class_list":{"0":"post-5304","1":"product","2":"type-product","3":"status-publish","4":"has-post-thumbnail","6":"product_cat-lifting","7":"product_cat-puffiness","8":"product_cat-antiage","9":"product_cat-brightening","10":"product_cat-moisturizing","11":"product_cat-matureskin","12":"product_cat-medi-peel","13":"product_cat-eyecare","14":"product_cat-eyecream","15":"product_tag-peptide-9","17":"first","18":"outofstock","19":"shipping-taxable","20":"purchasable","21":"product-type-simple"},"acf":[],"yoast_head":"<!-- This site is optimized with the Yoast SEO Premium plugin v19.6 (Yoast SEO v20.11) - https:\/\/yoast.com\/wordpress\/plugins\/seo\/ -->\n<title>Medi-Peel Peptide 9 Shrink Lif-Tox Eye Cream - Malina Beauty Store<\/title>\n<meta name=\"robots\" content=\"index, follow, max-snippet:-1, max-image-preview:large, max-video-preview:-1\" \/>\n<link rel=\"canonical\" href=\"https:\/\/malinacosmetics.com\/sr\/\u043f\u0440\u043e\u0438\u0437\u0432\u043e\u0434\/medi-peel-peptide-9-shrink-lif-tox-eye-cream2\/\" \/>\n<meta property=\"og:locale\" content=\"sr_RS\" \/>\n<meta property=\"og:type\" content=\"article\" \/>\n<meta property=\"og:title\" content=\"Medi-Peel Peptide 9 Shrink Lif-Tox Eye Cream\" \/>\n<meta property=\"og:description\" content=\"\u0418\u043d\u0442\u0435\u043d\u0441\u0438\u0432\u043d\u044b\u0439 \u043c\u0430\u0441\u0441\u0430\u0436\u043d\u044b\u0439 \u043a\u0440\u0435\u043c \u0434\u043b\u044f \u0432\u0435\u043a \u0441 \u044d\u0444\u0444\u0435\u043a\u0442\u043e\u043c \u043b\u0438\u0444\u0442\u0438\u043d\u0433\u0430. 20ml\" \/>\n<meta property=\"og:url\" content=\"https:\/\/malinacosmetics.com\/sr\/\u043f\u0440\u043e\u0438\u0437\u0432\u043e\u0434\/medi-peel-peptide-9-shrink-lif-tox-eye-cream2\/\" \/>\n<meta property=\"og:site_name\" content=\"Malina Beauty Store\" \/>\n<meta property=\"article:publisher\" content=\"https:\/\/www.facebook.com\/MalinaBeautyShopMe\/\" \/>\n<meta property=\"article:modified_time\" content=\"2025-10-06T09:43:57+00:00\" \/>\n<meta property=\"og:image\" content=\"https:\/\/malinacosmetics.com\/wp-content\/uploads\/2023\/04\/Medi-Peel-Peptide-9-Shrink-Lif-Tox-Eye-Cream.jpg\" \/>\n\t<meta property=\"og:image:width\" content=\"1200\" \/>\n\t<meta property=\"og:image:height\" content=\"1200\" \/>\n\t<meta property=\"og:image:type\" content=\"image\/jpeg\" \/>\n<meta name=\"twitter:card\" content=\"summary_large_image\" \/>\n<script type=\"application\/ld+json\" class=\"yoast-schema-graph\">{\"@context\":\"https:\/\/schema.org\",\"@graph\":[{\"@type\":[\"WebPage\",\"ItemPage\"],\"@id\":\"https:\/\/malinacosmetics.com\/product\/medi-peel-peptide-9-shrink-lif-tox-eye-cream2\/\",\"url\":\"https:\/\/malinacosmetics.com\/product\/medi-peel-peptide-9-shrink-lif-tox-eye-cream2\/\",\"name\":\"Medi-Peel Peptide 9 Shrink Lif-Tox Eye Cream - Malina Beauty Store\",\"isPartOf\":{\"@id\":\"https:\/\/malinacosmetics.com\/#website\"},\"datePublished\":\"2023-05-09T16:39:17+00:00\",\"dateModified\":\"2025-10-06T09:43:57+00:00\",\"breadcrumb\":{\"@id\":\"https:\/\/malinacosmetics.com\/product\/medi-peel-peptide-9-shrink-lif-tox-eye-cream2\/#breadcrumb\"},\"inLanguage\":\"sr-RS\",\"potentialAction\":[{\"@type\":\"ReadAction\",\"target\":[\"https:\/\/malinacosmetics.com\/product\/medi-peel-peptide-9-shrink-lif-tox-eye-cream2\/\"]}]},{\"@type\":\"BreadcrumbList\",\"@id\":\"https:\/\/malinacosmetics.com\/product\/medi-peel-peptide-9-shrink-lif-tox-eye-cream2\/#breadcrumb\",\"itemListElement\":[{\"@type\":\"ListItem\",\"position\":1,\"name\":\"\u0413\u043b\u0430\u0432\u043d\u0430\u044f \u0441\u0442\u0440\u0430\u043d\u0438\u0446\u0430\",\"item\":\"https:\/\/malinacosmetics.com\/\"},{\"@type\":\"ListItem\",\"position\":2,\"name\":\"\u041a\u0430\u0442\u0430\u043b\u043e\u0433\",\"item\":\"https:\/\/malinacosmetics.com\/sr\/shop\/\"},{\"@type\":\"ListItem\",\"position\":3,\"name\":\"Medi-Peel Peptide 9 Shrink Lif-Tox Eye Cream\"}]},{\"@type\":\"WebSite\",\"@id\":\"https:\/\/malinacosmetics.com\/#website\",\"url\":\"https:\/\/malinacosmetics.com\/\",\"name\":\"Malina Beauty Store\",\"description\":\"Prodaja korejske kozmetike za Crnu Goru\",\"publisher\":{\"@id\":\"https:\/\/malinacosmetics.com\/#organization\"},\"potentialAction\":[{\"@type\":\"SearchAction\",\"target\":{\"@type\":\"EntryPoint\",\"urlTemplate\":\"https:\/\/malinacosmetics.com\/?s={search_term_string}\"},\"query-input\":\"required name=search_term_string\"}],\"inLanguage\":\"sr-RS\"},{\"@type\":\"Organization\",\"@id\":\"https:\/\/malinacosmetics.com\/#organization\",\"name\":\"malinacosmetics\",\"url\":\"https:\/\/malinacosmetics.com\/\",\"logo\":{\"@type\":\"ImageObject\",\"inLanguage\":\"sr-RS\",\"@id\":\"https:\/\/malinacosmetics.com\/#\/schema\/logo\/image\/\",\"url\":\"https:\/\/malinacosmetics.com\/wp-content\/uploads\/2021\/07\/logo.png\",\"contentUrl\":\"https:\/\/malinacosmetics.com\/wp-content\/uploads\/2021\/07\/logo.png\",\"width\":500,\"height\":353,\"caption\":\"malinacosmetics\"},\"image\":{\"@id\":\"https:\/\/malinacosmetics.com\/#\/schema\/logo\/image\/\"},\"sameAs\":[\"https:\/\/www.facebook.com\/MalinaBeautyShopMe\/\"]}]}<\/script>\n<meta property=\"product:brand\" content=\"simple\" \/>\n<meta property=\"product:price:amount\" content=\"32.00\" \/>\n<meta property=\"product:price:currency\" content=\"EUR\" \/>\n<meta property=\"og:availability\" content=\"out of stock\" \/>\n<meta property=\"product:availability\" content=\"out of stock\" \/>\n<meta property=\"product:condition\" content=\"new\" \/>\n<!-- \/ Yoast SEO Premium plugin. -->","yoast_head_json":{"title":"Medi-Peel Peptide 9 Shrink Lif-Tox Eye Cream - Malina Beauty Store","robots":{"index":"index","follow":"follow","max-snippet":"max-snippet:-1","max-image-preview":"max-image-preview:large","max-video-preview":"max-video-preview:-1"},"canonical":"https:\/\/malinacosmetics.com\/sr\/\u043f\u0440\u043e\u0438\u0437\u0432\u043e\u0434\/medi-peel-peptide-9-shrink-lif-tox-eye-cream2\/","og_locale":"sr_RS","og_type":"article","og_title":"Medi-Peel Peptide 9 Shrink Lif-Tox Eye Cream","og_description":"\u0418\u043d\u0442\u0435\u043d\u0441\u0438\u0432\u043d\u044b\u0439 \u043c\u0430\u0441\u0441\u0430\u0436\u043d\u044b\u0439 \u043a\u0440\u0435\u043c \u0434\u043b\u044f \u0432\u0435\u043a \u0441 \u044d\u0444\u0444\u0435\u043a\u0442\u043e\u043c \u043b\u0438\u0444\u0442\u0438\u043d\u0433\u0430. 20ml","og_url":"https:\/\/malinacosmetics.com\/sr\/\u043f\u0440\u043e\u0438\u0437\u0432\u043e\u0434\/medi-peel-peptide-9-shrink-lif-tox-eye-cream2\/","og_site_name":"Malina Beauty Store","article_publisher":"https:\/\/www.facebook.com\/MalinaBeautyShopMe\/","article_modified_time":"2025-10-06T09:43:57+00:00","og_image":[{"width":1200,"height":1200,"url":"https:\/\/malinacosmetics.com\/wp-content\/uploads\/2023\/04\/Medi-Peel-Peptide-9-Shrink-Lif-Tox-Eye-Cream.jpg","type":"image\/jpeg"}],"twitter_card":"summary_large_image","schema":{"@context":"https:\/\/schema.org","@graph":[{"@type":["WebPage","ItemPage"],"@id":"https:\/\/malinacosmetics.com\/product\/medi-peel-peptide-9-shrink-lif-tox-eye-cream2\/","url":"https:\/\/malinacosmetics.com\/product\/medi-peel-peptide-9-shrink-lif-tox-eye-cream2\/","name":"Medi-Peel Peptide 9 Shrink Lif-Tox Eye Cream - Malina Beauty Store","isPartOf":{"@id":"https:\/\/malinacosmetics.com\/#website"},"datePublished":"2023-05-09T16:39:17+00:00","dateModified":"2025-10-06T09:43:57+00:00","breadcrumb":{"@id":"https:\/\/malinacosmetics.com\/product\/medi-peel-peptide-9-shrink-lif-tox-eye-cream2\/#breadcrumb"},"inLanguage":"sr-RS","potentialAction":[{"@type":"ReadAction","target":["https:\/\/malinacosmetics.com\/product\/medi-peel-peptide-9-shrink-lif-tox-eye-cream2\/"]}]},{"@type":"BreadcrumbList","@id":"https:\/\/malinacosmetics.com\/product\/medi-peel-peptide-9-shrink-lif-tox-eye-cream2\/#breadcrumb","itemListElement":[{"@type":"ListItem","position":1,"name":"\u0413\u043b\u0430\u0432\u043d\u0430\u044f \u0441\u0442\u0440\u0430\u043d\u0438\u0446\u0430","item":"https:\/\/malinacosmetics.com\/"},{"@type":"ListItem","position":2,"name":"\u041a\u0430\u0442\u0430\u043b\u043e\u0433","item":"https:\/\/malinacosmetics.com\/sr\/shop\/"},{"@type":"ListItem","position":3,"name":"Medi-Peel Peptide 9 Shrink Lif-Tox Eye Cream"}]},{"@type":"WebSite","@id":"https:\/\/malinacosmetics.com\/#website","url":"https:\/\/malinacosmetics.com\/","name":"Malina Beauty Store","description":"Prodaja korejske kozmetike za Crnu Goru","publisher":{"@id":"https:\/\/malinacosmetics.com\/#organization"},"potentialAction":[{"@type":"SearchAction","target":{"@type":"EntryPoint","urlTemplate":"https:\/\/malinacosmetics.com\/?s={search_term_string}"},"query-input":"required name=search_term_string"}],"inLanguage":"sr-RS"},{"@type":"Organization","@id":"https:\/\/malinacosmetics.com\/#organization","name":"malinacosmetics","url":"https:\/\/malinacosmetics.com\/","logo":{"@type":"ImageObject","inLanguage":"sr-RS","@id":"https:\/\/malinacosmetics.com\/#\/schema\/logo\/image\/","url":"https:\/\/malinacosmetics.com\/wp-content\/uploads\/2021\/07\/logo.png","contentUrl":"https:\/\/malinacosmetics.com\/wp-content\/uploads\/2021\/07\/logo.png","width":500,"height":353,"caption":"malinacosmetics"},"image":{"@id":"https:\/\/malinacosmetics.com\/#\/schema\/logo\/image\/"},"sameAs":["https:\/\/www.facebook.com\/MalinaBeautyShopMe\/"]}]},"product_brand":"simple","product_price_amount":"32.00","product_price_currency":"EUR","og_availability":"out of stock","product_availability":"out of stock","product_condition":"new"},"jetpack_sharing_enabled":true,"_links":{"self":[{"href":"https:\/\/malinacosmetics.com\/sr\/wp-json\/wp\/v2\/product\/5304","targetHints":{"allow":["GET"]}}],"collection":[{"href":"https:\/\/malinacosmetics.com\/sr\/wp-json\/wp\/v2\/product"}],"about":[{"href":"https:\/\/malinacosmetics.com\/sr\/wp-json\/wp\/v2\/types\/product"}],"wp:featuredmedia":[{"embeddable":true,"href":"https:\/\/malinacosmetics.com\/sr\/wp-json\/wp\/v2\/media\/5295"}],"wp:attachment":[{"href":"https:\/\/malinacosmetics.com\/sr\/wp-json\/wp\/v2\/media?parent=5304"}],"wp:term":[{"taxonomy":"product_brand","embeddable":true,"href":"https:\/\/malinacosmetics.com\/sr\/wp-json\/wp\/v2\/product_brand?post=5304"},{"taxonomy":"product_cat","embeddable":true,"href":"https:\/\/malinacosmetics.com\/sr\/wp-json\/wp\/v2\/product_cat?post=5304"},{"taxonomy":"product_tag","embeddable":true,"href":"https:\/\/malinacosmetics.com\/sr\/wp-json\/wp\/v2\/product_tag?post=5304"}],"curies":[{"name":"wp","href":"https:\/\/api.w.org\/{rel}","templated":true}]}}