{"id":5303,"date":"2023-04-25T23:46:05","date_gmt":"2023-04-25T20:46:05","guid":{"rendered":"https:\/\/malinacosmetics.com\/?post_type=product&#038;p=5303"},"modified":"2025-12-26T21:24:36","modified_gmt":"2025-12-26T20:24:36","slug":"medi-peel-24k-gold-snail-repair-eye-cream-2","status":"publish","type":"product","link":"https:\/\/malinacosmetics.com\/sr\/\u043f\u0440\u043e\u0438\u0437\u0432\u043e\u0434\/medi-peel-24k-gold-snail-repair-eye-cream-2\/","title":{"rendered":"Medi-Peel 24K Gold Snail Repair Eye Cream"},"content":{"rendered":"<p class=\"translation-block\">Regenerativna krema za podru\u010dje oko o\u010diju sa zlatom i sluzom od pu\u017eeva efikasno osvetljava tamne krugove u predelu ispod o\u010diju, pobolj\u0161ava elasti\u010dnost tkiva i ja\u010da. Intenzivno vla\u017ei, u\u010dvr\u0161c\u0301uje i zate\u017ee.\nIma lifting efekat, vidljivo zagla\u0111uje fine mimi\u010dke bore i smijalice, smanjuje dubinu izra\u017eenih bora u predelu nazolabijalnih bora. Aktivno sinteti\u0161e sopstvena kolagena i elastinska vlakna i usporava proces starenja.\nIma laganu viskoznu teksturu, brzo se upija i ne ostavlja lepljivost. Pogodno kao podloga za \u0161minku.<br>\nGlavni aktivni sastojci:<br>\nZlato 24K povec\u0301ava turgor, ima fotoprotektivna svojstva, \u0161titi od ultraljubi\u010dastog zra\u010denja, osvetljava pigmentaciju, povec\u0301ava stepen prodiranja aktivnih komponenti u dublje slojeve.<br>\nPu\u017eev mucin je sna\u017ean antioksidans koji \u0161titi c\u0301elije od uni\u0161tavanja i preranog starenja, ujedna\u010dava ten i rastvara ustajale fleke. Podmla\u0111uje, zagla\u0111uje bore i zate\u017ee ko\u017eu, zna\u010dajno pobolj\u0161avajuc\u0301i njen izgled.<br>\n7 vrsta hijaluronske kiseline prodiru u duboke slojeve epidermisa, aktivno vla\u017ee c\u0301elije, poma\u017eu u zadr\u017eavanju vlage u ko\u017ei. Oni formiraju za\u0161titni sloj koji spre\u010dava isparavanje vlage.<br>\nCeramidi NP ja\u010daju c\u0301elije i \u0161tite ih od o\u0161tec\u0301enja, spre\u010davaju isparavanje vlage i promovi\u0161u dugotrajnu hidrataciju, odr\u017eavaju optimalnu hidro-lipidnu ravnote\u017eu.<br>\nHidrolizovani kolagen i elastin obnavljaju strukturu epidermisa iznutra, ja\u010daju c\u0301elijske zidove, pobolj\u0161avaju metabolizam proteina. Podr\u017eava matricu ko\u017ee, zagla\u0111uje bore i nabore.<br>\nSYN-AKE  je sinteti\u010dka supstanca (peptid) koja opona\u0161a funkciju zmijskog otrova, dugo poznatog kao neverovatno sredstvo protiv starenja. Opu\u0161ta mimi\u010dke mi\u0161ic\u0301e, \u0161to omoguc\u0301ava smanjenje motori\u010dke aktivnosti lica i spre\u010dava pojavu bora.<br>\nSYN-COLL kompleks je moc\u0301an kompleks protiv starenja koji aktivno stimuli\u0161e sintezu kolagena i spre\u010dava njegovo uni\u0161tavanje. Pobolj\u0161ava turgor, smanjuje dubinu izra\u017eenih mimi\u010dnih i starosnih bora, izgla\u0111uje reljef i zate\u017ee.<br>\nPogodno za borbu protiv prvih promena vezanih za uzrast.<\/p>\n<p><strong><br>Na\u010din upotrebe:<\/strong> Nanesite potrebnu koli\u010dinu proizvoda laganim tapkajuc\u0301im pokretima na podru\u010dje oko o\u010diju i nazolabijalne bore. Preporu\u010duje se upotreba nakon seruma.<\/p>\n<hr \/>\n<div><em><strong><em>Sastojci:<\/em><\/strong> <span data-sheets-value=\"{&quot;1&quot;:2,&quot;2&quot;:&quot;Water, Cetyl Ethylhexanoate, Glycerin, Dipropylene Glycol, Polyglyceryl-3 Methylglucose Distearate, Niacinamide, Cyclohexasiloxane, Cetearyl Alcohol, Stearic acid, 1,2-Hexanediol, Olea Europaea (Olive) Fruit Oil, Butyrospermum Parkii (Shea) Butter, Snail Secretion Filtrate(3,000 ppm), Dioscorea Japonica Root Extract, Nelumbo Nucifera Root Extract, Abelmoschus Esculentus Fruit Extract, Palmitoyl Tripeptide-5, Dipeptide Diaminobutyroyl Benzylamide Diacetate, Hydrolyzed Collagen, Hydrolyzed Elastin, Sodium Hyaluronate, Hydroxypropyltrimonium Hyaluronate, Sodium Acetylated Hyaluronate, Hydrolyzed Hyaluronic Acid, Hyaluronic Acid, Sodium Hyaluronate Crosspolymer, Hydrolyzed Sodium Hyaluronate, Potassium Hyaluronate, Argania Spinosa Kernel Oil, Ceramide NP, Panthenol, Betaine, Disodium EDTA, Adenosine, Ethylhexylglycerin, Glyceryl Stearate, Tromethamine, Sodium Polyacrylate, Ethylhexyl Stearate, Trideceth-6, Carbomer, CI 77480(20 ppm), Hydroxyacetophenone, Caprylyl Glycol, Dipotassium Glycyrrhizate, Fragrance&quot;}\" data-sheets-userformat=\"{&quot;2&quot;:573,&quot;3&quot;:{&quot;1&quot;:0},&quot;5&quot;:{&quot;1&quot;:[{&quot;1&quot;:2,&quot;2&quot;:0,&quot;5&quot;:{&quot;1&quot;:2,&quot;2&quot;:0}},{&quot;1&quot;:0,&quot;2&quot;:0,&quot;3&quot;:3},{&quot;1&quot;:1,&quot;2&quot;:0,&quot;4&quot;:1}]},&quot;6&quot;:{&quot;1&quot;:[{&quot;1&quot;:2,&quot;2&quot;:0,&quot;5&quot;:{&quot;1&quot;:2,&quot;2&quot;:0}},{&quot;1&quot;:0,&quot;2&quot;:0,&quot;3&quot;:3},{&quot;1&quot;:1,&quot;2&quot;:0,&quot;4&quot;:1}]},&quot;7&quot;:{&quot;1&quot;:[{&quot;1&quot;:2,&quot;2&quot;:0,&quot;5&quot;:{&quot;1&quot;:2,&quot;2&quot;:0}},{&quot;1&quot;:0,&quot;2&quot;:0,&quot;3&quot;:3},{&quot;1&quot;:1,&quot;2&quot;:0,&quot;4&quot;:1}]},&quot;8&quot;:{&quot;1&quot;:[{&quot;1&quot;:2,&quot;2&quot;:0,&quot;5&quot;:{&quot;1&quot;:2,&quot;2&quot;:0}},{&quot;1&quot;:0,&quot;2&quot;:0,&quot;3&quot;:3},{&quot;1&quot;:1,&quot;2&quot;:0,&quot;4&quot;:1}]},&quot;12&quot;:0}\">Water, Cetyl Ethylhexanoate, Glycerin, Dipropylene Glycol, Polyglyceryl-3 Methylglucose Distearate, Niacinamide, Cyclohexasiloxane, Cetearyl Alcohol, Stearic acid, 1,2-Hexanediol, Olea Europaea (Olive) Fruit Oil, Butyrospermum Parkii (Shea) Butter, Snail Secretion Filtrate(3,000 ppm), Dioscorea Japonica Root Extract, Nelumbo Nucifera Root Extract, Abelmoschus Esculentus Fruit Extract, Palmitoyl Tripeptide-5, Dipeptide Diaminobutyroyl Benzylamide Diacetate, Hydrolyzed Collagen, Hydrolyzed Elastin, Sodium Hyaluronate, Hydroxypropyltrimonium Hyaluronate, Sodium Acetylated Hyaluronate, Hydrolyzed Hyaluronic Acid, Hyaluronic Acid, Sodium Hyaluronate Crosspolymer, Hydrolyzed Sodium Hyaluronate, Potassium Hyaluronate, Argania Spinosa Kernel Oil, Ceramide NP, Panthenol, Betaine, Disodium EDTA, Adenosine, Ethylhexylglycerin, Glyceryl Stearate, Tromethamine, Sodium Polyacrylate, Ethylhexyl Stearate, Trideceth-6, Carbomer, CI 77480(20 ppm), Hydroxyacetophenone, Caprylyl Glycol, Dipotassium Glycyrrhizate, Fragrance<\/span><\/em><\/div>","protected":false},"excerpt":{"rendered":"<p>Regenerativna krema za o\u010di sa zlatom i sluzom od pu\u017eeva. 40ml<\/p>","protected":false},"featured_media":5293,"template":"","meta":{"_acf_changed":false},"product_brand":[],"product_cat":[400,224,349,86,439,296,213,95],"product_tag":[],"class_list":{"0":"post-5303","1":"product","2":"type-product","3":"status-publish","4":"has-post-thumbnail","6":"product_cat-lifting","7":"product_cat-antiage","8":"product_cat-brightening","9":"product_cat-moisturizing","10":"product_cat-matureskin","11":"product_cat-medi-peel","12":"product_cat-eyecare","13":"product_cat-eyecream","15":"first","16":"outofstock","17":"shipping-taxable","18":"purchasable","19":"product-type-simple"},"acf":[],"yoast_head":"<!-- This site is optimized with the Yoast SEO Premium plugin v19.6 (Yoast SEO v20.11) - https:\/\/yoast.com\/wordpress\/plugins\/seo\/ -->\n<title>Medi-Peel 24K Gold Snail Repair Eye Cream - Malina Beauty Store<\/title>\n<meta name=\"robots\" content=\"index, follow, max-snippet:-1, max-image-preview:large, max-video-preview:-1\" \/>\n<link rel=\"canonical\" href=\"https:\/\/malinacosmetics.com\/sr\/\u043f\u0440\u043e\u0438\u0437\u0432\u043e\u0434\/medi-peel-24k-gold-snail-repair-eye-cream-2\/\" \/>\n<meta property=\"og:locale\" content=\"sr_RS\" \/>\n<meta property=\"og:type\" content=\"article\" \/>\n<meta property=\"og:title\" content=\"Medi-Peel 24K Gold Snail Repair Eye Cream\" \/>\n<meta property=\"og:description\" content=\"\u0420\u0435\u0433\u0435\u043d\u0435\u0440\u0438\u0440\u0443\u044e\u0449\u0438\u0439 \u043a\u0440\u0435\u043c \u0434\u043b\u044f \u0432\u0435\u043a \u0441 \u0437\u043e\u043b\u043e\u0442\u043e\u043c \u0438 \u043c\u0443\u0446\u0438\u043d\u043e\u043c \u0443\u043b\u0438\u0442\u043a\u0438. 40ml\" \/>\n<meta property=\"og:url\" content=\"https:\/\/malinacosmetics.com\/sr\/\u043f\u0440\u043e\u0438\u0437\u0432\u043e\u0434\/medi-peel-24k-gold-snail-repair-eye-cream-2\/\" \/>\n<meta property=\"og:site_name\" content=\"Malina Beauty Store\" \/>\n<meta property=\"article:publisher\" content=\"https:\/\/www.facebook.com\/MalinaBeautyShopMe\/\" \/>\n<meta property=\"article:modified_time\" content=\"2025-12-26T20:24:36+00:00\" \/>\n<meta property=\"og:image\" content=\"https:\/\/malinacosmetics.com\/wp-content\/uploads\/2023\/04\/Medi-Peel-24K-Gold-Snail-Repair-Eye-Cream-.jpg\" \/>\n\t<meta property=\"og:image:width\" content=\"1200\" \/>\n\t<meta property=\"og:image:height\" content=\"1200\" \/>\n\t<meta property=\"og:image:type\" content=\"image\/jpeg\" \/>\n<meta name=\"twitter:card\" content=\"summary_large_image\" \/>\n<script type=\"application\/ld+json\" class=\"yoast-schema-graph\">{\"@context\":\"https:\/\/schema.org\",\"@graph\":[{\"@type\":[\"WebPage\",\"ItemPage\"],\"@id\":\"https:\/\/malinacosmetics.com\/product\/medi-peel-24k-gold-snail-repair-eye-cream-2\/\",\"url\":\"https:\/\/malinacosmetics.com\/product\/medi-peel-24k-gold-snail-repair-eye-cream-2\/\",\"name\":\"Medi-Peel 24K Gold Snail Repair Eye Cream - Malina Beauty Store\",\"isPartOf\":{\"@id\":\"https:\/\/malinacosmetics.com\/#website\"},\"datePublished\":\"2023-04-25T20:46:05+00:00\",\"dateModified\":\"2025-12-26T20:24:36+00:00\",\"breadcrumb\":{\"@id\":\"https:\/\/malinacosmetics.com\/product\/medi-peel-24k-gold-snail-repair-eye-cream-2\/#breadcrumb\"},\"inLanguage\":\"sr-RS\",\"potentialAction\":[{\"@type\":\"ReadAction\",\"target\":[\"https:\/\/malinacosmetics.com\/product\/medi-peel-24k-gold-snail-repair-eye-cream-2\/\"]}]},{\"@type\":\"BreadcrumbList\",\"@id\":\"https:\/\/malinacosmetics.com\/product\/medi-peel-24k-gold-snail-repair-eye-cream-2\/#breadcrumb\",\"itemListElement\":[{\"@type\":\"ListItem\",\"position\":1,\"name\":\"\u0413\u043b\u0430\u0432\u043d\u0430\u044f \u0441\u0442\u0440\u0430\u043d\u0438\u0446\u0430\",\"item\":\"https:\/\/malinacosmetics.com\/\"},{\"@type\":\"ListItem\",\"position\":2,\"name\":\"\u041a\u0430\u0442\u0430\u043b\u043e\u0433\",\"item\":\"https:\/\/malinacosmetics.com\/sr\/shop\/\"},{\"@type\":\"ListItem\",\"position\":3,\"name\":\"Medi-Peel 24K Gold Snail Repair Eye Cream\"}]},{\"@type\":\"WebSite\",\"@id\":\"https:\/\/malinacosmetics.com\/#website\",\"url\":\"https:\/\/malinacosmetics.com\/\",\"name\":\"Malina Beauty Store\",\"description\":\"Prodaja korejske kozmetike za Crnu Goru\",\"publisher\":{\"@id\":\"https:\/\/malinacosmetics.com\/#organization\"},\"potentialAction\":[{\"@type\":\"SearchAction\",\"target\":{\"@type\":\"EntryPoint\",\"urlTemplate\":\"https:\/\/malinacosmetics.com\/?s={search_term_string}\"},\"query-input\":\"required name=search_term_string\"}],\"inLanguage\":\"sr-RS\"},{\"@type\":\"Organization\",\"@id\":\"https:\/\/malinacosmetics.com\/#organization\",\"name\":\"malinacosmetics\",\"url\":\"https:\/\/malinacosmetics.com\/\",\"logo\":{\"@type\":\"ImageObject\",\"inLanguage\":\"sr-RS\",\"@id\":\"https:\/\/malinacosmetics.com\/#\/schema\/logo\/image\/\",\"url\":\"https:\/\/malinacosmetics.com\/wp-content\/uploads\/2021\/07\/logo.png\",\"contentUrl\":\"https:\/\/malinacosmetics.com\/wp-content\/uploads\/2021\/07\/logo.png\",\"width\":500,\"height\":353,\"caption\":\"malinacosmetics\"},\"image\":{\"@id\":\"https:\/\/malinacosmetics.com\/#\/schema\/logo\/image\/\"},\"sameAs\":[\"https:\/\/www.facebook.com\/MalinaBeautyShopMe\/\"]}]}<\/script>\n<meta property=\"product:brand\" content=\"simple\" \/>\n<meta property=\"product:price:amount\" content=\"32.00\" \/>\n<meta property=\"product:price:currency\" content=\"EUR\" \/>\n<meta property=\"og:availability\" content=\"out of stock\" \/>\n<meta property=\"product:availability\" content=\"out of stock\" \/>\n<meta property=\"product:condition\" content=\"new\" \/>\n<!-- \/ Yoast SEO Premium plugin. -->","yoast_head_json":{"title":"Medi-Peel 24K Gold Snail Repair Eye Cream - Malina Beauty Store","robots":{"index":"index","follow":"follow","max-snippet":"max-snippet:-1","max-image-preview":"max-image-preview:large","max-video-preview":"max-video-preview:-1"},"canonical":"https:\/\/malinacosmetics.com\/sr\/\u043f\u0440\u043e\u0438\u0437\u0432\u043e\u0434\/medi-peel-24k-gold-snail-repair-eye-cream-2\/","og_locale":"sr_RS","og_type":"article","og_title":"Medi-Peel 24K Gold Snail Repair Eye Cream","og_description":"\u0420\u0435\u0433\u0435\u043d\u0435\u0440\u0438\u0440\u0443\u044e\u0449\u0438\u0439 \u043a\u0440\u0435\u043c \u0434\u043b\u044f \u0432\u0435\u043a \u0441 \u0437\u043e\u043b\u043e\u0442\u043e\u043c \u0438 \u043c\u0443\u0446\u0438\u043d\u043e\u043c \u0443\u043b\u0438\u0442\u043a\u0438. 40ml","og_url":"https:\/\/malinacosmetics.com\/sr\/\u043f\u0440\u043e\u0438\u0437\u0432\u043e\u0434\/medi-peel-24k-gold-snail-repair-eye-cream-2\/","og_site_name":"Malina Beauty Store","article_publisher":"https:\/\/www.facebook.com\/MalinaBeautyShopMe\/","article_modified_time":"2025-12-26T20:24:36+00:00","og_image":[{"width":1200,"height":1200,"url":"https:\/\/malinacosmetics.com\/wp-content\/uploads\/2023\/04\/Medi-Peel-24K-Gold-Snail-Repair-Eye-Cream-.jpg","type":"image\/jpeg"}],"twitter_card":"summary_large_image","schema":{"@context":"https:\/\/schema.org","@graph":[{"@type":["WebPage","ItemPage"],"@id":"https:\/\/malinacosmetics.com\/product\/medi-peel-24k-gold-snail-repair-eye-cream-2\/","url":"https:\/\/malinacosmetics.com\/product\/medi-peel-24k-gold-snail-repair-eye-cream-2\/","name":"Medi-Peel 24K Gold Snail Repair Eye Cream - Malina Beauty Store","isPartOf":{"@id":"https:\/\/malinacosmetics.com\/#website"},"datePublished":"2023-04-25T20:46:05+00:00","dateModified":"2025-12-26T20:24:36+00:00","breadcrumb":{"@id":"https:\/\/malinacosmetics.com\/product\/medi-peel-24k-gold-snail-repair-eye-cream-2\/#breadcrumb"},"inLanguage":"sr-RS","potentialAction":[{"@type":"ReadAction","target":["https:\/\/malinacosmetics.com\/product\/medi-peel-24k-gold-snail-repair-eye-cream-2\/"]}]},{"@type":"BreadcrumbList","@id":"https:\/\/malinacosmetics.com\/product\/medi-peel-24k-gold-snail-repair-eye-cream-2\/#breadcrumb","itemListElement":[{"@type":"ListItem","position":1,"name":"\u0413\u043b\u0430\u0432\u043d\u0430\u044f \u0441\u0442\u0440\u0430\u043d\u0438\u0446\u0430","item":"https:\/\/malinacosmetics.com\/"},{"@type":"ListItem","position":2,"name":"\u041a\u0430\u0442\u0430\u043b\u043e\u0433","item":"https:\/\/malinacosmetics.com\/sr\/shop\/"},{"@type":"ListItem","position":3,"name":"Medi-Peel 24K Gold Snail Repair Eye Cream"}]},{"@type":"WebSite","@id":"https:\/\/malinacosmetics.com\/#website","url":"https:\/\/malinacosmetics.com\/","name":"Malina Beauty Store","description":"Prodaja korejske kozmetike za Crnu Goru","publisher":{"@id":"https:\/\/malinacosmetics.com\/#organization"},"potentialAction":[{"@type":"SearchAction","target":{"@type":"EntryPoint","urlTemplate":"https:\/\/malinacosmetics.com\/?s={search_term_string}"},"query-input":"required name=search_term_string"}],"inLanguage":"sr-RS"},{"@type":"Organization","@id":"https:\/\/malinacosmetics.com\/#organization","name":"malinacosmetics","url":"https:\/\/malinacosmetics.com\/","logo":{"@type":"ImageObject","inLanguage":"sr-RS","@id":"https:\/\/malinacosmetics.com\/#\/schema\/logo\/image\/","url":"https:\/\/malinacosmetics.com\/wp-content\/uploads\/2021\/07\/logo.png","contentUrl":"https:\/\/malinacosmetics.com\/wp-content\/uploads\/2021\/07\/logo.png","width":500,"height":353,"caption":"malinacosmetics"},"image":{"@id":"https:\/\/malinacosmetics.com\/#\/schema\/logo\/image\/"},"sameAs":["https:\/\/www.facebook.com\/MalinaBeautyShopMe\/"]}]},"product_brand":"simple","product_price_amount":"32.00","product_price_currency":"EUR","og_availability":"out of stock","product_availability":"out of stock","product_condition":"new"},"jetpack_sharing_enabled":true,"_links":{"self":[{"href":"https:\/\/malinacosmetics.com\/sr\/wp-json\/wp\/v2\/product\/5303","targetHints":{"allow":["GET"]}}],"collection":[{"href":"https:\/\/malinacosmetics.com\/sr\/wp-json\/wp\/v2\/product"}],"about":[{"href":"https:\/\/malinacosmetics.com\/sr\/wp-json\/wp\/v2\/types\/product"}],"wp:featuredmedia":[{"embeddable":true,"href":"https:\/\/malinacosmetics.com\/sr\/wp-json\/wp\/v2\/media\/5293"}],"wp:attachment":[{"href":"https:\/\/malinacosmetics.com\/sr\/wp-json\/wp\/v2\/media?parent=5303"}],"wp:term":[{"taxonomy":"product_brand","embeddable":true,"href":"https:\/\/malinacosmetics.com\/sr\/wp-json\/wp\/v2\/product_brand?post=5303"},{"taxonomy":"product_cat","embeddable":true,"href":"https:\/\/malinacosmetics.com\/sr\/wp-json\/wp\/v2\/product_cat?post=5303"},{"taxonomy":"product_tag","embeddable":true,"href":"https:\/\/malinacosmetics.com\/sr\/wp-json\/wp\/v2\/product_tag?post=5303"}],"curies":[{"name":"wp","href":"https:\/\/api.w.org\/{rel}","templated":true}]}}