{"id":5268,"date":"2023-04-19T15:27:02","date_gmt":"2023-04-19T12:27:02","guid":{"rendered":"https:\/\/malinacosmetics.com\/?post_type=product&#038;p=5268"},"modified":"2024-11-10T02:13:53","modified_gmt":"2024-11-10T01:13:53","slug":"lador-perfect-hair-fill-up13ml","status":"publish","type":"product","link":"https:\/\/malinacosmetics.com\/sr\/\u043f\u0440\u043e\u0438\u0437\u0432\u043e\u0434\/lador-perfect-hair-fill-up13ml\/","title":{"rendered":"LADOR Perfect Hair Fill-Up 13ml"},"content":{"rendered":"<p class=\"translation-block\">\u0410mpula za kosu bogata hranljivim sastojcima omogu\u0107ava vidljiv rezultat nakon samo jednog tretmana, a efekat sjajne i glatke kose traje i do 7 dana.<br>\nLA\u2019DOR PERFECT HAIR FILL-UP ampula za kosu sa keratinom (proteinom), kolagenom, ceramidom i amino kiselinama (kombinovane sa proteinom svile) pru\u017ea intenzivnu hidrataciju, bogatu ishranjenost, vra\u0107a elasti\u010dnost, sjaj i meko\u0107u kose. Mo\u0107na LA\u2019DOR ampula prodire duboko i obnavlja strukturu kose. Regeneri\u0161e kosu o\u0161te\u0107enu farbanjem, hemijskim tretmanima, toplotom i izlo\u017eeno\u0161\u0107u UV zraka i odr\u017eava boju kose.\nU kontaktu sa vodom sadr\u017eaj ampule se zagreva \u010dime je kosa br\u017ee apsorbuje i zadr\u017eava hranljive sastojke du\u017ei vremenski period.<br>\nLA\u2019DOR PERFECT HAIR FILL-UP ampula \u010dini \u010duda! Kosa je hidrirana 72 \u010dasa, a efekat sjajne i glatke kose traje i do 7 dana! U kontaktu sa vodom sadr\u017eaj ampule se zagreva \u010dime je kosa br\u017ee apsorbuje i zadr\u017eava hranljive sastojke du\u017ei vremenski period.<\/p>\n<p class=\"translation-block\"><strong>Na\u010din upotrebe: <\/strong>Pome\u0161ajte ampulu sa hladnom vodom u odnosu 1:1 (me\u0161anjem sa vodom ampula se pretvara u kremu). Nanesite ravnomerno kremastu smesu na celu prethodno opranu i pe\u0161kirom prosu\u0161enu kosu. Stavite kapu za tu\u0161iranje ili aluminijumsku foliju na glavu i ostavite da deluje 15-20 minuta. Temeljno isperite kosu sa vodom. Osu\u0161ite kosu fenom.\nLA\u2019DOR PERFECT HAIR FILL-UP ampula mo\u017ee da se nanosi i direktno na opranu i mokru kosu, bez me\u0161anja sa vodom. Nakon direktnog nano\u0161enja ampule na kosu vreme delovanja, ispiranja i su\u0161enja je isti.\n* Preporuka: Da bi za\u0161titili kosu od o\u0161te\u0107enja, koristite ampulu pre farbanja ili hemijskog tretmana ili je pome\u0161ajte sa farbom odnosno hemijskim tretmanom.<\/p>\n<hr \/>\n<div>\n<p><em><b><em>Sastojci:<\/em> <\/b>alcohol, propylene glycol, cetrimonium chloride, benzyl glycol, ethylhexylglycerin, rasberry ketone, hydrolyed keratin, hydrolyzed collagen, hydrolyzed silk, ceramide np, peg-12 dimethicone, glycerin, octyldodeceth-20, octyldodeceth-16, glyoxyloyl carbocysteine, glyoxyloyl keratin amino acids, butylene glycol, phyllanthus emblica extract, polyquaternium-92, citric acid, fragrance.<\/em><\/p>\n<p><em><b><\/b><br \/>\n<\/em><\/p>\n<p>&nbsp;<\/p>\n<\/div>","protected":false},"excerpt":{"rendered":"<p>Ampula-filer za o\u0161tec\u0301enu kosu. 13ml<\/p>","protected":false},"featured_media":5269,"template":"","meta":{"_acf_changed":false},"product_brand":[],"product_cat":[418,171,623,619,611,617,606,605,618,503],"product_tag":[589],"class_list":{"0":"post-5268","1":"product","2":"type-product","3":"status-publish","4":"has-post-thumbnail","6":"product_cat-lador","7":"product_cat-haircare","8":"product_cat-hair-restoration","9":"product_cat-hairshine","10":"product_cat-hairmoisture","11":"product_cat-alltypehairs","12":"product_cat-damagedhair","13":"product_cat-dryhair","14":"product_cat-hair-repair","15":"product_cat-hairfillerup","16":"product_tag-lador-fill-up","18":"first","19":"instock","20":"shipping-taxable","21":"purchasable","22":"product-type-simple"},"acf":[],"yoast_head":"<!-- This site is optimized with the Yoast SEO Premium plugin v19.6 (Yoast SEO v20.11) - https:\/\/yoast.com\/wordpress\/plugins\/seo\/ -->\n<title>LADOR Perfect Hair Fill-Up 13ml - Malina Beauty Store<\/title>\n<meta name=\"robots\" content=\"index, follow, max-snippet:-1, max-image-preview:large, max-video-preview:-1\" \/>\n<link rel=\"canonical\" href=\"https:\/\/malinacosmetics.com\/sr\/\u043f\u0440\u043e\u0438\u0437\u0432\u043e\u0434\/lador-perfect-hair-fill-up13ml\/\" \/>\n<meta property=\"og:locale\" content=\"sr_RS\" \/>\n<meta property=\"og:type\" content=\"article\" \/>\n<meta property=\"og:title\" content=\"LADOR Perfect Hair Fill-Up 13ml\" \/>\n<meta property=\"og:description\" content=\"\u0424\u0438\u043b\u043b\u0435\u0440 \u0434\u043b\u044f \u0432\u043e\u0441\u0441\u0442\u0430\u043d\u043e\u0432\u043b\u0435\u043d\u0438\u044f \u043f\u043e\u0432\u0440\u0435\u0436\u0434\u0451\u043d\u043d\u044b\u0445 \u0432\u043e\u043b\u043e\u0441. 13ml\" \/>\n<meta property=\"og:url\" content=\"https:\/\/malinacosmetics.com\/sr\/\u043f\u0440\u043e\u0438\u0437\u0432\u043e\u0434\/lador-perfect-hair-fill-up13ml\/\" \/>\n<meta property=\"og:site_name\" content=\"Malina Beauty Store\" \/>\n<meta property=\"article:publisher\" content=\"https:\/\/www.facebook.com\/MalinaBeautyShopMe\/\" \/>\n<meta property=\"article:modified_time\" content=\"2024-11-10T01:13:53+00:00\" \/>\n<meta property=\"og:image\" content=\"https:\/\/malinacosmetics.com\/wp-content\/uploads\/2023\/04\/LADOR-LA-DOR-Perfect-Hair-Fill-up.jpg\" \/>\n\t<meta property=\"og:image:width\" content=\"1340\" \/>\n\t<meta property=\"og:image:height\" content=\"1340\" \/>\n\t<meta property=\"og:image:type\" content=\"image\/jpeg\" \/>\n<meta name=\"twitter:card\" content=\"summary_large_image\" \/>\n<script type=\"application\/ld+json\" class=\"yoast-schema-graph\">{\"@context\":\"https:\/\/schema.org\",\"@graph\":[{\"@type\":[\"WebPage\",\"ItemPage\"],\"@id\":\"https:\/\/malinacosmetics.com\/\u043f\u0440\u043e\u0438\u0437\u0432\u043e\u0434\/lador-perfect-hair-fill-up13ml\/\",\"url\":\"https:\/\/malinacosmetics.com\/\u043f\u0440\u043e\u0438\u0437\u0432\u043e\u0434\/lador-perfect-hair-fill-up13ml\/\",\"name\":\"LADOR Perfect Hair Fill-Up 13ml - Malina Beauty Store\",\"isPartOf\":{\"@id\":\"https:\/\/malinacosmetics.com\/#website\"},\"datePublished\":\"2023-04-19T12:27:02+00:00\",\"dateModified\":\"2024-11-10T01:13:53+00:00\",\"breadcrumb\":{\"@id\":\"https:\/\/malinacosmetics.com\/\u043f\u0440\u043e\u0438\u0437\u0432\u043e\u0434\/lador-perfect-hair-fill-up13ml\/#breadcrumb\"},\"inLanguage\":\"sr-RS\",\"potentialAction\":[{\"@type\":\"ReadAction\",\"target\":[\"https:\/\/malinacosmetics.com\/\u043f\u0440\u043e\u0438\u0437\u0432\u043e\u0434\/lador-perfect-hair-fill-up13ml\/\"]}]},{\"@type\":\"BreadcrumbList\",\"@id\":\"https:\/\/malinacosmetics.com\/\u043f\u0440\u043e\u0438\u0437\u0432\u043e\u0434\/lador-perfect-hair-fill-up13ml\/#breadcrumb\",\"itemListElement\":[{\"@type\":\"ListItem\",\"position\":1,\"name\":\"\u0413\u043b\u0430\u0432\u043d\u0430\u044f \u0441\u0442\u0440\u0430\u043d\u0438\u0446\u0430\",\"item\":\"https:\/\/malinacosmetics.com\/\"},{\"@type\":\"ListItem\",\"position\":2,\"name\":\"\u041a\u0430\u0442\u0430\u043b\u043e\u0433\",\"item\":\"https:\/\/malinacosmetics.com\/sr\/shop\/\"},{\"@type\":\"ListItem\",\"position\":3,\"name\":\"LADOR Perfect Hair Fill-Up 13ml\"}]},{\"@type\":\"WebSite\",\"@id\":\"https:\/\/malinacosmetics.com\/#website\",\"url\":\"https:\/\/malinacosmetics.com\/\",\"name\":\"Malina Beauty Store\",\"description\":\"Prodaja korejske kozmetike za Crnu Goru\",\"publisher\":{\"@id\":\"https:\/\/malinacosmetics.com\/#organization\"},\"potentialAction\":[{\"@type\":\"SearchAction\",\"target\":{\"@type\":\"EntryPoint\",\"urlTemplate\":\"https:\/\/malinacosmetics.com\/?s={search_term_string}\"},\"query-input\":\"required name=search_term_string\"}],\"inLanguage\":\"sr-RS\"},{\"@type\":\"Organization\",\"@id\":\"https:\/\/malinacosmetics.com\/#organization\",\"name\":\"malinacosmetics\",\"url\":\"https:\/\/malinacosmetics.com\/\",\"logo\":{\"@type\":\"ImageObject\",\"inLanguage\":\"sr-RS\",\"@id\":\"https:\/\/malinacosmetics.com\/#\/schema\/logo\/image\/\",\"url\":\"https:\/\/malinacosmetics.com\/wp-content\/uploads\/2021\/07\/logo.png\",\"contentUrl\":\"https:\/\/malinacosmetics.com\/wp-content\/uploads\/2021\/07\/logo.png\",\"width\":500,\"height\":353,\"caption\":\"malinacosmetics\"},\"image\":{\"@id\":\"https:\/\/malinacosmetics.com\/#\/schema\/logo\/image\/\"},\"sameAs\":[\"https:\/\/www.facebook.com\/MalinaBeautyShopMe\/\"]}]}<\/script>\n<meta property=\"product:brand\" content=\"simple\" \/>\n<meta property=\"product:price:amount\" content=\"2.50\" \/>\n<meta property=\"product:price:currency\" content=\"EUR\" \/>\n<meta property=\"og:availability\" content=\"instock\" \/>\n<meta property=\"product:availability\" content=\"instock\" \/>\n<meta property=\"product:condition\" content=\"new\" \/>\n<!-- \/ Yoast SEO Premium plugin. -->","yoast_head_json":{"title":"LADOR Perfect Hair Fill-Up 13ml - Malina Beauty Store","robots":{"index":"index","follow":"follow","max-snippet":"max-snippet:-1","max-image-preview":"max-image-preview:large","max-video-preview":"max-video-preview:-1"},"canonical":"https:\/\/malinacosmetics.com\/sr\/\u043f\u0440\u043e\u0438\u0437\u0432\u043e\u0434\/lador-perfect-hair-fill-up13ml\/","og_locale":"sr_RS","og_type":"article","og_title":"LADOR Perfect Hair Fill-Up 13ml","og_description":"\u0424\u0438\u043b\u043b\u0435\u0440 \u0434\u043b\u044f \u0432\u043e\u0441\u0441\u0442\u0430\u043d\u043e\u0432\u043b\u0435\u043d\u0438\u044f \u043f\u043e\u0432\u0440\u0435\u0436\u0434\u0451\u043d\u043d\u044b\u0445 \u0432\u043e\u043b\u043e\u0441. 13ml","og_url":"https:\/\/malinacosmetics.com\/sr\/\u043f\u0440\u043e\u0438\u0437\u0432\u043e\u0434\/lador-perfect-hair-fill-up13ml\/","og_site_name":"Malina Beauty Store","article_publisher":"https:\/\/www.facebook.com\/MalinaBeautyShopMe\/","article_modified_time":"2024-11-10T01:13:53+00:00","og_image":[{"width":1340,"height":1340,"url":"https:\/\/malinacosmetics.com\/wp-content\/uploads\/2023\/04\/LADOR-LA-DOR-Perfect-Hair-Fill-up.jpg","type":"image\/jpeg"}],"twitter_card":"summary_large_image","schema":{"@context":"https:\/\/schema.org","@graph":[{"@type":["WebPage","ItemPage"],"@id":"https:\/\/malinacosmetics.com\/\u043f\u0440\u043e\u0438\u0437\u0432\u043e\u0434\/lador-perfect-hair-fill-up13ml\/","url":"https:\/\/malinacosmetics.com\/\u043f\u0440\u043e\u0438\u0437\u0432\u043e\u0434\/lador-perfect-hair-fill-up13ml\/","name":"LADOR Perfect Hair Fill-Up 13ml - Malina Beauty Store","isPartOf":{"@id":"https:\/\/malinacosmetics.com\/#website"},"datePublished":"2023-04-19T12:27:02+00:00","dateModified":"2024-11-10T01:13:53+00:00","breadcrumb":{"@id":"https:\/\/malinacosmetics.com\/\u043f\u0440\u043e\u0438\u0437\u0432\u043e\u0434\/lador-perfect-hair-fill-up13ml\/#breadcrumb"},"inLanguage":"sr-RS","potentialAction":[{"@type":"ReadAction","target":["https:\/\/malinacosmetics.com\/\u043f\u0440\u043e\u0438\u0437\u0432\u043e\u0434\/lador-perfect-hair-fill-up13ml\/"]}]},{"@type":"BreadcrumbList","@id":"https:\/\/malinacosmetics.com\/\u043f\u0440\u043e\u0438\u0437\u0432\u043e\u0434\/lador-perfect-hair-fill-up13ml\/#breadcrumb","itemListElement":[{"@type":"ListItem","position":1,"name":"\u0413\u043b\u0430\u0432\u043d\u0430\u044f \u0441\u0442\u0440\u0430\u043d\u0438\u0446\u0430","item":"https:\/\/malinacosmetics.com\/"},{"@type":"ListItem","position":2,"name":"\u041a\u0430\u0442\u0430\u043b\u043e\u0433","item":"https:\/\/malinacosmetics.com\/sr\/shop\/"},{"@type":"ListItem","position":3,"name":"LADOR Perfect Hair Fill-Up 13ml"}]},{"@type":"WebSite","@id":"https:\/\/malinacosmetics.com\/#website","url":"https:\/\/malinacosmetics.com\/","name":"Malina Beauty Store","description":"Prodaja korejske kozmetike za Crnu Goru","publisher":{"@id":"https:\/\/malinacosmetics.com\/#organization"},"potentialAction":[{"@type":"SearchAction","target":{"@type":"EntryPoint","urlTemplate":"https:\/\/malinacosmetics.com\/?s={search_term_string}"},"query-input":"required name=search_term_string"}],"inLanguage":"sr-RS"},{"@type":"Organization","@id":"https:\/\/malinacosmetics.com\/#organization","name":"malinacosmetics","url":"https:\/\/malinacosmetics.com\/","logo":{"@type":"ImageObject","inLanguage":"sr-RS","@id":"https:\/\/malinacosmetics.com\/#\/schema\/logo\/image\/","url":"https:\/\/malinacosmetics.com\/wp-content\/uploads\/2021\/07\/logo.png","contentUrl":"https:\/\/malinacosmetics.com\/wp-content\/uploads\/2021\/07\/logo.png","width":500,"height":353,"caption":"malinacosmetics"},"image":{"@id":"https:\/\/malinacosmetics.com\/#\/schema\/logo\/image\/"},"sameAs":["https:\/\/www.facebook.com\/MalinaBeautyShopMe\/"]}]},"product_brand":"simple","product_price_amount":"2.50","product_price_currency":"EUR","og_availability":"instock","product_availability":"instock","product_condition":"new"},"jetpack_sharing_enabled":true,"_links":{"self":[{"href":"https:\/\/malinacosmetics.com\/sr\/wp-json\/wp\/v2\/product\/5268","targetHints":{"allow":["GET"]}}],"collection":[{"href":"https:\/\/malinacosmetics.com\/sr\/wp-json\/wp\/v2\/product"}],"about":[{"href":"https:\/\/malinacosmetics.com\/sr\/wp-json\/wp\/v2\/types\/product"}],"wp:featuredmedia":[{"embeddable":true,"href":"https:\/\/malinacosmetics.com\/sr\/wp-json\/wp\/v2\/media\/5269"}],"wp:attachment":[{"href":"https:\/\/malinacosmetics.com\/sr\/wp-json\/wp\/v2\/media?parent=5268"}],"wp:term":[{"taxonomy":"product_brand","embeddable":true,"href":"https:\/\/malinacosmetics.com\/sr\/wp-json\/wp\/v2\/product_brand?post=5268"},{"taxonomy":"product_cat","embeddable":true,"href":"https:\/\/malinacosmetics.com\/sr\/wp-json\/wp\/v2\/product_cat?post=5268"},{"taxonomy":"product_tag","embeddable":true,"href":"https:\/\/malinacosmetics.com\/sr\/wp-json\/wp\/v2\/product_tag?post=5268"}],"curies":[{"name":"wp","href":"https:\/\/api.w.org\/{rel}","templated":true}]}}