{"id":4965,"date":"2023-03-07T20:14:44","date_gmt":"2023-03-07T17:14:44","guid":{"rendered":"https:\/\/malinacosmetics.com\/?post_type=product&#038;p=4965"},"modified":"2025-09-27T12:52:40","modified_gmt":"2025-09-27T10:52:40","slug":"lador-snail-sleeping-hair-ampoule2","status":"publish","type":"product","link":"https:\/\/malinacosmetics.com\/sr\/\u043f\u0440\u043e\u0438\u0437\u0432\u043e\u0434\/lador-snail-sleeping-hair-ampoule2\/","title":{"rendered":"LADOR Snail Sleeping Hair Ampoule"},"content":{"rendered":"<p class=\"translation-block\">No\u010dni serum za obnavljanje kose Lador Snail Sleeping Hair Ampoule intenzivno deluje  na ja\u010danje i obnavljanje jako o\u0161tec\u0301ene kose. Proizvod ima hranljivo, hidratantno, za\u0161titno dejstvo. Serum nadokna\u0111uje nedostatak keratina u kosi (zbog \u010dega je ona porozna i paperjasta), vrac\u0301a sjaj, svilenkastost i \u010dini kosu jakom, ja\u010da folikul dlake i samu kosu po celoj du\u017eini.<br>\nPrednosti upotrebe: <br>\n- nadokna\u0111uje proteine u kosi i spre\u010dava njihov gubitak,<br>\n- stvara za\u0161titni film, <br>\n- sadr\u017ei prirodne sastojke, <br>\n- intenzivno hrani bez lepljivosti.<br>\nPrirodni sastojci doprinose aktivnom obnavljanju strukture kose noc\u0301u, kada su procesi regeneracije posebno aktivni. <br>Preparat ja\u010da koren kose, kao i same pramenove po celoj du\u017eini.<br>\nMucin od pu\u017eeva - obnavlja i regeneri\u0161e o\u0161tec\u0301ene vrhove kose, le\u010di i hrani ih.<br>\nKolagen - povec\u0301ava nivo vlage u kosi, obnavlja njenu strukturu i revitalizira je. Vrac\u0301a kosi \u010dvrstoc\u0301u i elasti\u010dnost, \u010dini je podatnijom.<br>\nEkstrakt lokvanja - ima antiinflamatorno, umirujuc\u0301e i omek\u0161avajuc\u0301e dejstvo, intenzivno hidrira kosu.<br>\nEkstrakt irisa - hidrira i regeneri\u0161e ko\u017eu glave, obnavlja strukturu kose, stimuli\u0161e njen rast, ja\u010da folikul dlake.<br>\nEkstrakt cveta runolika - prirodni antioksidans, \u0161titi kosu od UV zra\u010denja i hidrira je. \u010cini kosu \u201cposlu\u0161nom\u201d, elemini\u0161e \u010dupavost.<br>\nEkstrakt jasmina - pogodan za osetljivu ko\u017eu glave, hidrira je i hrani, ima antisepti\u010dki efekat.<br>\nEkstrakt tigrastog ljiljana - umiruje ko\u017eu glave i regeneri\u0161e je. Idealan je za suvu, o\u0161tec\u0301enu i farbanu kosu.<\/p>\n<p><strong><br>Na\u010din upotrebe:<\/strong> Iscedite malo seruma i nanesite pre spavanja na suvu ili vla\u017enu kosu. Ravnomerno rasporedite proizvod i o\u010de\u0161ljate kosu. Nemojte ispirati. Koristite proizvod jednom ili dva puta nedeljno.<\/p>\n<hr \/>\n<div>\n<p><em><b><em>Sastojci:<\/em><\/b> Purified water, cyclopentasiloxane, dimethicone, propylene glycol, hydroxyethyl acrylate \/ sodium acryloyl dimethyl taurate copolymer, hydrodolize collagen, snail mucilage filtrate (1000mg), lily of the valley extract, Lotus extract, henna extract, edelweiss extract, common jasmine extract, chamari extract, polyacrylate-13, polyisobutene, polysorbate 20, PEG-14M, hydroxyethylcellulose, squalane, polysorbate 60, Hydroxy acetophenone, fragrance.<\/em><\/p>\n<\/div>","protected":false},"excerpt":{"rendered":"<p>No\u010dni serum za obnavljanje kose sa mucinom od pu\u017eeva. 20ml<\/p>","protected":false},"featured_media":4963,"template":"","meta":{"_acf_changed":false},"product_brand":[],"product_cat":[418,171,623,612,611,606,605,489],"product_tag":[594],"class_list":{"0":"post-4965","1":"product","2":"type-product","3":"status-publish","4":"has-post-thumbnail","6":"product_cat-lador","7":"product_cat-haircare","8":"product_cat-hair-restoration","9":"product_cat-hairnutrition","10":"product_cat-hairmoisture","11":"product_cat-damagedhair","12":"product_cat-dryhair","13":"product_cat-hairserum","14":"product_tag-lador-snail","16":"first","17":"instock","18":"shipping-taxable","19":"purchasable","20":"product-type-simple"},"acf":[],"yoast_head":"<!-- This site is optimized with the Yoast SEO Premium plugin v19.6 (Yoast SEO v20.11) - https:\/\/yoast.com\/wordpress\/plugins\/seo\/ -->\n<title>LADOR Snail Sleeping Hair Ampoule - Malina Beauty Store<\/title>\n<meta name=\"description\" content=\"LADOR Snail Sleeping Hair Ampoule\" \/>\n<meta name=\"robots\" content=\"index, follow, max-snippet:-1, max-image-preview:large, max-video-preview:-1\" \/>\n<link rel=\"canonical\" href=\"https:\/\/malinacosmetics.com\/sr\/\u043f\u0440\u043e\u0438\u0437\u0432\u043e\u0434\/lador-snail-sleeping-hair-ampoule2\/\" \/>\n<meta property=\"og:locale\" content=\"sr_RS\" \/>\n<meta property=\"og:type\" content=\"article\" \/>\n<meta property=\"og:title\" content=\"LADOR Snail Sleeping Hair Ampoule\" \/>\n<meta property=\"og:description\" content=\"LADOR Snail Sleeping Hair Ampoule\" \/>\n<meta property=\"og:url\" content=\"https:\/\/malinacosmetics.com\/sr\/\u043f\u0440\u043e\u0438\u0437\u0432\u043e\u0434\/lador-snail-sleeping-hair-ampoule2\/\" \/>\n<meta property=\"og:site_name\" content=\"Malina Beauty Store\" \/>\n<meta property=\"article:publisher\" content=\"https:\/\/www.facebook.com\/MalinaBeautyShopMe\/\" \/>\n<meta property=\"article:modified_time\" content=\"2025-09-27T10:52:40+00:00\" \/>\n<meta property=\"og:image\" content=\"https:\/\/malinacosmetics.com\/wp-content\/uploads\/2023\/03\/LADOR-Snail-Sleeping-Hair-Ampoule.jpg\" \/>\n\t<meta property=\"og:image:width\" content=\"1200\" \/>\n\t<meta property=\"og:image:height\" content=\"1200\" \/>\n\t<meta property=\"og:image:type\" content=\"image\/jpeg\" \/>\n<meta name=\"twitter:card\" content=\"summary_large_image\" \/>\n<script type=\"application\/ld+json\" class=\"yoast-schema-graph\">{\"@context\":\"https:\/\/schema.org\",\"@graph\":[{\"@type\":[\"WebPage\",\"ItemPage\"],\"@id\":\"https:\/\/malinacosmetics.com\/product\/lador-snail-sleeping-hair-ampoule2\/\",\"url\":\"https:\/\/malinacosmetics.com\/product\/lador-snail-sleeping-hair-ampoule2\/\",\"name\":\"LADOR Snail Sleeping Hair Ampoule - Malina Beauty Store\",\"isPartOf\":{\"@id\":\"https:\/\/malinacosmetics.com\/#website\"},\"datePublished\":\"2023-03-07T17:14:44+00:00\",\"dateModified\":\"2025-09-27T10:52:40+00:00\",\"description\":\"LADOR Snail Sleeping Hair Ampoule\",\"breadcrumb\":{\"@id\":\"https:\/\/malinacosmetics.com\/product\/lador-snail-sleeping-hair-ampoule2\/#breadcrumb\"},\"inLanguage\":\"sr-RS\",\"potentialAction\":[{\"@type\":\"ReadAction\",\"target\":[\"https:\/\/malinacosmetics.com\/product\/lador-snail-sleeping-hair-ampoule2\/\"]}]},{\"@type\":\"BreadcrumbList\",\"@id\":\"https:\/\/malinacosmetics.com\/product\/lador-snail-sleeping-hair-ampoule2\/#breadcrumb\",\"itemListElement\":[{\"@type\":\"ListItem\",\"position\":1,\"name\":\"\u0413\u043b\u0430\u0432\u043d\u0430\u044f \u0441\u0442\u0440\u0430\u043d\u0438\u0446\u0430\",\"item\":\"https:\/\/malinacosmetics.com\/\"},{\"@type\":\"ListItem\",\"position\":2,\"name\":\"\u041a\u0430\u0442\u0430\u043b\u043e\u0433\",\"item\":\"https:\/\/malinacosmetics.com\/sr\/shop\/\"},{\"@type\":\"ListItem\",\"position\":3,\"name\":\"LADOR Snail Sleeping Hair Ampoule\"}]},{\"@type\":\"WebSite\",\"@id\":\"https:\/\/malinacosmetics.com\/#website\",\"url\":\"https:\/\/malinacosmetics.com\/\",\"name\":\"Malina Beauty Store\",\"description\":\"Prodaja korejske kozmetike za Crnu Goru\",\"publisher\":{\"@id\":\"https:\/\/malinacosmetics.com\/#organization\"},\"potentialAction\":[{\"@type\":\"SearchAction\",\"target\":{\"@type\":\"EntryPoint\",\"urlTemplate\":\"https:\/\/malinacosmetics.com\/?s={search_term_string}\"},\"query-input\":\"required name=search_term_string\"}],\"inLanguage\":\"sr-RS\"},{\"@type\":\"Organization\",\"@id\":\"https:\/\/malinacosmetics.com\/#organization\",\"name\":\"malinacosmetics\",\"url\":\"https:\/\/malinacosmetics.com\/\",\"logo\":{\"@type\":\"ImageObject\",\"inLanguage\":\"sr-RS\",\"@id\":\"https:\/\/malinacosmetics.com\/#\/schema\/logo\/image\/\",\"url\":\"https:\/\/malinacosmetics.com\/wp-content\/uploads\/2021\/07\/logo.png\",\"contentUrl\":\"https:\/\/malinacosmetics.com\/wp-content\/uploads\/2021\/07\/logo.png\",\"width\":500,\"height\":353,\"caption\":\"malinacosmetics\"},\"image\":{\"@id\":\"https:\/\/malinacosmetics.com\/#\/schema\/logo\/image\/\"},\"sameAs\":[\"https:\/\/www.facebook.com\/MalinaBeautyShopMe\/\"]}]}<\/script>\n<meta property=\"product:brand\" content=\"simple\" \/>\n<meta property=\"product:price:amount\" content=\"3.00\" \/>\n<meta property=\"product:price:currency\" content=\"EUR\" \/>\n<meta property=\"og:availability\" content=\"instock\" \/>\n<meta property=\"product:availability\" content=\"instock\" \/>\n<meta property=\"product:condition\" content=\"new\" \/>\n<!-- \/ Yoast SEO Premium plugin. -->","yoast_head_json":{"title":"LADOR Snail Sleeping Hair Ampoule - Malina Beauty Store","description":"LADOR Snail Sleeping Hair Ampoule","robots":{"index":"index","follow":"follow","max-snippet":"max-snippet:-1","max-image-preview":"max-image-preview:large","max-video-preview":"max-video-preview:-1"},"canonical":"https:\/\/malinacosmetics.com\/sr\/\u043f\u0440\u043e\u0438\u0437\u0432\u043e\u0434\/lador-snail-sleeping-hair-ampoule2\/","og_locale":"sr_RS","og_type":"article","og_title":"LADOR Snail Sleeping Hair Ampoule","og_description":"LADOR Snail Sleeping Hair Ampoule","og_url":"https:\/\/malinacosmetics.com\/sr\/\u043f\u0440\u043e\u0438\u0437\u0432\u043e\u0434\/lador-snail-sleeping-hair-ampoule2\/","og_site_name":"Malina Beauty Store","article_publisher":"https:\/\/www.facebook.com\/MalinaBeautyShopMe\/","article_modified_time":"2025-09-27T10:52:40+00:00","og_image":[{"width":1200,"height":1200,"url":"https:\/\/malinacosmetics.com\/wp-content\/uploads\/2023\/03\/LADOR-Snail-Sleeping-Hair-Ampoule.jpg","type":"image\/jpeg"}],"twitter_card":"summary_large_image","schema":{"@context":"https:\/\/schema.org","@graph":[{"@type":["WebPage","ItemPage"],"@id":"https:\/\/malinacosmetics.com\/product\/lador-snail-sleeping-hair-ampoule2\/","url":"https:\/\/malinacosmetics.com\/product\/lador-snail-sleeping-hair-ampoule2\/","name":"LADOR Snail Sleeping Hair Ampoule - Malina Beauty Store","isPartOf":{"@id":"https:\/\/malinacosmetics.com\/#website"},"datePublished":"2023-03-07T17:14:44+00:00","dateModified":"2025-09-27T10:52:40+00:00","description":"LADOR Snail Sleeping Hair Ampoule","breadcrumb":{"@id":"https:\/\/malinacosmetics.com\/product\/lador-snail-sleeping-hair-ampoule2\/#breadcrumb"},"inLanguage":"sr-RS","potentialAction":[{"@type":"ReadAction","target":["https:\/\/malinacosmetics.com\/product\/lador-snail-sleeping-hair-ampoule2\/"]}]},{"@type":"BreadcrumbList","@id":"https:\/\/malinacosmetics.com\/product\/lador-snail-sleeping-hair-ampoule2\/#breadcrumb","itemListElement":[{"@type":"ListItem","position":1,"name":"\u0413\u043b\u0430\u0432\u043d\u0430\u044f \u0441\u0442\u0440\u0430\u043d\u0438\u0446\u0430","item":"https:\/\/malinacosmetics.com\/"},{"@type":"ListItem","position":2,"name":"\u041a\u0430\u0442\u0430\u043b\u043e\u0433","item":"https:\/\/malinacosmetics.com\/sr\/shop\/"},{"@type":"ListItem","position":3,"name":"LADOR Snail Sleeping Hair Ampoule"}]},{"@type":"WebSite","@id":"https:\/\/malinacosmetics.com\/#website","url":"https:\/\/malinacosmetics.com\/","name":"Malina Beauty Store","description":"Prodaja korejske kozmetike za Crnu Goru","publisher":{"@id":"https:\/\/malinacosmetics.com\/#organization"},"potentialAction":[{"@type":"SearchAction","target":{"@type":"EntryPoint","urlTemplate":"https:\/\/malinacosmetics.com\/?s={search_term_string}"},"query-input":"required name=search_term_string"}],"inLanguage":"sr-RS"},{"@type":"Organization","@id":"https:\/\/malinacosmetics.com\/#organization","name":"malinacosmetics","url":"https:\/\/malinacosmetics.com\/","logo":{"@type":"ImageObject","inLanguage":"sr-RS","@id":"https:\/\/malinacosmetics.com\/#\/schema\/logo\/image\/","url":"https:\/\/malinacosmetics.com\/wp-content\/uploads\/2021\/07\/logo.png","contentUrl":"https:\/\/malinacosmetics.com\/wp-content\/uploads\/2021\/07\/logo.png","width":500,"height":353,"caption":"malinacosmetics"},"image":{"@id":"https:\/\/malinacosmetics.com\/#\/schema\/logo\/image\/"},"sameAs":["https:\/\/www.facebook.com\/MalinaBeautyShopMe\/"]}]},"product_brand":"simple","product_price_amount":"3.00","product_price_currency":"EUR","og_availability":"instock","product_availability":"instock","product_condition":"new"},"jetpack_sharing_enabled":true,"_links":{"self":[{"href":"https:\/\/malinacosmetics.com\/sr\/wp-json\/wp\/v2\/product\/4965","targetHints":{"allow":["GET"]}}],"collection":[{"href":"https:\/\/malinacosmetics.com\/sr\/wp-json\/wp\/v2\/product"}],"about":[{"href":"https:\/\/malinacosmetics.com\/sr\/wp-json\/wp\/v2\/types\/product"}],"wp:featuredmedia":[{"embeddable":true,"href":"https:\/\/malinacosmetics.com\/sr\/wp-json\/wp\/v2\/media\/4963"}],"wp:attachment":[{"href":"https:\/\/malinacosmetics.com\/sr\/wp-json\/wp\/v2\/media?parent=4965"}],"wp:term":[{"taxonomy":"product_brand","embeddable":true,"href":"https:\/\/malinacosmetics.com\/sr\/wp-json\/wp\/v2\/product_brand?post=4965"},{"taxonomy":"product_cat","embeddable":true,"href":"https:\/\/malinacosmetics.com\/sr\/wp-json\/wp\/v2\/product_cat?post=4965"},{"taxonomy":"product_tag","embeddable":true,"href":"https:\/\/malinacosmetics.com\/sr\/wp-json\/wp\/v2\/product_tag?post=4965"}],"curies":[{"name":"wp","href":"https:\/\/api.w.org\/{rel}","templated":true}]}}