{"id":4891,"date":"2023-01-17T19:59:37","date_gmt":"2023-01-17T16:59:37","guid":{"rendered":"https:\/\/malinacosmetics.com\/?post_type=product&#038;p=4891"},"modified":"2026-04-03T18:36:36","modified_gmt":"2026-04-03T16:36:36","slug":"medi-peel-red-lacto-collagen-wrapping-mask2","status":"publish","type":"product","link":"https:\/\/malinacosmetics.com\/sr\/\u043f\u0440\u043e\u0438\u0437\u0432\u043e\u0434\/medi-peel-red-lacto-collagen-wrapping-mask2\/","title":{"rendered":"Medi-Peel Red Lacto Collagen Wrapping Mask"},"content":{"rendered":"<p class=\"translation-block\">Kolagenska \u043caska za vertikalno su\u017eavanje pora. Obi\u010dni preparati za su\u017eavanje pora rade horizontalno, vizuelno su\u017eavajuc\u0301i samo povr\u0161inu pora. Ova maska, zahvaljujuc\u0301i svom inovativnom sastavu, su\u017eava otvor pora od osnove do povr\u0161ine. Ima terapeutski produ\u017eeni efekat, radi na elasti\u010dnosti tkiva, vremenom su\u017eava pore od samog dna, gde se nalaze krvni sudovi. Nakon upotrebe maske dobijate glatku, ispunjenu, ujedna\u010denu ko\u017eu savr\u0161enog tena bez pora.<br>\nSastav je bogat i danas mu nema premca u sredstvima za su\u017eavanje pora. 70,23% hidrolizovanog ekstrakta kolagena, najmanja molekularna te\u017eina, enzimi laktobacila 1000 ppm, \u010ditav niz aminokiselina, ekstrakti voc\u0301a i cvec\u0301a.<br>\nKao deo sastava:<br>\n- petoslojni patentirani kompleks, razra\u0111en specijalno za su\u017eavanje pora, <br>\n-kompleks protiv sebuma na fito bazi, <br>\n-3 vrste hijaluronske kiseline.<br>\nMaska izgleda kao gusti gel i mo\u017ee se koristiti i lokalno i na celom licu, uklju\u010dujuc\u0301i kapke i usne.<\/p>\n<p><strong><br>Na\u010din upotrebe:<\/strong> Nanesite masku na suvo, o\u010di\u0161c\u0301eno lice. Dr\u017eite 20-30 minuta, a zatim uklonite film sa lica ili isperite toplom vodom.<\/p>\n<hr \/>\n<p><em><strong><em>Sastojci:<\/em><\/strong><\/em><em> Hydrolyzed collagen extract (70.2%), jojoba seed oil, polyvinyl alcohol, methylpropanediol, 1,2-hexanediol, algin, polysorbate 80, caprylic\/capric triglyceride, poly Glyceryl-10 oleate, pullulan, evening primrose extract, elm root extract, king pine needle extract, arrowroot extract, persimmon leaf extract, green tea extract, chestnut bark extract, safflower extract, chrysanthemum extract, coffee bean Extract, grape extract, rhizome root extract, sodium hyaluronate, glyceryl stearate, panthenol, disteadimonium hectorite, sodium polystyrene sulfonate, purified water, cellulose gum, tocopheryl acetate, allantoin, butylene gli Cole, sodium phytate, lactobacillus fermented product (1,000 ppm), glycine, serine, glutamic acid, aspartic acid, leucine, lysine, alanine, arginine, valine, isoleucine, tyrosine, threonine, phenylalanine, proline, Histidine, methionine, cysteine, sodium acetylated hyaluronate, hydrolyzed hyaluronic acid, PEG-100 stearate, fragrance, ethylhexylglycerin<\/em><\/p>","protected":false},"excerpt":{"rendered":"<p>Kolagenska \u043caska za vertikalno su\u017eavanje pora. 70ml<\/p>","protected":false},"featured_media":4872,"template":"","meta":{"_acf_changed":false},"product_brand":[],"product_cat":[461,224,86,437,353,453,296],"product_tag":[407],"class_list":{"0":"post-4891","1":"product","2":"type-product","3":"status-publish","4":"has-post-thumbnail","6":"product_cat-pore","7":"product_cat-antiage","8":"product_cat-moisturizing","9":"product_cat-alltypesofskin","10":"product_cat-masks","11":"product_cat-rinse-off-mask","12":"product_cat-medi-peel","13":"product_tag-red-lacto-collagen","15":"first","16":"outofstock","17":"shipping-taxable","18":"purchasable","19":"product-type-simple"},"acf":[],"yoast_head":"<!-- This site is optimized with the Yoast SEO Premium plugin v19.6 (Yoast SEO v20.11) - https:\/\/yoast.com\/wordpress\/plugins\/seo\/ -->\n<title>Medi-Peel Red Lacto Collagen Wrapping Mask<\/title>\n<meta name=\"robots\" content=\"index, follow, max-snippet:-1, max-image-preview:large, max-video-preview:-1\" \/>\n<link rel=\"canonical\" href=\"https:\/\/malinacosmetics.com\/sr\/\u043f\u0440\u043e\u0438\u0437\u0432\u043e\u0434\/medi-peel-red-lacto-collagen-wrapping-mask2\/\" \/>\n<meta property=\"og:locale\" content=\"sr_RS\" \/>\n<meta property=\"og:type\" content=\"article\" \/>\n<meta property=\"og:title\" content=\"Medi-Peel Red Lacto Collagen Wrapping Mask\" \/>\n<meta property=\"og:description\" content=\"\u041a\u043e\u043b\u043b\u0430\u0433\u0435\u043d\u043e\u0432\u0430\u044f \u043c\u0430\u0441\u043a\u0430-\u043e\u0431\u0451\u0440\u0442\u044b\u0432\u0430\u043d\u0438\u0435 \u0434\u043b\u044f \u0432\u0435\u0440\u0442\u0438\u043a\u0430\u043b\u044c\u043d\u043e\u0433\u043e \u0441\u0443\u0436\u0435\u043d\u0438\u044f \u043f\u043e\u0440. 70ml\" \/>\n<meta property=\"og:url\" content=\"https:\/\/malinacosmetics.com\/sr\/\u043f\u0440\u043e\u0438\u0437\u0432\u043e\u0434\/medi-peel-red-lacto-collagen-wrapping-mask2\/\" \/>\n<meta property=\"og:site_name\" content=\"Malina Beauty Store\" \/>\n<meta property=\"article:publisher\" content=\"https:\/\/www.facebook.com\/MalinaBeautyShopMe\/\" \/>\n<meta property=\"article:modified_time\" content=\"2026-04-03T16:36:36+00:00\" \/>\n<meta property=\"og:image\" content=\"https:\/\/malinacosmetics.com\/wp-content\/uploads\/2023\/01\/Medi-Peel-Red-Lacto-Collagen-Wrapping-Mask.jpg\" \/>\n\t<meta property=\"og:image:width\" content=\"1200\" \/>\n\t<meta property=\"og:image:height\" content=\"1200\" \/>\n\t<meta property=\"og:image:type\" content=\"image\/jpeg\" \/>\n<meta name=\"twitter:card\" content=\"summary_large_image\" \/>\n<script type=\"application\/ld+json\" class=\"yoast-schema-graph\">{\"@context\":\"https:\/\/schema.org\",\"@graph\":[{\"@type\":[\"WebPage\",\"ItemPage\"],\"@id\":\"https:\/\/malinacosmetics.com\/product\/medi-peel-red-lacto-collagen-wrapping-mask2\/\",\"url\":\"https:\/\/malinacosmetics.com\/product\/medi-peel-red-lacto-collagen-wrapping-mask2\/\",\"name\":\"Medi-Peel Red Lacto Collagen Wrapping Mask\",\"isPartOf\":{\"@id\":\"https:\/\/malinacosmetics.com\/#website\"},\"datePublished\":\"2023-01-17T16:59:37+00:00\",\"dateModified\":\"2026-04-03T16:36:36+00:00\",\"breadcrumb\":{\"@id\":\"https:\/\/malinacosmetics.com\/product\/medi-peel-red-lacto-collagen-wrapping-mask2\/#breadcrumb\"},\"inLanguage\":\"sr-RS\",\"potentialAction\":[{\"@type\":\"ReadAction\",\"target\":[\"https:\/\/malinacosmetics.com\/product\/medi-peel-red-lacto-collagen-wrapping-mask2\/\"]}]},{\"@type\":\"BreadcrumbList\",\"@id\":\"https:\/\/malinacosmetics.com\/product\/medi-peel-red-lacto-collagen-wrapping-mask2\/#breadcrumb\",\"itemListElement\":[{\"@type\":\"ListItem\",\"position\":1,\"name\":\"\u0413\u043b\u0430\u0432\u043d\u0430\u044f \u0441\u0442\u0440\u0430\u043d\u0438\u0446\u0430\",\"item\":\"https:\/\/malinacosmetics.com\/\"},{\"@type\":\"ListItem\",\"position\":2,\"name\":\"\u041a\u0430\u0442\u0430\u043b\u043e\u0433\",\"item\":\"https:\/\/malinacosmetics.com\/sr\/shop\/\"},{\"@type\":\"ListItem\",\"position\":3,\"name\":\"Medi-Peel Red Lacto Collagen Wrapping Mask\"}]},{\"@type\":\"WebSite\",\"@id\":\"https:\/\/malinacosmetics.com\/#website\",\"url\":\"https:\/\/malinacosmetics.com\/\",\"name\":\"Malina Beauty Store\",\"description\":\"Prodaja korejske kozmetike za Crnu Goru\",\"publisher\":{\"@id\":\"https:\/\/malinacosmetics.com\/#organization\"},\"potentialAction\":[{\"@type\":\"SearchAction\",\"target\":{\"@type\":\"EntryPoint\",\"urlTemplate\":\"https:\/\/malinacosmetics.com\/?s={search_term_string}\"},\"query-input\":\"required name=search_term_string\"}],\"inLanguage\":\"sr-RS\"},{\"@type\":\"Organization\",\"@id\":\"https:\/\/malinacosmetics.com\/#organization\",\"name\":\"malinacosmetics\",\"url\":\"https:\/\/malinacosmetics.com\/\",\"logo\":{\"@type\":\"ImageObject\",\"inLanguage\":\"sr-RS\",\"@id\":\"https:\/\/malinacosmetics.com\/#\/schema\/logo\/image\/\",\"url\":\"https:\/\/malinacosmetics.com\/wp-content\/uploads\/2021\/07\/logo.png\",\"contentUrl\":\"https:\/\/malinacosmetics.com\/wp-content\/uploads\/2021\/07\/logo.png\",\"width\":500,\"height\":353,\"caption\":\"malinacosmetics\"},\"image\":{\"@id\":\"https:\/\/malinacosmetics.com\/#\/schema\/logo\/image\/\"},\"sameAs\":[\"https:\/\/www.facebook.com\/MalinaBeautyShopMe\/\"]}]}<\/script>\n<meta property=\"product:brand\" content=\"simple\" \/>\n<meta property=\"product:price:amount\" content=\"40.00\" \/>\n<meta property=\"product:price:currency\" content=\"EUR\" \/>\n<meta property=\"og:availability\" content=\"out of stock\" \/>\n<meta property=\"product:availability\" content=\"out of stock\" \/>\n<meta property=\"product:condition\" content=\"new\" \/>\n<!-- \/ Yoast SEO Premium plugin. -->","yoast_head_json":{"title":"Medi-Peel Red Lacto Collagen Wrapping Mask","robots":{"index":"index","follow":"follow","max-snippet":"max-snippet:-1","max-image-preview":"max-image-preview:large","max-video-preview":"max-video-preview:-1"},"canonical":"https:\/\/malinacosmetics.com\/sr\/\u043f\u0440\u043e\u0438\u0437\u0432\u043e\u0434\/medi-peel-red-lacto-collagen-wrapping-mask2\/","og_locale":"sr_RS","og_type":"article","og_title":"Medi-Peel Red Lacto Collagen Wrapping Mask","og_description":"\u041a\u043e\u043b\u043b\u0430\u0433\u0435\u043d\u043e\u0432\u0430\u044f \u043c\u0430\u0441\u043a\u0430-\u043e\u0431\u0451\u0440\u0442\u044b\u0432\u0430\u043d\u0438\u0435 \u0434\u043b\u044f \u0432\u0435\u0440\u0442\u0438\u043a\u0430\u043b\u044c\u043d\u043e\u0433\u043e \u0441\u0443\u0436\u0435\u043d\u0438\u044f \u043f\u043e\u0440. 70ml","og_url":"https:\/\/malinacosmetics.com\/sr\/\u043f\u0440\u043e\u0438\u0437\u0432\u043e\u0434\/medi-peel-red-lacto-collagen-wrapping-mask2\/","og_site_name":"Malina Beauty Store","article_publisher":"https:\/\/www.facebook.com\/MalinaBeautyShopMe\/","article_modified_time":"2026-04-03T16:36:36+00:00","og_image":[{"width":1200,"height":1200,"url":"https:\/\/malinacosmetics.com\/wp-content\/uploads\/2023\/01\/Medi-Peel-Red-Lacto-Collagen-Wrapping-Mask.jpg","type":"image\/jpeg"}],"twitter_card":"summary_large_image","schema":{"@context":"https:\/\/schema.org","@graph":[{"@type":["WebPage","ItemPage"],"@id":"https:\/\/malinacosmetics.com\/product\/medi-peel-red-lacto-collagen-wrapping-mask2\/","url":"https:\/\/malinacosmetics.com\/product\/medi-peel-red-lacto-collagen-wrapping-mask2\/","name":"Medi-Peel Red Lacto Collagen Wrapping Mask","isPartOf":{"@id":"https:\/\/malinacosmetics.com\/#website"},"datePublished":"2023-01-17T16:59:37+00:00","dateModified":"2026-04-03T16:36:36+00:00","breadcrumb":{"@id":"https:\/\/malinacosmetics.com\/product\/medi-peel-red-lacto-collagen-wrapping-mask2\/#breadcrumb"},"inLanguage":"sr-RS","potentialAction":[{"@type":"ReadAction","target":["https:\/\/malinacosmetics.com\/product\/medi-peel-red-lacto-collagen-wrapping-mask2\/"]}]},{"@type":"BreadcrumbList","@id":"https:\/\/malinacosmetics.com\/product\/medi-peel-red-lacto-collagen-wrapping-mask2\/#breadcrumb","itemListElement":[{"@type":"ListItem","position":1,"name":"\u0413\u043b\u0430\u0432\u043d\u0430\u044f \u0441\u0442\u0440\u0430\u043d\u0438\u0446\u0430","item":"https:\/\/malinacosmetics.com\/"},{"@type":"ListItem","position":2,"name":"\u041a\u0430\u0442\u0430\u043b\u043e\u0433","item":"https:\/\/malinacosmetics.com\/sr\/shop\/"},{"@type":"ListItem","position":3,"name":"Medi-Peel Red Lacto Collagen Wrapping Mask"}]},{"@type":"WebSite","@id":"https:\/\/malinacosmetics.com\/#website","url":"https:\/\/malinacosmetics.com\/","name":"Malina Beauty Store","description":"Prodaja korejske kozmetike za Crnu Goru","publisher":{"@id":"https:\/\/malinacosmetics.com\/#organization"},"potentialAction":[{"@type":"SearchAction","target":{"@type":"EntryPoint","urlTemplate":"https:\/\/malinacosmetics.com\/?s={search_term_string}"},"query-input":"required name=search_term_string"}],"inLanguage":"sr-RS"},{"@type":"Organization","@id":"https:\/\/malinacosmetics.com\/#organization","name":"malinacosmetics","url":"https:\/\/malinacosmetics.com\/","logo":{"@type":"ImageObject","inLanguage":"sr-RS","@id":"https:\/\/malinacosmetics.com\/#\/schema\/logo\/image\/","url":"https:\/\/malinacosmetics.com\/wp-content\/uploads\/2021\/07\/logo.png","contentUrl":"https:\/\/malinacosmetics.com\/wp-content\/uploads\/2021\/07\/logo.png","width":500,"height":353,"caption":"malinacosmetics"},"image":{"@id":"https:\/\/malinacosmetics.com\/#\/schema\/logo\/image\/"},"sameAs":["https:\/\/www.facebook.com\/MalinaBeautyShopMe\/"]}]},"product_brand":"simple","product_price_amount":"40.00","product_price_currency":"EUR","og_availability":"out of stock","product_availability":"out of stock","product_condition":"new"},"jetpack_sharing_enabled":true,"_links":{"self":[{"href":"https:\/\/malinacosmetics.com\/sr\/wp-json\/wp\/v2\/product\/4891","targetHints":{"allow":["GET"]}}],"collection":[{"href":"https:\/\/malinacosmetics.com\/sr\/wp-json\/wp\/v2\/product"}],"about":[{"href":"https:\/\/malinacosmetics.com\/sr\/wp-json\/wp\/v2\/types\/product"}],"wp:featuredmedia":[{"embeddable":true,"href":"https:\/\/malinacosmetics.com\/sr\/wp-json\/wp\/v2\/media\/4872"}],"wp:attachment":[{"href":"https:\/\/malinacosmetics.com\/sr\/wp-json\/wp\/v2\/media?parent=4891"}],"wp:term":[{"taxonomy":"product_brand","embeddable":true,"href":"https:\/\/malinacosmetics.com\/sr\/wp-json\/wp\/v2\/product_brand?post=4891"},{"taxonomy":"product_cat","embeddable":true,"href":"https:\/\/malinacosmetics.com\/sr\/wp-json\/wp\/v2\/product_cat?post=4891"},{"taxonomy":"product_tag","embeddable":true,"href":"https:\/\/malinacosmetics.com\/sr\/wp-json\/wp\/v2\/product_tag?post=4891"}],"curies":[{"name":"wp","href":"https:\/\/api.w.org\/{rel}","templated":true}]}}