{"id":4890,"date":"2023-01-17T19:54:31","date_gmt":"2023-01-17T16:54:31","guid":{"rendered":"https:\/\/malinacosmetics.com\/?post_type=product&#038;p=4890"},"modified":"2025-07-10T14:16:31","modified_gmt":"2025-07-10T12:16:31","slug":"medi-peel-vita-toning-ampoule-mask","status":"publish","type":"product","link":"https:\/\/malinacosmetics.com\/sr\/\u043f\u0440\u043e\u0438\u0437\u0432\u043e\u0434\/medi-peel-vita-toning-ampoule-mask\/","title":{"rendered":"Medi-Peel Vita Toning Ampoule Mask"},"content":{"rendered":"<p class=\"translation-block\">Toniziraju\u0107a ampulna maska vidno ujedna\u010dava ten ko\u017ee i pobolj\u0161ava ga. Stimuli\u0161e intracelularnu cirkulaciju, ima imunomodulatorna i moc\u0301na regenerativna svojstva, pokrec\u0301e procese obnavljanja ko\u017ee. Maska aktivira proizvodnju sopstvenog kolagena i zasic\u0301uje epidermis aktivnim sastojcima, savr\u0161eno tonira, a tako\u0111e spre\u010dava gubitak vlage i poma\u017ee da se ona zadr\u017ei u dubokim slojevima ko\u017ee. Poseduje moc\u0301na svojstva protiv starenja, zagla\u0111uje bore i spre\u010dava nastanak novih. Ujedna\u010dava reljef i posvetljava ne\u017eeljenu pigmentaciju, elimini\u0161e tragove post-akni, ispunjava ko\u017eu ujedna\u010denim i zdravim sjajem. Kao rezultat nano\u0161enja maske, ko\u017ea dobija elasti\u010dnost, postaje elasti\u010dna i \u010dvrsta, mekana i bar\u0161unasta. \n<br>Tkanina maske dobro prijanja uz lice i omoguc\u0301ava kremastoj esenciji da brzo prodre u duboke slojeve dermisa i maksimalno da ga zasiti vitaminima i drugim korisnim komponentama.<br>\nGlavni aktivni sastojci maske:<br>\nPeptidni kompleks dubinski neguje, bori se protiv starosnih promena, ima svojstva regeneracije i elimini\u0161e fine bore. Daje ko\u017ei sve\u017e i negovan izgled, spre\u010dava dehidraciju i gubitak vlage, \u0161titi od UV zra\u010denja.<br>\nBeta-glukan se bori protiv nesavr\u0161enosti ko\u017ee, normalizuje hidro-lipidnu barijeru epidermisa, smiruje i elimini\u0161e iritaciju, ubrzava oporavak upala.<br>\nEkstrakti od 3 vrste ru\u017ea sadr\u017ee veliku koli\u010dinu polifenola, glukozida i karotenoida, i imaju izra\u017een antioksidativni efekat. Povec\u0301avaju elasti\u010dnost ko\u017ee, imaju vitaminizirajuc\u0301i, antiinflamatorni i tonik efekat na ko\u017eu, ubrzava procese regeneracije, pobolj\u0161ava ten i ne\u017eno posvetljuje.<br>\nNiacinamid poma\u017ee da se stimuli\u0161e sinteza kolagena i da se pobolj\u0161aju za\u0161titne funkcije ko\u017ee. Poma\u017ee u smanjenju transepidermalnog gubitka vlage iz ko\u017ee i smanjenju pigmentacije. Omek\u0161ava, pobolj\u0161ava elasti\u010dnost ko\u017ee, hidrira, su\u017eava pore i umiruje. Efikasan je kada se koristi za osetljivu ko\u017eu, ima efekat zagrevanja \u0161to pobolj\u0161ava mikrocirkulaciju krvi i posvetljava.<br>\nLaktobacili posvetljavaju, hidriraju, elimini\u0161u crvenilo, reguli\u0161u proizvodnju melanina u epidermisu, ne\u017eno eksfoliraju stratum corneum i ubrzavaju procese regeneracije.<br>\nHijaluronska kiselina formira nematerijalni za\u0161titni sloj na ko\u017ei, koji spre\u010dava isparavanje vlage i daje ugodan osec\u0301aj sve\u017eine i hidratacije na licu.<br>\nVitamin C ima izra\u017een antioksidativni efekat, efikasno \u0161titi ko\u017eu od o\u0161tec\u0301enja UV zra\u010denjem, pokrec\u0301e proizvodnju sopstvenog kolagena, poma\u017ee u povec\u0301anju elasti\u010dnosti, \u010dvrstoc\u0301e i hidratacije ko\u017ee, poma\u017ee u usporavanju procesa glikacije (lepljenje kolagenskih vlakana glukozom). ), \u0161to dovodi do ranog starenja ko\u017ee, smanjuje stara\u010dke pege i post-akne, ujedna\u010dava ten i daje ko\u017ei zdrav sjaj.<br>\nAdenozin, komponenta odgovorna za negu ko\u017ee protiv starenja, usporava proces starenja ko\u017ee.<br>\nAlantoin omek\u0161ava, intenzivno hidrira ko\u017eu, poma\u017ee u su\u017eavanju pora i normalizaciji proizvodnje sebuma, ima antiinflamatorna svojstva, umiruje iritiranu ko\u017eu.<br>\nBetain aktivno hidrira, ima efekat kondicioniranja, ubla\u017eava iritaciju ko\u017ee, smanjuje destruktivni efekat surfaktanata, poma\u017ee u povec\u0301anju njihovog volumena i stabilizuje penu, poja\u010dava efekat kondicioniranja ostalih komponenti i sam je dobar regenerator, ima povr\u0161no dejstvo na ko\u017eu, pobolj\u0161avajuc\u0301i njen izgled.<br>\nKompleks biljnih ekstrakata ima toniraju\u0107e i umirujuc\u0301e dejstvo. Ima moc\u0301na antibakterijska svojstva, zasic\u0301uje ko\u017eu korisnim komponentama, omek\u0161ava je i pobolj\u0161ava ten.<br>\nPogodno za zrelu, suvu, osetljivu i ko\u017eu bez sjaja.<\/p>\n<p><strong><br>Na\u010din upotrebe:<\/strong> Nanesite masku na o\u010di\u0161c\u0301enu i toniziranu ko\u017eu, ostavite da deluje 10-20 minuta, uklonite masku i ne\u017eno utapkajte preostalu esenciju u ko\u017eu.<\/p>\n<hr \/>\n<p><em><strong><em>Sastojci:<\/em><\/strong> Purified water, methyl propane diol, glycerin, niacinamide, glycerin -26 butylene glycol, betaine, caprylic \/ capric triglycerides, propane diol, dimethicone, glyceryl stearate, iso Hexadecane, steares-21, hydroxy acetophenone, octyl dodecanol, panthenol, polymethylsilsesquioxane, hydroxyethyl urea, fiji-60 hydrogenetic castor oil, al ghan, carbomer, the Mask Rose Flower Extract, Beta-Glucan, Interleaf Thick Bark Bark Extract, Polyglutamic Acid, French Rose Flower Extract, Provencal Rose Flower Extract, Ethyl Hexyl Glycerin, Allantoin, Adenosine, Ammonium Lactate, Urea, Disodium Iodide , Fragrance glutathione, soybean extract, eucalyptus leaf extract, palmitoyl tetrapeptide-7, lye Peptide-1, Fructan, Sodium Hyaluronate Crosspolymer, Glyceryl Polymethacrylate, Propylene Glycol, Lactobacillus \/ Soy Milk Fermentation Filtrate, Lactobacillus \/ Arc Flour Fermentation Water, Hydrolyzed D&#8217;Glycosa Minoglycans, Bacillus \/ Soybean Fermented Extract, Assorted Hyaluronate, Ascorbic Acid, 1.2-hexane Diol, Benzyl Glycol, Hydrolyzed Hyaluronic Acid, Olive Tree Leaf Extract, Spanish Licorice Root Extract, Western Dandelion Leaf Extract, Palmitoyl Tripeptide-5 Rock Stone Root Extract, Raspberry Ketone, Hyaluronic Acid, Acetyl Hexapeptide-8 Copper Tripeptide-1, Palmitoyl Oligopeptide, Oligopeptide-23 , Oligopeptide-32 palmitoyl penta peptide -4<\/em><\/p>","protected":false},"excerpt":{"rendered":"<p>Toniziraju\u0107a ampulna maska. 30ml<\/p>","protected":false},"featured_media":4873,"template":"","meta":{"_acf_changed":false},"product_brand":[],"product_cat":[224,86,439,443,444,353,481,296],"product_tag":[],"class_list":{"0":"post-4890","1":"product","2":"type-product","3":"status-publish","4":"has-post-thumbnail","6":"product_cat-antiage","7":"product_cat-moisturizing","8":"product_cat-matureskin","9":"product_cat-dryskin","10":"product_cat-sensitiveskin","11":"product_cat-masks","12":"product_cat-sheetmask","13":"product_cat-medi-peel","15":"first","16":"instock","17":"shipping-taxable","18":"purchasable","19":"product-type-simple"},"acf":[],"yoast_head":"<!-- This site is optimized with the Yoast SEO Premium plugin v19.6 (Yoast SEO v20.11) - https:\/\/yoast.com\/wordpress\/plugins\/seo\/ -->\n<title>Medi-Peel Vita Toning Ampoule Mask<\/title>\n<meta name=\"robots\" content=\"index, follow, max-snippet:-1, max-image-preview:large, max-video-preview:-1\" \/>\n<link rel=\"canonical\" href=\"https:\/\/malinacosmetics.com\/sr\/\u043f\u0440\u043e\u0438\u0437\u0432\u043e\u0434\/medi-peel-vita-toning-ampoule-mask\/\" \/>\n<meta property=\"og:locale\" content=\"sr_RS\" \/>\n<meta property=\"og:type\" content=\"article\" \/>\n<meta property=\"og:title\" content=\"Medi-Peel Vita Toning Ampoule Mask\" \/>\n<meta property=\"og:description\" content=\"\u0422\u043e\u043d\u0438\u0437\u0438\u0440\u0443\u044e\u0449\u0430\u044f \u0430\u043c\u043f\u0443\u043b\u044c\u043d\u0430\u044f \u0442\u043a\u0430\u043d\u0435\u0432\u0430\u044f \u043c\u0430\u0441\u043a\u0430 \u0434\u043b\u044f \u0432\u044b\u0440\u0430\u0432\u043d\u0438\u0432\u0430\u043d\u0438\u044f \u0442\u043e\u043d\u0430 \u043a\u043e\u0436\u0438. 30ml\" \/>\n<meta property=\"og:url\" content=\"https:\/\/malinacosmetics.com\/sr\/\u043f\u0440\u043e\u0438\u0437\u0432\u043e\u0434\/medi-peel-vita-toning-ampoule-mask\/\" \/>\n<meta property=\"og:site_name\" content=\"Malina Beauty Store\" \/>\n<meta property=\"article:publisher\" content=\"https:\/\/www.facebook.com\/MalinaBeautyShopMe\/\" \/>\n<meta property=\"article:modified_time\" content=\"2025-07-10T12:16:31+00:00\" \/>\n<meta property=\"og:image\" content=\"https:\/\/malinacosmetics.com\/wp-content\/uploads\/2023\/01\/Medi-Peel-Vita-Toning-Ampoule-Mask.jpg\" \/>\n\t<meta property=\"og:image:width\" content=\"1200\" \/>\n\t<meta property=\"og:image:height\" content=\"1200\" \/>\n\t<meta property=\"og:image:type\" content=\"image\/jpeg\" \/>\n<meta name=\"twitter:card\" content=\"summary_large_image\" \/>\n<script type=\"application\/ld+json\" class=\"yoast-schema-graph\">{\"@context\":\"https:\/\/schema.org\",\"@graph\":[{\"@type\":[\"WebPage\",\"ItemPage\"],\"@id\":\"https:\/\/malinacosmetics.com\/product\/medi-peel-vita-toning-ampoule-mask\/\",\"url\":\"https:\/\/malinacosmetics.com\/product\/medi-peel-vita-toning-ampoule-mask\/\",\"name\":\"Medi-Peel Vita Toning Ampoule Mask\",\"isPartOf\":{\"@id\":\"https:\/\/malinacosmetics.com\/#website\"},\"datePublished\":\"2023-01-17T16:54:31+00:00\",\"dateModified\":\"2025-07-10T12:16:31+00:00\",\"breadcrumb\":{\"@id\":\"https:\/\/malinacosmetics.com\/product\/medi-peel-vita-toning-ampoule-mask\/#breadcrumb\"},\"inLanguage\":\"sr-RS\",\"potentialAction\":[{\"@type\":\"ReadAction\",\"target\":[\"https:\/\/malinacosmetics.com\/product\/medi-peel-vita-toning-ampoule-mask\/\"]}]},{\"@type\":\"BreadcrumbList\",\"@id\":\"https:\/\/malinacosmetics.com\/product\/medi-peel-vita-toning-ampoule-mask\/#breadcrumb\",\"itemListElement\":[{\"@type\":\"ListItem\",\"position\":1,\"name\":\"\u0413\u043b\u0430\u0432\u043d\u0430\u044f \u0441\u0442\u0440\u0430\u043d\u0438\u0446\u0430\",\"item\":\"https:\/\/malinacosmetics.com\/\"},{\"@type\":\"ListItem\",\"position\":2,\"name\":\"\u041a\u0430\u0442\u0430\u043b\u043e\u0433\",\"item\":\"https:\/\/malinacosmetics.com\/sr\/shop\/\"},{\"@type\":\"ListItem\",\"position\":3,\"name\":\"Medi-Peel Vita Toning Ampoule Mask\"}]},{\"@type\":\"WebSite\",\"@id\":\"https:\/\/malinacosmetics.com\/#website\",\"url\":\"https:\/\/malinacosmetics.com\/\",\"name\":\"Malina Beauty Store\",\"description\":\"Prodaja korejske kozmetike za Crnu Goru\",\"publisher\":{\"@id\":\"https:\/\/malinacosmetics.com\/#organization\"},\"potentialAction\":[{\"@type\":\"SearchAction\",\"target\":{\"@type\":\"EntryPoint\",\"urlTemplate\":\"https:\/\/malinacosmetics.com\/?s={search_term_string}\"},\"query-input\":\"required name=search_term_string\"}],\"inLanguage\":\"sr-RS\"},{\"@type\":\"Organization\",\"@id\":\"https:\/\/malinacosmetics.com\/#organization\",\"name\":\"malinacosmetics\",\"url\":\"https:\/\/malinacosmetics.com\/\",\"logo\":{\"@type\":\"ImageObject\",\"inLanguage\":\"sr-RS\",\"@id\":\"https:\/\/malinacosmetics.com\/#\/schema\/logo\/image\/\",\"url\":\"https:\/\/malinacosmetics.com\/wp-content\/uploads\/2021\/07\/logo.png\",\"contentUrl\":\"https:\/\/malinacosmetics.com\/wp-content\/uploads\/2021\/07\/logo.png\",\"width\":500,\"height\":353,\"caption\":\"malinacosmetics\"},\"image\":{\"@id\":\"https:\/\/malinacosmetics.com\/#\/schema\/logo\/image\/\"},\"sameAs\":[\"https:\/\/www.facebook.com\/MalinaBeautyShopMe\/\"]}]}<\/script>\n<meta property=\"product:brand\" content=\"simple\" \/>\n<meta property=\"product:price:amount\" content=\"2.50\" \/>\n<meta property=\"product:price:currency\" content=\"EUR\" \/>\n<meta property=\"og:availability\" content=\"instock\" \/>\n<meta property=\"product:availability\" content=\"instock\" \/>\n<meta property=\"product:condition\" content=\"new\" \/>\n<!-- \/ Yoast SEO Premium plugin. -->","yoast_head_json":{"title":"Medi-Peel Vita Toning Ampoule Mask","robots":{"index":"index","follow":"follow","max-snippet":"max-snippet:-1","max-image-preview":"max-image-preview:large","max-video-preview":"max-video-preview:-1"},"canonical":"https:\/\/malinacosmetics.com\/sr\/\u043f\u0440\u043e\u0438\u0437\u0432\u043e\u0434\/medi-peel-vita-toning-ampoule-mask\/","og_locale":"sr_RS","og_type":"article","og_title":"Medi-Peel Vita Toning Ampoule Mask","og_description":"\u0422\u043e\u043d\u0438\u0437\u0438\u0440\u0443\u044e\u0449\u0430\u044f \u0430\u043c\u043f\u0443\u043b\u044c\u043d\u0430\u044f \u0442\u043a\u0430\u043d\u0435\u0432\u0430\u044f \u043c\u0430\u0441\u043a\u0430 \u0434\u043b\u044f \u0432\u044b\u0440\u0430\u0432\u043d\u0438\u0432\u0430\u043d\u0438\u044f \u0442\u043e\u043d\u0430 \u043a\u043e\u0436\u0438. 30ml","og_url":"https:\/\/malinacosmetics.com\/sr\/\u043f\u0440\u043e\u0438\u0437\u0432\u043e\u0434\/medi-peel-vita-toning-ampoule-mask\/","og_site_name":"Malina Beauty Store","article_publisher":"https:\/\/www.facebook.com\/MalinaBeautyShopMe\/","article_modified_time":"2025-07-10T12:16:31+00:00","og_image":[{"width":1200,"height":1200,"url":"https:\/\/malinacosmetics.com\/wp-content\/uploads\/2023\/01\/Medi-Peel-Vita-Toning-Ampoule-Mask.jpg","type":"image\/jpeg"}],"twitter_card":"summary_large_image","schema":{"@context":"https:\/\/schema.org","@graph":[{"@type":["WebPage","ItemPage"],"@id":"https:\/\/malinacosmetics.com\/product\/medi-peel-vita-toning-ampoule-mask\/","url":"https:\/\/malinacosmetics.com\/product\/medi-peel-vita-toning-ampoule-mask\/","name":"Medi-Peel Vita Toning Ampoule Mask","isPartOf":{"@id":"https:\/\/malinacosmetics.com\/#website"},"datePublished":"2023-01-17T16:54:31+00:00","dateModified":"2025-07-10T12:16:31+00:00","breadcrumb":{"@id":"https:\/\/malinacosmetics.com\/product\/medi-peel-vita-toning-ampoule-mask\/#breadcrumb"},"inLanguage":"sr-RS","potentialAction":[{"@type":"ReadAction","target":["https:\/\/malinacosmetics.com\/product\/medi-peel-vita-toning-ampoule-mask\/"]}]},{"@type":"BreadcrumbList","@id":"https:\/\/malinacosmetics.com\/product\/medi-peel-vita-toning-ampoule-mask\/#breadcrumb","itemListElement":[{"@type":"ListItem","position":1,"name":"\u0413\u043b\u0430\u0432\u043d\u0430\u044f \u0441\u0442\u0440\u0430\u043d\u0438\u0446\u0430","item":"https:\/\/malinacosmetics.com\/"},{"@type":"ListItem","position":2,"name":"\u041a\u0430\u0442\u0430\u043b\u043e\u0433","item":"https:\/\/malinacosmetics.com\/sr\/shop\/"},{"@type":"ListItem","position":3,"name":"Medi-Peel Vita Toning Ampoule Mask"}]},{"@type":"WebSite","@id":"https:\/\/malinacosmetics.com\/#website","url":"https:\/\/malinacosmetics.com\/","name":"Malina Beauty Store","description":"Prodaja korejske kozmetike za Crnu Goru","publisher":{"@id":"https:\/\/malinacosmetics.com\/#organization"},"potentialAction":[{"@type":"SearchAction","target":{"@type":"EntryPoint","urlTemplate":"https:\/\/malinacosmetics.com\/?s={search_term_string}"},"query-input":"required name=search_term_string"}],"inLanguage":"sr-RS"},{"@type":"Organization","@id":"https:\/\/malinacosmetics.com\/#organization","name":"malinacosmetics","url":"https:\/\/malinacosmetics.com\/","logo":{"@type":"ImageObject","inLanguage":"sr-RS","@id":"https:\/\/malinacosmetics.com\/#\/schema\/logo\/image\/","url":"https:\/\/malinacosmetics.com\/wp-content\/uploads\/2021\/07\/logo.png","contentUrl":"https:\/\/malinacosmetics.com\/wp-content\/uploads\/2021\/07\/logo.png","width":500,"height":353,"caption":"malinacosmetics"},"image":{"@id":"https:\/\/malinacosmetics.com\/#\/schema\/logo\/image\/"},"sameAs":["https:\/\/www.facebook.com\/MalinaBeautyShopMe\/"]}]},"product_brand":"simple","product_price_amount":"2.50","product_price_currency":"EUR","og_availability":"instock","product_availability":"instock","product_condition":"new"},"jetpack_sharing_enabled":true,"_links":{"self":[{"href":"https:\/\/malinacosmetics.com\/sr\/wp-json\/wp\/v2\/product\/4890","targetHints":{"allow":["GET"]}}],"collection":[{"href":"https:\/\/malinacosmetics.com\/sr\/wp-json\/wp\/v2\/product"}],"about":[{"href":"https:\/\/malinacosmetics.com\/sr\/wp-json\/wp\/v2\/types\/product"}],"wp:featuredmedia":[{"embeddable":true,"href":"https:\/\/malinacosmetics.com\/sr\/wp-json\/wp\/v2\/media\/4873"}],"wp:attachment":[{"href":"https:\/\/malinacosmetics.com\/sr\/wp-json\/wp\/v2\/media?parent=4890"}],"wp:term":[{"taxonomy":"product_brand","embeddable":true,"href":"https:\/\/malinacosmetics.com\/sr\/wp-json\/wp\/v2\/product_brand?post=4890"},{"taxonomy":"product_cat","embeddable":true,"href":"https:\/\/malinacosmetics.com\/sr\/wp-json\/wp\/v2\/product_cat?post=4890"},{"taxonomy":"product_tag","embeddable":true,"href":"https:\/\/malinacosmetics.com\/sr\/wp-json\/wp\/v2\/product_tag?post=4890"}],"curies":[{"name":"wp","href":"https:\/\/api.w.org\/{rel}","templated":true}]}}