{"id":4887,"date":"2023-01-17T19:37:46","date_gmt":"2023-01-17T16:37:46","guid":{"rendered":"https:\/\/malinacosmetics.com\/?post_type=product&#038;p=4887"},"modified":"2026-01-18T21:10:04","modified_gmt":"2026-01-18T20:10:04","slug":"medi-peel-red-lacto-collagen-eye-patch2","status":"publish","type":"product","link":"https:\/\/malinacosmetics.com\/sr\/\u043f\u0440\u043e\u0438\u0437\u0432\u043e\u0434\/medi-peel-red-lacto-collagen-eye-patch2\/","title":{"rendered":"Medi-Peel Red Lacto Collagen Eye Patch"},"content":{"rendered":"<p class=\"translation-block\">Kolagenski mezo flasteri za o\u010di Medi-Peel Red Lacto Collagen Eye Patch su proizvod dvostruke namene za posvetljavanje ko\u017ee i smanjenje bora. \nIdealne su za one koji imaju suvu ko\u017eu oko o\u010diju, izra\u017eene bore i tamne krugove ispod o\u010diju. Flasteri zagla\u0111uju bore oko o\u010diju, posvetljavaju ko\u017eu u ovoj oblasti, povec\u0301avaju njenu elasti\u010dnost i dobro hidriraju.<br>\nEsencija sadr\u017ei 9,3% francuskog kolagena (350 daltona male molekularne te\u017eine i 4000 daltona visoke molekularne te\u017eine) \u010dinec\u0301i spolja\u0161nji sloj ko\u017ee elasti\u010dnim, a unutra\u0161nji sloj \u010dvr\u0161\u0107im, \u010dime se obezbe\u0111uje ukupna elasti\u010dnost ko\u017ee. Re\u010d je o hidrogel flasterima u kojima su se aktivni sastojci kolagenske esencije pretvorili u gel, a kako flasteri postaju tanji, ko\u017ea postaje \u010dvr\u0161c\u0301a, a aktivni sastojci kolagenske esencije se upijaju u ko\u017eu bez isparavanja.<br>\nPatentirani kompleks aminokiselina sadr\u017ei ekstrakt vezikula fukusa i ekstrakt obi\u010dne suve \u0161ljive, koji u kombinaciji sa kolagenom daju maksimalan efekat, daju ko\u017ei elasti\u010dnost i volumen.<br>\nFermentisani laktobacili hrane ko\u017eu, a sedam vrsta hijaluronske kiseline hidriraju je, ostavljajuc\u0301i osec\u0301aj nahranjenosti i hidratacije iste, polako se apsorbuje sloj po sloj.<br>\nZbog svoje sposobnosti lepljenja, vla\u017eni i elasti\u010dni flasteri dobro prijanjaju na neravnine, ne cepaju se i ne klizaju, omoguc\u0301avajuc\u0301i aktivnim sastojcima kolagenske esencije da se dobro apsorbuje u ko\u017eu, tako da se mogu koristiti kao alternativa kremi za o\u010di.<\/p>\n<p class=\"translation-block\"><strong>Na\u010din upotrebe:<\/strong> Nanesite flastere na \u017eeljeno podru\u010dje na prethodno o\u010di\u0161c\u0301enu i hidriranu ko\u017eu. Posle 20-30 minuta uklonite flastere i utapkajte preostalu esenciju mekim pokretima.<\/p>\n<hr \/>\n<p><em><strong><em>Sastojci:<\/em><\/strong> Water, Glycerin, Collagen Extract(93,000 ppm), Niacinamide, Carrageenan, Butylene Glycol, Ethyl Hexanediol, Ceratonia Siliqua (Carob) Gum, Cyamopsis Tetragonoloba (Guar) Gum, Pentylene Glycol, Pinus Sylvestris Leaf Extract, Calcium Chloride, Allantoin, Sucrose, Cellulose Gum, 1,2-Hexanediol, Potassium Chloride, Propanediol, Polyglyceryl-10 Laurate, Ricinus Communis (Castor) Seed Oil, Lactobacillus Ferment(902.1 ppm), Illicium Verum (Anise) Fruit Extract, Titanium Dioxide, Calcium Lactate, Adenosine, Hexylene Glycol, Arginine, Ethylhexylglycerin, Synthetic Fluorphlogopite, Disodium EDTA, Hydroxyacetophenone, Polymethylsilsesquioxane, Pyrus Communis (Pear) Fruit Extract, Hedera Helix (Ivy) Leaf\/Stem Extract, Silica, Polyglyceryl-10 Oleate, Pyrus Malus (Apple) Fruit Extract, Fragaria Chiloensis (Strawberry) Fruit Extract, Caprylic\/Capric Triglyceride, Butyrospermum Parkii (Shea) Butter, Sodium Hyaluronate, Hydroxypropyltrimonium Hyaluronate, Hydrolyzed Collagen(0.93 ppm), Fucus Vesiculosus Extract, Prunella Vulgaris Extract, Glycine, Glutamic Acid, Pinus Palustris Leaf Extract, Ulmus Davidiana Root Extract, Oenothera Biennis (Evening Primrose) Flower Extract, Pueraria Lobata Root Extract, Sodium Acetylated Hyaluronate, Hydrolyzed Hyaluronic Acid, Aspartic Acid, Sodium Hyaluronate Crosspolymer, Hyaluronic Acid, Lysine, Histidine, Threonine, Serine, Proline, Alanine, Valine, Methionine, Isoleucine, Leucine, Tyrosine, Phenylalanine, Cysteine, Potassium Hyaluronate<\/em><\/p>","protected":false},"excerpt":{"rendered":"<p>Zagla\u0111ujuc\u0301i kolagen mezo flasteri za o\u010di. 60 kom.<\/p>","protected":false},"featured_media":4871,"template":"","meta":{"_acf_changed":false},"product_brand":[],"product_cat":[462,224,349,86,296,213,97],"product_tag":[407],"class_list":{"0":"post-4887","1":"product","2":"type-product","3":"status-publish","4":"has-post-thumbnail","6":"product_cat-dryness","7":"product_cat-antiage","8":"product_cat-brightening","9":"product_cat-moisturizing","10":"product_cat-medi-peel","11":"product_cat-eyecare","12":"product_cat-eyepatch","13":"product_tag-red-lacto-collagen","15":"first","16":"instock","17":"shipping-taxable","18":"purchasable","19":"product-type-simple"},"acf":[],"yoast_head":"<!-- This site is optimized with the Yoast SEO Premium plugin v19.6 (Yoast SEO v20.11) - https:\/\/yoast.com\/wordpress\/plugins\/seo\/ -->\n<title>Medi-Peel Red Lacto Collagen Eye Patch<\/title>\n<meta name=\"robots\" content=\"index, follow, max-snippet:-1, max-image-preview:large, max-video-preview:-1\" \/>\n<link rel=\"canonical\" href=\"https:\/\/malinacosmetics.com\/sr\/\u043f\u0440\u043e\u0438\u0437\u0432\u043e\u0434\/medi-peel-red-lacto-collagen-eye-patch2\/\" \/>\n<meta property=\"og:locale\" content=\"sr_RS\" \/>\n<meta property=\"og:type\" content=\"article\" \/>\n<meta property=\"og:title\" content=\"Medi-Peel Red Lacto Collagen Eye Patch\" \/>\n<meta property=\"og:description\" content=\"\u0420\u0430\u0437\u0433\u043b\u0430\u0436\u0438\u0432\u0430\u044e\u0449\u0438\u0435 \u043a\u043e\u043b\u043b\u0430\u0433\u0435\u043d\u043e\u0432\u044b\u0435 \u043c\u0435\u0437\u043e-\u043f\u0430\u0442\u0447\u0438 \u0434\u043b\u044f \u0433\u043b\u0430\u0437. 60 \u0448\u0442.\" \/>\n<meta property=\"og:url\" content=\"https:\/\/malinacosmetics.com\/sr\/\u043f\u0440\u043e\u0438\u0437\u0432\u043e\u0434\/medi-peel-red-lacto-collagen-eye-patch2\/\" \/>\n<meta property=\"og:site_name\" content=\"Malina Beauty Store\" \/>\n<meta property=\"article:publisher\" content=\"https:\/\/www.facebook.com\/MalinaBeautyShopMe\/\" \/>\n<meta property=\"article:modified_time\" content=\"2026-01-18T20:10:04+00:00\" \/>\n<meta property=\"og:image\" content=\"https:\/\/malinacosmetics.com\/wp-content\/uploads\/2023\/01\/Medi-Peel-Red-Lacto-Collagen-Eye-Patch.jpg\" \/>\n\t<meta property=\"og:image:width\" content=\"1200\" \/>\n\t<meta property=\"og:image:height\" content=\"1200\" \/>\n\t<meta property=\"og:image:type\" content=\"image\/jpeg\" \/>\n<meta name=\"twitter:card\" content=\"summary_large_image\" \/>\n<script type=\"application\/ld+json\" class=\"yoast-schema-graph\">{\"@context\":\"https:\/\/schema.org\",\"@graph\":[{\"@type\":[\"WebPage\",\"ItemPage\"],\"@id\":\"https:\/\/malinacosmetics.com\/product\/medi-peel-red-lacto-collagen-eye-patch2\/\",\"url\":\"https:\/\/malinacosmetics.com\/product\/medi-peel-red-lacto-collagen-eye-patch2\/\",\"name\":\"Medi-Peel Red Lacto Collagen Eye Patch\",\"isPartOf\":{\"@id\":\"https:\/\/malinacosmetics.com\/#website\"},\"datePublished\":\"2023-01-17T16:37:46+00:00\",\"dateModified\":\"2026-01-18T20:10:04+00:00\",\"breadcrumb\":{\"@id\":\"https:\/\/malinacosmetics.com\/product\/medi-peel-red-lacto-collagen-eye-patch2\/#breadcrumb\"},\"inLanguage\":\"sr-RS\",\"potentialAction\":[{\"@type\":\"ReadAction\",\"target\":[\"https:\/\/malinacosmetics.com\/product\/medi-peel-red-lacto-collagen-eye-patch2\/\"]}]},{\"@type\":\"BreadcrumbList\",\"@id\":\"https:\/\/malinacosmetics.com\/product\/medi-peel-red-lacto-collagen-eye-patch2\/#breadcrumb\",\"itemListElement\":[{\"@type\":\"ListItem\",\"position\":1,\"name\":\"\u0413\u043b\u0430\u0432\u043d\u0430\u044f \u0441\u0442\u0440\u0430\u043d\u0438\u0446\u0430\",\"item\":\"https:\/\/malinacosmetics.com\/\"},{\"@type\":\"ListItem\",\"position\":2,\"name\":\"\u041a\u0430\u0442\u0430\u043b\u043e\u0433\",\"item\":\"https:\/\/malinacosmetics.com\/sr\/shop\/\"},{\"@type\":\"ListItem\",\"position\":3,\"name\":\"Medi-Peel Red Lacto Collagen Eye Patch\"}]},{\"@type\":\"WebSite\",\"@id\":\"https:\/\/malinacosmetics.com\/#website\",\"url\":\"https:\/\/malinacosmetics.com\/\",\"name\":\"Malina Beauty Store\",\"description\":\"Prodaja korejske kozmetike za Crnu Goru\",\"publisher\":{\"@id\":\"https:\/\/malinacosmetics.com\/#organization\"},\"potentialAction\":[{\"@type\":\"SearchAction\",\"target\":{\"@type\":\"EntryPoint\",\"urlTemplate\":\"https:\/\/malinacosmetics.com\/?s={search_term_string}\"},\"query-input\":\"required name=search_term_string\"}],\"inLanguage\":\"sr-RS\"},{\"@type\":\"Organization\",\"@id\":\"https:\/\/malinacosmetics.com\/#organization\",\"name\":\"malinacosmetics\",\"url\":\"https:\/\/malinacosmetics.com\/\",\"logo\":{\"@type\":\"ImageObject\",\"inLanguage\":\"sr-RS\",\"@id\":\"https:\/\/malinacosmetics.com\/#\/schema\/logo\/image\/\",\"url\":\"https:\/\/malinacosmetics.com\/wp-content\/uploads\/2021\/07\/logo.png\",\"contentUrl\":\"https:\/\/malinacosmetics.com\/wp-content\/uploads\/2021\/07\/logo.png\",\"width\":500,\"height\":353,\"caption\":\"malinacosmetics\"},\"image\":{\"@id\":\"https:\/\/malinacosmetics.com\/#\/schema\/logo\/image\/\"},\"sameAs\":[\"https:\/\/www.facebook.com\/MalinaBeautyShopMe\/\"]}]}<\/script>\n<meta property=\"product:brand\" content=\"simple\" \/>\n<meta property=\"product:price:amount\" content=\"25.00\" \/>\n<meta property=\"product:price:currency\" content=\"EUR\" \/>\n<meta property=\"og:availability\" content=\"instock\" \/>\n<meta property=\"product:availability\" content=\"instock\" \/>\n<meta property=\"product:condition\" content=\"new\" \/>\n<!-- \/ Yoast SEO Premium plugin. -->","yoast_head_json":{"title":"Medi-Peel Red Lacto Collagen Eye Patch","robots":{"index":"index","follow":"follow","max-snippet":"max-snippet:-1","max-image-preview":"max-image-preview:large","max-video-preview":"max-video-preview:-1"},"canonical":"https:\/\/malinacosmetics.com\/sr\/\u043f\u0440\u043e\u0438\u0437\u0432\u043e\u0434\/medi-peel-red-lacto-collagen-eye-patch2\/","og_locale":"sr_RS","og_type":"article","og_title":"Medi-Peel Red Lacto Collagen Eye Patch","og_description":"\u0420\u0430\u0437\u0433\u043b\u0430\u0436\u0438\u0432\u0430\u044e\u0449\u0438\u0435 \u043a\u043e\u043b\u043b\u0430\u0433\u0435\u043d\u043e\u0432\u044b\u0435 \u043c\u0435\u0437\u043e-\u043f\u0430\u0442\u0447\u0438 \u0434\u043b\u044f \u0433\u043b\u0430\u0437. 60 \u0448\u0442.","og_url":"https:\/\/malinacosmetics.com\/sr\/\u043f\u0440\u043e\u0438\u0437\u0432\u043e\u0434\/medi-peel-red-lacto-collagen-eye-patch2\/","og_site_name":"Malina Beauty Store","article_publisher":"https:\/\/www.facebook.com\/MalinaBeautyShopMe\/","article_modified_time":"2026-01-18T20:10:04+00:00","og_image":[{"width":1200,"height":1200,"url":"https:\/\/malinacosmetics.com\/wp-content\/uploads\/2023\/01\/Medi-Peel-Red-Lacto-Collagen-Eye-Patch.jpg","type":"image\/jpeg"}],"twitter_card":"summary_large_image","schema":{"@context":"https:\/\/schema.org","@graph":[{"@type":["WebPage","ItemPage"],"@id":"https:\/\/malinacosmetics.com\/product\/medi-peel-red-lacto-collagen-eye-patch2\/","url":"https:\/\/malinacosmetics.com\/product\/medi-peel-red-lacto-collagen-eye-patch2\/","name":"Medi-Peel Red Lacto Collagen Eye Patch","isPartOf":{"@id":"https:\/\/malinacosmetics.com\/#website"},"datePublished":"2023-01-17T16:37:46+00:00","dateModified":"2026-01-18T20:10:04+00:00","breadcrumb":{"@id":"https:\/\/malinacosmetics.com\/product\/medi-peel-red-lacto-collagen-eye-patch2\/#breadcrumb"},"inLanguage":"sr-RS","potentialAction":[{"@type":"ReadAction","target":["https:\/\/malinacosmetics.com\/product\/medi-peel-red-lacto-collagen-eye-patch2\/"]}]},{"@type":"BreadcrumbList","@id":"https:\/\/malinacosmetics.com\/product\/medi-peel-red-lacto-collagen-eye-patch2\/#breadcrumb","itemListElement":[{"@type":"ListItem","position":1,"name":"\u0413\u043b\u0430\u0432\u043d\u0430\u044f \u0441\u0442\u0440\u0430\u043d\u0438\u0446\u0430","item":"https:\/\/malinacosmetics.com\/"},{"@type":"ListItem","position":2,"name":"\u041a\u0430\u0442\u0430\u043b\u043e\u0433","item":"https:\/\/malinacosmetics.com\/sr\/shop\/"},{"@type":"ListItem","position":3,"name":"Medi-Peel Red Lacto Collagen Eye Patch"}]},{"@type":"WebSite","@id":"https:\/\/malinacosmetics.com\/#website","url":"https:\/\/malinacosmetics.com\/","name":"Malina Beauty Store","description":"Prodaja korejske kozmetike za Crnu Goru","publisher":{"@id":"https:\/\/malinacosmetics.com\/#organization"},"potentialAction":[{"@type":"SearchAction","target":{"@type":"EntryPoint","urlTemplate":"https:\/\/malinacosmetics.com\/?s={search_term_string}"},"query-input":"required name=search_term_string"}],"inLanguage":"sr-RS"},{"@type":"Organization","@id":"https:\/\/malinacosmetics.com\/#organization","name":"malinacosmetics","url":"https:\/\/malinacosmetics.com\/","logo":{"@type":"ImageObject","inLanguage":"sr-RS","@id":"https:\/\/malinacosmetics.com\/#\/schema\/logo\/image\/","url":"https:\/\/malinacosmetics.com\/wp-content\/uploads\/2021\/07\/logo.png","contentUrl":"https:\/\/malinacosmetics.com\/wp-content\/uploads\/2021\/07\/logo.png","width":500,"height":353,"caption":"malinacosmetics"},"image":{"@id":"https:\/\/malinacosmetics.com\/#\/schema\/logo\/image\/"},"sameAs":["https:\/\/www.facebook.com\/MalinaBeautyShopMe\/"]}]},"product_brand":"simple","product_price_amount":"25.00","product_price_currency":"EUR","og_availability":"instock","product_availability":"instock","product_condition":"new"},"jetpack_sharing_enabled":true,"_links":{"self":[{"href":"https:\/\/malinacosmetics.com\/sr\/wp-json\/wp\/v2\/product\/4887","targetHints":{"allow":["GET"]}}],"collection":[{"href":"https:\/\/malinacosmetics.com\/sr\/wp-json\/wp\/v2\/product"}],"about":[{"href":"https:\/\/malinacosmetics.com\/sr\/wp-json\/wp\/v2\/types\/product"}],"wp:featuredmedia":[{"embeddable":true,"href":"https:\/\/malinacosmetics.com\/sr\/wp-json\/wp\/v2\/media\/4871"}],"wp:attachment":[{"href":"https:\/\/malinacosmetics.com\/sr\/wp-json\/wp\/v2\/media?parent=4887"}],"wp:term":[{"taxonomy":"product_brand","embeddable":true,"href":"https:\/\/malinacosmetics.com\/sr\/wp-json\/wp\/v2\/product_brand?post=4887"},{"taxonomy":"product_cat","embeddable":true,"href":"https:\/\/malinacosmetics.com\/sr\/wp-json\/wp\/v2\/product_cat?post=4887"},{"taxonomy":"product_tag","embeddable":true,"href":"https:\/\/malinacosmetics.com\/sr\/wp-json\/wp\/v2\/product_tag?post=4887"}],"curies":[{"name":"wp","href":"https:\/\/api.w.org\/{rel}","templated":true}]}}