{"id":4829,"date":"2022-12-06T19:03:04","date_gmt":"2022-12-06T16:03:04","guid":{"rendered":"https:\/\/malinacosmetics.com\/?post_type=product&#038;p=4829"},"modified":"2024-12-03T16:11:14","modified_gmt":"2024-12-03T15:11:14","slug":"lador-keratin-power-glue150g","status":"publish","type":"product","link":"https:\/\/malinacosmetics.com\/sr\/\u043f\u0440\u043e\u0438\u0437\u0432\u043e\u0434\/lador-keratin-power-glue150g\/","title":{"rendered":"LADOR Keratin Power Glue 150g"},"content":{"rendered":"<p class=\"translation-block\">Ekspres-sredstvo za spajanje ispucalih krajeva kose bez ispiranja: obnavlja ispucale vlasi, zaptivaju\u0107i ih na krajevima. Sadr\u017ei 80% hidrolizovanog (tj. lako apsorbovanog) kolagena, kao i hidrolizovani keratin, ulje moringe i pu\u017eev mucin.<br>\n\nGlavni aktivni sastojci:<br>\n\nKolagen pokriva vlas i \u0161titi je od isu\u0161ivanja.<br>\n\nKeratin, osnovna komponenta kose, prirodno prepoznaje o\u0161te\u0107ene delove dlake i popunjava ih, pru\u017eaju\u0107i kosi prelep sjaj.<br>\n\nUlje moringe, koje se zbog svojih regenerativnih svojstava koristilo u drevnim ajurvedskim tretmanima, sadr\u017ei visok nivo oleinske kiseline, antioksidanse i vitamine koji poma\u017eu u obnovi ispucalih krajeva i neguju kosu.<br>\n\nPu\u017eev mucin je jedinstveni prirodni regenerativni sastojak. Sadr\u017ei slo\u017eenu me\u0161avinu enzima, glikoproteina, hijaluronske kiseline, bakarnih peptida, antimikrobnih peptida i mikroelemenata (uklju\u010duju\u0107i bakar, cink i gvo\u017e\u0111e). Pu\u017eev mucin u ovom ekspres-ure\u0111aju hidrira kosu, \u0161titi je od gubitka vlage i obnavlja o\u0161te\u0107ene delove.<br>\n\nSredstvo deluje na kosu kao privremeni lepak, spajaju\u0107i krajeve pod dejstvom toplote tokom feniranja ili peglanja. Njegova glavna prednost u pore\u0111enju sa drugim proizvodima je lako\u0107a, zbog \u010dega kosa ne postaje te\u0161ka i ne slepljuje se \u010dak ni uz malo izda\u0161nije nano\u0161enje od par kapi.<\/p>\n<p><strong><br>Na\u010din upotrebe:<\/strong> Nakon svakog pranja naneti malu koli\u010dinu proizvoda na kosu prosu\u0161enu pe\u0161kirom. Pa\u017eljivo ra\u0161\u010de\u0161ljati \u010de\u0161ljem sa retkim zupcima. Ne ispirati!<\/p>\n<hr \/>\n<div>\n<p><em><b><em>Sastojci:<\/em> <\/b>water, cyclopentasiloxane, dimethicone, propylene glycol, cetearyl alcohol, glycerin, dimethiconol, glyceryl stearate, hydroxyethyl urea, cetrimonium chloride hydrolyzed keratin, moringa oleifera seed oil, tocopherol, hydrolyzed, collagen, snail secretion filtrate, hydroxyacetophenone, hydroxyethylcellulose, fragrance.<\/em><\/p>\n<p><em><b><\/b><br \/>\n<\/em><\/p>\n<p>&nbsp;<\/p>\n<\/div>","protected":false},"excerpt":{"rendered":"<p>Ekspres-sredstvo za lepljenje ispucalih krajeva kose sa keratinom. 15g <span data-sheets-value=\"{&quot;1&quot;:2,&quot;2&quot;:&quot;4x15g&quot;}\" data-sheets-userformat=\"{&quot;2&quot;:15103,&quot;3&quot;:{&quot;1&quot;:0},&quot;4&quot;:{&quot;1&quot;:3,&quot;3&quot;:2},&quot;5&quot;:{&quot;1&quot;:[{&quot;1&quot;:2,&quot;2&quot;:0,&quot;5&quot;:{&quot;1&quot;:2,&quot;2&quot;:0}},{&quot;1&quot;:0,&quot;2&quot;:0,&quot;3&quot;:3},{&quot;1&quot;:1,&quot;2&quot;:0,&quot;4&quot;:1}]},&quot;6&quot;:{&quot;1&quot;:[{&quot;1&quot;:2,&quot;2&quot;:0,&quot;5&quot;:{&quot;1&quot;:2,&quot;2&quot;:0}},{&quot;1&quot;:0,&quot;2&quot;:0,&quot;3&quot;:3},{&quot;1&quot;:1,&quot;2&quot;:0,&quot;4&quot;:1}]},&quot;7&quot;:{&quot;1&quot;:[{&quot;1&quot;:2,&quot;2&quot;:0,&quot;5&quot;:{&quot;1&quot;:2,&quot;2&quot;:0}},{&quot;1&quot;:0,&quot;2&quot;:0,&quot;3&quot;:3},{&quot;1&quot;:1,&quot;2&quot;:0,&quot;4&quot;:1}]},&quot;8&quot;:{&quot;1&quot;:[{&quot;1&quot;:2,&quot;2&quot;:0,&quot;5&quot;:{&quot;1&quot;:2,&quot;2&quot;:0}},{&quot;1&quot;:0,&quot;2&quot;:0,&quot;3&quot;:3},{&quot;1&quot;:1,&quot;2&quot;:0,&quot;4&quot;:1}]},&quot;9&quot;:1,&quot;10&quot;:1,&quot;12&quot;:0,&quot;14&quot;:{&quot;1&quot;:3,&quot;3&quot;:1},&quot;15&quot;:&quot;Calibri&quot;,&quot;16&quot;:9}\">150g<\/span><\/p>","protected":false},"featured_media":4830,"template":"","meta":{"_acf_changed":false},"product_brand":[],"product_cat":[418,171,623,614,606,618],"product_tag":[431],"class_list":{"0":"post-4829","1":"product","2":"type-product","3":"status-publish","4":"has-post-thumbnail","6":"product_cat-lador","7":"product_cat-haircare","8":"product_cat-hair-restoration","9":"product_cat-hairprotection","10":"product_cat-damagedhair","11":"product_cat-hair-repair","12":"product_tag-lador-keratin","14":"first","15":"instock","16":"shipping-taxable","17":"purchasable","18":"product-type-simple"},"acf":[],"yoast_head":"<!-- This site is optimized with the Yoast SEO Premium plugin v19.6 (Yoast SEO v20.11) - https:\/\/yoast.com\/wordpress\/plugins\/seo\/ -->\n<title>LADOR Keratin Power Glue 150g - Malina Beauty Store<\/title>\n<meta name=\"robots\" content=\"index, follow, max-snippet:-1, max-image-preview:large, max-video-preview:-1\" \/>\n<link rel=\"canonical\" href=\"https:\/\/malinacosmetics.com\/sr\/\u043f\u0440\u043e\u0438\u0437\u0432\u043e\u0434\/lador-keratin-power-glue150g\/\" \/>\n<meta property=\"og:locale\" content=\"sr_RS\" \/>\n<meta property=\"og:type\" content=\"article\" \/>\n<meta property=\"og:title\" content=\"LADOR Keratin Power Glue 150g\" \/>\n<meta property=\"og:description\" content=\"\u0421\u044b\u0432\u043e\u0440\u043e\u0442\u043a\u0430-\u043a\u043b\u0435\u0439 \u0434\u043b\u044f \u0441\u0435\u043a\u0443\u0449\u0438\u0445\u0441\u044f \u043a\u043e\u043d\u0447\u0438\u043a\u043e\u0432. 150g\" \/>\n<meta property=\"og:url\" content=\"https:\/\/malinacosmetics.com\/sr\/\u043f\u0440\u043e\u0438\u0437\u0432\u043e\u0434\/lador-keratin-power-glue150g\/\" \/>\n<meta property=\"og:site_name\" content=\"Malina Beauty Store\" \/>\n<meta property=\"article:publisher\" content=\"https:\/\/www.facebook.com\/MalinaBeautyShopMe\/\" \/>\n<meta property=\"article:modified_time\" content=\"2024-12-03T15:11:14+00:00\" \/>\n<meta property=\"og:image\" content=\"https:\/\/malinacosmetics.com\/wp-content\/uploads\/2022\/12\/lador-keratin-power-glue-150g.jpg\" \/>\n\t<meta property=\"og:image:width\" content=\"1200\" \/>\n\t<meta property=\"og:image:height\" content=\"1200\" \/>\n\t<meta property=\"og:image:type\" content=\"image\/jpeg\" \/>\n<meta name=\"twitter:card\" content=\"summary_large_image\" \/>\n<script type=\"application\/ld+json\" class=\"yoast-schema-graph\">{\"@context\":\"https:\/\/schema.org\",\"@graph\":[{\"@type\":[\"WebPage\",\"ItemPage\"],\"@id\":\"https:\/\/malinacosmetics.com\/product\/lador-keratin-power-glue150g\/\",\"url\":\"https:\/\/malinacosmetics.com\/product\/lador-keratin-power-glue150g\/\",\"name\":\"LADOR Keratin Power Glue 150g - Malina Beauty Store\",\"isPartOf\":{\"@id\":\"https:\/\/malinacosmetics.com\/#website\"},\"datePublished\":\"2022-12-06T16:03:04+00:00\",\"dateModified\":\"2024-12-03T15:11:14+00:00\",\"breadcrumb\":{\"@id\":\"https:\/\/malinacosmetics.com\/product\/lador-keratin-power-glue150g\/#breadcrumb\"},\"inLanguage\":\"sr-RS\",\"potentialAction\":[{\"@type\":\"ReadAction\",\"target\":[\"https:\/\/malinacosmetics.com\/product\/lador-keratin-power-glue150g\/\"]}]},{\"@type\":\"BreadcrumbList\",\"@id\":\"https:\/\/malinacosmetics.com\/product\/lador-keratin-power-glue150g\/#breadcrumb\",\"itemListElement\":[{\"@type\":\"ListItem\",\"position\":1,\"name\":\"\u0413\u043b\u0430\u0432\u043d\u0430\u044f \u0441\u0442\u0440\u0430\u043d\u0438\u0446\u0430\",\"item\":\"https:\/\/malinacosmetics.com\/\"},{\"@type\":\"ListItem\",\"position\":2,\"name\":\"\u041a\u0430\u0442\u0430\u043b\u043e\u0433\",\"item\":\"https:\/\/malinacosmetics.com\/sr\/shop\/\"},{\"@type\":\"ListItem\",\"position\":3,\"name\":\"LADOR Keratin Power Glue 150g\"}]},{\"@type\":\"WebSite\",\"@id\":\"https:\/\/malinacosmetics.com\/#website\",\"url\":\"https:\/\/malinacosmetics.com\/\",\"name\":\"Malina Beauty Store\",\"description\":\"Prodaja korejske kozmetike za Crnu Goru\",\"publisher\":{\"@id\":\"https:\/\/malinacosmetics.com\/#organization\"},\"potentialAction\":[{\"@type\":\"SearchAction\",\"target\":{\"@type\":\"EntryPoint\",\"urlTemplate\":\"https:\/\/malinacosmetics.com\/?s={search_term_string}\"},\"query-input\":\"required name=search_term_string\"}],\"inLanguage\":\"sr-RS\"},{\"@type\":\"Organization\",\"@id\":\"https:\/\/malinacosmetics.com\/#organization\",\"name\":\"malinacosmetics\",\"url\":\"https:\/\/malinacosmetics.com\/\",\"logo\":{\"@type\":\"ImageObject\",\"inLanguage\":\"sr-RS\",\"@id\":\"https:\/\/malinacosmetics.com\/#\/schema\/logo\/image\/\",\"url\":\"https:\/\/malinacosmetics.com\/wp-content\/uploads\/2021\/07\/logo.png\",\"contentUrl\":\"https:\/\/malinacosmetics.com\/wp-content\/uploads\/2021\/07\/logo.png\",\"width\":500,\"height\":353,\"caption\":\"malinacosmetics\"},\"image\":{\"@id\":\"https:\/\/malinacosmetics.com\/#\/schema\/logo\/image\/\"},\"sameAs\":[\"https:\/\/www.facebook.com\/MalinaBeautyShopMe\/\"]}]}<\/script>\n<meta property=\"product:brand\" content=\"simple\" \/>\n<meta property=\"product:price:amount\" content=\"20.00\" \/>\n<meta property=\"product:price:currency\" content=\"EUR\" \/>\n<meta property=\"og:availability\" content=\"instock\" \/>\n<meta property=\"product:availability\" content=\"instock\" \/>\n<meta property=\"product:condition\" content=\"new\" \/>\n<!-- \/ Yoast SEO Premium plugin. -->","yoast_head_json":{"title":"LADOR Keratin Power Glue 150g - Malina Beauty Store","robots":{"index":"index","follow":"follow","max-snippet":"max-snippet:-1","max-image-preview":"max-image-preview:large","max-video-preview":"max-video-preview:-1"},"canonical":"https:\/\/malinacosmetics.com\/sr\/\u043f\u0440\u043e\u0438\u0437\u0432\u043e\u0434\/lador-keratin-power-glue150g\/","og_locale":"sr_RS","og_type":"article","og_title":"LADOR Keratin Power Glue 150g","og_description":"\u0421\u044b\u0432\u043e\u0440\u043e\u0442\u043a\u0430-\u043a\u043b\u0435\u0439 \u0434\u043b\u044f \u0441\u0435\u043a\u0443\u0449\u0438\u0445\u0441\u044f \u043a\u043e\u043d\u0447\u0438\u043a\u043e\u0432. 150g","og_url":"https:\/\/malinacosmetics.com\/sr\/\u043f\u0440\u043e\u0438\u0437\u0432\u043e\u0434\/lador-keratin-power-glue150g\/","og_site_name":"Malina Beauty Store","article_publisher":"https:\/\/www.facebook.com\/MalinaBeautyShopMe\/","article_modified_time":"2024-12-03T15:11:14+00:00","og_image":[{"width":1200,"height":1200,"url":"https:\/\/malinacosmetics.com\/wp-content\/uploads\/2022\/12\/lador-keratin-power-glue-150g.jpg","type":"image\/jpeg"}],"twitter_card":"summary_large_image","schema":{"@context":"https:\/\/schema.org","@graph":[{"@type":["WebPage","ItemPage"],"@id":"https:\/\/malinacosmetics.com\/product\/lador-keratin-power-glue150g\/","url":"https:\/\/malinacosmetics.com\/product\/lador-keratin-power-glue150g\/","name":"LADOR Keratin Power Glue 150g - Malina Beauty Store","isPartOf":{"@id":"https:\/\/malinacosmetics.com\/#website"},"datePublished":"2022-12-06T16:03:04+00:00","dateModified":"2024-12-03T15:11:14+00:00","breadcrumb":{"@id":"https:\/\/malinacosmetics.com\/product\/lador-keratin-power-glue150g\/#breadcrumb"},"inLanguage":"sr-RS","potentialAction":[{"@type":"ReadAction","target":["https:\/\/malinacosmetics.com\/product\/lador-keratin-power-glue150g\/"]}]},{"@type":"BreadcrumbList","@id":"https:\/\/malinacosmetics.com\/product\/lador-keratin-power-glue150g\/#breadcrumb","itemListElement":[{"@type":"ListItem","position":1,"name":"\u0413\u043b\u0430\u0432\u043d\u0430\u044f \u0441\u0442\u0440\u0430\u043d\u0438\u0446\u0430","item":"https:\/\/malinacosmetics.com\/"},{"@type":"ListItem","position":2,"name":"\u041a\u0430\u0442\u0430\u043b\u043e\u0433","item":"https:\/\/malinacosmetics.com\/sr\/shop\/"},{"@type":"ListItem","position":3,"name":"LADOR Keratin Power Glue 150g"}]},{"@type":"WebSite","@id":"https:\/\/malinacosmetics.com\/#website","url":"https:\/\/malinacosmetics.com\/","name":"Malina Beauty Store","description":"Prodaja korejske kozmetike za Crnu Goru","publisher":{"@id":"https:\/\/malinacosmetics.com\/#organization"},"potentialAction":[{"@type":"SearchAction","target":{"@type":"EntryPoint","urlTemplate":"https:\/\/malinacosmetics.com\/?s={search_term_string}"},"query-input":"required name=search_term_string"}],"inLanguage":"sr-RS"},{"@type":"Organization","@id":"https:\/\/malinacosmetics.com\/#organization","name":"malinacosmetics","url":"https:\/\/malinacosmetics.com\/","logo":{"@type":"ImageObject","inLanguage":"sr-RS","@id":"https:\/\/malinacosmetics.com\/#\/schema\/logo\/image\/","url":"https:\/\/malinacosmetics.com\/wp-content\/uploads\/2021\/07\/logo.png","contentUrl":"https:\/\/malinacosmetics.com\/wp-content\/uploads\/2021\/07\/logo.png","width":500,"height":353,"caption":"malinacosmetics"},"image":{"@id":"https:\/\/malinacosmetics.com\/#\/schema\/logo\/image\/"},"sameAs":["https:\/\/www.facebook.com\/MalinaBeautyShopMe\/"]}]},"product_brand":"simple","product_price_amount":"20.00","product_price_currency":"EUR","og_availability":"instock","product_availability":"instock","product_condition":"new"},"jetpack_sharing_enabled":true,"_links":{"self":[{"href":"https:\/\/malinacosmetics.com\/sr\/wp-json\/wp\/v2\/product\/4829","targetHints":{"allow":["GET"]}}],"collection":[{"href":"https:\/\/malinacosmetics.com\/sr\/wp-json\/wp\/v2\/product"}],"about":[{"href":"https:\/\/malinacosmetics.com\/sr\/wp-json\/wp\/v2\/types\/product"}],"wp:featuredmedia":[{"embeddable":true,"href":"https:\/\/malinacosmetics.com\/sr\/wp-json\/wp\/v2\/media\/4830"}],"wp:attachment":[{"href":"https:\/\/malinacosmetics.com\/sr\/wp-json\/wp\/v2\/media?parent=4829"}],"wp:term":[{"taxonomy":"product_brand","embeddable":true,"href":"https:\/\/malinacosmetics.com\/sr\/wp-json\/wp\/v2\/product_brand?post=4829"},{"taxonomy":"product_cat","embeddable":true,"href":"https:\/\/malinacosmetics.com\/sr\/wp-json\/wp\/v2\/product_cat?post=4829"},{"taxonomy":"product_tag","embeddable":true,"href":"https:\/\/malinacosmetics.com\/sr\/wp-json\/wp\/v2\/product_tag?post=4829"}],"curies":[{"name":"wp","href":"https:\/\/api.w.org\/{rel}","templated":true}]}}