{"id":4827,"date":"2022-12-06T19:00:51","date_gmt":"2022-12-06T16:00:51","guid":{"rendered":"https:\/\/malinacosmetics.com\/?post_type=product&#038;p=4827"},"modified":"2026-05-12T13:01:18","modified_gmt":"2026-05-12T11:01:18","slug":"lador-moisture-balansing-conditioner-530ml","status":"publish","type":"product","link":"https:\/\/malinacosmetics.com\/sr\/\u043f\u0440\u043e\u0438\u0437\u0432\u043e\u0434\/lador-moisture-balansing-conditioner-530ml\/","title":{"rendered":"LADOR Moisture Balan\u0441ing Conditioner 530ml"},"content":{"rendered":"<p style=\"text-align: left;\" class=\"translation-block\">La\u2019dor Moisture Balancing Conditioner bez silikona \u2013 idealan izbor za suvu i o\u0161te\u0107enu kosu, sa prirodnim sastojcima koji obnavljaju lepotu i zdravlje kose. Hidratira i hrani kosu, neguje ispucale krajeve i ja\u010da je du\u017e cele dlake. Sadr\u017ei kompleks Grennol, koji umiruje ko\u017eu glave i ubla\u017eava svrab. Idealan za svakodnevnu upotrebu, ne ote\u017eava kosu, olak\u0161ava \u010de\u0161ljanje i pru\u017ea za\u0161titu od negativnih uticaja okoline, toplote fena i proizvoda za stilizovanje.<br>\n\nPrednosti upotrebe:<br>\n\u2014 obnavlja strukturu kose;<br>\n\u2014 duboko hidrira i omek\u0161ava;<br>\n\u2014 vizuelno pobolj\u0161ava izgled kose, \u010dine\u0107i je glatkom i sjajnom;<br>\n\u2014 olak\u0161ava \u010de\u0161ljanje i oblikovanje;<br>\n\u2014 popunjava o\u0161te\u0107ene delove dlake.<br>\n\nBiljni ekstrakti u sastavu kondicionera ja\u010daju kosu du\u017e cele dlake, toniziraju je, vra\u0107aju elasti\u010dnost i glatko\u0107u. <br>\nLimunska kiselina intenzivno \u010disti, oboga\u0107uje vitaminima i mineralima, daje zdrav sjaj i svilenu teksturu. <br>Pogodan za suvu i o\u0161te\u0107enu kosu.<\/p>\n<p><strong><br>Na\u010din upotrebe:<\/strong> Operite kosu \u0161amponom i uklonite vi\u0161ak vode pe\u0161kirom. Nanesite potrebnu koli\u010dinu balzama celom du\u017einom kose i na krajeve. Ostavite proizvod na kosi 5 do 10 minuta. Isperite kosu \u010distom vodom.<br>\n* Preporu\u010dujemo da kao drugi korak u nezi, nakon Moisture Balancing balzama koristite i La\u2019dor Scalp Scaling Spa tretman za zdrav i vitalan scalp, kao i da probate Moisture Balancing \u0161ampon bez silikona.<\/p>\n<hr \/>\n<div>\n<p><em><b><em>Sastojci:<\/em> <\/b>Water, Cetearyl Alcohol, Behenyl Trimethyl Ammonium Chloride, Paraffin Wax, Glycerin, PPG-3 Caprylyl Ether, Butylene Glycol, Saponaria Officinalis Leaf Extract, Lavandula Angustifolia (Lavender) Flower Extract, Monarda Didyma Leaf Extract, Mentha Piperita (Peppermint) Leaf Extract, Freesia Alba Flower Extract, Chamomilla Recutita (Matricaria) Flower\/Leaf Extract, Quaternium-80, Citric Acid, Guar Hydroxypropyltrimonium Chloride, PEG-2 Dimeadowfoamamidoethylmonium Methosulfate, Sodium Benzoate, Hydroxyacetophenone, CI 19140, Fragrance.<\/em><\/p>\n<p><em><b><\/b><br \/>\n<\/em><\/p>\n<p>&nbsp;<\/p>\n<\/div>","protected":false},"excerpt":{"rendered":"<p>Hidratantni balzam bez silikona za suvu i o\u0161tec\u0301enu kosu. 530ml<\/p>","protected":false},"featured_media":4828,"template":"","meta":{"_acf_changed":false},"product_brand":[],"product_cat":[418,171,623,612,611,606,605,173],"product_tag":[587],"class_list":{"0":"post-4827","1":"product","2":"type-product","3":"status-publish","4":"has-post-thumbnail","6":"product_cat-lador","7":"product_cat-haircare","8":"product_cat-hair-restoration","9":"product_cat-hairnutrition","10":"product_cat-hairmoisture","11":"product_cat-damagedhair","12":"product_cat-dryhair","13":"product_cat-hairconditioner","14":"product_tag-lador-moisture-balansing","16":"first","17":"outofstock","18":"shipping-taxable","19":"purchasable","20":"product-type-simple"},"acf":[],"yoast_head":"<!-- This site is optimized with the Yoast SEO Premium plugin v19.6 (Yoast SEO v20.11) - https:\/\/yoast.com\/wordpress\/plugins\/seo\/ -->\n<title>LADOR Moisture Balan\u0441ing Conditioner 530ml - Malina Beauty Store<\/title>\n<meta name=\"robots\" content=\"index, follow, max-snippet:-1, max-image-preview:large, max-video-preview:-1\" \/>\n<link rel=\"canonical\" href=\"https:\/\/malinacosmetics.com\/sr\/\u043f\u0440\u043e\u0438\u0437\u0432\u043e\u0434\/lador-moisture-balansing-conditioner-530ml\/\" \/>\n<meta property=\"og:locale\" content=\"sr_RS\" \/>\n<meta property=\"og:type\" content=\"article\" \/>\n<meta property=\"og:title\" content=\"LADOR Moisture Balan\u0441ing Conditioner 530ml\" \/>\n<meta property=\"og:description\" content=\"\u0411\u0435\u0441\u0441\u0438\u043b\u0438\u043a\u043e\u043d\u043e\u0432\u044b\u0439 \u043a\u043e\u043d\u0434\u0438\u0446\u0438\u043e\u043d\u0435\u0440 \u0434\u043b\u044f \u0441\u0443\u0445\u0438\u0445 \u0438 \u043f\u043e\u0432\u0440\u0435\u0436\u0434\u0435\u043d\u043d\u044b\u0445 \u0432\u043e\u043b\u043e\u0441. 530ml\" \/>\n<meta property=\"og:url\" content=\"https:\/\/malinacosmetics.com\/sr\/\u043f\u0440\u043e\u0438\u0437\u0432\u043e\u0434\/lador-moisture-balansing-conditioner-530ml\/\" \/>\n<meta property=\"og:site_name\" content=\"Malina Beauty Store\" \/>\n<meta property=\"article:publisher\" content=\"https:\/\/www.facebook.com\/MalinaBeautyShopMe\/\" \/>\n<meta property=\"article:modified_time\" content=\"2026-05-12T11:01:18+00:00\" \/>\n<meta property=\"og:image\" content=\"https:\/\/malinacosmetics.com\/wp-content\/uploads\/2022\/12\/Moisture-Balancing-Conditioner-530ml.jpg\" \/>\n\t<meta property=\"og:image:width\" content=\"1200\" \/>\n\t<meta property=\"og:image:height\" content=\"1200\" \/>\n\t<meta property=\"og:image:type\" content=\"image\/jpeg\" \/>\n<meta name=\"twitter:card\" content=\"summary_large_image\" \/>\n<script type=\"application\/ld+json\" class=\"yoast-schema-graph\">{\"@context\":\"https:\/\/schema.org\",\"@graph\":[{\"@type\":[\"WebPage\",\"ItemPage\"],\"@id\":\"https:\/\/malinacosmetics.com\/product\/lador-moisture-balansing-conditioner-530ml\/\",\"url\":\"https:\/\/malinacosmetics.com\/product\/lador-moisture-balansing-conditioner-530ml\/\",\"name\":\"LADOR Moisture Balan\u0441ing Conditioner 530ml - Malina Beauty Store\",\"isPartOf\":{\"@id\":\"https:\/\/malinacosmetics.com\/#website\"},\"datePublished\":\"2022-12-06T16:00:51+00:00\",\"dateModified\":\"2026-05-12T11:01:18+00:00\",\"breadcrumb\":{\"@id\":\"https:\/\/malinacosmetics.com\/product\/lador-moisture-balansing-conditioner-530ml\/#breadcrumb\"},\"inLanguage\":\"sr-RS\",\"potentialAction\":[{\"@type\":\"ReadAction\",\"target\":[\"https:\/\/malinacosmetics.com\/product\/lador-moisture-balansing-conditioner-530ml\/\"]}]},{\"@type\":\"BreadcrumbList\",\"@id\":\"https:\/\/malinacosmetics.com\/product\/lador-moisture-balansing-conditioner-530ml\/#breadcrumb\",\"itemListElement\":[{\"@type\":\"ListItem\",\"position\":1,\"name\":\"\u0413\u043b\u0430\u0432\u043d\u0430\u044f \u0441\u0442\u0440\u0430\u043d\u0438\u0446\u0430\",\"item\":\"https:\/\/malinacosmetics.com\/\"},{\"@type\":\"ListItem\",\"position\":2,\"name\":\"\u041a\u0430\u0442\u0430\u043b\u043e\u0433\",\"item\":\"https:\/\/malinacosmetics.com\/sr\/shop\/\"},{\"@type\":\"ListItem\",\"position\":3,\"name\":\"LADOR Moisture Balan\u0441ing Conditioner 530ml\"}]},{\"@type\":\"WebSite\",\"@id\":\"https:\/\/malinacosmetics.com\/#website\",\"url\":\"https:\/\/malinacosmetics.com\/\",\"name\":\"Malina Beauty Store\",\"description\":\"Prodaja korejske kozmetike za Crnu Goru\",\"publisher\":{\"@id\":\"https:\/\/malinacosmetics.com\/#organization\"},\"potentialAction\":[{\"@type\":\"SearchAction\",\"target\":{\"@type\":\"EntryPoint\",\"urlTemplate\":\"https:\/\/malinacosmetics.com\/?s={search_term_string}\"},\"query-input\":\"required name=search_term_string\"}],\"inLanguage\":\"sr-RS\"},{\"@type\":\"Organization\",\"@id\":\"https:\/\/malinacosmetics.com\/#organization\",\"name\":\"malinacosmetics\",\"url\":\"https:\/\/malinacosmetics.com\/\",\"logo\":{\"@type\":\"ImageObject\",\"inLanguage\":\"sr-RS\",\"@id\":\"https:\/\/malinacosmetics.com\/#\/schema\/logo\/image\/\",\"url\":\"https:\/\/malinacosmetics.com\/wp-content\/uploads\/2021\/07\/logo.png\",\"contentUrl\":\"https:\/\/malinacosmetics.com\/wp-content\/uploads\/2021\/07\/logo.png\",\"width\":500,\"height\":353,\"caption\":\"malinacosmetics\"},\"image\":{\"@id\":\"https:\/\/malinacosmetics.com\/#\/schema\/logo\/image\/\"},\"sameAs\":[\"https:\/\/www.facebook.com\/MalinaBeautyShopMe\/\"]}]}<\/script>\n<meta property=\"product:brand\" content=\"simple\" \/>\n<meta property=\"product:price:amount\" content=\"15.00\" \/>\n<meta property=\"product:price:currency\" content=\"EUR\" \/>\n<meta property=\"og:availability\" content=\"out of stock\" \/>\n<meta property=\"product:availability\" content=\"out of stock\" \/>\n<meta property=\"product:condition\" content=\"new\" \/>\n<!-- \/ Yoast SEO Premium plugin. -->","yoast_head_json":{"title":"LADOR Moisture Balan\u0441ing Conditioner 530ml - Malina Beauty Store","robots":{"index":"index","follow":"follow","max-snippet":"max-snippet:-1","max-image-preview":"max-image-preview:large","max-video-preview":"max-video-preview:-1"},"canonical":"https:\/\/malinacosmetics.com\/sr\/\u043f\u0440\u043e\u0438\u0437\u0432\u043e\u0434\/lador-moisture-balansing-conditioner-530ml\/","og_locale":"sr_RS","og_type":"article","og_title":"LADOR Moisture Balan\u0441ing Conditioner 530ml","og_description":"\u0411\u0435\u0441\u0441\u0438\u043b\u0438\u043a\u043e\u043d\u043e\u0432\u044b\u0439 \u043a\u043e\u043d\u0434\u0438\u0446\u0438\u043e\u043d\u0435\u0440 \u0434\u043b\u044f \u0441\u0443\u0445\u0438\u0445 \u0438 \u043f\u043e\u0432\u0440\u0435\u0436\u0434\u0435\u043d\u043d\u044b\u0445 \u0432\u043e\u043b\u043e\u0441. 530ml","og_url":"https:\/\/malinacosmetics.com\/sr\/\u043f\u0440\u043e\u0438\u0437\u0432\u043e\u0434\/lador-moisture-balansing-conditioner-530ml\/","og_site_name":"Malina Beauty Store","article_publisher":"https:\/\/www.facebook.com\/MalinaBeautyShopMe\/","article_modified_time":"2026-05-12T11:01:18+00:00","og_image":[{"width":1200,"height":1200,"url":"https:\/\/malinacosmetics.com\/wp-content\/uploads\/2022\/12\/Moisture-Balancing-Conditioner-530ml.jpg","type":"image\/jpeg"}],"twitter_card":"summary_large_image","schema":{"@context":"https:\/\/schema.org","@graph":[{"@type":["WebPage","ItemPage"],"@id":"https:\/\/malinacosmetics.com\/product\/lador-moisture-balansing-conditioner-530ml\/","url":"https:\/\/malinacosmetics.com\/product\/lador-moisture-balansing-conditioner-530ml\/","name":"LADOR Moisture Balan\u0441ing Conditioner 530ml - Malina Beauty Store","isPartOf":{"@id":"https:\/\/malinacosmetics.com\/#website"},"datePublished":"2022-12-06T16:00:51+00:00","dateModified":"2026-05-12T11:01:18+00:00","breadcrumb":{"@id":"https:\/\/malinacosmetics.com\/product\/lador-moisture-balansing-conditioner-530ml\/#breadcrumb"},"inLanguage":"sr-RS","potentialAction":[{"@type":"ReadAction","target":["https:\/\/malinacosmetics.com\/product\/lador-moisture-balansing-conditioner-530ml\/"]}]},{"@type":"BreadcrumbList","@id":"https:\/\/malinacosmetics.com\/product\/lador-moisture-balansing-conditioner-530ml\/#breadcrumb","itemListElement":[{"@type":"ListItem","position":1,"name":"\u0413\u043b\u0430\u0432\u043d\u0430\u044f \u0441\u0442\u0440\u0430\u043d\u0438\u0446\u0430","item":"https:\/\/malinacosmetics.com\/"},{"@type":"ListItem","position":2,"name":"\u041a\u0430\u0442\u0430\u043b\u043e\u0433","item":"https:\/\/malinacosmetics.com\/sr\/shop\/"},{"@type":"ListItem","position":3,"name":"LADOR Moisture Balan\u0441ing Conditioner 530ml"}]},{"@type":"WebSite","@id":"https:\/\/malinacosmetics.com\/#website","url":"https:\/\/malinacosmetics.com\/","name":"Malina Beauty Store","description":"Prodaja korejske kozmetike za Crnu Goru","publisher":{"@id":"https:\/\/malinacosmetics.com\/#organization"},"potentialAction":[{"@type":"SearchAction","target":{"@type":"EntryPoint","urlTemplate":"https:\/\/malinacosmetics.com\/?s={search_term_string}"},"query-input":"required name=search_term_string"}],"inLanguage":"sr-RS"},{"@type":"Organization","@id":"https:\/\/malinacosmetics.com\/#organization","name":"malinacosmetics","url":"https:\/\/malinacosmetics.com\/","logo":{"@type":"ImageObject","inLanguage":"sr-RS","@id":"https:\/\/malinacosmetics.com\/#\/schema\/logo\/image\/","url":"https:\/\/malinacosmetics.com\/wp-content\/uploads\/2021\/07\/logo.png","contentUrl":"https:\/\/malinacosmetics.com\/wp-content\/uploads\/2021\/07\/logo.png","width":500,"height":353,"caption":"malinacosmetics"},"image":{"@id":"https:\/\/malinacosmetics.com\/#\/schema\/logo\/image\/"},"sameAs":["https:\/\/www.facebook.com\/MalinaBeautyShopMe\/"]}]},"product_brand":"simple","product_price_amount":"15.00","product_price_currency":"EUR","og_availability":"out of stock","product_availability":"out of stock","product_condition":"new"},"jetpack_sharing_enabled":true,"_links":{"self":[{"href":"https:\/\/malinacosmetics.com\/sr\/wp-json\/wp\/v2\/product\/4827","targetHints":{"allow":["GET"]}}],"collection":[{"href":"https:\/\/malinacosmetics.com\/sr\/wp-json\/wp\/v2\/product"}],"about":[{"href":"https:\/\/malinacosmetics.com\/sr\/wp-json\/wp\/v2\/types\/product"}],"wp:featuredmedia":[{"embeddable":true,"href":"https:\/\/malinacosmetics.com\/sr\/wp-json\/wp\/v2\/media\/4828"}],"wp:attachment":[{"href":"https:\/\/malinacosmetics.com\/sr\/wp-json\/wp\/v2\/media?parent=4827"}],"wp:term":[{"taxonomy":"product_brand","embeddable":true,"href":"https:\/\/malinacosmetics.com\/sr\/wp-json\/wp\/v2\/product_brand?post=4827"},{"taxonomy":"product_cat","embeddable":true,"href":"https:\/\/malinacosmetics.com\/sr\/wp-json\/wp\/v2\/product_cat?post=4827"},{"taxonomy":"product_tag","embeddable":true,"href":"https:\/\/malinacosmetics.com\/sr\/wp-json\/wp\/v2\/product_tag?post=4827"}],"curies":[{"name":"wp","href":"https:\/\/api.w.org\/{rel}","templated":true}]}}