{"id":4783,"date":"2022-11-04T00:46:51","date_gmt":"2022-11-03T21:46:51","guid":{"rendered":"https:\/\/malinacosmetics.com\/?post_type=product&#038;p=4783"},"modified":"2026-04-03T18:30:53","modified_gmt":"2026-04-03T16:30:53","slug":"medi-peel-peptide-9-skin-care-special-set","status":"publish","type":"product","link":"https:\/\/malinacosmetics.com\/sr\/\u043f\u0440\u043e\u0438\u0437\u0432\u043e\u0434\/medi-peel-peptide-9-skin-care-special-set\/","title":{"rendered":"Medi-Peel Peptide 9 Skin Care Special Set"},"content":{"rendered":"<p class=\"translation-block\">Set sa peptidima Medi-Peel Peptide 9 Skin Care Special Set stvoren je za sveobuhvatnu kuc\u0301nu negu zrele ko\u017ee sa jasnim znacima starenja. Kozmeti\u010dki proizvodi dubinski hidriraju, hrane, toniziraju, oksigeni\u0161u, podsti\u010du regeneraciju c\u0301elija, efikasno se bore protiv postojec\u0301ih i spre\u010davaju stvaranje novih bora. <br>\nSet uklju\u010duje:<br>\n1. Toner sa peptidima i hijaluronskom kiselinom Peptide 9 Aqua Essence Toner (30 ml+250ml) - za podizanje lica poma\u017ee obnoviti umornu, opu\u0161tenu, be\u017eivotnu ko\u017eu, vraca svezinu, mekoc\u0301u, sjaj, \u010dvrstoc\u0301u, i elasti\u010dnosti. Toner kvalitativno hrani i vla\u017ei ko\u017eu, aktivira unutarc\u0301elijske procese njenog podmla\u0111ivanja i oporavka. Redovnom upotrebom tonera ko\u017ea dobija i zadr\u017eava prirodnu lepotu, zdravlje, ujedna\u010den tonus i mikroreljef na du\u017ee vreme, njen ton se povec\u0301ava, tragovi umora i stresa nestaju, nestaju znaci uvenuc\u0301a, a lokalni imunitet se pobolj\u0161ava.<br>\n2. Hidratantna emulzija sa peptidima Peptide 9 Aqua Essence Emulsion (30 ml+250ml) - efikasno sredstvo protiv starenja sa laganom prozra\u010dnom konzistencijom. \u010cini manje vidljivim duboke stara\u010dke bore i \"\"bri\u0161e\"\" mimi\u010dne bore sa lica, usporava proces starenja ko\u017ee. Snabdeva c\u0301elije ko\u017ee vitaminima, mineralima i mikroelementima. Ima svojstvo da zadr\u017eava vlagu u ko\u017ei i dubinski je hidrira, vra\u0107a joj ravnote\u017eu vode i lipida, spre\u010dava gubitak vlage tokom dana. Usmerena na pove\u0107anje elasti\u010dnosti ko\u017ee.<br>\n3. Lifting-krema (10g+50g) sa peptidima pobolj\u0161ava funkcionisanje svih c\u0301elijskih sistema, \u0161titi ko\u017eu od dehidracije i agresivnih faktora okoline, isporu\u010duje aktivne komponente kozmetike duboko u dermis, stoga ne samo da ima povr\u0161inski efekat protiv starenja, vec\u0301 i zna\u010dajno usporava proces starenja ko\u017ee. Bogati peptidni kompleks stimuli\u0161e sintezu proteina, tako da ko\u017ea postaje glatka, podatna, ponovo navla\u017eena, dubina bora se smanjuje i ko\u017ea izgleda mla\u0111e. Malina keton daje ko\u017ei glatkoc\u0301u i elasti\u010dnost, stimuli\u0161e metabolizam, obnavlja, podmla\u0111uje i tonizira. \u0160titi ko\u017eu od \u0161tetnih uticaja okoline, su\u017eava pore. Zahvaljujuc\u0301i ekstraktu eukaliptusa, koji sadr\u017ei eteri\u010dno ulje, tanine, flavonoide, karotenoide, hlorofil, krema ima protivupalna, lekovita, umirujuc\u0301a i toni\u010dna svojstva.<\/p>\n<p><strong><br>Na\u010din upotrebe:<\/strong> O\u010distite ko\u017eu na uobi\u010dajen na\u010din, laganim tapkanjem prstiju, rasporedite dovoljnu koli\u010dinu tonera po licu\/vratu, a zatim nanesite nekoliko kapi emulzije du\u017e linija za masa\u017eu. Zavr\u0161ite kremom za lice. Ponovite postupak dva puta dnevno tokom jutarnje\/ve\u010dernje nege ko\u017ee.<\/p>\n<hr \/>\n<p><strong><em><em>Sastojci:<\/em><\/em><\/strong><\/p>\n<p><em>[Toner:]<br \/>\nWater, Glycerin, Butylene Glycol, Betaine, Trehalose, Hydroxyacetophenone, PEG-60 Hydrogenated Castor Oil, Arginine, Carbomer, Sodium PCA, Ethylhexylglycerin, Adenosine, Fragrance, Sodium Hyaluronate, Desamido Collagen, Juniperus Communis Fruit Extract, Magnolia Officinalis Bark Extract, Eucalyptus Globulus Leaf Extract, Fructan, Hydrolyzed Collagen, Hydrogenated Polyisobutene, Propanediol, Glyceryl Polymethacrylate, Sodium Hyaluronate Crosspolymer, Sorbitan Laurate, Propylene Glycol, Hydrolyzed Glycosaminoglycans, 1,2-Hexanediol, Nonoxynol-12, Phenoxyethanol, Chondrus Crispus Extract, Hydroxyethylcellulose, Benzyl Glycol, Acetyl Dipeptide-1 Cetyl Ester(0.8ppm), Astaxanthin, Ethyl Hexanediol, Hydrolyzed Elastin, Hydrolyzed Hyaluronic Acid, Palmitoyl Tripeptide-5(0.1ppm),Caprylyl Glycol, Anemarrhena Asphodeloides Root Extract, Acetyl Hexapeptide-8(0.01ppm), Copper Tripeptide-1(0.01ppm), Hyaluronic Acid, Acetyl Octapeptide-3(0.005ppm), Palmitoyl Tetrapeptide-7(0.005ppm), Hexapeptide-9(0.005ppm), Raspberry Ketone, Palmitoyl Oligopeptide(0.001ppm), Palmitoyl Tripeptide-1(0.001ppm), Palmitoyl Pentapeptide-4(0.001ppm)<\/em><\/p>\n<p>[Emulsion:]<br \/>\nWater, Methylpropanediol, Glycerin, Cyclopentasiloxane, Cetearyl Olivate, Cyclohexasiloxane, Betaine, Cetyl Ethylhexanoate, Sorbitan Olivate, Canola Oil, Caprylic\/Capric Triglyceride, Glyceryl Stearate, PEG-100 Stearate, Vitis Vinifera (Grape) Seed Oil, Prunus Armeniaca (Apricot) Kernel Oil, Hydroxyacetophenone, Trehalose, Macadamia Integrifolia Seed Oil, Arginine, Carbomer, Fragrance, Hydroxyethylcellulose, Ethylhexylglycerin, Adenosine, Disodium EDTA, Allantoin, Desamido Collagen, Juniperus Communis Fruit Extract, Magnolia Officinalis Bark Extract, Eucalyptus Globulus Leaf Extract, Fructan, Hydrolyzed Collagen, Butylene Glycol, Hydrogenated Polyisobutene, Argania Spinosa Kernel Oil, Propanediol, Glyceryl Polymethacrylate, Sodium Hyaluronate Crosspolymer, Sorbitan Laurate, Propylene Glycol, Hydrolyzed Glycosaminoglycans, 1,2-Hexanediol, Nonoxynol-12, Sodium Hyaluronate,Phenoxyethanol, Chondrus Crispus Extract, Benzyl Glycol, Acetyl Dipeptide-1 Cetyl Ester(0.8ppm), Astaxanthin, Ethyl Hexanediol, Hydrolyzed Elastin, Hydrolyzed Hyaluronic Acid, Palmitoyl Tripeptide-5(0.1ppm), Caprylyl Glycol, Anemarrhena Asphodeloides Root Extract, Acetyl Hexapeptide-8(0.01ppm), Copper Tripeptide-1(0.01ppm), Hyaluronic Acid, Acetyl Octapeptide-3(0.005ppm), Palmitoyl Tetrapeptide-7(0.005ppm), Hexapeptide-9(0.005ppm), Raspberry Ketone, Palmitoyl Oligopeptide(0.001ppm), Palmitoyl Tripeptide-1(0.001ppm), Palmitoyl Pentapeptide-4(0.001ppm)<\/p>\n<p>[Cream:]<br \/>\nWater, Methylpropanediol, Glycerin, Dimethicone, Cyclopentasiloxane, 1,2-Hexanediol, Caprylic\/Capric Triglyceride, Cetearyl Alcohol, Cetearyl Olivate, Cyclohexasiloxane, Sorbitan Olivate, Glyceryl Stearate, Pentaerythrityl Tetraisostearate, PEG-100 Stearate, Cetearyl Glucoside, Arginine, Carbomer, Sodium Acrylate\/Sodium Acryloyldimethyl Taurate Copolymer, Isohexadecane, Trehalose, Helianthus Annuus (Sunflower) Seed Oil, Xanthan Gum, Adenosine, Polysorbate 80, Sodium Hyaluronate, Disodium EDTA, Sorbitan Oleate, Glycine Soja (Soybean) Oil, Desamido Collagen, Juniperus Communis Fruit Extract, Magnolia Officinalis Bark Extract, Eucalyptus Globulus Leaf Extract, Fructan, Hydrolyzed Collagen, Butylene Glycol, Fragrance, Hydrogenated Polyisobutene, Bixa Orellana Seed Oil, Propanediol, Glyceryl Polymethacrylate, Sodium Hyaluronate Crosspolymer, Sorbitan Laurate, Propylene Glycol, Hydrolyzed Glycosaminoglycans, Nonoxynol-12, Phenoxyethanol, Chondrus Crispus Extract, Tocopherol, Hydroxyethylcellulose, Benzyl Glycol, Acetyl Dipeptide-1 Cetyl Ester, Astaxanthin, Ethyl Hexanediol, Hydrolyzed Elastin, Hydrolyzed Hyaluronic Acid, Ethylhexylglycerin, Palmitoyl Tripeptide-5, Caprylyl Glycol, Anemarrhena Asphodeloides Root Extract, Acetyl Hexapeptide-8, Copper Tripeptide-1, Palmitoyl Pentapeptide-4, Hyaluronic Acid, Acetyl Octapeptide-3, Palmitoyl Tetrapeptide-7, Hexapeptide-9, Raspberry Ketone, Palmitoyl Oligopeptide, Palmitoyl Tripeptide-1<\/p>","protected":false},"excerpt":{"rendered":"<p>Hidratantni set protiv starenja sa peptidima. <span data-sheets-value=\"{&quot;1&quot;:2,&quot;2&quot;:&quot;250ml*2kom, 30 ml*2kom, 50+10g&quot;}\" data-sheets-userformat=\"{&quot;2&quot;:15103,&quot;3&quot;:{&quot;1&quot;:0},&quot;4&quot;:{&quot;1&quot;:3,&quot;3&quot;:2},&quot;5&quot;:{&quot;1&quot;:[{&quot;1&quot;:2,&quot;2&quot;:0,&quot;5&quot;:{&quot;1&quot;:2,&quot;2&quot;:0}},{&quot;1&quot;:0,&quot;2&quot;:0,&quot;3&quot;:3},{&quot;1&quot;:1,&quot;2&quot;:0,&quot;4&quot;:1}]},&quot;6&quot;:{&quot;1&quot;:[{&quot;1&quot;:2,&quot;2&quot;:0,&quot;5&quot;:{&quot;1&quot;:2,&quot;2&quot;:0}},{&quot;1&quot;:0,&quot;2&quot;:0,&quot;3&quot;:3},{&quot;1&quot;:1,&quot;2&quot;:0,&quot;4&quot;:1}]},&quot;7&quot;:{&quot;1&quot;:[{&quot;1&quot;:2,&quot;2&quot;:0,&quot;5&quot;:{&quot;1&quot;:2,&quot;2&quot;:0}},{&quot;1&quot;:0,&quot;2&quot;:0,&quot;3&quot;:3},{&quot;1&quot;:1,&quot;2&quot;:0,&quot;4&quot;:1}]},&quot;8&quot;:{&quot;1&quot;:[{&quot;1&quot;:2,&quot;2&quot;:0,&quot;5&quot;:{&quot;1&quot;:2,&quot;2&quot;:0}},{&quot;1&quot;:0,&quot;2&quot;:0,&quot;3&quot;:3},{&quot;1&quot;:1,&quot;2&quot;:0,&quot;4&quot;:1}]},&quot;9&quot;:1,&quot;10&quot;:1,&quot;12&quot;:0,&quot;14&quot;:{&quot;1&quot;:3,&quot;3&quot;:1},&quot;15&quot;:&quot;Calibri&quot;,&quot;16&quot;:9}\">250ml*2kom + 30ml*2kom + 50g + 10g<\/span><\/p>","protected":false},"featured_media":4771,"template":"","meta":{"_acf_changed":false},"product_brand":[],"product_cat":[400,462,224,86,437,439,518,388,296],"product_tag":[410],"class_list":{"0":"post-4783","1":"product","2":"type-product","3":"status-publish","4":"has-post-thumbnail","6":"product_cat-lifting","7":"product_cat-dryness","8":"product_cat-antiage","9":"product_cat-moisturizing","10":"product_cat-alltypesofskin","11":"product_cat-matureskin","12":"product_cat-dehydratedskin","13":"product_cat-sets","14":"product_cat-medi-peel","15":"product_tag-peptide-9","17":"first","18":"outofstock","19":"shipping-taxable","20":"purchasable","21":"product-type-simple"},"acf":[],"yoast_head":"<!-- This site is optimized with the Yoast SEO Premium plugin v19.6 (Yoast SEO v20.11) - https:\/\/yoast.com\/wordpress\/plugins\/seo\/ -->\n<title>Medi-Peel Peptide 9 Skin Care Special Set - Malina Beauty Store<\/title>\n<meta name=\"robots\" content=\"index, follow, max-snippet:-1, max-image-preview:large, max-video-preview:-1\" \/>\n<link rel=\"canonical\" href=\"https:\/\/malinacosmetics.com\/sr\/\u043f\u0440\u043e\u0438\u0437\u0432\u043e\u0434\/medi-peel-peptide-9-skin-care-special-set\/\" \/>\n<meta property=\"og:locale\" content=\"sr_RS\" \/>\n<meta property=\"og:type\" content=\"article\" \/>\n<meta property=\"og:title\" content=\"Medi-Peel Peptide 9 Skin Care Special Set\" \/>\n<meta property=\"og:description\" content=\"\u0410\u043d\u0442\u0438\u0432\u043e\u0437\u0440\u0430\u0441\u0442\u043d\u043e\u0439 \u0443\u0432\u043b\u0430\u0436\u043d\u044f\u044e\u0449\u0438\u0439 \u043d\u0430\u0431\u043e\u0440 \u0441 \u043f\u0435\u043f\u0442\u0438\u0434\u0430\u043c\u0438. 250ml*2\u0448\u0442 + 30 ml*2\u0448\u0442 + 50g + 10g\" \/>\n<meta property=\"og:url\" content=\"https:\/\/malinacosmetics.com\/sr\/\u043f\u0440\u043e\u0438\u0437\u0432\u043e\u0434\/medi-peel-peptide-9-skin-care-special-set\/\" \/>\n<meta property=\"og:site_name\" content=\"Malina Beauty Store\" \/>\n<meta property=\"article:publisher\" content=\"https:\/\/www.facebook.com\/MalinaBeautyShopMe\/\" \/>\n<meta property=\"article:modified_time\" content=\"2026-04-03T16:30:53+00:00\" \/>\n<meta property=\"og:image\" content=\"https:\/\/malinacosmetics.com\/wp-content\/uploads\/2022\/11\/Medi-Peel-Peptide-9-Skin-Care-Special-Set.jpg\" \/>\n\t<meta property=\"og:image:width\" content=\"1200\" \/>\n\t<meta property=\"og:image:height\" content=\"1200\" \/>\n\t<meta property=\"og:image:type\" content=\"image\/jpeg\" \/>\n<meta name=\"twitter:card\" content=\"summary_large_image\" \/>\n<script type=\"application\/ld+json\" class=\"yoast-schema-graph\">{\"@context\":\"https:\/\/schema.org\",\"@graph\":[{\"@type\":[\"WebPage\",\"ItemPage\"],\"@id\":\"https:\/\/malinacosmetics.com\/product\/medi-peel-peptide-9-skin-care-special-set\/\",\"url\":\"https:\/\/malinacosmetics.com\/product\/medi-peel-peptide-9-skin-care-special-set\/\",\"name\":\"Medi-Peel Peptide 9 Skin Care Special Set - Malina Beauty Store\",\"isPartOf\":{\"@id\":\"https:\/\/malinacosmetics.com\/#website\"},\"datePublished\":\"2022-11-03T21:46:51+00:00\",\"dateModified\":\"2026-04-03T16:30:53+00:00\",\"breadcrumb\":{\"@id\":\"https:\/\/malinacosmetics.com\/product\/medi-peel-peptide-9-skin-care-special-set\/#breadcrumb\"},\"inLanguage\":\"sr-RS\",\"potentialAction\":[{\"@type\":\"ReadAction\",\"target\":[\"https:\/\/malinacosmetics.com\/product\/medi-peel-peptide-9-skin-care-special-set\/\"]}]},{\"@type\":\"BreadcrumbList\",\"@id\":\"https:\/\/malinacosmetics.com\/product\/medi-peel-peptide-9-skin-care-special-set\/#breadcrumb\",\"itemListElement\":[{\"@type\":\"ListItem\",\"position\":1,\"name\":\"\u0413\u043b\u0430\u0432\u043d\u0430\u044f \u0441\u0442\u0440\u0430\u043d\u0438\u0446\u0430\",\"item\":\"https:\/\/malinacosmetics.com\/\"},{\"@type\":\"ListItem\",\"position\":2,\"name\":\"\u041a\u0430\u0442\u0430\u043b\u043e\u0433\",\"item\":\"https:\/\/malinacosmetics.com\/sr\/shop\/\"},{\"@type\":\"ListItem\",\"position\":3,\"name\":\"Medi-Peel Peptide 9 Skin Care Special Set\"}]},{\"@type\":\"WebSite\",\"@id\":\"https:\/\/malinacosmetics.com\/#website\",\"url\":\"https:\/\/malinacosmetics.com\/\",\"name\":\"Malina Beauty Store\",\"description\":\"Prodaja korejske kozmetike za Crnu Goru\",\"publisher\":{\"@id\":\"https:\/\/malinacosmetics.com\/#organization\"},\"potentialAction\":[{\"@type\":\"SearchAction\",\"target\":{\"@type\":\"EntryPoint\",\"urlTemplate\":\"https:\/\/malinacosmetics.com\/?s={search_term_string}\"},\"query-input\":\"required name=search_term_string\"}],\"inLanguage\":\"sr-RS\"},{\"@type\":\"Organization\",\"@id\":\"https:\/\/malinacosmetics.com\/#organization\",\"name\":\"malinacosmetics\",\"url\":\"https:\/\/malinacosmetics.com\/\",\"logo\":{\"@type\":\"ImageObject\",\"inLanguage\":\"sr-RS\",\"@id\":\"https:\/\/malinacosmetics.com\/#\/schema\/logo\/image\/\",\"url\":\"https:\/\/malinacosmetics.com\/wp-content\/uploads\/2021\/07\/logo.png\",\"contentUrl\":\"https:\/\/malinacosmetics.com\/wp-content\/uploads\/2021\/07\/logo.png\",\"width\":500,\"height\":353,\"caption\":\"malinacosmetics\"},\"image\":{\"@id\":\"https:\/\/malinacosmetics.com\/#\/schema\/logo\/image\/\"},\"sameAs\":[\"https:\/\/www.facebook.com\/MalinaBeautyShopMe\/\"]}]}<\/script>\n<meta property=\"product:brand\" content=\"simple\" \/>\n<meta property=\"product:price:amount\" content=\"80.00\" \/>\n<meta property=\"product:price:currency\" content=\"EUR\" \/>\n<meta property=\"og:availability\" content=\"out of stock\" \/>\n<meta property=\"product:availability\" content=\"out of stock\" \/>\n<meta property=\"product:condition\" content=\"new\" \/>\n<!-- \/ Yoast SEO Premium plugin. -->","yoast_head_json":{"title":"Medi-Peel Peptide 9 Skin Care Special Set - Malina Beauty Store","robots":{"index":"index","follow":"follow","max-snippet":"max-snippet:-1","max-image-preview":"max-image-preview:large","max-video-preview":"max-video-preview:-1"},"canonical":"https:\/\/malinacosmetics.com\/sr\/\u043f\u0440\u043e\u0438\u0437\u0432\u043e\u0434\/medi-peel-peptide-9-skin-care-special-set\/","og_locale":"sr_RS","og_type":"article","og_title":"Medi-Peel Peptide 9 Skin Care Special Set","og_description":"\u0410\u043d\u0442\u0438\u0432\u043e\u0437\u0440\u0430\u0441\u0442\u043d\u043e\u0439 \u0443\u0432\u043b\u0430\u0436\u043d\u044f\u044e\u0449\u0438\u0439 \u043d\u0430\u0431\u043e\u0440 \u0441 \u043f\u0435\u043f\u0442\u0438\u0434\u0430\u043c\u0438. 250ml*2\u0448\u0442 + 30 ml*2\u0448\u0442 + 50g + 10g","og_url":"https:\/\/malinacosmetics.com\/sr\/\u043f\u0440\u043e\u0438\u0437\u0432\u043e\u0434\/medi-peel-peptide-9-skin-care-special-set\/","og_site_name":"Malina Beauty Store","article_publisher":"https:\/\/www.facebook.com\/MalinaBeautyShopMe\/","article_modified_time":"2026-04-03T16:30:53+00:00","og_image":[{"width":1200,"height":1200,"url":"https:\/\/malinacosmetics.com\/wp-content\/uploads\/2022\/11\/Medi-Peel-Peptide-9-Skin-Care-Special-Set.jpg","type":"image\/jpeg"}],"twitter_card":"summary_large_image","schema":{"@context":"https:\/\/schema.org","@graph":[{"@type":["WebPage","ItemPage"],"@id":"https:\/\/malinacosmetics.com\/product\/medi-peel-peptide-9-skin-care-special-set\/","url":"https:\/\/malinacosmetics.com\/product\/medi-peel-peptide-9-skin-care-special-set\/","name":"Medi-Peel Peptide 9 Skin Care Special Set - Malina Beauty Store","isPartOf":{"@id":"https:\/\/malinacosmetics.com\/#website"},"datePublished":"2022-11-03T21:46:51+00:00","dateModified":"2026-04-03T16:30:53+00:00","breadcrumb":{"@id":"https:\/\/malinacosmetics.com\/product\/medi-peel-peptide-9-skin-care-special-set\/#breadcrumb"},"inLanguage":"sr-RS","potentialAction":[{"@type":"ReadAction","target":["https:\/\/malinacosmetics.com\/product\/medi-peel-peptide-9-skin-care-special-set\/"]}]},{"@type":"BreadcrumbList","@id":"https:\/\/malinacosmetics.com\/product\/medi-peel-peptide-9-skin-care-special-set\/#breadcrumb","itemListElement":[{"@type":"ListItem","position":1,"name":"\u0413\u043b\u0430\u0432\u043d\u0430\u044f \u0441\u0442\u0440\u0430\u043d\u0438\u0446\u0430","item":"https:\/\/malinacosmetics.com\/"},{"@type":"ListItem","position":2,"name":"\u041a\u0430\u0442\u0430\u043b\u043e\u0433","item":"https:\/\/malinacosmetics.com\/sr\/shop\/"},{"@type":"ListItem","position":3,"name":"Medi-Peel Peptide 9 Skin Care Special Set"}]},{"@type":"WebSite","@id":"https:\/\/malinacosmetics.com\/#website","url":"https:\/\/malinacosmetics.com\/","name":"Malina Beauty Store","description":"Prodaja korejske kozmetike za Crnu Goru","publisher":{"@id":"https:\/\/malinacosmetics.com\/#organization"},"potentialAction":[{"@type":"SearchAction","target":{"@type":"EntryPoint","urlTemplate":"https:\/\/malinacosmetics.com\/?s={search_term_string}"},"query-input":"required name=search_term_string"}],"inLanguage":"sr-RS"},{"@type":"Organization","@id":"https:\/\/malinacosmetics.com\/#organization","name":"malinacosmetics","url":"https:\/\/malinacosmetics.com\/","logo":{"@type":"ImageObject","inLanguage":"sr-RS","@id":"https:\/\/malinacosmetics.com\/#\/schema\/logo\/image\/","url":"https:\/\/malinacosmetics.com\/wp-content\/uploads\/2021\/07\/logo.png","contentUrl":"https:\/\/malinacosmetics.com\/wp-content\/uploads\/2021\/07\/logo.png","width":500,"height":353,"caption":"malinacosmetics"},"image":{"@id":"https:\/\/malinacosmetics.com\/#\/schema\/logo\/image\/"},"sameAs":["https:\/\/www.facebook.com\/MalinaBeautyShopMe\/"]}]},"product_brand":"simple","product_price_amount":"80.00","product_price_currency":"EUR","og_availability":"out of stock","product_availability":"out of stock","product_condition":"new"},"jetpack_sharing_enabled":true,"_links":{"self":[{"href":"https:\/\/malinacosmetics.com\/sr\/wp-json\/wp\/v2\/product\/4783","targetHints":{"allow":["GET"]}}],"collection":[{"href":"https:\/\/malinacosmetics.com\/sr\/wp-json\/wp\/v2\/product"}],"about":[{"href":"https:\/\/malinacosmetics.com\/sr\/wp-json\/wp\/v2\/types\/product"}],"wp:featuredmedia":[{"embeddable":true,"href":"https:\/\/malinacosmetics.com\/sr\/wp-json\/wp\/v2\/media\/4771"}],"wp:attachment":[{"href":"https:\/\/malinacosmetics.com\/sr\/wp-json\/wp\/v2\/media?parent=4783"}],"wp:term":[{"taxonomy":"product_brand","embeddable":true,"href":"https:\/\/malinacosmetics.com\/sr\/wp-json\/wp\/v2\/product_brand?post=4783"},{"taxonomy":"product_cat","embeddable":true,"href":"https:\/\/malinacosmetics.com\/sr\/wp-json\/wp\/v2\/product_cat?post=4783"},{"taxonomy":"product_tag","embeddable":true,"href":"https:\/\/malinacosmetics.com\/sr\/wp-json\/wp\/v2\/product_tag?post=4783"}],"curies":[{"name":"wp","href":"https:\/\/api.w.org\/{rel}","templated":true}]}}