{"id":4754,"date":"2022-11-01T22:12:10","date_gmt":"2022-11-01T19:12:10","guid":{"rendered":"https:\/\/malinacosmetics.com\/?post_type=product&#038;p=4754"},"modified":"2025-09-27T13:02:11","modified_gmt":"2025-09-27T11:02:11","slug":"lador-wonder-balm2","status":"publish","type":"product","link":"https:\/\/malinacosmetics.com\/sr\/\u043f\u0440\u043e\u0438\u0437\u0432\u043e\u0434\/lador-wonder-balm2\/","title":{"rendered":"LADOR Wonder Balm 200ml"},"content":{"rendered":"<p class=\"translation-block\">La\u2019dor Wonder Balm je intenzivni tretman za kosu sa proteinima svile i 20 vrsta amino kiselina koji pru\u017ea za\u0161titu vlasi\u0161tu i kosi sa izvanrednim efektom kondicioniranja. Vi\u0161enamenski tretman koji snabdeva kosu proteinima, obnavlja je, hidrira i pru\u017ea joj adekvatnu za\u0161titu od o\u0161te\u0107enja koja uzrokuje svakodnevno stilizovanje.\nWonder Balm je tretman posebno namenjen za negu ekstremno o\u0161te\u0107ene kose koju snabdeva proteinima, vra\u0107aju\u0107i joj \u010dvrstinu i sjaj, kao i tretman za za\u0161titu kose od o\u0161te\u0107enja ukoliko se koristi pre farbanja, izbeljivanja il drugih hemijskih tretmana.<br>\nBalzam oporavlja o\u0161te\u0107enu kosu, dodaje volumen kosi, pobolj\u0161ava elasti\u010dnost i sjaj i mo\u017ee se koristiti kao tretman koji se ispira nakon \u0161amponiranja ili kao buter za kosu bez ispiranja koji pru\u017ea za\u0161titu kosi prilikom stilizovanja.<br>\nLa\u2019dor Wonder Balm namenjen je za izrazito o\u0161te\u0107enu kosu, suvu i kovrd\u017eavu kosu koja se \u010desto elektri\u0161e, kosu koja se \u010desto farba, izbeljuje ili stilizuje toplotnim ure\u0111ajima.<br>\nFormula balzama je bez parabena, sulfata, mineralnih ulja i ve\u0161ta\u010dkih boja, a proizvod nije testiran na \u017eivotinjama.<br>\nLa\u2019dor Wonder Balm je deo Wonder linije proizvoda za negu kose koji se koristi nakon \u0161ampona Wonder Bubble a pre tretma za sjaj kose Wonder Tear. Deo ove \u010dudotvorne linije proizvoda za negu kose \u010dine i ulje za kosu Wonder Oil.<\/p>\n<p class=\"translation-block\"><strong>Na\u010din upotrebe:<\/strong> Kao tretman koji se ispira- brzi tretman: Oprati kosu \u0161amponom i ukloniti vi\u0161ak vode pe\u0161kirom; potrebnu koli\u010dinu proizvoda istisnuti na dlanove i ne\u017eno umasirati u kosu; nakon 50 sekundi isprati kosu toplom vodom.<br>\nZa intenzivni tretman izrazito o\u0161te\u0107ene kose: Ostaviti tretman na kosi 5-10 minuta; isprati kosu toplom vodom.<br>\nKao buter za kosu \u2013 za\u0161tita od o\u0161te\u0107enja: Manju koli\u010dinu balzama naneti du\u017e kose i na krajeve pre upotrebe fena ili toplotnih ure\u0111aja za stilizovanje kao za\u0161titu od toplote.<br>\nKao tretman pred hemijski tretman kose: Koristiti na jedan od gore opisanih na\u010dina pre hemijskih tretmana kose (farbanja, izbeljivanja i sl.) za rehidrataciju i za\u0161titu kose.<br>\nPreporu\u010dujemo da Wonder Balm koristite 1-2 puta nedeljno zajedno sa i pre upotrebe Wonder Tear tretmana iz iste linije za postizanje maksimalnih rezultata.<\/p>\n<hr \/>\n<div>\n<p><em><b><em>Sastojci:<\/em><\/b> <span data-sheets-value=\"{&quot;1&quot;:2,&quot;2&quot;:&quot;Water, Hydrolyzed Silk, Cetearyl Alchohol, Butylene Glycol, Propylene Glycol, Glycerin, Behentrimonium Chloride, Dimethicone, Macadamia Ternifolia Seed Oil, Phytantriol, Aloe Barbadensis Leaf Extract, Ceramide NP, Sodium Benzoate, Arginine, Leucine, Tryptophan, Lysine, Isoleucine, Threonine, Methionine, Histidine, Asparagine, Alanine, Proline, Glutamic Acid, Glutamine, Glycine, Valine, Phenylalanine, Aspartic Acid, Tyrosine, Serine, Cystine, Fragrance.&quot;}\" data-sheets-userformat=\"{&quot;2&quot;:15039,&quot;3&quot;:{&quot;1&quot;:0},&quot;4&quot;:{&quot;1&quot;:3,&quot;3&quot;:2},&quot;5&quot;:{&quot;1&quot;:[{&quot;1&quot;:2,&quot;2&quot;:0,&quot;5&quot;:{&quot;1&quot;:2,&quot;2&quot;:0}},{&quot;1&quot;:0,&quot;2&quot;:0,&quot;3&quot;:3},{&quot;1&quot;:1,&quot;2&quot;:0,&quot;4&quot;:1}]},&quot;6&quot;:{&quot;1&quot;:[{&quot;1&quot;:2,&quot;2&quot;:0,&quot;5&quot;:{&quot;1&quot;:2,&quot;2&quot;:0}},{&quot;1&quot;:0,&quot;2&quot;:0,&quot;3&quot;:3},{&quot;1&quot;:1,&quot;2&quot;:0,&quot;4&quot;:1}]},&quot;7&quot;:{&quot;1&quot;:[{&quot;1&quot;:2,&quot;2&quot;:0,&quot;5&quot;:{&quot;1&quot;:2,&quot;2&quot;:0}},{&quot;1&quot;:0,&quot;2&quot;:0,&quot;3&quot;:3},{&quot;1&quot;:1,&quot;2&quot;:0,&quot;4&quot;:1}]},&quot;8&quot;:{&quot;1&quot;:[{&quot;1&quot;:2,&quot;2&quot;:0,&quot;5&quot;:{&quot;1&quot;:2,&quot;2&quot;:0}},{&quot;1&quot;:0,&quot;2&quot;:0,&quot;3&quot;:3},{&quot;1&quot;:1,&quot;2&quot;:0,&quot;4&quot;:1}]},&quot;10&quot;:1,&quot;12&quot;:0,&quot;14&quot;:{&quot;1&quot;:3,&quot;3&quot;:1},&quot;15&quot;:&quot;Calibri&quot;,&quot;16&quot;:9}\">Water, Hydrolyzed Silk, Cetearyl Alchohol, Butylene Glycol, Propylene Glycol, Glycerin, Behentrimonium Chloride, Dimethicone, Macadamia Ternifolia Seed Oil, Phytantriol, Aloe Barbadensis Leaf Extract, Ceramide NP, Sodium Benzoate, Arginine, Leucine, Tryptophan, Lysine, Isoleucine, Threonine, Methionine, Histidine, Asparagine, Alanine, Proline, Glutamic Acid, Glutamine, Glycine, Valine, Phenylalanine, Aspartic Acid, Tyrosine, Serine, Cystine, Fragrance.<\/span><\/em><\/p>\n<\/div>","protected":false},"excerpt":{"rendered":"<p>Hidratantni ekspres-balzam za kosu. 200ml<\/p>","protected":false},"featured_media":4757,"template":"","meta":{"_acf_changed":false},"product_brand":[],"product_cat":[418,171,623,614,611,617,608,606,605,173],"product_tag":[419],"class_list":{"0":"post-4754","1":"product","2":"type-product","3":"status-publish","4":"has-post-thumbnail","6":"product_cat-lador","7":"product_cat-haircare","8":"product_cat-hair-restoration","9":"product_cat-hairprotection","10":"product_cat-hairmoisture","11":"product_cat-alltypehairs","12":"product_cat-curlyhair","13":"product_cat-damagedhair","14":"product_cat-dryhair","15":"product_cat-hairconditioner","16":"product_tag-lador-wonder","18":"first","19":"instock","20":"shipping-taxable","21":"purchasable","22":"product-type-simple"},"acf":[],"yoast_head":"<!-- This site is optimized with the Yoast SEO Premium plugin v19.6 (Yoast SEO v20.11) - https:\/\/yoast.com\/wordpress\/plugins\/seo\/ -->\n<title>LADOR Wonder Balm 200ml - Malina Beauty Store<\/title>\n<meta name=\"description\" content=\"LADOR Wonder Balm 200ml\" \/>\n<meta name=\"robots\" content=\"index, follow, max-snippet:-1, max-image-preview:large, max-video-preview:-1\" \/>\n<link rel=\"canonical\" href=\"https:\/\/malinacosmetics.com\/sr\/\u043f\u0440\u043e\u0438\u0437\u0432\u043e\u0434\/lador-wonder-balm2\/\" \/>\n<meta property=\"og:locale\" content=\"sr_RS\" \/>\n<meta property=\"og:type\" content=\"article\" \/>\n<meta property=\"og:title\" content=\"LADOR Wonder Balm 200ml\" \/>\n<meta property=\"og:description\" content=\"LADOR Wonder Balm 200ml\" \/>\n<meta property=\"og:url\" content=\"https:\/\/malinacosmetics.com\/sr\/\u043f\u0440\u043e\u0438\u0437\u0432\u043e\u0434\/lador-wonder-balm2\/\" \/>\n<meta property=\"og:site_name\" content=\"Malina Beauty Store\" \/>\n<meta property=\"article:publisher\" content=\"https:\/\/www.facebook.com\/MalinaBeautyShopMe\/\" \/>\n<meta property=\"article:modified_time\" content=\"2025-09-27T11:02:11+00:00\" \/>\n<meta property=\"og:image\" content=\"https:\/\/malinacosmetics.com\/wp-content\/uploads\/2022\/11\/Lador-Wonder-Balm.jpg\" \/>\n\t<meta property=\"og:image:width\" content=\"1200\" \/>\n\t<meta property=\"og:image:height\" content=\"1200\" \/>\n\t<meta property=\"og:image:type\" content=\"image\/jpeg\" \/>\n<meta name=\"twitter:card\" content=\"summary_large_image\" \/>\n<script type=\"application\/ld+json\" class=\"yoast-schema-graph\">{\"@context\":\"https:\/\/schema.org\",\"@graph\":[{\"@type\":[\"WebPage\",\"ItemPage\"],\"@id\":\"https:\/\/malinacosmetics.com\/product\/lador-wonder-balm2\/\",\"url\":\"https:\/\/malinacosmetics.com\/product\/lador-wonder-balm2\/\",\"name\":\"LADOR Wonder Balm 200ml - Malina Beauty Store\",\"isPartOf\":{\"@id\":\"https:\/\/malinacosmetics.com\/#website\"},\"datePublished\":\"2022-11-01T19:12:10+00:00\",\"dateModified\":\"2025-09-27T11:02:11+00:00\",\"description\":\"LADOR Wonder Balm 200ml\",\"breadcrumb\":{\"@id\":\"https:\/\/malinacosmetics.com\/product\/lador-wonder-balm2\/#breadcrumb\"},\"inLanguage\":\"sr-RS\",\"potentialAction\":[{\"@type\":\"ReadAction\",\"target\":[\"https:\/\/malinacosmetics.com\/product\/lador-wonder-balm2\/\"]}]},{\"@type\":\"BreadcrumbList\",\"@id\":\"https:\/\/malinacosmetics.com\/product\/lador-wonder-balm2\/#breadcrumb\",\"itemListElement\":[{\"@type\":\"ListItem\",\"position\":1,\"name\":\"\u0413\u043b\u0430\u0432\u043d\u0430\u044f \u0441\u0442\u0440\u0430\u043d\u0438\u0446\u0430\",\"item\":\"https:\/\/malinacosmetics.com\/\"},{\"@type\":\"ListItem\",\"position\":2,\"name\":\"\u041a\u0430\u0442\u0430\u043b\u043e\u0433\",\"item\":\"https:\/\/malinacosmetics.com\/sr\/shop\/\"},{\"@type\":\"ListItem\",\"position\":3,\"name\":\"LADOR Wonder Balm 200ml\"}]},{\"@type\":\"WebSite\",\"@id\":\"https:\/\/malinacosmetics.com\/#website\",\"url\":\"https:\/\/malinacosmetics.com\/\",\"name\":\"Malina Beauty Store\",\"description\":\"Prodaja korejske kozmetike za Crnu Goru\",\"publisher\":{\"@id\":\"https:\/\/malinacosmetics.com\/#organization\"},\"potentialAction\":[{\"@type\":\"SearchAction\",\"target\":{\"@type\":\"EntryPoint\",\"urlTemplate\":\"https:\/\/malinacosmetics.com\/?s={search_term_string}\"},\"query-input\":\"required name=search_term_string\"}],\"inLanguage\":\"sr-RS\"},{\"@type\":\"Organization\",\"@id\":\"https:\/\/malinacosmetics.com\/#organization\",\"name\":\"malinacosmetics\",\"url\":\"https:\/\/malinacosmetics.com\/\",\"logo\":{\"@type\":\"ImageObject\",\"inLanguage\":\"sr-RS\",\"@id\":\"https:\/\/malinacosmetics.com\/#\/schema\/logo\/image\/\",\"url\":\"https:\/\/malinacosmetics.com\/wp-content\/uploads\/2021\/07\/logo.png\",\"contentUrl\":\"https:\/\/malinacosmetics.com\/wp-content\/uploads\/2021\/07\/logo.png\",\"width\":500,\"height\":353,\"caption\":\"malinacosmetics\"},\"image\":{\"@id\":\"https:\/\/malinacosmetics.com\/#\/schema\/logo\/image\/\"},\"sameAs\":[\"https:\/\/www.facebook.com\/MalinaBeautyShopMe\/\"]}]}<\/script>\n<meta property=\"product:brand\" content=\"simple\" \/>\n<meta property=\"product:price:amount\" content=\"23.00\" \/>\n<meta property=\"product:price:currency\" content=\"EUR\" \/>\n<meta property=\"og:availability\" content=\"instock\" \/>\n<meta property=\"product:availability\" content=\"instock\" \/>\n<meta property=\"product:condition\" content=\"new\" \/>\n<!-- \/ Yoast SEO Premium plugin. -->","yoast_head_json":{"title":"LADOR Wonder Balm 200ml - Malina Beauty Store","description":"LADOR Wonder Balm 200ml","robots":{"index":"index","follow":"follow","max-snippet":"max-snippet:-1","max-image-preview":"max-image-preview:large","max-video-preview":"max-video-preview:-1"},"canonical":"https:\/\/malinacosmetics.com\/sr\/\u043f\u0440\u043e\u0438\u0437\u0432\u043e\u0434\/lador-wonder-balm2\/","og_locale":"sr_RS","og_type":"article","og_title":"LADOR Wonder Balm 200ml","og_description":"LADOR Wonder Balm 200ml","og_url":"https:\/\/malinacosmetics.com\/sr\/\u043f\u0440\u043e\u0438\u0437\u0432\u043e\u0434\/lador-wonder-balm2\/","og_site_name":"Malina Beauty Store","article_publisher":"https:\/\/www.facebook.com\/MalinaBeautyShopMe\/","article_modified_time":"2025-09-27T11:02:11+00:00","og_image":[{"width":1200,"height":1200,"url":"https:\/\/malinacosmetics.com\/wp-content\/uploads\/2022\/11\/Lador-Wonder-Balm.jpg","type":"image\/jpeg"}],"twitter_card":"summary_large_image","schema":{"@context":"https:\/\/schema.org","@graph":[{"@type":["WebPage","ItemPage"],"@id":"https:\/\/malinacosmetics.com\/product\/lador-wonder-balm2\/","url":"https:\/\/malinacosmetics.com\/product\/lador-wonder-balm2\/","name":"LADOR Wonder Balm 200ml - Malina Beauty Store","isPartOf":{"@id":"https:\/\/malinacosmetics.com\/#website"},"datePublished":"2022-11-01T19:12:10+00:00","dateModified":"2025-09-27T11:02:11+00:00","description":"LADOR Wonder Balm 200ml","breadcrumb":{"@id":"https:\/\/malinacosmetics.com\/product\/lador-wonder-balm2\/#breadcrumb"},"inLanguage":"sr-RS","potentialAction":[{"@type":"ReadAction","target":["https:\/\/malinacosmetics.com\/product\/lador-wonder-balm2\/"]}]},{"@type":"BreadcrumbList","@id":"https:\/\/malinacosmetics.com\/product\/lador-wonder-balm2\/#breadcrumb","itemListElement":[{"@type":"ListItem","position":1,"name":"\u0413\u043b\u0430\u0432\u043d\u0430\u044f \u0441\u0442\u0440\u0430\u043d\u0438\u0446\u0430","item":"https:\/\/malinacosmetics.com\/"},{"@type":"ListItem","position":2,"name":"\u041a\u0430\u0442\u0430\u043b\u043e\u0433","item":"https:\/\/malinacosmetics.com\/sr\/shop\/"},{"@type":"ListItem","position":3,"name":"LADOR Wonder Balm 200ml"}]},{"@type":"WebSite","@id":"https:\/\/malinacosmetics.com\/#website","url":"https:\/\/malinacosmetics.com\/","name":"Malina Beauty Store","description":"Prodaja korejske kozmetike za Crnu Goru","publisher":{"@id":"https:\/\/malinacosmetics.com\/#organization"},"potentialAction":[{"@type":"SearchAction","target":{"@type":"EntryPoint","urlTemplate":"https:\/\/malinacosmetics.com\/?s={search_term_string}"},"query-input":"required name=search_term_string"}],"inLanguage":"sr-RS"},{"@type":"Organization","@id":"https:\/\/malinacosmetics.com\/#organization","name":"malinacosmetics","url":"https:\/\/malinacosmetics.com\/","logo":{"@type":"ImageObject","inLanguage":"sr-RS","@id":"https:\/\/malinacosmetics.com\/#\/schema\/logo\/image\/","url":"https:\/\/malinacosmetics.com\/wp-content\/uploads\/2021\/07\/logo.png","contentUrl":"https:\/\/malinacosmetics.com\/wp-content\/uploads\/2021\/07\/logo.png","width":500,"height":353,"caption":"malinacosmetics"},"image":{"@id":"https:\/\/malinacosmetics.com\/#\/schema\/logo\/image\/"},"sameAs":["https:\/\/www.facebook.com\/MalinaBeautyShopMe\/"]}]},"product_brand":"simple","product_price_amount":"23.00","product_price_currency":"EUR","og_availability":"instock","product_availability":"instock","product_condition":"new"},"jetpack_sharing_enabled":true,"_links":{"self":[{"href":"https:\/\/malinacosmetics.com\/sr\/wp-json\/wp\/v2\/product\/4754","targetHints":{"allow":["GET"]}}],"collection":[{"href":"https:\/\/malinacosmetics.com\/sr\/wp-json\/wp\/v2\/product"}],"about":[{"href":"https:\/\/malinacosmetics.com\/sr\/wp-json\/wp\/v2\/types\/product"}],"wp:featuredmedia":[{"embeddable":true,"href":"https:\/\/malinacosmetics.com\/sr\/wp-json\/wp\/v2\/media\/4757"}],"wp:attachment":[{"href":"https:\/\/malinacosmetics.com\/sr\/wp-json\/wp\/v2\/media?parent=4754"}],"wp:term":[{"taxonomy":"product_brand","embeddable":true,"href":"https:\/\/malinacosmetics.com\/sr\/wp-json\/wp\/v2\/product_brand?post=4754"},{"taxonomy":"product_cat","embeddable":true,"href":"https:\/\/malinacosmetics.com\/sr\/wp-json\/wp\/v2\/product_cat?post=4754"},{"taxonomy":"product_tag","embeddable":true,"href":"https:\/\/malinacosmetics.com\/sr\/wp-json\/wp\/v2\/product_tag?post=4754"}],"curies":[{"name":"wp","href":"https:\/\/api.w.org\/{rel}","templated":true}]}}