{"id":4749,"date":"2022-11-01T21:41:43","date_gmt":"2022-11-01T18:41:43","guid":{"rendered":"https:\/\/malinacosmetics.com\/?post_type=product&#038;p=4749"},"modified":"2026-04-14T19:17:54","modified_gmt":"2026-04-14T17:17:54","slug":"lador-keratin-lpp-shampoo-530ml","status":"publish","type":"product","link":"https:\/\/malinacosmetics.com\/sr\/\u043f\u0440\u043e\u0438\u0437\u0432\u043e\u0434\/lador-keratin-lpp-shampoo-530ml\/","title":{"rendered":"LADOR Keratin LPP Shampoo 530ml"},"content":{"rendered":"<p class=\"translation-block\">LA\u2019DOR KERATIN LPP \u0161ampon sadr\u017ei hidrolizovani keratin, hidrolizovane proteine iz p\u0161enice i hidrolizovanu svilu, koji omogu\u0107avaju bogatu ishranjenost proteinima, hidriraju, vra\u0107aju elasti\u010dnost kose i spre\u010davaju njeno lomljenje i pucanje, kao i ulja avokada, eukaliptusa, baobaba, jojobe, argana i cveta kamelije koji omogu\u0107avaju jednostavno pranje kose sa bogatom i ne\u017enom penom. Zahvaljuju\u0107i vrednosti pH 6.0 LA\u2019DOR proteinski \u0161ampon odr\u017eava prirodnu ravnote\u017eu kiselosti kose i ko\u017ee glave.\nIntenzivno i dubinski \u010disti kosu i ko\u017eu glave. Ja\u010da kosu i spre\u010dava lomljenje dlake. Dubinski hidrira kosu. Regeneri\u0161e kosu o\u0161te\u0107enu farbanjem, hemijskim tretmanima, toplotom i izlo\u017eeno\u0161\u0107u UV zraka i odr\u017eava boju kose. Zahvaljuju\u0107i sadr\u017eaju hidrolizovane svile stvara za\u0161titni film na povr\u0161ini dlake. Spre\u010dava nastanak peruti i odr\u017eava kosu sjajnom i jakom zahvaljuju\u0107i hranjivim biljnim sastojcima.\nLA\u2019DOR KERATIN LPP \u0161ampon ne sadr\u017ei silikone, sulfate, parabene, ve\u0161ta\u010dke boje i druge \u0161tetne sastojake.<\/p>\n<p><strong><br>Na\u010din upotrebe:<\/strong> Pokvasite kosu sa mlakom vodom. Nanesite potrebnu koli\u010dinu \u0161ampona na kosu i ne\u017eno masirajte kako bi se napravila pena. Temeljno isperite kosu mlakom vodom. Pogodan za svakodnevnu upotrebu.\nZa postizanje maksimalnih rezultata preporu\u010dujemo da LA\u2019DOR KERATIN LPP \u0161ampon koristite zajedno sa drugim proizvodima iz \u201cLA\u2019DOR\u201d linije za negu kose sa keratinom: Hydro LPP tretamanom, Perfect hair fill-up ampulama i Keratin power glue esencijom.<\/p>\n<hr \/>\n<div>\n<p><em><b><em>Sastojci:<\/em> <\/b>Purified water, cocamidopropyl betaine, disodium laureth sulfosuccinate, lauramine oxide, TEA-cocoyl glutamate, glycerin, butylene glycol, lauramide DIA, PEG-120 methylglucosediolate, Sodium benzoate, PEG-7 glyceryl cocoate, PEG-3 caprylyl ether, citric acid, polyquaternium-10, betaine, hydroxypropyl chitosan, hydrolyzed wheat protein, hydrolyzed Decorn Sudan White, Hydrolyzed Soy Protein, Hydrolyzed Silk, Hydroxyacetophenone, Sodium Hyaluronate, Trehalose, Dipropylene Glycol, Zein, Argan Kernel Oil, Avocado Oil, Camellia Seed Oil, jojoba seed oil, fragrance, benzyl salicylate, citronellol, hexylcinnamal, hydroxycitronelal, Fragrance<\/em><\/p>\n<p><em>\u00a0<\/em><\/p>\n<p>&nbsp;<\/p>\n<\/div>","protected":false},"excerpt":{"rendered":"<p>\u0160ampon sa keratinom za oporavak o\u0161te\u0107ene kose. 530ml<\/p>","protected":false},"featured_media":4750,"template":"","meta":{"_acf_changed":false},"product_brand":[],"product_cat":[418,171,623,610,612,611,617,606,605,172],"product_tag":[431],"class_list":{"0":"post-4749","1":"product","2":"type-product","3":"status-publish","4":"has-post-thumbnail","6":"product_cat-lador","7":"product_cat-haircare","8":"product_cat-hair-restoration","9":"product_cat-hairpurifying","10":"product_cat-hairnutrition","11":"product_cat-hairmoisture","12":"product_cat-alltypehairs","13":"product_cat-damagedhair","14":"product_cat-dryhair","15":"product_cat-shampoo","16":"product_tag-lador-keratin","18":"first","19":"outofstock","20":"shipping-taxable","21":"purchasable","22":"product-type-simple"},"acf":[],"yoast_head":"<!-- This site is optimized with the Yoast SEO Premium plugin v19.6 (Yoast SEO v20.11) - https:\/\/yoast.com\/wordpress\/plugins\/seo\/ -->\n<title>LADOR Keratin LPP Shampoo 530ml - Malina Beauty Store<\/title>\n<meta name=\"robots\" content=\"index, follow, max-snippet:-1, max-image-preview:large, max-video-preview:-1\" \/>\n<link rel=\"canonical\" href=\"https:\/\/malinacosmetics.com\/sr\/\u043f\u0440\u043e\u0438\u0437\u0432\u043e\u0434\/lador-keratin-lpp-shampoo-530ml\/\" \/>\n<meta property=\"og:locale\" content=\"sr_RS\" \/>\n<meta property=\"og:type\" content=\"article\" \/>\n<meta property=\"og:title\" content=\"LADOR Keratin LPP Shampoo 530ml\" \/>\n<meta property=\"og:description\" content=\"\u0411\u0435\u0441\u0441\u0443\u043b\u044c\u0444\u0430\u0442\u043d\u044b\u0439 \u043f\u0440\u043e\u0442\u0435\u0438\u043d\u043e\u0432\u044b\u0439 \u0448\u0430\u043c\u043f\u0443\u043d\u044c \u0441 \u043a\u0435\u0440\u0430\u0442\u0438\u043d\u043e\u043c. 530ml\" \/>\n<meta property=\"og:url\" content=\"https:\/\/malinacosmetics.com\/sr\/\u043f\u0440\u043e\u0438\u0437\u0432\u043e\u0434\/lador-keratin-lpp-shampoo-530ml\/\" \/>\n<meta property=\"og:site_name\" content=\"Malina Beauty Store\" \/>\n<meta property=\"article:publisher\" content=\"https:\/\/www.facebook.com\/MalinaBeautyShopMe\/\" \/>\n<meta property=\"article:modified_time\" content=\"2026-04-14T17:17:54+00:00\" \/>\n<meta property=\"og:image\" content=\"https:\/\/malinacosmetics.com\/wp-content\/uploads\/2022\/11\/LADOR-Keratin-LPP-Shampoo-530ml.jpg\" \/>\n\t<meta property=\"og:image:width\" content=\"1200\" \/>\n\t<meta property=\"og:image:height\" content=\"1200\" \/>\n\t<meta property=\"og:image:type\" content=\"image\/jpeg\" \/>\n<meta name=\"twitter:card\" content=\"summary_large_image\" \/>\n<script type=\"application\/ld+json\" class=\"yoast-schema-graph\">{\"@context\":\"https:\/\/schema.org\",\"@graph\":[{\"@type\":[\"WebPage\",\"ItemPage\"],\"@id\":\"https:\/\/malinacosmetics.com\/product\/lador-keratin-lpp-shampoo-530ml\/\",\"url\":\"https:\/\/malinacosmetics.com\/product\/lador-keratin-lpp-shampoo-530ml\/\",\"name\":\"LADOR Keratin LPP Shampoo 530ml - Malina Beauty Store\",\"isPartOf\":{\"@id\":\"https:\/\/malinacosmetics.com\/#website\"},\"datePublished\":\"2022-11-01T18:41:43+00:00\",\"dateModified\":\"2026-04-14T17:17:54+00:00\",\"breadcrumb\":{\"@id\":\"https:\/\/malinacosmetics.com\/product\/lador-keratin-lpp-shampoo-530ml\/#breadcrumb\"},\"inLanguage\":\"sr-RS\",\"potentialAction\":[{\"@type\":\"ReadAction\",\"target\":[\"https:\/\/malinacosmetics.com\/product\/lador-keratin-lpp-shampoo-530ml\/\"]}]},{\"@type\":\"BreadcrumbList\",\"@id\":\"https:\/\/malinacosmetics.com\/product\/lador-keratin-lpp-shampoo-530ml\/#breadcrumb\",\"itemListElement\":[{\"@type\":\"ListItem\",\"position\":1,\"name\":\"\u0413\u043b\u0430\u0432\u043d\u0430\u044f \u0441\u0442\u0440\u0430\u043d\u0438\u0446\u0430\",\"item\":\"https:\/\/malinacosmetics.com\/\"},{\"@type\":\"ListItem\",\"position\":2,\"name\":\"\u041a\u0430\u0442\u0430\u043b\u043e\u0433\",\"item\":\"https:\/\/malinacosmetics.com\/sr\/shop\/\"},{\"@type\":\"ListItem\",\"position\":3,\"name\":\"LADOR Keratin LPP Shampoo 530ml\"}]},{\"@type\":\"WebSite\",\"@id\":\"https:\/\/malinacosmetics.com\/#website\",\"url\":\"https:\/\/malinacosmetics.com\/\",\"name\":\"Malina Beauty Store\",\"description\":\"Prodaja korejske kozmetike za Crnu Goru\",\"publisher\":{\"@id\":\"https:\/\/malinacosmetics.com\/#organization\"},\"potentialAction\":[{\"@type\":\"SearchAction\",\"target\":{\"@type\":\"EntryPoint\",\"urlTemplate\":\"https:\/\/malinacosmetics.com\/?s={search_term_string}\"},\"query-input\":\"required name=search_term_string\"}],\"inLanguage\":\"sr-RS\"},{\"@type\":\"Organization\",\"@id\":\"https:\/\/malinacosmetics.com\/#organization\",\"name\":\"malinacosmetics\",\"url\":\"https:\/\/malinacosmetics.com\/\",\"logo\":{\"@type\":\"ImageObject\",\"inLanguage\":\"sr-RS\",\"@id\":\"https:\/\/malinacosmetics.com\/#\/schema\/logo\/image\/\",\"url\":\"https:\/\/malinacosmetics.com\/wp-content\/uploads\/2021\/07\/logo.png\",\"contentUrl\":\"https:\/\/malinacosmetics.com\/wp-content\/uploads\/2021\/07\/logo.png\",\"width\":500,\"height\":353,\"caption\":\"malinacosmetics\"},\"image\":{\"@id\":\"https:\/\/malinacosmetics.com\/#\/schema\/logo\/image\/\"},\"sameAs\":[\"https:\/\/www.facebook.com\/MalinaBeautyShopMe\/\"]}]}<\/script>\n<meta property=\"product:brand\" content=\"simple\" \/>\n<meta property=\"product:price:amount\" content=\"23.00\" \/>\n<meta property=\"product:price:currency\" content=\"EUR\" \/>\n<meta property=\"og:availability\" content=\"out of stock\" \/>\n<meta property=\"product:availability\" content=\"out of stock\" \/>\n<meta property=\"product:condition\" content=\"new\" \/>\n<!-- \/ Yoast SEO Premium plugin. -->","yoast_head_json":{"title":"LADOR Keratin LPP Shampoo 530ml - Malina Beauty Store","robots":{"index":"index","follow":"follow","max-snippet":"max-snippet:-1","max-image-preview":"max-image-preview:large","max-video-preview":"max-video-preview:-1"},"canonical":"https:\/\/malinacosmetics.com\/sr\/\u043f\u0440\u043e\u0438\u0437\u0432\u043e\u0434\/lador-keratin-lpp-shampoo-530ml\/","og_locale":"sr_RS","og_type":"article","og_title":"LADOR Keratin LPP Shampoo 530ml","og_description":"\u0411\u0435\u0441\u0441\u0443\u043b\u044c\u0444\u0430\u0442\u043d\u044b\u0439 \u043f\u0440\u043e\u0442\u0435\u0438\u043d\u043e\u0432\u044b\u0439 \u0448\u0430\u043c\u043f\u0443\u043d\u044c \u0441 \u043a\u0435\u0440\u0430\u0442\u0438\u043d\u043e\u043c. 530ml","og_url":"https:\/\/malinacosmetics.com\/sr\/\u043f\u0440\u043e\u0438\u0437\u0432\u043e\u0434\/lador-keratin-lpp-shampoo-530ml\/","og_site_name":"Malina Beauty Store","article_publisher":"https:\/\/www.facebook.com\/MalinaBeautyShopMe\/","article_modified_time":"2026-04-14T17:17:54+00:00","og_image":[{"width":1200,"height":1200,"url":"https:\/\/malinacosmetics.com\/wp-content\/uploads\/2022\/11\/LADOR-Keratin-LPP-Shampoo-530ml.jpg","type":"image\/jpeg"}],"twitter_card":"summary_large_image","schema":{"@context":"https:\/\/schema.org","@graph":[{"@type":["WebPage","ItemPage"],"@id":"https:\/\/malinacosmetics.com\/product\/lador-keratin-lpp-shampoo-530ml\/","url":"https:\/\/malinacosmetics.com\/product\/lador-keratin-lpp-shampoo-530ml\/","name":"LADOR Keratin LPP Shampoo 530ml - Malina Beauty Store","isPartOf":{"@id":"https:\/\/malinacosmetics.com\/#website"},"datePublished":"2022-11-01T18:41:43+00:00","dateModified":"2026-04-14T17:17:54+00:00","breadcrumb":{"@id":"https:\/\/malinacosmetics.com\/product\/lador-keratin-lpp-shampoo-530ml\/#breadcrumb"},"inLanguage":"sr-RS","potentialAction":[{"@type":"ReadAction","target":["https:\/\/malinacosmetics.com\/product\/lador-keratin-lpp-shampoo-530ml\/"]}]},{"@type":"BreadcrumbList","@id":"https:\/\/malinacosmetics.com\/product\/lador-keratin-lpp-shampoo-530ml\/#breadcrumb","itemListElement":[{"@type":"ListItem","position":1,"name":"\u0413\u043b\u0430\u0432\u043d\u0430\u044f \u0441\u0442\u0440\u0430\u043d\u0438\u0446\u0430","item":"https:\/\/malinacosmetics.com\/"},{"@type":"ListItem","position":2,"name":"\u041a\u0430\u0442\u0430\u043b\u043e\u0433","item":"https:\/\/malinacosmetics.com\/sr\/shop\/"},{"@type":"ListItem","position":3,"name":"LADOR Keratin LPP Shampoo 530ml"}]},{"@type":"WebSite","@id":"https:\/\/malinacosmetics.com\/#website","url":"https:\/\/malinacosmetics.com\/","name":"Malina Beauty Store","description":"Prodaja korejske kozmetike za Crnu Goru","publisher":{"@id":"https:\/\/malinacosmetics.com\/#organization"},"potentialAction":[{"@type":"SearchAction","target":{"@type":"EntryPoint","urlTemplate":"https:\/\/malinacosmetics.com\/?s={search_term_string}"},"query-input":"required name=search_term_string"}],"inLanguage":"sr-RS"},{"@type":"Organization","@id":"https:\/\/malinacosmetics.com\/#organization","name":"malinacosmetics","url":"https:\/\/malinacosmetics.com\/","logo":{"@type":"ImageObject","inLanguage":"sr-RS","@id":"https:\/\/malinacosmetics.com\/#\/schema\/logo\/image\/","url":"https:\/\/malinacosmetics.com\/wp-content\/uploads\/2021\/07\/logo.png","contentUrl":"https:\/\/malinacosmetics.com\/wp-content\/uploads\/2021\/07\/logo.png","width":500,"height":353,"caption":"malinacosmetics"},"image":{"@id":"https:\/\/malinacosmetics.com\/#\/schema\/logo\/image\/"},"sameAs":["https:\/\/www.facebook.com\/MalinaBeautyShopMe\/"]}]},"product_brand":"simple","product_price_amount":"23.00","product_price_currency":"EUR","og_availability":"out of stock","product_availability":"out of stock","product_condition":"new"},"jetpack_sharing_enabled":true,"_links":{"self":[{"href":"https:\/\/malinacosmetics.com\/sr\/wp-json\/wp\/v2\/product\/4749","targetHints":{"allow":["GET"]}}],"collection":[{"href":"https:\/\/malinacosmetics.com\/sr\/wp-json\/wp\/v2\/product"}],"about":[{"href":"https:\/\/malinacosmetics.com\/sr\/wp-json\/wp\/v2\/types\/product"}],"wp:featuredmedia":[{"embeddable":true,"href":"https:\/\/malinacosmetics.com\/sr\/wp-json\/wp\/v2\/media\/4750"}],"wp:attachment":[{"href":"https:\/\/malinacosmetics.com\/sr\/wp-json\/wp\/v2\/media?parent=4749"}],"wp:term":[{"taxonomy":"product_brand","embeddable":true,"href":"https:\/\/malinacosmetics.com\/sr\/wp-json\/wp\/v2\/product_brand?post=4749"},{"taxonomy":"product_cat","embeddable":true,"href":"https:\/\/malinacosmetics.com\/sr\/wp-json\/wp\/v2\/product_cat?post=4749"},{"taxonomy":"product_tag","embeddable":true,"href":"https:\/\/malinacosmetics.com\/sr\/wp-json\/wp\/v2\/product_tag?post=4749"}],"curies":[{"name":"wp","href":"https:\/\/api.w.org\/{rel}","templated":true}]}}