{"id":4747,"date":"2022-11-01T21:36:16","date_gmt":"2022-11-01T18:36:16","guid":{"rendered":"https:\/\/malinacosmetics.com\/?post_type=product&#038;p=4747"},"modified":"2025-09-27T13:04:16","modified_gmt":"2025-09-27T11:04:16","slug":"lador-herbalism-treatment-150ml","status":"publish","type":"product","link":"https:\/\/malinacosmetics.com\/sr\/\u043f\u0440\u043e\u0438\u0437\u0432\u043e\u0434\/lador-herbalism-treatment-150ml\/","title":{"rendered":"LADOR Herbalism Treatment 150ml"},"content":{"rendered":"<p class=\"translation-block\">Biljna maska za kosu sa aminokiselinama Lador Herbalism Treatment aktivno obnavlja o\u0161te\u0107enu kosu, ja\u010da je, \u010dini pramenove glatkim i svilenkastim. Duboko hrani i hidrira, pobolj\u0161ava teksturu kose, \u0161titi od negativnog uticaja vode iz slavine i sredstava za stilizovanje.<br>\n\nMaska temeljno revitalizuje oslabljenu kosu, regeneri\u0161e ispucale krajeve i uklanja \u0161tetne posledice upotrebe fena i proizvoda za oblikovanje. Spre\u010dava opadanje kose, ja\u010da folikule, elimini\u0161e lomljivost i zapetljavanje. Stvara za\u0161titni sloj koji brani kosu od agresivnih spolja\u0161njih faktora. \u010cini kosu poslu\u0161nom, vra\u0107a joj zdrav sjaj i zaceljuje ispucale krajeve.<br>\n\nProizvod se brzo upija i oboga\u0107uje kosu aktivnim sastojcima, obnavljaju\u0107i zdravlje pramenova u kratkom vremenskom periodu.<br>\n\nGlavni aktivni sastojci: <br>\nKompleks od 20 aminokiselina dubinski obnavlja strukturu kose, popunjava o\u0161te\u0107ene delove, ja\u010da ih i podr\u017eava za\u0161titni sloj. \u010cini kosu otpornijom na spolja\u0161nje iritante, pru\u017eaju\u0107i glatko\u0107u i snagu. <br>\nKompleks od 7 biljnih ekstrakata (nar, \u017ealfija, limun, menta, lavanda, eukaliptus, p\u0161enica) umiruje nadra\u017eenu ko\u017eu, smanjuje upalne procese, otklanja neprijatne ose\u0107aje i svrab. Ima prijatan efekat hla\u0111enja.<br>\n\nPogodna za negu oslabljene kose.<\/p>\n<p><strong><br>Na\u010din upotrebe:<\/strong> Posle \u0161ampona nanesite malu koli\u010dinu maske na vla\u017enu kosu, posebno pa\u017eljivo raspore\u0111uju\u0107i masku na krajevima kose. Isperite proizvod mlakom vodom.<\/p>\n<hr \/>\n<div>\n<p><em><b><em>Sastojci:<\/em><\/b> <span data-sheets-value=\"{&quot;1&quot;:2,&quot;2&quot;:&quot;Water, Cetearyl Alcohol, Propylene Glycol, Aminopropyl Dimethicone, C13-15 Alkane, Steartrimonium Chloride, Dimethicone, Cetrimonium Chloride, Cetyl Alcohol, Stearamica Dimethylamine, C12-14 Sec-Pareth-7, Amodimethicone, Trideceth-12, Camelia Japonica Seed Oil, Grape Seed Oil, Argania Spinosa Kernel Oil, Glyceryl Stearate SE, Hydroxyethylcellulose, 1,2-hexandiol, Witch Hazel Leaf Extract, Sage Leaf Extract, Lavender Flower Extract, Melissa Leaf Extract, Peppermint Leaf Extract, Houttuynia Cordata Extract, Eucalyptus Globulus Leaf Extract, Arginine, Leucine, Tryptophan, Lysine, Isoleucine, Threonine, Methionine, Histidine, Asparagine, Alanine, Proline , Glutamic Acid, Glutamine, Glycine, Valine, Phenylalanine, Aspartic Acid, Tyrosine, Serine, Cystine, Lactic Acid, Polyquaternium-10, PEG-45V, Methylpropandiol, Laurylpyridinium Chloride, Allantoin, Benzyl Benzoate, Limonene, Linalool, Fragrance&quot;}\" data-sheets-userformat=\"{&quot;2&quot;:15039,&quot;3&quot;:{&quot;1&quot;:0},&quot;4&quot;:{&quot;1&quot;:3,&quot;3&quot;:2},&quot;5&quot;:{&quot;1&quot;:[{&quot;1&quot;:2,&quot;2&quot;:0,&quot;5&quot;:{&quot;1&quot;:2,&quot;2&quot;:0}},{&quot;1&quot;:0,&quot;2&quot;:0,&quot;3&quot;:3},{&quot;1&quot;:1,&quot;2&quot;:0,&quot;4&quot;:1}]},&quot;6&quot;:{&quot;1&quot;:[{&quot;1&quot;:2,&quot;2&quot;:0,&quot;5&quot;:{&quot;1&quot;:2,&quot;2&quot;:0}},{&quot;1&quot;:0,&quot;2&quot;:0,&quot;3&quot;:3},{&quot;1&quot;:1,&quot;2&quot;:0,&quot;4&quot;:1}]},&quot;7&quot;:{&quot;1&quot;:[{&quot;1&quot;:2,&quot;2&quot;:0,&quot;5&quot;:{&quot;1&quot;:2,&quot;2&quot;:0}},{&quot;1&quot;:0,&quot;2&quot;:0,&quot;3&quot;:3},{&quot;1&quot;:1,&quot;2&quot;:0,&quot;4&quot;:1}]},&quot;8&quot;:{&quot;1&quot;:[{&quot;1&quot;:2,&quot;2&quot;:0,&quot;5&quot;:{&quot;1&quot;:2,&quot;2&quot;:0}},{&quot;1&quot;:0,&quot;2&quot;:0,&quot;3&quot;:3},{&quot;1&quot;:1,&quot;2&quot;:0,&quot;4&quot;:1}]},&quot;10&quot;:1,&quot;12&quot;:0,&quot;14&quot;:{&quot;1&quot;:3,&quot;3&quot;:1},&quot;15&quot;:&quot;Calibri&quot;,&quot;16&quot;:9}\">Water, Cetearyl Alcohol, Propylene Glycol, Aminopropyl Dimethicone, C13-15 Alkane, Steartrimonium Chloride, Dimethicone, Cetrimonium Chloride, Cetyl Alcohol, Stearamica Dimethylamine, C12-14 Sec-Pareth-7, Amodimethicone, Trideceth-12, Camelia Japonica Seed Oil, Grape Seed Oil, Argania Spinosa Kernel Oil, Glyceryl Stearate SE, Hydroxyethylcellulose, 1,2-hexandiol, Witch Hazel Leaf Extract, Sage Leaf Extract, Lavender Flower Extract, Melissa Leaf Extract, Peppermint Leaf Extract, Houttuynia Cordata Extract, Eucalyptus Globulus Leaf Extract, Arginine, Leucine, Tryptophan, Lysine, Isoleucine, Threonine, Methionine, Histidine, Asparagine, Alanine, Proline , Glutamic Acid, Glutamine, Glycine, Valine, Phenylalanine, Aspartic Acid, Tyrosine, Serine, Cystine, Lactic Acid, Polyquaternium-10, PEG-45V, Methylpropandiol, Laurylpyridinium Chloride, Allantoin, Benzyl Benzoate, Limonene, Linalool, Fragrance<\/span><\/em><\/p>\n<p><em><b><\/b><br \/>\n<\/em><\/p>\n<p>&nbsp;<\/p>\n<\/div>","protected":false},"excerpt":{"rendered":"<p>Biljna maska sa aminokiselinama za oslabljenu kosu. 150ml<\/p>","protected":false},"featured_media":4748,"template":"","meta":{"_acf_changed":false},"product_brand":[],"product_cat":[418,171,623,619,612,611,617,608,606,605,428],"product_tag":[430],"class_list":{"0":"post-4747","1":"product","2":"type-product","3":"status-publish","4":"has-post-thumbnail","6":"product_cat-lador","7":"product_cat-haircare","8":"product_cat-hair-restoration","9":"product_cat-hairshine","10":"product_cat-hairnutrition","11":"product_cat-hairmoisture","12":"product_cat-alltypehairs","13":"product_cat-curlyhair","14":"product_cat-damagedhair","15":"product_cat-dryhair","16":"product_cat-hairmask","17":"product_tag-lador-herbalism","19":"first","20":"instock","21":"shipping-taxable","22":"purchasable","23":"product-type-simple"},"acf":[],"yoast_head":"<!-- This site is optimized with the Yoast SEO Premium plugin v19.6 (Yoast SEO v20.11) - https:\/\/yoast.com\/wordpress\/plugins\/seo\/ -->\n<title>LADOR Herbalism Treatment 150ml - Malina Beauty Store<\/title>\n<meta name=\"description\" content=\"LADOR Herbalism Treatment 150ml\" \/>\n<meta name=\"robots\" content=\"index, follow, max-snippet:-1, max-image-preview:large, max-video-preview:-1\" \/>\n<link rel=\"canonical\" href=\"https:\/\/malinacosmetics.com\/sr\/\u043f\u0440\u043e\u0438\u0437\u0432\u043e\u0434\/lador-herbalism-treatment-150ml\/\" \/>\n<meta property=\"og:locale\" content=\"sr_RS\" \/>\n<meta property=\"og:type\" content=\"article\" \/>\n<meta property=\"og:title\" content=\"LADOR Herbalism Treatment 150ml\" \/>\n<meta property=\"og:description\" content=\"LADOR Herbalism Treatment 150ml\" \/>\n<meta property=\"og:url\" content=\"https:\/\/malinacosmetics.com\/sr\/\u043f\u0440\u043e\u0438\u0437\u0432\u043e\u0434\/lador-herbalism-treatment-150ml\/\" \/>\n<meta property=\"og:site_name\" content=\"Malina Beauty Store\" \/>\n<meta property=\"article:publisher\" content=\"https:\/\/www.facebook.com\/MalinaBeautyShopMe\/\" \/>\n<meta property=\"article:modified_time\" content=\"2025-09-27T11:04:16+00:00\" \/>\n<meta property=\"og:image\" content=\"https:\/\/malinacosmetics.com\/wp-content\/uploads\/2022\/11\/Lador-Herbalism-Treatment.jpg\" \/>\n\t<meta property=\"og:image:width\" content=\"1200\" \/>\n\t<meta property=\"og:image:height\" content=\"1200\" \/>\n\t<meta property=\"og:image:type\" content=\"image\/jpeg\" \/>\n<meta name=\"twitter:card\" content=\"summary_large_image\" \/>\n<script type=\"application\/ld+json\" class=\"yoast-schema-graph\">{\"@context\":\"https:\/\/schema.org\",\"@graph\":[{\"@type\":[\"WebPage\",\"ItemPage\"],\"@id\":\"https:\/\/malinacosmetics.com\/product\/lador-herbalism-treatment-150ml\/\",\"url\":\"https:\/\/malinacosmetics.com\/product\/lador-herbalism-treatment-150ml\/\",\"name\":\"LADOR Herbalism Treatment 150ml - Malina Beauty Store\",\"isPartOf\":{\"@id\":\"https:\/\/malinacosmetics.com\/#website\"},\"datePublished\":\"2022-11-01T18:36:16+00:00\",\"dateModified\":\"2025-09-27T11:04:16+00:00\",\"description\":\"LADOR Herbalism Treatment 150ml\",\"breadcrumb\":{\"@id\":\"https:\/\/malinacosmetics.com\/product\/lador-herbalism-treatment-150ml\/#breadcrumb\"},\"inLanguage\":\"sr-RS\",\"potentialAction\":[{\"@type\":\"ReadAction\",\"target\":[\"https:\/\/malinacosmetics.com\/product\/lador-herbalism-treatment-150ml\/\"]}]},{\"@type\":\"BreadcrumbList\",\"@id\":\"https:\/\/malinacosmetics.com\/product\/lador-herbalism-treatment-150ml\/#breadcrumb\",\"itemListElement\":[{\"@type\":\"ListItem\",\"position\":1,\"name\":\"\u0413\u043b\u0430\u0432\u043d\u0430\u044f \u0441\u0442\u0440\u0430\u043d\u0438\u0446\u0430\",\"item\":\"https:\/\/malinacosmetics.com\/\"},{\"@type\":\"ListItem\",\"position\":2,\"name\":\"\u041a\u0430\u0442\u0430\u043b\u043e\u0433\",\"item\":\"https:\/\/malinacosmetics.com\/sr\/shop\/\"},{\"@type\":\"ListItem\",\"position\":3,\"name\":\"LADOR Herbalism Treatment 150ml\"}]},{\"@type\":\"WebSite\",\"@id\":\"https:\/\/malinacosmetics.com\/#website\",\"url\":\"https:\/\/malinacosmetics.com\/\",\"name\":\"Malina Beauty Store\",\"description\":\"Prodaja korejske kozmetike za Crnu Goru\",\"publisher\":{\"@id\":\"https:\/\/malinacosmetics.com\/#organization\"},\"potentialAction\":[{\"@type\":\"SearchAction\",\"target\":{\"@type\":\"EntryPoint\",\"urlTemplate\":\"https:\/\/malinacosmetics.com\/?s={search_term_string}\"},\"query-input\":\"required name=search_term_string\"}],\"inLanguage\":\"sr-RS\"},{\"@type\":\"Organization\",\"@id\":\"https:\/\/malinacosmetics.com\/#organization\",\"name\":\"malinacosmetics\",\"url\":\"https:\/\/malinacosmetics.com\/\",\"logo\":{\"@type\":\"ImageObject\",\"inLanguage\":\"sr-RS\",\"@id\":\"https:\/\/malinacosmetics.com\/#\/schema\/logo\/image\/\",\"url\":\"https:\/\/malinacosmetics.com\/wp-content\/uploads\/2021\/07\/logo.png\",\"contentUrl\":\"https:\/\/malinacosmetics.com\/wp-content\/uploads\/2021\/07\/logo.png\",\"width\":500,\"height\":353,\"caption\":\"malinacosmetics\"},\"image\":{\"@id\":\"https:\/\/malinacosmetics.com\/#\/schema\/logo\/image\/\"},\"sameAs\":[\"https:\/\/www.facebook.com\/MalinaBeautyShopMe\/\"]}]}<\/script>\n<meta property=\"product:brand\" content=\"simple\" \/>\n<meta property=\"product:price:amount\" content=\"11.00\" \/>\n<meta property=\"product:price:currency\" content=\"EUR\" \/>\n<meta property=\"og:availability\" content=\"instock\" \/>\n<meta property=\"product:availability\" content=\"instock\" \/>\n<meta property=\"product:condition\" content=\"new\" \/>\n<!-- \/ Yoast SEO Premium plugin. -->","yoast_head_json":{"title":"LADOR Herbalism Treatment 150ml - Malina Beauty Store","description":"LADOR Herbalism Treatment 150ml","robots":{"index":"index","follow":"follow","max-snippet":"max-snippet:-1","max-image-preview":"max-image-preview:large","max-video-preview":"max-video-preview:-1"},"canonical":"https:\/\/malinacosmetics.com\/sr\/\u043f\u0440\u043e\u0438\u0437\u0432\u043e\u0434\/lador-herbalism-treatment-150ml\/","og_locale":"sr_RS","og_type":"article","og_title":"LADOR Herbalism Treatment 150ml","og_description":"LADOR Herbalism Treatment 150ml","og_url":"https:\/\/malinacosmetics.com\/sr\/\u043f\u0440\u043e\u0438\u0437\u0432\u043e\u0434\/lador-herbalism-treatment-150ml\/","og_site_name":"Malina Beauty Store","article_publisher":"https:\/\/www.facebook.com\/MalinaBeautyShopMe\/","article_modified_time":"2025-09-27T11:04:16+00:00","og_image":[{"width":1200,"height":1200,"url":"https:\/\/malinacosmetics.com\/wp-content\/uploads\/2022\/11\/Lador-Herbalism-Treatment.jpg","type":"image\/jpeg"}],"twitter_card":"summary_large_image","schema":{"@context":"https:\/\/schema.org","@graph":[{"@type":["WebPage","ItemPage"],"@id":"https:\/\/malinacosmetics.com\/product\/lador-herbalism-treatment-150ml\/","url":"https:\/\/malinacosmetics.com\/product\/lador-herbalism-treatment-150ml\/","name":"LADOR Herbalism Treatment 150ml - Malina Beauty Store","isPartOf":{"@id":"https:\/\/malinacosmetics.com\/#website"},"datePublished":"2022-11-01T18:36:16+00:00","dateModified":"2025-09-27T11:04:16+00:00","description":"LADOR Herbalism Treatment 150ml","breadcrumb":{"@id":"https:\/\/malinacosmetics.com\/product\/lador-herbalism-treatment-150ml\/#breadcrumb"},"inLanguage":"sr-RS","potentialAction":[{"@type":"ReadAction","target":["https:\/\/malinacosmetics.com\/product\/lador-herbalism-treatment-150ml\/"]}]},{"@type":"BreadcrumbList","@id":"https:\/\/malinacosmetics.com\/product\/lador-herbalism-treatment-150ml\/#breadcrumb","itemListElement":[{"@type":"ListItem","position":1,"name":"\u0413\u043b\u0430\u0432\u043d\u0430\u044f \u0441\u0442\u0440\u0430\u043d\u0438\u0446\u0430","item":"https:\/\/malinacosmetics.com\/"},{"@type":"ListItem","position":2,"name":"\u041a\u0430\u0442\u0430\u043b\u043e\u0433","item":"https:\/\/malinacosmetics.com\/sr\/shop\/"},{"@type":"ListItem","position":3,"name":"LADOR Herbalism Treatment 150ml"}]},{"@type":"WebSite","@id":"https:\/\/malinacosmetics.com\/#website","url":"https:\/\/malinacosmetics.com\/","name":"Malina Beauty Store","description":"Prodaja korejske kozmetike za Crnu Goru","publisher":{"@id":"https:\/\/malinacosmetics.com\/#organization"},"potentialAction":[{"@type":"SearchAction","target":{"@type":"EntryPoint","urlTemplate":"https:\/\/malinacosmetics.com\/?s={search_term_string}"},"query-input":"required name=search_term_string"}],"inLanguage":"sr-RS"},{"@type":"Organization","@id":"https:\/\/malinacosmetics.com\/#organization","name":"malinacosmetics","url":"https:\/\/malinacosmetics.com\/","logo":{"@type":"ImageObject","inLanguage":"sr-RS","@id":"https:\/\/malinacosmetics.com\/#\/schema\/logo\/image\/","url":"https:\/\/malinacosmetics.com\/wp-content\/uploads\/2021\/07\/logo.png","contentUrl":"https:\/\/malinacosmetics.com\/wp-content\/uploads\/2021\/07\/logo.png","width":500,"height":353,"caption":"malinacosmetics"},"image":{"@id":"https:\/\/malinacosmetics.com\/#\/schema\/logo\/image\/"},"sameAs":["https:\/\/www.facebook.com\/MalinaBeautyShopMe\/"]}]},"product_brand":"simple","product_price_amount":"11.00","product_price_currency":"EUR","og_availability":"instock","product_availability":"instock","product_condition":"new"},"jetpack_sharing_enabled":true,"_links":{"self":[{"href":"https:\/\/malinacosmetics.com\/sr\/wp-json\/wp\/v2\/product\/4747","targetHints":{"allow":["GET"]}}],"collection":[{"href":"https:\/\/malinacosmetics.com\/sr\/wp-json\/wp\/v2\/product"}],"about":[{"href":"https:\/\/malinacosmetics.com\/sr\/wp-json\/wp\/v2\/types\/product"}],"wp:featuredmedia":[{"embeddable":true,"href":"https:\/\/malinacosmetics.com\/sr\/wp-json\/wp\/v2\/media\/4748"}],"wp:attachment":[{"href":"https:\/\/malinacosmetics.com\/sr\/wp-json\/wp\/v2\/media?parent=4747"}],"wp:term":[{"taxonomy":"product_brand","embeddable":true,"href":"https:\/\/malinacosmetics.com\/sr\/wp-json\/wp\/v2\/product_brand?post=4747"},{"taxonomy":"product_cat","embeddable":true,"href":"https:\/\/malinacosmetics.com\/sr\/wp-json\/wp\/v2\/product_cat?post=4747"},{"taxonomy":"product_tag","embeddable":true,"href":"https:\/\/malinacosmetics.com\/sr\/wp-json\/wp\/v2\/product_tag?post=4747"}],"curies":[{"name":"wp","href":"https:\/\/api.w.org\/{rel}","templated":true}]}}