{"id":4742,"date":"2022-11-01T21:15:23","date_gmt":"2022-11-01T18:15:23","guid":{"rendered":"https:\/\/malinacosmetics.com\/?post_type=product&#038;p=4742"},"modified":"2025-06-24T18:13:20","modified_gmt":"2025-06-24T16:13:20","slug":"lador-acv-vinegar-shampoo150ml","status":"publish","type":"product","link":"https:\/\/malinacosmetics.com\/sr\/\u043f\u0440\u043e\u0438\u0437\u0432\u043e\u0434\/lador-acv-vinegar-shampoo150ml\/","title":{"rendered":"LADOR ACV Vinegar Shampoo 150ml"},"content":{"rendered":"<p class=\"translation-block\">La\u2019dor \u0161ampon sa jabukovim sir\u0107etom bogatom penom uklanja izumrle \u0107elije sa vlasi\u0161ta i spre\u010dava stvaranje naslaga i peruti, dubinski \u010disti ko\u017eu glave uklanjaju\u0107i ne\u010disto\u0107e, naslage i neprijatne mirise. Slabo kiselo jabukovo sir\u0107e (pH 3.0) vr\u0161i detoksikaciju i piling ko\u017ee glave bez prekomernog uklanjanja hranjivih i esencijalnih ulja. Sli\u010dnost pH vrednosti prirodno izbalansiranoj kosi i visoka koncentracija ekstrakta jabuke vra\u0107aju sjaj, energiju i meko\u0107u oslabljenoj i be\u017eivotnoj kosi.<br>\n\u0160ampon u svom sastavu sadr\u017ei i me\u0161avinu \u010dak 16 vrsta biljnih ekstrakata koji odr\u017eavaju vla\u017enost vlasi\u0161ta i kose: ekstrakti jabuke, gro\u017e\u0111a, avokada, pasijeg trna, \u0161e\u0107erne trske, \u010dajevca, masline, \u0161argarepe, japanske kajsije, \u017eute maline, hibiskusa, lufa sun\u0111era, kivija, limuna, baobaoa.<br>\nFormula \u0161ampona oja\u010dana je i ekstraktom fermentisanog kvasca, koji pru\u017ea intenzivnu negu kosi i vlasi\u0161tu, obnavlja o\u0161te\u0107enu kosu i vra\u0107a joj meko\u0107u i sjaj.<br>\nLador \u0161ampon sa jabukovim sir\u0107etom namenjen je za kosu koja se poja\u010dano masti u korenu, kosu koja je izrazito suva u korenu, suvu kosu koja se \u010desto elektri\u0161e, grubu, be\u017eivotnu kosu bez sjaja.<br>\n\u0160ampon je bez parabena, sulfata, silikona, ve\u0161ta\u010dkih boja, mineralnih i esencijalnih ulja i sastojaka \u017eivotinjskog porekla, pH vrednosti 5.0.<br>\nZa maksimalni efekat preporu\u010dujemo upotrebu La\u2019dor ACV \u0161ampona zajedno sa La\u2019dor ACV tretmanom i ACV maskom u kapi sa jabukovim sir\u0107etom.<\/p>\n<p><strong><br>Na\u010din upotrebe:<\/strong> Temeljno pokvasite kosu i nanesite potrebnu koli\u010dinu \u0161ampona. Ne\u017eno umasirajte \u0161ampon u vlasi\u0161te i kosu. Postepeno dodajte po malo vode kako bi se aktivirala bogata pena iz visoko koncentrovane formule. Temeljno isperite kosu.<\/p>\n<hr \/>\n<div>\n<p><em><b><em>Sastojci:<\/em><\/b> <span data-sheets-value=\"{&quot;1&quot;:2,&quot;2&quot;:&quot;Water, Sodium C14-16 Olefin sulfonate, Cocamidopropyl Betaine, Glycerin, Pyrus Malus (Apple) Fruit Extract(40,000PPM), Vinegar(20,000PPM), Decyl Glucoside, Vitis Vinifera (Grape) Fruit Extract , Royal Jelly Extract, Persea Gratissima (Avocado) Fruit Extract, Hippophae Rhamnoides Fruit Extract, Saccharum Officinarum (Sugarcane) Extract, Melaleuca Alternifolia (Tea Tree) Leaf Extract, Olea Europaea (Olive) Fruit Extract, Daucus carota sativa (Carrot) root Extract, Prunus Mume Fruit Extract , Rubus Chamaemorus Fruit Extract, Hibiscus Sabdariffa Flower Extract, Luffa Cylindrica Fruit Extract, Actinidia Chinensis (Kiwi) Fruit Extract, Citrus Limon (Lemon) Fruit Extract, Adansonia Digitata Seed Extract, 1,2-Hexanediol, Caprylhydroxamic Acid, Ethylhexylglycerin, Methylpropanediol, Sodium Chloride, Polyquaternium-10, Allantoin, Guar Hydroxypropyltrimonium Chloride, Disodium EDTA, Cocamide MEA, Cynanchum Atratum Extract, Citric Acid, Fragrance.&quot;}\" data-sheets-userformat=\"{&quot;2&quot;:15039,&quot;3&quot;:{&quot;1&quot;:0},&quot;4&quot;:{&quot;1&quot;:3,&quot;3&quot;:2},&quot;5&quot;:{&quot;1&quot;:[{&quot;1&quot;:2,&quot;2&quot;:0,&quot;5&quot;:{&quot;1&quot;:2,&quot;2&quot;:0}},{&quot;1&quot;:0,&quot;2&quot;:0,&quot;3&quot;:3},{&quot;1&quot;:1,&quot;2&quot;:0,&quot;4&quot;:1}]},&quot;6&quot;:{&quot;1&quot;:[{&quot;1&quot;:2,&quot;2&quot;:0,&quot;5&quot;:{&quot;1&quot;:2,&quot;2&quot;:0}},{&quot;1&quot;:0,&quot;2&quot;:0,&quot;3&quot;:3},{&quot;1&quot;:1,&quot;2&quot;:0,&quot;4&quot;:1}]},&quot;7&quot;:{&quot;1&quot;:[{&quot;1&quot;:2,&quot;2&quot;:0,&quot;5&quot;:{&quot;1&quot;:2,&quot;2&quot;:0}},{&quot;1&quot;:0,&quot;2&quot;:0,&quot;3&quot;:3},{&quot;1&quot;:1,&quot;2&quot;:0,&quot;4&quot;:1}]},&quot;8&quot;:{&quot;1&quot;:[{&quot;1&quot;:2,&quot;2&quot;:0,&quot;5&quot;:{&quot;1&quot;:2,&quot;2&quot;:0}},{&quot;1&quot;:0,&quot;2&quot;:0,&quot;3&quot;:3},{&quot;1&quot;:1,&quot;2&quot;:0,&quot;4&quot;:1}]},&quot;10&quot;:1,&quot;12&quot;:0,&quot;14&quot;:{&quot;1&quot;:3,&quot;3&quot;:1},&quot;15&quot;:&quot;Calibri&quot;,&quot;16&quot;:9}\">Water, Sodium C14-16 Olefin sulfonate, Cocamidopropyl Betaine, Glycerin, Pyrus Malus (Apple) Fruit Extract(40,000PPM), Vinegar(20,000PPM), Decyl Glucoside, Vitis Vinifera (Grape) Fruit Extract , Royal Jelly Extract, Persea Gratissima (Avocado) Fruit Extract, Hippophae Rhamnoides Fruit Extract, Saccharum Officinarum (Sugarcane) Extract, Melaleuca Alternifolia (Tea Tree) Leaf Extract, Olea Europaea (Olive) Fruit Extract, Daucus carota sativa (Carrot) root Extract, Prunus Mume Fruit Extract , Rubus Chamaemorus Fruit Extract, Hibiscus Sabdariffa Flower Extract, Luffa Cylindrica Fruit Extract, Actinidia Chinensis (Kiwi) Fruit Extract, Citrus Limon (Lemon) Fruit Extract, Adansonia Digitata Seed Extract, 1,2-Hexanediol, Caprylhydroxamic Acid, Ethylhexylglycerin, Methylpropanediol, Sodium Chloride, Polyquaternium-10, Allantoin, Guar Hydroxypropyltrimonium Chloride, Disodium EDTA, Cocamide MEA, Cynanchum Atratum Extract, Citric Acid, Fragrance.<\/span><\/em><\/p>\n<p><em><b><\/b><br \/>\n<\/em><\/p>\n<p>&nbsp;<\/p>\n<\/div>","protected":false},"excerpt":{"rendered":"<p>\u0160ampon sa jabukovim sirc\u0301etom za sjaj kose. 150ml<\/p>","protected":false},"featured_media":7348,"template":"","meta":{"_acf_changed":false},"product_brand":[],"product_cat":[418,171,619,610,612,611,617,598,600,172],"product_tag":[429],"class_list":{"0":"post-4742","1":"product","2":"type-product","3":"status-publish","4":"has-post-thumbnail","6":"product_cat-lador","7":"product_cat-haircare","8":"product_cat-hairshine","9":"product_cat-hairpurifying","10":"product_cat-hairnutrition","11":"product_cat-hairmoisture","12":"product_cat-alltypehairs","13":"product_cat-oilyscalp","14":"product_cat-normalscalp","15":"product_cat-shampoo","16":"product_tag-lador-acv-vinegar","18":"first","19":"instock","20":"shipping-taxable","21":"purchasable","22":"product-type-simple"},"acf":[],"yoast_head":"<!-- This site is optimized with the Yoast SEO Premium plugin v19.6 (Yoast SEO v20.11) - https:\/\/yoast.com\/wordpress\/plugins\/seo\/ -->\n<title>LADOR ACV Vinegar Shampoo 150ml - Malina Beauty Store<\/title>\n<meta name=\"description\" content=\"LADOR ACV Vinegar Shampoo 150ml\" \/>\n<meta name=\"robots\" content=\"index, follow, max-snippet:-1, max-image-preview:large, max-video-preview:-1\" \/>\n<link rel=\"canonical\" href=\"https:\/\/malinacosmetics.com\/sr\/\u043f\u0440\u043e\u0438\u0437\u0432\u043e\u0434\/lador-acv-vinegar-shampoo150ml\/\" \/>\n<meta property=\"og:locale\" content=\"sr_RS\" \/>\n<meta property=\"og:type\" content=\"article\" \/>\n<meta property=\"og:title\" content=\"LADOR ACV Vinegar Shampoo 150ml\" \/>\n<meta property=\"og:description\" content=\"LADOR ACV Vinegar Shampoo 150ml\" \/>\n<meta property=\"og:url\" content=\"https:\/\/malinacosmetics.com\/sr\/\u043f\u0440\u043e\u0438\u0437\u0432\u043e\u0434\/lador-acv-vinegar-shampoo150ml\/\" \/>\n<meta property=\"og:site_name\" content=\"Malina Beauty Store\" \/>\n<meta property=\"article:publisher\" content=\"https:\/\/www.facebook.com\/MalinaBeautyShopMe\/\" \/>\n<meta property=\"article:modified_time\" content=\"2025-06-24T16:13:20+00:00\" \/>\n<meta property=\"og:image\" content=\"https:\/\/malinacosmetics.com\/wp-content\/uploads\/2022\/11\/Ladir-ACV-shampoo-150ml.jpg\" \/>\n\t<meta property=\"og:image:width\" content=\"1223\" \/>\n\t<meta property=\"og:image:height\" content=\"1224\" \/>\n\t<meta property=\"og:image:type\" content=\"image\/jpeg\" \/>\n<meta name=\"twitter:card\" content=\"summary_large_image\" \/>\n<script type=\"application\/ld+json\" class=\"yoast-schema-graph\">{\"@context\":\"https:\/\/schema.org\",\"@graph\":[{\"@type\":[\"WebPage\",\"ItemPage\"],\"@id\":\"https:\/\/malinacosmetics.com\/product\/lador-acv-vinegar-shampoo150ml\/\",\"url\":\"https:\/\/malinacosmetics.com\/product\/lador-acv-vinegar-shampoo150ml\/\",\"name\":\"LADOR ACV Vinegar Shampoo 150ml - Malina Beauty Store\",\"isPartOf\":{\"@id\":\"https:\/\/malinacosmetics.com\/#website\"},\"datePublished\":\"2022-11-01T18:15:23+00:00\",\"dateModified\":\"2025-06-24T16:13:20+00:00\",\"description\":\"LADOR ACV Vinegar Shampoo 150ml\",\"breadcrumb\":{\"@id\":\"https:\/\/malinacosmetics.com\/product\/lador-acv-vinegar-shampoo150ml\/#breadcrumb\"},\"inLanguage\":\"sr-RS\",\"potentialAction\":[{\"@type\":\"ReadAction\",\"target\":[\"https:\/\/malinacosmetics.com\/product\/lador-acv-vinegar-shampoo150ml\/\"]}]},{\"@type\":\"BreadcrumbList\",\"@id\":\"https:\/\/malinacosmetics.com\/product\/lador-acv-vinegar-shampoo150ml\/#breadcrumb\",\"itemListElement\":[{\"@type\":\"ListItem\",\"position\":1,\"name\":\"\u0413\u043b\u0430\u0432\u043d\u0430\u044f \u0441\u0442\u0440\u0430\u043d\u0438\u0446\u0430\",\"item\":\"https:\/\/malinacosmetics.com\/\"},{\"@type\":\"ListItem\",\"position\":2,\"name\":\"\u041a\u0430\u0442\u0430\u043b\u043e\u0433\",\"item\":\"https:\/\/malinacosmetics.com\/sr\/shop\/\"},{\"@type\":\"ListItem\",\"position\":3,\"name\":\"LADOR ACV Vinegar Shampoo 150ml\"}]},{\"@type\":\"WebSite\",\"@id\":\"https:\/\/malinacosmetics.com\/#website\",\"url\":\"https:\/\/malinacosmetics.com\/\",\"name\":\"Malina Beauty Store\",\"description\":\"Prodaja korejske kozmetike za Crnu Goru\",\"publisher\":{\"@id\":\"https:\/\/malinacosmetics.com\/#organization\"},\"potentialAction\":[{\"@type\":\"SearchAction\",\"target\":{\"@type\":\"EntryPoint\",\"urlTemplate\":\"https:\/\/malinacosmetics.com\/?s={search_term_string}\"},\"query-input\":\"required name=search_term_string\"}],\"inLanguage\":\"sr-RS\"},{\"@type\":\"Organization\",\"@id\":\"https:\/\/malinacosmetics.com\/#organization\",\"name\":\"malinacosmetics\",\"url\":\"https:\/\/malinacosmetics.com\/\",\"logo\":{\"@type\":\"ImageObject\",\"inLanguage\":\"sr-RS\",\"@id\":\"https:\/\/malinacosmetics.com\/#\/schema\/logo\/image\/\",\"url\":\"https:\/\/malinacosmetics.com\/wp-content\/uploads\/2021\/07\/logo.png\",\"contentUrl\":\"https:\/\/malinacosmetics.com\/wp-content\/uploads\/2021\/07\/logo.png\",\"width\":500,\"height\":353,\"caption\":\"malinacosmetics\"},\"image\":{\"@id\":\"https:\/\/malinacosmetics.com\/#\/schema\/logo\/image\/\"},\"sameAs\":[\"https:\/\/www.facebook.com\/MalinaBeautyShopMe\/\"]}]}<\/script>\n<meta property=\"product:brand\" content=\"simple\" \/>\n<meta property=\"product:price:amount\" content=\"13.00\" \/>\n<meta property=\"product:price:currency\" content=\"EUR\" \/>\n<meta property=\"og:availability\" content=\"instock\" \/>\n<meta property=\"product:availability\" content=\"instock\" \/>\n<meta property=\"product:condition\" content=\"new\" \/>\n<!-- \/ Yoast SEO Premium plugin. -->","yoast_head_json":{"title":"LADOR ACV Vinegar Shampoo 150ml - Malina Beauty Store","description":"LADOR ACV Vinegar Shampoo 150ml","robots":{"index":"index","follow":"follow","max-snippet":"max-snippet:-1","max-image-preview":"max-image-preview:large","max-video-preview":"max-video-preview:-1"},"canonical":"https:\/\/malinacosmetics.com\/sr\/\u043f\u0440\u043e\u0438\u0437\u0432\u043e\u0434\/lador-acv-vinegar-shampoo150ml\/","og_locale":"sr_RS","og_type":"article","og_title":"LADOR ACV Vinegar Shampoo 150ml","og_description":"LADOR ACV Vinegar Shampoo 150ml","og_url":"https:\/\/malinacosmetics.com\/sr\/\u043f\u0440\u043e\u0438\u0437\u0432\u043e\u0434\/lador-acv-vinegar-shampoo150ml\/","og_site_name":"Malina Beauty Store","article_publisher":"https:\/\/www.facebook.com\/MalinaBeautyShopMe\/","article_modified_time":"2025-06-24T16:13:20+00:00","og_image":[{"width":1223,"height":1224,"url":"https:\/\/malinacosmetics.com\/wp-content\/uploads\/2022\/11\/Ladir-ACV-shampoo-150ml.jpg","type":"image\/jpeg"}],"twitter_card":"summary_large_image","schema":{"@context":"https:\/\/schema.org","@graph":[{"@type":["WebPage","ItemPage"],"@id":"https:\/\/malinacosmetics.com\/product\/lador-acv-vinegar-shampoo150ml\/","url":"https:\/\/malinacosmetics.com\/product\/lador-acv-vinegar-shampoo150ml\/","name":"LADOR ACV Vinegar Shampoo 150ml - Malina Beauty Store","isPartOf":{"@id":"https:\/\/malinacosmetics.com\/#website"},"datePublished":"2022-11-01T18:15:23+00:00","dateModified":"2025-06-24T16:13:20+00:00","description":"LADOR ACV Vinegar Shampoo 150ml","breadcrumb":{"@id":"https:\/\/malinacosmetics.com\/product\/lador-acv-vinegar-shampoo150ml\/#breadcrumb"},"inLanguage":"sr-RS","potentialAction":[{"@type":"ReadAction","target":["https:\/\/malinacosmetics.com\/product\/lador-acv-vinegar-shampoo150ml\/"]}]},{"@type":"BreadcrumbList","@id":"https:\/\/malinacosmetics.com\/product\/lador-acv-vinegar-shampoo150ml\/#breadcrumb","itemListElement":[{"@type":"ListItem","position":1,"name":"\u0413\u043b\u0430\u0432\u043d\u0430\u044f \u0441\u0442\u0440\u0430\u043d\u0438\u0446\u0430","item":"https:\/\/malinacosmetics.com\/"},{"@type":"ListItem","position":2,"name":"\u041a\u0430\u0442\u0430\u043b\u043e\u0433","item":"https:\/\/malinacosmetics.com\/sr\/shop\/"},{"@type":"ListItem","position":3,"name":"LADOR ACV Vinegar Shampoo 150ml"}]},{"@type":"WebSite","@id":"https:\/\/malinacosmetics.com\/#website","url":"https:\/\/malinacosmetics.com\/","name":"Malina Beauty Store","description":"Prodaja korejske kozmetike za Crnu Goru","publisher":{"@id":"https:\/\/malinacosmetics.com\/#organization"},"potentialAction":[{"@type":"SearchAction","target":{"@type":"EntryPoint","urlTemplate":"https:\/\/malinacosmetics.com\/?s={search_term_string}"},"query-input":"required name=search_term_string"}],"inLanguage":"sr-RS"},{"@type":"Organization","@id":"https:\/\/malinacosmetics.com\/#organization","name":"malinacosmetics","url":"https:\/\/malinacosmetics.com\/","logo":{"@type":"ImageObject","inLanguage":"sr-RS","@id":"https:\/\/malinacosmetics.com\/#\/schema\/logo\/image\/","url":"https:\/\/malinacosmetics.com\/wp-content\/uploads\/2021\/07\/logo.png","contentUrl":"https:\/\/malinacosmetics.com\/wp-content\/uploads\/2021\/07\/logo.png","width":500,"height":353,"caption":"malinacosmetics"},"image":{"@id":"https:\/\/malinacosmetics.com\/#\/schema\/logo\/image\/"},"sameAs":["https:\/\/www.facebook.com\/MalinaBeautyShopMe\/"]}]},"product_brand":"simple","product_price_amount":"13.00","product_price_currency":"EUR","og_availability":"instock","product_availability":"instock","product_condition":"new"},"jetpack_sharing_enabled":true,"_links":{"self":[{"href":"https:\/\/malinacosmetics.com\/sr\/wp-json\/wp\/v2\/product\/4742","targetHints":{"allow":["GET"]}}],"collection":[{"href":"https:\/\/malinacosmetics.com\/sr\/wp-json\/wp\/v2\/product"}],"about":[{"href":"https:\/\/malinacosmetics.com\/sr\/wp-json\/wp\/v2\/types\/product"}],"wp:featuredmedia":[{"embeddable":true,"href":"https:\/\/malinacosmetics.com\/sr\/wp-json\/wp\/v2\/media\/7348"}],"wp:attachment":[{"href":"https:\/\/malinacosmetics.com\/sr\/wp-json\/wp\/v2\/media?parent=4742"}],"wp:term":[{"taxonomy":"product_brand","embeddable":true,"href":"https:\/\/malinacosmetics.com\/sr\/wp-json\/wp\/v2\/product_brand?post=4742"},{"taxonomy":"product_cat","embeddable":true,"href":"https:\/\/malinacosmetics.com\/sr\/wp-json\/wp\/v2\/product_cat?post=4742"},{"taxonomy":"product_tag","embeddable":true,"href":"https:\/\/malinacosmetics.com\/sr\/wp-json\/wp\/v2\/product_tag?post=4742"}],"curies":[{"name":"wp","href":"https:\/\/api.w.org\/{rel}","templated":true}]}}