{"id":4733,"date":"2022-11-01T19:56:11","date_gmt":"2022-11-01T16:56:11","guid":{"rendered":"https:\/\/malinacosmetics.com\/?post_type=product&#038;p=4733"},"modified":"2025-09-27T13:07:12","modified_gmt":"2025-09-27T11:07:12","slug":"lador-acv-vinegar-treatment-150ml","status":"publish","type":"product","link":"https:\/\/malinacosmetics.com\/sr\/\u043f\u0440\u043e\u0438\u0437\u0432\u043e\u0434\/lador-acv-vinegar-treatment-150ml\/","title":{"rendered":"LADOR ACV Vinegar Treatment 150ml"},"content":{"rendered":"<p class=\"translation-block\">La\u2019dor ACV Vinegar Treatment je maska sa jabukovim sir\u0107etom koja daje kosi sjaj, obnavlja i ja\u010da strukturu vlasi, zagla\u0111uje keratinske ljuspe i pobolj\u0161ava boju kose. \u010cini kosu glatkom i poslu\u0161nom, elimini\u0161e \u010dvorove i olak\u0161ava ra\u0161\u010de\u0161ljavanje i stilizovanje. Maska dubinski hrani, omek\u0161ava grubu kosu, spre\u010dava lomljenje i pojavu ispucalih krajeva. Formira nevidljivi za\u0161titni sloj, \u0161tite\u0107i kosu od spolja\u0161njih uticaja. Uklanja suvo\u0107u, hidrira i odr\u017eava prirodnu vodeno-lipidnu ravnote\u017eu. Njena kremasta tekstura lako se raspore\u0111uje po kosi i ima osve\u017eavaju\u0107i miris jabuke i jasmina.<br>\n\nAktivni sastojci:<br>\nEkstrakt jabuke dubinski \u010disti ko\u017eu glave, blago uklanja mrtve \u0107elije, bori se protiv peruti i osve\u017eava.<br>\nSir\u0107e pobolj\u0161ava cirkulaciju, ubrzava rast kose i daje sjaj.<br>\nMaslinovo ulje dubinski hrani kosu, \u010dini je glatkom, svilenkastom i poslu\u0161nom.<br>\nUlje avokada pru\u017ea dubinsku hidrataciju, omek\u0161ava kosu i \u010dini je lakom za oblikovanje.<br>\nEkstrakt \u010dajevca deluje antibakterijski, pro\u010di\u0161\u0107ava ko\u017eu glave, smanjuje iritacije i upalne procese.<br>\nHidrolizovani keratin efikasno obnavlja kosu, vra\u0107a joj glatko\u0107u i sjaj, zadr\u017eava vlagu i daje elasti\u010dnost.<br>\nHidrolizovani kolagen popunjava o\u0161te\u0107ene delove vlasi, obnavlja i u\u010dvr\u0161\u0107uje strukturu, zagla\u0111uje keratinske ljuspe.<br>\nCeramidi vra\u0107aju vodeno-lipidnu ravnote\u017eu i ja\u010daju za\u0161titni sloj.<br>\nMaska je pogodna za sve tipove kose.<\/p>\n<p><b><br>Na\u010din upotrebe:\u00a0<\/b>Nakon \u0161amponiranja nanesite potrebnu koli\u010dinu tretmana na kosu. Ravnomerno umasirajte tretman fokusiraju\u0107i se na o\u0161te\u0107ene delove. Temeljno isperite kosu.<\/p>\n<hr \/>\n<div>\n<p><em><b><em>Sastojci:<\/em> <\/b>Water, Vinegar(50,000ppm), Hydrogenated Starch Hydrolysate, Propylene Glycol, Cetyl Alcohol, C13-15 Alkane, Pyrus Malus (Apple) Fruit Extract(40,000ppm), Dimethicone, Glycerin, Myristyl Alcohol, Cetearyl Alcohol, Stearamidopropyl Dimethylamine, Vitis Vinifera (Grape) Fruit Extract , Royal Jelly Extract, Persea Gratissima (Avocado) Fruit Extract, Hippophae Rhamnoides Fruit Extract, Saccharum Officinarum (Sugarcane) Extract, Melaleuca Alternifolia (Tea Tree) Leaf Extract, Olea Europaea (Olive) Fruit Extract, Daucus Carota Sativa (Carrot) Root Extract, Prunus Mume Fruit Extract , Rubus Chamaemorus Fruit Extract, Hibiscus Sabdariffa Flower Extract, Luffa Cylindrica Fruit Extract, Actinidia Chinensis (Kiwi) Fruit Extract, Citrus Limon (Lemon) Fruit Extract, Adansonia Digitata Seed Extract, 1,2-Hexanediol, Camellia Japonica Seed Oil, Vitis Vinifera (Grape) Seed Oil, Argania Spinosa Kernel Oil, Glyceryl Stearate SE, Steartrimonium Chloride, Behentrimonium Chloride, Aminopropyl Dimethicone, Elaeis Guineensis (Palm) Oil, Amodimethicone, Cetrimonium Chloride, Trideceth-12, Isopropyl Alcohol, Phenoxyethanol, Hydrolyzed Collagen, Hydrolyzed Keratin, Hydrogenated Lecithin, Ceramide NP, Lactic Acid, Disodium EDTA, Fragrance.<\/em><\/p>\n<p><em><b><\/b><br \/>\n<\/em><\/p>\n<p>&nbsp;<\/p>\n<\/div>","protected":false},"excerpt":{"rendered":"<p>Maska za kosu od jabukovog sirc\u0301eta. 150ml<\/p>","protected":false},"featured_media":4734,"template":"","meta":{"_acf_changed":false},"product_brand":[],"product_cat":[418,171,619,612,611,617,598,600,618,173],"product_tag":[429],"class_list":{"0":"post-4733","1":"product","2":"type-product","3":"status-publish","4":"has-post-thumbnail","6":"product_cat-lador","7":"product_cat-haircare","8":"product_cat-hairshine","9":"product_cat-hairnutrition","10":"product_cat-hairmoisture","11":"product_cat-alltypehairs","12":"product_cat-oilyscalp","13":"product_cat-normalscalp","14":"product_cat-hair-repair","15":"product_cat-hairconditioner","16":"product_tag-lador-acv-vinegar","18":"first","19":"instock","20":"shipping-taxable","21":"purchasable","22":"product-type-simple"},"acf":[],"yoast_head":"<!-- This site is optimized with the Yoast SEO Premium plugin v19.6 (Yoast SEO v20.11) - https:\/\/yoast.com\/wordpress\/plugins\/seo\/ -->\n<title>LADOR ACV Vinegar Treatment 150ml - Malina Beauty Store<\/title>\n<meta name=\"description\" content=\"Korejska kozmetika. \u010cudotvorni \u0161ampon za ispucale krajeve i o\u0161te\u0107enu kosu sa peptidima, hijaluronskom kiselinom, ureom i ekstraktom morske alge pru\u017ea super hidrataciju, o\u017eivljava volumen kose, vra\u0107a vitalnost kosi i pobolj\u0161ava joj elasti\u010dnost. Dubinski hidrira farbanu, hemijski tretiranu i o\u0161te\u0107enu kosu, kao i kosu sa ispucalim krajevima, odr\u017eava balans vlage du\u017ei vremenski period, a kao rezultat kosa je glatka i mekana.\" \/>\n<meta name=\"robots\" content=\"index, follow, max-snippet:-1, max-image-preview:large, max-video-preview:-1\" \/>\n<link rel=\"canonical\" href=\"https:\/\/malinacosmetics.com\/sr\/\u043f\u0440\u043e\u0438\u0437\u0432\u043e\u0434\/lador-acv-vinegar-treatment-150ml\/\" \/>\n<meta property=\"og:locale\" content=\"sr_RS\" \/>\n<meta property=\"og:type\" content=\"article\" \/>\n<meta property=\"og:title\" content=\"LADOR ACV Vinegar Treatment 150ml\" \/>\n<meta property=\"og:description\" content=\"Korejska kozmetika. \u010cudotvorni \u0161ampon za ispucale krajeve i o\u0161te\u0107enu kosu sa peptidima, hijaluronskom kiselinom, ureom i ekstraktom morske alge pru\u017ea super hidrataciju, o\u017eivljava volumen kose, vra\u0107a vitalnost kosi i pobolj\u0161ava joj elasti\u010dnost. Dubinski hidrira farbanu, hemijski tretiranu i o\u0161te\u0107enu kosu, kao i kosu sa ispucalim krajevima, odr\u017eava balans vlage du\u017ei vremenski period, a kao rezultat kosa je glatka i mekana.\" \/>\n<meta property=\"og:url\" content=\"https:\/\/malinacosmetics.com\/sr\/\u043f\u0440\u043e\u0438\u0437\u0432\u043e\u0434\/lador-acv-vinegar-treatment-150ml\/\" \/>\n<meta property=\"og:site_name\" content=\"Malina Beauty Store\" \/>\n<meta property=\"article:publisher\" content=\"https:\/\/www.facebook.com\/MalinaBeautyShopMe\/\" \/>\n<meta property=\"article:modified_time\" content=\"2025-09-27T11:07:12+00:00\" \/>\n<meta property=\"og:image\" content=\"https:\/\/malinacosmetics.com\/wp-content\/uploads\/2022\/11\/Lador-ACV-Vinegar-Treatment.jpg\" \/>\n\t<meta property=\"og:image:width\" content=\"1200\" \/>\n\t<meta property=\"og:image:height\" content=\"1200\" \/>\n\t<meta property=\"og:image:type\" content=\"image\/jpeg\" \/>\n<meta name=\"twitter:card\" content=\"summary_large_image\" \/>\n<script type=\"application\/ld+json\" class=\"yoast-schema-graph\">{\"@context\":\"https:\/\/schema.org\",\"@graph\":[{\"@type\":[\"WebPage\",\"ItemPage\"],\"@id\":\"https:\/\/malinacosmetics.com\/product\/lador-acv-vinegar-treatment-150ml\/\",\"url\":\"https:\/\/malinacosmetics.com\/product\/lador-acv-vinegar-treatment-150ml\/\",\"name\":\"LADOR ACV Vinegar Treatment 150ml - Malina Beauty Store\",\"isPartOf\":{\"@id\":\"https:\/\/malinacosmetics.com\/#website\"},\"datePublished\":\"2022-11-01T16:56:11+00:00\",\"dateModified\":\"2025-09-27T11:07:12+00:00\",\"description\":\"Korejska kozmetika. \u010cudotvorni \u0161ampon za ispucale krajeve i o\u0161te\u0107enu kosu sa peptidima, hijaluronskom kiselinom, ureom i ekstraktom morske alge pru\u017ea super hidrataciju, o\u017eivljava volumen kose, vra\u0107a vitalnost kosi i pobolj\u0161ava joj elasti\u010dnost. Dubinski hidrira farbanu, hemijski tretiranu i o\u0161te\u0107enu kosu, kao i kosu sa ispucalim krajevima, odr\u017eava balans vlage du\u017ei vremenski period, a kao rezultat kosa je glatka i mekana.\",\"breadcrumb\":{\"@id\":\"https:\/\/malinacosmetics.com\/product\/lador-acv-vinegar-treatment-150ml\/#breadcrumb\"},\"inLanguage\":\"sr-RS\",\"potentialAction\":[{\"@type\":\"ReadAction\",\"target\":[\"https:\/\/malinacosmetics.com\/product\/lador-acv-vinegar-treatment-150ml\/\"]}]},{\"@type\":\"BreadcrumbList\",\"@id\":\"https:\/\/malinacosmetics.com\/product\/lador-acv-vinegar-treatment-150ml\/#breadcrumb\",\"itemListElement\":[{\"@type\":\"ListItem\",\"position\":1,\"name\":\"\u0413\u043b\u0430\u0432\u043d\u0430\u044f \u0441\u0442\u0440\u0430\u043d\u0438\u0446\u0430\",\"item\":\"https:\/\/malinacosmetics.com\/\"},{\"@type\":\"ListItem\",\"position\":2,\"name\":\"\u041a\u0430\u0442\u0430\u043b\u043e\u0433\",\"item\":\"https:\/\/malinacosmetics.com\/sr\/shop\/\"},{\"@type\":\"ListItem\",\"position\":3,\"name\":\"LADOR ACV Vinegar Treatment 150ml\"}]},{\"@type\":\"WebSite\",\"@id\":\"https:\/\/malinacosmetics.com\/#website\",\"url\":\"https:\/\/malinacosmetics.com\/\",\"name\":\"Malina Beauty Store\",\"description\":\"Prodaja korejske kozmetike za Crnu Goru\",\"publisher\":{\"@id\":\"https:\/\/malinacosmetics.com\/#organization\"},\"potentialAction\":[{\"@type\":\"SearchAction\",\"target\":{\"@type\":\"EntryPoint\",\"urlTemplate\":\"https:\/\/malinacosmetics.com\/?s={search_term_string}\"},\"query-input\":\"required name=search_term_string\"}],\"inLanguage\":\"sr-RS\"},{\"@type\":\"Organization\",\"@id\":\"https:\/\/malinacosmetics.com\/#organization\",\"name\":\"malinacosmetics\",\"url\":\"https:\/\/malinacosmetics.com\/\",\"logo\":{\"@type\":\"ImageObject\",\"inLanguage\":\"sr-RS\",\"@id\":\"https:\/\/malinacosmetics.com\/#\/schema\/logo\/image\/\",\"url\":\"https:\/\/malinacosmetics.com\/wp-content\/uploads\/2021\/07\/logo.png\",\"contentUrl\":\"https:\/\/malinacosmetics.com\/wp-content\/uploads\/2021\/07\/logo.png\",\"width\":500,\"height\":353,\"caption\":\"malinacosmetics\"},\"image\":{\"@id\":\"https:\/\/malinacosmetics.com\/#\/schema\/logo\/image\/\"},\"sameAs\":[\"https:\/\/www.facebook.com\/MalinaBeautyShopMe\/\"]}]}<\/script>\n<meta property=\"product:brand\" content=\"simple\" \/>\n<meta property=\"product:price:amount\" content=\"14.00\" \/>\n<meta property=\"product:price:currency\" content=\"EUR\" \/>\n<meta property=\"og:availability\" content=\"instock\" \/>\n<meta property=\"product:availability\" content=\"instock\" \/>\n<meta property=\"product:condition\" content=\"new\" \/>\n<!-- \/ Yoast SEO Premium plugin. -->","yoast_head_json":{"title":"LADOR ACV Vinegar Treatment 150ml - Malina Beauty Store","description":"Korejska kozmetika. \u010cudotvorni \u0161ampon za ispucale krajeve i o\u0161te\u0107enu kosu sa peptidima, hijaluronskom kiselinom, ureom i ekstraktom morske alge pru\u017ea super hidrataciju, o\u017eivljava volumen kose, vra\u0107a vitalnost kosi i pobolj\u0161ava joj elasti\u010dnost. Dubinski hidrira farbanu, hemijski tretiranu i o\u0161te\u0107enu kosu, kao i kosu sa ispucalim krajevima, odr\u017eava balans vlage du\u017ei vremenski period, a kao rezultat kosa je glatka i mekana.","robots":{"index":"index","follow":"follow","max-snippet":"max-snippet:-1","max-image-preview":"max-image-preview:large","max-video-preview":"max-video-preview:-1"},"canonical":"https:\/\/malinacosmetics.com\/sr\/\u043f\u0440\u043e\u0438\u0437\u0432\u043e\u0434\/lador-acv-vinegar-treatment-150ml\/","og_locale":"sr_RS","og_type":"article","og_title":"LADOR ACV Vinegar Treatment 150ml","og_description":"Korejska kozmetika. \u010cudotvorni \u0161ampon za ispucale krajeve i o\u0161te\u0107enu kosu sa peptidima, hijaluronskom kiselinom, ureom i ekstraktom morske alge pru\u017ea super hidrataciju, o\u017eivljava volumen kose, vra\u0107a vitalnost kosi i pobolj\u0161ava joj elasti\u010dnost. Dubinski hidrira farbanu, hemijski tretiranu i o\u0161te\u0107enu kosu, kao i kosu sa ispucalim krajevima, odr\u017eava balans vlage du\u017ei vremenski period, a kao rezultat kosa je glatka i mekana.","og_url":"https:\/\/malinacosmetics.com\/sr\/\u043f\u0440\u043e\u0438\u0437\u0432\u043e\u0434\/lador-acv-vinegar-treatment-150ml\/","og_site_name":"Malina Beauty Store","article_publisher":"https:\/\/www.facebook.com\/MalinaBeautyShopMe\/","article_modified_time":"2025-09-27T11:07:12+00:00","og_image":[{"width":1200,"height":1200,"url":"https:\/\/malinacosmetics.com\/wp-content\/uploads\/2022\/11\/Lador-ACV-Vinegar-Treatment.jpg","type":"image\/jpeg"}],"twitter_card":"summary_large_image","schema":{"@context":"https:\/\/schema.org","@graph":[{"@type":["WebPage","ItemPage"],"@id":"https:\/\/malinacosmetics.com\/product\/lador-acv-vinegar-treatment-150ml\/","url":"https:\/\/malinacosmetics.com\/product\/lador-acv-vinegar-treatment-150ml\/","name":"LADOR ACV Vinegar Treatment 150ml - Malina Beauty Store","isPartOf":{"@id":"https:\/\/malinacosmetics.com\/#website"},"datePublished":"2022-11-01T16:56:11+00:00","dateModified":"2025-09-27T11:07:12+00:00","description":"Korejska kozmetika. \u010cudotvorni \u0161ampon za ispucale krajeve i o\u0161te\u0107enu kosu sa peptidima, hijaluronskom kiselinom, ureom i ekstraktom morske alge pru\u017ea super hidrataciju, o\u017eivljava volumen kose, vra\u0107a vitalnost kosi i pobolj\u0161ava joj elasti\u010dnost. Dubinski hidrira farbanu, hemijski tretiranu i o\u0161te\u0107enu kosu, kao i kosu sa ispucalim krajevima, odr\u017eava balans vlage du\u017ei vremenski period, a kao rezultat kosa je glatka i mekana.","breadcrumb":{"@id":"https:\/\/malinacosmetics.com\/product\/lador-acv-vinegar-treatment-150ml\/#breadcrumb"},"inLanguage":"sr-RS","potentialAction":[{"@type":"ReadAction","target":["https:\/\/malinacosmetics.com\/product\/lador-acv-vinegar-treatment-150ml\/"]}]},{"@type":"BreadcrumbList","@id":"https:\/\/malinacosmetics.com\/product\/lador-acv-vinegar-treatment-150ml\/#breadcrumb","itemListElement":[{"@type":"ListItem","position":1,"name":"\u0413\u043b\u0430\u0432\u043d\u0430\u044f \u0441\u0442\u0440\u0430\u043d\u0438\u0446\u0430","item":"https:\/\/malinacosmetics.com\/"},{"@type":"ListItem","position":2,"name":"\u041a\u0430\u0442\u0430\u043b\u043e\u0433","item":"https:\/\/malinacosmetics.com\/sr\/shop\/"},{"@type":"ListItem","position":3,"name":"LADOR ACV Vinegar Treatment 150ml"}]},{"@type":"WebSite","@id":"https:\/\/malinacosmetics.com\/#website","url":"https:\/\/malinacosmetics.com\/","name":"Malina Beauty Store","description":"Prodaja korejske kozmetike za Crnu Goru","publisher":{"@id":"https:\/\/malinacosmetics.com\/#organization"},"potentialAction":[{"@type":"SearchAction","target":{"@type":"EntryPoint","urlTemplate":"https:\/\/malinacosmetics.com\/?s={search_term_string}"},"query-input":"required name=search_term_string"}],"inLanguage":"sr-RS"},{"@type":"Organization","@id":"https:\/\/malinacosmetics.com\/#organization","name":"malinacosmetics","url":"https:\/\/malinacosmetics.com\/","logo":{"@type":"ImageObject","inLanguage":"sr-RS","@id":"https:\/\/malinacosmetics.com\/#\/schema\/logo\/image\/","url":"https:\/\/malinacosmetics.com\/wp-content\/uploads\/2021\/07\/logo.png","contentUrl":"https:\/\/malinacosmetics.com\/wp-content\/uploads\/2021\/07\/logo.png","width":500,"height":353,"caption":"malinacosmetics"},"image":{"@id":"https:\/\/malinacosmetics.com\/#\/schema\/logo\/image\/"},"sameAs":["https:\/\/www.facebook.com\/MalinaBeautyShopMe\/"]}]},"product_brand":"simple","product_price_amount":"14.00","product_price_currency":"EUR","og_availability":"instock","product_availability":"instock","product_condition":"new"},"jetpack_sharing_enabled":true,"_links":{"self":[{"href":"https:\/\/malinacosmetics.com\/sr\/wp-json\/wp\/v2\/product\/4733","targetHints":{"allow":["GET"]}}],"collection":[{"href":"https:\/\/malinacosmetics.com\/sr\/wp-json\/wp\/v2\/product"}],"about":[{"href":"https:\/\/malinacosmetics.com\/sr\/wp-json\/wp\/v2\/types\/product"}],"wp:featuredmedia":[{"embeddable":true,"href":"https:\/\/malinacosmetics.com\/sr\/wp-json\/wp\/v2\/media\/4734"}],"wp:attachment":[{"href":"https:\/\/malinacosmetics.com\/sr\/wp-json\/wp\/v2\/media?parent=4733"}],"wp:term":[{"taxonomy":"product_brand","embeddable":true,"href":"https:\/\/malinacosmetics.com\/sr\/wp-json\/wp\/v2\/product_brand?post=4733"},{"taxonomy":"product_cat","embeddable":true,"href":"https:\/\/malinacosmetics.com\/sr\/wp-json\/wp\/v2\/product_cat?post=4733"},{"taxonomy":"product_tag","embeddable":true,"href":"https:\/\/malinacosmetics.com\/sr\/wp-json\/wp\/v2\/product_tag?post=4733"}],"curies":[{"name":"wp","href":"https:\/\/api.w.org\/{rel}","templated":true}]}}