{"id":4731,"date":"2022-11-01T19:13:44","date_gmt":"2022-11-01T16:13:44","guid":{"rendered":"https:\/\/malinacosmetics.com\/?post_type=product&#038;p=4731"},"modified":"2025-09-27T13:08:41","modified_gmt":"2025-09-27T11:08:41","slug":"lador-dermatical-hair-loss-shampoo-for-thin-hair","status":"publish","type":"product","link":"https:\/\/malinacosmetics.com\/sr\/\u043f\u0440\u043e\u0438\u0437\u0432\u043e\u0434\/lador-dermatical-hair-loss-shampoo-for-thin-hair\/","title":{"rendered":"LADOR Dermatical Hair-Loss Shampoo for thin hair"},"content":{"rendered":"<p class=\"translation-block\">La\u2019dor Dermatical Hair Loss je premium \u0161ampon protiv opadanja kose specijalno formulisan za tanku kosu.<br>\nZa\u0161to dolazi do prore\u0111ivanja i gubitka kose? Pored naslednog, jedan od naj\u010de\u0161\u0107ih uzroka su upalni procesi na vlasi\u0161tu, u vidu naslaga izumrlih \u0107elija i osetljivog skalpa, koje prouzrokuju lo\u0161e navike u nezi kose (\u010desto bojenje, pranje \u0161amponom, kori\u0161\u0107enje toplotnih ure\u0111aja i sl.). Upalni procesi na vlasi\u0161tu skra\u0107uju aktivnu fazu rasta kose, a folikuli proizvode manje i tanje dlake, koje lak\u0161e i br\u017ee ispadaju (prore\u0111ivanje kose). Vremenom upalni procesi na vlasi\u0161tu se \u0161ire i zaustavljanju fazu aktivnog rasta kada folikuli u potpunosti prestaju da proizvode nove dlake (gubitka kose).<br>\nKako je zdravo vlasi\u0161te neophodan uslov za zdravu i gustu kosu La\u2019dor je kreirao premium \u0161ampon za kosu sa funkcionalnim sastojcima koji efikasno umanjuju simptome gubitka kose.<br>\nSastojci protiv opadanja kose poput salicilne kiseline, pantenola i niacinamida \u010diste i odr\u017eavaju \u010distim, hidriraju i umiruju vlasi\u0161te, snabdevaju ga hranljivim materijama i \u010dine ga zdravim.<br>\nSastav La\u2019dor premium \u0161ampona protiv opadanja kose \u010dini i kompleks od osam vrsta biljnih ekstakata, kao i dvadeset vrsta amino kiselina, koji ja\u010daju slabu i prore\u0111enu kosu, vra\u0107aju joj gustinu i dodaju sjaj.\n\u0160ampon ne samo da uklanja jedan od naj\u010de\u0161\u0107ih uzroka gubitka kose, nego i zahvalju\u0107i patentiranom sastojku \u201cRehmannia\u201d, sa\u010dinjenom od \u0161est vrsta cvetnih biljaka, pru\u017ea intenzivnu negu slaboj, tankoj i proro\u0111enoj kosi, obezbe\u0111uje joj hranljive materije i spre\u010dava njeno dalje opadanje.<br>\nLa\u2019dor Dermatical Hair Loss \u0161ampon je namenjen za tanku i slabu kosu sklonu opadanju; tanku kosu sklonu lomljenju kojoj nedostaje elasti\u010dnost; vlasi\u0161te koje se peruta i svrbi.<br>\nLa\u2019dor Dermatical Hair Loss \u0161ampon obezbe\u0111uje blago \u010di\u0161\u0107enje obimnom i finom penom, a njegova formula bez sulfata niske pH vrednosti od 4.8 odr\u017eava prirodnu ravnote\u017eu kiselosti kose i ko\u017ee glave.\n.<\/p>\n<p><strong><br>Na\u010din upotrebe:<\/strong> Nanesite manju koli\u010dinu \u0161ampona na mokru kosu i vlasi\u0161te. Ne\u017eno masirajte vlasi\u0161te dok se ne razvije pena. Temeljno isperite kosu \u010distom vodom.<\/p>\n<hr \/>\n<div>\n<p><em><b><em>Sastojci:<\/em><\/b>Water, Sodium C14-16 Oleffin sulfonate, Coco-Betaine, Glycerine, Butylene Glycol, Decyl Glucoside, Cocamide MEA, Methylpropanediol, Cynanchum Atratum Extract, Guar Hydroxypropyltrimonium Chloride, Panthenol, Salicylic Acid, Citric Acid, Disodium EDTA, Niacinamide, Caprylhydroxamic Acid, Ethylhexylglycerin, Arginine, Leucine, Tryptophan, Lysine, Isoleucine, Threonine, Methionine, Histidine, Asparagine, Alanine, Proline, Glutamic Acid, Glutamine, Glycine, Valine, Phenylalanine, Aspartic Acid, Tyrosine, Serine, Cystine, Rehmannia Glutinosa Root Extract, Cornus Officinalis Fruit Extract, Dioscorea Japonica Root Extract, Alisma Orientale Tuber Extract, Poria Cocos Sclerotium Extract, Paeonia Suffruticosa Root Extract, Hamamelis Virginiana (Witch Hazel) Leaf Extract, Salvia Officinalis (Sage) Leaf Extract, Melissa Officinalis Leaf Extract, Mentha Piperita (Peppermint) Extract, Lavandula Angustifolia (Lavender) Flower Extract, Houttuynia Cordata Extract, Eucalyptus Globulus Leaf Extract, Glycine Max (Soybean) Seed Extract, Zingiber Officinale (Ginger) Root Extract, Curcuma Longa (Turmeric) Root Extract, Linallol, Geraniol, Fragrance.<\/em><\/p>\n<p><em><b><\/b><br \/>\n<\/em><\/p>\n<p>&nbsp;<\/p>\n<\/div>","protected":false},"excerpt":{"rendered":"<p>Premium \u0161ampon protiv opadanja za tanku kosu. 200ml<\/p>","protected":false},"featured_media":4732,"template":"","meta":{"_acf_changed":false},"product_brand":[],"product_cat":[418,171,623,612,507,617,606,607,172],"product_tag":[427],"class_list":{"0":"post-4731","1":"product","2":"type-product","3":"status-publish","4":"has-post-thumbnail","6":"product_cat-lador","7":"product_cat-haircare","8":"product_cat-hair-restoration","9":"product_cat-hairnutrition","10":"product_cat-hairloss","11":"product_cat-alltypehairs","12":"product_cat-damagedhair","13":"product_cat-thinhair","14":"product_cat-shampoo","15":"product_tag-lador-dermatical","17":"first","18":"instock","19":"shipping-taxable","20":"purchasable","21":"product-type-simple"},"acf":[],"yoast_head":"<!-- This site is optimized with the Yoast SEO Premium plugin v19.6 (Yoast SEO v20.11) - https:\/\/yoast.com\/wordpress\/plugins\/seo\/ -->\n<title>LADOR Dermatical Hair-Loss Shampoo for thin hair - Malina Beauty Store<\/title>\n<meta name=\"robots\" content=\"index, follow, max-snippet:-1, max-image-preview:large, max-video-preview:-1\" \/>\n<link rel=\"canonical\" href=\"https:\/\/malinacosmetics.com\/sr\/\u043f\u0440\u043e\u0438\u0437\u0432\u043e\u0434\/lador-dermatical-hair-loss-shampoo-for-thin-hair\/\" \/>\n<meta property=\"og:locale\" content=\"sr_RS\" \/>\n<meta property=\"og:type\" content=\"article\" \/>\n<meta property=\"og:title\" content=\"LADOR Dermatical Hair-Loss Shampoo for thin hair\" \/>\n<meta property=\"og:description\" content=\"\u0423\u043a\u0440\u0435\u043f\u043b\u044f\u044e\u0449\u0438\u0439 \u0448\u0430\u043c\u043f\u0443\u043d\u044c \u0434\u043b\u044f \u0442\u043e\u043d\u043a\u0438\u0445 \u0432\u043e\u043b\u043e\u0441. 200ml\" \/>\n<meta property=\"og:url\" content=\"https:\/\/malinacosmetics.com\/sr\/\u043f\u0440\u043e\u0438\u0437\u0432\u043e\u0434\/lador-dermatical-hair-loss-shampoo-for-thin-hair\/\" \/>\n<meta property=\"og:site_name\" content=\"Malina Beauty Store\" \/>\n<meta property=\"article:publisher\" content=\"https:\/\/www.facebook.com\/MalinaBeautyShopMe\/\" \/>\n<meta property=\"article:modified_time\" content=\"2025-09-27T11:08:41+00:00\" \/>\n<meta property=\"og:image\" content=\"https:\/\/malinacosmetics.com\/wp-content\/uploads\/2022\/11\/Lador-Dermatical-Hair-Loss-Shampoofor-thin-hair-200ml.jpg\" \/>\n\t<meta property=\"og:image:width\" content=\"1200\" \/>\n\t<meta property=\"og:image:height\" content=\"1200\" \/>\n\t<meta property=\"og:image:type\" content=\"image\/jpeg\" \/>\n<meta name=\"twitter:card\" content=\"summary_large_image\" \/>\n<script type=\"application\/ld+json\" class=\"yoast-schema-graph\">{\"@context\":\"https:\/\/schema.org\",\"@graph\":[{\"@type\":[\"WebPage\",\"ItemPage\"],\"@id\":\"https:\/\/malinacosmetics.com\/product\/lador-dermatical-hair-loss-shampoo-for-thin-hair\/\",\"url\":\"https:\/\/malinacosmetics.com\/product\/lador-dermatical-hair-loss-shampoo-for-thin-hair\/\",\"name\":\"LADOR Dermatical Hair-Loss Shampoo for thin hair - Malina Beauty Store\",\"isPartOf\":{\"@id\":\"https:\/\/malinacosmetics.com\/#website\"},\"datePublished\":\"2022-11-01T16:13:44+00:00\",\"dateModified\":\"2025-09-27T11:08:41+00:00\",\"breadcrumb\":{\"@id\":\"https:\/\/malinacosmetics.com\/product\/lador-dermatical-hair-loss-shampoo-for-thin-hair\/#breadcrumb\"},\"inLanguage\":\"sr-RS\",\"potentialAction\":[{\"@type\":\"ReadAction\",\"target\":[\"https:\/\/malinacosmetics.com\/product\/lador-dermatical-hair-loss-shampoo-for-thin-hair\/\"]}]},{\"@type\":\"BreadcrumbList\",\"@id\":\"https:\/\/malinacosmetics.com\/product\/lador-dermatical-hair-loss-shampoo-for-thin-hair\/#breadcrumb\",\"itemListElement\":[{\"@type\":\"ListItem\",\"position\":1,\"name\":\"\u0413\u043b\u0430\u0432\u043d\u0430\u044f \u0441\u0442\u0440\u0430\u043d\u0438\u0446\u0430\",\"item\":\"https:\/\/malinacosmetics.com\/\"},{\"@type\":\"ListItem\",\"position\":2,\"name\":\"\u041a\u0430\u0442\u0430\u043b\u043e\u0433\",\"item\":\"https:\/\/malinacosmetics.com\/sr\/shop\/\"},{\"@type\":\"ListItem\",\"position\":3,\"name\":\"LADOR Dermatical Hair-Loss Shampoo for thin hair\"}]},{\"@type\":\"WebSite\",\"@id\":\"https:\/\/malinacosmetics.com\/#website\",\"url\":\"https:\/\/malinacosmetics.com\/\",\"name\":\"Malina Beauty Store\",\"description\":\"Prodaja korejske kozmetike za Crnu Goru\",\"publisher\":{\"@id\":\"https:\/\/malinacosmetics.com\/#organization\"},\"potentialAction\":[{\"@type\":\"SearchAction\",\"target\":{\"@type\":\"EntryPoint\",\"urlTemplate\":\"https:\/\/malinacosmetics.com\/?s={search_term_string}\"},\"query-input\":\"required name=search_term_string\"}],\"inLanguage\":\"sr-RS\"},{\"@type\":\"Organization\",\"@id\":\"https:\/\/malinacosmetics.com\/#organization\",\"name\":\"malinacosmetics\",\"url\":\"https:\/\/malinacosmetics.com\/\",\"logo\":{\"@type\":\"ImageObject\",\"inLanguage\":\"sr-RS\",\"@id\":\"https:\/\/malinacosmetics.com\/#\/schema\/logo\/image\/\",\"url\":\"https:\/\/malinacosmetics.com\/wp-content\/uploads\/2021\/07\/logo.png\",\"contentUrl\":\"https:\/\/malinacosmetics.com\/wp-content\/uploads\/2021\/07\/logo.png\",\"width\":500,\"height\":353,\"caption\":\"malinacosmetics\"},\"image\":{\"@id\":\"https:\/\/malinacosmetics.com\/#\/schema\/logo\/image\/\"},\"sameAs\":[\"https:\/\/www.facebook.com\/MalinaBeautyShopMe\/\"]}]}<\/script>\n<meta property=\"product:brand\" content=\"simple\" \/>\n<meta property=\"product:price:amount\" content=\"15.00\" \/>\n<meta property=\"product:price:currency\" content=\"EUR\" \/>\n<meta property=\"og:availability\" content=\"instock\" \/>\n<meta property=\"product:availability\" content=\"instock\" \/>\n<meta property=\"product:condition\" content=\"new\" \/>\n<!-- \/ Yoast SEO Premium plugin. -->","yoast_head_json":{"title":"LADOR Dermatical Hair-Loss Shampoo for thin hair - Malina Beauty Store","robots":{"index":"index","follow":"follow","max-snippet":"max-snippet:-1","max-image-preview":"max-image-preview:large","max-video-preview":"max-video-preview:-1"},"canonical":"https:\/\/malinacosmetics.com\/sr\/\u043f\u0440\u043e\u0438\u0437\u0432\u043e\u0434\/lador-dermatical-hair-loss-shampoo-for-thin-hair\/","og_locale":"sr_RS","og_type":"article","og_title":"LADOR Dermatical Hair-Loss Shampoo for thin hair","og_description":"\u0423\u043a\u0440\u0435\u043f\u043b\u044f\u044e\u0449\u0438\u0439 \u0448\u0430\u043c\u043f\u0443\u043d\u044c \u0434\u043b\u044f \u0442\u043e\u043d\u043a\u0438\u0445 \u0432\u043e\u043b\u043e\u0441. 200ml","og_url":"https:\/\/malinacosmetics.com\/sr\/\u043f\u0440\u043e\u0438\u0437\u0432\u043e\u0434\/lador-dermatical-hair-loss-shampoo-for-thin-hair\/","og_site_name":"Malina Beauty Store","article_publisher":"https:\/\/www.facebook.com\/MalinaBeautyShopMe\/","article_modified_time":"2025-09-27T11:08:41+00:00","og_image":[{"width":1200,"height":1200,"url":"https:\/\/malinacosmetics.com\/wp-content\/uploads\/2022\/11\/Lador-Dermatical-Hair-Loss-Shampoofor-thin-hair-200ml.jpg","type":"image\/jpeg"}],"twitter_card":"summary_large_image","schema":{"@context":"https:\/\/schema.org","@graph":[{"@type":["WebPage","ItemPage"],"@id":"https:\/\/malinacosmetics.com\/product\/lador-dermatical-hair-loss-shampoo-for-thin-hair\/","url":"https:\/\/malinacosmetics.com\/product\/lador-dermatical-hair-loss-shampoo-for-thin-hair\/","name":"LADOR Dermatical Hair-Loss Shampoo for thin hair - Malina Beauty Store","isPartOf":{"@id":"https:\/\/malinacosmetics.com\/#website"},"datePublished":"2022-11-01T16:13:44+00:00","dateModified":"2025-09-27T11:08:41+00:00","breadcrumb":{"@id":"https:\/\/malinacosmetics.com\/product\/lador-dermatical-hair-loss-shampoo-for-thin-hair\/#breadcrumb"},"inLanguage":"sr-RS","potentialAction":[{"@type":"ReadAction","target":["https:\/\/malinacosmetics.com\/product\/lador-dermatical-hair-loss-shampoo-for-thin-hair\/"]}]},{"@type":"BreadcrumbList","@id":"https:\/\/malinacosmetics.com\/product\/lador-dermatical-hair-loss-shampoo-for-thin-hair\/#breadcrumb","itemListElement":[{"@type":"ListItem","position":1,"name":"\u0413\u043b\u0430\u0432\u043d\u0430\u044f \u0441\u0442\u0440\u0430\u043d\u0438\u0446\u0430","item":"https:\/\/malinacosmetics.com\/"},{"@type":"ListItem","position":2,"name":"\u041a\u0430\u0442\u0430\u043b\u043e\u0433","item":"https:\/\/malinacosmetics.com\/sr\/shop\/"},{"@type":"ListItem","position":3,"name":"LADOR Dermatical Hair-Loss Shampoo for thin hair"}]},{"@type":"WebSite","@id":"https:\/\/malinacosmetics.com\/#website","url":"https:\/\/malinacosmetics.com\/","name":"Malina Beauty Store","description":"Prodaja korejske kozmetike za Crnu Goru","publisher":{"@id":"https:\/\/malinacosmetics.com\/#organization"},"potentialAction":[{"@type":"SearchAction","target":{"@type":"EntryPoint","urlTemplate":"https:\/\/malinacosmetics.com\/?s={search_term_string}"},"query-input":"required name=search_term_string"}],"inLanguage":"sr-RS"},{"@type":"Organization","@id":"https:\/\/malinacosmetics.com\/#organization","name":"malinacosmetics","url":"https:\/\/malinacosmetics.com\/","logo":{"@type":"ImageObject","inLanguage":"sr-RS","@id":"https:\/\/malinacosmetics.com\/#\/schema\/logo\/image\/","url":"https:\/\/malinacosmetics.com\/wp-content\/uploads\/2021\/07\/logo.png","contentUrl":"https:\/\/malinacosmetics.com\/wp-content\/uploads\/2021\/07\/logo.png","width":500,"height":353,"caption":"malinacosmetics"},"image":{"@id":"https:\/\/malinacosmetics.com\/#\/schema\/logo\/image\/"},"sameAs":["https:\/\/www.facebook.com\/MalinaBeautyShopMe\/"]}]},"product_brand":"simple","product_price_amount":"15.00","product_price_currency":"EUR","og_availability":"instock","product_availability":"instock","product_condition":"new"},"jetpack_sharing_enabled":true,"_links":{"self":[{"href":"https:\/\/malinacosmetics.com\/sr\/wp-json\/wp\/v2\/product\/4731","targetHints":{"allow":["GET"]}}],"collection":[{"href":"https:\/\/malinacosmetics.com\/sr\/wp-json\/wp\/v2\/product"}],"about":[{"href":"https:\/\/malinacosmetics.com\/sr\/wp-json\/wp\/v2\/types\/product"}],"wp:featuredmedia":[{"embeddable":true,"href":"https:\/\/malinacosmetics.com\/sr\/wp-json\/wp\/v2\/media\/4732"}],"wp:attachment":[{"href":"https:\/\/malinacosmetics.com\/sr\/wp-json\/wp\/v2\/media?parent=4731"}],"wp:term":[{"taxonomy":"product_brand","embeddable":true,"href":"https:\/\/malinacosmetics.com\/sr\/wp-json\/wp\/v2\/product_brand?post=4731"},{"taxonomy":"product_cat","embeddable":true,"href":"https:\/\/malinacosmetics.com\/sr\/wp-json\/wp\/v2\/product_cat?post=4731"},{"taxonomy":"product_tag","embeddable":true,"href":"https:\/\/malinacosmetics.com\/sr\/wp-json\/wp\/v2\/product_tag?post=4731"}],"curies":[{"name":"wp","href":"https:\/\/api.w.org\/{rel}","templated":true}]}}