{"id":4564,"date":"2022-08-10T17:31:50","date_gmt":"2022-08-10T14:31:50","guid":{"rendered":"https:\/\/malinacosmetics.com\/?post_type=product&#038;p=4564"},"modified":"2026-03-05T11:40:06","modified_gmt":"2026-03-05T10:40:06","slug":"lador-wonder-bubble","status":"publish","type":"product","link":"https:\/\/malinacosmetics.com\/sr\/\u043f\u0440\u043e\u0438\u0437\u0432\u043e\u0434\/lador-wonder-bubble\/","title":{"rendered":"LADOR Wonder Bubble 250ml"},"content":{"rendered":"<p class=\"translation-block\">Hidratantni \u0161ampon za volumen kose La\u2019dor Wonder Bubble Shampoo ne samo da hidrira i \u0161titi kosu od gubitka vlage izazvanog negativnim spoljnim uticajima, ve\u0107 i hrani kosu du\u017e cele du\u017eine, spre\u010dava suvo\u0107u i lomljivost, \u010dini je mekom i sjajnom. Obnavlja ko\u017eu glave, \u0161titi od prevremenog opadanja kose. Olak\u0161ava ra\u0161\u010de\u0161ljavanje i stilizovanje, daju\u0107i kosi volumen. Pru\u017ea za\u0161titu boji farbane kose.<br>\n\n\u0160ampon se obilno peni i ima laganu cvetnu aromu. Posebno je pogodan za suvu, poroznu i o\u0161te\u0107enu kosu, koja je sklona \u010destom farbanju ili stilizovanju, kao i za kosu koja se lako elektri\u0161e.<br>\n\nGlavni aktivni sastojci:<br>\n\nHijaluronska kiselina pru\u017ea duboku i dugotrajnu hidrataciju, spre\u010dava pojavu ispucalih krajeva i umiruje ko\u017eu glave.<br>\n7 vrsta peptida neguju ko\u017eu glave, poma\u017eu u borbi protiv lomljivosti i opadanja kose, daju volumen od korena.<br>\nKeratin prodire duboko u dlaku, zgu\u0161njava, hidrira i obnavlja o\u0161te\u0107enu strukturu, smanjuje \u201enaelektrisanost\u201c, a da pritom ne ote\u017eava kosu.<\/p>\n<p><strong><br>Na\u010din upotrebe:<\/strong> Pokvasite kosu sa mlakom vodom. Nanesite potrebnu koli\u010dinu \u0161ampona na kosu i skalp I ne\u017eno masirajte kru\u017enim pokretima. Temeljno isperite kosu mlakom vodom. <br>\nZa postizanje maksimalnih rezultata preporu\u010dujemo da LA\u2019DOR WONDER BUBBLE koristite zajedno sa drugim proizvodima iz \u201cLA\u2019DOR WONDER\u201d linije proizvoda za negu kose.<\/p>\n<hr \/>\n<div>\n<p><em><b><em>Sastojci:<\/em> <\/b>Water, Sodium Laureth Sulfate, Ammonium Lauryl Sulfate, Cocamidopropyl Betaine, Glycerin, Glycol Distearate, Cocamide MEA, Disodium Cocoamphodiacetate, Dimethicone, Phenoxyethanol, Sodium Chloride, Hexylene Glycol, C12-15 Pareth-3, Guar Hydroxypropyltrimonium Chloride, Salicylic acid, Sodium Hydroxide, Polyquaternium-7, Sodium Benzoate, Dipropylene Glycol, Polyquaternium-10, Hydroxyethyl Urea, Butylene Glycol, 1,2-Hexanediol, Sodium Hyaluronate, Hydrolyzed Keratin, Pentylene Glycol, Alcohol, Lawsonia Inermis (Henna) Extract, Propanediol, Pisum Sativum (Pea) Peptide, Acetyl Hexapeptide-8, Copper Tripeptide-1, Palmitoyl Pentapeptide-4, Tripeptide-1, Hexapeptide-9, Palmitoyl Tripeptide-1, Polyglyceryl-10 Laurate, Citric Acid, Aphanothece Sacrum Polysaccharides, Hydroxyacetophenone, Fragrance, Benzyl Salicylate, Coumarin, Geraniol, Linalool, Benzyl Benzoate, Citronellol, Hexyl Cinnamal, Limonene<\/em><\/p>\n<p><em><b><\/b><br \/>\n<\/em><\/p>\n<p>&nbsp;<\/p>\n<\/div>","protected":false},"excerpt":{"rendered":"<p>Hidratantni \u0161ampon za volumen za o\u0161te\u0107enu kosu. 250ml<\/p>","protected":false},"featured_media":4565,"template":"","meta":{"_acf_changed":false},"product_brand":[],"product_cat":[418,171,612,611,617,172],"product_tag":[419],"class_list":{"0":"post-4564","1":"product","2":"type-product","3":"status-publish","4":"has-post-thumbnail","6":"product_cat-lador","7":"product_cat-haircare","8":"product_cat-hairnutrition","9":"product_cat-hairmoisture","10":"product_cat-alltypehairs","11":"product_cat-shampoo","12":"product_tag-lador-wonder","14":"first","15":"outofstock","16":"shipping-taxable","17":"purchasable","18":"product-type-simple"},"acf":[],"yoast_head":"<!-- This site is optimized with the Yoast SEO Premium plugin v19.6 (Yoast SEO v20.11) - https:\/\/yoast.com\/wordpress\/plugins\/seo\/ -->\n<title>LADOR Wonder Bubble 250ml - Malina Beauty Store<\/title>\n<meta name=\"robots\" content=\"index, follow, max-snippet:-1, max-image-preview:large, max-video-preview:-1\" \/>\n<link rel=\"canonical\" href=\"https:\/\/malinacosmetics.com\/sr\/\u043f\u0440\u043e\u0438\u0437\u0432\u043e\u0434\/lador-wonder-bubble\/\" \/>\n<meta property=\"og:locale\" content=\"sr_RS\" \/>\n<meta property=\"og:type\" content=\"article\" \/>\n<meta property=\"og:title\" content=\"LADOR Wonder Bubble 250ml\" \/>\n<meta property=\"og:description\" content=\"\u0423\u0432\u043b\u0430\u0436\u043d\u044f\u044e\u0449\u0438\u0439 \u0448\u0430\u043c\u043f\u0443\u043d\u044c \u0434\u043b\u044f \u043e\u0431\u044a\u0435\u043c\u0430 \u0432\u043e\u043b\u043e\u0441. 250ml\" \/>\n<meta property=\"og:url\" content=\"https:\/\/malinacosmetics.com\/sr\/\u043f\u0440\u043e\u0438\u0437\u0432\u043e\u0434\/lador-wonder-bubble\/\" \/>\n<meta property=\"og:site_name\" content=\"Malina Beauty Store\" \/>\n<meta property=\"article:publisher\" content=\"https:\/\/www.facebook.com\/MalinaBeautyShopMe\/\" \/>\n<meta property=\"article:modified_time\" content=\"2026-03-05T10:40:06+00:00\" \/>\n<meta property=\"og:image\" content=\"https:\/\/malinacosmetics.com\/wp-content\/uploads\/2022\/08\/LADOR-Wonder-Bubble-Shampoo.jpg\" \/>\n\t<meta property=\"og:image:width\" content=\"1200\" \/>\n\t<meta property=\"og:image:height\" content=\"1200\" \/>\n\t<meta property=\"og:image:type\" content=\"image\/jpeg\" \/>\n<meta name=\"twitter:card\" content=\"summary_large_image\" \/>\n<script type=\"application\/ld+json\" class=\"yoast-schema-graph\">{\"@context\":\"https:\/\/schema.org\",\"@graph\":[{\"@type\":[\"WebPage\",\"ItemPage\"],\"@id\":\"https:\/\/malinacosmetics.com\/product\/lador-wonder-bubble\/\",\"url\":\"https:\/\/malinacosmetics.com\/product\/lador-wonder-bubble\/\",\"name\":\"LADOR Wonder Bubble 250ml - Malina Beauty Store\",\"isPartOf\":{\"@id\":\"https:\/\/malinacosmetics.com\/#website\"},\"datePublished\":\"2022-08-10T14:31:50+00:00\",\"dateModified\":\"2026-03-05T10:40:06+00:00\",\"breadcrumb\":{\"@id\":\"https:\/\/malinacosmetics.com\/product\/lador-wonder-bubble\/#breadcrumb\"},\"inLanguage\":\"sr-RS\",\"potentialAction\":[{\"@type\":\"ReadAction\",\"target\":[\"https:\/\/malinacosmetics.com\/product\/lador-wonder-bubble\/\"]}]},{\"@type\":\"BreadcrumbList\",\"@id\":\"https:\/\/malinacosmetics.com\/product\/lador-wonder-bubble\/#breadcrumb\",\"itemListElement\":[{\"@type\":\"ListItem\",\"position\":1,\"name\":\"\u0413\u043b\u0430\u0432\u043d\u0430\u044f \u0441\u0442\u0440\u0430\u043d\u0438\u0446\u0430\",\"item\":\"https:\/\/malinacosmetics.com\/\"},{\"@type\":\"ListItem\",\"position\":2,\"name\":\"\u041a\u0430\u0442\u0430\u043b\u043e\u0433\",\"item\":\"https:\/\/malinacosmetics.com\/sr\/shop\/\"},{\"@type\":\"ListItem\",\"position\":3,\"name\":\"LADOR Wonder Bubble 250ml\"}]},{\"@type\":\"WebSite\",\"@id\":\"https:\/\/malinacosmetics.com\/#website\",\"url\":\"https:\/\/malinacosmetics.com\/\",\"name\":\"Malina Beauty Store\",\"description\":\"Prodaja korejske kozmetike za Crnu Goru\",\"publisher\":{\"@id\":\"https:\/\/malinacosmetics.com\/#organization\"},\"potentialAction\":[{\"@type\":\"SearchAction\",\"target\":{\"@type\":\"EntryPoint\",\"urlTemplate\":\"https:\/\/malinacosmetics.com\/?s={search_term_string}\"},\"query-input\":\"required name=search_term_string\"}],\"inLanguage\":\"sr-RS\"},{\"@type\":\"Organization\",\"@id\":\"https:\/\/malinacosmetics.com\/#organization\",\"name\":\"malinacosmetics\",\"url\":\"https:\/\/malinacosmetics.com\/\",\"logo\":{\"@type\":\"ImageObject\",\"inLanguage\":\"sr-RS\",\"@id\":\"https:\/\/malinacosmetics.com\/#\/schema\/logo\/image\/\",\"url\":\"https:\/\/malinacosmetics.com\/wp-content\/uploads\/2021\/07\/logo.png\",\"contentUrl\":\"https:\/\/malinacosmetics.com\/wp-content\/uploads\/2021\/07\/logo.png\",\"width\":500,\"height\":353,\"caption\":\"malinacosmetics\"},\"image\":{\"@id\":\"https:\/\/malinacosmetics.com\/#\/schema\/logo\/image\/\"},\"sameAs\":[\"https:\/\/www.facebook.com\/MalinaBeautyShopMe\/\"]}]}<\/script>\n<meta property=\"product:brand\" content=\"simple\" \/>\n<meta property=\"product:price:amount\" content=\"14.00\" \/>\n<meta property=\"product:price:currency\" content=\"EUR\" \/>\n<meta property=\"og:availability\" content=\"out of stock\" \/>\n<meta property=\"product:availability\" content=\"out of stock\" \/>\n<meta property=\"product:condition\" content=\"new\" \/>\n<!-- \/ Yoast SEO Premium plugin. -->","yoast_head_json":{"title":"LADOR Wonder Bubble 250ml - Malina Beauty Store","robots":{"index":"index","follow":"follow","max-snippet":"max-snippet:-1","max-image-preview":"max-image-preview:large","max-video-preview":"max-video-preview:-1"},"canonical":"https:\/\/malinacosmetics.com\/sr\/\u043f\u0440\u043e\u0438\u0437\u0432\u043e\u0434\/lador-wonder-bubble\/","og_locale":"sr_RS","og_type":"article","og_title":"LADOR Wonder Bubble 250ml","og_description":"\u0423\u0432\u043b\u0430\u0436\u043d\u044f\u044e\u0449\u0438\u0439 \u0448\u0430\u043c\u043f\u0443\u043d\u044c \u0434\u043b\u044f \u043e\u0431\u044a\u0435\u043c\u0430 \u0432\u043e\u043b\u043e\u0441. 250ml","og_url":"https:\/\/malinacosmetics.com\/sr\/\u043f\u0440\u043e\u0438\u0437\u0432\u043e\u0434\/lador-wonder-bubble\/","og_site_name":"Malina Beauty Store","article_publisher":"https:\/\/www.facebook.com\/MalinaBeautyShopMe\/","article_modified_time":"2026-03-05T10:40:06+00:00","og_image":[{"width":1200,"height":1200,"url":"https:\/\/malinacosmetics.com\/wp-content\/uploads\/2022\/08\/LADOR-Wonder-Bubble-Shampoo.jpg","type":"image\/jpeg"}],"twitter_card":"summary_large_image","schema":{"@context":"https:\/\/schema.org","@graph":[{"@type":["WebPage","ItemPage"],"@id":"https:\/\/malinacosmetics.com\/product\/lador-wonder-bubble\/","url":"https:\/\/malinacosmetics.com\/product\/lador-wonder-bubble\/","name":"LADOR Wonder Bubble 250ml - Malina Beauty Store","isPartOf":{"@id":"https:\/\/malinacosmetics.com\/#website"},"datePublished":"2022-08-10T14:31:50+00:00","dateModified":"2026-03-05T10:40:06+00:00","breadcrumb":{"@id":"https:\/\/malinacosmetics.com\/product\/lador-wonder-bubble\/#breadcrumb"},"inLanguage":"sr-RS","potentialAction":[{"@type":"ReadAction","target":["https:\/\/malinacosmetics.com\/product\/lador-wonder-bubble\/"]}]},{"@type":"BreadcrumbList","@id":"https:\/\/malinacosmetics.com\/product\/lador-wonder-bubble\/#breadcrumb","itemListElement":[{"@type":"ListItem","position":1,"name":"\u0413\u043b\u0430\u0432\u043d\u0430\u044f \u0441\u0442\u0440\u0430\u043d\u0438\u0446\u0430","item":"https:\/\/malinacosmetics.com\/"},{"@type":"ListItem","position":2,"name":"\u041a\u0430\u0442\u0430\u043b\u043e\u0433","item":"https:\/\/malinacosmetics.com\/sr\/shop\/"},{"@type":"ListItem","position":3,"name":"LADOR Wonder Bubble 250ml"}]},{"@type":"WebSite","@id":"https:\/\/malinacosmetics.com\/#website","url":"https:\/\/malinacosmetics.com\/","name":"Malina Beauty Store","description":"Prodaja korejske kozmetike za Crnu Goru","publisher":{"@id":"https:\/\/malinacosmetics.com\/#organization"},"potentialAction":[{"@type":"SearchAction","target":{"@type":"EntryPoint","urlTemplate":"https:\/\/malinacosmetics.com\/?s={search_term_string}"},"query-input":"required name=search_term_string"}],"inLanguage":"sr-RS"},{"@type":"Organization","@id":"https:\/\/malinacosmetics.com\/#organization","name":"malinacosmetics","url":"https:\/\/malinacosmetics.com\/","logo":{"@type":"ImageObject","inLanguage":"sr-RS","@id":"https:\/\/malinacosmetics.com\/#\/schema\/logo\/image\/","url":"https:\/\/malinacosmetics.com\/wp-content\/uploads\/2021\/07\/logo.png","contentUrl":"https:\/\/malinacosmetics.com\/wp-content\/uploads\/2021\/07\/logo.png","width":500,"height":353,"caption":"malinacosmetics"},"image":{"@id":"https:\/\/malinacosmetics.com\/#\/schema\/logo\/image\/"},"sameAs":["https:\/\/www.facebook.com\/MalinaBeautyShopMe\/"]}]},"product_brand":"simple","product_price_amount":"14.00","product_price_currency":"EUR","og_availability":"out of stock","product_availability":"out of stock","product_condition":"new"},"jetpack_sharing_enabled":true,"_links":{"self":[{"href":"https:\/\/malinacosmetics.com\/sr\/wp-json\/wp\/v2\/product\/4564","targetHints":{"allow":["GET"]}}],"collection":[{"href":"https:\/\/malinacosmetics.com\/sr\/wp-json\/wp\/v2\/product"}],"about":[{"href":"https:\/\/malinacosmetics.com\/sr\/wp-json\/wp\/v2\/types\/product"}],"wp:featuredmedia":[{"embeddable":true,"href":"https:\/\/malinacosmetics.com\/sr\/wp-json\/wp\/v2\/media\/4565"}],"wp:attachment":[{"href":"https:\/\/malinacosmetics.com\/sr\/wp-json\/wp\/v2\/media?parent=4564"}],"wp:term":[{"taxonomy":"product_brand","embeddable":true,"href":"https:\/\/malinacosmetics.com\/sr\/wp-json\/wp\/v2\/product_brand?post=4564"},{"taxonomy":"product_cat","embeddable":true,"href":"https:\/\/malinacosmetics.com\/sr\/wp-json\/wp\/v2\/product_cat?post=4564"},{"taxonomy":"product_tag","embeddable":true,"href":"https:\/\/malinacosmetics.com\/sr\/wp-json\/wp\/v2\/product_tag?post=4564"}],"curies":[{"name":"wp","href":"https:\/\/api.w.org\/{rel}","templated":true}]}}