{"id":4558,"date":"2022-08-10T16:50:14","date_gmt":"2022-08-10T13:50:14","guid":{"rendered":"https:\/\/malinacosmetics.com\/?post_type=product&#038;p=4558"},"modified":"2024-12-14T14:51:09","modified_gmt":"2024-12-14T13:51:09","slug":"lador-tea-tree-scalp-clinic-hair-pack-200ml","status":"publish","type":"product","link":"https:\/\/malinacosmetics.com\/sr\/\u043f\u0440\u043e\u0438\u0437\u0432\u043e\u0434\/lador-tea-tree-scalp-clinic-hair-pack-200ml\/","title":{"rendered":"LADOR Tea Tree Scalp Clinic Hair Pack 200ml"},"content":{"rendered":"<p class=\"translation-block\">La\u2019dor profesionalno pakovanje za dubinsko \u010di\u0161\u0107enje vlasi\u0161ta sa prirodnim ekstraktima \u010dajevca, zelenog \u010daja i pu\u017eeve sluzi efikasno \u010disti vlasi\u0161te i uklanja izumrle \u0107elije ko\u017ee dok istovremeno hrani o\u0161te\u0107enu kosu. Ekstrakt \u010dajevca re\u0161ava problem perutanja ko\u017ee i svraba vlasi\u0161ta, zeleni \u010daj hidrira ko\u017eu glave, dok ekstrakt pu\u017eeve sluzi ja\u010da koren kose i dlaku.\nLa\u2019dor tretman sa \u010dajevcem za suvu, osetljivu ili iritiranu ko\u017eu vlasi\u0161ta uklanja svrab, perut, nepijatne mirise, vi\u0161ak sebuma, znoj i naslage sa vlasi\u0161ta dok istovremeno obnavlja i ja\u010da o\u0161te\u0107enu ko\u017eu.\nPakovanje za kosu i vlasi\u0161te ubla\u017eava sve iritacije, umiruje osetljivo vlasi\u0161te i obezbe\u0111uje prijatan ose\u0107aj hla\u0111enja nakon nano\u0161enja.<br>\nLa\u2019dor Tea Tree Scalp Clinic Hair pakovanje namenjeno je za:<br>\n- osetljivo vlasi\u0161te sa upaljenim aknama,\n- masno vlasi\u0161te,<br>\n- vlasi\u0161te koje se peruta, svrbi i neprijatno miri\u0161e,<br>\n- slabu i tanku kosu sklonu pucanju krajeva.<br><\/p>\n<p><strong><br>Na\u010din upotrebe:<\/strong> Oprati kosu \u0161amponom i ukloniti vi\u0161ak vode pe\u0161kirom. Iscediti potrebnu koli\u010dinu pakovanja na dlan i naneti ga na vlasi\u0161te i kosu. Ne\u017eno umasirajte pakovanje na vlasi\u0161te i kosu, ostavite pakovanje da deluje jedan minut, a potom temeljno isperite kosu toplom vodom. Nakon pakovanja na kosu mo\u017eete naneti kondicioner ukoliko \u017eelite.<br>\n*Preporu\u010dujemo upotrebu pakovanja jednom nedeljno.<\/p>\n<hr \/>\n<div>\n<p><em><b><em>Sastojci:<\/em> <\/b>Water, Cetearyl Alcohol, Dimethicone, Propylene Glycol, Steartrimonium Chloride, Amodimethicone, Glycerin, Glyceryl Stearate SE, Mineral Ol, PEG-45M, Menthol, Hydroxyacetophenone, Dimethiconol, Betaine, Trideceth-12, Melaleuca Alternifolia (Tea Tree) Extract (630ppm), Butylene Glycol, Cetrimonium Chloride, Argania Spinosa Kernel Oil, Camellia Sinensis Leaf Extract, Rosa Centifolia Flower Extract, 1,2-Hexanediol, Hydrolyzed Collagen, Piroctone Olamine, Polyglutamic Acid, Snail Secretion Filtrate, Aloe Barbadensis Extract, Ethyl Hexanediol, Ceramide NP, Hydrogenated Lecithin, Stearic Acid, Ethylhexylglycerin, Sucrose Stearate, Sphingolipids, Cholesterol, Disodium EDTA, Benzophenone-5, Citric Acid, CI 15985, Fragrance, Limonene, Linalool, Benzyl Benzoate, Citronelliol, Geraniol, Hexyl Cinnamal<\/em><\/p>\n<p><em><b><\/b><br \/>\n<\/em><\/p>\n<p>&nbsp;<\/p>\n<\/div>","protected":false},"excerpt":{"rendered":"<p>Pro\u010di\u0161c\u0301avajuc\u0301a maska za piling sa ekstraktom \u010dajevca za vlasi\u0161te i kosu. 200ml<\/p>","protected":false},"featured_media":4559,"template":"","meta":{"_acf_changed":false},"product_brand":[],"product_cat":[418,171,623,615,507,616,611,617,604,598,599,601,433],"product_tag":[592],"class_list":{"0":"post-4558","1":"product","2":"type-product","3":"status-publish","4":"has-post-thumbnail","6":"product_cat-lador","7":"product_cat-haircare","8":"product_cat-hair-restoration","9":"product_cat-hairsebumcontrol","10":"product_cat-hairloss","11":"product_cat-antidandruff","12":"product_cat-hairmoisture","13":"product_cat-alltypehairs","14":"product_cat-oilyhair","15":"product_cat-oilyscalp","16":"product_cat-dryscalp","17":"product_cat-sensitivescalp","18":"product_cat-scalpeeling","19":"product_tag-lador-scalp","21":"first","22":"instock","23":"shipping-taxable","24":"purchasable","25":"product-type-simple"},"acf":[],"yoast_head":"<!-- This site is optimized with the Yoast SEO Premium plugin v19.6 (Yoast SEO v20.11) - https:\/\/yoast.com\/wordpress\/plugins\/seo\/ -->\n<title>LADOR Tea Tree Scalp Clinic Hair Pack 200ml - Malina Beauty Store<\/title>\n<meta name=\"robots\" content=\"index, follow, max-snippet:-1, max-image-preview:large, max-video-preview:-1\" \/>\n<link rel=\"canonical\" href=\"https:\/\/malinacosmetics.com\/sr\/\u043f\u0440\u043e\u0438\u0437\u0432\u043e\u0434\/lador-tea-tree-scalp-clinic-hair-pack-200ml\/\" \/>\n<meta property=\"og:locale\" content=\"sr_RS\" \/>\n<meta property=\"og:type\" content=\"article\" \/>\n<meta property=\"og:title\" content=\"LADOR Tea Tree Scalp Clinic Hair Pack 200ml\" \/>\n<meta property=\"og:description\" content=\"\u041e\u0447\u0438\u0449\u0430\u044e\u0449\u0430\u044f \u043c\u0430\u0441\u043a\u0430-\u043f\u0438\u043b\u0438\u043d\u0433 \u0441 \u044d\u043a\u0441\u0442\u0440\u0430\u043a\u0442\u043e\u043c \u0447\u0430\u0439\u043d\u043e\u0433\u043e \u0434\u0435\u0440\u0435\u0432\u0430. 200ml\" \/>\n<meta property=\"og:url\" content=\"https:\/\/malinacosmetics.com\/sr\/\u043f\u0440\u043e\u0438\u0437\u0432\u043e\u0434\/lador-tea-tree-scalp-clinic-hair-pack-200ml\/\" \/>\n<meta property=\"og:site_name\" content=\"Malina Beauty Store\" \/>\n<meta property=\"article:publisher\" content=\"https:\/\/www.facebook.com\/MalinaBeautyShopMe\/\" \/>\n<meta property=\"article:modified_time\" content=\"2024-12-14T13:51:09+00:00\" \/>\n<meta property=\"og:image\" content=\"https:\/\/malinacosmetics.com\/wp-content\/uploads\/2022\/08\/LADOR-Tea-Tree-Scalp-Clinic-Hair-Pack.jpg\" \/>\n\t<meta property=\"og:image:width\" content=\"1200\" \/>\n\t<meta property=\"og:image:height\" content=\"1200\" \/>\n\t<meta property=\"og:image:type\" content=\"image\/jpeg\" \/>\n<meta name=\"twitter:card\" content=\"summary_large_image\" \/>\n<script type=\"application\/ld+json\" class=\"yoast-schema-graph\">{\"@context\":\"https:\/\/schema.org\",\"@graph\":[{\"@type\":[\"WebPage\",\"ItemPage\"],\"@id\":\"https:\/\/malinacosmetics.com\/product\/lador-tea-tree-scalp-clinic-hair-pack-200ml\/\",\"url\":\"https:\/\/malinacosmetics.com\/product\/lador-tea-tree-scalp-clinic-hair-pack-200ml\/\",\"name\":\"LADOR Tea Tree Scalp Clinic Hair Pack 200ml - Malina Beauty Store\",\"isPartOf\":{\"@id\":\"https:\/\/malinacosmetics.com\/#website\"},\"datePublished\":\"2022-08-10T13:50:14+00:00\",\"dateModified\":\"2024-12-14T13:51:09+00:00\",\"breadcrumb\":{\"@id\":\"https:\/\/malinacosmetics.com\/product\/lador-tea-tree-scalp-clinic-hair-pack-200ml\/#breadcrumb\"},\"inLanguage\":\"sr-RS\",\"potentialAction\":[{\"@type\":\"ReadAction\",\"target\":[\"https:\/\/malinacosmetics.com\/product\/lador-tea-tree-scalp-clinic-hair-pack-200ml\/\"]}]},{\"@type\":\"BreadcrumbList\",\"@id\":\"https:\/\/malinacosmetics.com\/product\/lador-tea-tree-scalp-clinic-hair-pack-200ml\/#breadcrumb\",\"itemListElement\":[{\"@type\":\"ListItem\",\"position\":1,\"name\":\"\u0413\u043b\u0430\u0432\u043d\u0430\u044f \u0441\u0442\u0440\u0430\u043d\u0438\u0446\u0430\",\"item\":\"https:\/\/malinacosmetics.com\/\"},{\"@type\":\"ListItem\",\"position\":2,\"name\":\"\u041a\u0430\u0442\u0430\u043b\u043e\u0433\",\"item\":\"https:\/\/malinacosmetics.com\/sr\/shop\/\"},{\"@type\":\"ListItem\",\"position\":3,\"name\":\"LADOR Tea Tree Scalp Clinic Hair Pack 200ml\"}]},{\"@type\":\"WebSite\",\"@id\":\"https:\/\/malinacosmetics.com\/#website\",\"url\":\"https:\/\/malinacosmetics.com\/\",\"name\":\"Malina Beauty Store\",\"description\":\"Prodaja korejske kozmetike za Crnu Goru\",\"publisher\":{\"@id\":\"https:\/\/malinacosmetics.com\/#organization\"},\"potentialAction\":[{\"@type\":\"SearchAction\",\"target\":{\"@type\":\"EntryPoint\",\"urlTemplate\":\"https:\/\/malinacosmetics.com\/?s={search_term_string}\"},\"query-input\":\"required name=search_term_string\"}],\"inLanguage\":\"sr-RS\"},{\"@type\":\"Organization\",\"@id\":\"https:\/\/malinacosmetics.com\/#organization\",\"name\":\"malinacosmetics\",\"url\":\"https:\/\/malinacosmetics.com\/\",\"logo\":{\"@type\":\"ImageObject\",\"inLanguage\":\"sr-RS\",\"@id\":\"https:\/\/malinacosmetics.com\/#\/schema\/logo\/image\/\",\"url\":\"https:\/\/malinacosmetics.com\/wp-content\/uploads\/2021\/07\/logo.png\",\"contentUrl\":\"https:\/\/malinacosmetics.com\/wp-content\/uploads\/2021\/07\/logo.png\",\"width\":500,\"height\":353,\"caption\":\"malinacosmetics\"},\"image\":{\"@id\":\"https:\/\/malinacosmetics.com\/#\/schema\/logo\/image\/\"},\"sameAs\":[\"https:\/\/www.facebook.com\/MalinaBeautyShopMe\/\"]}]}<\/script>\n<meta property=\"product:brand\" content=\"simple\" \/>\n<meta property=\"product:price:amount\" content=\"17.00\" \/>\n<meta property=\"product:price:currency\" content=\"EUR\" \/>\n<meta property=\"og:availability\" content=\"instock\" \/>\n<meta property=\"product:availability\" content=\"instock\" \/>\n<meta property=\"product:condition\" content=\"new\" \/>\n<!-- \/ Yoast SEO Premium plugin. -->","yoast_head_json":{"title":"LADOR Tea Tree Scalp Clinic Hair Pack 200ml - Malina Beauty Store","robots":{"index":"index","follow":"follow","max-snippet":"max-snippet:-1","max-image-preview":"max-image-preview:large","max-video-preview":"max-video-preview:-1"},"canonical":"https:\/\/malinacosmetics.com\/sr\/\u043f\u0440\u043e\u0438\u0437\u0432\u043e\u0434\/lador-tea-tree-scalp-clinic-hair-pack-200ml\/","og_locale":"sr_RS","og_type":"article","og_title":"LADOR Tea Tree Scalp Clinic Hair Pack 200ml","og_description":"\u041e\u0447\u0438\u0449\u0430\u044e\u0449\u0430\u044f \u043c\u0430\u0441\u043a\u0430-\u043f\u0438\u043b\u0438\u043d\u0433 \u0441 \u044d\u043a\u0441\u0442\u0440\u0430\u043a\u0442\u043e\u043c \u0447\u0430\u0439\u043d\u043e\u0433\u043e \u0434\u0435\u0440\u0435\u0432\u0430. 200ml","og_url":"https:\/\/malinacosmetics.com\/sr\/\u043f\u0440\u043e\u0438\u0437\u0432\u043e\u0434\/lador-tea-tree-scalp-clinic-hair-pack-200ml\/","og_site_name":"Malina Beauty Store","article_publisher":"https:\/\/www.facebook.com\/MalinaBeautyShopMe\/","article_modified_time":"2024-12-14T13:51:09+00:00","og_image":[{"width":1200,"height":1200,"url":"https:\/\/malinacosmetics.com\/wp-content\/uploads\/2022\/08\/LADOR-Tea-Tree-Scalp-Clinic-Hair-Pack.jpg","type":"image\/jpeg"}],"twitter_card":"summary_large_image","schema":{"@context":"https:\/\/schema.org","@graph":[{"@type":["WebPage","ItemPage"],"@id":"https:\/\/malinacosmetics.com\/product\/lador-tea-tree-scalp-clinic-hair-pack-200ml\/","url":"https:\/\/malinacosmetics.com\/product\/lador-tea-tree-scalp-clinic-hair-pack-200ml\/","name":"LADOR Tea Tree Scalp Clinic Hair Pack 200ml - Malina Beauty Store","isPartOf":{"@id":"https:\/\/malinacosmetics.com\/#website"},"datePublished":"2022-08-10T13:50:14+00:00","dateModified":"2024-12-14T13:51:09+00:00","breadcrumb":{"@id":"https:\/\/malinacosmetics.com\/product\/lador-tea-tree-scalp-clinic-hair-pack-200ml\/#breadcrumb"},"inLanguage":"sr-RS","potentialAction":[{"@type":"ReadAction","target":["https:\/\/malinacosmetics.com\/product\/lador-tea-tree-scalp-clinic-hair-pack-200ml\/"]}]},{"@type":"BreadcrumbList","@id":"https:\/\/malinacosmetics.com\/product\/lador-tea-tree-scalp-clinic-hair-pack-200ml\/#breadcrumb","itemListElement":[{"@type":"ListItem","position":1,"name":"\u0413\u043b\u0430\u0432\u043d\u0430\u044f \u0441\u0442\u0440\u0430\u043d\u0438\u0446\u0430","item":"https:\/\/malinacosmetics.com\/"},{"@type":"ListItem","position":2,"name":"\u041a\u0430\u0442\u0430\u043b\u043e\u0433","item":"https:\/\/malinacosmetics.com\/sr\/shop\/"},{"@type":"ListItem","position":3,"name":"LADOR Tea Tree Scalp Clinic Hair Pack 200ml"}]},{"@type":"WebSite","@id":"https:\/\/malinacosmetics.com\/#website","url":"https:\/\/malinacosmetics.com\/","name":"Malina Beauty Store","description":"Prodaja korejske kozmetike za Crnu Goru","publisher":{"@id":"https:\/\/malinacosmetics.com\/#organization"},"potentialAction":[{"@type":"SearchAction","target":{"@type":"EntryPoint","urlTemplate":"https:\/\/malinacosmetics.com\/?s={search_term_string}"},"query-input":"required name=search_term_string"}],"inLanguage":"sr-RS"},{"@type":"Organization","@id":"https:\/\/malinacosmetics.com\/#organization","name":"malinacosmetics","url":"https:\/\/malinacosmetics.com\/","logo":{"@type":"ImageObject","inLanguage":"sr-RS","@id":"https:\/\/malinacosmetics.com\/#\/schema\/logo\/image\/","url":"https:\/\/malinacosmetics.com\/wp-content\/uploads\/2021\/07\/logo.png","contentUrl":"https:\/\/malinacosmetics.com\/wp-content\/uploads\/2021\/07\/logo.png","width":500,"height":353,"caption":"malinacosmetics"},"image":{"@id":"https:\/\/malinacosmetics.com\/#\/schema\/logo\/image\/"},"sameAs":["https:\/\/www.facebook.com\/MalinaBeautyShopMe\/"]}]},"product_brand":"simple","product_price_amount":"17.00","product_price_currency":"EUR","og_availability":"instock","product_availability":"instock","product_condition":"new"},"jetpack_sharing_enabled":true,"_links":{"self":[{"href":"https:\/\/malinacosmetics.com\/sr\/wp-json\/wp\/v2\/product\/4558","targetHints":{"allow":["GET"]}}],"collection":[{"href":"https:\/\/malinacosmetics.com\/sr\/wp-json\/wp\/v2\/product"}],"about":[{"href":"https:\/\/malinacosmetics.com\/sr\/wp-json\/wp\/v2\/types\/product"}],"wp:featuredmedia":[{"embeddable":true,"href":"https:\/\/malinacosmetics.com\/sr\/wp-json\/wp\/v2\/media\/4559"}],"wp:attachment":[{"href":"https:\/\/malinacosmetics.com\/sr\/wp-json\/wp\/v2\/media?parent=4558"}],"wp:term":[{"taxonomy":"product_brand","embeddable":true,"href":"https:\/\/malinacosmetics.com\/sr\/wp-json\/wp\/v2\/product_brand?post=4558"},{"taxonomy":"product_cat","embeddable":true,"href":"https:\/\/malinacosmetics.com\/sr\/wp-json\/wp\/v2\/product_cat?post=4558"},{"taxonomy":"product_tag","embeddable":true,"href":"https:\/\/malinacosmetics.com\/sr\/wp-json\/wp\/v2\/product_tag?post=4558"}],"curies":[{"name":"wp","href":"https:\/\/api.w.org\/{rel}","templated":true}]}}