{"id":4539,"date":"2022-08-10T14:50:46","date_gmt":"2022-08-10T11:50:46","guid":{"rendered":"https:\/\/malinacosmetics.com\/?post_type=product&#038;p=4539"},"modified":"2026-03-17T11:52:21","modified_gmt":"2026-03-17T10:52:21","slug":"la-dor-hydro-lpp-treatment-150ml","status":"publish","type":"product","link":"https:\/\/malinacosmetics.com\/sr\/\u043f\u0440\u043e\u0438\u0437\u0432\u043e\u0434\/la-dor-hydro-lpp-treatment-150ml\/","title":{"rendered":"LADOR Hydro LPP Treatment 150ml"},"content":{"rendered":"<p class=\"translation-block\">LA\u2019DOR HYDRO LPP TREATMENT za svakodnevni tretman ekstremno suve i o\u0161te\u0107ene kose sa najfinijim mikro proteinima (LPP) koji prodire duboko u strukturu vlasi i ja\u010da kosu.<br>\nLA\u2019DOR Hydro LPP tretman je proizvod koji mo\u017ee da se koristi svakodnevno, a posebno se preporu\u010duje pre ili posle farbanja odnosno hemijskih tretmana kako bi se spre\u010dila o\u0161te\u0107enja i kako bi se kosi pru\u017eila nega kao iz profesionalnih salona.<br>\nSavetujemo da  LA\u2019DOR Hidro LPP tretman za kosu uvrstite u svakodnevnu rutinu nege kose jer je postupak obnavljanja strukture o\u0161te\u0107ene dlake proces koji traje i kod ekstremno o\u0161te\u0107ene kose u po\u010detku primene tretmana kosa mo\u017ee delovati \u201eukru\u0107eno\u201c, ali taj efekat je samo privremen jer redovnom upotrebom proizvoda o\u0161te\u0107eni delovi kose se popunjavaju proteinima \u010dime se obnavlja struktura dlake i kosa postaje zdrava, obnovljena i jaka. Za razliku od proizvoda za negu kose koji sadr\u017ee veliku koli\u010dinu silikona i nakon jedne upotrebe daju \u201einstant re\u0161enje\u201c u vidu meko\u0107e kose do narednog pranja, LA\u2019DOR Hidro LPP tretman zahteva kontinuiranu upotrebu, ali su\u0161tinski obnavlja i regeneri\u0161e kosu.<br>\nZahvaljuju\u0107i vrednosti pH 5.5 Hidro tretman sa keratinom odr\u017eava prirodnu ravnote\u017eu kiselosti kose i ko\u017ee glave. Bogat sadr\u017eaj proteina, biljnih ulja, hidrolizovanog kolagena i pantenola intenzivno hidrira, hrani i obnavlja kosu o\u0161te\u0107enu farbanjem, hemijskim tretmanima, toplotom i izlo\u017eeno\u0161\u0107u UV zraka, i kao krajnji rezultat kosu \u010dini zdravom, elasti\u010dnom, sjajnom i mekanom.<br>\nLA\u2019DOR Hidro LPP tretman ne sadr\u017ei etanol, parabene, surfaktant, silikon i ve\u0161ta\u010dke boje.<\/p>\n<p><strong><br>Na\u010din upotrebe:<\/strong> Operite kosu \u0161amponom. Nanesite potrebnu koli\u010dinu proizvoda du\u017e cele kose i ne\u017eno masirajte. Temeljno isperite kosu mlakom vodom.<br>\n* Preporuka: Za tretman ekstremno o\u0161te\u0107ene kose preporu\u010dujemo da nakon nano\u0161enja tretmana du\u017e cele kose stavite kapu za tu\u0161iranje ili aluminijumsku foliju na glavu i ostaviti da deluje 10-15 minuta, a potom temeljno isperite kosu mlakom vodom.<br>\nZa postizanje maksimalnih rezultata preporu\u010dujemo da LA\u2019DOR Hidro LPP tretman koristite zajedno sa drugim proizvodima iz \u201cLA\u2019DOR\u201d linije za negu kose sa keratinom: KERATIN LPP \u0161amponom, Perfect hair fill-up ampulama i Keratin power glue esencijom.<\/p>\n<hr \/>\n<div>\n<p><em><b><em>Sastojci:<\/em> <\/b>water, cetearyl alcohol, benzyl alcohol, olea europaea (olive) fruit oil, simmondsia chinensis (jojoba) seed oil, oleyl alcohol, daucus carota sativa root extract, stearamidopropyl dimethylamine, citric acid, lactic acid benzophenone-9, hydrolyzed collagen, c12-18 alkyl dimonium chloride, panthenol, benzyl glycol, ethylhexy, lglycerin, raspberry ketone, glycerin, octyldodeceth20, octyldodeceth-16, fragrance.<\/em><\/p>\n<p><em><b><\/b><br \/>\n<\/em><\/p>\n<p>&nbsp;<\/p>\n<\/div>","protected":false},"excerpt":{"rendered":"<p>Tretman sa keratinom za suvu i o\u0161te\u0107enu kosu. 150ml<\/p>","protected":false},"featured_media":4540,"template":"","meta":{"_acf_changed":false},"product_brand":[],"product_cat":[418,171,174],"product_tag":[588],"class_list":{"0":"post-4539","1":"product","2":"type-product","3":"status-publish","4":"has-post-thumbnail","6":"product_cat-lador","7":"product_cat-haircare","8":"product_cat-hairproducts","9":"product_tag-lador-hydro-lpp","11":"first","12":"outofstock","13":"shipping-taxable","14":"purchasable","15":"product-type-simple"},"acf":[],"yoast_head":"<!-- This site is optimized with the Yoast SEO Premium plugin v19.6 (Yoast SEO v20.11) - https:\/\/yoast.com\/wordpress\/plugins\/seo\/ -->\n<title>LADOR Hydro LPP Treatment 150ml - Malina Beauty Store<\/title>\n<meta name=\"robots\" content=\"index, follow, max-snippet:-1, max-image-preview:large, max-video-preview:-1\" \/>\n<link rel=\"canonical\" href=\"https:\/\/malinacosmetics.com\/sr\/\u043f\u0440\u043e\u0438\u0437\u0432\u043e\u0434\/la-dor-hydro-lpp-treatment-150ml\/\" \/>\n<meta property=\"og:locale\" content=\"sr_RS\" \/>\n<meta property=\"og:type\" content=\"article\" \/>\n<meta property=\"og:title\" content=\"LADOR Hydro LPP Treatment 150ml\" \/>\n<meta property=\"og:description\" content=\"\u0412\u043e\u0441\u0441\u0442\u0430\u043d\u0430\u0432\u043b\u0438\u0432\u0430\u044e\u0449\u0430\u044f \u043c\u0430\u0441\u043a\u0430 \u0434\u043b\u044f \u0432\u043e\u043b\u043e\u0441. 150ml\" \/>\n<meta property=\"og:url\" content=\"https:\/\/malinacosmetics.com\/sr\/\u043f\u0440\u043e\u0438\u0437\u0432\u043e\u0434\/la-dor-hydro-lpp-treatment-150ml\/\" \/>\n<meta property=\"og:site_name\" content=\"Malina Beauty Store\" \/>\n<meta property=\"article:publisher\" content=\"https:\/\/www.facebook.com\/MalinaBeautyShopMe\/\" \/>\n<meta property=\"article:modified_time\" content=\"2026-03-17T10:52:21+00:00\" \/>\n<meta property=\"og:image\" content=\"https:\/\/malinacosmetics.com\/wp-content\/uploads\/2022\/08\/LADOR-Hydro-LPP-Treatment.jpg\" \/>\n\t<meta property=\"og:image:width\" content=\"1200\" \/>\n\t<meta property=\"og:image:height\" content=\"1200\" \/>\n\t<meta property=\"og:image:type\" content=\"image\/jpeg\" \/>\n<meta name=\"twitter:card\" content=\"summary_large_image\" \/>\n<script type=\"application\/ld+json\" class=\"yoast-schema-graph\">{\"@context\":\"https:\/\/schema.org\",\"@graph\":[{\"@type\":[\"WebPage\",\"ItemPage\"],\"@id\":\"https:\/\/malinacosmetics.com\/product\/la-dor-hydro-lpp-treatment-150ml\/\",\"url\":\"https:\/\/malinacosmetics.com\/product\/la-dor-hydro-lpp-treatment-150ml\/\",\"name\":\"LADOR Hydro LPP Treatment 150ml - Malina Beauty Store\",\"isPartOf\":{\"@id\":\"https:\/\/malinacosmetics.com\/#website\"},\"datePublished\":\"2022-08-10T11:50:46+00:00\",\"dateModified\":\"2026-03-17T10:52:21+00:00\",\"breadcrumb\":{\"@id\":\"https:\/\/malinacosmetics.com\/product\/la-dor-hydro-lpp-treatment-150ml\/#breadcrumb\"},\"inLanguage\":\"sr-RS\",\"potentialAction\":[{\"@type\":\"ReadAction\",\"target\":[\"https:\/\/malinacosmetics.com\/product\/la-dor-hydro-lpp-treatment-150ml\/\"]}]},{\"@type\":\"BreadcrumbList\",\"@id\":\"https:\/\/malinacosmetics.com\/product\/la-dor-hydro-lpp-treatment-150ml\/#breadcrumb\",\"itemListElement\":[{\"@type\":\"ListItem\",\"position\":1,\"name\":\"\u0413\u043b\u0430\u0432\u043d\u0430\u044f \u0441\u0442\u0440\u0430\u043d\u0438\u0446\u0430\",\"item\":\"https:\/\/malinacosmetics.com\/\"},{\"@type\":\"ListItem\",\"position\":2,\"name\":\"\u041a\u0430\u0442\u0430\u043b\u043e\u0433\",\"item\":\"https:\/\/malinacosmetics.com\/sr\/shop\/\"},{\"@type\":\"ListItem\",\"position\":3,\"name\":\"LADOR Hydro LPP Treatment 150ml\"}]},{\"@type\":\"WebSite\",\"@id\":\"https:\/\/malinacosmetics.com\/#website\",\"url\":\"https:\/\/malinacosmetics.com\/\",\"name\":\"Malina Beauty Store\",\"description\":\"Prodaja korejske kozmetike za Crnu Goru\",\"publisher\":{\"@id\":\"https:\/\/malinacosmetics.com\/#organization\"},\"potentialAction\":[{\"@type\":\"SearchAction\",\"target\":{\"@type\":\"EntryPoint\",\"urlTemplate\":\"https:\/\/malinacosmetics.com\/?s={search_term_string}\"},\"query-input\":\"required name=search_term_string\"}],\"inLanguage\":\"sr-RS\"},{\"@type\":\"Organization\",\"@id\":\"https:\/\/malinacosmetics.com\/#organization\",\"name\":\"malinacosmetics\",\"url\":\"https:\/\/malinacosmetics.com\/\",\"logo\":{\"@type\":\"ImageObject\",\"inLanguage\":\"sr-RS\",\"@id\":\"https:\/\/malinacosmetics.com\/#\/schema\/logo\/image\/\",\"url\":\"https:\/\/malinacosmetics.com\/wp-content\/uploads\/2021\/07\/logo.png\",\"contentUrl\":\"https:\/\/malinacosmetics.com\/wp-content\/uploads\/2021\/07\/logo.png\",\"width\":500,\"height\":353,\"caption\":\"malinacosmetics\"},\"image\":{\"@id\":\"https:\/\/malinacosmetics.com\/#\/schema\/logo\/image\/\"},\"sameAs\":[\"https:\/\/www.facebook.com\/MalinaBeautyShopMe\/\"]}]}<\/script>\n<meta property=\"product:brand\" content=\"simple\" \/>\n<meta property=\"product:price:amount\" content=\"9.00\" \/>\n<meta property=\"product:price:currency\" content=\"EUR\" \/>\n<meta property=\"og:availability\" content=\"out of stock\" \/>\n<meta property=\"product:availability\" content=\"out of stock\" \/>\n<meta property=\"product:condition\" content=\"new\" \/>\n<!-- \/ Yoast SEO Premium plugin. -->","yoast_head_json":{"title":"LADOR Hydro LPP Treatment 150ml - Malina Beauty Store","robots":{"index":"index","follow":"follow","max-snippet":"max-snippet:-1","max-image-preview":"max-image-preview:large","max-video-preview":"max-video-preview:-1"},"canonical":"https:\/\/malinacosmetics.com\/sr\/\u043f\u0440\u043e\u0438\u0437\u0432\u043e\u0434\/la-dor-hydro-lpp-treatment-150ml\/","og_locale":"sr_RS","og_type":"article","og_title":"LADOR Hydro LPP Treatment 150ml","og_description":"\u0412\u043e\u0441\u0441\u0442\u0430\u043d\u0430\u0432\u043b\u0438\u0432\u0430\u044e\u0449\u0430\u044f \u043c\u0430\u0441\u043a\u0430 \u0434\u043b\u044f \u0432\u043e\u043b\u043e\u0441. 150ml","og_url":"https:\/\/malinacosmetics.com\/sr\/\u043f\u0440\u043e\u0438\u0437\u0432\u043e\u0434\/la-dor-hydro-lpp-treatment-150ml\/","og_site_name":"Malina Beauty Store","article_publisher":"https:\/\/www.facebook.com\/MalinaBeautyShopMe\/","article_modified_time":"2026-03-17T10:52:21+00:00","og_image":[{"width":1200,"height":1200,"url":"https:\/\/malinacosmetics.com\/wp-content\/uploads\/2022\/08\/LADOR-Hydro-LPP-Treatment.jpg","type":"image\/jpeg"}],"twitter_card":"summary_large_image","schema":{"@context":"https:\/\/schema.org","@graph":[{"@type":["WebPage","ItemPage"],"@id":"https:\/\/malinacosmetics.com\/product\/la-dor-hydro-lpp-treatment-150ml\/","url":"https:\/\/malinacosmetics.com\/product\/la-dor-hydro-lpp-treatment-150ml\/","name":"LADOR Hydro LPP Treatment 150ml - Malina Beauty Store","isPartOf":{"@id":"https:\/\/malinacosmetics.com\/#website"},"datePublished":"2022-08-10T11:50:46+00:00","dateModified":"2026-03-17T10:52:21+00:00","breadcrumb":{"@id":"https:\/\/malinacosmetics.com\/product\/la-dor-hydro-lpp-treatment-150ml\/#breadcrumb"},"inLanguage":"sr-RS","potentialAction":[{"@type":"ReadAction","target":["https:\/\/malinacosmetics.com\/product\/la-dor-hydro-lpp-treatment-150ml\/"]}]},{"@type":"BreadcrumbList","@id":"https:\/\/malinacosmetics.com\/product\/la-dor-hydro-lpp-treatment-150ml\/#breadcrumb","itemListElement":[{"@type":"ListItem","position":1,"name":"\u0413\u043b\u0430\u0432\u043d\u0430\u044f \u0441\u0442\u0440\u0430\u043d\u0438\u0446\u0430","item":"https:\/\/malinacosmetics.com\/"},{"@type":"ListItem","position":2,"name":"\u041a\u0430\u0442\u0430\u043b\u043e\u0433","item":"https:\/\/malinacosmetics.com\/sr\/shop\/"},{"@type":"ListItem","position":3,"name":"LADOR Hydro LPP Treatment 150ml"}]},{"@type":"WebSite","@id":"https:\/\/malinacosmetics.com\/#website","url":"https:\/\/malinacosmetics.com\/","name":"Malina Beauty Store","description":"Prodaja korejske kozmetike za Crnu Goru","publisher":{"@id":"https:\/\/malinacosmetics.com\/#organization"},"potentialAction":[{"@type":"SearchAction","target":{"@type":"EntryPoint","urlTemplate":"https:\/\/malinacosmetics.com\/?s={search_term_string}"},"query-input":"required name=search_term_string"}],"inLanguage":"sr-RS"},{"@type":"Organization","@id":"https:\/\/malinacosmetics.com\/#organization","name":"malinacosmetics","url":"https:\/\/malinacosmetics.com\/","logo":{"@type":"ImageObject","inLanguage":"sr-RS","@id":"https:\/\/malinacosmetics.com\/#\/schema\/logo\/image\/","url":"https:\/\/malinacosmetics.com\/wp-content\/uploads\/2021\/07\/logo.png","contentUrl":"https:\/\/malinacosmetics.com\/wp-content\/uploads\/2021\/07\/logo.png","width":500,"height":353,"caption":"malinacosmetics"},"image":{"@id":"https:\/\/malinacosmetics.com\/#\/schema\/logo\/image\/"},"sameAs":["https:\/\/www.facebook.com\/MalinaBeautyShopMe\/"]}]},"product_brand":"simple","product_price_amount":"9.00","product_price_currency":"EUR","og_availability":"out of stock","product_availability":"out of stock","product_condition":"new"},"jetpack_sharing_enabled":true,"_links":{"self":[{"href":"https:\/\/malinacosmetics.com\/sr\/wp-json\/wp\/v2\/product\/4539","targetHints":{"allow":["GET"]}}],"collection":[{"href":"https:\/\/malinacosmetics.com\/sr\/wp-json\/wp\/v2\/product"}],"about":[{"href":"https:\/\/malinacosmetics.com\/sr\/wp-json\/wp\/v2\/types\/product"}],"wp:featuredmedia":[{"embeddable":true,"href":"https:\/\/malinacosmetics.com\/sr\/wp-json\/wp\/v2\/media\/4540"}],"wp:attachment":[{"href":"https:\/\/malinacosmetics.com\/sr\/wp-json\/wp\/v2\/media?parent=4539"}],"wp:term":[{"taxonomy":"product_brand","embeddable":true,"href":"https:\/\/malinacosmetics.com\/sr\/wp-json\/wp\/v2\/product_brand?post=4539"},{"taxonomy":"product_cat","embeddable":true,"href":"https:\/\/malinacosmetics.com\/sr\/wp-json\/wp\/v2\/product_cat?post=4539"},{"taxonomy":"product_tag","embeddable":true,"href":"https:\/\/malinacosmetics.com\/sr\/wp-json\/wp\/v2\/product_tag?post=4539"}],"curies":[{"name":"wp","href":"https:\/\/api.w.org\/{rel}","templated":true}]}}