{"id":4537,"date":"2022-08-10T14:30:10","date_gmt":"2022-08-10T11:30:10","guid":{"rendered":"https:\/\/malinacosmetics.com\/?post_type=product&#038;p=4537"},"modified":"2026-04-15T19:17:16","modified_gmt":"2026-04-15T17:17:16","slug":"lador-keratin-lpp-shampoo-150ml","status":"publish","type":"product","link":"https:\/\/malinacosmetics.com\/sr\/\u043f\u0440\u043e\u0438\u0437\u0432\u043e\u0434\/lador-keratin-lpp-shampoo-150ml\/","title":{"rendered":"LADOR Keratin LPP Shampoo 150ml"},"content":{"rendered":"<p class=\"translation-block\">LA\u2019DOR KERATIN LPP \u0161ampon sadr\u017ei hidrolizovani keratin, hidrolizovane proteine iz p\u0161enice i hidrolizovanu svilu, koji omogu\u0107avaju bogatu ishranjenost proteinima, hidriraju, vra\u0107aju elasti\u010dnost kose i spre\u010davaju njeno lomljenje i pucanje, kao i ulja avokada, eukaliptusa, baobaba, jojobe, argana i cveta kamelije koji omogu\u0107avaju jednostavno pranje kose sa bogatom i ne\u017enom penom. Zahvaljuju\u0107i vrednosti pH 6.0 LA\u2019DOR proteinski \u0161ampon odr\u017eava prirodnu ravnote\u017eu kiselosti kose i ko\u017ee glave.\nIntenzivno i dubinski \u010disti kosu i ko\u017eu glave. Ja\u010da kosu i spre\u010dava lomljenje dlake. Dubinski hidrira kosu. Regeneri\u0161e kosu o\u0161te\u0107enu farbanjem, hemijskim tretmanima, toplotom i izlo\u017eeno\u0161\u0107u UV zraka i odr\u017eava boju kose. Zahvaljuju\u0107i sadr\u017eaju hidrolizovane svile stvara za\u0161titni film na povr\u0161ini dlake. Spre\u010dava nastanak peruti i odr\u017eava kosu sjajnom i jakom zahvaljuju\u0107i hranjivim biljnim sastojcima.\nLA\u2019DOR KERATIN LPP \u0161ampon ne sadr\u017ei silikone, sulfate, parabene, ve\u0161ta\u010dke boje i druge \u0161tetne sastojake.<\/p>\n<p><strong><br>Na\u010din upotrebe:<\/strong> Pokvasite kosu sa mlakom vodom. Nanesite potrebnu koli\u010dinu \u0161ampona na kosu i ne\u017eno masirajte kako bi se napravila pena. Temeljno isperite kosu mlakom vodom. Pogodan za svakodnevnu upotrebu. Za postizanje maksimalnih rezultata preporu\u010dujemo da LA\u2019DOR KERATIN LPP \u0161ampon koristite zajedno sa drugim proizvodima iz \u201cLA\u2019DOR\u201d linije za negu kose sa keratinom: Hydro LPP tretamanom, Perfect hair fill-up ampulama i Keratin power glue esencijom.<\/p>\n<hr \/>\n<div>\n<p><em><b><em>Sastojci:<\/em> <\/b>water, cocamidopropyl betaine, disodium laureth sulfosuccinate, lauramine oxide,, tea-cocoyl glutamate, glycerin, butylene glycol, lauramide dea, peg-120 methyl glucose dioleate, sodium benzoate, peg-7 glyceryl cocoate, ppg-3 caprylyl ether, citric acid, polyquaternium-10, betaine, hydroxypropyl chitosan, hydrolyzed wheat protein, hydrolyzed corn protein, hydrolyzed soy protein, hydrolyzed silk, hydroxyacetophenone, sodium hyaluronate, trehalose, dipropylene glycol, zein, argania spinosa kernel oil, persea gratissima (avocado) oil, camellia japonica seed oil, simmondsia chinensis (jojoba) seed oil, fragrance.<\/em><\/p>\n<p><em><b><\/b><br \/>\n<\/em><\/p>\n<p>&nbsp;<\/p>\n<\/div>","protected":false},"excerpt":{"rendered":"<p>\u0160ampon sa keratinom za oporavak o\u0161te\u0107ene kose. 150ml<\/p>","protected":false},"featured_media":4538,"template":"","meta":{"_acf_changed":false},"product_brand":[],"product_cat":[418,171,174,172],"product_tag":[431],"class_list":{"0":"post-4537","1":"product","2":"type-product","3":"status-publish","4":"has-post-thumbnail","6":"product_cat-lador","7":"product_cat-haircare","8":"product_cat-hairproducts","9":"product_cat-shampoo","10":"product_tag-lador-keratin","12":"first","13":"outofstock","14":"shipping-taxable","15":"purchasable","16":"product-type-simple"},"acf":[],"yoast_head":"<!-- This site is optimized with the Yoast SEO Premium plugin v19.6 (Yoast SEO v20.11) - https:\/\/yoast.com\/wordpress\/plugins\/seo\/ -->\n<title>LADOR Keratin LPP Shampoo 150ml - Malina Beauty Store<\/title>\n<meta name=\"description\" content=\"Korejska kozmetika. \u0160ampon sa keratinom za oporavak o\u0161te\u0107ene kose sadr\u017ei hidrolizovani keratin, hidrolizovane proteine iz p\u0161enice i hidrolizovanu svilu, koji omogu\u0107avaju bogatu ishranjenost proteinima, hidriraju, vra\u0107aju elasti\u010dnost kose i spre\u010davaju njeno lomljenje i pucanje, kao i ulja avokada, eukaliptusa, baobaba, jojobe, argana i cveta kamelije koji omogu\u0107avaju jednostavno pranje kose sa bogatom i ne\u017enom penom.\" \/>\n<meta name=\"robots\" content=\"index, follow, max-snippet:-1, max-image-preview:large, max-video-preview:-1\" \/>\n<link rel=\"canonical\" href=\"https:\/\/malinacosmetics.com\/sr\/\u043f\u0440\u043e\u0438\u0437\u0432\u043e\u0434\/lador-keratin-lpp-shampoo-150ml\/\" \/>\n<meta property=\"og:locale\" content=\"sr_RS\" \/>\n<meta property=\"og:type\" content=\"article\" \/>\n<meta property=\"og:title\" content=\"LADOR Keratin LPP Shampoo 150ml\" \/>\n<meta property=\"og:description\" content=\"Korejska kozmetika. \u0160ampon sa keratinom za oporavak o\u0161te\u0107ene kose sadr\u017ei hidrolizovani keratin, hidrolizovane proteine iz p\u0161enice i hidrolizovanu svilu, koji omogu\u0107avaju bogatu ishranjenost proteinima, hidriraju, vra\u0107aju elasti\u010dnost kose i spre\u010davaju njeno lomljenje i pucanje, kao i ulja avokada, eukaliptusa, baobaba, jojobe, argana i cveta kamelije koji omogu\u0107avaju jednostavno pranje kose sa bogatom i ne\u017enom penom.\" \/>\n<meta property=\"og:url\" content=\"https:\/\/malinacosmetics.com\/sr\/\u043f\u0440\u043e\u0438\u0437\u0432\u043e\u0434\/lador-keratin-lpp-shampoo-150ml\/\" \/>\n<meta property=\"og:site_name\" content=\"Malina Beauty Store\" \/>\n<meta property=\"article:publisher\" content=\"https:\/\/www.facebook.com\/MalinaBeautyShopMe\/\" \/>\n<meta property=\"article:modified_time\" content=\"2026-04-15T17:17:16+00:00\" \/>\n<meta property=\"og:image\" content=\"https:\/\/malinacosmetics.com\/wp-content\/uploads\/2022\/08\/LADOR-Keratin-LPP-Shampoo.jpg\" \/>\n\t<meta property=\"og:image:width\" content=\"1200\" \/>\n\t<meta property=\"og:image:height\" content=\"1200\" \/>\n\t<meta property=\"og:image:type\" content=\"image\/jpeg\" \/>\n<meta name=\"twitter:card\" content=\"summary_large_image\" \/>\n<script type=\"application\/ld+json\" class=\"yoast-schema-graph\">{\"@context\":\"https:\/\/schema.org\",\"@graph\":[{\"@type\":[\"WebPage\",\"ItemPage\"],\"@id\":\"https:\/\/malinacosmetics.com\/product\/lador-keratin-lpp-shampoo-150ml\/\",\"url\":\"https:\/\/malinacosmetics.com\/product\/lador-keratin-lpp-shampoo-150ml\/\",\"name\":\"LADOR Keratin LPP Shampoo 150ml - Malina Beauty Store\",\"isPartOf\":{\"@id\":\"https:\/\/malinacosmetics.com\/#website\"},\"datePublished\":\"2022-08-10T11:30:10+00:00\",\"dateModified\":\"2026-04-15T17:17:16+00:00\",\"description\":\"Korejska kozmetika. \u0160ampon sa keratinom za oporavak o\u0161te\u0107ene kose sadr\u017ei hidrolizovani keratin, hidrolizovane proteine iz p\u0161enice i hidrolizovanu svilu, koji omogu\u0107avaju bogatu ishranjenost proteinima, hidriraju, vra\u0107aju elasti\u010dnost kose i spre\u010davaju njeno lomljenje i pucanje, kao i ulja avokada, eukaliptusa, baobaba, jojobe, argana i cveta kamelije koji omogu\u0107avaju jednostavno pranje kose sa bogatom i ne\u017enom penom.\",\"breadcrumb\":{\"@id\":\"https:\/\/malinacosmetics.com\/product\/lador-keratin-lpp-shampoo-150ml\/#breadcrumb\"},\"inLanguage\":\"sr-RS\",\"potentialAction\":[{\"@type\":\"ReadAction\",\"target\":[\"https:\/\/malinacosmetics.com\/product\/lador-keratin-lpp-shampoo-150ml\/\"]}]},{\"@type\":\"BreadcrumbList\",\"@id\":\"https:\/\/malinacosmetics.com\/product\/lador-keratin-lpp-shampoo-150ml\/#breadcrumb\",\"itemListElement\":[{\"@type\":\"ListItem\",\"position\":1,\"name\":\"\u0413\u043b\u0430\u0432\u043d\u0430\u044f \u0441\u0442\u0440\u0430\u043d\u0438\u0446\u0430\",\"item\":\"https:\/\/malinacosmetics.com\/\"},{\"@type\":\"ListItem\",\"position\":2,\"name\":\"\u041a\u0430\u0442\u0430\u043b\u043e\u0433\",\"item\":\"https:\/\/malinacosmetics.com\/sr\/shop\/\"},{\"@type\":\"ListItem\",\"position\":3,\"name\":\"LADOR Keratin LPP Shampoo 150ml\"}]},{\"@type\":\"WebSite\",\"@id\":\"https:\/\/malinacosmetics.com\/#website\",\"url\":\"https:\/\/malinacosmetics.com\/\",\"name\":\"Malina Beauty Store\",\"description\":\"Prodaja korejske kozmetike za Crnu Goru\",\"publisher\":{\"@id\":\"https:\/\/malinacosmetics.com\/#organization\"},\"potentialAction\":[{\"@type\":\"SearchAction\",\"target\":{\"@type\":\"EntryPoint\",\"urlTemplate\":\"https:\/\/malinacosmetics.com\/?s={search_term_string}\"},\"query-input\":\"required name=search_term_string\"}],\"inLanguage\":\"sr-RS\"},{\"@type\":\"Organization\",\"@id\":\"https:\/\/malinacosmetics.com\/#organization\",\"name\":\"malinacosmetics\",\"url\":\"https:\/\/malinacosmetics.com\/\",\"logo\":{\"@type\":\"ImageObject\",\"inLanguage\":\"sr-RS\",\"@id\":\"https:\/\/malinacosmetics.com\/#\/schema\/logo\/image\/\",\"url\":\"https:\/\/malinacosmetics.com\/wp-content\/uploads\/2021\/07\/logo.png\",\"contentUrl\":\"https:\/\/malinacosmetics.com\/wp-content\/uploads\/2021\/07\/logo.png\",\"width\":500,\"height\":353,\"caption\":\"malinacosmetics\"},\"image\":{\"@id\":\"https:\/\/malinacosmetics.com\/#\/schema\/logo\/image\/\"},\"sameAs\":[\"https:\/\/www.facebook.com\/MalinaBeautyShopMe\/\"]}]}<\/script>\n<meta property=\"product:brand\" content=\"simple\" \/>\n<meta property=\"product:price:amount\" content=\"9.00\" \/>\n<meta property=\"product:price:currency\" content=\"EUR\" \/>\n<meta property=\"og:availability\" content=\"out of stock\" \/>\n<meta property=\"product:availability\" content=\"out of stock\" \/>\n<meta property=\"product:condition\" content=\"new\" \/>\n<!-- \/ Yoast SEO Premium plugin. -->","yoast_head_json":{"title":"LADOR Keratin LPP Shampoo 150ml - Malina Beauty Store","description":"Korejska kozmetika. \u0160ampon sa keratinom za oporavak o\u0161te\u0107ene kose sadr\u017ei hidrolizovani keratin, hidrolizovane proteine iz p\u0161enice i hidrolizovanu svilu, koji omogu\u0107avaju bogatu ishranjenost proteinima, hidriraju, vra\u0107aju elasti\u010dnost kose i spre\u010davaju njeno lomljenje i pucanje, kao i ulja avokada, eukaliptusa, baobaba, jojobe, argana i cveta kamelije koji omogu\u0107avaju jednostavno pranje kose sa bogatom i ne\u017enom penom.","robots":{"index":"index","follow":"follow","max-snippet":"max-snippet:-1","max-image-preview":"max-image-preview:large","max-video-preview":"max-video-preview:-1"},"canonical":"https:\/\/malinacosmetics.com\/sr\/\u043f\u0440\u043e\u0438\u0437\u0432\u043e\u0434\/lador-keratin-lpp-shampoo-150ml\/","og_locale":"sr_RS","og_type":"article","og_title":"LADOR Keratin LPP Shampoo 150ml","og_description":"Korejska kozmetika. \u0160ampon sa keratinom za oporavak o\u0161te\u0107ene kose sadr\u017ei hidrolizovani keratin, hidrolizovane proteine iz p\u0161enice i hidrolizovanu svilu, koji omogu\u0107avaju bogatu ishranjenost proteinima, hidriraju, vra\u0107aju elasti\u010dnost kose i spre\u010davaju njeno lomljenje i pucanje, kao i ulja avokada, eukaliptusa, baobaba, jojobe, argana i cveta kamelije koji omogu\u0107avaju jednostavno pranje kose sa bogatom i ne\u017enom penom.","og_url":"https:\/\/malinacosmetics.com\/sr\/\u043f\u0440\u043e\u0438\u0437\u0432\u043e\u0434\/lador-keratin-lpp-shampoo-150ml\/","og_site_name":"Malina Beauty Store","article_publisher":"https:\/\/www.facebook.com\/MalinaBeautyShopMe\/","article_modified_time":"2026-04-15T17:17:16+00:00","og_image":[{"width":1200,"height":1200,"url":"https:\/\/malinacosmetics.com\/wp-content\/uploads\/2022\/08\/LADOR-Keratin-LPP-Shampoo.jpg","type":"image\/jpeg"}],"twitter_card":"summary_large_image","schema":{"@context":"https:\/\/schema.org","@graph":[{"@type":["WebPage","ItemPage"],"@id":"https:\/\/malinacosmetics.com\/product\/lador-keratin-lpp-shampoo-150ml\/","url":"https:\/\/malinacosmetics.com\/product\/lador-keratin-lpp-shampoo-150ml\/","name":"LADOR Keratin LPP Shampoo 150ml - Malina Beauty Store","isPartOf":{"@id":"https:\/\/malinacosmetics.com\/#website"},"datePublished":"2022-08-10T11:30:10+00:00","dateModified":"2026-04-15T17:17:16+00:00","description":"Korejska kozmetika. \u0160ampon sa keratinom za oporavak o\u0161te\u0107ene kose sadr\u017ei hidrolizovani keratin, hidrolizovane proteine iz p\u0161enice i hidrolizovanu svilu, koji omogu\u0107avaju bogatu ishranjenost proteinima, hidriraju, vra\u0107aju elasti\u010dnost kose i spre\u010davaju njeno lomljenje i pucanje, kao i ulja avokada, eukaliptusa, baobaba, jojobe, argana i cveta kamelije koji omogu\u0107avaju jednostavno pranje kose sa bogatom i ne\u017enom penom.","breadcrumb":{"@id":"https:\/\/malinacosmetics.com\/product\/lador-keratin-lpp-shampoo-150ml\/#breadcrumb"},"inLanguage":"sr-RS","potentialAction":[{"@type":"ReadAction","target":["https:\/\/malinacosmetics.com\/product\/lador-keratin-lpp-shampoo-150ml\/"]}]},{"@type":"BreadcrumbList","@id":"https:\/\/malinacosmetics.com\/product\/lador-keratin-lpp-shampoo-150ml\/#breadcrumb","itemListElement":[{"@type":"ListItem","position":1,"name":"\u0413\u043b\u0430\u0432\u043d\u0430\u044f \u0441\u0442\u0440\u0430\u043d\u0438\u0446\u0430","item":"https:\/\/malinacosmetics.com\/"},{"@type":"ListItem","position":2,"name":"\u041a\u0430\u0442\u0430\u043b\u043e\u0433","item":"https:\/\/malinacosmetics.com\/sr\/shop\/"},{"@type":"ListItem","position":3,"name":"LADOR Keratin LPP Shampoo 150ml"}]},{"@type":"WebSite","@id":"https:\/\/malinacosmetics.com\/#website","url":"https:\/\/malinacosmetics.com\/","name":"Malina Beauty Store","description":"Prodaja korejske kozmetike za Crnu Goru","publisher":{"@id":"https:\/\/malinacosmetics.com\/#organization"},"potentialAction":[{"@type":"SearchAction","target":{"@type":"EntryPoint","urlTemplate":"https:\/\/malinacosmetics.com\/?s={search_term_string}"},"query-input":"required name=search_term_string"}],"inLanguage":"sr-RS"},{"@type":"Organization","@id":"https:\/\/malinacosmetics.com\/#organization","name":"malinacosmetics","url":"https:\/\/malinacosmetics.com\/","logo":{"@type":"ImageObject","inLanguage":"sr-RS","@id":"https:\/\/malinacosmetics.com\/#\/schema\/logo\/image\/","url":"https:\/\/malinacosmetics.com\/wp-content\/uploads\/2021\/07\/logo.png","contentUrl":"https:\/\/malinacosmetics.com\/wp-content\/uploads\/2021\/07\/logo.png","width":500,"height":353,"caption":"malinacosmetics"},"image":{"@id":"https:\/\/malinacosmetics.com\/#\/schema\/logo\/image\/"},"sameAs":["https:\/\/www.facebook.com\/MalinaBeautyShopMe\/"]}]},"product_brand":"simple","product_price_amount":"9.00","product_price_currency":"EUR","og_availability":"out of stock","product_availability":"out of stock","product_condition":"new"},"jetpack_sharing_enabled":true,"_links":{"self":[{"href":"https:\/\/malinacosmetics.com\/sr\/wp-json\/wp\/v2\/product\/4537","targetHints":{"allow":["GET"]}}],"collection":[{"href":"https:\/\/malinacosmetics.com\/sr\/wp-json\/wp\/v2\/product"}],"about":[{"href":"https:\/\/malinacosmetics.com\/sr\/wp-json\/wp\/v2\/types\/product"}],"wp:featuredmedia":[{"embeddable":true,"href":"https:\/\/malinacosmetics.com\/sr\/wp-json\/wp\/v2\/media\/4538"}],"wp:attachment":[{"href":"https:\/\/malinacosmetics.com\/sr\/wp-json\/wp\/v2\/media?parent=4537"}],"wp:term":[{"taxonomy":"product_brand","embeddable":true,"href":"https:\/\/malinacosmetics.com\/sr\/wp-json\/wp\/v2\/product_brand?post=4537"},{"taxonomy":"product_cat","embeddable":true,"href":"https:\/\/malinacosmetics.com\/sr\/wp-json\/wp\/v2\/product_cat?post=4537"},{"taxonomy":"product_tag","embeddable":true,"href":"https:\/\/malinacosmetics.com\/sr\/wp-json\/wp\/v2\/product_tag?post=4537"}],"curies":[{"name":"wp","href":"https:\/\/api.w.org\/{rel}","templated":true}]}}