{"id":4510,"date":"2022-07-27T13:19:00","date_gmt":"2022-07-27T10:19:00","guid":{"rendered":"https:\/\/malinacosmetics.com\/?post_type=product&#038;p=4510"},"modified":"2025-07-10T14:27:20","modified_gmt":"2025-07-10T12:27:20","slug":"medi-peel-derma-maison-collagen-firming-massage-cream","status":"publish","type":"product","link":"https:\/\/malinacosmetics.com\/sr\/\u043f\u0440\u043e\u0438\u0437\u0432\u043e\u0434\/medi-peel-derma-maison-collagen-firming-massage-cream\/","title":{"rendered":"Medi-Peel Derma Maison Collagen Firming Massage Cream"},"content":{"rendered":"<p class=\"translation-block\">U\u010dvr\u0161c\u0301ujuc\u0301a krema za masa\u017eu lica sa kolagenom protiv starenja dubinski hidrira, pobolj\u0161ava elasti\u010dnost ko\u017ee, elimini\u0161e njeno opu\u0161tanje i ja\u010da je. \u010cini ko\u017eu nahranjenom i elasti\u010dnom. Pru\u017ea snagu, elasti\u010dnost i \u010dvrstoc\u0301u ko\u017ei. \n<br>Idealana je za masa\u017eu valjcima-rolerima ne samo na licu, vec\u0301 i na vratu i dekolteu.<br>\nSpecijalni patentirani nema\u010dki kompleks SyriCalm\u2122 sadr\u017ei palmitoil pentapeptid-4, ekstrakt korena trske, ekstrakt kokosovog oraha koji normalizuje temperaturu ko\u017ee i odr\u017eava je na 31\u00b0C, efikasno le\u010di, ja\u010da epidermalno tkivo i podmla\u0111uje.<br>\nHidrolizovani kolagen obnavlja strukturu epidermisa iznutra, ja\u010da c\u0301elijske zidove, pobolj\u0161ava metabolizam proteina. Podr\u017eava matricu ko\u017ee, zagla\u0111uje bore i nabore.<br>\nHidrolizovani elastin zadr\u017eava vlagu, omek\u0161ava, \u010dini ko\u017eu glatkom i povec\u0301ava proizvodnju sopstvenog kolagena i elastina.<br>\n5 vrsta hijaluronske kiseline stvara nevidljivu barijeru na ko\u017ei koja spre\u010dava isparavanje vlage, pobolj\u0161ava strukturu ko\u017ee, podsti\u010de regeneraciju c\u0301elija ko\u017ee, smanjuje fine bore i \u010dini ko\u017eu glatkom i mekom.<\/p>\n<p><span data-sheets-value=\"{&quot;1&quot;:2,&quot;2&quot;:&quot;\u0423\u043a\u0440\u0435\u043f\u043b\u044f\u044e\u0449\u0438\u0439 \u0430\u043d\u0442\u0438\u0432\u043e\u0437\u0440\u0430\u0441\u0442\u043d\u043e\u0439 \u043c\u0430\u0441\u0441\u0430\u0436\u043d\u044b\u0439 \u043a\u0440\u0435\u043c \u0441 \u043a\u043e\u043b\u043b\u0430\u0433\u0435\u043d\u043e\u043c \u0434\u043b\u044f \u043b\u0438\u0446\u0430 \u0433\u043b\u0443\u0431\u043e\u043a\u043e \u0443\u0432\u043b\u0430\u0436\u043d\u044f\u0435\u0442, \u043f\u043e\u0432\u044b\u0448\u0430\u0435\u0442 \u0443\u043f\u0440\u0443\u0433\u043e\u0441\u0442\u044c \u043a\u043e\u0436\u0438, \u0443\u0441\u0442\u0440\u0430\u043d\u044f\u0435\u0442 \u043f\u0440\u043e\u0432\u0438\u0441\u0430\u043d\u0438\u044f \u0438 \u0443\u043a\u0440\u0435\u043f\u043b\u044f\u0435\u0442. \u0414\u0435\u043b\u0430\u0435\u0442 \u043a\u043e\u0436\u0443 \u043d\u0430\u043f\u0438\u0442\u0430\u043d\u043d\u043e\u0439 \u0438 \u044d\u043b\u0430\u0441\u0442\u0438\u0447\u043d\u043e\u0439. \u041a\u043e\u043b\u043b\u0430\u0433\u0435\u043d (\u0431\u0435\u043b\u043e\u043a \u043c\u043e\u043b\u043e\u0434\u043e\u0441\u0442\u0438) \u043e\u0442\u043d\u043e\u0441\u0438\u0442\u0441\u044f \u043a \u0441\u0442\u0440\u0443\u043a\u0442\u0443\u0440\u043d\u044b\u043c \u0431\u0435\u043b\u043a\u0430\u043c \u043a\u043e\u0436\u0438. \u0412\u044b\u043f\u043e\u043b\u043d\u044f\u0435\u0442 \u0444\u0443\u043d\u043a\u0446\u0438\u044e \u0441\u0442\u0440\u043e\u0438\u0442\u0435\u043b\u044c\u043d\u043e\u0433\u043e \u043a\u043e\u043c\u043f\u043e\u043d\u0435\u043d\u0442\u0430, \u043e\u0431\u0435\u0441\u043f\u0435\u0447\u0438\u0432\u0430\u0435\u0442 \u043f\u0440\u043e\u0447\u043d\u043e\u0441\u0442\u044c, \u044d\u043b\u0430\u0441\u0442\u0438\u0447\u043d\u043e\u0441\u0442\u044c \u0438 \u0443\u043f\u0440\u0443\u0433\u043e\u0441\u0442\u044c \u043a\u043e\u0436\u0438. \u0421\u0438\u043d\u0442\u0435\u0437\u0438\u0440\u0443\u0435\u0442\u0441\u044f \u0432 \u043d\u0430\u0448\u0435\u043c \u043e\u0440\u0433\u0430\u043d\u0438\u0437\u043c\u0435 \u0438\u0437 \u043f\u043e\u0442\u0440\u0435\u0431\u043b\u044f\u0435\u043c\u043e\u0439 \u043f\u0438\u0449\u0438, \u043d\u043e \u0441 \u0432\u043e\u0437\u0440\u0430\u0441\u0442\u043e\u043c \u0435\u0433\u043e \u0432\u044b\u0440\u0430\u0431\u043e\u0442\u043a\u0430 \u0441\u043d\u0438\u0436\u0430\u0435\u0442\u0441\u044f \u0438 \u043a\u043e\u0436\u0430 \u043f\u043e\u043a\u0440\u044b\u0432\u0430\u0435\u0442\u0441\u044f \u043c\u043e\u0440\u0449\u0438\u043d\u0430\u043c\u0438. \u041e\u0441\u043d\u043e\u0432\u043d\u0430\u044f \u0444\u0443\u043d\u043a\u0446\u0438\u044f \u043f\u0440\u043e\u0434\u0443\u043a\u0442\u0430 \u0441\u043e\u0441\u0442\u043e\u0438\u0442 \u0432 \u0442\u043e\u043c, \u0447\u0442\u043e \u043e\u043d \u043d\u043e\u0440\u043c\u0430\u043b\u0438\u0437\u0443\u0435\u0442 \u0442\u0435\u043c\u043f\u0435\u0440\u0430\u0442\u0443\u0440\u0443 \u043a\u043e\u0436\u0438 \u0438 \u043f\u043e\u0434\u0434\u0435\u0440\u0436\u0438\u0432\u0430\u0435\u0442 \u0435\u0451 \u0432 \u043f\u043e\u043a\u0430\u0437\u0430\u0442\u0435\u043b\u0435 31\u00b0C. \u0421\u0440\u0435\u0434\u0441\u0442\u0432\u043e \u0441\u043f\u043e\u0441\u043e\u0431\u043d\u043e \u043f\u0440\u043e\u043d\u0438\u043a\u0430\u0442\u044c \u0432 \u0433\u043b\u0443\u0431\u043e\u0447\u0430\u0439\u0448\u0438\u0435 \u0441\u043b\u043e\u0438 \u044d\u043f\u0438\u0434\u0435\u0440\u043c\u0438\u0441\u0430, \u0432\u043e\u0441\u0441\u0442\u0430\u043d\u0430\u0432\u043b\u0438\u0432\u0430\u044f \u0438 \u043e\u0437\u0434\u043e\u0440\u0430\u0432\u043b\u0438\u0432\u0430\u044f \u043a\u043e\u0436\u0443 \u0438\u0437\u043d\u0443\u0442\u0440\u0438, \u0443\u043a\u0440\u0435\u043f\u043b\u044f\u0435\u0442 \u0437\u0430\u0449\u0438\u0442\u043d\u044b\u0439 \u0431\u0430\u0440\u044c\u0435\u0440, \u0437\u0430\u043c\u0435\u0434\u043b\u044f\u0435\u0442 \u043f\u0440\u043e\u0446\u0435\u0441\u0441\u044b \u0441\u0442\u0430\u0440\u0435\u043d\u0438\u044f \u0438 \u0443\u0441\u043f\u043e\u043a\u0430\u0438\u0432\u0430\u0435\u0442 \u043a\u043e\u0436\u0443. \u041e\u0441\u043e\u0431\u044b\u0439 \u0437\u0430\u043f\u0430\u0442\u0435\u043d\u0442\u043e\u0432\u0430\u043d\u043d\u044b\u0439 \u043d\u0435\u043c\u0435\u0446\u043a\u0438\u0439 \u043a\u043e\u043c\u043f\u043b\u0435\u043a\u0441 SyriCalm\u2122 \u0441\u043e\u0434\u0435\u0440\u0436\u0438\u0442 \u0432 \u0441\u0432\u043e\u0451\u043c \u0441\u043e\u0441\u0442\u0430\u0432\u0435 \u043f\u0430\u043b\u044c\u043c\u0438\u0442\u043e\u0438\u043b \u043f\u0435\u043d\u0442\u0430\u043f\u0435\u043f\u0442\u0438\u0434-4, \u044d\u043a\u0441\u0442\u0440\u0430\u043a\u0442 \u043a\u043e\u0440\u043d\u044f \u0442\u0440\u043e\u0441\u0442\u043d\u0438\u043a\u0430 \u043e\u0431\u044b\u043a\u043d\u043e\u0432\u0435\u043d\u043d\u043e\u0433\u043e, \u044d\u043a\u0441\u0442\u0440\u0430\u043a\u0442 \u043f\u043e\u0440\u0438\u0438 \u043a\u043e\u043a\u043e\u0441\u043e\u0432\u0438\u0434\u043d\u043e\u0439 \u043d\u043e\u0440\u043c\u0430\u043b\u0438\u0437\u0443\u0435\u0442 \u0442\u0435\u043c\u043f\u0435\u0440\u0430\u0442\u0443\u0440\u0443 \u043a\u043e\u0436\u0438, \u044d\u0444\u0444\u0435\u043a\u0442\u0438\u0432\u043d\u043e \u043e\u0437\u0434\u043e\u0440\u0430\u0432\u043b\u0438\u0432\u0430\u0435\u0442, \u0443\u043a\u0440\u0435\u043f\u043b\u044f\u0435\u0442 \u0442\u043a\u0430\u043d\u0438 \u044d\u043f\u0438\u0434\u0435\u0440\u043c\u0438\u0441\u0430 \u0438 \u043e\u043c\u043e\u043b\u0430\u0436\u0438\u0432\u0430\u0435\u0442. \u0413\u0438\u0434\u0440\u043e\u043b\u0438\u0437\u043e\u0432\u0430\u043d\u043d\u044b\u0439 \u043a\u043e\u043b\u043b\u0430\u0433\u0435\u043d \u0432\u043e\u0441\u0441\u0442\u0430\u043d\u0430\u0432\u043b\u0438\u0432\u0430\u0435\u0442 \u0441\u0442\u0440\u0443\u043a\u0442\u0443\u0440\u0443 \u044d\u043f\u0438\u0434\u0435\u0440\u043c\u0438\u0441\u0430 \u0438\u0437\u043d\u0443\u0442\u0440\u0438, \u0443\u043a\u0440\u0435\u043f\u043b\u044f\u0435\u0442 \u0441\u0442\u0435\u043d\u043a\u0438 \u043a\u043b\u0435\u0442\u043e\u043a, \u0443\u043b\u0443\u0447\u0448\u0430\u0435\u0442 \u0431\u0435\u043b\u043a\u043e\u0432\u044b\u0439 \u043e\u0431\u043c\u0435\u043d. \u041f\u043e\u0434\u0434\u0435\u0440\u0436\u0438\u0432\u0430\u0435\u0442 \u043c\u0430\u0442\u0440\u0438\u043a\u0441 \u043a\u043e\u0436\u0438, \u0440\u0430\u0437\u0433\u043b\u0430\u0436\u0438\u0432\u0430\u0435\u0442 \u043c\u043e\u0440\u0449\u0438\u043d\u043a\u0438 \u0438 \u0437\u0430\u043b\u043e\u043c\u044b. \u0413\u0438\u0434\u0440\u043e\u043b\u0438\u0437\u043e\u0432\u0430\u043d\u043d\u044b\u0439 \u044d\u043b\u0430\u0441\u0442\u0438\u043d \u0443\u0434\u0435\u0440\u0436\u0438\u0432\u0430\u0435\u0442 \u0432\u043b\u0430\u0433\u0443, \u0441\u043c\u044f\u0433\u0447\u0430\u0435\u0442, \u0434\u0435\u043b\u0430\u0435\u0442 \u043a\u043e\u0436\u0443 \u0433\u043b\u0430\u0434\u043a\u043e\u0439, \u043f\u043e\u0432\u044b\u0448\u0430\u0435\u0442 \u0432\u044b\u0440\u0430\u0431\u043e\u0442\u043a\u0443 \u0441\u043e\u0431\u0441\u0442\u0432\u0435\u043d\u043d\u043e\u0433\u043e \u043a\u043e\u043b\u043b\u0430\u0433\u0435\u043d\u0430 \u0438 \u044d\u043b\u0430\u0441\u0442\u0438\u043d\u0430. 5 \u0432\u0438\u0434\u043e\u0432 \u0433\u0438\u0430\u043b\u0443\u0440\u043e\u043d\u043e\u0432\u043e\u0439 \u043a\u0438\u0441\u043b\u043e\u0442\u044b \u0441\u043e\u0437\u0434\u0430\u044e\u0442 \u043d\u0430 \u043a\u043e\u0436\u0435 \u043d\u0435\u0432\u0438\u0434\u0438\u043c\u044b\u0439 \u0431\u0430\u0440\u044c\u0435\u0440, \u043f\u0440\u0435\u043f\u044f\u0442\u0441\u0442\u0432\u0443\u044e\u0449\u0438\u0439 \u0438\u0441\u043f\u0430\u0440\u0435\u043d\u0438\u044e \u0432\u043b\u0430\u0433\u0438, \u0443\u043b\u0443\u0447\u0448\u0430\u044e\u0442 \u0441\u0442\u0440\u0443\u043a\u0442\u0443\u0440\u0443 \u043a\u043e\u0436\u0438, \u0441\u043f\u043e\u0441\u043e\u0431\u0441\u0442\u0432\u0443\u044e\u0442 \u0440\u0435\u0433\u0435\u043d\u0435\u0440\u0430\u0446\u0438\u0438 \u043a\u043b\u0435\u0442\u043e\u043a \u043a\u043e\u0436\u0438, \u0441\u043e\u043a\u0440\u0430\u0449\u0430\u044e\u0442 \u043c\u0435\u043b\u043a\u0438\u0435 \u043c\u043e\u0440\u0449\u0438\u043d\u043a\u0438, \u0434\u0435\u043b\u0430\u044e\u0442 \u043a\u043e\u0436\u0443 \u0433\u043b\u0430\u0434\u043a\u043e\u0439 \u0438 \u043d\u0435\u0436\u043d\u043e\u0439. \u0418\u0434\u0435\u0430\u043b\u044c\u043d\u043e \u043f\u043e\u0434\u043e\u0439\u0434\u0451\u0442 \u0434\u043b\u044f \u043c\u0430\u0441\u0441\u0430\u0436\u0430 \u0440\u043e\u043b\u043b\u0435\u0440\u0430\u043c\u0438 \u043d\u0435 \u0442\u043e\u043b\u044c\u043a\u043e \u043b\u0438\u0446\u0430, \u043d\u043e \u0438 \u043e\u0431\u043b\u0430\u0441\u0442\u0438 \u0448\u0435\u0438 \u0438 \u0437\u043e\u043d\u044b \u0434\u0435\u043a\u043e\u043b\u044c\u0442\u0435. \u0421\u043f\u043e\u0441\u043e\u0431 \u043f\u0440\u0438\u043c\u0435\u043d\u0435\u043d\u0438\u044f: \u043f\u043e\u0441\u043b\u0435 \u0443\u043c\u044b\u0432\u0430\u043d\u0438\u044f, \u043e\u0431\u0440\u0430\u0431\u043e\u0442\u0430\u0439\u0442\u0435 \u043a\u043e\u0436\u0443 \u0442\u043e\u043d\u0435\u0440\u043e\u043c, \u043d\u0430\u043d\u0435\u0441\u0438\u0442\u0435 \u043d\u0435\u043c\u043d\u043e\u0433\u043e \u0441\u0440\u0435\u0434\u0441\u0442\u0432\u0430 \u0438 \u043f\u0440\u043e\u0432\u0435\u0434\u0438\u0442\u0435 \u043c\u0430\u0441\u0441\u0430\u0436. \u041f\u043e\u0441\u043b\u0435 \u0437\u0430\u0432\u0435\u0440\u0448\u0435\u043d\u0438\u044f \u043f\u0440\u043e\u0446\u0435\u0434\u0443\u0440\u044b \u0443\u0434\u0430\u043b\u0438\u0442\u0435 \u043a\u0440\u0435\u043c \u043f\u0440\u0438 \u043f\u043e\u043c\u043e\u0449\u0438 \u043c\u043e\u043a\u0440\u043e\u0439 \u0441\u0430\u043b\u0444\u0435\u0442\u043a\u0438\/\u0442\u0451\u043f\u043b\u043e\u0433\u043e \u043c\u043e\u043a\u0440\u043e\u0433\u043e \u043f\u043e\u043b\u043e\u0442\u0435\u043d\u0446\u0430 \u0438\u043b\u0438 \u0441\u043c\u043e\u0439\u0442\u0435 \u0442\u0451\u043f\u043b\u043e\u0439 \u0432\u043e\u0434\u043e\u0439.&quot;}\" data-sheets-userformat=\"{&quot;2&quot;:15293,&quot;3&quot;:{&quot;1&quot;:0},&quot;5&quot;:{&quot;1&quot;:[{&quot;1&quot;:2,&quot;2&quot;:0,&quot;5&quot;:{&quot;1&quot;:2,&quot;2&quot;:0}},{&quot;1&quot;:0,&quot;2&quot;:0,&quot;3&quot;:3},{&quot;1&quot;:1,&quot;2&quot;:0,&quot;4&quot;:1}]},&quot;6&quot;:{&quot;1&quot;:[{&quot;1&quot;:2,&quot;2&quot;:0,&quot;5&quot;:{&quot;1&quot;:2,&quot;2&quot;:0}},{&quot;1&quot;:0,&quot;2&quot;:0,&quot;3&quot;:3},{&quot;1&quot;:1,&quot;2&quot;:0,&quot;4&quot;:1}]},&quot;7&quot;:{&quot;1&quot;:[{&quot;1&quot;:2,&quot;2&quot;:0,&quot;5&quot;:{&quot;1&quot;:2,&quot;2&quot;:0}},{&quot;1&quot;:0,&quot;2&quot;:0,&quot;3&quot;:3},{&quot;1&quot;:1,&quot;2&quot;:0,&quot;4&quot;:1}]},&quot;8&quot;:{&quot;1&quot;:[{&quot;1&quot;:2,&quot;2&quot;:0,&quot;5&quot;:{&quot;1&quot;:2,&quot;2&quot;:0}},{&quot;1&quot;:0,&quot;2&quot;:0,&quot;3&quot;:3},{&quot;1&quot;:1,&quot;2&quot;:0,&quot;4&quot;:1}]},&quot;10&quot;:1,&quot;11&quot;:3,&quot;12&quot;:0,&quot;14&quot;:{&quot;1&quot;:3,&quot;3&quot;:1},&quot;15&quot;:&quot;Calibri&quot;,&quot;16&quot;:9}\"><strong><br>Na\u010din upotrebe:<\/strong> nakon umivanja, ko\u017eu treba tonirati, zatim naneti malo kreme i umasirati. Nakon zavr\u0161etka postupka, uklonite vi\u0161ak kreme mokrom krpom \/ toplim mokrim pe\u0161kirom ili isperite toplom vodom.<\/span><\/p>\n<hr \/>\n<div>\n<p><em><b><em>Sastojci:<\/em> <\/b>Water, Mineral Oil, Glycerin, Caprylic\/Capric Triglyceride, Petrolatum, 1,2-Hexanediol, Microcrystalline Wax, Beeswax, Cetearyl Alcohol, Polysorbate 60, Glyceryl Stearate, Sorbitan Stearate, Butylene Glycol, Dimethicone, Allantoin, Hydrolyzed Collagen(500 ppm), Hydrolyzed Elastin, Beta-Glucan, Sodium Hyaluronate, Sodium Hyaluronate Crosspolymer, Hydrolyzed Hyaluronic Acid, Hyaluronic Acid, Hydrolyzed Sodium Hyaluronate, Ceramide NP, Squalane, Tocopheryl Acetate, Chondrus Crispus Extract, Phragmites Communis Extract, Poria Cocos Extract, Palmitoyl Pentapeptide-4, Arginine, Carbomer, PEG-100 Stearate, Polysorbate 20, Lecithin, Hydrogenated Lecithin, Sodium Citrate, Citric Acid, Disodium EDTA, Pentylene Glycol, Ethylhexylglycerin, Sodium Benzoate, Fragrance, Citronellol.<br \/>\n<\/em><\/p>\n<p>&nbsp;<\/p>\n<\/div>","protected":false},"excerpt":{"rendered":"<p>U\u010dvr\u0161c\u0301ujuc\u0301a krema za masa\u017eu lica sa kolagenom protiv starenja. 1000ml<\/p>","protected":false},"featured_media":4511,"template":"","meta":{"_acf_changed":false},"product_brand":[],"product_cat":[400,224,263,86,437,439,443,296],"product_tag":[394],"class_list":{"0":"post-4510","1":"product","2":"type-product","3":"status-publish","4":"has-post-thumbnail","6":"product_cat-lifting","7":"product_cat-antiage","8":"product_cat-revitalizing","9":"product_cat-moisturizing","10":"product_cat-alltypesofskin","11":"product_cat-matureskin","12":"product_cat-dryskin","13":"product_cat-medi-peel","14":"product_tag-derma-maison","16":"first","17":"outofstock","18":"shipping-taxable","19":"purchasable","20":"product-type-simple"},"acf":[],"yoast_head":"<!-- This site is optimized with the Yoast SEO Premium plugin v19.6 (Yoast SEO v20.11) - https:\/\/yoast.com\/wordpress\/plugins\/seo\/ -->\n<title>Medi-Peel Derma Maison Collagen Firming Massage Cream - Malina Beauty Store<\/title>\n<meta name=\"robots\" content=\"index, follow, max-snippet:-1, max-image-preview:large, max-video-preview:-1\" \/>\n<link rel=\"canonical\" href=\"https:\/\/malinacosmetics.com\/sr\/\u043f\u0440\u043e\u0438\u0437\u0432\u043e\u0434\/medi-peel-derma-maison-collagen-firming-massage-cream\/\" \/>\n<meta property=\"og:locale\" content=\"sr_RS\" \/>\n<meta property=\"og:type\" content=\"article\" \/>\n<meta property=\"og:title\" content=\"Medi-Peel Derma Maison Collagen Firming Massage Cream\" \/>\n<meta property=\"og:description\" content=\"\u0423\u043a\u0440\u0435\u043f\u043b\u044f\u044e\u0449\u0438\u0439 \u0430\u043d\u0442\u0438\u0432\u043e\u0437\u0440\u0430\u0441\u0442\u043d\u043e\u0439 \u043c\u0430\u0441\u0441\u0430\u0436\u043d\u044b\u0439 \u043a\u0440\u0435\u043c \u0441 \u043a\u043e\u043b\u043b\u0430\u0433\u0435\u043d\u043e\u043c \u0434\u043b\u044f \u043b\u0438\u0446\u0430. 1000ml\" \/>\n<meta property=\"og:url\" content=\"https:\/\/malinacosmetics.com\/sr\/\u043f\u0440\u043e\u0438\u0437\u0432\u043e\u0434\/medi-peel-derma-maison-collagen-firming-massage-cream\/\" \/>\n<meta property=\"og:site_name\" content=\"Malina Beauty Store\" \/>\n<meta property=\"article:publisher\" content=\"https:\/\/www.facebook.com\/MalinaBeautyShopMe\/\" \/>\n<meta property=\"article:modified_time\" content=\"2025-07-10T12:27:20+00:00\" \/>\n<meta property=\"og:image\" content=\"https:\/\/malinacosmetics.com\/wp-content\/uploads\/2022\/07\/Medi-Peel-Collagen-Firming-Massage-Cream.jpg\" \/>\n\t<meta property=\"og:image:width\" content=\"1200\" \/>\n\t<meta property=\"og:image:height\" content=\"1200\" \/>\n\t<meta property=\"og:image:type\" content=\"image\/jpeg\" \/>\n<meta name=\"twitter:card\" content=\"summary_large_image\" \/>\n<script type=\"application\/ld+json\" class=\"yoast-schema-graph\">{\"@context\":\"https:\/\/schema.org\",\"@graph\":[{\"@type\":[\"WebPage\",\"ItemPage\"],\"@id\":\"https:\/\/malinacosmetics.com\/product\/medi-peel-derma-maison-collagen-firming-massage-cream\/\",\"url\":\"https:\/\/malinacosmetics.com\/product\/medi-peel-derma-maison-collagen-firming-massage-cream\/\",\"name\":\"Medi-Peel Derma Maison Collagen Firming Massage Cream - Malina Beauty Store\",\"isPartOf\":{\"@id\":\"https:\/\/malinacosmetics.com\/#website\"},\"datePublished\":\"2022-07-27T10:19:00+00:00\",\"dateModified\":\"2025-07-10T12:27:20+00:00\",\"breadcrumb\":{\"@id\":\"https:\/\/malinacosmetics.com\/product\/medi-peel-derma-maison-collagen-firming-massage-cream\/#breadcrumb\"},\"inLanguage\":\"sr-RS\",\"potentialAction\":[{\"@type\":\"ReadAction\",\"target\":[\"https:\/\/malinacosmetics.com\/product\/medi-peel-derma-maison-collagen-firming-massage-cream\/\"]}]},{\"@type\":\"BreadcrumbList\",\"@id\":\"https:\/\/malinacosmetics.com\/product\/medi-peel-derma-maison-collagen-firming-massage-cream\/#breadcrumb\",\"itemListElement\":[{\"@type\":\"ListItem\",\"position\":1,\"name\":\"\u0413\u043b\u0430\u0432\u043d\u0430\u044f \u0441\u0442\u0440\u0430\u043d\u0438\u0446\u0430\",\"item\":\"https:\/\/malinacosmetics.com\/\"},{\"@type\":\"ListItem\",\"position\":2,\"name\":\"\u041a\u0430\u0442\u0430\u043b\u043e\u0433\",\"item\":\"https:\/\/malinacosmetics.com\/sr\/shop\/\"},{\"@type\":\"ListItem\",\"position\":3,\"name\":\"Medi-Peel Derma Maison Collagen Firming Massage Cream\"}]},{\"@type\":\"WebSite\",\"@id\":\"https:\/\/malinacosmetics.com\/#website\",\"url\":\"https:\/\/malinacosmetics.com\/\",\"name\":\"Malina Beauty Store\",\"description\":\"Prodaja korejske kozmetike za Crnu Goru\",\"publisher\":{\"@id\":\"https:\/\/malinacosmetics.com\/#organization\"},\"potentialAction\":[{\"@type\":\"SearchAction\",\"target\":{\"@type\":\"EntryPoint\",\"urlTemplate\":\"https:\/\/malinacosmetics.com\/?s={search_term_string}\"},\"query-input\":\"required name=search_term_string\"}],\"inLanguage\":\"sr-RS\"},{\"@type\":\"Organization\",\"@id\":\"https:\/\/malinacosmetics.com\/#organization\",\"name\":\"malinacosmetics\",\"url\":\"https:\/\/malinacosmetics.com\/\",\"logo\":{\"@type\":\"ImageObject\",\"inLanguage\":\"sr-RS\",\"@id\":\"https:\/\/malinacosmetics.com\/#\/schema\/logo\/image\/\",\"url\":\"https:\/\/malinacosmetics.com\/wp-content\/uploads\/2021\/07\/logo.png\",\"contentUrl\":\"https:\/\/malinacosmetics.com\/wp-content\/uploads\/2021\/07\/logo.png\",\"width\":500,\"height\":353,\"caption\":\"malinacosmetics\"},\"image\":{\"@id\":\"https:\/\/malinacosmetics.com\/#\/schema\/logo\/image\/\"},\"sameAs\":[\"https:\/\/www.facebook.com\/MalinaBeautyShopMe\/\"]}]}<\/script>\n<meta property=\"product:brand\" content=\"simple\" \/>\n<meta property=\"product:price:amount\" content=\"60.00\" \/>\n<meta property=\"product:price:currency\" content=\"EUR\" \/>\n<meta property=\"og:availability\" content=\"out of stock\" \/>\n<meta property=\"product:availability\" content=\"out of stock\" \/>\n<meta property=\"product:condition\" content=\"new\" \/>\n<!-- \/ Yoast SEO Premium plugin. -->","yoast_head_json":{"title":"Medi-Peel Derma Maison Collagen Firming Massage Cream - Malina Beauty Store","robots":{"index":"index","follow":"follow","max-snippet":"max-snippet:-1","max-image-preview":"max-image-preview:large","max-video-preview":"max-video-preview:-1"},"canonical":"https:\/\/malinacosmetics.com\/sr\/\u043f\u0440\u043e\u0438\u0437\u0432\u043e\u0434\/medi-peel-derma-maison-collagen-firming-massage-cream\/","og_locale":"sr_RS","og_type":"article","og_title":"Medi-Peel Derma Maison Collagen Firming Massage Cream","og_description":"\u0423\u043a\u0440\u0435\u043f\u043b\u044f\u044e\u0449\u0438\u0439 \u0430\u043d\u0442\u0438\u0432\u043e\u0437\u0440\u0430\u0441\u0442\u043d\u043e\u0439 \u043c\u0430\u0441\u0441\u0430\u0436\u043d\u044b\u0439 \u043a\u0440\u0435\u043c \u0441 \u043a\u043e\u043b\u043b\u0430\u0433\u0435\u043d\u043e\u043c \u0434\u043b\u044f \u043b\u0438\u0446\u0430. 1000ml","og_url":"https:\/\/malinacosmetics.com\/sr\/\u043f\u0440\u043e\u0438\u0437\u0432\u043e\u0434\/medi-peel-derma-maison-collagen-firming-massage-cream\/","og_site_name":"Malina Beauty Store","article_publisher":"https:\/\/www.facebook.com\/MalinaBeautyShopMe\/","article_modified_time":"2025-07-10T12:27:20+00:00","og_image":[{"width":1200,"height":1200,"url":"https:\/\/malinacosmetics.com\/wp-content\/uploads\/2022\/07\/Medi-Peel-Collagen-Firming-Massage-Cream.jpg","type":"image\/jpeg"}],"twitter_card":"summary_large_image","schema":{"@context":"https:\/\/schema.org","@graph":[{"@type":["WebPage","ItemPage"],"@id":"https:\/\/malinacosmetics.com\/product\/medi-peel-derma-maison-collagen-firming-massage-cream\/","url":"https:\/\/malinacosmetics.com\/product\/medi-peel-derma-maison-collagen-firming-massage-cream\/","name":"Medi-Peel Derma Maison Collagen Firming Massage Cream - Malina Beauty Store","isPartOf":{"@id":"https:\/\/malinacosmetics.com\/#website"},"datePublished":"2022-07-27T10:19:00+00:00","dateModified":"2025-07-10T12:27:20+00:00","breadcrumb":{"@id":"https:\/\/malinacosmetics.com\/product\/medi-peel-derma-maison-collagen-firming-massage-cream\/#breadcrumb"},"inLanguage":"sr-RS","potentialAction":[{"@type":"ReadAction","target":["https:\/\/malinacosmetics.com\/product\/medi-peel-derma-maison-collagen-firming-massage-cream\/"]}]},{"@type":"BreadcrumbList","@id":"https:\/\/malinacosmetics.com\/product\/medi-peel-derma-maison-collagen-firming-massage-cream\/#breadcrumb","itemListElement":[{"@type":"ListItem","position":1,"name":"\u0413\u043b\u0430\u0432\u043d\u0430\u044f \u0441\u0442\u0440\u0430\u043d\u0438\u0446\u0430","item":"https:\/\/malinacosmetics.com\/"},{"@type":"ListItem","position":2,"name":"\u041a\u0430\u0442\u0430\u043b\u043e\u0433","item":"https:\/\/malinacosmetics.com\/sr\/shop\/"},{"@type":"ListItem","position":3,"name":"Medi-Peel Derma Maison Collagen Firming Massage Cream"}]},{"@type":"WebSite","@id":"https:\/\/malinacosmetics.com\/#website","url":"https:\/\/malinacosmetics.com\/","name":"Malina Beauty Store","description":"Prodaja korejske kozmetike za Crnu Goru","publisher":{"@id":"https:\/\/malinacosmetics.com\/#organization"},"potentialAction":[{"@type":"SearchAction","target":{"@type":"EntryPoint","urlTemplate":"https:\/\/malinacosmetics.com\/?s={search_term_string}"},"query-input":"required name=search_term_string"}],"inLanguage":"sr-RS"},{"@type":"Organization","@id":"https:\/\/malinacosmetics.com\/#organization","name":"malinacosmetics","url":"https:\/\/malinacosmetics.com\/","logo":{"@type":"ImageObject","inLanguage":"sr-RS","@id":"https:\/\/malinacosmetics.com\/#\/schema\/logo\/image\/","url":"https:\/\/malinacosmetics.com\/wp-content\/uploads\/2021\/07\/logo.png","contentUrl":"https:\/\/malinacosmetics.com\/wp-content\/uploads\/2021\/07\/logo.png","width":500,"height":353,"caption":"malinacosmetics"},"image":{"@id":"https:\/\/malinacosmetics.com\/#\/schema\/logo\/image\/"},"sameAs":["https:\/\/www.facebook.com\/MalinaBeautyShopMe\/"]}]},"product_brand":"simple","product_price_amount":"60.00","product_price_currency":"EUR","og_availability":"out of stock","product_availability":"out of stock","product_condition":"new"},"jetpack_sharing_enabled":true,"_links":{"self":[{"href":"https:\/\/malinacosmetics.com\/sr\/wp-json\/wp\/v2\/product\/4510","targetHints":{"allow":["GET"]}}],"collection":[{"href":"https:\/\/malinacosmetics.com\/sr\/wp-json\/wp\/v2\/product"}],"about":[{"href":"https:\/\/malinacosmetics.com\/sr\/wp-json\/wp\/v2\/types\/product"}],"wp:featuredmedia":[{"embeddable":true,"href":"https:\/\/malinacosmetics.com\/sr\/wp-json\/wp\/v2\/media\/4511"}],"wp:attachment":[{"href":"https:\/\/malinacosmetics.com\/sr\/wp-json\/wp\/v2\/media?parent=4510"}],"wp:term":[{"taxonomy":"product_brand","embeddable":true,"href":"https:\/\/malinacosmetics.com\/sr\/wp-json\/wp\/v2\/product_brand?post=4510"},{"taxonomy":"product_cat","embeddable":true,"href":"https:\/\/malinacosmetics.com\/sr\/wp-json\/wp\/v2\/product_cat?post=4510"},{"taxonomy":"product_tag","embeddable":true,"href":"https:\/\/malinacosmetics.com\/sr\/wp-json\/wp\/v2\/product_tag?post=4510"}],"curies":[{"name":"wp","href":"https:\/\/api.w.org\/{rel}","templated":true}]}}