{"id":4440,"date":"2022-04-25T22:27:59","date_gmt":"2022-04-25T19:27:59","guid":{"rendered":"https:\/\/malinacosmetics.com\/?post_type=product&#038;p=4440"},"modified":"2025-05-23T21:53:49","modified_gmt":"2025-05-23T19:53:49","slug":"medi-peel-pearl-collagen-firming-glow-mask","status":"publish","type":"product","link":"https:\/\/malinacosmetics.com\/sr\/\u043f\u0440\u043e\u0438\u0437\u0432\u043e\u0434\/medi-peel-pearl-collagen-firming-glow-mask\/","title":{"rendered":"Medi-Peel Pearl Collagen Firming Glow Mask"},"content":{"rendered":"<p class=\"translation-block\">Maska za zagla\u0111ivanje ko\u017ee sa biserima i kolagenom ima jaka regenerativna svojstva, zna\u010dajno pobolj\u0161ava \u010dvrstoc\u0301u i elasti\u010dnost ko\u017ee. Elimini\u0161e suvoc\u0301u i perutanje. Preparat stimuli\u0161e stvaranje kolagenskiih i elastinskih vlakana, bori se protiv znakova starenja, zagla\u0111uje bore i spre\u010dava pojavu novih. Ima sna\u017eno antiinflamatorno i anti-edematozno dejstvo, reguli\u0161e proizvodnju sebuma ko\u017ee. Intenzivno hidrira i bukvalno \u201czaklju\u010dava\u201d vlagu u dubokim slojevima epidermisa, ujedna\u010dava ton i ispunjava ko\u017eu prirodnim zdravim sjajem. Ostavlja ko\u017eu mekom, glatkom i ujedna\u010denom. \n<br>Esencija kojom je maska impregnirana poja\u010dava cirkulaciju i pokrec\u0301e procese regeneracije unutar \u0107elija. Ne\u017eno posvetljava pigmentaciju, \u0161titi ko\u017eu od negativnih uticaja spolja\u0161njih faktora kao \u0161to su mraz, toplota, suv vazduh i UV zra\u010denje. <br>Biserni prah i ekstrakt bisera imaju odli\u010dan efekat podmla\u0111ivanja i blago posvetljavaju ko\u017eu, elimini\u0161u\u0107i tamne krugove ispod o\u010diju i uklanjaju ne\u017eeljenu pigmentaciju. \n<br>5 vrsta kolagena pobolj\u0161avaju op\u0161te stanje ko\u017ee, zagla\u0111uju i izravnavaju je, \u010dine je \u010dvrstom i elasti\u010dnom, uklanjaju sitne bore i osve\u017eavaju. Ima zarastaju\u0107e i umirujuc\u0301e dejstvo, zadr\u017eava vlagu u dubokim slojevima ko\u017ee. Pogodno za suvu, dehidriranu i zrelu ko\u017eu.<\/p>\n<p><strong><br>Na\u010din upotrebe:<\/strong> O\u010distite ko\u017eu, nanesite tonik, zatim nanesite masku na lice i ostavite da deluje 20-30 minuta. Preostalu esenciju ne\u017eno umasirajte u ko\u017eu lica, vrata i dekoltea.<\/p>\n<hr \/>\n<div><em><em><strong><em>Sastojci:<\/em> <\/strong><\/em><\/em><em>Water, Glycerin, Methylpropanediol, Betaine, Pearl Powder(10ppm), Pearl Extract(70ppm), Glycine Max (Soybean) Seed Extract, Rubus Idaeus (Raspberry) Fruit Extract, Rubus Coreanus Fruit Extract, Vaccinium Angustifolium (Blueberry) Fruit Extract, Ribes Nigrum (Black Currant) Leaf Extract, Euterpe Oleracea Fruit Extract, Oryza Sativa (Rice) Extract, Sesamum Indicum (Sesame) Seed Extract, Glycine Soja (Soybean) Seed Extract, Rubus Fruticosus (Blackberry) Fruit Extract, Hydrolyzed Extensin(60ppm), Hydrolyzed Collagen(40ppm), Collagen Amino Acids(1ppm), Ganoderma Lucidum (Mushroom) Stem Extract, Adenosine, Sodium Hyaluronate, Sodium Acetylated Hyaluronate, Hydrolyzed Hyaluronic Acid, Hydroxypropyltrimonium Hyaluronate, Sodium Hyaluronate Crosspolymer, Hyaluronic Acid, Potassium Hyaluronate, Punica Granatum Fruit Extract, Cornus Officinalis Fruit Extract, Prunus Serotina (Wild Cherry) Fruit Extract, Vaccinium Macrocarpon (Cranberry) Fruit Extract, Coptis Chinensis Root Extract, Macadamia Ternifolia Seed Oil, Argania Spinosa Kernel Oil, Brassica Campestris (Rapeseed) Seed Oil, Vitis Vinifera (Grape) Seed Oil, Prunus Armeniaca (Apricot) Kernel Oil, PEG-32, Propanediol, Pentylene Glycol, Cocos Nucifera (Coconut) Fruit Extract, Pinus Sylvestris Leaf Extract, PEG-60 Hydrogenated Castor Oil, Ethyl Hexanediol, 1,2-Hexanediol, Cetyl Ethylhexanoate, Polyglyceryl-10 Oleate, Polyglyceryl-2 Dioleate, Allantoin, Cyclodextrin, Dextrin, PEG-2M, Silica, Sodium Polyacrylate, C13-14 Isoparaffin, Laureth-7, Carbomer, Arginine, Xanthan Gum, Ethylhexylglycerin, Cellulose Gum, Butylene Glycol, Disodium EDTA, Fragrance.<\/em>&nbsp;<\/p>\n<p><em><br \/>\n<\/em><\/div>","protected":false},"excerpt":{"rendered":"<p>Maska za zagla\u0111ivanje ko\u017ee sa biserima i kolagenom. 25ml<\/p>","protected":false},"featured_media":4441,"template":"","meta":{"_acf_changed":false},"product_brand":[],"product_cat":[224,86,353,481,296],"product_tag":[],"class_list":{"0":"post-4440","1":"product","2":"type-product","3":"status-publish","4":"has-post-thumbnail","6":"product_cat-antiage","7":"product_cat-moisturizing","8":"product_cat-masks","9":"product_cat-sheetmask","10":"product_cat-medi-peel","12":"first","13":"instock","14":"shipping-taxable","15":"purchasable","16":"product-type-simple"},"acf":[],"yoast_head":"<!-- This site is optimized with the Yoast SEO Premium plugin v19.6 (Yoast SEO v20.11) - https:\/\/yoast.com\/wordpress\/plugins\/seo\/ -->\n<title>Medi-Peel Pearl Collagen Firming Glow Mask - Malina Beauty Store<\/title>\n<meta name=\"robots\" content=\"index, follow, max-snippet:-1, max-image-preview:large, max-video-preview:-1\" \/>\n<link rel=\"canonical\" href=\"https:\/\/malinacosmetics.com\/sr\/\u043f\u0440\u043e\u0438\u0437\u0432\u043e\u0434\/medi-peel-pearl-collagen-firming-glow-mask\/\" \/>\n<meta property=\"og:locale\" content=\"sr_RS\" \/>\n<meta property=\"og:type\" content=\"article\" \/>\n<meta property=\"og:title\" content=\"Medi-Peel Pearl Collagen Firming Glow Mask\" \/>\n<meta property=\"og:description\" content=\"\u0420\u0430\u0437\u0433\u043b\u0430\u0436\u0438\u0432\u0430\u044e\u0449\u0430\u044f \u043c\u0430\u0441\u043a\u0430 \u0441 \u0436\u0435\u043c\u0447\u0443\u0433\u043e\u043c \u0438 \u043a\u043e\u043b\u043b\u0430\u0433\u0435\u043d\u043e\u043c. 25ml\" \/>\n<meta property=\"og:url\" content=\"https:\/\/malinacosmetics.com\/sr\/\u043f\u0440\u043e\u0438\u0437\u0432\u043e\u0434\/medi-peel-pearl-collagen-firming-glow-mask\/\" \/>\n<meta property=\"og:site_name\" content=\"Malina Beauty Store\" \/>\n<meta property=\"article:publisher\" content=\"https:\/\/www.facebook.com\/MalinaBeautyShopMe\/\" \/>\n<meta property=\"article:modified_time\" content=\"2025-05-23T19:53:49+00:00\" \/>\n<meta property=\"og:image\" content=\"https:\/\/malinacosmetics.com\/wp-content\/uploads\/2022\/07\/medi-peel-pearl-collagen-firming-glow-mask.jpg\" \/>\n\t<meta property=\"og:image:width\" content=\"1200\" \/>\n\t<meta property=\"og:image:height\" content=\"1200\" \/>\n\t<meta property=\"og:image:type\" content=\"image\/jpeg\" \/>\n<meta name=\"twitter:card\" content=\"summary_large_image\" \/>\n<script type=\"application\/ld+json\" class=\"yoast-schema-graph\">{\"@context\":\"https:\/\/schema.org\",\"@graph\":[{\"@type\":[\"WebPage\",\"ItemPage\"],\"@id\":\"https:\/\/malinacosmetics.com\/product\/medi-peel-pearl-collagen-firming-glow-mask\/\",\"url\":\"https:\/\/malinacosmetics.com\/product\/medi-peel-pearl-collagen-firming-glow-mask\/\",\"name\":\"Medi-Peel Pearl Collagen Firming Glow Mask - Malina Beauty Store\",\"isPartOf\":{\"@id\":\"https:\/\/malinacosmetics.com\/#website\"},\"datePublished\":\"2022-04-25T19:27:59+00:00\",\"dateModified\":\"2025-05-23T19:53:49+00:00\",\"breadcrumb\":{\"@id\":\"https:\/\/malinacosmetics.com\/product\/medi-peel-pearl-collagen-firming-glow-mask\/#breadcrumb\"},\"inLanguage\":\"sr-RS\",\"potentialAction\":[{\"@type\":\"ReadAction\",\"target\":[\"https:\/\/malinacosmetics.com\/product\/medi-peel-pearl-collagen-firming-glow-mask\/\"]}]},{\"@type\":\"BreadcrumbList\",\"@id\":\"https:\/\/malinacosmetics.com\/product\/medi-peel-pearl-collagen-firming-glow-mask\/#breadcrumb\",\"itemListElement\":[{\"@type\":\"ListItem\",\"position\":1,\"name\":\"\u0413\u043b\u0430\u0432\u043d\u0430\u044f \u0441\u0442\u0440\u0430\u043d\u0438\u0446\u0430\",\"item\":\"https:\/\/malinacosmetics.com\/\"},{\"@type\":\"ListItem\",\"position\":2,\"name\":\"\u041a\u0430\u0442\u0430\u043b\u043e\u0433\",\"item\":\"https:\/\/malinacosmetics.com\/sr\/shop\/\"},{\"@type\":\"ListItem\",\"position\":3,\"name\":\"Medi-Peel Pearl Collagen Firming Glow Mask\"}]},{\"@type\":\"WebSite\",\"@id\":\"https:\/\/malinacosmetics.com\/#website\",\"url\":\"https:\/\/malinacosmetics.com\/\",\"name\":\"Malina Beauty Store\",\"description\":\"Prodaja korejske kozmetike za Crnu Goru\",\"publisher\":{\"@id\":\"https:\/\/malinacosmetics.com\/#organization\"},\"potentialAction\":[{\"@type\":\"SearchAction\",\"target\":{\"@type\":\"EntryPoint\",\"urlTemplate\":\"https:\/\/malinacosmetics.com\/?s={search_term_string}\"},\"query-input\":\"required name=search_term_string\"}],\"inLanguage\":\"sr-RS\"},{\"@type\":\"Organization\",\"@id\":\"https:\/\/malinacosmetics.com\/#organization\",\"name\":\"malinacosmetics\",\"url\":\"https:\/\/malinacosmetics.com\/\",\"logo\":{\"@type\":\"ImageObject\",\"inLanguage\":\"sr-RS\",\"@id\":\"https:\/\/malinacosmetics.com\/#\/schema\/logo\/image\/\",\"url\":\"https:\/\/malinacosmetics.com\/wp-content\/uploads\/2021\/07\/logo.png\",\"contentUrl\":\"https:\/\/malinacosmetics.com\/wp-content\/uploads\/2021\/07\/logo.png\",\"width\":500,\"height\":353,\"caption\":\"malinacosmetics\"},\"image\":{\"@id\":\"https:\/\/malinacosmetics.com\/#\/schema\/logo\/image\/\"},\"sameAs\":[\"https:\/\/www.facebook.com\/MalinaBeautyShopMe\/\"]}]}<\/script>\n<meta property=\"product:brand\" content=\"simple\" \/>\n<meta property=\"product:price:amount\" content=\"2.50\" \/>\n<meta property=\"product:price:currency\" content=\"EUR\" \/>\n<meta property=\"og:availability\" content=\"instock\" \/>\n<meta property=\"product:availability\" content=\"instock\" \/>\n<meta property=\"product:condition\" content=\"new\" \/>\n<!-- \/ Yoast SEO Premium plugin. -->","yoast_head_json":{"title":"Medi-Peel Pearl Collagen Firming Glow Mask - Malina Beauty Store","robots":{"index":"index","follow":"follow","max-snippet":"max-snippet:-1","max-image-preview":"max-image-preview:large","max-video-preview":"max-video-preview:-1"},"canonical":"https:\/\/malinacosmetics.com\/sr\/\u043f\u0440\u043e\u0438\u0437\u0432\u043e\u0434\/medi-peel-pearl-collagen-firming-glow-mask\/","og_locale":"sr_RS","og_type":"article","og_title":"Medi-Peel Pearl Collagen Firming Glow Mask","og_description":"\u0420\u0430\u0437\u0433\u043b\u0430\u0436\u0438\u0432\u0430\u044e\u0449\u0430\u044f \u043c\u0430\u0441\u043a\u0430 \u0441 \u0436\u0435\u043c\u0447\u0443\u0433\u043e\u043c \u0438 \u043a\u043e\u043b\u043b\u0430\u0433\u0435\u043d\u043e\u043c. 25ml","og_url":"https:\/\/malinacosmetics.com\/sr\/\u043f\u0440\u043e\u0438\u0437\u0432\u043e\u0434\/medi-peel-pearl-collagen-firming-glow-mask\/","og_site_name":"Malina Beauty Store","article_publisher":"https:\/\/www.facebook.com\/MalinaBeautyShopMe\/","article_modified_time":"2025-05-23T19:53:49+00:00","og_image":[{"width":1200,"height":1200,"url":"https:\/\/malinacosmetics.com\/wp-content\/uploads\/2022\/07\/medi-peel-pearl-collagen-firming-glow-mask.jpg","type":"image\/jpeg"}],"twitter_card":"summary_large_image","schema":{"@context":"https:\/\/schema.org","@graph":[{"@type":["WebPage","ItemPage"],"@id":"https:\/\/malinacosmetics.com\/product\/medi-peel-pearl-collagen-firming-glow-mask\/","url":"https:\/\/malinacosmetics.com\/product\/medi-peel-pearl-collagen-firming-glow-mask\/","name":"Medi-Peel Pearl Collagen Firming Glow Mask - Malina Beauty Store","isPartOf":{"@id":"https:\/\/malinacosmetics.com\/#website"},"datePublished":"2022-04-25T19:27:59+00:00","dateModified":"2025-05-23T19:53:49+00:00","breadcrumb":{"@id":"https:\/\/malinacosmetics.com\/product\/medi-peel-pearl-collagen-firming-glow-mask\/#breadcrumb"},"inLanguage":"sr-RS","potentialAction":[{"@type":"ReadAction","target":["https:\/\/malinacosmetics.com\/product\/medi-peel-pearl-collagen-firming-glow-mask\/"]}]},{"@type":"BreadcrumbList","@id":"https:\/\/malinacosmetics.com\/product\/medi-peel-pearl-collagen-firming-glow-mask\/#breadcrumb","itemListElement":[{"@type":"ListItem","position":1,"name":"\u0413\u043b\u0430\u0432\u043d\u0430\u044f \u0441\u0442\u0440\u0430\u043d\u0438\u0446\u0430","item":"https:\/\/malinacosmetics.com\/"},{"@type":"ListItem","position":2,"name":"\u041a\u0430\u0442\u0430\u043b\u043e\u0433","item":"https:\/\/malinacosmetics.com\/sr\/shop\/"},{"@type":"ListItem","position":3,"name":"Medi-Peel Pearl Collagen Firming Glow Mask"}]},{"@type":"WebSite","@id":"https:\/\/malinacosmetics.com\/#website","url":"https:\/\/malinacosmetics.com\/","name":"Malina Beauty Store","description":"Prodaja korejske kozmetike za Crnu Goru","publisher":{"@id":"https:\/\/malinacosmetics.com\/#organization"},"potentialAction":[{"@type":"SearchAction","target":{"@type":"EntryPoint","urlTemplate":"https:\/\/malinacosmetics.com\/?s={search_term_string}"},"query-input":"required name=search_term_string"}],"inLanguage":"sr-RS"},{"@type":"Organization","@id":"https:\/\/malinacosmetics.com\/#organization","name":"malinacosmetics","url":"https:\/\/malinacosmetics.com\/","logo":{"@type":"ImageObject","inLanguage":"sr-RS","@id":"https:\/\/malinacosmetics.com\/#\/schema\/logo\/image\/","url":"https:\/\/malinacosmetics.com\/wp-content\/uploads\/2021\/07\/logo.png","contentUrl":"https:\/\/malinacosmetics.com\/wp-content\/uploads\/2021\/07\/logo.png","width":500,"height":353,"caption":"malinacosmetics"},"image":{"@id":"https:\/\/malinacosmetics.com\/#\/schema\/logo\/image\/"},"sameAs":["https:\/\/www.facebook.com\/MalinaBeautyShopMe\/"]}]},"product_brand":"simple","product_price_amount":"2.50","product_price_currency":"EUR","og_availability":"instock","product_availability":"instock","product_condition":"new"},"jetpack_sharing_enabled":true,"_links":{"self":[{"href":"https:\/\/malinacosmetics.com\/sr\/wp-json\/wp\/v2\/product\/4440","targetHints":{"allow":["GET"]}}],"collection":[{"href":"https:\/\/malinacosmetics.com\/sr\/wp-json\/wp\/v2\/product"}],"about":[{"href":"https:\/\/malinacosmetics.com\/sr\/wp-json\/wp\/v2\/types\/product"}],"wp:featuredmedia":[{"embeddable":true,"href":"https:\/\/malinacosmetics.com\/sr\/wp-json\/wp\/v2\/media\/4441"}],"wp:attachment":[{"href":"https:\/\/malinacosmetics.com\/sr\/wp-json\/wp\/v2\/media?parent=4440"}],"wp:term":[{"taxonomy":"product_brand","embeddable":true,"href":"https:\/\/malinacosmetics.com\/sr\/wp-json\/wp\/v2\/product_brand?post=4440"},{"taxonomy":"product_cat","embeddable":true,"href":"https:\/\/malinacosmetics.com\/sr\/wp-json\/wp\/v2\/product_cat?post=4440"},{"taxonomy":"product_tag","embeddable":true,"href":"https:\/\/malinacosmetics.com\/sr\/wp-json\/wp\/v2\/product_tag?post=4440"}],"curies":[{"name":"wp","href":"https:\/\/api.w.org\/{rel}","templated":true}]}}