{"id":3447,"date":"2022-03-25T16:17:15","date_gmt":"2022-03-25T13:17:15","guid":{"rendered":"https:\/\/malinacosmetics.com\/?post_type=product&#038;p=3447"},"modified":"2025-10-30T23:25:23","modified_gmt":"2025-10-30T22:25:23","slug":"medi-peel-micro-tea-powder-cleanser","status":"publish","type":"product","link":"https:\/\/malinacosmetics.com\/sr\/\u043f\u0440\u043e\u0438\u0437\u0432\u043e\u0434\/medi-peel-micro-tea-powder-cleanser\/","title":{"rendered":"Medi-Peel Micro Tea Powder Cleanser"},"content":{"rendered":"<p class=\"translation-block\">Enzimski puder za dubinsko \u010di\u0161c\u0301enje sa \u010dajevcem Medi-Peel Micro Tea Powder Cleanser pru\u017ea intenzivno \u010di\u0161c\u0301enje bez isu\u0161ivanja ko\u017ee. Uklanja sve vrste prljav\u0161tine, pra\u0161ine, vi\u0161ak sebuma i vodostojku \u0161minku. Rastvara lojne \u010depove, elimini\u0161e masni sjaj. Reguli\u0161e proizvodnju sebuma, su\u017eava pore i ujedna\u010dava mikroreljef. Preparat ne\u017eno deluje na povr\u0161inu ko\u017ee, efikasno \u010disti pore, posvetljava tamne mrlje i odstranja odumrle c\u0301elije. Spre\u010dava pojavu crvenila i iritacija, smanjuje upale, umiruje ko\u017eu, pobolj\u0161ava njen tonus. Uprkos aktivnom dejstvu \u010di\u0161c\u0301enja, ne isu\u0161uje ko\u017eu, odr\u017eava prirodnu hidro-lipidnu ravnote\u017eu, hidrira i spre\u010dava dehidraciju. Enzimski puder je fini prah koji u dodiru sa vodom stvara obilnu penu. Pogodan je za problemati\u010dnu i masnu ko\u017eu.<\/p>\n<p><strong><br>Na\u010din upotrebe:<\/strong> Pome\u0161ajte malu koli\u010dinu enzimskog praha na dlanu sa nekoliko kapi vode i zapenite. Ne\u017enim masa\u017enim pokretima nanesite dobijenu penu na ko\u017eu lica, zatim isperite penu sa toplom vodom.<\/p>\n<hr \/>\n<div><em><strong><em>Sastojci:<\/em><\/strong> Zea Mays (Corn) Starch, Sodium Cocoyl Isethionate, Sodium Lauroyl Glutamate, Diglycerin, Gardenia Florida Fruit Extract, Dextrin, Bromelain, Papain, Protease, Maltodextrin, Water, Butylene Glycol, Melaleuca Alternifolia (Tea Tree) Leaf Oil, Betaine Salicylate, Capryloyl Salicylic Acid, Citric Acid, Gluconolactone, Microcrystalline Cellulose, Centella Asiatica Extract, Centella Asiatica Leaf Extract, Centella Asiatica Root Extract, Asiaticoside, Madecassoside, Asiatic Acid, Madecassic Acid, Hydrogenated Lecithin, Vitis Vinifera (Grape) Seed Oil, Cetearyl Alcohol, 1,2-Hexanediol, Stearic Acid, Glycerin, Houttuynia Cordata Extract, Melaleuca Alternifolia (Tea Tree) Extract, Polyglyceryl-4 Caprate, Sodium Hyaluronate, Hydroxypropyltrimonium Hyaluronate, Hydrolyzed Hyaluronic Acid, Sodium Acetylated Hyaluronate, Hyaluronic Acid, Sodium Hyaluronate Crosspolymer, Potassium Hyaluronate, Tocopherol, Cryptomeria Japonica Leaf Extract, Nelumbo Nucifera Leaf Extract, Saccharomyces Ferment, Oenothera Biennis (Evening Primrose) Flower Extract, Pinus Palustris Leaf Extract, Pueraria Lobata Root Extract, Ulmus Davidiana Root Extract, Cholesterol, Phytosphingosine, Ceramide NP, Ceramide NS, Ceramide AP, Ceramide AS, Ceramide EOP, Ethylhexylglycerin.<br \/>\n<\/em><\/div>","protected":false},"excerpt":{"rendered":"<p>Enzimski puder za dubinsko \u010di\u0161c\u0301enje sa \u010dajevcem. 70gr<\/p>","protected":false},"featured_media":3448,"template":"","meta":{"_acf_changed":false},"product_brand":[],"product_cat":[457,460,461,86,319,231,438,440,442,63,73,466,296],"product_tag":[406],"class_list":{"0":"post-3447","1":"product","2":"type-product","3":"status-publish","4":"has-post-thumbnail","6":"product_cat-acne","7":"product_cat-blackheads","8":"product_cat-pore","9":"product_cat-moisturizing","10":"product_cat-matting","11":"product_cat-calming","12":"product_cat-oilyskin","13":"product_cat-combinationskin","14":"product_cat-problematicskin","15":"product_cat-cleansing","16":"product_cat-peeling","17":"product_cat-enzymepeeling","18":"product_cat-medi-peel","19":"product_tag-dutch-tea","21":"first","22":"instock","23":"shipping-taxable","24":"purchasable","25":"product-type-simple"},"acf":[],"yoast_head":"<!-- This site is optimized with the Yoast SEO Premium plugin v19.6 (Yoast SEO v20.11) - https:\/\/yoast.com\/wordpress\/plugins\/seo\/ -->\n<title>Medi-Peel Micro Tea Powder Cleanser - Malina Beauty Store<\/title>\n<meta name=\"robots\" content=\"index, follow, max-snippet:-1, max-image-preview:large, max-video-preview:-1\" \/>\n<link rel=\"canonical\" href=\"https:\/\/malinacosmetics.com\/sr\/\u043f\u0440\u043e\u0438\u0437\u0432\u043e\u0434\/medi-peel-micro-tea-powder-cleanser\/\" \/>\n<meta property=\"og:locale\" content=\"sr_RS\" \/>\n<meta property=\"og:type\" content=\"article\" \/>\n<meta property=\"og:title\" content=\"Medi-Peel Micro Tea Powder Cleanser\" \/>\n<meta property=\"og:description\" content=\"\u0413\u043b\u0443\u0431\u043e\u043a\u043e \u043e\u0447\u0438\u0449\u0430\u044e\u0449\u0430\u044f \u044d\u043d\u0437\u0438\u043c\u043d\u0430\u044f \u043f\u0443\u0434\u0440\u0430 \u0441 \u0447\u0430\u0439\u043d\u044b\u043c \u0434\u0435\u0440\u0435\u0432\u043e\u043c. 70gr\" \/>\n<meta property=\"og:url\" content=\"https:\/\/malinacosmetics.com\/sr\/\u043f\u0440\u043e\u0438\u0437\u0432\u043e\u0434\/medi-peel-micro-tea-powder-cleanser\/\" \/>\n<meta property=\"og:site_name\" content=\"Malina Beauty Store\" \/>\n<meta property=\"article:publisher\" content=\"https:\/\/www.facebook.com\/MalinaBeautyShopMe\/\" \/>\n<meta property=\"article:modified_time\" content=\"2025-10-30T22:25:23+00:00\" \/>\n<meta property=\"og:image\" content=\"https:\/\/malinacosmetics.com\/wp-content\/uploads\/2022\/03\/Medi-Peel-Micro-Tea-Powder-Cleanser.jpg\" \/>\n\t<meta property=\"og:image:width\" content=\"1200\" \/>\n\t<meta property=\"og:image:height\" content=\"1200\" \/>\n\t<meta property=\"og:image:type\" content=\"image\/jpeg\" \/>\n<meta name=\"twitter:card\" content=\"summary_large_image\" \/>\n<script type=\"application\/ld+json\" class=\"yoast-schema-graph\">{\"@context\":\"https:\/\/schema.org\",\"@graph\":[{\"@type\":[\"WebPage\",\"ItemPage\"],\"@id\":\"https:\/\/malinacosmetics.com\/product\/medi-peel-micro-tea-powder-cleanser\/\",\"url\":\"https:\/\/malinacosmetics.com\/product\/medi-peel-micro-tea-powder-cleanser\/\",\"name\":\"Medi-Peel Micro Tea Powder Cleanser - Malina Beauty Store\",\"isPartOf\":{\"@id\":\"https:\/\/malinacosmetics.com\/#website\"},\"datePublished\":\"2022-03-25T13:17:15+00:00\",\"dateModified\":\"2025-10-30T22:25:23+00:00\",\"breadcrumb\":{\"@id\":\"https:\/\/malinacosmetics.com\/product\/medi-peel-micro-tea-powder-cleanser\/#breadcrumb\"},\"inLanguage\":\"sr-RS\",\"potentialAction\":[{\"@type\":\"ReadAction\",\"target\":[\"https:\/\/malinacosmetics.com\/product\/medi-peel-micro-tea-powder-cleanser\/\"]}]},{\"@type\":\"BreadcrumbList\",\"@id\":\"https:\/\/malinacosmetics.com\/product\/medi-peel-micro-tea-powder-cleanser\/#breadcrumb\",\"itemListElement\":[{\"@type\":\"ListItem\",\"position\":1,\"name\":\"\u0413\u043b\u0430\u0432\u043d\u0430\u044f \u0441\u0442\u0440\u0430\u043d\u0438\u0446\u0430\",\"item\":\"https:\/\/malinacosmetics.com\/\"},{\"@type\":\"ListItem\",\"position\":2,\"name\":\"\u041a\u0430\u0442\u0430\u043b\u043e\u0433\",\"item\":\"https:\/\/malinacosmetics.com\/sr\/shop\/\"},{\"@type\":\"ListItem\",\"position\":3,\"name\":\"Medi-Peel Micro Tea Powder Cleanser\"}]},{\"@type\":\"WebSite\",\"@id\":\"https:\/\/malinacosmetics.com\/#website\",\"url\":\"https:\/\/malinacosmetics.com\/\",\"name\":\"Malina Beauty Store\",\"description\":\"Prodaja korejske kozmetike za Crnu Goru\",\"publisher\":{\"@id\":\"https:\/\/malinacosmetics.com\/#organization\"},\"potentialAction\":[{\"@type\":\"SearchAction\",\"target\":{\"@type\":\"EntryPoint\",\"urlTemplate\":\"https:\/\/malinacosmetics.com\/?s={search_term_string}\"},\"query-input\":\"required name=search_term_string\"}],\"inLanguage\":\"sr-RS\"},{\"@type\":\"Organization\",\"@id\":\"https:\/\/malinacosmetics.com\/#organization\",\"name\":\"malinacosmetics\",\"url\":\"https:\/\/malinacosmetics.com\/\",\"logo\":{\"@type\":\"ImageObject\",\"inLanguage\":\"sr-RS\",\"@id\":\"https:\/\/malinacosmetics.com\/#\/schema\/logo\/image\/\",\"url\":\"https:\/\/malinacosmetics.com\/wp-content\/uploads\/2021\/07\/logo.png\",\"contentUrl\":\"https:\/\/malinacosmetics.com\/wp-content\/uploads\/2021\/07\/logo.png\",\"width\":500,\"height\":353,\"caption\":\"malinacosmetics\"},\"image\":{\"@id\":\"https:\/\/malinacosmetics.com\/#\/schema\/logo\/image\/\"},\"sameAs\":[\"https:\/\/www.facebook.com\/MalinaBeautyShopMe\/\"]}]}<\/script>\n<meta property=\"product:brand\" content=\"simple\" \/>\n<meta property=\"product:price:amount\" content=\"30.00\" \/>\n<meta property=\"product:price:currency\" content=\"EUR\" \/>\n<meta property=\"og:availability\" content=\"instock\" \/>\n<meta property=\"product:availability\" content=\"instock\" \/>\n<meta property=\"product:condition\" content=\"new\" \/>\n<!-- \/ Yoast SEO Premium plugin. -->","yoast_head_json":{"title":"Medi-Peel Micro Tea Powder Cleanser - Malina Beauty Store","robots":{"index":"index","follow":"follow","max-snippet":"max-snippet:-1","max-image-preview":"max-image-preview:large","max-video-preview":"max-video-preview:-1"},"canonical":"https:\/\/malinacosmetics.com\/sr\/\u043f\u0440\u043e\u0438\u0437\u0432\u043e\u0434\/medi-peel-micro-tea-powder-cleanser\/","og_locale":"sr_RS","og_type":"article","og_title":"Medi-Peel Micro Tea Powder Cleanser","og_description":"\u0413\u043b\u0443\u0431\u043e\u043a\u043e \u043e\u0447\u0438\u0449\u0430\u044e\u0449\u0430\u044f \u044d\u043d\u0437\u0438\u043c\u043d\u0430\u044f \u043f\u0443\u0434\u0440\u0430 \u0441 \u0447\u0430\u0439\u043d\u044b\u043c \u0434\u0435\u0440\u0435\u0432\u043e\u043c. 70gr","og_url":"https:\/\/malinacosmetics.com\/sr\/\u043f\u0440\u043e\u0438\u0437\u0432\u043e\u0434\/medi-peel-micro-tea-powder-cleanser\/","og_site_name":"Malina Beauty Store","article_publisher":"https:\/\/www.facebook.com\/MalinaBeautyShopMe\/","article_modified_time":"2025-10-30T22:25:23+00:00","og_image":[{"width":1200,"height":1200,"url":"https:\/\/malinacosmetics.com\/wp-content\/uploads\/2022\/03\/Medi-Peel-Micro-Tea-Powder-Cleanser.jpg","type":"image\/jpeg"}],"twitter_card":"summary_large_image","schema":{"@context":"https:\/\/schema.org","@graph":[{"@type":["WebPage","ItemPage"],"@id":"https:\/\/malinacosmetics.com\/product\/medi-peel-micro-tea-powder-cleanser\/","url":"https:\/\/malinacosmetics.com\/product\/medi-peel-micro-tea-powder-cleanser\/","name":"Medi-Peel Micro Tea Powder Cleanser - Malina Beauty Store","isPartOf":{"@id":"https:\/\/malinacosmetics.com\/#website"},"datePublished":"2022-03-25T13:17:15+00:00","dateModified":"2025-10-30T22:25:23+00:00","breadcrumb":{"@id":"https:\/\/malinacosmetics.com\/product\/medi-peel-micro-tea-powder-cleanser\/#breadcrumb"},"inLanguage":"sr-RS","potentialAction":[{"@type":"ReadAction","target":["https:\/\/malinacosmetics.com\/product\/medi-peel-micro-tea-powder-cleanser\/"]}]},{"@type":"BreadcrumbList","@id":"https:\/\/malinacosmetics.com\/product\/medi-peel-micro-tea-powder-cleanser\/#breadcrumb","itemListElement":[{"@type":"ListItem","position":1,"name":"\u0413\u043b\u0430\u0432\u043d\u0430\u044f \u0441\u0442\u0440\u0430\u043d\u0438\u0446\u0430","item":"https:\/\/malinacosmetics.com\/"},{"@type":"ListItem","position":2,"name":"\u041a\u0430\u0442\u0430\u043b\u043e\u0433","item":"https:\/\/malinacosmetics.com\/sr\/shop\/"},{"@type":"ListItem","position":3,"name":"Medi-Peel Micro Tea Powder Cleanser"}]},{"@type":"WebSite","@id":"https:\/\/malinacosmetics.com\/#website","url":"https:\/\/malinacosmetics.com\/","name":"Malina Beauty Store","description":"Prodaja korejske kozmetike za Crnu Goru","publisher":{"@id":"https:\/\/malinacosmetics.com\/#organization"},"potentialAction":[{"@type":"SearchAction","target":{"@type":"EntryPoint","urlTemplate":"https:\/\/malinacosmetics.com\/?s={search_term_string}"},"query-input":"required name=search_term_string"}],"inLanguage":"sr-RS"},{"@type":"Organization","@id":"https:\/\/malinacosmetics.com\/#organization","name":"malinacosmetics","url":"https:\/\/malinacosmetics.com\/","logo":{"@type":"ImageObject","inLanguage":"sr-RS","@id":"https:\/\/malinacosmetics.com\/#\/schema\/logo\/image\/","url":"https:\/\/malinacosmetics.com\/wp-content\/uploads\/2021\/07\/logo.png","contentUrl":"https:\/\/malinacosmetics.com\/wp-content\/uploads\/2021\/07\/logo.png","width":500,"height":353,"caption":"malinacosmetics"},"image":{"@id":"https:\/\/malinacosmetics.com\/#\/schema\/logo\/image\/"},"sameAs":["https:\/\/www.facebook.com\/MalinaBeautyShopMe\/"]}]},"product_brand":"simple","product_price_amount":"30.00","product_price_currency":"EUR","og_availability":"instock","product_availability":"instock","product_condition":"new"},"jetpack_sharing_enabled":true,"_links":{"self":[{"href":"https:\/\/malinacosmetics.com\/sr\/wp-json\/wp\/v2\/product\/3447","targetHints":{"allow":["GET"]}}],"collection":[{"href":"https:\/\/malinacosmetics.com\/sr\/wp-json\/wp\/v2\/product"}],"about":[{"href":"https:\/\/malinacosmetics.com\/sr\/wp-json\/wp\/v2\/types\/product"}],"wp:featuredmedia":[{"embeddable":true,"href":"https:\/\/malinacosmetics.com\/sr\/wp-json\/wp\/v2\/media\/3448"}],"wp:attachment":[{"href":"https:\/\/malinacosmetics.com\/sr\/wp-json\/wp\/v2\/media?parent=3447"}],"wp:term":[{"taxonomy":"product_brand","embeddable":true,"href":"https:\/\/malinacosmetics.com\/sr\/wp-json\/wp\/v2\/product_brand?post=3447"},{"taxonomy":"product_cat","embeddable":true,"href":"https:\/\/malinacosmetics.com\/sr\/wp-json\/wp\/v2\/product_cat?post=3447"},{"taxonomy":"product_tag","embeddable":true,"href":"https:\/\/malinacosmetics.com\/sr\/wp-json\/wp\/v2\/product_tag?post=3447"}],"curies":[{"name":"wp","href":"https:\/\/api.w.org\/{rel}","templated":true}]}}