{"id":3441,"date":"2022-03-25T15:49:14","date_gmt":"2022-03-25T12:49:14","guid":{"rendered":"https:\/\/malinacosmetics.com\/?post_type=product&#038;p=3441"},"modified":"2025-12-26T21:13:04","modified_gmt":"2025-12-26T20:13:04","slug":"medi-peel-bor-tox-peptide-toner","status":"publish","type":"product","link":"https:\/\/malinacosmetics.com\/sr\/\u043f\u0440\u043e\u0438\u0437\u0432\u043e\u0434\/medi-peel-bor-tox-peptide-toner\/","title":{"rendered":"Medi-Peel Bor-Tox Peptide Toner"},"content":{"rendered":"<p class=\"translation-block\">Tonik-Lifting sa peptidnim kompleksom Medi-Peel Bor-Tox Peptide Toner\nintenzivno hidrira, hrani i elimini\u0161e suvoc\u0301u ko\u017ee, poma\u017ee u zagla\u0111ivanju bora i pobolj\u0161ava elasti\u010dnost iste. Preparat ima toni\u010dki efekat, pobolj\u0161ava ten i vrac\u0301a zdrav sjaj. Tonik vrac\u0301a optimalnu acido-alkalnu ravnote\u017eu, neutrali\u0161e agresivne efekte tekuc\u0301e vode i priprema ko\u017eu za naknadnu negu. Predvi\u0111en \nza borbu protiv promena na ko\u017ei koje su vezane za uzrast:  ja\u010da turgor ko\u017ee,\naktivira sintezu kolagenih i elastinskih vlakana, smanjuje dubinu postojec\u0301ih bora, usporava procese promena vezanih za uzrast. Tonik je lagane teksture, brzo se upija i ne ostavlja lepljiv sloj. Za negu zrele ko\u017ee.<\/p>\n<p><strong><br>Na\u010din upotrebe:<\/strong> Nakon umivanja nanesite potrebnu koli\u010dinu tonika pomoc\u0301u pamu\u010dnog diska-tufera.<\/p>\n<hr \/>\n<div><em><strong><em>Sastojci:<\/em><\/strong> <span data-sheets-value=\"{&quot;1&quot;:2,&quot;2&quot;:&quot;Water, Dipropylene Glycol, Methylpropanediol, Glycerin, 1,2-Hexanediol, Butylene Glycol, Propanediol, Polyglyceryl-10 Laurate, Polyglyceryl-4 Laurate, Betaine, Allantoin, Carbomer, Trehalose, Panthenol, Leontopodium Alpinum Callus Culture Extract, Saccharomyces\/Rice Ferment Filtrate, Lactobacillus Ferment, Lactobacillus\/Pear Juice Ferment Filtrate, Lactobacillus\/Punica Granatum Fruit Ferment Extract, Lactobacillus\/Soybean Ferment Extract, Saccharomyces\/Barley Seed Ferment Filtrate, Lactococcus Ferment, Chondrus Crispus Extract, Jania Rubens Extract, Anemarrhena Asphodeloides Root Extract (40ppb), Melia Azadirachta Flower Extract, Ocimum Sanctum Leaf Extract, Melia Azadirachta Leaf Extract, Curcuma Longa (Turmeric) Root Extract, Corallina Officinalis Extract, Hydrolyzed Collagen, Hydrolyzed Elastin, Sodium Hyaluronate, Glyceryl Acrylate\/Acrylic Acid Copolymer, Dipotassium Glycyrrhizate, Arginine, Xanthan Gum, Gluconolactone, Hydrogenated Polyisobutene, Adenosine, Caprylyl\/Capryl Glucoside, Tocopherol, Copper Tripeptide-1(20ppb), Acetyl Hexapeptide-8(10ppb), Palmitoyl Pentapeptide-4(10ppb), Palmitoyl Tetrapeptide-7(5ppb), Palmitoyl Tripeptide-1(5ppb), Ethylhexylglycerin, Disodium EDTA, Fragrance&quot;}\" data-sheets-userformat=\"{&quot;2&quot;:15037,&quot;3&quot;:{&quot;1&quot;:0},&quot;5&quot;:{&quot;1&quot;:[{&quot;1&quot;:2,&quot;2&quot;:0,&quot;5&quot;:{&quot;1&quot;:2,&quot;2&quot;:0}},{&quot;1&quot;:0,&quot;2&quot;:0,&quot;3&quot;:3},{&quot;1&quot;:1,&quot;2&quot;:0,&quot;4&quot;:1}]},&quot;6&quot;:{&quot;1&quot;:[{&quot;1&quot;:2,&quot;2&quot;:0,&quot;5&quot;:{&quot;1&quot;:2,&quot;2&quot;:0}},{&quot;1&quot;:0,&quot;2&quot;:0,&quot;3&quot;:3},{&quot;1&quot;:1,&quot;2&quot;:0,&quot;4&quot;:1}]},&quot;7&quot;:{&quot;1&quot;:[{&quot;1&quot;:2,&quot;2&quot;:0,&quot;5&quot;:{&quot;1&quot;:2,&quot;2&quot;:0}},{&quot;1&quot;:0,&quot;2&quot;:0,&quot;3&quot;:3},{&quot;1&quot;:1,&quot;2&quot;:0,&quot;4&quot;:1}]},&quot;8&quot;:{&quot;1&quot;:[{&quot;1&quot;:2,&quot;2&quot;:0,&quot;5&quot;:{&quot;1&quot;:2,&quot;2&quot;:0}},{&quot;1&quot;:0,&quot;2&quot;:0,&quot;3&quot;:3},{&quot;1&quot;:1,&quot;2&quot;:0,&quot;4&quot;:1}]},&quot;10&quot;:1,&quot;12&quot;:0,&quot;14&quot;:{&quot;1&quot;:3,&quot;3&quot;:1},&quot;15&quot;:&quot;Calibri&quot;,&quot;16&quot;:9}\">Water, Dipropylene Glycol, Methylpropanediol, Glycerin, 1,2-Hexanediol, Butylene Glycol, Propanediol, Polyglyceryl-10 Laurate, Polyglyceryl-4 Laurate, Betaine, Allantoin, Carbomer, Trehalose, Panthenol, Leontopodium Alpinum Callus Culture Extract, Saccharomyces\/Rice Ferment Filtrate, Lactobacillus Ferment, Lactobacillus\/Pear Juice Ferment Filtrate, Lactobacillus\/Punica Granatum Fruit Ferment Extract, Lactobacillus\/Soybean Ferment Extract, Saccharomyces\/Barley Seed Ferment Filtrate, Lactococcus Ferment, Chondrus Crispus Extract, Jania Rubens Extract, Anemarrhena Asphodeloides Root Extract (40ppb), Melia Azadirachta Flower Extract, Ocimum Sanctum Leaf Extract, Melia Azadirachta Leaf Extract, Curcuma Longa (Turmeric) Root Extract, Corallina Officinalis Extract, Hydrolyzed Collagen, Hydrolyzed Elastin, Sodium Hyaluronate, Glyceryl Acrylate\/Acrylic Acid Copolymer, Dipotassium Glycyrrhizate, Arginine, Xanthan Gum, Gluconolactone, Hydrogenated Polyisobutene, Adenosine, Caprylyl\/Capryl Glucoside, Tocopherol, Copper Tripeptide-1(20ppb), Acetyl Hexapeptide-8(10ppb), Palmitoyl Pentapeptide-4(10ppb), Palmitoyl Tetrapeptide-7(5ppb), Palmitoyl Tripeptide-1(5ppb), Ethylhexylglycerin, Disodium EDTA, Fragrance<\/span><\/em><\/div>","protected":false},"excerpt":{"rendered":"<p>Tonik-Lifting sa peptidnim kompleksom sa efektom botoksa. 180ml<\/p>","protected":false},"featured_media":3442,"template":"","meta":{"_acf_changed":false},"product_brand":[],"product_cat":[400,224,290,296],"product_tag":[405],"class_list":{"0":"post-3441","1":"product","2":"type-product","3":"status-publish","4":"has-post-thumbnail","6":"product_cat-lifting","7":"product_cat-antiage","8":"product_cat-toning","9":"product_cat-medi-peel","10":"product_tag-bor-tox","12":"first","13":"outofstock","14":"shipping-taxable","15":"purchasable","16":"product-type-simple"},"acf":[],"yoast_head":"<!-- This site is optimized with the Yoast SEO Premium plugin v19.6 (Yoast SEO v20.11) - https:\/\/yoast.com\/wordpress\/plugins\/seo\/ -->\n<title>Medi-Peel Bor-Tox Peptide Toner - Malina Beauty Store<\/title>\n<meta name=\"robots\" content=\"index, follow, max-snippet:-1, max-image-preview:large, max-video-preview:-1\" \/>\n<link rel=\"canonical\" href=\"https:\/\/malinacosmetics.com\/sr\/\u043f\u0440\u043e\u0438\u0437\u0432\u043e\u0434\/medi-peel-bor-tox-peptide-toner\/\" \/>\n<meta property=\"og:locale\" content=\"sr_RS\" \/>\n<meta property=\"og:type\" content=\"article\" \/>\n<meta property=\"og:title\" content=\"Medi-Peel Bor-Tox Peptide Toner\" \/>\n<meta property=\"og:description\" content=\"\u041b\u0438\u0444\u0442\u0438\u043d\u0433-\u0442\u043e\u043d\u0435\u0440 \u0441 \u043f\u0435\u043f\u0442\u0438\u0434\u043d\u044b\u043c \u043a\u043e\u043c\u043f\u043b\u0435\u043a\u0441\u043e\u043c. 180ml\" \/>\n<meta property=\"og:url\" content=\"https:\/\/malinacosmetics.com\/sr\/\u043f\u0440\u043e\u0438\u0437\u0432\u043e\u0434\/medi-peel-bor-tox-peptide-toner\/\" \/>\n<meta property=\"og:site_name\" content=\"Malina Beauty Store\" \/>\n<meta property=\"article:publisher\" content=\"https:\/\/www.facebook.com\/MalinaBeautyShopMe\/\" \/>\n<meta property=\"article:modified_time\" content=\"2025-12-26T20:13:04+00:00\" \/>\n<meta property=\"og:image\" content=\"https:\/\/malinacosmetics.com\/wp-content\/uploads\/2022\/03\/Medi-Peel-Bor-Tox-Peptide-Toner.jpg\" \/>\n\t<meta property=\"og:image:width\" content=\"1200\" \/>\n\t<meta property=\"og:image:height\" content=\"1200\" \/>\n\t<meta property=\"og:image:type\" content=\"image\/jpeg\" \/>\n<meta name=\"twitter:card\" content=\"summary_large_image\" \/>\n<script type=\"application\/ld+json\" class=\"yoast-schema-graph\">{\"@context\":\"https:\/\/schema.org\",\"@graph\":[{\"@type\":[\"WebPage\",\"ItemPage\"],\"@id\":\"https:\/\/malinacosmetics.com\/product\/medi-peel-bor-tox-peptide-toner\/\",\"url\":\"https:\/\/malinacosmetics.com\/product\/medi-peel-bor-tox-peptide-toner\/\",\"name\":\"Medi-Peel Bor-Tox Peptide Toner - Malina Beauty Store\",\"isPartOf\":{\"@id\":\"https:\/\/malinacosmetics.com\/#website\"},\"datePublished\":\"2022-03-25T12:49:14+00:00\",\"dateModified\":\"2025-12-26T20:13:04+00:00\",\"breadcrumb\":{\"@id\":\"https:\/\/malinacosmetics.com\/product\/medi-peel-bor-tox-peptide-toner\/#breadcrumb\"},\"inLanguage\":\"sr-RS\",\"potentialAction\":[{\"@type\":\"ReadAction\",\"target\":[\"https:\/\/malinacosmetics.com\/product\/medi-peel-bor-tox-peptide-toner\/\"]}]},{\"@type\":\"BreadcrumbList\",\"@id\":\"https:\/\/malinacosmetics.com\/product\/medi-peel-bor-tox-peptide-toner\/#breadcrumb\",\"itemListElement\":[{\"@type\":\"ListItem\",\"position\":1,\"name\":\"\u0413\u043b\u0430\u0432\u043d\u0430\u044f \u0441\u0442\u0440\u0430\u043d\u0438\u0446\u0430\",\"item\":\"https:\/\/malinacosmetics.com\/\"},{\"@type\":\"ListItem\",\"position\":2,\"name\":\"\u041a\u0430\u0442\u0430\u043b\u043e\u0433\",\"item\":\"https:\/\/malinacosmetics.com\/sr\/shop\/\"},{\"@type\":\"ListItem\",\"position\":3,\"name\":\"Medi-Peel Bor-Tox Peptide Toner\"}]},{\"@type\":\"WebSite\",\"@id\":\"https:\/\/malinacosmetics.com\/#website\",\"url\":\"https:\/\/malinacosmetics.com\/\",\"name\":\"Malina Beauty Store\",\"description\":\"Prodaja korejske kozmetike za Crnu Goru\",\"publisher\":{\"@id\":\"https:\/\/malinacosmetics.com\/#organization\"},\"potentialAction\":[{\"@type\":\"SearchAction\",\"target\":{\"@type\":\"EntryPoint\",\"urlTemplate\":\"https:\/\/malinacosmetics.com\/?s={search_term_string}\"},\"query-input\":\"required name=search_term_string\"}],\"inLanguage\":\"sr-RS\"},{\"@type\":\"Organization\",\"@id\":\"https:\/\/malinacosmetics.com\/#organization\",\"name\":\"malinacosmetics\",\"url\":\"https:\/\/malinacosmetics.com\/\",\"logo\":{\"@type\":\"ImageObject\",\"inLanguage\":\"sr-RS\",\"@id\":\"https:\/\/malinacosmetics.com\/#\/schema\/logo\/image\/\",\"url\":\"https:\/\/malinacosmetics.com\/wp-content\/uploads\/2021\/07\/logo.png\",\"contentUrl\":\"https:\/\/malinacosmetics.com\/wp-content\/uploads\/2021\/07\/logo.png\",\"width\":500,\"height\":353,\"caption\":\"malinacosmetics\"},\"image\":{\"@id\":\"https:\/\/malinacosmetics.com\/#\/schema\/logo\/image\/\"},\"sameAs\":[\"https:\/\/www.facebook.com\/MalinaBeautyShopMe\/\"]}]}<\/script>\n<meta property=\"product:brand\" content=\"simple\" \/>\n<meta property=\"product:price:amount\" content=\"27.00\" \/>\n<meta property=\"product:price:currency\" content=\"EUR\" \/>\n<meta property=\"og:availability\" content=\"out of stock\" \/>\n<meta property=\"product:availability\" content=\"out of stock\" \/>\n<meta property=\"product:condition\" content=\"new\" \/>\n<!-- \/ Yoast SEO Premium plugin. -->","yoast_head_json":{"title":"Medi-Peel Bor-Tox Peptide Toner - Malina Beauty Store","robots":{"index":"index","follow":"follow","max-snippet":"max-snippet:-1","max-image-preview":"max-image-preview:large","max-video-preview":"max-video-preview:-1"},"canonical":"https:\/\/malinacosmetics.com\/sr\/\u043f\u0440\u043e\u0438\u0437\u0432\u043e\u0434\/medi-peel-bor-tox-peptide-toner\/","og_locale":"sr_RS","og_type":"article","og_title":"Medi-Peel Bor-Tox Peptide Toner","og_description":"\u041b\u0438\u0444\u0442\u0438\u043d\u0433-\u0442\u043e\u043d\u0435\u0440 \u0441 \u043f\u0435\u043f\u0442\u0438\u0434\u043d\u044b\u043c \u043a\u043e\u043c\u043f\u043b\u0435\u043a\u0441\u043e\u043c. 180ml","og_url":"https:\/\/malinacosmetics.com\/sr\/\u043f\u0440\u043e\u0438\u0437\u0432\u043e\u0434\/medi-peel-bor-tox-peptide-toner\/","og_site_name":"Malina Beauty Store","article_publisher":"https:\/\/www.facebook.com\/MalinaBeautyShopMe\/","article_modified_time":"2025-12-26T20:13:04+00:00","og_image":[{"width":1200,"height":1200,"url":"https:\/\/malinacosmetics.com\/wp-content\/uploads\/2022\/03\/Medi-Peel-Bor-Tox-Peptide-Toner.jpg","type":"image\/jpeg"}],"twitter_card":"summary_large_image","schema":{"@context":"https:\/\/schema.org","@graph":[{"@type":["WebPage","ItemPage"],"@id":"https:\/\/malinacosmetics.com\/product\/medi-peel-bor-tox-peptide-toner\/","url":"https:\/\/malinacosmetics.com\/product\/medi-peel-bor-tox-peptide-toner\/","name":"Medi-Peel Bor-Tox Peptide Toner - Malina Beauty Store","isPartOf":{"@id":"https:\/\/malinacosmetics.com\/#website"},"datePublished":"2022-03-25T12:49:14+00:00","dateModified":"2025-12-26T20:13:04+00:00","breadcrumb":{"@id":"https:\/\/malinacosmetics.com\/product\/medi-peel-bor-tox-peptide-toner\/#breadcrumb"},"inLanguage":"sr-RS","potentialAction":[{"@type":"ReadAction","target":["https:\/\/malinacosmetics.com\/product\/medi-peel-bor-tox-peptide-toner\/"]}]},{"@type":"BreadcrumbList","@id":"https:\/\/malinacosmetics.com\/product\/medi-peel-bor-tox-peptide-toner\/#breadcrumb","itemListElement":[{"@type":"ListItem","position":1,"name":"\u0413\u043b\u0430\u0432\u043d\u0430\u044f \u0441\u0442\u0440\u0430\u043d\u0438\u0446\u0430","item":"https:\/\/malinacosmetics.com\/"},{"@type":"ListItem","position":2,"name":"\u041a\u0430\u0442\u0430\u043b\u043e\u0433","item":"https:\/\/malinacosmetics.com\/sr\/shop\/"},{"@type":"ListItem","position":3,"name":"Medi-Peel Bor-Tox Peptide Toner"}]},{"@type":"WebSite","@id":"https:\/\/malinacosmetics.com\/#website","url":"https:\/\/malinacosmetics.com\/","name":"Malina Beauty Store","description":"Prodaja korejske kozmetike za Crnu Goru","publisher":{"@id":"https:\/\/malinacosmetics.com\/#organization"},"potentialAction":[{"@type":"SearchAction","target":{"@type":"EntryPoint","urlTemplate":"https:\/\/malinacosmetics.com\/?s={search_term_string}"},"query-input":"required name=search_term_string"}],"inLanguage":"sr-RS"},{"@type":"Organization","@id":"https:\/\/malinacosmetics.com\/#organization","name":"malinacosmetics","url":"https:\/\/malinacosmetics.com\/","logo":{"@type":"ImageObject","inLanguage":"sr-RS","@id":"https:\/\/malinacosmetics.com\/#\/schema\/logo\/image\/","url":"https:\/\/malinacosmetics.com\/wp-content\/uploads\/2021\/07\/logo.png","contentUrl":"https:\/\/malinacosmetics.com\/wp-content\/uploads\/2021\/07\/logo.png","width":500,"height":353,"caption":"malinacosmetics"},"image":{"@id":"https:\/\/malinacosmetics.com\/#\/schema\/logo\/image\/"},"sameAs":["https:\/\/www.facebook.com\/MalinaBeautyShopMe\/"]}]},"product_brand":"simple","product_price_amount":"27.00","product_price_currency":"EUR","og_availability":"out of stock","product_availability":"out of stock","product_condition":"new"},"jetpack_sharing_enabled":true,"_links":{"self":[{"href":"https:\/\/malinacosmetics.com\/sr\/wp-json\/wp\/v2\/product\/3441","targetHints":{"allow":["GET"]}}],"collection":[{"href":"https:\/\/malinacosmetics.com\/sr\/wp-json\/wp\/v2\/product"}],"about":[{"href":"https:\/\/malinacosmetics.com\/sr\/wp-json\/wp\/v2\/types\/product"}],"wp:featuredmedia":[{"embeddable":true,"href":"https:\/\/malinacosmetics.com\/sr\/wp-json\/wp\/v2\/media\/3442"}],"wp:attachment":[{"href":"https:\/\/malinacosmetics.com\/sr\/wp-json\/wp\/v2\/media?parent=3441"}],"wp:term":[{"taxonomy":"product_brand","embeddable":true,"href":"https:\/\/malinacosmetics.com\/sr\/wp-json\/wp\/v2\/product_brand?post=3441"},{"taxonomy":"product_cat","embeddable":true,"href":"https:\/\/malinacosmetics.com\/sr\/wp-json\/wp\/v2\/product_cat?post=3441"},{"taxonomy":"product_tag","embeddable":true,"href":"https:\/\/malinacosmetics.com\/sr\/wp-json\/wp\/v2\/product_tag?post=3441"}],"curies":[{"name":"wp","href":"https:\/\/api.w.org\/{rel}","templated":true}]}}