{"id":3229,"date":"2022-01-20T20:36:34","date_gmt":"2022-01-20T17:36:34","guid":{"rendered":"https:\/\/malinacosmetics.com\/?post_type=product&#038;p=3229"},"modified":"2026-01-18T21:11:43","modified_gmt":"2026-01-18T20:11:43","slug":"medi-peel-hyaluron-dark-benone-peptide-9-ampoule-eye-patch","status":"publish","type":"product","link":"https:\/\/malinacosmetics.com\/sr\/\u043f\u0440\u043e\u0438\u0437\u0432\u043e\u0434\/medi-peel-hyaluron-dark-benone-peptide-9-ampoule-eye-patch\/","title":{"rendered":"Medi-Peel Hyaluron Dark Benone Peptide 9 Ampoule Eye Patch"},"content":{"rendered":"<p class=\"translation-block\">Posvetljavajuc\u0301i flasteri sa peptidima Medi-Peel Hialuron Dark Benone Peptide 9 Ampoule Eie Patch usmereni su na aktivnu borbu protiv podo\u010dnjaka i otoka, ne\u017eno posvetljavaju i osve\u017eavaju ko\u017eu. Imaju efekat izbeljivanja i poma\u017eu u smanjenju vidljivosti stara\u010dkih pega. Kompleks peptida ima podmla\u0111ujuc\u0301i efekat, poma\u017ee u izgla\u0111ivanju bora i o\u010duvanju mladosti ko\u017ee. Multifunkcionalni flasteri imaju kompleksan efekat na posvetljavanje, hidriranje i podmla\u0111ivanje ko\u017ee. Poma\u017eu u izgla\u0111ivanju bora i smanjenju dubine bora, izbeljuju pigmentaciju i podo\u010dnjake, elimini\u0161u suvoc\u0301u i deluju umirujuc\u0301e. Flasteri su pogodni za upotrebu oko o\u010diju, u predelu izme\u0111u obrva i nazolabijalnih bora. <br>\nBiserni prah ima odli\u010dan efekat protiv starenja i ne\u017eno posvetljuje ten, elimini\u0161uc\u0301i tamne krugove ispod o\u010diju i re\u0161ava ne\u017eeljenu pigmentaciju. \n<br>Briljantni puder poma\u017ee u ja\u010danju turgora ko\u017ee i odr\u017eavanju njene elasti\u010dnosti, podsti\u0107e obnavljanje c\u0301elija epiderme, ujedna\u010dava reljef, ne\u017eno posvetljava i vrac\u0301a zdrav sjaj ko\u017ei. \n<br>Tokoferol \u0161titi ko\u017eu od negativnih efekata spolja\u0161njih faktora, spre\u010dava oksidaciju nezasic\u0301enih lipida. Intenzivno zasic\u0301uje ko\u017eu vitaminima. U stanju je da prodre u duboke slojeve ko\u017ee, gde se hidrolizuje u vitamin E.<\/p>\n<p><strong><br>Na\u010din upotrebe:<\/strong> Nanesite flastere na \u017eeljeno podru\u010dje na prethodno o\u010di\u0161c\u0301enu i hidriranu ko\u017eu. Posle 20-30 minuta uklonite flastere i utapkajte preostalu esenciju mekim pokretima.<\/p>\n<hr \/>\n<div><em><strong><em>Sastojci:<\/em><\/strong> Purified water, glycerin, carrageenan, butylene glycol, hydrolyzed collagen, sodium hyaluronate (110ppm), high-dried hyaluronic acid (1ppm), sodium isetylated hyaluronate (ippm), hydroxypropyl trimonium hyaluronate (10ppm), potassium hyaluronate (002pml, sodium hyaluronate cross polymer (0.1ppm), hyaluronic acid (0.25ppm), pearl extract, Polysulfate 80, tocopheryl iscetate, ubiquinone, acetyl lexa peptide -80001ppm), capripeptide -10,001ppm), oligopeptide -30000igpml, oligomap tide -3210,0005pm), palmitoyl pentamapide- 4000pm), palmitoyl trimapide -1000pml, querbitolyl tritriamide -70006gpm), glyceryl polymethacrylate, propylene glycol, arm Toil Oligo Reptide 00gpml, Palmitoyl Tripeptide -50.1ppm), Propane Diol, Pentallenglycol, Coconut and Fruit Extract, Savior Pine Sun Extract, Castor Seed Oil, Shea Butter, Betaine, Allantoin, Dimotium Glycerate, Carob Gum, Sucrose, Guar Gum, Sellowose Gum Potash Breath Chloride, Calcium Chloride, Calcium Lactate, Caprylic \/ Capric Triglyceride, Hu-Si Caprylate, Piza-80 Hydrogenated Castor oil, diamond powder (1ppm), titanum oxide, oles-0 triethoxy cicapralal silane, polysorbate 8 simethicone, methyl methacrylate crosspolymer, aluminium hydroxide side-fluorofluorite logo, Al Jinan, Disodium D. A, Clofenesin, Denucleated Acid Diol, 12-Hyesan Diol, On Hexal Glycerin, Perfume<\/em><\/div>","protected":false},"excerpt":{"rendered":"<p>Posvetljavajuc\u0301i flasteri sa peptidima. 60kom.<\/p>","protected":false},"featured_media":3230,"template":"","meta":{"_acf_changed":false},"product_brand":[],"product_cat":[296,213,97],"product_tag":[410],"class_list":{"0":"post-3229","1":"product","2":"type-product","3":"status-publish","4":"has-post-thumbnail","6":"product_cat-medi-peel","7":"product_cat-eyecare","8":"product_cat-eyepatch","9":"product_tag-peptide-9","11":"first","12":"instock","13":"shipping-taxable","14":"purchasable","15":"product-type-simple"},"acf":[],"yoast_head":"<!-- This site is optimized with the Yoast SEO Premium plugin v19.6 (Yoast SEO v20.11) - https:\/\/yoast.com\/wordpress\/plugins\/seo\/ -->\n<title>Medi-Peel Hyaluron Dark Benone Peptide 9 Ampoule Eye Patch - Malina Beauty Store<\/title>\n<meta name=\"description\" content=\"\u041f\u0435\u043f\u0442\u0438\u0434\u043d\u044b\u0439 \u0442\u043e\u043d\u0435\u0440-\u044d\u0441\u0441\u0435\u043d\u0446\u0438\u044f \u0434\u043b\u044f \u0437\u0440\u0435\u043b\u043e\u0439 \u043a\u043e\u0436\u0438 Medi-Peel 9 Aqua Essence Toner. Malina Beauty store \u2013 \u0438\u043d\u0442\u0435\u0440\u043d\u0435\u0442-\u043c\u0430\u0433\u0430\u0437\u0438\u043d \u0441\u0435\u0440\u0442\u0438\u0444\u0438\u0446\u0438\u0440\u043e\u0432\u0430\u043d\u043d\u043e\u0439 \u043a\u043e\u0441\u043c\u0435\u0442\u0438\u043a\u0438.\" \/>\n<meta name=\"robots\" content=\"index, follow, max-snippet:-1, max-image-preview:large, max-video-preview:-1\" \/>\n<link rel=\"canonical\" href=\"https:\/\/malinacosmetics.com\/sr\/\u043f\u0440\u043e\u0438\u0437\u0432\u043e\u0434\/medi-peel-hyaluron-dark-benone-peptide-9-ampoule-eye-patch\/\" \/>\n<meta property=\"og:locale\" content=\"sr_RS\" \/>\n<meta property=\"og:type\" content=\"article\" \/>\n<meta property=\"og:title\" content=\"Medi-Peel Hyaluron Dark Benone Peptide 9 Ampoule Eye Patch\" \/>\n<meta property=\"og:description\" content=\"\u041f\u0435\u043f\u0442\u0438\u0434\u043d\u044b\u0439 \u0442\u043e\u043d\u0435\u0440-\u044d\u0441\u0441\u0435\u043d\u0446\u0438\u044f \u0434\u043b\u044f \u0437\u0440\u0435\u043b\u043e\u0439 \u043a\u043e\u0436\u0438 Medi-Peel 9 Aqua Essence Toner. Malina Beauty store \u2013 \u0438\u043d\u0442\u0435\u0440\u043d\u0435\u0442-\u043c\u0430\u0433\u0430\u0437\u0438\u043d \u0441\u0435\u0440\u0442\u0438\u0444\u0438\u0446\u0438\u0440\u043e\u0432\u0430\u043d\u043d\u043e\u0439 \u043a\u043e\u0441\u043c\u0435\u0442\u0438\u043a\u0438.\" \/>\n<meta property=\"og:url\" content=\"https:\/\/malinacosmetics.com\/sr\/\u043f\u0440\u043e\u0438\u0437\u0432\u043e\u0434\/medi-peel-hyaluron-dark-benone-peptide-9-ampoule-eye-patch\/\" \/>\n<meta property=\"og:site_name\" content=\"Malina Beauty Store\" \/>\n<meta property=\"article:publisher\" content=\"https:\/\/www.facebook.com\/MalinaBeautyShopMe\/\" \/>\n<meta property=\"article:modified_time\" content=\"2026-01-18T20:11:43+00:00\" \/>\n<meta property=\"og:image\" content=\"https:\/\/malinacosmetics.com\/wp-content\/uploads\/2022\/01\/Medi-Peel-Hyaluron-Dark-Benone-Peptide-9-Ampoule-Eye-Patch.jpg\" \/>\n\t<meta property=\"og:image:width\" content=\"1200\" \/>\n\t<meta property=\"og:image:height\" content=\"1200\" \/>\n\t<meta property=\"og:image:type\" content=\"image\/jpeg\" \/>\n<meta name=\"twitter:card\" content=\"summary_large_image\" \/>\n<script type=\"application\/ld+json\" class=\"yoast-schema-graph\">{\"@context\":\"https:\/\/schema.org\",\"@graph\":[{\"@type\":[\"WebPage\",\"ItemPage\"],\"@id\":\"https:\/\/malinacosmetics.com\/product\/medi-peel-hyaluron-dark-benone-peptide-9-ampoule-eye-patch\/\",\"url\":\"https:\/\/malinacosmetics.com\/product\/medi-peel-hyaluron-dark-benone-peptide-9-ampoule-eye-patch\/\",\"name\":\"Medi-Peel Hyaluron Dark Benone Peptide 9 Ampoule Eye Patch - Malina Beauty Store\",\"isPartOf\":{\"@id\":\"https:\/\/malinacosmetics.com\/#website\"},\"datePublished\":\"2022-01-20T17:36:34+00:00\",\"dateModified\":\"2026-01-18T20:11:43+00:00\",\"description\":\"\u041f\u0435\u043f\u0442\u0438\u0434\u043d\u044b\u0439 \u0442\u043e\u043d\u0435\u0440-\u044d\u0441\u0441\u0435\u043d\u0446\u0438\u044f \u0434\u043b\u044f \u0437\u0440\u0435\u043b\u043e\u0439 \u043a\u043e\u0436\u0438 Medi-Peel 9 Aqua Essence Toner. Malina Beauty store \u2013 \u0438\u043d\u0442\u0435\u0440\u043d\u0435\u0442-\u043c\u0430\u0433\u0430\u0437\u0438\u043d \u0441\u0435\u0440\u0442\u0438\u0444\u0438\u0446\u0438\u0440\u043e\u0432\u0430\u043d\u043d\u043e\u0439 \u043a\u043e\u0441\u043c\u0435\u0442\u0438\u043a\u0438.\",\"breadcrumb\":{\"@id\":\"https:\/\/malinacosmetics.com\/product\/medi-peel-hyaluron-dark-benone-peptide-9-ampoule-eye-patch\/#breadcrumb\"},\"inLanguage\":\"sr-RS\",\"potentialAction\":[{\"@type\":\"ReadAction\",\"target\":[\"https:\/\/malinacosmetics.com\/product\/medi-peel-hyaluron-dark-benone-peptide-9-ampoule-eye-patch\/\"]}]},{\"@type\":\"BreadcrumbList\",\"@id\":\"https:\/\/malinacosmetics.com\/product\/medi-peel-hyaluron-dark-benone-peptide-9-ampoule-eye-patch\/#breadcrumb\",\"itemListElement\":[{\"@type\":\"ListItem\",\"position\":1,\"name\":\"\u0413\u043b\u0430\u0432\u043d\u0430\u044f \u0441\u0442\u0440\u0430\u043d\u0438\u0446\u0430\",\"item\":\"https:\/\/malinacosmetics.com\/\"},{\"@type\":\"ListItem\",\"position\":2,\"name\":\"\u041a\u0430\u0442\u0430\u043b\u043e\u0433\",\"item\":\"https:\/\/malinacosmetics.com\/sr\/shop\/\"},{\"@type\":\"ListItem\",\"position\":3,\"name\":\"Medi-Peel Hyaluron Dark Benone Peptide 9 Ampoule Eye Patch\"}]},{\"@type\":\"WebSite\",\"@id\":\"https:\/\/malinacosmetics.com\/#website\",\"url\":\"https:\/\/malinacosmetics.com\/\",\"name\":\"Malina Beauty Store\",\"description\":\"Prodaja korejske kozmetike za Crnu Goru\",\"publisher\":{\"@id\":\"https:\/\/malinacosmetics.com\/#organization\"},\"potentialAction\":[{\"@type\":\"SearchAction\",\"target\":{\"@type\":\"EntryPoint\",\"urlTemplate\":\"https:\/\/malinacosmetics.com\/?s={search_term_string}\"},\"query-input\":\"required name=search_term_string\"}],\"inLanguage\":\"sr-RS\"},{\"@type\":\"Organization\",\"@id\":\"https:\/\/malinacosmetics.com\/#organization\",\"name\":\"malinacosmetics\",\"url\":\"https:\/\/malinacosmetics.com\/\",\"logo\":{\"@type\":\"ImageObject\",\"inLanguage\":\"sr-RS\",\"@id\":\"https:\/\/malinacosmetics.com\/#\/schema\/logo\/image\/\",\"url\":\"https:\/\/malinacosmetics.com\/wp-content\/uploads\/2021\/07\/logo.png\",\"contentUrl\":\"https:\/\/malinacosmetics.com\/wp-content\/uploads\/2021\/07\/logo.png\",\"width\":500,\"height\":353,\"caption\":\"malinacosmetics\"},\"image\":{\"@id\":\"https:\/\/malinacosmetics.com\/#\/schema\/logo\/image\/\"},\"sameAs\":[\"https:\/\/www.facebook.com\/MalinaBeautyShopMe\/\"]}]}<\/script>\n<meta property=\"product:brand\" content=\"simple\" \/>\n<meta property=\"product:price:amount\" content=\"25.00\" \/>\n<meta property=\"product:price:currency\" content=\"EUR\" \/>\n<meta property=\"og:availability\" content=\"instock\" \/>\n<meta property=\"product:availability\" content=\"instock\" \/>\n<meta property=\"product:condition\" content=\"new\" \/>\n<!-- \/ Yoast SEO Premium plugin. -->","yoast_head_json":{"title":"Medi-Peel Hyaluron Dark Benone Peptide 9 Ampoule Eye Patch - Malina Beauty Store","description":"\u041f\u0435\u043f\u0442\u0438\u0434\u043d\u044b\u0439 \u0442\u043e\u043d\u0435\u0440-\u044d\u0441\u0441\u0435\u043d\u0446\u0438\u044f \u0434\u043b\u044f \u0437\u0440\u0435\u043b\u043e\u0439 \u043a\u043e\u0436\u0438 Medi-Peel 9 Aqua Essence Toner. Malina Beauty store \u2013 \u0438\u043d\u0442\u0435\u0440\u043d\u0435\u0442-\u043c\u0430\u0433\u0430\u0437\u0438\u043d \u0441\u0435\u0440\u0442\u0438\u0444\u0438\u0446\u0438\u0440\u043e\u0432\u0430\u043d\u043d\u043e\u0439 \u043a\u043e\u0441\u043c\u0435\u0442\u0438\u043a\u0438.","robots":{"index":"index","follow":"follow","max-snippet":"max-snippet:-1","max-image-preview":"max-image-preview:large","max-video-preview":"max-video-preview:-1"},"canonical":"https:\/\/malinacosmetics.com\/sr\/\u043f\u0440\u043e\u0438\u0437\u0432\u043e\u0434\/medi-peel-hyaluron-dark-benone-peptide-9-ampoule-eye-patch\/","og_locale":"sr_RS","og_type":"article","og_title":"Medi-Peel Hyaluron Dark Benone Peptide 9 Ampoule Eye Patch","og_description":"\u041f\u0435\u043f\u0442\u0438\u0434\u043d\u044b\u0439 \u0442\u043e\u043d\u0435\u0440-\u044d\u0441\u0441\u0435\u043d\u0446\u0438\u044f \u0434\u043b\u044f \u0437\u0440\u0435\u043b\u043e\u0439 \u043a\u043e\u0436\u0438 Medi-Peel 9 Aqua Essence Toner. Malina Beauty store \u2013 \u0438\u043d\u0442\u0435\u0440\u043d\u0435\u0442-\u043c\u0430\u0433\u0430\u0437\u0438\u043d \u0441\u0435\u0440\u0442\u0438\u0444\u0438\u0446\u0438\u0440\u043e\u0432\u0430\u043d\u043d\u043e\u0439 \u043a\u043e\u0441\u043c\u0435\u0442\u0438\u043a\u0438.","og_url":"https:\/\/malinacosmetics.com\/sr\/\u043f\u0440\u043e\u0438\u0437\u0432\u043e\u0434\/medi-peel-hyaluron-dark-benone-peptide-9-ampoule-eye-patch\/","og_site_name":"Malina Beauty Store","article_publisher":"https:\/\/www.facebook.com\/MalinaBeautyShopMe\/","article_modified_time":"2026-01-18T20:11:43+00:00","og_image":[{"width":1200,"height":1200,"url":"https:\/\/malinacosmetics.com\/wp-content\/uploads\/2022\/01\/Medi-Peel-Hyaluron-Dark-Benone-Peptide-9-Ampoule-Eye-Patch.jpg","type":"image\/jpeg"}],"twitter_card":"summary_large_image","schema":{"@context":"https:\/\/schema.org","@graph":[{"@type":["WebPage","ItemPage"],"@id":"https:\/\/malinacosmetics.com\/product\/medi-peel-hyaluron-dark-benone-peptide-9-ampoule-eye-patch\/","url":"https:\/\/malinacosmetics.com\/product\/medi-peel-hyaluron-dark-benone-peptide-9-ampoule-eye-patch\/","name":"Medi-Peel Hyaluron Dark Benone Peptide 9 Ampoule Eye Patch - Malina Beauty Store","isPartOf":{"@id":"https:\/\/malinacosmetics.com\/#website"},"datePublished":"2022-01-20T17:36:34+00:00","dateModified":"2026-01-18T20:11:43+00:00","description":"\u041f\u0435\u043f\u0442\u0438\u0434\u043d\u044b\u0439 \u0442\u043e\u043d\u0435\u0440-\u044d\u0441\u0441\u0435\u043d\u0446\u0438\u044f \u0434\u043b\u044f \u0437\u0440\u0435\u043b\u043e\u0439 \u043a\u043e\u0436\u0438 Medi-Peel 9 Aqua Essence Toner. Malina Beauty store \u2013 \u0438\u043d\u0442\u0435\u0440\u043d\u0435\u0442-\u043c\u0430\u0433\u0430\u0437\u0438\u043d \u0441\u0435\u0440\u0442\u0438\u0444\u0438\u0446\u0438\u0440\u043e\u0432\u0430\u043d\u043d\u043e\u0439 \u043a\u043e\u0441\u043c\u0435\u0442\u0438\u043a\u0438.","breadcrumb":{"@id":"https:\/\/malinacosmetics.com\/product\/medi-peel-hyaluron-dark-benone-peptide-9-ampoule-eye-patch\/#breadcrumb"},"inLanguage":"sr-RS","potentialAction":[{"@type":"ReadAction","target":["https:\/\/malinacosmetics.com\/product\/medi-peel-hyaluron-dark-benone-peptide-9-ampoule-eye-patch\/"]}]},{"@type":"BreadcrumbList","@id":"https:\/\/malinacosmetics.com\/product\/medi-peel-hyaluron-dark-benone-peptide-9-ampoule-eye-patch\/#breadcrumb","itemListElement":[{"@type":"ListItem","position":1,"name":"\u0413\u043b\u0430\u0432\u043d\u0430\u044f \u0441\u0442\u0440\u0430\u043d\u0438\u0446\u0430","item":"https:\/\/malinacosmetics.com\/"},{"@type":"ListItem","position":2,"name":"\u041a\u0430\u0442\u0430\u043b\u043e\u0433","item":"https:\/\/malinacosmetics.com\/sr\/shop\/"},{"@type":"ListItem","position":3,"name":"Medi-Peel Hyaluron Dark Benone Peptide 9 Ampoule Eye Patch"}]},{"@type":"WebSite","@id":"https:\/\/malinacosmetics.com\/#website","url":"https:\/\/malinacosmetics.com\/","name":"Malina Beauty Store","description":"Prodaja korejske kozmetike za Crnu Goru","publisher":{"@id":"https:\/\/malinacosmetics.com\/#organization"},"potentialAction":[{"@type":"SearchAction","target":{"@type":"EntryPoint","urlTemplate":"https:\/\/malinacosmetics.com\/?s={search_term_string}"},"query-input":"required name=search_term_string"}],"inLanguage":"sr-RS"},{"@type":"Organization","@id":"https:\/\/malinacosmetics.com\/#organization","name":"malinacosmetics","url":"https:\/\/malinacosmetics.com\/","logo":{"@type":"ImageObject","inLanguage":"sr-RS","@id":"https:\/\/malinacosmetics.com\/#\/schema\/logo\/image\/","url":"https:\/\/malinacosmetics.com\/wp-content\/uploads\/2021\/07\/logo.png","contentUrl":"https:\/\/malinacosmetics.com\/wp-content\/uploads\/2021\/07\/logo.png","width":500,"height":353,"caption":"malinacosmetics"},"image":{"@id":"https:\/\/malinacosmetics.com\/#\/schema\/logo\/image\/"},"sameAs":["https:\/\/www.facebook.com\/MalinaBeautyShopMe\/"]}]},"product_brand":"simple","product_price_amount":"25.00","product_price_currency":"EUR","og_availability":"instock","product_availability":"instock","product_condition":"new"},"jetpack_sharing_enabled":true,"_links":{"self":[{"href":"https:\/\/malinacosmetics.com\/sr\/wp-json\/wp\/v2\/product\/3229","targetHints":{"allow":["GET"]}}],"collection":[{"href":"https:\/\/malinacosmetics.com\/sr\/wp-json\/wp\/v2\/product"}],"about":[{"href":"https:\/\/malinacosmetics.com\/sr\/wp-json\/wp\/v2\/types\/product"}],"wp:featuredmedia":[{"embeddable":true,"href":"https:\/\/malinacosmetics.com\/sr\/wp-json\/wp\/v2\/media\/3230"}],"wp:attachment":[{"href":"https:\/\/malinacosmetics.com\/sr\/wp-json\/wp\/v2\/media?parent=3229"}],"wp:term":[{"taxonomy":"product_brand","embeddable":true,"href":"https:\/\/malinacosmetics.com\/sr\/wp-json\/wp\/v2\/product_brand?post=3229"},{"taxonomy":"product_cat","embeddable":true,"href":"https:\/\/malinacosmetics.com\/sr\/wp-json\/wp\/v2\/product_cat?post=3229"},{"taxonomy":"product_tag","embeddable":true,"href":"https:\/\/malinacosmetics.com\/sr\/wp-json\/wp\/v2\/product_tag?post=3229"}],"curies":[{"name":"wp","href":"https:\/\/api.w.org\/{rel}","templated":true}]}}