{"id":3088,"date":"2021-12-02T23:17:17","date_gmt":"2021-12-02T20:17:17","guid":{"rendered":"https:\/\/malinacosmetics.com\/?post_type=product&#038;p=3088"},"modified":"2026-03-04T12:11:11","modified_gmt":"2026-03-04T11:11:11","slug":"medi-peel-derma-maison-black-rose-fresh-mask","status":"publish","type":"product","link":"https:\/\/malinacosmetics.com\/sr\/\u043f\u0440\u043e\u0438\u0437\u0432\u043e\u0434\/medi-peel-derma-maison-black-rose-fresh-mask\/","title":{"rendered":"Medi-Peel Derma Maison Black Rose Fresh Mask"},"content":{"rendered":"<p class=\"translation-block\">Brzodelujuc\u0301a maska sa ekstraktom crne ru\u017ee sa luksuznom aromom uklanja tragove umora, zagla\u0111uje, obnavlja, daje mekoc\u0301u i blistavost. Ko\u017ea je vidno zagla\u0111ena, ten postaje intenzivniji.<br>\nU sastavu maske se nalazi kompleks od 5 vrsta ekstrakta ru\u017ea, ekstrahovan ultrazvu\u010dnom ekstrakcijom na niskoj temperaturi. Maska je bogata hranljivim materijama, vitaminima, aminokiselinama. Daje tonus ko\u017ei, \u010dini je glatkom i blistavom.\n<br>10 vrsta aminokiselina obezbe\u0111uju sna\u017enu regeneraciju ko\u017ee, pobolj\u0161avaju njenu elasti\u010dnost i turgor, smanjuju dubinu bora i usporavaju proces starenja, ispunjavaju ko\u017eu vlagom i zadr\u017eavaju je dugo vremena.\n<br>Fermentisani kompleks od 5 komponenti (tikva, soja, nar, koren rena, gro\u017e\u0111e) pobolj\u0161ava stanje ko\u017ee, ja\u010da i obnavlja za\u0161titnu funkciju ko\u017ee.<\/p>\n<p><strong><br>Na\u010din upotrebe:<\/strong> Nanesite masku na lice, izbegavajuc\u0301i podru\u010dje oko o\u010diju i usana. Ostavite da deluje 10-15 minuta, a zatim isperite toplom vodom.<\/p>\n<hr \/>\n<p><em>Ingredients: Water, Glycerin, Rose Extract (49,000 ppm), Dipropylene Glycol, 1,2-Hexanediol, Butylene Glycol, Niacinamide, Rosa Gallica Flower Powder (4,000 ppm), Betaine, Allantoin, Sodium Hyaluronate, Hydrolyzed Collagen, Panthenol, Hydrolyzed Elastin, Rosa Centifolia Flower Extract (200 ppm), Rosa Damascena Flower Extract (150 ppm), Rosa Gallica Flower Extract (150 ppm), Lactobacillus\/Pumpkin Ferment Extract, Lactobacillus\/Soybean Ferment Extract, Lactobacillus\/Punica Granatum Fruit Ferment Extract, Lactobacillus\/Wasabia Japonica Root Ferment Extract,Saccharomyces\/Grape Ferment Extract, Arginine, Carbomer, Glyceryl Acrylate\/Acrylic Acid Copolymer, Acrylates\/C10-30 Alkyl Acrylate Crosspolymer, C12-13 Pareth-9, Inonotus Obliquus (Mushroom) Extract, Gardenia Florida Fruit Extract, Adenosine, Phragmites Communis Extract, Poria Cocos Extract, Sodium Ascorbyl Phosphate, Biotin, Pyridoxine, Cyanocobalamin, Tocopherol, Inositol, Thiamine HCl, Riboflavin, Beta-Carotene, Folic Acid, Glutamine, Isoleucine, Leucine, Threonine, Valine, Phenylalanine, Serine, Glycine, Methionine, Tryptophan, Palmitoyl Pentapeptide-4, Hydrogenated Lecithin, Polyglyceryl-10 Stearate, Sodium Citrate, Sodium Chloride, Citric Acid, Sodium Benzoate, Polysorbate 20, Lecithin, Potassium Chloride, Calcium Chloride, Sodium Pyruvate, Magnesium Sulfate, Ethylhexylglycerin , Disodium EDTA, New Coccine, Fragrance<\/em><\/p>","protected":false},"excerpt":{"rendered":"<p>Brzodelujuc\u0301a maska sa ekstraktom crne ru\u017ee. 230gr<\/p>","protected":false},"featured_media":3091,"template":"","meta":{"_acf_changed":false},"product_brand":[],"product_cat":[224,263,86,231,437,353,505,296],"product_tag":[394],"class_list":{"0":"post-3088","1":"product","2":"type-product","3":"status-publish","4":"has-post-thumbnail","6":"product_cat-antiage","7":"product_cat-revitalizing","8":"product_cat-moisturizing","9":"product_cat-calming","10":"product_cat-alltypesofskin","11":"product_cat-masks","12":"product_cat-gelmask","13":"product_cat-medi-peel","14":"product_tag-derma-maison","16":"first","17":"instock","18":"shipping-taxable","19":"purchasable","20":"product-type-simple"},"acf":[],"yoast_head":"<!-- This site is optimized with the Yoast SEO Premium plugin v19.6 (Yoast SEO v20.11) - https:\/\/yoast.com\/wordpress\/plugins\/seo\/ -->\n<title>Medi-Peel Derma Maison Black Rose Fresh Mask - Malina Beauty Store<\/title>\n<meta name=\"robots\" content=\"index, follow, max-snippet:-1, max-image-preview:large, max-video-preview:-1\" \/>\n<link rel=\"canonical\" href=\"https:\/\/malinacosmetics.com\/sr\/\u043f\u0440\u043e\u0438\u0437\u0432\u043e\u0434\/medi-peel-derma-maison-black-rose-fresh-mask\/\" \/>\n<meta property=\"og:locale\" content=\"sr_RS\" \/>\n<meta property=\"og:type\" content=\"article\" \/>\n<meta property=\"og:title\" content=\"Medi-Peel Derma Maison Black Rose Fresh Mask\" \/>\n<meta property=\"og:description\" content=\"\u0411\u044b\u0441\u0442\u0440\u043e\u0434\u0435\u0439\u0441\u0442\u0432\u0443\u044e\u0449\u0430\u044f \u043c\u0430\u0441\u043a\u0430 \u0441 \u044d\u043a\u0441\u0442\u0440\u0430\u043a\u0442\u043e\u043c \u0440\u043e\u0437\u044b. 230gr\" \/>\n<meta property=\"og:url\" content=\"https:\/\/malinacosmetics.com\/sr\/\u043f\u0440\u043e\u0438\u0437\u0432\u043e\u0434\/medi-peel-derma-maison-black-rose-fresh-mask\/\" \/>\n<meta property=\"og:site_name\" content=\"Malina Beauty Store\" \/>\n<meta property=\"article:publisher\" content=\"https:\/\/www.facebook.com\/MalinaBeautyShopMe\/\" \/>\n<meta property=\"article:modified_time\" content=\"2026-03-04T11:11:11+00:00\" \/>\n<meta property=\"og:image\" content=\"https:\/\/malinacosmetics.com\/wp-content\/uploads\/2021\/12\/Derma-Maison-Black-Rose-Fresh-Mask.jpg\" \/>\n\t<meta property=\"og:image:width\" content=\"1200\" \/>\n\t<meta property=\"og:image:height\" content=\"1200\" \/>\n\t<meta property=\"og:image:type\" content=\"image\/jpeg\" \/>\n<meta name=\"twitter:card\" content=\"summary_large_image\" \/>\n<script type=\"application\/ld+json\" class=\"yoast-schema-graph\">{\"@context\":\"https:\/\/schema.org\",\"@graph\":[{\"@type\":[\"WebPage\",\"ItemPage\"],\"@id\":\"https:\/\/malinacosmetics.com\/product\/medi-peel-derma-maison-black-rose-fresh-mask\/\",\"url\":\"https:\/\/malinacosmetics.com\/product\/medi-peel-derma-maison-black-rose-fresh-mask\/\",\"name\":\"Medi-Peel Derma Maison Black Rose Fresh Mask - Malina Beauty Store\",\"isPartOf\":{\"@id\":\"https:\/\/malinacosmetics.com\/#website\"},\"datePublished\":\"2021-12-02T20:17:17+00:00\",\"dateModified\":\"2026-03-04T11:11:11+00:00\",\"breadcrumb\":{\"@id\":\"https:\/\/malinacosmetics.com\/product\/medi-peel-derma-maison-black-rose-fresh-mask\/#breadcrumb\"},\"inLanguage\":\"sr-RS\",\"potentialAction\":[{\"@type\":\"ReadAction\",\"target\":[\"https:\/\/malinacosmetics.com\/product\/medi-peel-derma-maison-black-rose-fresh-mask\/\"]}]},{\"@type\":\"BreadcrumbList\",\"@id\":\"https:\/\/malinacosmetics.com\/product\/medi-peel-derma-maison-black-rose-fresh-mask\/#breadcrumb\",\"itemListElement\":[{\"@type\":\"ListItem\",\"position\":1,\"name\":\"\u0413\u043b\u0430\u0432\u043d\u0430\u044f \u0441\u0442\u0440\u0430\u043d\u0438\u0446\u0430\",\"item\":\"https:\/\/malinacosmetics.com\/\"},{\"@type\":\"ListItem\",\"position\":2,\"name\":\"\u041a\u0430\u0442\u0430\u043b\u043e\u0433\",\"item\":\"https:\/\/malinacosmetics.com\/sr\/shop\/\"},{\"@type\":\"ListItem\",\"position\":3,\"name\":\"Medi-Peel Derma Maison Black Rose Fresh Mask\"}]},{\"@type\":\"WebSite\",\"@id\":\"https:\/\/malinacosmetics.com\/#website\",\"url\":\"https:\/\/malinacosmetics.com\/\",\"name\":\"Malina Beauty Store\",\"description\":\"Prodaja korejske kozmetike za Crnu Goru\",\"publisher\":{\"@id\":\"https:\/\/malinacosmetics.com\/#organization\"},\"potentialAction\":[{\"@type\":\"SearchAction\",\"target\":{\"@type\":\"EntryPoint\",\"urlTemplate\":\"https:\/\/malinacosmetics.com\/?s={search_term_string}\"},\"query-input\":\"required name=search_term_string\"}],\"inLanguage\":\"sr-RS\"},{\"@type\":\"Organization\",\"@id\":\"https:\/\/malinacosmetics.com\/#organization\",\"name\":\"malinacosmetics\",\"url\":\"https:\/\/malinacosmetics.com\/\",\"logo\":{\"@type\":\"ImageObject\",\"inLanguage\":\"sr-RS\",\"@id\":\"https:\/\/malinacosmetics.com\/#\/schema\/logo\/image\/\",\"url\":\"https:\/\/malinacosmetics.com\/wp-content\/uploads\/2021\/07\/logo.png\",\"contentUrl\":\"https:\/\/malinacosmetics.com\/wp-content\/uploads\/2021\/07\/logo.png\",\"width\":500,\"height\":353,\"caption\":\"malinacosmetics\"},\"image\":{\"@id\":\"https:\/\/malinacosmetics.com\/#\/schema\/logo\/image\/\"},\"sameAs\":[\"https:\/\/www.facebook.com\/MalinaBeautyShopMe\/\"]}]}<\/script>\n<meta property=\"product:brand\" content=\"simple\" \/>\n<meta property=\"product:price:amount\" content=\"65.00\" \/>\n<meta property=\"product:price:currency\" content=\"EUR\" \/>\n<meta property=\"og:availability\" content=\"instock\" \/>\n<meta property=\"product:availability\" content=\"instock\" \/>\n<meta property=\"product:condition\" content=\"new\" \/>\n<!-- \/ Yoast SEO Premium plugin. -->","yoast_head_json":{"title":"Medi-Peel Derma Maison Black Rose Fresh Mask - Malina Beauty Store","robots":{"index":"index","follow":"follow","max-snippet":"max-snippet:-1","max-image-preview":"max-image-preview:large","max-video-preview":"max-video-preview:-1"},"canonical":"https:\/\/malinacosmetics.com\/sr\/\u043f\u0440\u043e\u0438\u0437\u0432\u043e\u0434\/medi-peel-derma-maison-black-rose-fresh-mask\/","og_locale":"sr_RS","og_type":"article","og_title":"Medi-Peel Derma Maison Black Rose Fresh Mask","og_description":"\u0411\u044b\u0441\u0442\u0440\u043e\u0434\u0435\u0439\u0441\u0442\u0432\u0443\u044e\u0449\u0430\u044f \u043c\u0430\u0441\u043a\u0430 \u0441 \u044d\u043a\u0441\u0442\u0440\u0430\u043a\u0442\u043e\u043c \u0440\u043e\u0437\u044b. 230gr","og_url":"https:\/\/malinacosmetics.com\/sr\/\u043f\u0440\u043e\u0438\u0437\u0432\u043e\u0434\/medi-peel-derma-maison-black-rose-fresh-mask\/","og_site_name":"Malina Beauty Store","article_publisher":"https:\/\/www.facebook.com\/MalinaBeautyShopMe\/","article_modified_time":"2026-03-04T11:11:11+00:00","og_image":[{"width":1200,"height":1200,"url":"https:\/\/malinacosmetics.com\/wp-content\/uploads\/2021\/12\/Derma-Maison-Black-Rose-Fresh-Mask.jpg","type":"image\/jpeg"}],"twitter_card":"summary_large_image","schema":{"@context":"https:\/\/schema.org","@graph":[{"@type":["WebPage","ItemPage"],"@id":"https:\/\/malinacosmetics.com\/product\/medi-peel-derma-maison-black-rose-fresh-mask\/","url":"https:\/\/malinacosmetics.com\/product\/medi-peel-derma-maison-black-rose-fresh-mask\/","name":"Medi-Peel Derma Maison Black Rose Fresh Mask - Malina Beauty Store","isPartOf":{"@id":"https:\/\/malinacosmetics.com\/#website"},"datePublished":"2021-12-02T20:17:17+00:00","dateModified":"2026-03-04T11:11:11+00:00","breadcrumb":{"@id":"https:\/\/malinacosmetics.com\/product\/medi-peel-derma-maison-black-rose-fresh-mask\/#breadcrumb"},"inLanguage":"sr-RS","potentialAction":[{"@type":"ReadAction","target":["https:\/\/malinacosmetics.com\/product\/medi-peel-derma-maison-black-rose-fresh-mask\/"]}]},{"@type":"BreadcrumbList","@id":"https:\/\/malinacosmetics.com\/product\/medi-peel-derma-maison-black-rose-fresh-mask\/#breadcrumb","itemListElement":[{"@type":"ListItem","position":1,"name":"\u0413\u043b\u0430\u0432\u043d\u0430\u044f \u0441\u0442\u0440\u0430\u043d\u0438\u0446\u0430","item":"https:\/\/malinacosmetics.com\/"},{"@type":"ListItem","position":2,"name":"\u041a\u0430\u0442\u0430\u043b\u043e\u0433","item":"https:\/\/malinacosmetics.com\/sr\/shop\/"},{"@type":"ListItem","position":3,"name":"Medi-Peel Derma Maison Black Rose Fresh Mask"}]},{"@type":"WebSite","@id":"https:\/\/malinacosmetics.com\/#website","url":"https:\/\/malinacosmetics.com\/","name":"Malina Beauty Store","description":"Prodaja korejske kozmetike za Crnu Goru","publisher":{"@id":"https:\/\/malinacosmetics.com\/#organization"},"potentialAction":[{"@type":"SearchAction","target":{"@type":"EntryPoint","urlTemplate":"https:\/\/malinacosmetics.com\/?s={search_term_string}"},"query-input":"required name=search_term_string"}],"inLanguage":"sr-RS"},{"@type":"Organization","@id":"https:\/\/malinacosmetics.com\/#organization","name":"malinacosmetics","url":"https:\/\/malinacosmetics.com\/","logo":{"@type":"ImageObject","inLanguage":"sr-RS","@id":"https:\/\/malinacosmetics.com\/#\/schema\/logo\/image\/","url":"https:\/\/malinacosmetics.com\/wp-content\/uploads\/2021\/07\/logo.png","contentUrl":"https:\/\/malinacosmetics.com\/wp-content\/uploads\/2021\/07\/logo.png","width":500,"height":353,"caption":"malinacosmetics"},"image":{"@id":"https:\/\/malinacosmetics.com\/#\/schema\/logo\/image\/"},"sameAs":["https:\/\/www.facebook.com\/MalinaBeautyShopMe\/"]}]},"product_brand":"simple","product_price_amount":"65.00","product_price_currency":"EUR","og_availability":"instock","product_availability":"instock","product_condition":"new"},"jetpack_sharing_enabled":true,"_links":{"self":[{"href":"https:\/\/malinacosmetics.com\/sr\/wp-json\/wp\/v2\/product\/3088","targetHints":{"allow":["GET"]}}],"collection":[{"href":"https:\/\/malinacosmetics.com\/sr\/wp-json\/wp\/v2\/product"}],"about":[{"href":"https:\/\/malinacosmetics.com\/sr\/wp-json\/wp\/v2\/types\/product"}],"wp:featuredmedia":[{"embeddable":true,"href":"https:\/\/malinacosmetics.com\/sr\/wp-json\/wp\/v2\/media\/3091"}],"wp:attachment":[{"href":"https:\/\/malinacosmetics.com\/sr\/wp-json\/wp\/v2\/media?parent=3088"}],"wp:term":[{"taxonomy":"product_brand","embeddable":true,"href":"https:\/\/malinacosmetics.com\/sr\/wp-json\/wp\/v2\/product_brand?post=3088"},{"taxonomy":"product_cat","embeddable":true,"href":"https:\/\/malinacosmetics.com\/sr\/wp-json\/wp\/v2\/product_cat?post=3088"},{"taxonomy":"product_tag","embeddable":true,"href":"https:\/\/malinacosmetics.com\/sr\/wp-json\/wp\/v2\/product_tag?post=3088"}],"curies":[{"name":"wp","href":"https:\/\/api.w.org\/{rel}","templated":true}]}}