{"id":3083,"date":"2021-12-02T18:32:16","date_gmt":"2021-12-02T15:32:16","guid":{"rendered":"https:\/\/malinacosmetics.com\/?post_type=product&#038;p=3083"},"modified":"2026-01-18T21:12:24","modified_gmt":"2026-01-18T20:12:24","slug":"medi-peel-bor-tox-petide-cream2","status":"publish","type":"product","link":"https:\/\/malinacosmetics.com\/sr\/\u043f\u0440\u043e\u0438\u0437\u0432\u043e\u0434\/medi-peel-bor-tox-petide-cream2\/","title":{"rendered":"Medi-Peel Bor-Tox Peptide Cream"},"content":{"rendered":"<p class=\"translation-block\">Medi-Peel Bor-Tox Peptide Cream je lifting krema sa peptidnim kompleksom koja ima izra\u017een anti-age efekat: pobolj\u0161ava elasti\u010dnost i tonus ko\u017ee, smanjuje dubinu bora i \u010dini reljef lica gla\u0111im. Usporava procese starenja, odr\u017eava tonus, dubinski hrani i hidrira ko\u017eu. <br>\nKrema ima botokso-podobno dejstvo: poma\u017ee opu\u0161tanje i smanjenje napetosti mi\u0161i\u0107a lica, spre\u010davaju\u0107i pojavu bora i ko\u017enih nabora. Ja\u010da turgor ko\u017ee, zate\u017ee oval lica, izgla\u0111uje nazolabijalne bore, marionetke linije i  bore oko o\u010diju. \u010cini ko\u017eu gu\u0161\u0107om, pobolj\u0161ava sposobnost \u0107elija da zadr\u017ee vlagu, spre\u010dava dehidrataciju. Krema ima ne\u017enu, kremastu teksturu, trenutno hidrira i eliminira zatezanje.\n<br>\nGlavni aktivni sastojci:<br>\nVoluflin - jedinstveni aktiv dobijen iz korena anemarren, aktivno stimuli\u0161e lokalno nagomilavanje masnog tkiva, pove\u0107ava gustinu i elasti\u010dnost ko\u017ee, uklanja opu\u0161tanje i izgla\u0111uje bore.<br>\nHialuronska kiselina prodire duboko u epidermis,  elimini\u0161e dehidrataciju ko\u017ee, nadoknadi nedostatak vlage, ukloni suvo\u0107u i za\u0161titi od starenja ko\u017ee.<br>\nKompleks od 5 vrsta peptida odgovoran je za konstantnu regeneraciju i obnovu \u0107elija, ima duboko anti-age dejstvo, smanjuje vidljivost bora i spre\u010dava nastanak novih, stimuli\u0161e procese obnove i regeneracije, usporava starenje \u0107elija. Normalizuje proizvodnju kolagena i elastina, izgla\u0111uje ko\u017eu, ujedna\u010dava reljef.<br>\nCeramidi pove\u0107avaju za\u0161titne funkcije epidermisa, spre\u010davaju gubitak vlage i poma\u017eu obnovu ko\u017ee.<br>\nHidrolizovani kolagen obnavlja strukturu epidermisa iznutra, ja\u010da zidove \u0107elija, pobolj\u0161ava proteinsku razmenu. Podr\u017eava matricu ko\u017ee, izgla\u0111uje bore i nabore.<br>\nUlje jojobe odr\u017eava elasti\u010dnost i tonus ko\u017ee. Hrani ko\u017eu vitaminima A i E, spre\u010dava pojavu suvo\u0107e, perutanja i iritacija.<br>\nUlje makadamije omek\u0161ava i hrani, obnavlja ko\u017ene povr\u0161ine, ima antioksidativna svojstva.<br>\nSkvalan umiruje o\u0161te\u0107enu i nadra\u017eenu ko\u017eu, pokazuje antioksidativna svojstva, hidrira i \u0161titi ko\u017eu od negativnih uticaja okoline.<br>\nProbiotici podr\u017eavaju normalnu mikrofloru ko\u017ee, tako\u0111e doprinose posvetljivanju pigmentacija i izjedna\u010davanju tena. Hidriraju, uklanjaju crvenilo, reguli\u0161u proizvodnju melanina u epidermisu, ne\u017eno uklanjaju ro\u017enati sloj i ubrzavaju procese regeneracije. Ja\u010daju za\u0161titni sloj ko\u017ee koji \u0161titi od negativnog uticaja spoljne sredine.<br>\n \nOdgovara svim tipovima ko\u017ee.<\/p>\n<p><strong><br>Na\u010din upotrebe:<\/strong> Nanesite malu koli\u010dinu kreme kao zavr\u0161ni korak tretmana.<\/p>\n<hr \/>\n<p><em>Ingredients: Water, Butylene Glycol, Hydrogenated Polyisobutene, Behenyl Alcohol, Glycerin, Butyrospermum Parkii (Shea) Butter, C14-22 Alcohols, Triethylhexanoin, 1,2-Hexanediol, Stearic Acid, Palmitic Acid, Cetearyl Olivate, Ethylhexyl Palmitate, Caprylic\/Capric Triglyceride, Propanediol, Sorbitan Olivate, C12-20 Alkyl Glucoside, Simethicone, Hydroxyethyl Acrylate\/Sodium Acryloyldimethyl Taurate Copolymer, Tocopherol, Allantoin, Arginine, Trehalose, Panthenol, Sorbitan Isostearate, Leontopodium Alpinum Callus Culture Extract, Saccharomyces\/Rice Ferment Filtrate, Lactobacillus Ferment, Lactobacillus\/Pear Juice Ferment Filtrate, Lactobacillus\/Punica Granatum Fruit Ferment Extract, Lactobacillus\/Soybean Ferment Extract, Saccharomyces\/Barley Seed Ferment Filtrate, Lactococcus Ferment, Chondrus Crispus Extract, Jania Rubens Extract, Anemarrhena Asphodeloides Root Extract (20 ppm), Malt Extract, Hydrolyzed Collagen, Hydrolyzed Elastin, Sodium Hyaluronate , Copper Tripeptide-1(20 ppb), Acetyl Hexapeptide-8(10 ppb), Palmitoyl Pentapeptide-4(10 ppb), Palmitoyl Tetrapeptide-7(5 ppb), Palmitoyl Tripeptide-1(5 ppb), Ethylhexylglycerin, Adenosine, Polysorbate 60, Disodium EDTA, Fragrance <\/em><\/p>","protected":false},"excerpt":{"rendered":"<p>Lifting krema sa peptidnim kompleksom. 50gr<\/p>","protected":false},"featured_media":3084,"template":"","meta":{"_acf_changed":false},"product_brand":[],"product_cat":[470,400,224,350,86,437,439,296],"product_tag":[405],"class_list":{"0":"post-3083","1":"product","2":"type-product","3":"status-publish","4":"has-post-thumbnail","6":"product_cat-facecream","7":"product_cat-lifting","8":"product_cat-antiage","9":"product_cat-nourishing","10":"product_cat-moisturizing","11":"product_cat-alltypesofskin","12":"product_cat-matureskin","13":"product_cat-medi-peel","14":"product_tag-bor-tox","16":"first","17":"instock","18":"shipping-taxable","19":"purchasable","20":"product-type-simple"},"acf":[],"yoast_head":"<!-- This site is optimized with the Yoast SEO Premium plugin v19.6 (Yoast SEO v20.11) - https:\/\/yoast.com\/wordpress\/plugins\/seo\/ -->\n<title>Medi-Peel Bor-Tox Peptide Cream - Malina Beauty Store<\/title>\n<meta name=\"robots\" content=\"index, follow, max-snippet:-1, max-image-preview:large, max-video-preview:-1\" \/>\n<link rel=\"canonical\" href=\"https:\/\/malinacosmetics.com\/sr\/\u043f\u0440\u043e\u0438\u0437\u0432\u043e\u0434\/medi-peel-bor-tox-petide-cream2\/\" \/>\n<meta property=\"og:locale\" content=\"sr_RS\" \/>\n<meta property=\"og:type\" content=\"article\" \/>\n<meta property=\"og:title\" content=\"Medi-Peel Bor-Tox Peptide Cream\" \/>\n<meta property=\"og:description\" content=\"\u041b\u0438\u0444\u0442\u0438\u043d\u0433-\u043a\u0440\u0435\u043c \u0441 \u043f\u0435\u043f\u0442\u0438\u0434\u043d\u044b\u043c \u043a\u043e\u043c\u043f\u043b\u0435\u043a\u0441\u043e\u043c. 50gr\" \/>\n<meta property=\"og:url\" content=\"https:\/\/malinacosmetics.com\/sr\/\u043f\u0440\u043e\u0438\u0437\u0432\u043e\u0434\/medi-peel-bor-tox-petide-cream2\/\" \/>\n<meta property=\"og:site_name\" content=\"Malina Beauty Store\" \/>\n<meta property=\"article:publisher\" content=\"https:\/\/www.facebook.com\/MalinaBeautyShopMe\/\" \/>\n<meta property=\"article:modified_time\" content=\"2026-01-18T20:12:24+00:00\" \/>\n<meta property=\"og:image\" content=\"https:\/\/malinacosmetics.com\/wp-content\/uploads\/2021\/12\/Medi-Peel-Bor-Tox-Petide-Cream.jpg\" \/>\n\t<meta property=\"og:image:width\" content=\"1200\" \/>\n\t<meta property=\"og:image:height\" content=\"1200\" \/>\n\t<meta property=\"og:image:type\" content=\"image\/jpeg\" \/>\n<meta name=\"twitter:card\" content=\"summary_large_image\" \/>\n<script type=\"application\/ld+json\" class=\"yoast-schema-graph\">{\"@context\":\"https:\/\/schema.org\",\"@graph\":[{\"@type\":[\"WebPage\",\"ItemPage\"],\"@id\":\"https:\/\/malinacosmetics.com\/product\/medi-peel-bor-tox-petide-cream2\/\",\"url\":\"https:\/\/malinacosmetics.com\/product\/medi-peel-bor-tox-petide-cream2\/\",\"name\":\"Medi-Peel Bor-Tox Peptide Cream - Malina Beauty Store\",\"isPartOf\":{\"@id\":\"https:\/\/malinacosmetics.com\/#website\"},\"datePublished\":\"2021-12-02T15:32:16+00:00\",\"dateModified\":\"2026-01-18T20:12:24+00:00\",\"breadcrumb\":{\"@id\":\"https:\/\/malinacosmetics.com\/product\/medi-peel-bor-tox-petide-cream2\/#breadcrumb\"},\"inLanguage\":\"sr-RS\",\"potentialAction\":[{\"@type\":\"ReadAction\",\"target\":[\"https:\/\/malinacosmetics.com\/product\/medi-peel-bor-tox-petide-cream2\/\"]}]},{\"@type\":\"BreadcrumbList\",\"@id\":\"https:\/\/malinacosmetics.com\/product\/medi-peel-bor-tox-petide-cream2\/#breadcrumb\",\"itemListElement\":[{\"@type\":\"ListItem\",\"position\":1,\"name\":\"\u0413\u043b\u0430\u0432\u043d\u0430\u044f \u0441\u0442\u0440\u0430\u043d\u0438\u0446\u0430\",\"item\":\"https:\/\/malinacosmetics.com\/\"},{\"@type\":\"ListItem\",\"position\":2,\"name\":\"\u041a\u0430\u0442\u0430\u043b\u043e\u0433\",\"item\":\"https:\/\/malinacosmetics.com\/sr\/shop\/\"},{\"@type\":\"ListItem\",\"position\":3,\"name\":\"Medi-Peel Bor-Tox Peptide Cream\"}]},{\"@type\":\"WebSite\",\"@id\":\"https:\/\/malinacosmetics.com\/#website\",\"url\":\"https:\/\/malinacosmetics.com\/\",\"name\":\"Malina Beauty Store\",\"description\":\"Prodaja korejske kozmetike za Crnu Goru\",\"publisher\":{\"@id\":\"https:\/\/malinacosmetics.com\/#organization\"},\"potentialAction\":[{\"@type\":\"SearchAction\",\"target\":{\"@type\":\"EntryPoint\",\"urlTemplate\":\"https:\/\/malinacosmetics.com\/?s={search_term_string}\"},\"query-input\":\"required name=search_term_string\"}],\"inLanguage\":\"sr-RS\"},{\"@type\":\"Organization\",\"@id\":\"https:\/\/malinacosmetics.com\/#organization\",\"name\":\"malinacosmetics\",\"url\":\"https:\/\/malinacosmetics.com\/\",\"logo\":{\"@type\":\"ImageObject\",\"inLanguage\":\"sr-RS\",\"@id\":\"https:\/\/malinacosmetics.com\/#\/schema\/logo\/image\/\",\"url\":\"https:\/\/malinacosmetics.com\/wp-content\/uploads\/2021\/07\/logo.png\",\"contentUrl\":\"https:\/\/malinacosmetics.com\/wp-content\/uploads\/2021\/07\/logo.png\",\"width\":500,\"height\":353,\"caption\":\"malinacosmetics\"},\"image\":{\"@id\":\"https:\/\/malinacosmetics.com\/#\/schema\/logo\/image\/\"},\"sameAs\":[\"https:\/\/www.facebook.com\/MalinaBeautyShopMe\/\"]}]}<\/script>\n<meta property=\"product:brand\" content=\"simple\" \/>\n<meta property=\"product:price:amount\" content=\"35.00\" \/>\n<meta property=\"product:price:currency\" content=\"EUR\" \/>\n<meta property=\"og:availability\" content=\"instock\" \/>\n<meta property=\"product:availability\" content=\"instock\" \/>\n<meta property=\"product:condition\" content=\"new\" \/>\n<!-- \/ Yoast SEO Premium plugin. -->","yoast_head_json":{"title":"Medi-Peel Bor-Tox Peptide Cream - Malina Beauty Store","robots":{"index":"index","follow":"follow","max-snippet":"max-snippet:-1","max-image-preview":"max-image-preview:large","max-video-preview":"max-video-preview:-1"},"canonical":"https:\/\/malinacosmetics.com\/sr\/\u043f\u0440\u043e\u0438\u0437\u0432\u043e\u0434\/medi-peel-bor-tox-petide-cream2\/","og_locale":"sr_RS","og_type":"article","og_title":"Medi-Peel Bor-Tox Peptide Cream","og_description":"\u041b\u0438\u0444\u0442\u0438\u043d\u0433-\u043a\u0440\u0435\u043c \u0441 \u043f\u0435\u043f\u0442\u0438\u0434\u043d\u044b\u043c \u043a\u043e\u043c\u043f\u043b\u0435\u043a\u0441\u043e\u043c. 50gr","og_url":"https:\/\/malinacosmetics.com\/sr\/\u043f\u0440\u043e\u0438\u0437\u0432\u043e\u0434\/medi-peel-bor-tox-petide-cream2\/","og_site_name":"Malina Beauty Store","article_publisher":"https:\/\/www.facebook.com\/MalinaBeautyShopMe\/","article_modified_time":"2026-01-18T20:12:24+00:00","og_image":[{"width":1200,"height":1200,"url":"https:\/\/malinacosmetics.com\/wp-content\/uploads\/2021\/12\/Medi-Peel-Bor-Tox-Petide-Cream.jpg","type":"image\/jpeg"}],"twitter_card":"summary_large_image","schema":{"@context":"https:\/\/schema.org","@graph":[{"@type":["WebPage","ItemPage"],"@id":"https:\/\/malinacosmetics.com\/product\/medi-peel-bor-tox-petide-cream2\/","url":"https:\/\/malinacosmetics.com\/product\/medi-peel-bor-tox-petide-cream2\/","name":"Medi-Peel Bor-Tox Peptide Cream - Malina Beauty Store","isPartOf":{"@id":"https:\/\/malinacosmetics.com\/#website"},"datePublished":"2021-12-02T15:32:16+00:00","dateModified":"2026-01-18T20:12:24+00:00","breadcrumb":{"@id":"https:\/\/malinacosmetics.com\/product\/medi-peel-bor-tox-petide-cream2\/#breadcrumb"},"inLanguage":"sr-RS","potentialAction":[{"@type":"ReadAction","target":["https:\/\/malinacosmetics.com\/product\/medi-peel-bor-tox-petide-cream2\/"]}]},{"@type":"BreadcrumbList","@id":"https:\/\/malinacosmetics.com\/product\/medi-peel-bor-tox-petide-cream2\/#breadcrumb","itemListElement":[{"@type":"ListItem","position":1,"name":"\u0413\u043b\u0430\u0432\u043d\u0430\u044f \u0441\u0442\u0440\u0430\u043d\u0438\u0446\u0430","item":"https:\/\/malinacosmetics.com\/"},{"@type":"ListItem","position":2,"name":"\u041a\u0430\u0442\u0430\u043b\u043e\u0433","item":"https:\/\/malinacosmetics.com\/sr\/shop\/"},{"@type":"ListItem","position":3,"name":"Medi-Peel Bor-Tox Peptide Cream"}]},{"@type":"WebSite","@id":"https:\/\/malinacosmetics.com\/#website","url":"https:\/\/malinacosmetics.com\/","name":"Malina Beauty Store","description":"Prodaja korejske kozmetike za Crnu Goru","publisher":{"@id":"https:\/\/malinacosmetics.com\/#organization"},"potentialAction":[{"@type":"SearchAction","target":{"@type":"EntryPoint","urlTemplate":"https:\/\/malinacosmetics.com\/?s={search_term_string}"},"query-input":"required name=search_term_string"}],"inLanguage":"sr-RS"},{"@type":"Organization","@id":"https:\/\/malinacosmetics.com\/#organization","name":"malinacosmetics","url":"https:\/\/malinacosmetics.com\/","logo":{"@type":"ImageObject","inLanguage":"sr-RS","@id":"https:\/\/malinacosmetics.com\/#\/schema\/logo\/image\/","url":"https:\/\/malinacosmetics.com\/wp-content\/uploads\/2021\/07\/logo.png","contentUrl":"https:\/\/malinacosmetics.com\/wp-content\/uploads\/2021\/07\/logo.png","width":500,"height":353,"caption":"malinacosmetics"},"image":{"@id":"https:\/\/malinacosmetics.com\/#\/schema\/logo\/image\/"},"sameAs":["https:\/\/www.facebook.com\/MalinaBeautyShopMe\/"]}]},"product_brand":"simple","product_price_amount":"35.00","product_price_currency":"EUR","og_availability":"instock","product_availability":"instock","product_condition":"new"},"jetpack_sharing_enabled":true,"_links":{"self":[{"href":"https:\/\/malinacosmetics.com\/sr\/wp-json\/wp\/v2\/product\/3083","targetHints":{"allow":["GET"]}}],"collection":[{"href":"https:\/\/malinacosmetics.com\/sr\/wp-json\/wp\/v2\/product"}],"about":[{"href":"https:\/\/malinacosmetics.com\/sr\/wp-json\/wp\/v2\/types\/product"}],"wp:featuredmedia":[{"embeddable":true,"href":"https:\/\/malinacosmetics.com\/sr\/wp-json\/wp\/v2\/media\/3084"}],"wp:attachment":[{"href":"https:\/\/malinacosmetics.com\/sr\/wp-json\/wp\/v2\/media?parent=3083"}],"wp:term":[{"taxonomy":"product_brand","embeddable":true,"href":"https:\/\/malinacosmetics.com\/sr\/wp-json\/wp\/v2\/product_brand?post=3083"},{"taxonomy":"product_cat","embeddable":true,"href":"https:\/\/malinacosmetics.com\/sr\/wp-json\/wp\/v2\/product_cat?post=3083"},{"taxonomy":"product_tag","embeddable":true,"href":"https:\/\/malinacosmetics.com\/sr\/wp-json\/wp\/v2\/product_tag?post=3083"}],"curies":[{"name":"wp","href":"https:\/\/api.w.org\/{rel}","templated":true}]}}