{"id":2947,"date":"2021-11-03T00:14:59","date_gmt":"2021-11-02T21:14:59","guid":{"rendered":"https:\/\/malinacosmetics.com\/?post_type=product&#038;p=2947"},"modified":"2026-03-14T16:34:37","modified_gmt":"2026-03-14T15:34:37","slug":"medi-peel-cell-toxing-dermajours-toner","status":"publish","type":"product","link":"https:\/\/malinacosmetics.com\/sr\/\u043f\u0440\u043e\u0438\u0437\u0432\u043e\u0434\/medi-peel-cell-toxing-dermajours-toner\/","title":{"rendered":"Medi-Peel Cell Toxing Dermajours Toner"},"content":{"rendered":"<p class=\"translation-block\">Tonik za podmla\u0111ivanje sa mati\u010dnim c\u0301elijama Medi-Peel Cell Toxing Dermajours Toner - ima raznovrstan efekat protiv starenja ko\u017ee. Aktivno hidrira i hrani c\u0301elije, razgla\u0111uje mikroreljef, smanjuje vidljivost promena na ko\u017ei, koje se vezuju za uzrast, daje ko\u017ei blistav i zdrav sjaj. Toner se aktivno bori protiv razli\u010ditih uzroka starenja ko\u017ee, doprinosi najbr\u017eem i najefikasnijem oporavku. Preparat ima za cilj podmla\u0111ivanje ko\u017ee i usporavanje procesa starenja kroz kompleksan efekat na problemati\u010dna podru\u010dja: intenzivno hidrira sve slojeve epidermisa, zasic\u0301uje c\u0301elije vlagom i zadr\u017eava je u dubokim slojevima, vrac\u0301a hidro-lipidnu ravnote\u017eu i spre\u010dava gubitak vlage, ne dozvoljavajuc\u0301i dehidraciju iste. Zagla\u0111uje mikroreljef, smanjuje dubinu bora i borica, vrac\u0301a glatkoc\u0301u i elasti\u010dnost ko\u017ei. Pobolj\u0161ava ten, elimini\u0161e bledilo i umor, ima blagi efekat posvetljenja ko\u017ee. Ujedna\u010dava hiperpigmentaciju i spre\u010dava pojavu stara\u010dkih pega, daje licu blistavi sjaj. Aktivno hrani c\u0301elije korisnim mikroelementima i vitaminima, odr\u017eava metabolizam ko\u017ee. Toner ima intenzivan efekat zagla\u0111ivanja i zatezanja ko\u017ee, smanjuje izra\u017eenost dubokih mimi\u010dkih bora. Ja\u010da za\u0161titnu barijeru ko\u017ee, \u0161titi je od negativnih efekata spolja\u0161njih faktora, umiruje i normalizuje stanje ko\u017ee. Sadr\u017ei jedinstveni kompleks od 9 peptida, koji obnavljaju epidermalna tkiva na c\u0301elijskom nivou, spre\u010davaju odumiranje c\u0301elija, usporavaju\u0107i oksidativne procese.<\/p>\n<p><strong><br>Na\u010din upotrebe:<\/strong> Koristiti nakon faze \u010di\u0161c\u0301enja. Nanesite tonik na dlanove i ne\u017eno ga rasporedite po licu. Vrhovima prstiju blagim masa\u017enim pokretima rasporedite ostatak proizvoda dok ko\u017ea ne upije.<\/p>\n<hr \/>\n<p><em>Ingredients: Purified Water, Glycerin, Dipropylene Glycol, 1,2-hexanediol, Niacinamide, Betaine, Butylene Glycol, Edelweiss Callus Culture Extract, Caprylic\/capric Triglyceride, Phenyl Trimethicone, Meadow Foam Seed Oil, Rosehip Fruit Oil, Argan Kernel Oil, Canola Oil, Sunflower Seed Oil, Leaf-leaf Bark Extract, Fig Extract, Mulberry Fruit Extract, Pomegranate Extract, Ginkgo Extract, Wheat Sprout Extract, Broccoli Extract, Cabbage Extract, Alfalfa Extract , Radish Seed Extract, Rapeseed Extract, Sodium Hyaluronate, Ceramide NP, Adenosine, Caprylyl\/caprylglucoside, Polyglyceryl-10 Laurate, Polyglyceryl-4 Laurate, Polyglyceryl-10 Stearate, Hydrogenated Lecithin, Lecithin, Polysorbate 20, Arginine, Carbomer, Acrylate\/C10-30 Alkyl Acrylate Crosspolymer, Disodium IDTA, Xanthan Gum, Ethylhexyl Glycerin, Dipeptidediaminobutyroyl Benzylamide Diacetate, Palmitoyl Tripeptide-5, Copper Tripeptide-1, Tripeptide-1, Palmitoylpentapeptide-4, Nonapeptide-1, Acetyloctapeptide-3, Acetylhexapeptide-8, Hexapeptide- 9, Palmitoyl Tetrapeptide-7, Palmitoyl Tripeptide-1, Fragrance, Butylphenylmethylpropional, Linalul<\/em><\/p>","protected":false},"excerpt":{"rendered":"<p>Tonik za podmla\u0111ivanje sa mati\u010dnim c\u0301elijama. 250ml<\/p>","protected":false},"featured_media":2948,"template":"","meta":{"_acf_changed":false},"product_brand":[],"product_cat":[224,290,296],"product_tag":[411],"class_list":{"0":"post-2947","1":"product","2":"type-product","3":"status-publish","4":"has-post-thumbnail","6":"product_cat-antiage","7":"product_cat-toning","8":"product_cat-medi-peel","9":"product_tag-cell-toxing","11":"first","12":"instock","13":"shipping-taxable","14":"purchasable","15":"product-type-simple"},"acf":[],"yoast_head":"<!-- This site is optimized with the Yoast SEO Premium plugin v19.6 (Yoast SEO v20.11) - https:\/\/yoast.com\/wordpress\/plugins\/seo\/ -->\n<title>Medi-Peel Cell Toxing Dermajours Toner - Malina Beauty Store<\/title>\n<meta name=\"robots\" content=\"index, follow, max-snippet:-1, max-image-preview:large, max-video-preview:-1\" \/>\n<link rel=\"canonical\" href=\"https:\/\/malinacosmetics.com\/sr\/\u043f\u0440\u043e\u0438\u0437\u0432\u043e\u0434\/medi-peel-cell-toxing-dermajours-toner\/\" \/>\n<meta property=\"og:locale\" content=\"sr_RS\" \/>\n<meta property=\"og:type\" content=\"article\" \/>\n<meta property=\"og:title\" content=\"Medi-Peel Cell Toxing Dermajours Toner\" \/>\n<meta property=\"og:description\" content=\"\u041e\u043c\u043e\u043b\u0430\u0436\u0438\u0432\u0430\u044e\u0449\u0438\u0439 \u0442\u043e\u043d\u0435\u0440 \u0441\u043e \u0441\u0442\u0432\u043e\u043b\u043e\u0432\u044b\u043c\u0438 \u043a\u043b\u0435\u0442\u043a\u0430\u043c\u0438. 250ml\" \/>\n<meta property=\"og:url\" content=\"https:\/\/malinacosmetics.com\/sr\/\u043f\u0440\u043e\u0438\u0437\u0432\u043e\u0434\/medi-peel-cell-toxing-dermajours-toner\/\" \/>\n<meta property=\"og:site_name\" content=\"Malina Beauty Store\" \/>\n<meta property=\"article:publisher\" content=\"https:\/\/www.facebook.com\/MalinaBeautyShopMe\/\" \/>\n<meta property=\"article:modified_time\" content=\"2026-03-14T15:34:37+00:00\" \/>\n<meta property=\"og:image\" content=\"https:\/\/malinacosmetics.com\/wp-content\/uploads\/2021\/11\/Medi-Peel-Cell-Toxing-Dermajours-Toner.jpg\" \/>\n\t<meta property=\"og:image:width\" content=\"1200\" \/>\n\t<meta property=\"og:image:height\" content=\"1200\" \/>\n\t<meta property=\"og:image:type\" content=\"image\/jpeg\" \/>\n<meta name=\"twitter:card\" content=\"summary_large_image\" \/>\n<script type=\"application\/ld+json\" class=\"yoast-schema-graph\">{\"@context\":\"https:\/\/schema.org\",\"@graph\":[{\"@type\":[\"WebPage\",\"ItemPage\"],\"@id\":\"https:\/\/malinacosmetics.com\/product\/medi-peel-cell-toxing-dermajours-toner\/\",\"url\":\"https:\/\/malinacosmetics.com\/product\/medi-peel-cell-toxing-dermajours-toner\/\",\"name\":\"Medi-Peel Cell Toxing Dermajours Toner - Malina Beauty Store\",\"isPartOf\":{\"@id\":\"https:\/\/malinacosmetics.com\/#website\"},\"datePublished\":\"2021-11-02T21:14:59+00:00\",\"dateModified\":\"2026-03-14T15:34:37+00:00\",\"breadcrumb\":{\"@id\":\"https:\/\/malinacosmetics.com\/product\/medi-peel-cell-toxing-dermajours-toner\/#breadcrumb\"},\"inLanguage\":\"sr-RS\",\"potentialAction\":[{\"@type\":\"ReadAction\",\"target\":[\"https:\/\/malinacosmetics.com\/product\/medi-peel-cell-toxing-dermajours-toner\/\"]}]},{\"@type\":\"BreadcrumbList\",\"@id\":\"https:\/\/malinacosmetics.com\/product\/medi-peel-cell-toxing-dermajours-toner\/#breadcrumb\",\"itemListElement\":[{\"@type\":\"ListItem\",\"position\":1,\"name\":\"\u0413\u043b\u0430\u0432\u043d\u0430\u044f \u0441\u0442\u0440\u0430\u043d\u0438\u0446\u0430\",\"item\":\"https:\/\/malinacosmetics.com\/\"},{\"@type\":\"ListItem\",\"position\":2,\"name\":\"\u041a\u0430\u0442\u0430\u043b\u043e\u0433\",\"item\":\"https:\/\/malinacosmetics.com\/sr\/shop\/\"},{\"@type\":\"ListItem\",\"position\":3,\"name\":\"Medi-Peel Cell Toxing Dermajours Toner\"}]},{\"@type\":\"WebSite\",\"@id\":\"https:\/\/malinacosmetics.com\/#website\",\"url\":\"https:\/\/malinacosmetics.com\/\",\"name\":\"Malina Beauty Store\",\"description\":\"Prodaja korejske kozmetike za Crnu Goru\",\"publisher\":{\"@id\":\"https:\/\/malinacosmetics.com\/#organization\"},\"potentialAction\":[{\"@type\":\"SearchAction\",\"target\":{\"@type\":\"EntryPoint\",\"urlTemplate\":\"https:\/\/malinacosmetics.com\/?s={search_term_string}\"},\"query-input\":\"required name=search_term_string\"}],\"inLanguage\":\"sr-RS\"},{\"@type\":\"Organization\",\"@id\":\"https:\/\/malinacosmetics.com\/#organization\",\"name\":\"malinacosmetics\",\"url\":\"https:\/\/malinacosmetics.com\/\",\"logo\":{\"@type\":\"ImageObject\",\"inLanguage\":\"sr-RS\",\"@id\":\"https:\/\/malinacosmetics.com\/#\/schema\/logo\/image\/\",\"url\":\"https:\/\/malinacosmetics.com\/wp-content\/uploads\/2021\/07\/logo.png\",\"contentUrl\":\"https:\/\/malinacosmetics.com\/wp-content\/uploads\/2021\/07\/logo.png\",\"width\":500,\"height\":353,\"caption\":\"malinacosmetics\"},\"image\":{\"@id\":\"https:\/\/malinacosmetics.com\/#\/schema\/logo\/image\/\"},\"sameAs\":[\"https:\/\/www.facebook.com\/MalinaBeautyShopMe\/\"]}]}<\/script>\n<meta property=\"product:brand\" content=\"simple\" \/>\n<meta property=\"product:price:amount\" content=\"32.00\" \/>\n<meta property=\"product:price:currency\" content=\"EUR\" \/>\n<meta property=\"og:availability\" content=\"instock\" \/>\n<meta property=\"product:availability\" content=\"instock\" \/>\n<meta property=\"product:condition\" content=\"new\" \/>\n<!-- \/ Yoast SEO Premium plugin. -->","yoast_head_json":{"title":"Medi-Peel Cell Toxing Dermajours Toner - Malina Beauty Store","robots":{"index":"index","follow":"follow","max-snippet":"max-snippet:-1","max-image-preview":"max-image-preview:large","max-video-preview":"max-video-preview:-1"},"canonical":"https:\/\/malinacosmetics.com\/sr\/\u043f\u0440\u043e\u0438\u0437\u0432\u043e\u0434\/medi-peel-cell-toxing-dermajours-toner\/","og_locale":"sr_RS","og_type":"article","og_title":"Medi-Peel Cell Toxing Dermajours Toner","og_description":"\u041e\u043c\u043e\u043b\u0430\u0436\u0438\u0432\u0430\u044e\u0449\u0438\u0439 \u0442\u043e\u043d\u0435\u0440 \u0441\u043e \u0441\u0442\u0432\u043e\u043b\u043e\u0432\u044b\u043c\u0438 \u043a\u043b\u0435\u0442\u043a\u0430\u043c\u0438. 250ml","og_url":"https:\/\/malinacosmetics.com\/sr\/\u043f\u0440\u043e\u0438\u0437\u0432\u043e\u0434\/medi-peel-cell-toxing-dermajours-toner\/","og_site_name":"Malina Beauty Store","article_publisher":"https:\/\/www.facebook.com\/MalinaBeautyShopMe\/","article_modified_time":"2026-03-14T15:34:37+00:00","og_image":[{"width":1200,"height":1200,"url":"https:\/\/malinacosmetics.com\/wp-content\/uploads\/2021\/11\/Medi-Peel-Cell-Toxing-Dermajours-Toner.jpg","type":"image\/jpeg"}],"twitter_card":"summary_large_image","schema":{"@context":"https:\/\/schema.org","@graph":[{"@type":["WebPage","ItemPage"],"@id":"https:\/\/malinacosmetics.com\/product\/medi-peel-cell-toxing-dermajours-toner\/","url":"https:\/\/malinacosmetics.com\/product\/medi-peel-cell-toxing-dermajours-toner\/","name":"Medi-Peel Cell Toxing Dermajours Toner - Malina Beauty Store","isPartOf":{"@id":"https:\/\/malinacosmetics.com\/#website"},"datePublished":"2021-11-02T21:14:59+00:00","dateModified":"2026-03-14T15:34:37+00:00","breadcrumb":{"@id":"https:\/\/malinacosmetics.com\/product\/medi-peel-cell-toxing-dermajours-toner\/#breadcrumb"},"inLanguage":"sr-RS","potentialAction":[{"@type":"ReadAction","target":["https:\/\/malinacosmetics.com\/product\/medi-peel-cell-toxing-dermajours-toner\/"]}]},{"@type":"BreadcrumbList","@id":"https:\/\/malinacosmetics.com\/product\/medi-peel-cell-toxing-dermajours-toner\/#breadcrumb","itemListElement":[{"@type":"ListItem","position":1,"name":"\u0413\u043b\u0430\u0432\u043d\u0430\u044f \u0441\u0442\u0440\u0430\u043d\u0438\u0446\u0430","item":"https:\/\/malinacosmetics.com\/"},{"@type":"ListItem","position":2,"name":"\u041a\u0430\u0442\u0430\u043b\u043e\u0433","item":"https:\/\/malinacosmetics.com\/sr\/shop\/"},{"@type":"ListItem","position":3,"name":"Medi-Peel Cell Toxing Dermajours Toner"}]},{"@type":"WebSite","@id":"https:\/\/malinacosmetics.com\/#website","url":"https:\/\/malinacosmetics.com\/","name":"Malina Beauty Store","description":"Prodaja korejske kozmetike za Crnu Goru","publisher":{"@id":"https:\/\/malinacosmetics.com\/#organization"},"potentialAction":[{"@type":"SearchAction","target":{"@type":"EntryPoint","urlTemplate":"https:\/\/malinacosmetics.com\/?s={search_term_string}"},"query-input":"required name=search_term_string"}],"inLanguage":"sr-RS"},{"@type":"Organization","@id":"https:\/\/malinacosmetics.com\/#organization","name":"malinacosmetics","url":"https:\/\/malinacosmetics.com\/","logo":{"@type":"ImageObject","inLanguage":"sr-RS","@id":"https:\/\/malinacosmetics.com\/#\/schema\/logo\/image\/","url":"https:\/\/malinacosmetics.com\/wp-content\/uploads\/2021\/07\/logo.png","contentUrl":"https:\/\/malinacosmetics.com\/wp-content\/uploads\/2021\/07\/logo.png","width":500,"height":353,"caption":"malinacosmetics"},"image":{"@id":"https:\/\/malinacosmetics.com\/#\/schema\/logo\/image\/"},"sameAs":["https:\/\/www.facebook.com\/MalinaBeautyShopMe\/"]}]},"product_brand":"simple","product_price_amount":"32.00","product_price_currency":"EUR","og_availability":"instock","product_availability":"instock","product_condition":"new"},"jetpack_sharing_enabled":true,"_links":{"self":[{"href":"https:\/\/malinacosmetics.com\/sr\/wp-json\/wp\/v2\/product\/2947","targetHints":{"allow":["GET"]}}],"collection":[{"href":"https:\/\/malinacosmetics.com\/sr\/wp-json\/wp\/v2\/product"}],"about":[{"href":"https:\/\/malinacosmetics.com\/sr\/wp-json\/wp\/v2\/types\/product"}],"wp:featuredmedia":[{"embeddable":true,"href":"https:\/\/malinacosmetics.com\/sr\/wp-json\/wp\/v2\/media\/2948"}],"wp:attachment":[{"href":"https:\/\/malinacosmetics.com\/sr\/wp-json\/wp\/v2\/media?parent=2947"}],"wp:term":[{"taxonomy":"product_brand","embeddable":true,"href":"https:\/\/malinacosmetics.com\/sr\/wp-json\/wp\/v2\/product_brand?post=2947"},{"taxonomy":"product_cat","embeddable":true,"href":"https:\/\/malinacosmetics.com\/sr\/wp-json\/wp\/v2\/product_cat?post=2947"},{"taxonomy":"product_tag","embeddable":true,"href":"https:\/\/malinacosmetics.com\/sr\/wp-json\/wp\/v2\/product_tag?post=2947"}],"curies":[{"name":"wp","href":"https:\/\/api.w.org\/{rel}","templated":true}]}}