{"id":2468,"date":"2021-10-11T01:45:03","date_gmt":"2021-10-10T22:45:03","guid":{"rendered":"https:\/\/malinacosmetics.com\/?post_type=product&#038;p=2468"},"modified":"2026-01-18T21:14:33","modified_gmt":"2026-01-18T20:14:33","slug":"medi-peel-dr-apple-tox-pore-toner2","status":"publish","type":"product","link":"https:\/\/malinacosmetics.com\/sr\/\u043f\u0440\u043e\u0438\u0437\u0432\u043e\u0434\/medi-peel-dr-apple-tox-pore-toner2\/","title":{"rendered":"Medi-Peel Dr.Apple-Tox Pore Toner"},"content":{"rendered":"<p class=\"translation-block\">Piling tonik sa glikolnom kiselinom ne\u017eno regeneri\u0161e c\u0301elije ko\u017ee, \u010disti stratum corneum i vidljivo ujedna\u010dava tonus i reljef lica. Tonik ne\u017eno \u010disti i uklanja mrtve c\u0301elije ko\u017ee, ne\u010distoc\u0301e iz pora i osve\u017eava. Spre\u010dava stvaranje vi\u0161ka sebuma i smanjuje masno\u0107u ko\u017ee. Efikasno uklanja dehidraciju, odr\u017eava optimalnu hidro-lipidnu ravnote\u017eu, uklanja toksine i smanjuje upale. Poma\u017ee u uklanjanju ne\u017eeljene pigmentacije, zagla\u0111uje o\u017eiljke i tragove od akni. Proizvod dubinski \u010disti pore i uklanja mitesere, su\u0161i upalu, spre\u010dava pojavu akni i komedona. Ostavlja ko\u017eu glatkom, mekom i bar\u0161unastom, poma\u017ee u su\u017eavanju pora, vrac\u0301a \u010dvrstoc\u0301u i elasti\u010dnost i daje ujedna\u010den, zdrav sjaj. Poseban kompleks tanina i kompleks protiv sebuma P reguli\u0161u proizvodnju sebuma, su\u017eavaju pore i ujedna\u010davaju reljef ko\u017ee. Komponente Luisant Mela XD i Neurolight-61 deluju protiv bora i osvetljavaju ko\u017eu, dok Aquaxyl intenzivno hidrira i \u0161titi od gubitka vlage.<\/p>\n<p><span data-sheets-value=\"{&quot;1&quot;:2,&quot;2&quot;:&quot;\u041f\u0438\u043b\u0438\u043d\u0433-\u0442\u043e\u043d\u0435\u0440 \u0441 \u0444\u0435\u0440\u043c\u0435\u043d\u0442\u0438\u0440\u043e\u0432\u0430\u043d\u043d\u044b\u043c\u0438 \u044d\u043a\u0441\u0442\u0440\u0430\u043a\u0442\u0430\u043c\u0438.\\n\u0422\u043e\u043d\u0435\u0440 Medi-Peel Apple-Tox Pore Toner \u0441\u043e\u0434\u0435\u0440\u0436\u0438\u0442 91% \u043d\u0430\u0442\u0443\u0440\u0430\u043b\u044c\u043d\u044b\u0445 \u043a\u043e\u043c\u043f\u043e\u043d\u0435\u043d\u0442\u043e\u0432, \u0438\u043c\u0435\u0435\u0442 \u0441\u043b\u0430\u0431\u043e\u043a\u0438\u0441\u043b\u044b\u0439 pH 5.5, \u043c\u044f\u0433\u043a\u043e \u043e\u0442\u0448\u0435\u043b\u0443\u0448\u0438\u0432\u0430\u0435\u0442 \u043e\u0440\u043e\u0433\u043e\u0432\u0435\u0432\u0448\u0438\u0435 \u043a\u043b\u0435\u0442\u043a\u0438, \u0432\u044b\u0440\u0430\u0432\u043d\u0438\u0432\u0430\u0435\u0442 \u043c\u0438\u043a\u0440\u043e\u0440\u0435\u043b\u044c\u0435\u0444 \u0438 \u0442\u043e\u043d \u043a\u043e\u0436\u0438, \u0440\u0435\u0433\u0443\u043b\u0438\u0440\u0443\u0435\u0442 \u0432\u044b\u0440\u0430\u0431\u043e\u0442\u043a\u0443 \u0441\u0435\u0431\u0443\u043c\u0430, \u0441\u0443\u0436\u0430\u0435\u0442 \u043f\u043e\u0440\u044b, \u0442\u043e\u043d\u0438\u0437\u0438\u0440\u0443\u0435\u0442, \u043f\u043e\u0432\u044b\u0448\u0430\u0435\u0442 \u044d\u043b\u0430\u0441\u0442\u0438\u0447\u043d\u043e\u0441\u0442\u044c \u0438 \u0443\u043f\u0440\u0443\u0433\u043e\u0441\u0442\u044c. \u042d\u043a\u0441\u0442\u0440\u0430\u043a\u0442 \u044f\u0431\u043b\u043e\u043a\u0430 (20%) \u043e\u0431\u043b\u0430\u0434\u0430\u0435\u0442 \u0430\u043d\u0442\u0438\u043e\u043a\u0441\u0438\u0434\u0430\u043d\u0442\u043d\u044b\u043c\u0438 \u0438 \u0442\u043e\u043d\u0438\u0437\u0438\u0440\u0443\u044e\u0449\u0438\u043c\u0438 \u0441\u0432\u043e\u0439\u0441\u0442\u0432\u0430\u043c\u0438, \u044d\u0444\u0444\u0435\u043a\u0442\u0438\u0432\u043d\u043e \u0432\u043e\u0441\u0441\u0442\u0430\u043d\u0430\u0432\u043b\u0438\u0432\u0430\u0435\u0442 \u0443\u043f\u0440\u0443\u0433\u043e\u0441\u0442\u044c \u0438 \u044d\u043b\u0430\u0441\u0442\u0438\u0447\u043d\u043e\u0441\u0442\u044c \u043a\u043e\u0436\u0438, \u0443\u043a\u0440\u0435\u043f\u043b\u044f\u0435\u0442 \u0441\u0442\u0435\u043d\u043a\u0443 \u043a\u0440\u043e\u0432\u0435\u043d\u043e\u0441\u043d\u044b\u0445 \u0441\u043e\u0441\u0443\u0434\u043e\u0432, \u0441\u043e\u0445\u0440\u0430\u043d\u044f\u0435\u0442 \u043c\u043e\u043b\u043e\u0434\u043e\u0441\u0442\u044c \u0438 \u043a\u0440\u0430\u0441\u043e\u0442\u0443 \u0437\u0434\u043e\u0440\u043e\u0432\u043e\u0439 \u043a\u043e\u0436\u0438. \u0424\u0440\u0443\u043a\u0442\u043e\u0432\u044b\u0435 (\u0410\u041d\u0410) \u043a\u0438\u0441\u043b\u043e\u0442\u044b \u043e\u0431\u043b\u0430\u0434\u0430\u044e\u0442 \u0443\u043d\u0438\u043a\u0430\u043b\u044c\u043d\u043e\u0439 \u0441\u043f\u043e\u0441\u043e\u0431\u043d\u043e\u0441\u0442\u044c\u044e \u0434\u0435\u0439\u0441\u0442\u0432\u043e\u0432\u0430\u0442\u044c \u043d\u0430 \u043a\u043b\u0435\u0442\u043e\u0447\u043d\u043e\u043c \u0443\u0440\u043e\u0432\u043d\u0435 \u0438 \u0441\u0440\u0430\u0437\u0443 \u0432 \u043d\u0435\u0441\u043a\u043e\u043b\u044c\u043a\u0438\u0445 \u043d\u0430\u043f\u0440\u0430\u0432\u043b\u0435\u043d\u0438\u044f\u0445: \u043e\u0442\u0448\u0435\u043b\u0443\u0448\u0438\u0432\u0430\u044e\u0442 \u043e\u0440\u043e\u0433\u043e\u0432\u0435\u0432\u0448\u0438\u0439 \u0441\u043b\u043e\u0439 \u044d\u043f\u0438\u0434\u0435\u0440\u043c\u0438\u0441\u0430, \u043e\u043c\u043e\u043b\u0430\u0436\u0438\u0432\u0430\u044e\u0442 \u0437\u0430 \u0441\u0447\u0435\u0442 \u0441\u0442\u0438\u043c\u0443\u043b\u044f\u0446\u0438\u0438 \u0444\u0438\u0431\u0440\u043e\u0431\u043b\u0430\u0441\u0442\u043e\u0432 (\u0430\u043a\u0442\u0438\u0432\u0438\u0437\u0438\u0440\u0443\u044e\u0442 \u0432\u044b\u0440\u0430\u0431\u043e\u0442\u043a\u0443 \u043a\u043e\u043b\u043b\u0430\u0433\u0435\u043d\u0430, \u044d\u043b\u0430\u0441\u0442\u0438\u043d\u0430 \u0438 \u0433\u0438\u0430\u043b\u0443\u0440\u043e\u043d\u043e\u0432\u043e\u0439 \u043a\u0438\u0441\u043b\u043e\u0442\u044b), \u0437\u0430\u043f\u0443\u0441\u043a\u0430\u044e\u0442 \u0440\u0435\u0433\u0435\u043d\u0435\u0440\u0430\u0446\u0438\u044e \u043a\u043b\u0435\u0442\u043e\u043a, \u043d\u043e\u0440\u043c\u0430\u043b\u0438\u0437\u0443\u044e\u0442 \u0432\u043e\u0434\u043d\u044b\u0439 \u0438 \u043b\u0438\u043f\u0438\u0434\u043d\u044b\u0439 \u0431\u0430\u043b\u0430\u043d\u0441. \u041a\u043e\u043c\u043f\u043b\u0435\u043a\u0441 \u043d\u0435\u0437\u0440\u0435\u043b\u043e\u0433\u043e \u043c\u0430\u043d\u0434\u0430\u0440\u0438\u043d\u0430 \u0438 \u043d\u0435\u0437\u0440\u0435\u043b\u043e\u0433\u043e \u044f\u0431\u043b\u043e\u043a\u0430 \u0441\u043e\u0434\u0435\u0440\u0436\u0438\u0442 \u0432 \u0441\u0432\u043e\u0435\u043c \u0441\u043e\u0441\u0442\u0430\u0432\u0435 \u0432 32 \u0440\u0430\u0437\u0430 \u0431\u043e\u043b\u044c\u0448\u0435 \u043f\u043e\u043b\u0438\u0444\u0438\u043d\u043e\u043b\u043e\u0432, \u0432 \u0441\u0440\u0430\u0432\u043d\u0435\u043d\u0438\u0435 \u0441 \u043f\u043e\u043b\u043d\u043e\u0441\u0442\u044c\u044e \u0441\u043e\u0437\u0440\u0435\u0432\u0448\u0438\u043c\u0438 \u0444\u0440\u0443\u043a\u0442\u0430\u043c\u0438. \u041f\u043e\u043b\u0438\u0444\u0438\u043d\u043e\u043b\u044b, \u0432 \u0441\u0432\u043e\u044e \u043e\u0447\u0435\u0440\u0435\u0434\u044c, \u043c\u043e\u0449\u043d\u044b\u0435 \u0430\u043d\u0442\u0438\u043e\u043a\u0441\u0438\u0434\u0430\u043d\u0442\u044b, \u043a\u043e\u0442\u043e\u0440\u044b\u0435 \u0437\u0430\u0449\u0438\u0449\u0430\u044e\u0442 \u043a\u043b\u0435\u0442\u043a\u0438 \u043a\u043e\u0436\u0438 \u043e\u0442 \u0441\u0442\u0430\u0440\u0435\u043d\u0438\u044f \u0438 \u0440\u0430\u0437\u0440\u0443\u0448\u0435\u043d\u0438\u044f, \u0442\u0435\u043c \u0441\u0430\u043c\u044b\u043c \u043f\u0440\u043e\u0434\u043b\u0435\u0432\u0430\u044f \u043c\u043e\u043b\u043e\u0434\u043e\u0441\u0442\u044c \u043a\u043e\u0436\u0438 \u043b\u0438\u0446\u0430. \u0421\u043f\u043e\u0441\u043e\u0431\u0441\u0442\u0432\u0443\u044e\u0442 \u0437\u0430\u0436\u0438\u0432\u043b\u0435\u043d\u0438\u044e, \u0441\u043d\u044f\u0442\u0438\u044e \u0440\u0430\u0437\u0434\u0440\u0430\u0436\u0435\u043d\u0438\u0439 \u0438 \u0432\u043e\u0441\u043f\u0430\u043b\u0435\u043d\u0438\u0439.\\n\u0422\u043e\u043d\u0435\u0440 \u0441\u043e\u0434\u0435\u0440\u0436\u0438\u0442 6 \u0437\u0430\u043f\u0430\u0442\u0435\u043d\u0442\u043e\u0432\u0430\u043d\u043d\u044b\u0445 \u043a\u043e\u043c\u043f\u043b\u0435\u043a\u0441\u043e\u0432:\\nAnti-Sebum P \u0438 Tanin Complex - \u043e\u0441\u043d\u043e\u0432\u0430\u043d\u044b \u043d\u0430 \u0440\u0430\u0441\u0442\u0438\u0442\u0435\u043b\u044c\u043d\u044b\u0445 \u044d\u043a\u0441\u0442\u0440\u0430\u043a\u0442\u0430\u0445, \u0438 \u043d\u0430\u043f\u0440\u0430\u0432\u043b\u0435\u043d\u044b \u043d\u0430 \u0441\u0443\u0436\u0435\u043d\u0438\u0435 \u043f\u043e\u0440, \u0440\u0435\u0433\u0443\u043b\u044f\u0446\u0438\u044e \u0440\u0430\u0431\u043e\u0442\u044b \u0441\u0430\u043b\u044c\u043d\u044b\u0445 \u0436\u0435\u043b\u0435\u0437, \u0441\u043f\u043e\u0441\u043e\u0431\u0441\u0442\u0432\u0443\u0435\u0442 \u0443\u043b\u0443\u0447\u0448\u0435\u043d\u0438\u044e \u0441\u0442\u0440\u0443\u043a\u0442\u0443\u0440\u044b \u043a\u043e\u0436\u0438;\\nLuisant Mela XD \u043e\u043c\u043e\u043b\u0430\u0436\u0438\u0432\u0430\u0435\u0442, \u0443\u043c\u0435\u043d\u044c\u0448\u0430\u0435\u0442 \u0441\u0438\u043d\u0442\u0435\u0437 \u043c\u0435\u043b\u0430\u043d\u0438\u043d\u0430, \u043e\u0441\u0432\u0435\u0442\u043b\u044f\u0435\u0442 \u043f\u0438\u0433\u043c\u0435\u043d\u0442\u0430\u0446\u0438\u044e;\\nOriental Beauty Fruits Newplex (OBFN) \u043e\u0431\u043b\u0430\u0434\u0430\u0435\u0442 \u0441\u0438\u043b\u044c\u043d\u044b\u043c \u0430\u043d\u0442\u0438\u043e\u043a\u0441\u0438\u0434\u0430\u043d\u0442\u043d\u044b\u043c \u0434\u0435\u0439\u0441\u0442\u0432\u0438\u0435\u043c, \u043f\u0440\u0435\u0434\u043e\u0442\u0432\u0440\u0430\u0449\u0430\u0435\u0442 \u043f\u043e\u0442\u0435\u0440\u044e \u0443\u043f\u0440\u0443\u0433\u043e\u0441\u0442\u0438, \u0432\u044b\u0432\u043e\u0434\u0438\u0442 \u0441\u0432\u043e\u0431\u043e\u0434\u043d\u044b\u0435 \u0440\u0430\u0434\u0438\u043a\u0430\u043b\u044b, \u0443\u043c\u0435\u043d\u044c\u0448\u0430\u0435\u0442 \u043e\u0431\u0440\u0430\u0437\u043e\u0432\u0430\u043d\u0438\u0435 \u043c\u043e\u0440\u0449\u0438\u043d, \u0432\u044b\u0440\u0430\u0432\u043d\u0438\u0432\u0430\u0435\u0442 \u0442\u043e\u043d;\\nNeurolight-61- \u0438\u043d\u043d\u043e\u0432\u0430\u0446\u0438\u043e\u043d\u043d\u044b\u0439 \u043d\u0435\u0439\u0440\u043e-\u0430\u043a\u0442\u0438\u0432, \u043a\u043e\u0442\u043e\u0440\u044b\u0439 \u0437\u043d\u0430\u0447\u0438\u0442\u0435\u043b\u044c\u043d\u043e \u043e\u0441\u0432\u0435\u0442\u043b\u044f\u0435\u0442 \u0438 \u0441\u043e\u043a\u0440\u0430\u0449\u0430\u0435\u0442 \u043f\u0438\u0433\u043c\u0435\u043d\u0442\u0430\u0446\u0438\u0438 (\u043f\u043e\u0434\u0430\u0432\u043b\u044f\u0435\u0442 \u0432\u044b\u0440\u0430\u0431\u043e\u0442\u043a\u0443 \u043c\u0435\u043b\u0430\u043d\u0438\u043d\u0430 \u0432 \u0441\u0430\u043c\u043e\u0439 \u043a\u043b\u0435\u0442\u043a\u0435);\\nAquaxyl (\u0441\u043e\u0447\u0435\u0442\u0430\u0435\u0442 \u0432 \u0441\u0435\u0431\u0435 \u0433\u043b\u044e\u043a\u043e\u0437\u0443 \u0438 \u043a\u0441\u0438\u043b\u0438\u0442) - \u044d\u0444\u0444\u0435\u043a\u0442\u0438\u0432\u043d\u043e \u0432\u043e\u0441\u0441\u0442\u0430\u043d\u0430\u0432\u043b\u0438\u0432\u0430\u044e\u0442 \u0432\u043e\u0434\u043d\u044b\u0439 \u0431\u0430\u043b\u0430\u043d\u0441 \u043a\u043e\u0436\u0438, \u0443\u0441\u0442\u0440\u0430\u043d\u044f\u0435\u0442 \u0448\u0435\u043b\u0443\u0448\u0435\u043d\u0438\u044f, \u0442\u043e\u043d\u0438\u0437\u0438\u0440\u0443\u0435\u0442 \u0438 \u043f\u043e\u0432\u044b\u0448\u0430\u0435\u0442 \u0443\u043f\u0440\u0443\u0433\u043e\u0441\u0442\u044c.\\n\u041a\u043e\u043c\u043f\u043b\u0435\u043a\u0441 \u0444\u0438\u043b\u044c\u0442\u0440\u0430\u0442\u043e\u0432 \u043b\u0430\u043a\u0442\u043e\u0431\u0430\u0446\u0438\u043b\u043b (\u0433\u0440\u0443\u0448\u0438, \u0441\u043e\u0438, \u0433\u0440\u0430\u043d\u0430\u0442\u0430, \u0441\u0430\u0445\u0430\u0440\u043e\u043c\u0438\u0446\u0435\u0442\u043e\u0432 \u044f\u0447\u043c\u0435\u043d\u044f) \u043e\u043a\u0430\u0437\u044b\u0432\u0430\u0435\u0442 \u0432\u044b\u0440\u0430\u0436\u0435\u043d\u043d\u043e\u0435 \u043e\u043c\u043e\u043b\u0430\u0436\u0438\u0432\u0430\u044e\u0449\u0435\u0435 \u0434\u0435\u0439\u0441\u0442\u0432\u0438\u0435, \u043d\u043e\u0440\u043c\u0430\u043b\u0438\u0437\u0443\u0435\u0442 \u0435\u0441\u0442\u0435\u0441\u0442\u0432\u0435\u043d\u043d\u044b\u0439 \u0431\u0430\u043b\u0430\u043d\u0441 \u043a\u043e\u0436\u0438, \u0432\u043e\u0441\u0441\u0442\u0430\u043d\u0430\u0432\u043b\u0438\u0432\u0430\u0435\u0442 \u043c\u0438\u043a\u0440\u043e\u0431\u0438\u043e\u043c, \u0443\u043b\u0443\u0447\u0448\u0430\u0435\u0442 \u043c\u0438\u043a\u0440\u043e\u0446\u0438\u0440\u043a\u0443\u043b\u044f\u0446\u0438\u044e, \u0442\u043e\u043d\u0438\u0437\u0438\u0440\u0443\u0435\u0442 \u0438 \u0443\u0432\u043b\u0430\u0436\u043d\u044f\u0435\u0442.\\n\u041f\u0440\u0438\u043c\u0435\u043d\u0435\u043d\u0438\u0435: \u041d\u0430\u043d\u0435\u0441\u0442\u0438 \u043d\u0435\u0431\u043e\u043b\u044c\u0448\u043e\u0435 \u043a\u043e\u043b\u0438\u0447\u0435\u0441\u0442\u0432\u043e \u0442\u043e\u043d\u0435\u0440\u0430 \u043d\u0430 \u0432\u0430\u0442\u043d\u044b\u0439 \u0434\u0438\u0441\u043a, \u043f\u0440\u043e\u0442\u0435\u0440\u0435\u0442\u044c \u043a\u043e\u0436\u0443 \u043b\u0438\u0446\u0430.&quot;}\" data-sheets-userformat=\"{&quot;2&quot;:15037,&quot;3&quot;:{&quot;1&quot;:0},&quot;5&quot;:{&quot;1&quot;:[{&quot;1&quot;:2,&quot;2&quot;:0,&quot;5&quot;:{&quot;1&quot;:2,&quot;2&quot;:0}},{&quot;1&quot;:0,&quot;2&quot;:0,&quot;3&quot;:3},{&quot;1&quot;:1,&quot;2&quot;:0,&quot;4&quot;:1}]},&quot;6&quot;:{&quot;1&quot;:[{&quot;1&quot;:2,&quot;2&quot;:0,&quot;5&quot;:{&quot;1&quot;:2,&quot;2&quot;:0}},{&quot;1&quot;:0,&quot;2&quot;:0,&quot;3&quot;:3},{&quot;1&quot;:1,&quot;2&quot;:0,&quot;4&quot;:1}]},&quot;7&quot;:{&quot;1&quot;:[{&quot;1&quot;:2,&quot;2&quot;:0,&quot;5&quot;:{&quot;1&quot;:2,&quot;2&quot;:0}},{&quot;1&quot;:0,&quot;2&quot;:0,&quot;3&quot;:3},{&quot;1&quot;:1,&quot;2&quot;:0,&quot;4&quot;:1}]},&quot;8&quot;:{&quot;1&quot;:[{&quot;1&quot;:2,&quot;2&quot;:0,&quot;5&quot;:{&quot;1&quot;:2,&quot;2&quot;:0}},{&quot;1&quot;:0,&quot;2&quot;:0,&quot;3&quot;:3},{&quot;1&quot;:1,&quot;2&quot;:0,&quot;4&quot;:1}]},&quot;10&quot;:1,&quot;12&quot;:0,&quot;14&quot;:{&quot;1&quot;:2,&quot;2&quot;:16711680},&quot;15&quot;:&quot;Calibri&quot;,&quot;16&quot;:9}\"><strong><br>Na\u010din upotrebe:<\/strong> Nanesite malu koli\u010dinu tonera na vatu i obrisati lice.<\/span><\/p>\n<hr \/>\n<p><em>Ingredients: Purified water, apple extract (20%), propanediol, glycerin, niacinamide, 1,2-hexanediol, glycereth-26, butylene glycol, panthenol, xylitol glucoside, anhydroxylitol, sodium hyaluronate, xylitol, carbonated water, grape extract, melon extract, watermelon extract, aloe vera extract, cucumber extract, kiwi extract, plum extract, kakadu plum extract, persimmon leaf extract, safflower extract, coffee bean extract, Green tea extract, chestnut bark extract, sancho leaf extract, mandarin orange peel extract, fig extract, mulberry fruit extract, pomegranate extract, ginkgo extract, neem leaf extract, evening primrose extract, elm root extract, king pine leaf extract, arrowroot extract, Mugwort extract, Comfrey leaf extract, Lycopodium extract, Horsetail extract, Yellow Chaste weed extract, Seedaceae dill extract, Port marigold flower extract, Lactobacillus\/Pomegranate fermented extract, Lactobacillus\/Fermented soybean extract Yeast\/barley seed fermentation filtrate, star anise extract, adenosine, polyglyceryl-10 laurate, polyglyceryl-4 laurate, beta-glucan, apanoteke sacrum exopolysaccharide, caprylyl\/capryl Glucoside, Disodium EDTA, Pentylene Glycol, Caprylyl Glycol, EthylhexylGlycerin, Yellow No. 4, Blue No. 1, Fragrance<\/em><\/p>","protected":false},"excerpt":{"rendered":"<p>Piling tonik sa glikolnom kiselinom. 500ml<\/p>","protected":false},"featured_media":2469,"template":"","meta":{"_acf_changed":false},"product_brand":[],"product_cat":[458,461,224,349,86,438,440,442,290,435,73,464,296],"product_tag":[],"class_list":{"0":"post-2468","1":"product","2":"type-product","3":"status-publish","4":"has-post-thumbnail","6":"product_cat-pigmentation","7":"product_cat-pore","8":"product_cat-antiage","9":"product_cat-brightening","10":"product_cat-moisturizing","11":"product_cat-oilyskin","12":"product_cat-combinationskin","13":"product_cat-problematicskin","14":"product_cat-toning","15":"product_cat-toner","16":"product_cat-peeling","17":"product_cat-peelingtoner","18":"product_cat-medi-peel","20":"first","21":"instock","22":"shipping-taxable","23":"purchasable","24":"product-type-simple"},"acf":[],"yoast_head":"<!-- This site is optimized with the Yoast SEO Premium plugin v19.6 (Yoast SEO v20.11) - https:\/\/yoast.com\/wordpress\/plugins\/seo\/ -->\n<title>Medi-Peel Dr.Apple-Tox Pore Toner - Malina Beauty Store<\/title>\n<meta name=\"robots\" content=\"index, follow, max-snippet:-1, max-image-preview:large, max-video-preview:-1\" \/>\n<link rel=\"canonical\" href=\"https:\/\/malinacosmetics.com\/sr\/\u043f\u0440\u043e\u0438\u0437\u0432\u043e\u0434\/medi-peel-dr-apple-tox-pore-toner2\/\" \/>\n<meta property=\"og:locale\" content=\"sr_RS\" \/>\n<meta property=\"og:type\" content=\"article\" \/>\n<meta property=\"og:title\" content=\"Medi-Peel Dr.Apple-Tox Pore Toner\" \/>\n<meta property=\"og:description\" content=\"\u041f\u0438\u043b\u0438\u043d\u0433-\u0442\u043e\u043d\u0435\u0440 \u0441 AHA-\u043a\u0438\u0441\u043b\u043e\u0442\u0430\u043c\u0438. 500ml\" \/>\n<meta property=\"og:url\" content=\"https:\/\/malinacosmetics.com\/sr\/\u043f\u0440\u043e\u0438\u0437\u0432\u043e\u0434\/medi-peel-dr-apple-tox-pore-toner2\/\" \/>\n<meta property=\"og:site_name\" content=\"Malina Beauty Store\" \/>\n<meta property=\"article:publisher\" content=\"https:\/\/www.facebook.com\/MalinaBeautyShopMe\/\" \/>\n<meta property=\"article:modified_time\" content=\"2026-01-18T20:14:33+00:00\" \/>\n<meta property=\"og:image\" content=\"https:\/\/malinacosmetics.com\/wp-content\/uploads\/2021\/10\/MEDI-PEEL-dr-apple-tox-pore-toner.jpg\" \/>\n\t<meta property=\"og:image:width\" content=\"1200\" \/>\n\t<meta property=\"og:image:height\" content=\"1200\" \/>\n\t<meta property=\"og:image:type\" content=\"image\/jpeg\" \/>\n<meta name=\"twitter:card\" content=\"summary_large_image\" \/>\n<script type=\"application\/ld+json\" class=\"yoast-schema-graph\">{\"@context\":\"https:\/\/schema.org\",\"@graph\":[{\"@type\":[\"WebPage\",\"ItemPage\"],\"@id\":\"https:\/\/malinacosmetics.com\/product\/medi-peel-dr-apple-tox-pore-toner2\/\",\"url\":\"https:\/\/malinacosmetics.com\/product\/medi-peel-dr-apple-tox-pore-toner2\/\",\"name\":\"Medi-Peel Dr.Apple-Tox Pore Toner - Malina Beauty Store\",\"isPartOf\":{\"@id\":\"https:\/\/malinacosmetics.com\/#website\"},\"datePublished\":\"2021-10-10T22:45:03+00:00\",\"dateModified\":\"2026-01-18T20:14:33+00:00\",\"breadcrumb\":{\"@id\":\"https:\/\/malinacosmetics.com\/product\/medi-peel-dr-apple-tox-pore-toner2\/#breadcrumb\"},\"inLanguage\":\"sr-RS\",\"potentialAction\":[{\"@type\":\"ReadAction\",\"target\":[\"https:\/\/malinacosmetics.com\/product\/medi-peel-dr-apple-tox-pore-toner2\/\"]}]},{\"@type\":\"BreadcrumbList\",\"@id\":\"https:\/\/malinacosmetics.com\/product\/medi-peel-dr-apple-tox-pore-toner2\/#breadcrumb\",\"itemListElement\":[{\"@type\":\"ListItem\",\"position\":1,\"name\":\"\u0413\u043b\u0430\u0432\u043d\u0430\u044f \u0441\u0442\u0440\u0430\u043d\u0438\u0446\u0430\",\"item\":\"https:\/\/malinacosmetics.com\/\"},{\"@type\":\"ListItem\",\"position\":2,\"name\":\"\u041a\u0430\u0442\u0430\u043b\u043e\u0433\",\"item\":\"https:\/\/malinacosmetics.com\/sr\/shop\/\"},{\"@type\":\"ListItem\",\"position\":3,\"name\":\"Medi-Peel Dr.Apple-Tox Pore Toner\"}]},{\"@type\":\"WebSite\",\"@id\":\"https:\/\/malinacosmetics.com\/#website\",\"url\":\"https:\/\/malinacosmetics.com\/\",\"name\":\"Malina Beauty Store\",\"description\":\"Prodaja korejske kozmetike za Crnu Goru\",\"publisher\":{\"@id\":\"https:\/\/malinacosmetics.com\/#organization\"},\"potentialAction\":[{\"@type\":\"SearchAction\",\"target\":{\"@type\":\"EntryPoint\",\"urlTemplate\":\"https:\/\/malinacosmetics.com\/?s={search_term_string}\"},\"query-input\":\"required name=search_term_string\"}],\"inLanguage\":\"sr-RS\"},{\"@type\":\"Organization\",\"@id\":\"https:\/\/malinacosmetics.com\/#organization\",\"name\":\"malinacosmetics\",\"url\":\"https:\/\/malinacosmetics.com\/\",\"logo\":{\"@type\":\"ImageObject\",\"inLanguage\":\"sr-RS\",\"@id\":\"https:\/\/malinacosmetics.com\/#\/schema\/logo\/image\/\",\"url\":\"https:\/\/malinacosmetics.com\/wp-content\/uploads\/2021\/07\/logo.png\",\"contentUrl\":\"https:\/\/malinacosmetics.com\/wp-content\/uploads\/2021\/07\/logo.png\",\"width\":500,\"height\":353,\"caption\":\"malinacosmetics\"},\"image\":{\"@id\":\"https:\/\/malinacosmetics.com\/#\/schema\/logo\/image\/\"},\"sameAs\":[\"https:\/\/www.facebook.com\/MalinaBeautyShopMe\/\"]}]}<\/script>\n<meta property=\"product:brand\" content=\"simple\" \/>\n<meta property=\"product:price:amount\" content=\"35.00\" \/>\n<meta property=\"product:price:currency\" content=\"EUR\" \/>\n<meta property=\"og:availability\" content=\"instock\" \/>\n<meta property=\"product:availability\" content=\"instock\" \/>\n<meta property=\"product:condition\" content=\"new\" \/>\n<!-- \/ Yoast SEO Premium plugin. -->","yoast_head_json":{"title":"Medi-Peel Dr.Apple-Tox Pore Toner - Malina Beauty Store","robots":{"index":"index","follow":"follow","max-snippet":"max-snippet:-1","max-image-preview":"max-image-preview:large","max-video-preview":"max-video-preview:-1"},"canonical":"https:\/\/malinacosmetics.com\/sr\/\u043f\u0440\u043e\u0438\u0437\u0432\u043e\u0434\/medi-peel-dr-apple-tox-pore-toner2\/","og_locale":"sr_RS","og_type":"article","og_title":"Medi-Peel Dr.Apple-Tox Pore Toner","og_description":"\u041f\u0438\u043b\u0438\u043d\u0433-\u0442\u043e\u043d\u0435\u0440 \u0441 AHA-\u043a\u0438\u0441\u043b\u043e\u0442\u0430\u043c\u0438. 500ml","og_url":"https:\/\/malinacosmetics.com\/sr\/\u043f\u0440\u043e\u0438\u0437\u0432\u043e\u0434\/medi-peel-dr-apple-tox-pore-toner2\/","og_site_name":"Malina Beauty Store","article_publisher":"https:\/\/www.facebook.com\/MalinaBeautyShopMe\/","article_modified_time":"2026-01-18T20:14:33+00:00","og_image":[{"width":1200,"height":1200,"url":"https:\/\/malinacosmetics.com\/wp-content\/uploads\/2021\/10\/MEDI-PEEL-dr-apple-tox-pore-toner.jpg","type":"image\/jpeg"}],"twitter_card":"summary_large_image","schema":{"@context":"https:\/\/schema.org","@graph":[{"@type":["WebPage","ItemPage"],"@id":"https:\/\/malinacosmetics.com\/product\/medi-peel-dr-apple-tox-pore-toner2\/","url":"https:\/\/malinacosmetics.com\/product\/medi-peel-dr-apple-tox-pore-toner2\/","name":"Medi-Peel Dr.Apple-Tox Pore Toner - Malina Beauty Store","isPartOf":{"@id":"https:\/\/malinacosmetics.com\/#website"},"datePublished":"2021-10-10T22:45:03+00:00","dateModified":"2026-01-18T20:14:33+00:00","breadcrumb":{"@id":"https:\/\/malinacosmetics.com\/product\/medi-peel-dr-apple-tox-pore-toner2\/#breadcrumb"},"inLanguage":"sr-RS","potentialAction":[{"@type":"ReadAction","target":["https:\/\/malinacosmetics.com\/product\/medi-peel-dr-apple-tox-pore-toner2\/"]}]},{"@type":"BreadcrumbList","@id":"https:\/\/malinacosmetics.com\/product\/medi-peel-dr-apple-tox-pore-toner2\/#breadcrumb","itemListElement":[{"@type":"ListItem","position":1,"name":"\u0413\u043b\u0430\u0432\u043d\u0430\u044f \u0441\u0442\u0440\u0430\u043d\u0438\u0446\u0430","item":"https:\/\/malinacosmetics.com\/"},{"@type":"ListItem","position":2,"name":"\u041a\u0430\u0442\u0430\u043b\u043e\u0433","item":"https:\/\/malinacosmetics.com\/sr\/shop\/"},{"@type":"ListItem","position":3,"name":"Medi-Peel Dr.Apple-Tox Pore Toner"}]},{"@type":"WebSite","@id":"https:\/\/malinacosmetics.com\/#website","url":"https:\/\/malinacosmetics.com\/","name":"Malina Beauty Store","description":"Prodaja korejske kozmetike za Crnu Goru","publisher":{"@id":"https:\/\/malinacosmetics.com\/#organization"},"potentialAction":[{"@type":"SearchAction","target":{"@type":"EntryPoint","urlTemplate":"https:\/\/malinacosmetics.com\/?s={search_term_string}"},"query-input":"required name=search_term_string"}],"inLanguage":"sr-RS"},{"@type":"Organization","@id":"https:\/\/malinacosmetics.com\/#organization","name":"malinacosmetics","url":"https:\/\/malinacosmetics.com\/","logo":{"@type":"ImageObject","inLanguage":"sr-RS","@id":"https:\/\/malinacosmetics.com\/#\/schema\/logo\/image\/","url":"https:\/\/malinacosmetics.com\/wp-content\/uploads\/2021\/07\/logo.png","contentUrl":"https:\/\/malinacosmetics.com\/wp-content\/uploads\/2021\/07\/logo.png","width":500,"height":353,"caption":"malinacosmetics"},"image":{"@id":"https:\/\/malinacosmetics.com\/#\/schema\/logo\/image\/"},"sameAs":["https:\/\/www.facebook.com\/MalinaBeautyShopMe\/"]}]},"product_brand":"simple","product_price_amount":"35.00","product_price_currency":"EUR","og_availability":"instock","product_availability":"instock","product_condition":"new"},"jetpack_sharing_enabled":true,"_links":{"self":[{"href":"https:\/\/malinacosmetics.com\/sr\/wp-json\/wp\/v2\/product\/2468","targetHints":{"allow":["GET"]}}],"collection":[{"href":"https:\/\/malinacosmetics.com\/sr\/wp-json\/wp\/v2\/product"}],"about":[{"href":"https:\/\/malinacosmetics.com\/sr\/wp-json\/wp\/v2\/types\/product"}],"wp:featuredmedia":[{"embeddable":true,"href":"https:\/\/malinacosmetics.com\/sr\/wp-json\/wp\/v2\/media\/2469"}],"wp:attachment":[{"href":"https:\/\/malinacosmetics.com\/sr\/wp-json\/wp\/v2\/media?parent=2468"}],"wp:term":[{"taxonomy":"product_brand","embeddable":true,"href":"https:\/\/malinacosmetics.com\/sr\/wp-json\/wp\/v2\/product_brand?post=2468"},{"taxonomy":"product_cat","embeddable":true,"href":"https:\/\/malinacosmetics.com\/sr\/wp-json\/wp\/v2\/product_cat?post=2468"},{"taxonomy":"product_tag","embeddable":true,"href":"https:\/\/malinacosmetics.com\/sr\/wp-json\/wp\/v2\/product_tag?post=2468"}],"curies":[{"name":"wp","href":"https:\/\/api.w.org\/{rel}","templated":true}]}}