{"id":2459,"date":"2021-10-11T01:32:09","date_gmt":"2021-10-10T22:32:09","guid":{"rendered":"https:\/\/malinacosmetics.com\/?post_type=product&#038;p=2459"},"modified":"2025-06-14T17:41:09","modified_gmt":"2025-06-14T15:41:09","slug":"medi-peel-lif-tox-ampoule1","status":"publish","type":"product","link":"https:\/\/malinacosmetics.com\/sr\/\u043f\u0440\u043e\u0438\u0437\u0432\u043e\u0434\/medi-peel-lif-tox-ampoule1\/","title":{"rendered":"Medi-Peel Lif-Tox ampoule"},"content":{"rendered":"<p class=\"translation-block\">Lifting - ampula sa zlatom i propolisom pove\u0107ava elasti\u010dnost i gusto\u0107u ko\u017ee, zagla\u0111uje bore i \u010dini konture lica izra\u017eenijim. Uklanja opu\u0161tenost i pobolj\u0161ava teksturu ko\u017ee, odr\u017eava optimalan nivo vlage, dubinski hidrira, elimini\u0161e dehidraciju i stimuli\u0161e procese regeneracije i obnove.  Ja\u010da za\u0161titnu funkciju, neutrali\u0161e agresivno delovanje slobodnih radikala i usporava proces starenja. Uklanja fleke, pobolj\u0161ava i ujedna\u010dava ten lica. Ampula ima teksturu gela sa zlatnim \u010desticama, brzo se upija uklanjaju\u0107i zatezanje i suvo\u0107u. Zahvaljuju\u0107i prikladnom aplikatoru, nano\u0161enje preparata je olak\u0161ano. Zlato ubrzava procese regeneracije ko\u017ee, pospe\u0161uje brzo zagla\u0111ivanje bora, \u010dine\u0107i ko\u017eu elasti\u010dnom, sjajnom i zdravom.  Propolis ima sna\u017ena antibakterijska svojstva koja poma\u017eu u sprje\u010davanju upale. Vra\u0107a hidro-lipidnu ravnote\u017eu ko\u017ee, ja\u010da za\u0161titnu funkciju i \u0161titi je od \u0161tetnih uticaja spoljnih faktora. Uklanja suvu i perutavu ko\u017eu, hrani i omek\u0161ava. Hidrolizirani kolagen obnavlja strukturu epidermisa iznutra, ja\u010da \u010delije i pobolj\u0161ava metabolizam proteina. Podr\u017eava matricu ko\u017ee, zagla\u0111uje bore i nabore. Hidrolizirani elastin pove\u0107ava elasti\u010dnost i glatko\u0107u ko\u017ee, ujedna\u010dava reljef lica. Ve\u017ee vlagu u epidermisu i spre\u010dava njeno isparavanje. Beta-glukan ubla\u017eava upalu, uklanja crvenilo, suvo\u0107u i peckanje. Smanjuje vidljivost bora i nabora na ko\u017ei, zagla\u0111uje mikroreljef.<\/p>\n<p><span data-sheets-value=\"{&quot;1&quot;:2,&quot;2&quot;:&quot;\u041b\u0438\u0444\u0442\u0438\u043d\u0433-\u0430\u043c\u043f\u0443\u043b\u0430 \u0441 \u0437\u043e\u043b\u043e\u0442\u043e\u043c \u0438 \u043f\u0440\u043e\u043f\u043e\u043b\u0438\u0441\u043e\u043c.\\r\\n\u041b\u0438\u0444\u0442\u0438\u043d\u0433-\u0430\u043c\u043f\u0443\u043b\u0430 \u0441 \u0437\u043e\u043b\u043e\u0442\u043e\u043c \u0438 \u043f\u0440\u043e\u043f\u043e\u043b\u0438\u0441\u043e\u043c Medi-Peel Lif-Tox Ampoule \u043f\u043e\u0432\u044b\u0448\u0430\u0435\u0442 \u0443\u043f\u0440\u0443\u0433\u043e\u0441\u0442\u044c \u0438 \u043f\u043b\u043e\u0442\u043d\u043e\u0441\u0442\u044c \u043a\u043e\u0436\u0438, \u0440\u0430\u0437\u0433\u043b\u0430\u0436\u0438\u0432\u0430\u0435\u0442 \u043c\u043e\u0440\u0449\u0438\u043d\u044b \u0438 \u0434\u0435\u043b\u0430\u0435\u0442 \u043a\u043e\u043d\u0442\u0443\u0440\u044b \u043b\u0438\u0446\u0430 \u0431\u043e\u043b\u0435\u0435 \u0432\u044b\u0440\u0430\u0436\u0435\u043d\u043d\u044b\u043c\u0438. \u0423\u0441\u0442\u0440\u0430\u043d\u044f\u0435\u0442 \u0434\u0440\u044f\u0431\u043b\u043e\u0441\u0442\u044c \u0438 \u0443\u043b\u0443\u0447\u0448\u0430\u0435\u0442 \u0442\u0435\u043a\u0441\u0442\u0443\u0440\u0443 \u043a\u043e\u0436\u0438, \u043f\u043e\u0434\u0434\u0435\u0440\u0436\u0438\u0432\u0430\u0435\u0442 \u043e\u043f\u0442\u0438\u043c\u0430\u043b\u044c\u043d\u044b\u0439 \u0443\u0440\u043e\u0432\u0435\u043d\u044c \u0443\u0432\u043b\u0430\u0436\u043d\u0435\u043d\u043d\u043e\u0441\u0442\u0438. \u0410\u043c\u043f\u0443\u043b\u0430 \u0433\u043b\u0443\u0431\u043e\u043a\u043e \u0443\u0432\u043b\u0430\u0436\u043d\u044f\u0435\u0442, \u0443\u0441\u0442\u0440\u0430\u043d\u044f\u0435\u0442 \u043e\u0431\u0435\u0437\u0432\u043e\u0436\u0435\u043d\u043d\u043e\u0441\u0442\u044c \u0438 \u0441\u0442\u0438\u043c\u0443\u043b\u0438\u0440\u0443\u0435\u0442 \u043f\u0440\u043e\u0446\u0435\u0441\u0441\u044b \u0440\u0435\u0433\u0435\u043d\u0435\u0440\u0430\u0446\u0438\u0438 \u0438 \u043e\u0431\u043d\u043e\u0432\u043b\u0435\u043d\u0438\u044f. \u0423\u043a\u0440\u0435\u043f\u043b\u044f\u0435\u0442 \u0437\u0430\u0449\u0438\u0442\u043d\u044b\u0439 \u0431\u0430\u0440\u044c\u0435\u0440, \u043d\u0435\u0439\u0442\u0440\u0430\u043b\u0438\u0437\u0443\u0435\u0442 \u0430\u0433\u0440\u0435\u0441\u0441\u0438\u0432\u043d\u043e\u0435 \u0432\u043e\u0437\u0434\u0435\u0439\u0441\u0442\u0432\u0438\u0435 \u0441\u0432\u043e\u0431\u043e\u0434\u043d\u044b\u0445 \u0440\u0430\u0434\u0438\u043a\u0430\u043b\u043e\u0432 \u0438 \u0437\u0430\u043c\u0435\u0434\u043b\u044f\u0435\u0442 \u043f\u0440\u043e\u0446\u0435\u0441\u0441\u044b \u0441\u0442\u0430\u0440\u0435\u043d\u0438\u044f. \u0423\u043b\u0443\u0447\u0448\u0430\u0435\u0442 \u0446\u0432\u0435\u0442 \u043b\u0438\u0446\u0430, \u0443\u0441\u0442\u0440\u0430\u043d\u044f\u0435\u0442 \u0442\u0443\u0441\u043a\u043b\u043e\u0441\u0442\u044c \u0438 \u0432\u044b\u0440\u0430\u0432\u043d\u0438\u0432\u0430\u0435\u0442 \u0442\u043e\u043d. \u0410\u043c\u043f\u0443\u043b\u0430 \u043e\u0431\u043b\u0430\u0434\u0430\u0435\u0442 \u0433\u0435\u043b\u0435\u0432\u043e\u0439 \u0442\u0435\u043a\u0441\u0442\u0443\u0440\u043e\u0439 \u0441 \u0437\u043e\u043b\u043e\u0442\u044b\u043c\u0438 \u0447\u0430\u0441\u0442\u0438\u0447\u043a\u0430\u043c\u0438, \u0431\u044b\u0441\u0442\u0440\u043e \u0432\u043f\u0438\u0442\u044b\u0432\u0430\u0435\u0442\u0441\u044f, \u0443\u0441\u0442\u0440\u0430\u043d\u044f\u044f \u0441\u0442\u044f\u043d\u0443\u0442\u043e\u0441\u0442\u044c \u0438 \u0441\u0443\u0445\u043e\u0441\u0442\u044c. \u0411\u043b\u0430\u0433\u043e\u0434\u0430\u0440\u044f \u0443\u0434\u043e\u0431\u043d\u043e\u043c\u0443 \u0430\u043f\u043f\u043b\u0438\u043a\u0430\u0442\u043e\u0440\u0443 \u043d\u0430 \u043a\u043e\u0436\u0443 \u0443\u0434\u043e\u0431\u043d\u043e \u043d\u0430\u043d\u043e\u0441\u0438\u0442\u044c \u043e\u043f\u0442\u0438\u043c\u0430\u043b\u044c\u043d\u043e\u0435 \u043a\u043e\u043b\u0438\u0447\u0435\u0441\u0442\u0432\u043e \u0441\u0440\u0435\u0434\u0441\u0442\u0432\u0430.\\r\\n\u041e\u0441\u043d\u043e\u0432\u043d\u044b\u0435 \u0434\u0435\u0439\u0441\u0442\u0432\u0443\u044e\u0449\u0438\u0435 \u0438\u043d\u0433\u0440\u0435\u0434\u0438\u0435\u043d\u0442\u044b:\\r\\n\u0417\u043e\u043b\u043e\u0442\u043e \u0443\u0441\u043a\u043e\u0440\u044f\u0435\u0442 \u043f\u0440\u043e\u0446\u0435\u0441\u0441\u044b \u0440\u0435\u0433\u0435\u043d\u0435\u0440\u0430\u0446\u0438\u0438 \u043a\u043e\u0436\u0438, \u0441\u043f\u043e\u0441\u043e\u0431\u0441\u0442\u0432\u0443\u0435\u0442 \u0431\u044b\u0441\u0442\u0440\u043e\u043c\u0443 \u0440\u0430\u0437\u0433\u043b\u0430\u0436\u0438\u0432\u0430\u043d\u0438\u044e \u043c\u043e\u0440\u0449\u0438\u043d, \u0434\u0435\u043b\u0430\u044f \u043a\u043e\u0436\u0443 \u0443\u043f\u0440\u0443\u0433\u043e\u0439, \u0441\u0438\u044f\u044e\u0449\u0435\u0439 \u0438 \u0437\u0434\u043e\u0440\u043e\u0432\u043e\u0439.\\r\\n\u041f\u0440\u043e\u043f\u043e\u043b\u0438\u0441 \u043e\u0431\u043b\u0430\u0434\u0430\u0435\u0442 \u043c\u043e\u0449\u043d\u044b\u043c\u0438 \u0430\u043d\u0442\u0438\u0431\u0430\u043a\u0442\u0435\u0440\u0438\u0430\u043b\u044c\u043d\u044b\u043c\u0438 \u0441\u0432\u043e\u0439\u0441\u0442\u0432\u0430\u043c\u0438, \u043a\u043e\u0442\u043e\u0440\u044b\u0435 \u043f\u043e\u043c\u043e\u0433\u0430\u044e\u0442 \u043f\u0440\u0435\u0434\u043e\u0442\u0432\u0440\u0430\u0442\u0438\u0442\u044c \u043f\u043e\u044f\u0432\u043b\u0435\u043d\u0438\u0435 \u0432\u043e\u0441\u043f\u0430\u043b\u0435\u043d\u0438\u0439. \u0412\u043e\u0441\u0441\u0442\u0430\u043d\u0430\u0432\u043b\u0438\u0432\u0430\u0435\u0442 \u0433\u0438\u0434\u0440\u043e-\u043b\u0438\u043f\u0438\u0434\u043d\u044b\u0439 \u0431\u0430\u043b\u0430\u043d\u0441 \u043a\u043e\u0436\u0438, \u0443\u043a\u0440\u0435\u043f\u043b\u044f\u0435\u0442 \u0437\u0430\u0449\u0438\u0442\u043d\u044b\u0439 \u0431\u0430\u0440\u044c\u0435\u0440 \u0438 \u0437\u0430\u0449\u0438\u0449\u0430\u0435\u0442 \u0435\u0451 \u043e\u0442 \u0432\u0440\u0435\u0434\u043d\u043e\u0433\u043e \u0432\u043e\u0437\u0434\u0435\u0439\u0441\u0442\u0432\u0438\u044f \u0432\u043d\u0435\u0448\u043d\u0438\u0445 \u0444\u0430\u043a\u0442\u043e\u0440\u043e\u0432. \u0423\u0441\u0442\u0440\u0430\u043d\u044f\u0435\u0442 \u0448\u0435\u043b\u0443\u0448\u0435\u043d\u0438\u044f \u0438 \u0441\u0443\u0445\u043e\u0441\u0442\u044c \u043a\u043e\u0436\u0438, \u043f\u0438\u0442\u0430\u0435\u0442 \u0438 \u0441\u043c\u044f\u0433\u0447\u0430\u0435\u0442. \\r\\n\u0413\u0438\u0434\u0440\u043e\u043b\u0438\u0437\u043e\u0432\u0430\u043d\u043d\u044b\u0439 \u043a\u043e\u043b\u043b\u0430\u0433\u0435\u043d \u0432\u043e\u0441\u0441\u0442\u0430\u043d\u0430\u0432\u043b\u0438\u0432\u0430\u0435\u0442 \u0441\u0442\u0440\u0443\u043a\u0442\u0443\u0440\u0443 \u044d\u043f\u0438\u0434\u0435\u0440\u043c\u0438\u0441\u0430 \u0438\u0437\u043d\u0443\u0442\u0440\u0438, \u0443\u043a\u0440\u0435\u043f\u043b\u044f\u0435\u0442 \u0441\u0442\u0435\u043d\u043a\u0438 \u043a\u043b\u0435\u0442\u043e\u043a, \u0443\u043b\u0443\u0447\u0448\u0430\u0435\u0442 \u0431\u0435\u043b\u043a\u043e\u0432\u044b\u0439 \u043e\u0431\u043c\u0435\u043d. \u041f\u043e\u0434\u0434\u0435\u0440\u0436\u0438\u0432\u0430\u0435\u0442 \u043c\u0430\u0442\u0440\u0438\u043a\u0441 \u043a\u043e\u0436\u0438, \u0440\u0430\u0437\u0433\u043b\u0430\u0436\u0438\u0432\u0430\u0435\u0442 \u043c\u043e\u0440\u0449\u0438\u043d\u043a\u0438 \u0438 \u0437\u0430\u043b\u043e\u043c\u044b.\\r\\n\u0413\u0438\u0434\u0440\u043e\u043b\u0438\u0437\u043e\u0432\u0430\u043d\u043d\u044b\u0439 \u044d\u043b\u0430\u0441\u0442\u0438\u043d \u043f\u043e\u0432\u044b\u0448\u0430\u0435\u0442 \u044d\u043b\u0430\u0441\u0442\u0438\u0447\u043d\u043e\u0441\u0442\u044c \u0438 \u0433\u043b\u0430\u0434\u043a\u043e\u0441\u0442\u044c \u043a\u043e\u0436\u0438, \u0432\u044b\u0440\u0430\u0432\u043d\u0438\u0432\u0430\u0435\u0442 \u0440\u0435\u043b\u044c\u0435\u0444 \u043b\u0438\u0446\u0430. \u0421\u0432\u044f\u0437\u044b\u0432\u0430\u0435\u0442 \u0432\u043b\u0430\u0433\u0443 \u0432 \u044d\u043f\u0438\u0434\u0435\u0440\u043c\u0438\u0441\u0435 \u0438 \u043d\u0435 \u0434\u0430\u0435\u0442 \u0435\u0439 \u0438\u0441\u043f\u0430\u0440\u0438\u0442\u044c\u0441\u044f.\\r\\n\u0411\u0435\u0442\u0430-\u0433\u043b\u044e\u043a\u0430\u043d \u0441\u043d\u0438\u043c\u0430\u0435\u0442 \u0432\u043e\u0441\u043f\u0430\u043b\u0435\u043d\u0438\u044f, \u0443\u0441\u0442\u0440\u0430\u043d\u044f\u0435\u0442 \u043f\u043e\u043a\u0440\u0430\u0441\u043d\u0435\u043d\u0438\u044f, \u0441\u0443\u0445\u043e\u0441\u0442\u044c \u0438 \u0436\u0436\u0435\u043d\u0438\u0435. \u0423\u043c\u0435\u043d\u044c\u0448\u0430\u0435\u0442 \u0432\u044b\u0440\u0430\u0436\u0435\u043d\u043d\u043e\u0441\u0442\u044c \u043c\u043e\u0440\u0449\u0438\u043d \u0438 \u043a\u043e\u0436\u043d\u044b\u0445 \u0437\u0430\u043b\u043e\u043c\u043e\u0432, \u0440\u0430\u0437\u0433\u043b\u0430\u0436\u0438\u0432\u0430\u0435\u0442 \u043c\u0438\u043a\u0440\u043e\u0440\u0435\u043b\u044c\u0435\u0444.\\r\\n\u041f\u043e\u0434\u0445\u043e\u0434\u0438\u0442 \u0434\u043b\u044f \u0432\u0441\u0435\u0445 \u0442\u0438\u043f\u043e\u0432 \u043a\u043e\u0436\u0438.\\r\\n\u0421\u043f\u043e\u0441\u043e\u0431 \u043f\u0440\u0438\u043c\u0435\u043d\u0435\u043d\u0438\u044f: \u0421\u043d\u0438\u043c\u0438\u0442\u0435 \u043f\u0440\u043e\u0437\u0440\u0430\u0447\u043d\u044b\u0439 \u0437\u0430\u0449\u0438\u0442\u043d\u044b\u0439 \u043a\u043e\u043b\u043f\u0430\u0447\u043e\u043a \u0441 \u0430\u043c\u043f\u0443\u043b\u044b. \u041e\u0442\u043a\u0440\u0443\u0442\u0438\u0442\u0435 \u043a\u0440\u044b\u0448\u0435\u0447\u043a\u0443 \u0441 \u0430\u043f\u043f\u043b\u0438\u043a\u0430\u0442\u043e\u0440\u0430 \u0438 \u043f\u0440\u043e\u0442\u043a\u043d\u0438\u0442\u0435 \u0438\u043c \u0437\u0430\u0449\u0438\u0442\u043d\u0443\u044e \u043c\u0435\u043c\u0431\u0440\u0430\u043d\u0443 \u0430\u043c\u043f\u0443\u043b\u044b. \u041f\u0435\u0440\u0435\u0432\u0435\u0440\u043d\u0438\u0442\u0435 \u0430\u043c\u043f\u0443\u043b\u0443, \u043d\u0435 \u0432\u044b\u043d\u0438\u043c\u0430\u044f \u0430\u043f\u043f\u043b\u0438\u043a\u0430\u0442\u043e\u0440, \u0438 \u043d\u0430\u0431\u0435\u0440\u0438\u0442\u0435 \u043d\u0435\u043e\u0431\u0445\u043e\u0434\u0438\u043c\u043e\u0435 \u043a\u043e\u043b\u0438\u0447\u0435\u0441\u0442\u0432\u043e \u0441\u0440\u0435\u0434\u0441\u0442\u0432\u0430.\\r\\n\u041f\u043e\u0441\u0442\u0430\u0432\u044c\u0442\u0435 \u0430\u043c\u043f\u0443\u043b\u0443 \u0438 \u0432\u044b\u0442\u0430\u0449\u0438\u0442\u0435 \u0430\u043f\u043f\u043b\u0438\u043a\u0430\u0442\u043e\u0440. \u041d\u0430\u043d\u0435\u0441\u0438\u0442\u0435 \u0441\u0440\u0435\u0434\u0441\u0442\u0432\u043e \u043d\u0430 \u043a\u043e\u0436\u0443 \u0438 \u0440\u0430\u0432\u043d\u043e\u043c\u0435\u0440\u043d\u043e \u0440\u0430\u0441\u043f\u0440\u0435\u0434\u0435\u043b\u0438\u0442\u0435. \u0434\u043e \u043f\u043e\u043b\u043d\u043e\u0433\u043e \u0432\u043f\u0438\u0442\u044b\u0432\u0430\u043d\u0438\u044f.&quot;}\" data-sheets-userformat=\"{&quot;2&quot;:15037,&quot;3&quot;:{&quot;1&quot;:0},&quot;5&quot;:{&quot;1&quot;:[{&quot;1&quot;:2,&quot;2&quot;:0,&quot;5&quot;:{&quot;1&quot;:2,&quot;2&quot;:0}},{&quot;1&quot;:0,&quot;2&quot;:0,&quot;3&quot;:3},{&quot;1&quot;:1,&quot;2&quot;:0,&quot;4&quot;:1}]},&quot;6&quot;:{&quot;1&quot;:[{&quot;1&quot;:2,&quot;2&quot;:0,&quot;5&quot;:{&quot;1&quot;:2,&quot;2&quot;:0}},{&quot;1&quot;:0,&quot;2&quot;:0,&quot;3&quot;:3},{&quot;1&quot;:1,&quot;2&quot;:0,&quot;4&quot;:1}]},&quot;7&quot;:{&quot;1&quot;:[{&quot;1&quot;:2,&quot;2&quot;:0,&quot;5&quot;:{&quot;1&quot;:2,&quot;2&quot;:0}},{&quot;1&quot;:0,&quot;2&quot;:0,&quot;3&quot;:3},{&quot;1&quot;:1,&quot;2&quot;:0,&quot;4&quot;:1}]},&quot;8&quot;:{&quot;1&quot;:[{&quot;1&quot;:2,&quot;2&quot;:0,&quot;5&quot;:{&quot;1&quot;:2,&quot;2&quot;:0}},{&quot;1&quot;:0,&quot;2&quot;:0,&quot;3&quot;:3},{&quot;1&quot;:1,&quot;2&quot;:0,&quot;4&quot;:1}]},&quot;10&quot;:1,&quot;12&quot;:0,&quot;14&quot;:{&quot;1&quot;:2,&quot;2&quot;:16711680},&quot;15&quot;:&quot;Calibri&quot;,&quot;16&quot;:9}\"><strong><br>Na\u010din upotrebe:<\/strong> Uklonite prozirnu za\u0161titnu kapicu s ampule. Odvijte \u010dep s aplikatora i njime probu\u0161ite za\u0161titnu membranu ampule. Okrenite ampulu bez uklanjanja aplikatora i izvucite potrebnu koli\u010dinu proizvoda. Stavite ampulu i uklonite aplikator. Nanesite na ko\u017eu i ravnomerno rasporedite dok se potpuno ne upije.<\/span><\/p>\n<hr \/>\n<p><em>Ingredients: Water, Butylene Glycol, Hydroxypropyl Methylcellulose, Pullulan, Glycerin, 1,2-Hexanediol, Hydroxyacetophenone, Hydroxyethylcellulose, Carbomer, Tromethamine, Polyglyceryl-10 Laurate, Polyglyceryl-10 Myristate, Allantoin, Collagen Extract, Rosa Damascena Flower Extract, Porphyridium Cruentum Extract, Propanediol, Laminaria Japonica Extract, Ethylhexylglycerin, Adenosine, CI 77891, Sodium Hyaluronate, Melia Azadirachta Leaf Extract, Disodium EDTA, Caprylyl Glycol, Calcium Alginate, Melia Azadirachta Flower Extract, Agar, Gellan Gum, CI 77019, Curcuma Longa (Turmeric) Root Extract, CI 77491, Acmella Oleracea Extract, Helianthus Annuus Seed Oil, Hydrolyzed Corn Starch, Beta-Glucan, Sucrose, Citrus Aurantium Bergamia Fruit Oil, Lavandula Hybrida Oil, Ocimum Sanctum Leaf Extract, Hydrolyzed Collagen, Hydrolyzed Elastin, Hydrolyzed Silk, Corallina Officinalis Extract, Propolis Extract, Phenethyl Alcohol, Gold<\/em><\/p>","protected":false},"excerpt":{"rendered":"<p>Lifting-ampula sa zlatom i propolisom. 30ml<\/p>","protected":false},"featured_media":2460,"template":"","meta":{"_acf_changed":false},"product_brand":[],"product_cat":[575,400,224,86,352,296],"product_tag":[412],"class_list":{"0":"post-2459","1":"product","2":"type-product","3":"status-publish","4":"has-post-thumbnail","6":"product_cat-vyravnivanie-tona","7":"product_cat-lifting","8":"product_cat-antiage","9":"product_cat-moisturizing","10":"product_cat-serum","11":"product_cat-medi-peel","12":"product_tag-tox-ampoule","14":"first","15":"outofstock","16":"shipping-taxable","17":"purchasable","18":"product-type-simple"},"acf":[],"yoast_head":"<!-- This site is optimized with the Yoast SEO Premium plugin v19.6 (Yoast SEO v20.11) - https:\/\/yoast.com\/wordpress\/plugins\/seo\/ -->\n<title>Medi-Peel Lif-Tox ampoule - Malina Beauty Store<\/title>\n<meta name=\"robots\" content=\"index, follow, max-snippet:-1, max-image-preview:large, max-video-preview:-1\" \/>\n<link rel=\"canonical\" href=\"https:\/\/malinacosmetics.com\/sr\/\u043f\u0440\u043e\u0438\u0437\u0432\u043e\u0434\/medi-peel-lif-tox-ampoule1\/\" \/>\n<meta property=\"og:locale\" content=\"sr_RS\" \/>\n<meta property=\"og:type\" content=\"article\" \/>\n<meta property=\"og:title\" content=\"Medi-Peel Lif-Tox ampoule\" \/>\n<meta property=\"og:description\" content=\"\u041b\u0438\u0444\u0442\u0438\u043d\u0433-\u0430\u043c\u043f\u0443\u043b\u0430 \u0441 \u0437\u043e\u043b\u043e\u0442\u043e\u043c \u0438 \u043f\u0440\u043e\u043f\u043e\u043b\u0438\u0441\u043e\u043c. 30ml\" \/>\n<meta property=\"og:url\" content=\"https:\/\/malinacosmetics.com\/sr\/\u043f\u0440\u043e\u0438\u0437\u0432\u043e\u0434\/medi-peel-lif-tox-ampoule1\/\" \/>\n<meta property=\"og:site_name\" content=\"Malina Beauty Store\" \/>\n<meta property=\"article:publisher\" content=\"https:\/\/www.facebook.com\/MalinaBeautyShopMe\/\" \/>\n<meta property=\"article:modified_time\" content=\"2025-06-14T15:41:09+00:00\" \/>\n<meta property=\"og:image\" content=\"https:\/\/malinacosmetics.com\/wp-content\/uploads\/2021\/10\/MEDI-PEEL-lif-tox-ampoule.jpg\" \/>\n\t<meta property=\"og:image:width\" content=\"1200\" \/>\n\t<meta property=\"og:image:height\" content=\"1200\" \/>\n\t<meta property=\"og:image:type\" content=\"image\/jpeg\" \/>\n<meta name=\"twitter:card\" content=\"summary_large_image\" \/>\n<script type=\"application\/ld+json\" class=\"yoast-schema-graph\">{\"@context\":\"https:\/\/schema.org\",\"@graph\":[{\"@type\":[\"WebPage\",\"ItemPage\"],\"@id\":\"https:\/\/malinacosmetics.com\/product\/medi-peel-lif-tox-ampoule1\/\",\"url\":\"https:\/\/malinacosmetics.com\/product\/medi-peel-lif-tox-ampoule1\/\",\"name\":\"Medi-Peel Lif-Tox ampoule - Malina Beauty Store\",\"isPartOf\":{\"@id\":\"https:\/\/malinacosmetics.com\/#website\"},\"datePublished\":\"2021-10-10T22:32:09+00:00\",\"dateModified\":\"2025-06-14T15:41:09+00:00\",\"breadcrumb\":{\"@id\":\"https:\/\/malinacosmetics.com\/product\/medi-peel-lif-tox-ampoule1\/#breadcrumb\"},\"inLanguage\":\"sr-RS\",\"potentialAction\":[{\"@type\":\"ReadAction\",\"target\":[\"https:\/\/malinacosmetics.com\/product\/medi-peel-lif-tox-ampoule1\/\"]}]},{\"@type\":\"BreadcrumbList\",\"@id\":\"https:\/\/malinacosmetics.com\/product\/medi-peel-lif-tox-ampoule1\/#breadcrumb\",\"itemListElement\":[{\"@type\":\"ListItem\",\"position\":1,\"name\":\"\u0413\u043b\u0430\u0432\u043d\u0430\u044f \u0441\u0442\u0440\u0430\u043d\u0438\u0446\u0430\",\"item\":\"https:\/\/malinacosmetics.com\/\"},{\"@type\":\"ListItem\",\"position\":2,\"name\":\"\u041a\u0430\u0442\u0430\u043b\u043e\u0433\",\"item\":\"https:\/\/malinacosmetics.com\/sr\/shop\/\"},{\"@type\":\"ListItem\",\"position\":3,\"name\":\"Medi-Peel Lif-Tox ampoule\"}]},{\"@type\":\"WebSite\",\"@id\":\"https:\/\/malinacosmetics.com\/#website\",\"url\":\"https:\/\/malinacosmetics.com\/\",\"name\":\"Malina Beauty Store\",\"description\":\"Prodaja korejske kozmetike za Crnu Goru\",\"publisher\":{\"@id\":\"https:\/\/malinacosmetics.com\/#organization\"},\"potentialAction\":[{\"@type\":\"SearchAction\",\"target\":{\"@type\":\"EntryPoint\",\"urlTemplate\":\"https:\/\/malinacosmetics.com\/?s={search_term_string}\"},\"query-input\":\"required name=search_term_string\"}],\"inLanguage\":\"sr-RS\"},{\"@type\":\"Organization\",\"@id\":\"https:\/\/malinacosmetics.com\/#organization\",\"name\":\"malinacosmetics\",\"url\":\"https:\/\/malinacosmetics.com\/\",\"logo\":{\"@type\":\"ImageObject\",\"inLanguage\":\"sr-RS\",\"@id\":\"https:\/\/malinacosmetics.com\/#\/schema\/logo\/image\/\",\"url\":\"https:\/\/malinacosmetics.com\/wp-content\/uploads\/2021\/07\/logo.png\",\"contentUrl\":\"https:\/\/malinacosmetics.com\/wp-content\/uploads\/2021\/07\/logo.png\",\"width\":500,\"height\":353,\"caption\":\"malinacosmetics\"},\"image\":{\"@id\":\"https:\/\/malinacosmetics.com\/#\/schema\/logo\/image\/\"},\"sameAs\":[\"https:\/\/www.facebook.com\/MalinaBeautyShopMe\/\"]}]}<\/script>\n<meta property=\"product:brand\" content=\"simple\" \/>\n<meta property=\"product:price:amount\" content=\"35.00\" \/>\n<meta property=\"product:price:currency\" content=\"EUR\" \/>\n<meta property=\"og:availability\" content=\"out of stock\" \/>\n<meta property=\"product:availability\" content=\"out of stock\" \/>\n<meta property=\"product:condition\" content=\"new\" \/>\n<!-- \/ Yoast SEO Premium plugin. -->","yoast_head_json":{"title":"Medi-Peel Lif-Tox ampoule - Malina Beauty Store","robots":{"index":"index","follow":"follow","max-snippet":"max-snippet:-1","max-image-preview":"max-image-preview:large","max-video-preview":"max-video-preview:-1"},"canonical":"https:\/\/malinacosmetics.com\/sr\/\u043f\u0440\u043e\u0438\u0437\u0432\u043e\u0434\/medi-peel-lif-tox-ampoule1\/","og_locale":"sr_RS","og_type":"article","og_title":"Medi-Peel Lif-Tox ampoule","og_description":"\u041b\u0438\u0444\u0442\u0438\u043d\u0433-\u0430\u043c\u043f\u0443\u043b\u0430 \u0441 \u0437\u043e\u043b\u043e\u0442\u043e\u043c \u0438 \u043f\u0440\u043e\u043f\u043e\u043b\u0438\u0441\u043e\u043c. 30ml","og_url":"https:\/\/malinacosmetics.com\/sr\/\u043f\u0440\u043e\u0438\u0437\u0432\u043e\u0434\/medi-peel-lif-tox-ampoule1\/","og_site_name":"Malina Beauty Store","article_publisher":"https:\/\/www.facebook.com\/MalinaBeautyShopMe\/","article_modified_time":"2025-06-14T15:41:09+00:00","og_image":[{"width":1200,"height":1200,"url":"https:\/\/malinacosmetics.com\/wp-content\/uploads\/2021\/10\/MEDI-PEEL-lif-tox-ampoule.jpg","type":"image\/jpeg"}],"twitter_card":"summary_large_image","schema":{"@context":"https:\/\/schema.org","@graph":[{"@type":["WebPage","ItemPage"],"@id":"https:\/\/malinacosmetics.com\/product\/medi-peel-lif-tox-ampoule1\/","url":"https:\/\/malinacosmetics.com\/product\/medi-peel-lif-tox-ampoule1\/","name":"Medi-Peel Lif-Tox ampoule - Malina Beauty Store","isPartOf":{"@id":"https:\/\/malinacosmetics.com\/#website"},"datePublished":"2021-10-10T22:32:09+00:00","dateModified":"2025-06-14T15:41:09+00:00","breadcrumb":{"@id":"https:\/\/malinacosmetics.com\/product\/medi-peel-lif-tox-ampoule1\/#breadcrumb"},"inLanguage":"sr-RS","potentialAction":[{"@type":"ReadAction","target":["https:\/\/malinacosmetics.com\/product\/medi-peel-lif-tox-ampoule1\/"]}]},{"@type":"BreadcrumbList","@id":"https:\/\/malinacosmetics.com\/product\/medi-peel-lif-tox-ampoule1\/#breadcrumb","itemListElement":[{"@type":"ListItem","position":1,"name":"\u0413\u043b\u0430\u0432\u043d\u0430\u044f \u0441\u0442\u0440\u0430\u043d\u0438\u0446\u0430","item":"https:\/\/malinacosmetics.com\/"},{"@type":"ListItem","position":2,"name":"\u041a\u0430\u0442\u0430\u043b\u043e\u0433","item":"https:\/\/malinacosmetics.com\/sr\/shop\/"},{"@type":"ListItem","position":3,"name":"Medi-Peel Lif-Tox ampoule"}]},{"@type":"WebSite","@id":"https:\/\/malinacosmetics.com\/#website","url":"https:\/\/malinacosmetics.com\/","name":"Malina Beauty Store","description":"Prodaja korejske kozmetike za Crnu Goru","publisher":{"@id":"https:\/\/malinacosmetics.com\/#organization"},"potentialAction":[{"@type":"SearchAction","target":{"@type":"EntryPoint","urlTemplate":"https:\/\/malinacosmetics.com\/?s={search_term_string}"},"query-input":"required name=search_term_string"}],"inLanguage":"sr-RS"},{"@type":"Organization","@id":"https:\/\/malinacosmetics.com\/#organization","name":"malinacosmetics","url":"https:\/\/malinacosmetics.com\/","logo":{"@type":"ImageObject","inLanguage":"sr-RS","@id":"https:\/\/malinacosmetics.com\/#\/schema\/logo\/image\/","url":"https:\/\/malinacosmetics.com\/wp-content\/uploads\/2021\/07\/logo.png","contentUrl":"https:\/\/malinacosmetics.com\/wp-content\/uploads\/2021\/07\/logo.png","width":500,"height":353,"caption":"malinacosmetics"},"image":{"@id":"https:\/\/malinacosmetics.com\/#\/schema\/logo\/image\/"},"sameAs":["https:\/\/www.facebook.com\/MalinaBeautyShopMe\/"]}]},"product_brand":"simple","product_price_amount":"35.00","product_price_currency":"EUR","og_availability":"out of stock","product_availability":"out of stock","product_condition":"new"},"jetpack_sharing_enabled":true,"_links":{"self":[{"href":"https:\/\/malinacosmetics.com\/sr\/wp-json\/wp\/v2\/product\/2459","targetHints":{"allow":["GET"]}}],"collection":[{"href":"https:\/\/malinacosmetics.com\/sr\/wp-json\/wp\/v2\/product"}],"about":[{"href":"https:\/\/malinacosmetics.com\/sr\/wp-json\/wp\/v2\/types\/product"}],"wp:featuredmedia":[{"embeddable":true,"href":"https:\/\/malinacosmetics.com\/sr\/wp-json\/wp\/v2\/media\/2460"}],"wp:attachment":[{"href":"https:\/\/malinacosmetics.com\/sr\/wp-json\/wp\/v2\/media?parent=2459"}],"wp:term":[{"taxonomy":"product_brand","embeddable":true,"href":"https:\/\/malinacosmetics.com\/sr\/wp-json\/wp\/v2\/product_brand?post=2459"},{"taxonomy":"product_cat","embeddable":true,"href":"https:\/\/malinacosmetics.com\/sr\/wp-json\/wp\/v2\/product_cat?post=2459"},{"taxonomy":"product_tag","embeddable":true,"href":"https:\/\/malinacosmetics.com\/sr\/wp-json\/wp\/v2\/product_tag?post=2459"}],"curies":[{"name":"wp","href":"https:\/\/api.w.org\/{rel}","templated":true}]}}