{"id":1916,"date":"2021-08-27T17:20:11","date_gmt":"2021-08-27T14:20:11","guid":{"rendered":"https:\/\/malinacosmetics.com\/?post_type=product&#038;p=1916"},"modified":"2025-06-08T10:30:40","modified_gmt":"2025-06-08T08:30:40","slug":"medi-peel-gold-age-tox-h8-cream","status":"publish","type":"product","link":"https:\/\/malinacosmetics.com\/sr\/\u043f\u0440\u043e\u0438\u0437\u0432\u043e\u0434\/medi-peel-gold-age-tox-h8-cream\/","title":{"rendered":"Medi-Peel Gold Age Tox H8 Cream"},"content":{"rendered":"<p class=\"translation-block\">Krema kapsule protiv starenja sa ekstraktom zlatne svilene bube \u201cGold Age Tox Cream\u201d ima aktivan podmla\u0111ujuc\u0301i efekat na ko\u017eu. Povec\u0301ava gustinu i elasti\u010dnost, zagla\u0111uje bore, pobolj\u0161ava tonus i dubinski vla\u017ei kozu. Krema odmah uklanja zategnutost i suvoc\u0301u, odr\u017eava optimalne nivoe vla\u017enosti tokom dana. \u010cini ko\u017eu zategnutijom, vrac\u0301a integritet ko\u017ee, ja\u010da vlakna epidermisa i ujedna\u010dava reljef. Krema zasic\u0301uje ko\u017eu hranljivim materijama, pobolj\u0161ava metabolizam i ubrzava procese obnove i regeneracije. Kapsule sa zlatnom kremom su uklju\u010dene u gel bazu kreme. Kada se nanese na ko\u017eu, gel se me\u0161a sa kapsulom sa topljenom kremom i dobija ujedna\u010denu teksturu.\nGlavni aktivni sastojci:\nEkstrakt zlatne svilene bube pobolj\u0161ava elasti\u010dnost ko\u017ee, uklanja sitne bore, zate\u017ee konture lica i usporava proces starenja. Ujedna\u010dava ton ko\u017ee, posvetljuje ne\u017eeljenu pigmentaciju i ima blaga svojstva izbeljivanja.\nKompleks aminokiselina odgovoran je za stalnu regeneraciju i obnavljanje c\u0301elija, ima duboko \u201canti-age\u201d dejstvo, smanjuje pojavu bora i spre\u010dava stvaranje novih, stimuli\u0161e procese obnove i regeneracije, usporava starenje c\u0301elija. Normalizuje proizvodnju kolagena i elastina, zagla\u0111uje ko\u017eu, izjedna\u010dava reljef. Pobolj\u0161ava boju ko\u017ee, daje joj zdrav sjaj i \u010dvrstoc\u0301u.\nCeramidni kompleks ja\u010da c\u0301elije ko\u017ee i \u0161titi ih od o\u0161tec\u0301enja, spre\u010dava isparavanje vlage i pospe\u0161uje dugotrajnu hidrataciju i odr\u017eava optimalnu hidrolipidnu ravnote\u017eu.\nPolilakti\u010dna kiselina stimuli\u0161e sintezu hijaluronske kiseline, povec\u0301ava gustinu i elasti\u010dnost ko\u017ee, zagla\u0111uje bore. \u010cini konture lica jasnijom, uklanja znakove umora, uklanja mlohavost i opu\u0161tenost.\nHidrolizovani kolagen obnavlja strukturu epidermisa iznutra, ja\u010da c\u0301elijske zidove i pobolj\u0161ava metabolizam proteina. Podr\u017eava matricu ko\u017ee, zagla\u0111uje bore i nabore.\nHidrolizovani elastin povec\u0301ava elasti\u010dnost i glatkoc\u0301u ko\u017ee, ujedna\u010dava reljef lica. Povezuje vlagu u epidermisu i spre\u010dava njeno isparavanje.\n\u0160i puter omek\u0161ava ko\u017eu, uklanja suvoc\u0301u i lju\u0161tenje. Zasic\u0301uje ko\u017eu masnim kiselinama, spre\u010dava gubitak vlage, ja\u010da lipidnu barijeru, \u010dini ko\u017eu otpornom na promene povezane sa starenjem\nEkstrakt zlata ubrzava procese regeneracije ko\u017ee, pospe\u0161uje brzo izgla\u0111ivanje bora, \u010dinec\u0301i ko\u017eu elasti\u010dnom, blistavom i zdravom.\nPogodno za sve tipove ko\u017ee.<\/p>\n<p><em><strong><br>Na\u010din upotrebe:<\/strong><\/em> Izvadite kapsulu iz tegle i nanesite je na lice. Ne\u017eno rasporedite po licu, pustite da se upije.<\/p>\n<hr \/>\n<div><em><b><em>Sastojci:<\/em> <\/b>&#8216;Water, Glycerin, Caprylic\/Capric Triglyceride, Dipropylene Glycol, Niacinamide, 1,2-Hexanediol, Butyrospermum Parkii (Shea) Butter, Camellia Sinensis Leaf Extract, Carbomer, Dimethicone, Panthenol, Polyglyceryl-2 Stearate, Arachidyl Alcohol, Butylene Glycol, Propanediol, Glyceryl Stearate, Squalane, Glyceryl Glucoside, Stearyl Alcohol, Stearic Acid, Palmitic Acid, C12-16 Alcohols, Ammonium Acryloyl-dimethyltaurate\/VP Copolymer, Hydrogenated Lecithin, Adenosine, Caprylyl Glycol, Tremella Fuciformis (Mushroom) Extract, Tremella fuciformis Sporocarp Extract, Xanthan Gum, Ethylhexylglycerin, Tocopheryl Acetate, Illicium Verum (Anise) Fruit Extract, Sodium Hyaluronate, Leuconostoc\/Radish Root Ferment Filtrate, Collagen, Proline, Hydroxyproline, Vegetable Amino Acids, Natto Gum, Silk Extract, Palmitoyl Pentapeptide-4, Copper Tripeptide-1, Palmitoyl Tripeptide-1, Acetyl Hexapeptide-8, Oligopeptide-1, Palmitoyl Tripeptide-5, Dipeptide Diaminobutyroyl Benzylamide Diacetate, Scutellaria Baicalensis Root Extract, Cetearyl Alcohol, Arachidyl Glucoside, Benzyl Glycol, Behenyl Alcohol, Ceramide3, Ceramide2, Phytosphingosine, Cholesterol, Hydrolyzed Elastin, Sericin, Ceramide4, Ceramide6(II), Gold(1.5 ppb), Lysine, Glycine, Alanine, Glutamic Acid, Serine, Leucine, Tryptophan, Aspartic Acid, Glutamine, Valine, Threonine, Isoleucine, Phenylalanine, Histidine, Methionine, Cystine, Tyrosine, Asparagine, Ceramide 1, Polyglyceryl-10 Laurate, CI 19140, CI 16255, Tromethamine, Fragrance, Limonene, Alpha-Isomethyl Ionone<\/em><\/div>","protected":false},"excerpt":{"rendered":"<p>Krema sa kapsulama protiv starenja sa ekstraktom zlatne svilene bube. 50ml<\/p>","protected":false},"featured_media":6058,"template":"","meta":{"_acf_changed":false},"product_brand":[],"product_cat":[470,400,224,263,86,437,439,443,296],"product_tag":[],"class_list":{"0":"post-1916","1":"product","2":"type-product","3":"status-publish","4":"has-post-thumbnail","6":"product_cat-facecream","7":"product_cat-lifting","8":"product_cat-antiage","9":"product_cat-revitalizing","10":"product_cat-moisturizing","11":"product_cat-alltypesofskin","12":"product_cat-matureskin","13":"product_cat-dryskin","14":"product_cat-medi-peel","16":"first","17":"outofstock","18":"shipping-taxable","19":"purchasable","20":"product-type-simple"},"acf":[],"yoast_head":"<!-- This site is optimized with the Yoast SEO Premium plugin v19.6 (Yoast SEO v20.11) - https:\/\/yoast.com\/wordpress\/plugins\/seo\/ -->\n<title>Medi-Peel Gold Age Tox H8 Cream - Malina Beauty Store<\/title>\n<meta name=\"robots\" content=\"index, follow, max-snippet:-1, max-image-preview:large, max-video-preview:-1\" \/>\n<link rel=\"canonical\" href=\"https:\/\/malinacosmetics.com\/sr\/\u043f\u0440\u043e\u0438\u0437\u0432\u043e\u0434\/medi-peel-gold-age-tox-h8-cream\/\" \/>\n<meta property=\"og:locale\" content=\"sr_RS\" \/>\n<meta property=\"og:type\" content=\"article\" \/>\n<meta property=\"og:title\" content=\"Medi-Peel Gold Age Tox H8 Cream\" \/>\n<meta property=\"og:description\" content=\"\u0410\u043d\u0442\u0438\u0432\u043e\u0437\u0440\u0430\u0441\u0442\u043d\u043e\u0439 \u043a\u0430\u043f\u0441\u0443\u043b\u044c\u043d\u044b\u0439 \u043a\u0440\u0435\u043c \u0441 \u044d\u043a\u0441\u0442\u0440\u0430\u043a\u0442\u043e\u043c \u0437\u043e\u043b\u043e\u0442\u043e\u0433\u043e \u0448\u0435\u043b\u043a\u043e\u043f\u0440\u044f\u0434\u0430. 50 ml\" \/>\n<meta property=\"og:url\" content=\"https:\/\/malinacosmetics.com\/sr\/\u043f\u0440\u043e\u0438\u0437\u0432\u043e\u0434\/medi-peel-gold-age-tox-h8-cream\/\" \/>\n<meta property=\"og:site_name\" content=\"Malina Beauty Store\" \/>\n<meta property=\"article:publisher\" content=\"https:\/\/www.facebook.com\/MalinaBeautyShopMe\/\" \/>\n<meta property=\"article:modified_time\" content=\"2025-06-08T08:30:40+00:00\" \/>\n<meta property=\"og:image\" content=\"https:\/\/malinacosmetics.com\/wp-content\/uploads\/2021\/08\/Medi-Peel-Gold-Age-Cream.jpg\" \/>\n\t<meta property=\"og:image:width\" content=\"1200\" \/>\n\t<meta property=\"og:image:height\" content=\"1200\" \/>\n\t<meta property=\"og:image:type\" content=\"image\/jpeg\" \/>\n<meta name=\"twitter:card\" content=\"summary_large_image\" \/>\n<script type=\"application\/ld+json\" class=\"yoast-schema-graph\">{\"@context\":\"https:\/\/schema.org\",\"@graph\":[{\"@type\":[\"WebPage\",\"ItemPage\"],\"@id\":\"https:\/\/malinacosmetics.com\/product\/medi-peel-gold-age-tox-h8-cream\/\",\"url\":\"https:\/\/malinacosmetics.com\/product\/medi-peel-gold-age-tox-h8-cream\/\",\"name\":\"Medi-Peel Gold Age Tox H8 Cream - Malina Beauty Store\",\"isPartOf\":{\"@id\":\"https:\/\/malinacosmetics.com\/#website\"},\"datePublished\":\"2021-08-27T14:20:11+00:00\",\"dateModified\":\"2025-06-08T08:30:40+00:00\",\"breadcrumb\":{\"@id\":\"https:\/\/malinacosmetics.com\/product\/medi-peel-gold-age-tox-h8-cream\/#breadcrumb\"},\"inLanguage\":\"sr-RS\",\"potentialAction\":[{\"@type\":\"ReadAction\",\"target\":[\"https:\/\/malinacosmetics.com\/product\/medi-peel-gold-age-tox-h8-cream\/\"]}]},{\"@type\":\"BreadcrumbList\",\"@id\":\"https:\/\/malinacosmetics.com\/product\/medi-peel-gold-age-tox-h8-cream\/#breadcrumb\",\"itemListElement\":[{\"@type\":\"ListItem\",\"position\":1,\"name\":\"\u0413\u043b\u0430\u0432\u043d\u0430\u044f \u0441\u0442\u0440\u0430\u043d\u0438\u0446\u0430\",\"item\":\"https:\/\/malinacosmetics.com\/\"},{\"@type\":\"ListItem\",\"position\":2,\"name\":\"\u041a\u0430\u0442\u0430\u043b\u043e\u0433\",\"item\":\"https:\/\/malinacosmetics.com\/sr\/shop\/\"},{\"@type\":\"ListItem\",\"position\":3,\"name\":\"Medi-Peel Gold Age Tox H8 Cream\"}]},{\"@type\":\"WebSite\",\"@id\":\"https:\/\/malinacosmetics.com\/#website\",\"url\":\"https:\/\/malinacosmetics.com\/\",\"name\":\"Malina Beauty Store\",\"description\":\"Prodaja korejske kozmetike za Crnu Goru\",\"publisher\":{\"@id\":\"https:\/\/malinacosmetics.com\/#organization\"},\"potentialAction\":[{\"@type\":\"SearchAction\",\"target\":{\"@type\":\"EntryPoint\",\"urlTemplate\":\"https:\/\/malinacosmetics.com\/?s={search_term_string}\"},\"query-input\":\"required name=search_term_string\"}],\"inLanguage\":\"sr-RS\"},{\"@type\":\"Organization\",\"@id\":\"https:\/\/malinacosmetics.com\/#organization\",\"name\":\"malinacosmetics\",\"url\":\"https:\/\/malinacosmetics.com\/\",\"logo\":{\"@type\":\"ImageObject\",\"inLanguage\":\"sr-RS\",\"@id\":\"https:\/\/malinacosmetics.com\/#\/schema\/logo\/image\/\",\"url\":\"https:\/\/malinacosmetics.com\/wp-content\/uploads\/2021\/07\/logo.png\",\"contentUrl\":\"https:\/\/malinacosmetics.com\/wp-content\/uploads\/2021\/07\/logo.png\",\"width\":500,\"height\":353,\"caption\":\"malinacosmetics\"},\"image\":{\"@id\":\"https:\/\/malinacosmetics.com\/#\/schema\/logo\/image\/\"},\"sameAs\":[\"https:\/\/www.facebook.com\/MalinaBeautyShopMe\/\"]}]}<\/script>\n<meta property=\"product:brand\" content=\"simple\" \/>\n<meta property=\"product:price:amount\" content=\"32.00\" \/>\n<meta property=\"product:price:currency\" content=\"EUR\" \/>\n<meta property=\"og:availability\" content=\"out of stock\" \/>\n<meta property=\"product:availability\" content=\"out of stock\" \/>\n<meta property=\"product:condition\" content=\"new\" \/>\n<!-- \/ Yoast SEO Premium plugin. -->","yoast_head_json":{"title":"Medi-Peel Gold Age Tox H8 Cream - Malina Beauty Store","robots":{"index":"index","follow":"follow","max-snippet":"max-snippet:-1","max-image-preview":"max-image-preview:large","max-video-preview":"max-video-preview:-1"},"canonical":"https:\/\/malinacosmetics.com\/sr\/\u043f\u0440\u043e\u0438\u0437\u0432\u043e\u0434\/medi-peel-gold-age-tox-h8-cream\/","og_locale":"sr_RS","og_type":"article","og_title":"Medi-Peel Gold Age Tox H8 Cream","og_description":"\u0410\u043d\u0442\u0438\u0432\u043e\u0437\u0440\u0430\u0441\u0442\u043d\u043e\u0439 \u043a\u0430\u043f\u0441\u0443\u043b\u044c\u043d\u044b\u0439 \u043a\u0440\u0435\u043c \u0441 \u044d\u043a\u0441\u0442\u0440\u0430\u043a\u0442\u043e\u043c \u0437\u043e\u043b\u043e\u0442\u043e\u0433\u043e \u0448\u0435\u043b\u043a\u043e\u043f\u0440\u044f\u0434\u0430. 50 ml","og_url":"https:\/\/malinacosmetics.com\/sr\/\u043f\u0440\u043e\u0438\u0437\u0432\u043e\u0434\/medi-peel-gold-age-tox-h8-cream\/","og_site_name":"Malina Beauty Store","article_publisher":"https:\/\/www.facebook.com\/MalinaBeautyShopMe\/","article_modified_time":"2025-06-08T08:30:40+00:00","og_image":[{"width":1200,"height":1200,"url":"https:\/\/malinacosmetics.com\/wp-content\/uploads\/2021\/08\/Medi-Peel-Gold-Age-Cream.jpg","type":"image\/jpeg"}],"twitter_card":"summary_large_image","schema":{"@context":"https:\/\/schema.org","@graph":[{"@type":["WebPage","ItemPage"],"@id":"https:\/\/malinacosmetics.com\/product\/medi-peel-gold-age-tox-h8-cream\/","url":"https:\/\/malinacosmetics.com\/product\/medi-peel-gold-age-tox-h8-cream\/","name":"Medi-Peel Gold Age Tox H8 Cream - Malina Beauty Store","isPartOf":{"@id":"https:\/\/malinacosmetics.com\/#website"},"datePublished":"2021-08-27T14:20:11+00:00","dateModified":"2025-06-08T08:30:40+00:00","breadcrumb":{"@id":"https:\/\/malinacosmetics.com\/product\/medi-peel-gold-age-tox-h8-cream\/#breadcrumb"},"inLanguage":"sr-RS","potentialAction":[{"@type":"ReadAction","target":["https:\/\/malinacosmetics.com\/product\/medi-peel-gold-age-tox-h8-cream\/"]}]},{"@type":"BreadcrumbList","@id":"https:\/\/malinacosmetics.com\/product\/medi-peel-gold-age-tox-h8-cream\/#breadcrumb","itemListElement":[{"@type":"ListItem","position":1,"name":"\u0413\u043b\u0430\u0432\u043d\u0430\u044f \u0441\u0442\u0440\u0430\u043d\u0438\u0446\u0430","item":"https:\/\/malinacosmetics.com\/"},{"@type":"ListItem","position":2,"name":"\u041a\u0430\u0442\u0430\u043b\u043e\u0433","item":"https:\/\/malinacosmetics.com\/sr\/shop\/"},{"@type":"ListItem","position":3,"name":"Medi-Peel Gold Age Tox H8 Cream"}]},{"@type":"WebSite","@id":"https:\/\/malinacosmetics.com\/#website","url":"https:\/\/malinacosmetics.com\/","name":"Malina Beauty Store","description":"Prodaja korejske kozmetike za Crnu Goru","publisher":{"@id":"https:\/\/malinacosmetics.com\/#organization"},"potentialAction":[{"@type":"SearchAction","target":{"@type":"EntryPoint","urlTemplate":"https:\/\/malinacosmetics.com\/?s={search_term_string}"},"query-input":"required name=search_term_string"}],"inLanguage":"sr-RS"},{"@type":"Organization","@id":"https:\/\/malinacosmetics.com\/#organization","name":"malinacosmetics","url":"https:\/\/malinacosmetics.com\/","logo":{"@type":"ImageObject","inLanguage":"sr-RS","@id":"https:\/\/malinacosmetics.com\/#\/schema\/logo\/image\/","url":"https:\/\/malinacosmetics.com\/wp-content\/uploads\/2021\/07\/logo.png","contentUrl":"https:\/\/malinacosmetics.com\/wp-content\/uploads\/2021\/07\/logo.png","width":500,"height":353,"caption":"malinacosmetics"},"image":{"@id":"https:\/\/malinacosmetics.com\/#\/schema\/logo\/image\/"},"sameAs":["https:\/\/www.facebook.com\/MalinaBeautyShopMe\/"]}]},"product_brand":"simple","product_price_amount":"32.00","product_price_currency":"EUR","og_availability":"out of stock","product_availability":"out of stock","product_condition":"new"},"jetpack_sharing_enabled":true,"_links":{"self":[{"href":"https:\/\/malinacosmetics.com\/sr\/wp-json\/wp\/v2\/product\/1916","targetHints":{"allow":["GET"]}}],"collection":[{"href":"https:\/\/malinacosmetics.com\/sr\/wp-json\/wp\/v2\/product"}],"about":[{"href":"https:\/\/malinacosmetics.com\/sr\/wp-json\/wp\/v2\/types\/product"}],"wp:featuredmedia":[{"embeddable":true,"href":"https:\/\/malinacosmetics.com\/sr\/wp-json\/wp\/v2\/media\/6058"}],"wp:attachment":[{"href":"https:\/\/malinacosmetics.com\/sr\/wp-json\/wp\/v2\/media?parent=1916"}],"wp:term":[{"taxonomy":"product_brand","embeddable":true,"href":"https:\/\/malinacosmetics.com\/sr\/wp-json\/wp\/v2\/product_brand?post=1916"},{"taxonomy":"product_cat","embeddable":true,"href":"https:\/\/malinacosmetics.com\/sr\/wp-json\/wp\/v2\/product_cat?post=1916"},{"taxonomy":"product_tag","embeddable":true,"href":"https:\/\/malinacosmetics.com\/sr\/wp-json\/wp\/v2\/product_tag?post=1916"}],"curies":[{"name":"wp","href":"https:\/\/api.w.org\/{rel}","templated":true}]}}