{"id":1908,"date":"2021-08-27T17:11:33","date_gmt":"2021-08-27T14:11:33","guid":{"rendered":"https:\/\/malinacosmetics.com\/?post_type=product&#038;p=1908"},"modified":"2025-06-12T18:19:27","modified_gmt":"2025-06-12T16:19:27","slug":"medi-peel-cindella-ampoule2","status":"publish","type":"product","link":"https:\/\/malinacosmetics.com\/sr\/\u043f\u0440\u043e\u0438\u0437\u0432\u043e\u0434\/medi-peel-cindella-ampoule2\/","title":{"rendered":"Medi-Peel Cindella Ampoule"},"content":{"rendered":"<p class=\"translation-block\">Antioksidativni multi serum Medi-Peel Cindella Multi-antioxsidant Ampoule hidrira, podmla\u0111uje, pobolj\u0161ava reljef i ujedna\u010dava ton ko\u017ee, uklanja toksine i slobodne radikale, ja\u010da za\u0161titne funkcije ko\u017ee, neutrali\u0161e negativno dejstvo UV zraka na epidermis i pokrec\u0301e procese regeneracije u c\u0301elijama ko\u017ee.\nMulti-serum je u stanju da obnovi organizam kao celinu na nivou c\u0301elijske DNK, ima imunomodulatorni efekat. Odr\u017eava optimalan nivo hidratacije ko\u017ee i \u0161titi povr\u0161inu epidermisa od UVA i UVB zraka. Ima izra\u017een antioksidativni efekat, tonizira i osve\u017eava ko\u017eu, pobolj\u0161ava ten, ujedna\u010dava ga i deluje revitalizirajuc\u0301e. Proizvod deluje kao prirodni za\u0161titnik ko\u017ee,\nubla\u017eava svrab i smiruje iritacije, reguli\u0161e proizvodnju sebuma i normalizuje hidro-lipidnu ravnote\u017eu, elimini\u0161e crvenilo, poma\u017ee u borbi protiv nesavr\u0161enosti ko\u017ee i bezbedno uti\u010de na epidermis, ne izaziva upale. <br>Specijalni i jedinstveni sastojak HUPURA THA odgovaran je za odr\u017eavanje elasti\u010dnosti i \u010dvrstoc\u0301e tkiva, ima revitalizirajuc\u0301i i \"budec\u0301i\" efekat, odr\u017eava mladost ko\u017ee i poma\u017ee u zagla\u0111ivanju bora, aktivira sintezu kolagenih i elastinskih vlakana, vrac\u0301a elasti\u010dnost ko\u017ee.<\/p>\n<p><strong><br>Na\u010din upotrebe:<\/strong> Nanesite nekoliko kapi nakon toniranja na ko\u017eu lica, vrhovima prstiju ne\u017eno rasporedite po linijama za masa\u017eu.<\/p>\n<hr \/>\n<p><em><strong><em>Sastojci:<\/em><\/strong> Water, Glycerin, Propanediol, 1,2-Hexanediol, Niacinamide, Butylene Glycol, Caprylic\/Capric Triglyceride, Methyl Gluceth-20, Ammonium Aaryloyldimethyltaurate\/VP Copolymer, PEG-60 Hydrogenated Castor Oil, Gelatin, Sodium Polyacylate, Fragrance, Citric Acid, Adenosine Cellulose Gum, Sodium Hyaluronate, Disodium EDTA, Lithospemum Ery throrhizon Root Extract, Soluble Proteoglycan, Salmon Egg Extract, Limonene, Linalool, Hexyl Cinnamal, CI 1 5510, CI 17200, Sodium DNA, Glutathione, Biotin, Ascorbic Asid, Tremella Fuciformis (Mushroom) Extract, Lactoba dillus\/Rye Flour Fement, Lactobadillus\/Soymilk Ferment Filtrate, Bacillus\/Soybean Ferment Extract, Maltodextrin, Calcium Pantothenate, Sodium Starch Octenylsuccinate, Ceramide NP, Aloe Barbadensis Leaf Extract, Dios pyros Kaki Leaf Extract, Sodium Ascorbyl Phosphate, Sodium Hyaluronate Crosspolymer, Centella Asiatica Extract, Rhizobian Gum, Hydrolyzed Glyco saminoglycans, Scutellaria Baicalensis Root Extract, Glydine, Acacia Senegal Gum, Tocopheryl Acetate, Pyridaxine HC, Polygonum Cuspidatum Root Extract, Serine, Glutamic acid, Camellia Sinensis Leaf Extract, Glycynhiza Glabra (Licorice) Root Extract, Origanum Vulgare Leaf Extract, Palmitoy Tripeptide-5, Chamaecyparis Obtusa Leaf Extract, Salix Alba (Willow) Bark Extract, Benzyl Glycol, Aspartic acid, Leucine, Lactobadillus\/Soybean Ferment Extract,Rosmarinus Officinalis (Rosemary) Leaf Extract, Riboflavin, Chamomilla Recutita (Matricaria) Flower Extract, Cyanocobalamin, Portulaca Oleracea Extract, Cinnamomum Cassia Bark Extract, Thiamine HCI, Pantothenic acid, Folic acid, Pyridoxine, Alanine, Lysine, Hydrogenated Lecithin, Arginine, Tyrosine, Phenylalanine, Valine, Caprylyl Glycol, Threonine, Proline, Hydrolyzed Hyaluronic Acid, Isoleucine, Histidine, Methionine, Cysteine, Silica Ethylhexylglycerin, Dipeptide Diaminobutyroyl Benzylamide Diacetate, Hyaluronic Acid, Raspbery Ketone<\/em><\/p>","protected":false},"excerpt":{"rendered":"<p>Antioksidantni multi-serum sa peptidima. 100ml<\/p>","protected":false},"featured_media":1909,"template":"","meta":{"_acf_changed":false},"product_brand":[],"product_cat":[461,224,263,86,231,437,352,296],"product_tag":[],"class_list":{"0":"post-1908","1":"product","2":"type-product","3":"status-publish","4":"has-post-thumbnail","6":"product_cat-pore","7":"product_cat-antiage","8":"product_cat-revitalizing","9":"product_cat-moisturizing","10":"product_cat-calming","11":"product_cat-alltypesofskin","12":"product_cat-serum","13":"product_cat-medi-peel","15":"first","16":"outofstock","17":"shipping-taxable","18":"purchasable","19":"product-type-simple"},"acf":[],"yoast_head":"<!-- This site is optimized with the Yoast SEO Premium plugin v19.6 (Yoast SEO v20.11) - https:\/\/yoast.com\/wordpress\/plugins\/seo\/ -->\n<title>Medi-Peel Cindella Ampoule - Malina Beauty Store<\/title>\n<meta name=\"description\" content=\"\u0410\u043d\u0442\u0438\u043e\u043a\u0441\u0438\u0434\u0430\u043d\u0442\u043d\u0430\u044f \u043c\u0443\u043b\u044c\u0442\u0438-\u0441\u044b\u0432\u043e\u0440\u043e\u0442\u043a\u0430 Medi-Peel Cindella Multi-antioxidant Ampoule. Malina Beauty store \u2013 \u0438\u043d\u0442\u0435\u0440\u043d\u0435\u0442-\u043c\u0430\u0433\u0430\u0437\u0438\u043d \u043a\u043e\u0441\u043c\u0435\u0442\u0438\u043a\u0438.\" \/>\n<meta name=\"robots\" content=\"index, follow, max-snippet:-1, max-image-preview:large, max-video-preview:-1\" \/>\n<link rel=\"canonical\" href=\"https:\/\/malinacosmetics.com\/sr\/\u043f\u0440\u043e\u0438\u0437\u0432\u043e\u0434\/medi-peel-cindella-ampoule2\/\" \/>\n<meta property=\"og:locale\" content=\"sr_RS\" \/>\n<meta property=\"og:type\" content=\"article\" \/>\n<meta property=\"og:title\" content=\"Medi-Peel Cindella Ampoule\" \/>\n<meta property=\"og:description\" content=\"\u0410\u043d\u0442\u0438\u043e\u043a\u0441\u0438\u0434\u0430\u043d\u0442\u043d\u0430\u044f \u043c\u0443\u043b\u044c\u0442\u0438-\u0441\u044b\u0432\u043e\u0440\u043e\u0442\u043a\u0430 Medi-Peel Cindella Multi-antioxidant Ampoule. Malina Beauty store \u2013 \u0438\u043d\u0442\u0435\u0440\u043d\u0435\u0442-\u043c\u0430\u0433\u0430\u0437\u0438\u043d \u043a\u043e\u0441\u043c\u0435\u0442\u0438\u043a\u0438.\" \/>\n<meta property=\"og:url\" content=\"https:\/\/malinacosmetics.com\/sr\/\u043f\u0440\u043e\u0438\u0437\u0432\u043e\u0434\/medi-peel-cindella-ampoule2\/\" \/>\n<meta property=\"og:site_name\" content=\"Malina Beauty Store\" \/>\n<meta property=\"article:publisher\" content=\"https:\/\/www.facebook.com\/MalinaBeautyShopMe\/\" \/>\n<meta property=\"article:modified_time\" content=\"2025-06-12T16:19:27+00:00\" \/>\n<meta property=\"og:image\" content=\"https:\/\/malinacosmetics.com\/wp-content\/uploads\/2021\/08\/MEDI-PEEL-Cindella-ampoule-.jpg\" \/>\n\t<meta property=\"og:image:width\" content=\"1200\" \/>\n\t<meta property=\"og:image:height\" content=\"1200\" \/>\n\t<meta property=\"og:image:type\" content=\"image\/jpeg\" \/>\n<meta name=\"twitter:card\" content=\"summary_large_image\" \/>\n<script type=\"application\/ld+json\" class=\"yoast-schema-graph\">{\"@context\":\"https:\/\/schema.org\",\"@graph\":[{\"@type\":[\"WebPage\",\"ItemPage\"],\"@id\":\"https:\/\/malinacosmetics.com\/product\/medi-peel-cindella-ampoule2\/\",\"url\":\"https:\/\/malinacosmetics.com\/product\/medi-peel-cindella-ampoule2\/\",\"name\":\"Medi-Peel Cindella Ampoule - Malina Beauty Store\",\"isPartOf\":{\"@id\":\"https:\/\/malinacosmetics.com\/#website\"},\"datePublished\":\"2021-08-27T14:11:33+00:00\",\"dateModified\":\"2025-06-12T16:19:27+00:00\",\"description\":\"\u0410\u043d\u0442\u0438\u043e\u043a\u0441\u0438\u0434\u0430\u043d\u0442\u043d\u0430\u044f \u043c\u0443\u043b\u044c\u0442\u0438-\u0441\u044b\u0432\u043e\u0440\u043e\u0442\u043a\u0430 Medi-Peel Cindella Multi-antioxidant Ampoule. Malina Beauty store \u2013 \u0438\u043d\u0442\u0435\u0440\u043d\u0435\u0442-\u043c\u0430\u0433\u0430\u0437\u0438\u043d \u043a\u043e\u0441\u043c\u0435\u0442\u0438\u043a\u0438.\",\"breadcrumb\":{\"@id\":\"https:\/\/malinacosmetics.com\/product\/medi-peel-cindella-ampoule2\/#breadcrumb\"},\"inLanguage\":\"sr-RS\",\"potentialAction\":[{\"@type\":\"ReadAction\",\"target\":[\"https:\/\/malinacosmetics.com\/product\/medi-peel-cindella-ampoule2\/\"]}]},{\"@type\":\"BreadcrumbList\",\"@id\":\"https:\/\/malinacosmetics.com\/product\/medi-peel-cindella-ampoule2\/#breadcrumb\",\"itemListElement\":[{\"@type\":\"ListItem\",\"position\":1,\"name\":\"\u0413\u043b\u0430\u0432\u043d\u0430\u044f \u0441\u0442\u0440\u0430\u043d\u0438\u0446\u0430\",\"item\":\"https:\/\/malinacosmetics.com\/\"},{\"@type\":\"ListItem\",\"position\":2,\"name\":\"\u041a\u0430\u0442\u0430\u043b\u043e\u0433\",\"item\":\"https:\/\/malinacosmetics.com\/sr\/shop\/\"},{\"@type\":\"ListItem\",\"position\":3,\"name\":\"Medi-Peel Cindella Ampoule\"}]},{\"@type\":\"WebSite\",\"@id\":\"https:\/\/malinacosmetics.com\/#website\",\"url\":\"https:\/\/malinacosmetics.com\/\",\"name\":\"Malina Beauty Store\",\"description\":\"Prodaja korejske kozmetike za Crnu Goru\",\"publisher\":{\"@id\":\"https:\/\/malinacosmetics.com\/#organization\"},\"potentialAction\":[{\"@type\":\"SearchAction\",\"target\":{\"@type\":\"EntryPoint\",\"urlTemplate\":\"https:\/\/malinacosmetics.com\/?s={search_term_string}\"},\"query-input\":\"required name=search_term_string\"}],\"inLanguage\":\"sr-RS\"},{\"@type\":\"Organization\",\"@id\":\"https:\/\/malinacosmetics.com\/#organization\",\"name\":\"malinacosmetics\",\"url\":\"https:\/\/malinacosmetics.com\/\",\"logo\":{\"@type\":\"ImageObject\",\"inLanguage\":\"sr-RS\",\"@id\":\"https:\/\/malinacosmetics.com\/#\/schema\/logo\/image\/\",\"url\":\"https:\/\/malinacosmetics.com\/wp-content\/uploads\/2021\/07\/logo.png\",\"contentUrl\":\"https:\/\/malinacosmetics.com\/wp-content\/uploads\/2021\/07\/logo.png\",\"width\":500,\"height\":353,\"caption\":\"malinacosmetics\"},\"image\":{\"@id\":\"https:\/\/malinacosmetics.com\/#\/schema\/logo\/image\/\"},\"sameAs\":[\"https:\/\/www.facebook.com\/MalinaBeautyShopMe\/\"]}]}<\/script>\n<meta property=\"product:brand\" content=\"simple\" \/>\n<meta property=\"product:price:amount\" content=\"40.00\" \/>\n<meta property=\"product:price:currency\" content=\"EUR\" \/>\n<meta property=\"og:availability\" content=\"out of stock\" \/>\n<meta property=\"product:availability\" content=\"out of stock\" \/>\n<meta property=\"product:condition\" content=\"new\" \/>\n<!-- \/ Yoast SEO Premium plugin. -->","yoast_head_json":{"title":"Medi-Peel Cindella Ampoule - Malina Beauty Store","description":"\u0410\u043d\u0442\u0438\u043e\u043a\u0441\u0438\u0434\u0430\u043d\u0442\u043d\u0430\u044f \u043c\u0443\u043b\u044c\u0442\u0438-\u0441\u044b\u0432\u043e\u0440\u043e\u0442\u043a\u0430 Medi-Peel Cindella Multi-antioxidant Ampoule. Malina Beauty store \u2013 \u0438\u043d\u0442\u0435\u0440\u043d\u0435\u0442-\u043c\u0430\u0433\u0430\u0437\u0438\u043d \u043a\u043e\u0441\u043c\u0435\u0442\u0438\u043a\u0438.","robots":{"index":"index","follow":"follow","max-snippet":"max-snippet:-1","max-image-preview":"max-image-preview:large","max-video-preview":"max-video-preview:-1"},"canonical":"https:\/\/malinacosmetics.com\/sr\/\u043f\u0440\u043e\u0438\u0437\u0432\u043e\u0434\/medi-peel-cindella-ampoule2\/","og_locale":"sr_RS","og_type":"article","og_title":"Medi-Peel Cindella Ampoule","og_description":"\u0410\u043d\u0442\u0438\u043e\u043a\u0441\u0438\u0434\u0430\u043d\u0442\u043d\u0430\u044f \u043c\u0443\u043b\u044c\u0442\u0438-\u0441\u044b\u0432\u043e\u0440\u043e\u0442\u043a\u0430 Medi-Peel Cindella Multi-antioxidant Ampoule. Malina Beauty store \u2013 \u0438\u043d\u0442\u0435\u0440\u043d\u0435\u0442-\u043c\u0430\u0433\u0430\u0437\u0438\u043d \u043a\u043e\u0441\u043c\u0435\u0442\u0438\u043a\u0438.","og_url":"https:\/\/malinacosmetics.com\/sr\/\u043f\u0440\u043e\u0438\u0437\u0432\u043e\u0434\/medi-peel-cindella-ampoule2\/","og_site_name":"Malina Beauty Store","article_publisher":"https:\/\/www.facebook.com\/MalinaBeautyShopMe\/","article_modified_time":"2025-06-12T16:19:27+00:00","og_image":[{"width":1200,"height":1200,"url":"https:\/\/malinacosmetics.com\/wp-content\/uploads\/2021\/08\/MEDI-PEEL-Cindella-ampoule-.jpg","type":"image\/jpeg"}],"twitter_card":"summary_large_image","schema":{"@context":"https:\/\/schema.org","@graph":[{"@type":["WebPage","ItemPage"],"@id":"https:\/\/malinacosmetics.com\/product\/medi-peel-cindella-ampoule2\/","url":"https:\/\/malinacosmetics.com\/product\/medi-peel-cindella-ampoule2\/","name":"Medi-Peel Cindella Ampoule - Malina Beauty Store","isPartOf":{"@id":"https:\/\/malinacosmetics.com\/#website"},"datePublished":"2021-08-27T14:11:33+00:00","dateModified":"2025-06-12T16:19:27+00:00","description":"\u0410\u043d\u0442\u0438\u043e\u043a\u0441\u0438\u0434\u0430\u043d\u0442\u043d\u0430\u044f \u043c\u0443\u043b\u044c\u0442\u0438-\u0441\u044b\u0432\u043e\u0440\u043e\u0442\u043a\u0430 Medi-Peel Cindella Multi-antioxidant Ampoule. Malina Beauty store \u2013 \u0438\u043d\u0442\u0435\u0440\u043d\u0435\u0442-\u043c\u0430\u0433\u0430\u0437\u0438\u043d \u043a\u043e\u0441\u043c\u0435\u0442\u0438\u043a\u0438.","breadcrumb":{"@id":"https:\/\/malinacosmetics.com\/product\/medi-peel-cindella-ampoule2\/#breadcrumb"},"inLanguage":"sr-RS","potentialAction":[{"@type":"ReadAction","target":["https:\/\/malinacosmetics.com\/product\/medi-peel-cindella-ampoule2\/"]}]},{"@type":"BreadcrumbList","@id":"https:\/\/malinacosmetics.com\/product\/medi-peel-cindella-ampoule2\/#breadcrumb","itemListElement":[{"@type":"ListItem","position":1,"name":"\u0413\u043b\u0430\u0432\u043d\u0430\u044f \u0441\u0442\u0440\u0430\u043d\u0438\u0446\u0430","item":"https:\/\/malinacosmetics.com\/"},{"@type":"ListItem","position":2,"name":"\u041a\u0430\u0442\u0430\u043b\u043e\u0433","item":"https:\/\/malinacosmetics.com\/sr\/shop\/"},{"@type":"ListItem","position":3,"name":"Medi-Peel Cindella Ampoule"}]},{"@type":"WebSite","@id":"https:\/\/malinacosmetics.com\/#website","url":"https:\/\/malinacosmetics.com\/","name":"Malina Beauty Store","description":"Prodaja korejske kozmetike za Crnu Goru","publisher":{"@id":"https:\/\/malinacosmetics.com\/#organization"},"potentialAction":[{"@type":"SearchAction","target":{"@type":"EntryPoint","urlTemplate":"https:\/\/malinacosmetics.com\/?s={search_term_string}"},"query-input":"required name=search_term_string"}],"inLanguage":"sr-RS"},{"@type":"Organization","@id":"https:\/\/malinacosmetics.com\/#organization","name":"malinacosmetics","url":"https:\/\/malinacosmetics.com\/","logo":{"@type":"ImageObject","inLanguage":"sr-RS","@id":"https:\/\/malinacosmetics.com\/#\/schema\/logo\/image\/","url":"https:\/\/malinacosmetics.com\/wp-content\/uploads\/2021\/07\/logo.png","contentUrl":"https:\/\/malinacosmetics.com\/wp-content\/uploads\/2021\/07\/logo.png","width":500,"height":353,"caption":"malinacosmetics"},"image":{"@id":"https:\/\/malinacosmetics.com\/#\/schema\/logo\/image\/"},"sameAs":["https:\/\/www.facebook.com\/MalinaBeautyShopMe\/"]}]},"product_brand":"simple","product_price_amount":"40.00","product_price_currency":"EUR","og_availability":"out of stock","product_availability":"out of stock","product_condition":"new"},"jetpack_sharing_enabled":true,"_links":{"self":[{"href":"https:\/\/malinacosmetics.com\/sr\/wp-json\/wp\/v2\/product\/1908","targetHints":{"allow":["GET"]}}],"collection":[{"href":"https:\/\/malinacosmetics.com\/sr\/wp-json\/wp\/v2\/product"}],"about":[{"href":"https:\/\/malinacosmetics.com\/sr\/wp-json\/wp\/v2\/types\/product"}],"wp:featuredmedia":[{"embeddable":true,"href":"https:\/\/malinacosmetics.com\/sr\/wp-json\/wp\/v2\/media\/1909"}],"wp:attachment":[{"href":"https:\/\/malinacosmetics.com\/sr\/wp-json\/wp\/v2\/media?parent=1908"}],"wp:term":[{"taxonomy":"product_brand","embeddable":true,"href":"https:\/\/malinacosmetics.com\/sr\/wp-json\/wp\/v2\/product_brand?post=1908"},{"taxonomy":"product_cat","embeddable":true,"href":"https:\/\/malinacosmetics.com\/sr\/wp-json\/wp\/v2\/product_cat?post=1908"},{"taxonomy":"product_tag","embeddable":true,"href":"https:\/\/malinacosmetics.com\/sr\/wp-json\/wp\/v2\/product_tag?post=1908"}],"curies":[{"name":"wp","href":"https:\/\/api.w.org\/{rel}","templated":true}]}}