{"id":1904,"date":"2021-08-27T17:07:00","date_gmt":"2021-08-27T14:07:00","guid":{"rendered":"https:\/\/malinacosmetics.com\/?post_type=product&#038;p=1904"},"modified":"2026-04-11T15:59:26","modified_gmt":"2026-04-11T13:59:26","slug":"medi-peel-peptide-9-aqua-essence-toner2","status":"publish","type":"product","link":"https:\/\/malinacosmetics.com\/sr\/\u043f\u0440\u043e\u0438\u0437\u0432\u043e\u0434\/medi-peel-peptide-9-aqua-essence-toner2\/","title":{"rendered":"Medi-Peel Peptide 9 Aqua Essence Toner"},"content":{"rendered":"<p class=\"translation-block\">Peptid toner esencija za podizanje lica poma\u017ee obnoviti umornu, opu\u0161tenu, be\u017eivotnu ko\u017eu, vraca svezinu, mekoc\u0301u, sjaj, \u010dvrstoc\u0301u, i elasti\u010dnosti.\nZahvaljujuc\u0301i 9 peptida, 4 vrste hijaluronske kiseline, hidrolizovanom kolagenu i elastinu, betainu, argininu, adenozinu, kompleksu biljnih ekstrakata, ketonu maline, toner kvalitativno hrani i vla\u017ei ko\u017eu, aktivira unutarc\u0301elijske procese njenog podmla\u0111ivanja i oporavka. Redovnom upotrebom tonera ko\u017ea dobija i zadr\u017eava prirodnu lepotu, zdravlje, ujedna\u010den tonus i mikroreljef na du\u017ee vreme, njen ton se povec\u0301ava, tragovi umora i stresa nestaju, nestaju znaci uvenuc\u0301a, a lokalni imunitet se pobolj\u0161ava.<\/p>\n<p><strong><br>Na\u010din upotrebe:<\/strong> Obri\u0161ite o\u010di\u0161c\u0301eno lice pamu\u010dnom jastu\u010dic\u0301em navla\u017eenim tonikom ili \u010distim rukama nanesite tonik na ko\u017eu laganim pokretima.<\/p>\n<hr \/>\n<div><em><strong><em>Sastojci:<\/em><\/strong> Water, Glycerin, 1,2-Hexanediol, Butylene Glycol, Betaine, Trehalose, PEG-60 Hydrogenated Castor Oil, Carbomer, Arginine, Ethylhexylglycerin, Sodium PCA, Adenosine, Sodium Hyaluronate, Hydrolyzed Elastin, Hydrolyzed Collagen, Magnolia Officinalis Bark Extract, Alcohol, Hydrogenated Polyisobutene, Juniperus Communis Fruit Extract, Eucalyptus Globulus Leaf Extract, Propanediol, Sodium Hyaluronate Crosspolymer, Fructan, Hydrolyzed Glycosaminoglycans, Polysorbate 80, Benzyl Glycol, Astaxanthin, Hydrolyzed Hyaluronic Acid, Caprylyl Glycol, Anemarrhena Asphodeloides Root Extract, Acetyl Octapeptide-3 (5ppb), Hyaluronic Acid, Palmitoyl Tetrapeptide-7 (5 ppb), Raspberry Ketone, Tocopherol, Tripeptide-1 (1 ppb), Palmitoyl Tripeptide-1 (1 ppb), Palmitoyl Pentapeptide-4 (1 ppb), Acetyl Hexapeptide-8 (1 ppb), Copper Tripeptide-1 (1 ppb), Hexapeptide-9 (0.5ppb), Nonapeptide-1 (0.1 ppb), Fragrance, Phenoxyethanol<\/em><\/div>","protected":false},"excerpt":{"rendered":"<p>Toner esencija sa peptidima. 250ml<\/p>","protected":false},"featured_media":6139,"template":"","meta":{"_acf_changed":false},"product_brand":[],"product_cat":[400,224,86,437,439,290,435,365,296],"product_tag":[410],"class_list":{"0":"post-1904","1":"product","2":"type-product","3":"status-publish","4":"has-post-thumbnail","6":"product_cat-lifting","7":"product_cat-antiage","8":"product_cat-moisturizing","9":"product_cat-alltypesofskin","10":"product_cat-matureskin","11":"product_cat-toning","12":"product_cat-toner","13":"product_cat-bestsellers","14":"product_cat-medi-peel","15":"product_tag-peptide-9","17":"first","18":"instock","19":"shipping-taxable","20":"purchasable","21":"product-type-simple"},"acf":[],"yoast_head":"<!-- This site is optimized with the Yoast SEO Premium plugin v19.6 (Yoast SEO v20.11) - https:\/\/yoast.com\/wordpress\/plugins\/seo\/ -->\n<title>Medi-Peel Peptide 9 Aqua Essence Toner - Malina Beauty Store<\/title>\n<meta name=\"description\" content=\"\u041f\u0435\u043f\u0442\u0438\u0434\u043d\u044b\u0439 \u0442\u043e\u043d\u0435\u0440-\u044d\u0441\u0441\u0435\u043d\u0446\u0438\u044f \u0434\u043b\u044f \u0437\u0440\u0435\u043b\u043e\u0439 \u043a\u043e\u0436\u0438 Medi-Peel 9 Aqua Essence Toner. Malina Beauty store \u2013 \u0438\u043d\u0442\u0435\u0440\u043d\u0435\u0442-\u043c\u0430\u0433\u0430\u0437\u0438\u043d \u0441\u0435\u0440\u0442\u0438\u0444\u0438\u0446\u0438\u0440\u043e\u0432\u0430\u043d\u043d\u043e\u0439 \u043a\u043e\u0441\u043c\u0435\u0442\u0438\u043a\u0438.\" \/>\n<meta name=\"robots\" content=\"index, follow, max-snippet:-1, max-image-preview:large, max-video-preview:-1\" \/>\n<link rel=\"canonical\" href=\"https:\/\/malinacosmetics.com\/sr\/\u043f\u0440\u043e\u0438\u0437\u0432\u043e\u0434\/medi-peel-peptide-9-aqua-essence-toner2\/\" \/>\n<meta property=\"og:locale\" content=\"sr_RS\" \/>\n<meta property=\"og:type\" content=\"article\" \/>\n<meta property=\"og:title\" content=\"Medi-Peel Peptide 9 Aqua Essence Toner\" \/>\n<meta property=\"og:description\" content=\"\u041f\u0435\u043f\u0442\u0438\u0434\u043d\u044b\u0439 \u0442\u043e\u043d\u0435\u0440-\u044d\u0441\u0441\u0435\u043d\u0446\u0438\u044f \u0434\u043b\u044f \u0437\u0440\u0435\u043b\u043e\u0439 \u043a\u043e\u0436\u0438 Medi-Peel 9 Aqua Essence Toner. Malina Beauty store \u2013 \u0438\u043d\u0442\u0435\u0440\u043d\u0435\u0442-\u043c\u0430\u0433\u0430\u0437\u0438\u043d \u0441\u0435\u0440\u0442\u0438\u0444\u0438\u0446\u0438\u0440\u043e\u0432\u0430\u043d\u043d\u043e\u0439 \u043a\u043e\u0441\u043c\u0435\u0442\u0438\u043a\u0438.\" \/>\n<meta property=\"og:url\" content=\"https:\/\/malinacosmetics.com\/sr\/\u043f\u0440\u043e\u0438\u0437\u0432\u043e\u0434\/medi-peel-peptide-9-aqua-essence-toner2\/\" \/>\n<meta property=\"og:site_name\" content=\"Malina Beauty Store\" \/>\n<meta property=\"article:publisher\" content=\"https:\/\/www.facebook.com\/MalinaBeautyShopMe\/\" \/>\n<meta property=\"article:modified_time\" content=\"2026-04-11T13:59:26+00:00\" \/>\n<meta property=\"og:image\" content=\"https:\/\/malinacosmetics.com\/wp-content\/uploads\/2021\/08\/Medi-Peel-Peptide-9-Aqua-Essence-Toner2.jpg\" \/>\n\t<meta property=\"og:image:width\" content=\"1000\" \/>\n\t<meta property=\"og:image:height\" content=\"1000\" \/>\n\t<meta property=\"og:image:type\" content=\"image\/jpeg\" \/>\n<meta name=\"twitter:card\" content=\"summary_large_image\" \/>\n<script type=\"application\/ld+json\" class=\"yoast-schema-graph\">{\"@context\":\"https:\/\/schema.org\",\"@graph\":[{\"@type\":[\"WebPage\",\"ItemPage\"],\"@id\":\"https:\/\/malinacosmetics.com\/product\/medi-peel-peptide-9-aqua-essence-toner2\/\",\"url\":\"https:\/\/malinacosmetics.com\/product\/medi-peel-peptide-9-aqua-essence-toner2\/\",\"name\":\"Medi-Peel Peptide 9 Aqua Essence Toner - Malina Beauty Store\",\"isPartOf\":{\"@id\":\"https:\/\/malinacosmetics.com\/#website\"},\"datePublished\":\"2021-08-27T14:07:00+00:00\",\"dateModified\":\"2026-04-11T13:59:26+00:00\",\"description\":\"\u041f\u0435\u043f\u0442\u0438\u0434\u043d\u044b\u0439 \u0442\u043e\u043d\u0435\u0440-\u044d\u0441\u0441\u0435\u043d\u0446\u0438\u044f \u0434\u043b\u044f \u0437\u0440\u0435\u043b\u043e\u0439 \u043a\u043e\u0436\u0438 Medi-Peel 9 Aqua Essence Toner. Malina Beauty store \u2013 \u0438\u043d\u0442\u0435\u0440\u043d\u0435\u0442-\u043c\u0430\u0433\u0430\u0437\u0438\u043d \u0441\u0435\u0440\u0442\u0438\u0444\u0438\u0446\u0438\u0440\u043e\u0432\u0430\u043d\u043d\u043e\u0439 \u043a\u043e\u0441\u043c\u0435\u0442\u0438\u043a\u0438.\",\"breadcrumb\":{\"@id\":\"https:\/\/malinacosmetics.com\/product\/medi-peel-peptide-9-aqua-essence-toner2\/#breadcrumb\"},\"inLanguage\":\"sr-RS\",\"potentialAction\":[{\"@type\":\"ReadAction\",\"target\":[\"https:\/\/malinacosmetics.com\/product\/medi-peel-peptide-9-aqua-essence-toner2\/\"]}]},{\"@type\":\"BreadcrumbList\",\"@id\":\"https:\/\/malinacosmetics.com\/product\/medi-peel-peptide-9-aqua-essence-toner2\/#breadcrumb\",\"itemListElement\":[{\"@type\":\"ListItem\",\"position\":1,\"name\":\"\u0413\u043b\u0430\u0432\u043d\u0430\u044f \u0441\u0442\u0440\u0430\u043d\u0438\u0446\u0430\",\"item\":\"https:\/\/malinacosmetics.com\/\"},{\"@type\":\"ListItem\",\"position\":2,\"name\":\"\u041a\u0430\u0442\u0430\u043b\u043e\u0433\",\"item\":\"https:\/\/malinacosmetics.com\/sr\/shop\/\"},{\"@type\":\"ListItem\",\"position\":3,\"name\":\"Medi-Peel Peptide 9 Aqua Essence Toner\"}]},{\"@type\":\"WebSite\",\"@id\":\"https:\/\/malinacosmetics.com\/#website\",\"url\":\"https:\/\/malinacosmetics.com\/\",\"name\":\"Malina Beauty Store\",\"description\":\"Prodaja korejske kozmetike za Crnu Goru\",\"publisher\":{\"@id\":\"https:\/\/malinacosmetics.com\/#organization\"},\"potentialAction\":[{\"@type\":\"SearchAction\",\"target\":{\"@type\":\"EntryPoint\",\"urlTemplate\":\"https:\/\/malinacosmetics.com\/?s={search_term_string}\"},\"query-input\":\"required name=search_term_string\"}],\"inLanguage\":\"sr-RS\"},{\"@type\":\"Organization\",\"@id\":\"https:\/\/malinacosmetics.com\/#organization\",\"name\":\"malinacosmetics\",\"url\":\"https:\/\/malinacosmetics.com\/\",\"logo\":{\"@type\":\"ImageObject\",\"inLanguage\":\"sr-RS\",\"@id\":\"https:\/\/malinacosmetics.com\/#\/schema\/logo\/image\/\",\"url\":\"https:\/\/malinacosmetics.com\/wp-content\/uploads\/2021\/07\/logo.png\",\"contentUrl\":\"https:\/\/malinacosmetics.com\/wp-content\/uploads\/2021\/07\/logo.png\",\"width\":500,\"height\":353,\"caption\":\"malinacosmetics\"},\"image\":{\"@id\":\"https:\/\/malinacosmetics.com\/#\/schema\/logo\/image\/\"},\"sameAs\":[\"https:\/\/www.facebook.com\/MalinaBeautyShopMe\/\"]}]}<\/script>\n<meta property=\"product:brand\" content=\"simple\" \/>\n<meta property=\"product:price:amount\" content=\"27.00\" \/>\n<meta property=\"product:price:currency\" content=\"EUR\" \/>\n<meta property=\"og:availability\" content=\"instock\" \/>\n<meta property=\"product:availability\" content=\"instock\" \/>\n<meta property=\"product:condition\" content=\"new\" \/>\n<!-- \/ Yoast SEO Premium plugin. -->","yoast_head_json":{"title":"Medi-Peel Peptide 9 Aqua Essence Toner - Malina Beauty Store","description":"\u041f\u0435\u043f\u0442\u0438\u0434\u043d\u044b\u0439 \u0442\u043e\u043d\u0435\u0440-\u044d\u0441\u0441\u0435\u043d\u0446\u0438\u044f \u0434\u043b\u044f \u0437\u0440\u0435\u043b\u043e\u0439 \u043a\u043e\u0436\u0438 Medi-Peel 9 Aqua Essence Toner. Malina Beauty store \u2013 \u0438\u043d\u0442\u0435\u0440\u043d\u0435\u0442-\u043c\u0430\u0433\u0430\u0437\u0438\u043d \u0441\u0435\u0440\u0442\u0438\u0444\u0438\u0446\u0438\u0440\u043e\u0432\u0430\u043d\u043d\u043e\u0439 \u043a\u043e\u0441\u043c\u0435\u0442\u0438\u043a\u0438.","robots":{"index":"index","follow":"follow","max-snippet":"max-snippet:-1","max-image-preview":"max-image-preview:large","max-video-preview":"max-video-preview:-1"},"canonical":"https:\/\/malinacosmetics.com\/sr\/\u043f\u0440\u043e\u0438\u0437\u0432\u043e\u0434\/medi-peel-peptide-9-aqua-essence-toner2\/","og_locale":"sr_RS","og_type":"article","og_title":"Medi-Peel Peptide 9 Aqua Essence Toner","og_description":"\u041f\u0435\u043f\u0442\u0438\u0434\u043d\u044b\u0439 \u0442\u043e\u043d\u0435\u0440-\u044d\u0441\u0441\u0435\u043d\u0446\u0438\u044f \u0434\u043b\u044f \u0437\u0440\u0435\u043b\u043e\u0439 \u043a\u043e\u0436\u0438 Medi-Peel 9 Aqua Essence Toner. Malina Beauty store \u2013 \u0438\u043d\u0442\u0435\u0440\u043d\u0435\u0442-\u043c\u0430\u0433\u0430\u0437\u0438\u043d \u0441\u0435\u0440\u0442\u0438\u0444\u0438\u0446\u0438\u0440\u043e\u0432\u0430\u043d\u043d\u043e\u0439 \u043a\u043e\u0441\u043c\u0435\u0442\u0438\u043a\u0438.","og_url":"https:\/\/malinacosmetics.com\/sr\/\u043f\u0440\u043e\u0438\u0437\u0432\u043e\u0434\/medi-peel-peptide-9-aqua-essence-toner2\/","og_site_name":"Malina Beauty Store","article_publisher":"https:\/\/www.facebook.com\/MalinaBeautyShopMe\/","article_modified_time":"2026-04-11T13:59:26+00:00","og_image":[{"width":1000,"height":1000,"url":"https:\/\/malinacosmetics.com\/wp-content\/uploads\/2021\/08\/Medi-Peel-Peptide-9-Aqua-Essence-Toner2.jpg","type":"image\/jpeg"}],"twitter_card":"summary_large_image","schema":{"@context":"https:\/\/schema.org","@graph":[{"@type":["WebPage","ItemPage"],"@id":"https:\/\/malinacosmetics.com\/product\/medi-peel-peptide-9-aqua-essence-toner2\/","url":"https:\/\/malinacosmetics.com\/product\/medi-peel-peptide-9-aqua-essence-toner2\/","name":"Medi-Peel Peptide 9 Aqua Essence Toner - Malina Beauty Store","isPartOf":{"@id":"https:\/\/malinacosmetics.com\/#website"},"datePublished":"2021-08-27T14:07:00+00:00","dateModified":"2026-04-11T13:59:26+00:00","description":"\u041f\u0435\u043f\u0442\u0438\u0434\u043d\u044b\u0439 \u0442\u043e\u043d\u0435\u0440-\u044d\u0441\u0441\u0435\u043d\u0446\u0438\u044f \u0434\u043b\u044f \u0437\u0440\u0435\u043b\u043e\u0439 \u043a\u043e\u0436\u0438 Medi-Peel 9 Aqua Essence Toner. Malina Beauty store \u2013 \u0438\u043d\u0442\u0435\u0440\u043d\u0435\u0442-\u043c\u0430\u0433\u0430\u0437\u0438\u043d \u0441\u0435\u0440\u0442\u0438\u0444\u0438\u0446\u0438\u0440\u043e\u0432\u0430\u043d\u043d\u043e\u0439 \u043a\u043e\u0441\u043c\u0435\u0442\u0438\u043a\u0438.","breadcrumb":{"@id":"https:\/\/malinacosmetics.com\/product\/medi-peel-peptide-9-aqua-essence-toner2\/#breadcrumb"},"inLanguage":"sr-RS","potentialAction":[{"@type":"ReadAction","target":["https:\/\/malinacosmetics.com\/product\/medi-peel-peptide-9-aqua-essence-toner2\/"]}]},{"@type":"BreadcrumbList","@id":"https:\/\/malinacosmetics.com\/product\/medi-peel-peptide-9-aqua-essence-toner2\/#breadcrumb","itemListElement":[{"@type":"ListItem","position":1,"name":"\u0413\u043b\u0430\u0432\u043d\u0430\u044f \u0441\u0442\u0440\u0430\u043d\u0438\u0446\u0430","item":"https:\/\/malinacosmetics.com\/"},{"@type":"ListItem","position":2,"name":"\u041a\u0430\u0442\u0430\u043b\u043e\u0433","item":"https:\/\/malinacosmetics.com\/sr\/shop\/"},{"@type":"ListItem","position":3,"name":"Medi-Peel Peptide 9 Aqua Essence Toner"}]},{"@type":"WebSite","@id":"https:\/\/malinacosmetics.com\/#website","url":"https:\/\/malinacosmetics.com\/","name":"Malina Beauty Store","description":"Prodaja korejske kozmetike za Crnu Goru","publisher":{"@id":"https:\/\/malinacosmetics.com\/#organization"},"potentialAction":[{"@type":"SearchAction","target":{"@type":"EntryPoint","urlTemplate":"https:\/\/malinacosmetics.com\/?s={search_term_string}"},"query-input":"required name=search_term_string"}],"inLanguage":"sr-RS"},{"@type":"Organization","@id":"https:\/\/malinacosmetics.com\/#organization","name":"malinacosmetics","url":"https:\/\/malinacosmetics.com\/","logo":{"@type":"ImageObject","inLanguage":"sr-RS","@id":"https:\/\/malinacosmetics.com\/#\/schema\/logo\/image\/","url":"https:\/\/malinacosmetics.com\/wp-content\/uploads\/2021\/07\/logo.png","contentUrl":"https:\/\/malinacosmetics.com\/wp-content\/uploads\/2021\/07\/logo.png","width":500,"height":353,"caption":"malinacosmetics"},"image":{"@id":"https:\/\/malinacosmetics.com\/#\/schema\/logo\/image\/"},"sameAs":["https:\/\/www.facebook.com\/MalinaBeautyShopMe\/"]}]},"product_brand":"simple","product_price_amount":"27.00","product_price_currency":"EUR","og_availability":"instock","product_availability":"instock","product_condition":"new"},"jetpack_sharing_enabled":true,"_links":{"self":[{"href":"https:\/\/malinacosmetics.com\/sr\/wp-json\/wp\/v2\/product\/1904","targetHints":{"allow":["GET"]}}],"collection":[{"href":"https:\/\/malinacosmetics.com\/sr\/wp-json\/wp\/v2\/product"}],"about":[{"href":"https:\/\/malinacosmetics.com\/sr\/wp-json\/wp\/v2\/types\/product"}],"wp:featuredmedia":[{"embeddable":true,"href":"https:\/\/malinacosmetics.com\/sr\/wp-json\/wp\/v2\/media\/6139"}],"wp:attachment":[{"href":"https:\/\/malinacosmetics.com\/sr\/wp-json\/wp\/v2\/media?parent=1904"}],"wp:term":[{"taxonomy":"product_brand","embeddable":true,"href":"https:\/\/malinacosmetics.com\/sr\/wp-json\/wp\/v2\/product_brand?post=1904"},{"taxonomy":"product_cat","embeddable":true,"href":"https:\/\/malinacosmetics.com\/sr\/wp-json\/wp\/v2\/product_cat?post=1904"},{"taxonomy":"product_tag","embeddable":true,"href":"https:\/\/malinacosmetics.com\/sr\/wp-json\/wp\/v2\/product_tag?post=1904"}],"curies":[{"name":"wp","href":"https:\/\/api.w.org\/{rel}","templated":true}]}}