{"id":1898,"date":"2021-08-27T16:59:50","date_gmt":"2021-08-27T13:59:50","guid":{"rendered":"https:\/\/malinacosmetics.com\/?post_type=product&#038;p=1898"},"modified":"2026-03-14T16:44:48","modified_gmt":"2026-03-14T15:44:48","slug":"medi-peel-bor-tox-peptide-ampoule2","status":"publish","type":"product","link":"https:\/\/malinacosmetics.com\/sr\/\u043f\u0440\u043e\u0438\u0437\u0432\u043e\u0434\/medi-peel-bor-tox-peptide-ampoule2\/","title":{"rendered":"Medi-Peel Bor-Tox Peptide Ampoule"},"content":{"rendered":"<p style=\"text-align: left;\" class=\"translation-block\">Visoko koncentrovana  ampula sa peptidnim kompleksom ima botoks efekat, primetno izgla\u0111uje mimi\u010dne bore,  smanjuje dubinu bora u predelu nasolabijalnih nabora, bora smejalica oko o\u010diju, u predelu izme\u0111u obrva i ispod o\u010diju. Povec\u0301a \u010dvrstinu i elasti\u010dnost ko\u017ee, zate\u017ee i ja\u010da oval lica i usporava proces starenja.  Normalizuje ravnote\u017eu vode i masti, odr\u017eava optimalan nivo vlage u c\u0301elijama epiderme, elimini\u0161e suvoc\u0301u i lju\u0161tenje. Proizvod poma\u017ee kako u borbi protiv postojec\u0301ih bora tako i spre\u010dava pojavu novih. <br>\nVoljufilin je savremeni aktivni sastojak, ekstrakt korena Anemarrhenae asphodeloides koji efikasno stimuli\u0161e adipocite - \u0107elije koje \u010dine ve\u0107inu masnog tkiva. Upotreba volufilina dovodi do pove\u0107anja (densifikacije) masnog tkiva. Daje vidljiv kozmeti\u010dki efekat lipofilinga. Daje ko\u017ei \u010dvrstinu i obim, popunjava praznine, reguli\u0161e proces nakupljanja lipida i zagla\u0111uje ko\u017eu. <br>\nKompleks od 5 peptida podsti\u0107e ja\u010danje kontura lica, pobolj\u0161avaju\u0107i ukupni tonus ko\u017ee, ja\u010da kolagena vlakana.<br>\nEnzimi laktobacila osvetljavaju, vla\u017ee, elimini\u0161u crvenilo, reguli\u0161u proizvodnju melanina u epidermisu, ne\u017eno eksfoliraju stratum corneum i ubrzavaju procese regeneracije.<br>\nHijaluronska kiselina, koja prodire duboko u epidermis, elimini\u0161e dehidraciju ko\u017ee, nadokna\u0111uje nedostatak vlage, elimini\u0161e suvoc\u0301u i \u0161titi ko\u017eu od starenja.<\/p>\n<p><strong><br>Na\u010din upotrebe:<\/strong> Nanesite nekoliko kapi sredstva za \u010di\u0161c\u0301enje na o\u010di\u0161c\u0301enu ko\u017eu, ne\u017eno umasirajte u problemati\u010dna podru\u010dja ko\u017ee.<\/p>\n<hr \/>\n<div><em><strong><em>Sastojci:<\/em><\/strong> Water, Butylene Glycol, Hydrogenated Polyisobutene, 1,2-Hexanediol, Hydrolyzed Collagen, Polyacrylamide, Lactobacillus\/Pumpkin Ferment Extract, Lactobacillus\/Soybean Ferment Extract, C13-14 Isoparaffin, Polysorbate 20, Arginine, Lactobacillus\/Punica Granatum Fruit Ferment Extract, Lactobacillus\/Wasabia Japonica Root Ferment Extract, Sodium Hyaluronate, Ethylhexylglycerin, Saccharomyces\/Grape Ferment Extract, Carbomer, Allantoin, Acrylates\/C10-30 Alkyl Acrylate Crosspolymer, Saccharomyces Ferment Filtrate, Laureth-7, Bifida Ferment Lysate, Disodium EDTA, Adenosine, Leontopodium Alpinum Callus Culture Extract, Fragrance, Hydrolyzed Elastin, Gardenia Florida Fruit Extract, Anemarrhena Asphodeloides Root Extract, Inonotus Obliquus (Mushroom) Extract, Elaeis Guineensis (Palm) Oil, Copper Tripeptide-1, Acetyl Hexapeptide-8, Oligopeptide-32, Oligopeptide-29, Palmitoyl Pentapeptide-4<\/em><\/div>","protected":false},"excerpt":{"rendered":"<p>Lifting-ampula  sa kompleksom peptida. 30ml<\/p>","protected":false},"featured_media":5839,"template":"","meta":{"_acf_changed":false},"product_brand":[],"product_cat":[224,352,296],"product_tag":[405],"class_list":{"0":"post-1898","1":"product","2":"type-product","3":"status-publish","4":"has-post-thumbnail","6":"product_cat-antiage","7":"product_cat-serum","8":"product_cat-medi-peel","9":"product_tag-bor-tox","11":"first","12":"instock","13":"shipping-taxable","14":"purchasable","15":"product-type-simple"},"acf":[],"yoast_head":"<!-- This site is optimized with the Yoast SEO Premium plugin v19.6 (Yoast SEO v20.11) - https:\/\/yoast.com\/wordpress\/plugins\/seo\/ -->\n<title>Medi-Peel Bor-Tox Peptide Ampoule - Malina Beauty Store<\/title>\n<meta name=\"description\" content=\"\u041b\u0438\u0444\u0442\u0438\u043d\u0433-\u0430\u043c\u043f\u0443\u043b\u0430 \u0441 \u043f\u0435\u043f\u0442\u0438\u0434\u043d\u044b\u043c \u043a\u043e\u043c\u043f\u043b\u0435\u043a\u0441\u043e\u043c Medi-Peel Bor-Tox Peptide Ampoule. Malina Beauty store \u2013 \u0438\u043d\u0442\u0435\u0440\u043d\u0435\u0442-\u043c\u0430\u0433\u0430\u0437\u0438\u043d \u0441\u0435\u0440\u0442\u0438\u0444\u0438\u0446\u0438\u0440\u043e\u0432\u0430\u043d\u043d\u043e\u0439 \u043a\u043e\u0441\u043c\u0435\u0442\u0438\u043a\u0438.\" \/>\n<meta name=\"robots\" content=\"index, follow, max-snippet:-1, max-image-preview:large, max-video-preview:-1\" \/>\n<link rel=\"canonical\" href=\"https:\/\/malinacosmetics.com\/sr\/\u043f\u0440\u043e\u0438\u0437\u0432\u043e\u0434\/medi-peel-bor-tox-peptide-ampoule2\/\" \/>\n<meta property=\"og:locale\" content=\"sr_RS\" \/>\n<meta property=\"og:type\" content=\"article\" \/>\n<meta property=\"og:title\" content=\"Medi-Peel Bor-Tox Peptide Ampoule\" \/>\n<meta property=\"og:description\" content=\"\u041b\u0438\u0444\u0442\u0438\u043d\u0433-\u0430\u043c\u043f\u0443\u043b\u0430 \u0441 \u043f\u0435\u043f\u0442\u0438\u0434\u043d\u044b\u043c \u043a\u043e\u043c\u043f\u043b\u0435\u043a\u0441\u043e\u043c Medi-Peel Bor-Tox Peptide Ampoule. Malina Beauty store \u2013 \u0438\u043d\u0442\u0435\u0440\u043d\u0435\u0442-\u043c\u0430\u0433\u0430\u0437\u0438\u043d \u0441\u0435\u0440\u0442\u0438\u0444\u0438\u0446\u0438\u0440\u043e\u0432\u0430\u043d\u043d\u043e\u0439 \u043a\u043e\u0441\u043c\u0435\u0442\u0438\u043a\u0438.\" \/>\n<meta property=\"og:url\" content=\"https:\/\/malinacosmetics.com\/sr\/\u043f\u0440\u043e\u0438\u0437\u0432\u043e\u0434\/medi-peel-bor-tox-peptide-ampoule2\/\" \/>\n<meta property=\"og:site_name\" content=\"Malina Beauty Store\" \/>\n<meta property=\"article:publisher\" content=\"https:\/\/www.facebook.com\/MalinaBeautyShopMe\/\" \/>\n<meta property=\"article:modified_time\" content=\"2026-03-14T15:44:48+00:00\" \/>\n<meta property=\"og:image\" content=\"https:\/\/malinacosmetics.com\/wp-content\/uploads\/2021\/08\/Bor-Tox-Ampoule.jpg\" \/>\n\t<meta property=\"og:image:width\" content=\"800\" \/>\n\t<meta property=\"og:image:height\" content=\"800\" \/>\n\t<meta property=\"og:image:type\" content=\"image\/jpeg\" \/>\n<meta name=\"twitter:card\" content=\"summary_large_image\" \/>\n<script type=\"application\/ld+json\" class=\"yoast-schema-graph\">{\"@context\":\"https:\/\/schema.org\",\"@graph\":[{\"@type\":[\"WebPage\",\"ItemPage\"],\"@id\":\"https:\/\/malinacosmetics.com\/product\/medi-peel-bor-tox-peptide-ampoule2\/\",\"url\":\"https:\/\/malinacosmetics.com\/product\/medi-peel-bor-tox-peptide-ampoule2\/\",\"name\":\"Medi-Peel Bor-Tox Peptide Ampoule - Malina Beauty Store\",\"isPartOf\":{\"@id\":\"https:\/\/malinacosmetics.com\/#website\"},\"datePublished\":\"2021-08-27T13:59:50+00:00\",\"dateModified\":\"2026-03-14T15:44:48+00:00\",\"description\":\"\u041b\u0438\u0444\u0442\u0438\u043d\u0433-\u0430\u043c\u043f\u0443\u043b\u0430 \u0441 \u043f\u0435\u043f\u0442\u0438\u0434\u043d\u044b\u043c \u043a\u043e\u043c\u043f\u043b\u0435\u043a\u0441\u043e\u043c Medi-Peel Bor-Tox Peptide Ampoule. Malina Beauty store \u2013 \u0438\u043d\u0442\u0435\u0440\u043d\u0435\u0442-\u043c\u0430\u0433\u0430\u0437\u0438\u043d \u0441\u0435\u0440\u0442\u0438\u0444\u0438\u0446\u0438\u0440\u043e\u0432\u0430\u043d\u043d\u043e\u0439 \u043a\u043e\u0441\u043c\u0435\u0442\u0438\u043a\u0438.\",\"breadcrumb\":{\"@id\":\"https:\/\/malinacosmetics.com\/product\/medi-peel-bor-tox-peptide-ampoule2\/#breadcrumb\"},\"inLanguage\":\"sr-RS\",\"potentialAction\":[{\"@type\":\"ReadAction\",\"target\":[\"https:\/\/malinacosmetics.com\/product\/medi-peel-bor-tox-peptide-ampoule2\/\"]}]},{\"@type\":\"BreadcrumbList\",\"@id\":\"https:\/\/malinacosmetics.com\/product\/medi-peel-bor-tox-peptide-ampoule2\/#breadcrumb\",\"itemListElement\":[{\"@type\":\"ListItem\",\"position\":1,\"name\":\"\u0413\u043b\u0430\u0432\u043d\u0430\u044f \u0441\u0442\u0440\u0430\u043d\u0438\u0446\u0430\",\"item\":\"https:\/\/malinacosmetics.com\/\"},{\"@type\":\"ListItem\",\"position\":2,\"name\":\"\u041a\u0430\u0442\u0430\u043b\u043e\u0433\",\"item\":\"https:\/\/malinacosmetics.com\/sr\/shop\/\"},{\"@type\":\"ListItem\",\"position\":3,\"name\":\"Medi-Peel Bor-Tox Peptide Ampoule\"}]},{\"@type\":\"WebSite\",\"@id\":\"https:\/\/malinacosmetics.com\/#website\",\"url\":\"https:\/\/malinacosmetics.com\/\",\"name\":\"Malina Beauty Store\",\"description\":\"Prodaja korejske kozmetike za Crnu Goru\",\"publisher\":{\"@id\":\"https:\/\/malinacosmetics.com\/#organization\"},\"potentialAction\":[{\"@type\":\"SearchAction\",\"target\":{\"@type\":\"EntryPoint\",\"urlTemplate\":\"https:\/\/malinacosmetics.com\/?s={search_term_string}\"},\"query-input\":\"required name=search_term_string\"}],\"inLanguage\":\"sr-RS\"},{\"@type\":\"Organization\",\"@id\":\"https:\/\/malinacosmetics.com\/#organization\",\"name\":\"malinacosmetics\",\"url\":\"https:\/\/malinacosmetics.com\/\",\"logo\":{\"@type\":\"ImageObject\",\"inLanguage\":\"sr-RS\",\"@id\":\"https:\/\/malinacosmetics.com\/#\/schema\/logo\/image\/\",\"url\":\"https:\/\/malinacosmetics.com\/wp-content\/uploads\/2021\/07\/logo.png\",\"contentUrl\":\"https:\/\/malinacosmetics.com\/wp-content\/uploads\/2021\/07\/logo.png\",\"width\":500,\"height\":353,\"caption\":\"malinacosmetics\"},\"image\":{\"@id\":\"https:\/\/malinacosmetics.com\/#\/schema\/logo\/image\/\"},\"sameAs\":[\"https:\/\/www.facebook.com\/MalinaBeautyShopMe\/\"]}]}<\/script>\n<meta property=\"product:brand\" content=\"simple\" \/>\n<meta property=\"product:price:amount\" content=\"32.00\" \/>\n<meta property=\"product:price:currency\" content=\"EUR\" \/>\n<meta property=\"og:availability\" content=\"instock\" \/>\n<meta property=\"product:availability\" content=\"instock\" \/>\n<meta property=\"product:condition\" content=\"new\" \/>\n<!-- \/ Yoast SEO Premium plugin. -->","yoast_head_json":{"title":"Medi-Peel Bor-Tox Peptide Ampoule - Malina Beauty Store","description":"\u041b\u0438\u0444\u0442\u0438\u043d\u0433-\u0430\u043c\u043f\u0443\u043b\u0430 \u0441 \u043f\u0435\u043f\u0442\u0438\u0434\u043d\u044b\u043c \u043a\u043e\u043c\u043f\u043b\u0435\u043a\u0441\u043e\u043c Medi-Peel Bor-Tox Peptide Ampoule. Malina Beauty store \u2013 \u0438\u043d\u0442\u0435\u0440\u043d\u0435\u0442-\u043c\u0430\u0433\u0430\u0437\u0438\u043d \u0441\u0435\u0440\u0442\u0438\u0444\u0438\u0446\u0438\u0440\u043e\u0432\u0430\u043d\u043d\u043e\u0439 \u043a\u043e\u0441\u043c\u0435\u0442\u0438\u043a\u0438.","robots":{"index":"index","follow":"follow","max-snippet":"max-snippet:-1","max-image-preview":"max-image-preview:large","max-video-preview":"max-video-preview:-1"},"canonical":"https:\/\/malinacosmetics.com\/sr\/\u043f\u0440\u043e\u0438\u0437\u0432\u043e\u0434\/medi-peel-bor-tox-peptide-ampoule2\/","og_locale":"sr_RS","og_type":"article","og_title":"Medi-Peel Bor-Tox Peptide Ampoule","og_description":"\u041b\u0438\u0444\u0442\u0438\u043d\u0433-\u0430\u043c\u043f\u0443\u043b\u0430 \u0441 \u043f\u0435\u043f\u0442\u0438\u0434\u043d\u044b\u043c \u043a\u043e\u043c\u043f\u043b\u0435\u043a\u0441\u043e\u043c Medi-Peel Bor-Tox Peptide Ampoule. Malina Beauty store \u2013 \u0438\u043d\u0442\u0435\u0440\u043d\u0435\u0442-\u043c\u0430\u0433\u0430\u0437\u0438\u043d \u0441\u0435\u0440\u0442\u0438\u0444\u0438\u0446\u0438\u0440\u043e\u0432\u0430\u043d\u043d\u043e\u0439 \u043a\u043e\u0441\u043c\u0435\u0442\u0438\u043a\u0438.","og_url":"https:\/\/malinacosmetics.com\/sr\/\u043f\u0440\u043e\u0438\u0437\u0432\u043e\u0434\/medi-peel-bor-tox-peptide-ampoule2\/","og_site_name":"Malina Beauty Store","article_publisher":"https:\/\/www.facebook.com\/MalinaBeautyShopMe\/","article_modified_time":"2026-03-14T15:44:48+00:00","og_image":[{"width":800,"height":800,"url":"https:\/\/malinacosmetics.com\/wp-content\/uploads\/2021\/08\/Bor-Tox-Ampoule.jpg","type":"image\/jpeg"}],"twitter_card":"summary_large_image","schema":{"@context":"https:\/\/schema.org","@graph":[{"@type":["WebPage","ItemPage"],"@id":"https:\/\/malinacosmetics.com\/product\/medi-peel-bor-tox-peptide-ampoule2\/","url":"https:\/\/malinacosmetics.com\/product\/medi-peel-bor-tox-peptide-ampoule2\/","name":"Medi-Peel Bor-Tox Peptide Ampoule - Malina Beauty Store","isPartOf":{"@id":"https:\/\/malinacosmetics.com\/#website"},"datePublished":"2021-08-27T13:59:50+00:00","dateModified":"2026-03-14T15:44:48+00:00","description":"\u041b\u0438\u0444\u0442\u0438\u043d\u0433-\u0430\u043c\u043f\u0443\u043b\u0430 \u0441 \u043f\u0435\u043f\u0442\u0438\u0434\u043d\u044b\u043c \u043a\u043e\u043c\u043f\u043b\u0435\u043a\u0441\u043e\u043c Medi-Peel Bor-Tox Peptide Ampoule. Malina Beauty store \u2013 \u0438\u043d\u0442\u0435\u0440\u043d\u0435\u0442-\u043c\u0430\u0433\u0430\u0437\u0438\u043d \u0441\u0435\u0440\u0442\u0438\u0444\u0438\u0446\u0438\u0440\u043e\u0432\u0430\u043d\u043d\u043e\u0439 \u043a\u043e\u0441\u043c\u0435\u0442\u0438\u043a\u0438.","breadcrumb":{"@id":"https:\/\/malinacosmetics.com\/product\/medi-peel-bor-tox-peptide-ampoule2\/#breadcrumb"},"inLanguage":"sr-RS","potentialAction":[{"@type":"ReadAction","target":["https:\/\/malinacosmetics.com\/product\/medi-peel-bor-tox-peptide-ampoule2\/"]}]},{"@type":"BreadcrumbList","@id":"https:\/\/malinacosmetics.com\/product\/medi-peel-bor-tox-peptide-ampoule2\/#breadcrumb","itemListElement":[{"@type":"ListItem","position":1,"name":"\u0413\u043b\u0430\u0432\u043d\u0430\u044f \u0441\u0442\u0440\u0430\u043d\u0438\u0446\u0430","item":"https:\/\/malinacosmetics.com\/"},{"@type":"ListItem","position":2,"name":"\u041a\u0430\u0442\u0430\u043b\u043e\u0433","item":"https:\/\/malinacosmetics.com\/sr\/shop\/"},{"@type":"ListItem","position":3,"name":"Medi-Peel Bor-Tox Peptide Ampoule"}]},{"@type":"WebSite","@id":"https:\/\/malinacosmetics.com\/#website","url":"https:\/\/malinacosmetics.com\/","name":"Malina Beauty Store","description":"Prodaja korejske kozmetike za Crnu Goru","publisher":{"@id":"https:\/\/malinacosmetics.com\/#organization"},"potentialAction":[{"@type":"SearchAction","target":{"@type":"EntryPoint","urlTemplate":"https:\/\/malinacosmetics.com\/?s={search_term_string}"},"query-input":"required name=search_term_string"}],"inLanguage":"sr-RS"},{"@type":"Organization","@id":"https:\/\/malinacosmetics.com\/#organization","name":"malinacosmetics","url":"https:\/\/malinacosmetics.com\/","logo":{"@type":"ImageObject","inLanguage":"sr-RS","@id":"https:\/\/malinacosmetics.com\/#\/schema\/logo\/image\/","url":"https:\/\/malinacosmetics.com\/wp-content\/uploads\/2021\/07\/logo.png","contentUrl":"https:\/\/malinacosmetics.com\/wp-content\/uploads\/2021\/07\/logo.png","width":500,"height":353,"caption":"malinacosmetics"},"image":{"@id":"https:\/\/malinacosmetics.com\/#\/schema\/logo\/image\/"},"sameAs":["https:\/\/www.facebook.com\/MalinaBeautyShopMe\/"]}]},"product_brand":"simple","product_price_amount":"32.00","product_price_currency":"EUR","og_availability":"instock","product_availability":"instock","product_condition":"new"},"jetpack_sharing_enabled":true,"_links":{"self":[{"href":"https:\/\/malinacosmetics.com\/sr\/wp-json\/wp\/v2\/product\/1898","targetHints":{"allow":["GET"]}}],"collection":[{"href":"https:\/\/malinacosmetics.com\/sr\/wp-json\/wp\/v2\/product"}],"about":[{"href":"https:\/\/malinacosmetics.com\/sr\/wp-json\/wp\/v2\/types\/product"}],"wp:featuredmedia":[{"embeddable":true,"href":"https:\/\/malinacosmetics.com\/sr\/wp-json\/wp\/v2\/media\/5839"}],"wp:attachment":[{"href":"https:\/\/malinacosmetics.com\/sr\/wp-json\/wp\/v2\/media?parent=1898"}],"wp:term":[{"taxonomy":"product_brand","embeddable":true,"href":"https:\/\/malinacosmetics.com\/sr\/wp-json\/wp\/v2\/product_brand?post=1898"},{"taxonomy":"product_cat","embeddable":true,"href":"https:\/\/malinacosmetics.com\/sr\/wp-json\/wp\/v2\/product_cat?post=1898"},{"taxonomy":"product_tag","embeddable":true,"href":"https:\/\/malinacosmetics.com\/sr\/wp-json\/wp\/v2\/product_tag?post=1898"}],"curies":[{"name":"wp","href":"https:\/\/api.w.org\/{rel}","templated":true}]}}